{"id":23531,"date":"2021-04-20T07:00:26","date_gmt":"2021-04-20T05:00:26","guid":{"rendered":"https:\/\/atdb-production.studiograft.dev\/es\/?post_type=product&#038;p=23531"},"modified":"2026-02-19T15:00:02","modified_gmt":"2026-02-19T14:00:02","slug":"up-4s","status":"publish","type":"product","link":"https:\/\/distribution.audio-technica.eu\/es-es\/productos\/up-4s\/","title":{"rendered":"Up 4S"},"content":{"rendered":"<h2>Up 4S<\/h2>\n<h3>Altavoz pasivo dos v\u00edas 4&#8243; para techo poco profundo, gama completa<\/h3>\n<p>Up 4S es un discreto altavoz pasivo de techo de 2 v\u00edas, 4&#8243;, que proporciona una cobertura uniforme y un sonido con toda la gama de frecuencias para una gran cantidad de entornos comerciales preocupados por los costes, desde hoteles y vest\u00edbulos a tiendas, bares y restaurantes.<\/p>\n<p>Up 4S incorpora un altavoz de graves de 4\u201d (105mm) asociado a un tweeter de 0,7\u201d (20 mm) con c\u00fapula de seda. Ideal para la reproducci\u00f3n tanto de m\u00fasica como de locuciones.<\/p>\n<p>El amplio patr\u00f3n de cobertura c\u00f3nico de 150\u00b0 que presenta el Up 4S lo hace especialmente adecuado para su uso en zonas de techos bajos y reduce el n\u00famero de altavoces necesario para obtener una cobertura uniforme, adem\u00e1s de propiciar una reducci\u00f3n en el coste de la instalaci\u00f3n. Dispone de un recinto posterior de acero de poco profundidad que facilita su instalaci\u00f3n en falsos techos de escasa altura. Incluye tambi\u00e9n un sistema de fijaci\u00f3n integrado, que permite una instalaci\u00f3n simple y limpia. Up 4S dispone de recinto posterior de acero, rejilla perforada y se presenta acabado en blanco neutro.<\/p>\n<p>Up 4S puede trabajar con amplificaci\u00f3n de baja impedancia o con l\u00edneas de 70 V 0 100 V; su transformador integrado ofrece diversas tomas de potencia, que permiten control del nivel altavoz por altavoz. Todas las tomas son accesibles a trav\u00e9s del baffle frontal, y solo es necesario retirar la rejilla.<\/p>\n<p>La serie SmartAmp\u202fproporcionar\u00e1 los ajustes \u00f3ptimos de sonido, as\u00ed como limitadores para proteger los transductores cuando se trabaja con elevados niveles de sonido. Adem\u00e1s, el uso de\u202fZonePad\u202fy WebApp permitir\u00e1 que el ajuste y control del sistema por parte del usuario final resulte simple e intuitivo.<\/p>\n<p>Up es una serie que incluye altavoces pasivos destinados a ser montados en techos, y que ofrecen una cobertura uniforme y un sonido brillante y claro para a una amplia gama de entornos comerciales conscientes de los costos, desde hoteles y vest\u00edbulos hasta puntos de venta, bares y restaurantes.<\/p>\n<p>Estos altavoces para techo est\u00e1n acabados en blanco neutro, e incluyen un sistema integral de fijaci\u00f3n que permite una instalaci\u00f3n simple y limpia.<\/p>\n<p>&nbsp;<\/p>\n<p><strong>Caracter\u00edsticas Principales<\/strong><\/p>\n<ul>\n<li>Altavoz coaxial de 4\u201d<\/li>\n<li>Tama\u00f1o compacto con cubierta trasera<\/li>\n<li>Dise\u00f1o discreto<\/li>\n<li>Crossover pasivo de 2 v\u00edas<\/li>\n<li>Respuesta en graves ampliada<\/li>\n<li>Varias tomas de potencia<\/li>\n<li>Funcionamiento a 8 ohm o l\u00ednea de 70 V\/100 V<\/li>\n<li>Cobertura c\u00f3nica que simplifica el dise\u00f1o del sistema<\/li>\n<li>Soportes de montaje integrado<\/li>\n<li>Los SmartAmps y los productos Zone de Optimal Audio incluyen presets para Up 4S<\/li>\n<\/ul>\n<p>&nbsp;<\/p>\n<p><strong>Aplicaciones<\/strong><\/p>\n<p>Caf\u00e9s, bares\/restaurantes, comercios, salas para banquetes, hoteles, educaci\u00f3n, templos, oficinas corporativas, museos, gimnasios, residencial<\/p>\n","protected":false},"excerpt":{"rendered":"<h3>Altavoz pasivo dos v\u00edas 4&#8243; para techo poco profundo, gama completa<\/h3>\n<ul>\n<li>Altavoz coaxial de 4\u201d<\/li>\n<li>Tama\u00f1o compacto con cubierta trasera<\/li>\n<li>Dise\u00f1o discreto<\/li>\n<li>Crossover pasivo de 2 v\u00edas<\/li>\n<li>Respuesta en graves ampliada<\/li>\n<li>Varias tomas de potencia<\/li>\n<li>Funcionamiento a 8 ohm o l\u00ednea de 70 V\/100 V<\/li>\n<\/ul>\n<p>&nbsp;<\/p>\n","protected":false},"featured_media":23693,"template":"","meta":{"_acf_changed":false},"product_brand":[],"product_cat":[2280,2281,2287],"product_tag":[],"class_list":{"0":"post-23531","1":"product","2":"type-product","3":"status-publish","4":"has-post-thumbnail","6":"product_cat-recintos-acusticos-optimal-audio","7":"product_cat-por-series-optimal-audio","8":"product_cat-serie-up","9":"product_series-serie-up","11":"first","12":"instock","13":"shipping-taxable","14":"product-type-simple"},"acf":[],"yoast_head":"<!-- This site is optimized with the Yoast SEO plugin v27.1.1 - https:\/\/yoast.com\/product\/yoast-seo-wordpress\/ -->\n<title>Up 4S - Audio-Technica Iberia<\/title>\n<meta name=\"robots\" content=\"index, follow, max-snippet:-1, max-image-preview:large, max-video-preview:-1\" \/>\n<link rel=\"canonical\" href=\"https:\/\/distribution.audio-technica.eu\/es-es\/productos\/up-4s\/\" \/>\n<meta property=\"og:locale\" content=\"es_ES\" \/>\n<meta property=\"og:type\" content=\"article\" \/>\n<meta property=\"og:title\" content=\"Up 4S - Audio-Technica Iberia\" \/>\n<meta property=\"og:description\" content=\"Altavoz pasivo dos v\u00edas 4&quot; para techo poco profundo, gama completa   Altavoz coaxial de 4\u201d  Tama\u00f1o compacto con cubierta trasera  Dise\u00f1o discreto  Crossover pasivo de 2 v\u00edas  Respuesta en graves ampliada  Varias tomas de potencia  Funcionamiento a 8 ohm o l\u00ednea de 70 V\/100 V  &nbsp;\" \/>\n<meta property=\"og:url\" content=\"https:\/\/distribution.audio-technica.eu\/es-es\/productos\/up-4s\/\" \/>\n<meta property=\"og:site_name\" content=\"Audio-Technica Iberia\" \/>\n<meta property=\"article:modified_time\" content=\"2026-02-19T14:00:02+00:00\" \/>\n<meta property=\"og:image\" content=\"https:\/\/distribution.audio-technica.eu\/app\/uploads\/sites\/2\/OA-Up-4S-Front-Cutout.jpg\" \/>\n\t<meta property=\"og:image:width\" content=\"2000\" \/>\n\t<meta property=\"og:image:height\" content=\"2000\" \/>\n\t<meta property=\"og:image:type\" content=\"image\/jpeg\" \/>\n<meta name=\"twitter:card\" content=\"summary_large_image\" \/>\n<meta name=\"twitter:label1\" content=\"Tiempo de lectura\" \/>\n\t<meta name=\"twitter:data1\" content=\"3 minutos\" \/>\n<script type=\"application\/ld+json\" class=\"yoast-schema-graph\">{\"@context\":\"https:\/\/schema.org\",\"@graph\":[{\"@type\":\"WebPage\",\"@id\":\"https:\/\/distribution.audio-technica.eu\/es-es\/productos\/up-4s\/\",\"url\":\"https:\/\/distribution.audio-technica.eu\/es-es\/productos\/up-4s\/\",\"name\":\"Up 4S - Audio-Technica Iberia\",\"isPartOf\":{\"@id\":\"https:\/\/distribution.audio-technica.eu\/es-es\/#website\"},\"primaryImageOfPage\":{\"@id\":\"https:\/\/distribution.audio-technica.eu\/es-es\/productos\/up-4s\/#primaryimage\"},\"image\":{\"@id\":\"https:\/\/distribution.audio-technica.eu\/es-es\/productos\/up-4s\/#primaryimage\"},\"thumbnailUrl\":\"\/app\/uploads\/sites\/2\/OA-Up-4S-Front-Cutout.jpg\",\"datePublished\":\"2021-04-20T05:00:26+00:00\",\"dateModified\":\"2026-02-19T14:00:02+00:00\",\"breadcrumb\":{\"@id\":\"https:\/\/distribution.audio-technica.eu\/es-es\/productos\/up-4s\/#breadcrumb\"},\"inLanguage\":\"es\",\"potentialAction\":[{\"@type\":\"ReadAction\",\"target\":[\"https:\/\/distribution.audio-technica.eu\/es-es\/productos\/up-4s\/\"]}]},{\"@type\":\"ImageObject\",\"inLanguage\":\"es\",\"@id\":\"https:\/\/distribution.audio-technica.eu\/es-es\/productos\/up-4s\/#primaryimage\",\"url\":\"\/app\/uploads\/sites\/2\/OA-Up-4S-Front-Cutout.jpg\",\"contentUrl\":\"\/app\/uploads\/sites\/2\/OA-Up-4S-Front-Cutout.jpg\",\"width\":2000,\"height\":2000},{\"@type\":\"BreadcrumbList\",\"@id\":\"https:\/\/distribution.audio-technica.eu\/es-es\/productos\/up-4s\/#breadcrumb\",\"itemListElement\":[{\"@type\":\"ListItem\",\"position\":1,\"name\":\"Products\",\"item\":\"https:\/\/distribution.audio-technica.eu\/es-es\/\"},{\"@type\":\"ListItem\",\"position\":2,\"name\":\"Productos\",\"item\":\"https:\/\/distribution.audio-technica.eu\/es-es\/productos\/\"},{\"@type\":\"ListItem\",\"position\":3,\"name\":\"Up 4S\"}]},{\"@type\":\"WebSite\",\"@id\":\"https:\/\/distribution.audio-technica.eu\/es-es\/#website\",\"url\":\"https:\/\/distribution.audio-technica.eu\/es-es\/\",\"name\":\"Audio-Technica Iberia\",\"description\":\"Distribuci\u00f3n\",\"potentialAction\":[{\"@type\":\"SearchAction\",\"target\":{\"@type\":\"EntryPoint\",\"urlTemplate\":\"https:\/\/distribution.audio-technica.eu\/es-es\/?s={search_term_string}\"},\"query-input\":{\"@type\":\"PropertyValueSpecification\",\"valueRequired\":true,\"valueName\":\"search_term_string\"}}],\"inLanguage\":\"es\"}]}<\/script>\n<!-- \/ Yoast SEO plugin. -->","yoast_head_json":{"title":"Up 4S - Audio-Technica Iberia","robots":{"index":"index","follow":"follow","max-snippet":"max-snippet:-1","max-image-preview":"max-image-preview:large","max-video-preview":"max-video-preview:-1"},"canonical":"https:\/\/distribution.audio-technica.eu\/es-es\/productos\/up-4s\/","og_locale":"es_ES","og_type":"article","og_title":"Up 4S - Audio-Technica Iberia","og_description":"Altavoz pasivo dos v\u00edas 4\" para techo poco profundo, gama completa   Altavoz coaxial de 4\u201d  Tama\u00f1o compacto con cubierta trasera  Dise\u00f1o discreto  Crossover pasivo de 2 v\u00edas  Respuesta en graves ampliada  Varias tomas de potencia  Funcionamiento a 8 ohm o l\u00ednea de 70 V\/100 V  &nbsp;","og_url":"https:\/\/distribution.audio-technica.eu\/es-es\/productos\/up-4s\/","og_site_name":"Audio-Technica Iberia","article_modified_time":"2026-02-19T14:00:02+00:00","og_image":[{"width":2000,"height":2000,"url":"https:\/\/distribution.audio-technica.eu\/app\/uploads\/sites\/2\/OA-Up-4S-Front-Cutout.jpg","type":"image\/jpeg"}],"twitter_card":"summary_large_image","twitter_misc":{"Tiempo de lectura":"3 minutos"},"schema":{"@context":"https:\/\/schema.org","@graph":[{"@type":"WebPage","@id":"https:\/\/distribution.audio-technica.eu\/es-es\/productos\/up-4s\/","url":"https:\/\/distribution.audio-technica.eu\/es-es\/productos\/up-4s\/","name":"Up 4S - Audio-Technica Iberia","isPartOf":{"@id":"https:\/\/distribution.audio-technica.eu\/es-es\/#website"},"primaryImageOfPage":{"@id":"https:\/\/distribution.audio-technica.eu\/es-es\/productos\/up-4s\/#primaryimage"},"image":{"@id":"https:\/\/distribution.audio-technica.eu\/es-es\/productos\/up-4s\/#primaryimage"},"thumbnailUrl":"\/app\/uploads\/sites\/2\/OA-Up-4S-Front-Cutout.jpg","datePublished":"2021-04-20T05:00:26+00:00","dateModified":"2026-02-19T14:00:02+00:00","breadcrumb":{"@id":"https:\/\/distribution.audio-technica.eu\/es-es\/productos\/up-4s\/#breadcrumb"},"inLanguage":"es","potentialAction":[{"@type":"ReadAction","target":["https:\/\/distribution.audio-technica.eu\/es-es\/productos\/up-4s\/"]}]},{"@type":"ImageObject","inLanguage":"es","@id":"https:\/\/distribution.audio-technica.eu\/es-es\/productos\/up-4s\/#primaryimage","url":"\/app\/uploads\/sites\/2\/OA-Up-4S-Front-Cutout.jpg","contentUrl":"\/app\/uploads\/sites\/2\/OA-Up-4S-Front-Cutout.jpg","width":2000,"height":2000},{"@type":"BreadcrumbList","@id":"https:\/\/distribution.audio-technica.eu\/es-es\/productos\/up-4s\/#breadcrumb","itemListElement":[{"@type":"ListItem","position":1,"name":"Products","item":"https:\/\/distribution.audio-technica.eu\/es-es\/"},{"@type":"ListItem","position":2,"name":"Productos","item":"https:\/\/distribution.audio-technica.eu\/es-es\/productos\/"},{"@type":"ListItem","position":3,"name":"Up 4S"}]},{"@type":"WebSite","@id":"https:\/\/distribution.audio-technica.eu\/es-es\/#website","url":"https:\/\/distribution.audio-technica.eu\/es-es\/","name":"Audio-Technica Iberia","description":"Distribuci\u00f3n","potentialAction":[{"@type":"SearchAction","target":{"@type":"EntryPoint","urlTemplate":"https:\/\/distribution.audio-technica.eu\/es-es\/?s={search_term_string}"},"query-input":{"@type":"PropertyValueSpecification","valueRequired":true,"valueName":"search_term_string"}}],"inLanguage":"es"}]}},"_links":{"self":[{"href":"https:\/\/distribution.audio-technica.eu\/es-es\/wp-json\/wp\/v2\/product\/23531","targetHints":{"allow":["GET"]}}],"collection":[{"href":"https:\/\/distribution.audio-technica.eu\/es-es\/wp-json\/wp\/v2\/product"}],"about":[{"href":"https:\/\/distribution.audio-technica.eu\/es-es\/wp-json\/wp\/v2\/types\/product"}],"wp:featuredmedia":[{"embeddable":true,"href":"https:\/\/distribution.audio-technica.eu\/es-es\/wp-json\/wp\/v2\/media\/23693"}],"wp:attachment":[{"href":"https:\/\/distribution.audio-technica.eu\/es-es\/wp-json\/wp\/v2\/media?parent=23531"}],"wp:term":[{"taxonomy":"product_brand","embeddable":true,"href":"https:\/\/distribution.audio-technica.eu\/es-es\/wp-json\/wp\/v2\/product_brand?post=23531"},{"taxonomy":"product_cat","embeddable":true,"href":"https:\/\/distribution.audio-technica.eu\/es-es\/wp-json\/wp\/v2\/product_cat?post=23531"},{"taxonomy":"product_tag","embeddable":true,"href":"https:\/\/distribution.audio-technica.eu\/es-es\/wp-json\/wp\/v2\/product_tag?post=23531"}],"curies":[{"name":"wp","href":"https:\/\/api.w.org\/{rel}","templated":true}]}}