{"id":23533,"date":"2021-04-20T07:00:04","date_gmt":"2021-04-20T05:00:04","guid":{"rendered":"https:\/\/atdb-production.studiograft.dev\/es\/?post_type=product&#038;p=23533"},"modified":"2026-02-19T15:00:12","modified_gmt":"2026-02-19T14:00:12","slug":"up-6","status":"publish","type":"product","link":"https:\/\/distribution.audio-technica.eu\/es-es\/productos\/up-6\/","title":{"rendered":"Up 6"},"content":{"rendered":"<h2>Up 6<\/h2>\n<h3>Altavoz pasivo dos v\u00edas para techo, 6&#8243;, gama completa<\/h3>\n<p>Up 6 es un altavoz pasivo de 6&#8243; para techos, sin compromisos, que proporciona una cobertura constante y un sonido con toda la gama de frecuencias para una amplia gama de instalaciones comerciales preocupadas por los costes, y que necesitan disponer de elevados niveles de presi\u00f3n sonora, desde hoteles a vest\u00edbulos, hasta tiendas, bares y restaurantes.<\/p>\n<p>Up 6 incorpora un sistema de fijaci\u00f3n integral, que permite realizar una instalaci\u00f3n simple y limpia, una rejilla perforada de acero y se presenta acabado en blanco neutro.<\/p>\n<p>Up 6 incorpora un transductor de graves de 6&#8243; (162mm) emparejado con un tweeter de 0.7&#8243; (20mm) con c\u00fapula met\u00e1lica. Su car\u00e1cter sonoro de alta fidelidad lo convierte en una soluci\u00f3n ideal para la reproducci\u00f3n tanto de m\u00fasica como de locuciones. Su patr\u00f3n de cobertura c\u00f3nico de 110\u00b0 proporciona un sonido coherente en cualquier punto.<\/p>\n<p>Up 6 puede trabajar con baja impedancia de 16 ohm, permitiendo la conexi\u00f3n en un \u00fanico canal de amplificaci\u00f3n de hasta cuatro altavoces en paralelo, haciendo posible una instalaci\u00f3n m\u00e1s eficiente. Si se trabaja con amplificaci\u00f3n de l\u00ednea de 70 V o 100 V, el transformador que incorpora dispone de diversas tomas de potencia, permitiendo que los niveles puedan ser controlados altavoz por altavoz. Todas estas tomas son accesibles a trav\u00e9s del baffle frontal, simplemente retirando la rejilla.<\/p>\n<p>La serie SmartAmp\u202fproporcionar\u00e1 los ajustes \u00f3ptimos de sonido, as\u00ed como limitadores para proteger los transductores cuando se trabaja con elevados niveles de sonido. Adem\u00e1s, el uso de\u202fZonePad\u202fy WebApp permitir\u00e1 que el ajuste y control del sistema por parte del usuario final resulte simple e intuitivo.<\/p>\n<p>Up es una serie que incluye altavoces pasivos destinados a ser montados en techos, y que ofrecen una cobertura uniforme y un sonido brillante y claro para a una amplia gama de entornos comerciales conscientes de los costos, desde hoteles y vest\u00edbulos hasta puntos de venta, bares y restaurantes.<\/p>\n<p>Estos altavoces para techo est\u00e1n acabados en blanco neutro, e incluyen un sistema integral de fijaci\u00f3n que permite una instalaci\u00f3n simple y limpia.<\/p>\n<p>&nbsp;<\/p>\n<p><strong>Caracter\u00edsticas Principales<\/strong><\/p>\n<ul>\n<li>Transductor LF m\u00e1s grande para obtener m\u00e1s graves<\/li>\n<li>Dise\u00f1o discreto<\/li>\n<li>Tama\u00f1o compacto<\/li>\n<li>Nivel de salida muy alto para un altavoz de techo<\/li>\n<li>Funcionamiento a 8 ohm o l\u00ednea de 70 V\/100 V<\/li>\n<li>Cobertura c\u00f3nica que simplifica el dise\u00f1o del sistema<\/li>\n<li>Soporte de montaje integrado<\/li>\n<li>Ideal para reproducci\u00f3n de m\u00fasica a nivel elevado<\/li>\n<li>Los SmartAmps y los productos Zone de Optimal Audio incluyen presets para Up 6<\/li>\n<\/ul>\n<p>&nbsp;<\/p>\n<p><strong>Aplicaciones<\/strong><\/p>\n<p>Caf\u00e9s, bares\/restaurantes, comercios, salas para banquetes, hoteles, educaci\u00f3n, templos, oficinas corporativas, museos, gimnasios, residencial<\/p>\n","protected":false},"excerpt":{"rendered":"<h3>Altavoz pasivo dos v\u00edas para techo, 6&#8243;, gama completa<\/h3>\n<ul>\n<li>Transductor LF m\u00e1s grande para obtener m\u00e1s graves<\/li>\n<li>Dise\u00f1o discreto<\/li>\n<li>Nivel de salida muy alto para un altavoz de techo<\/li>\n<li>Funcionamiento a 8 ohm o l\u00ednea de 70 V\/100 V<\/li>\n<li>Soporte de montaje integrado<\/li>\n<li>Ideal para reproducci\u00f3n de m\u00fasica a nivel elevado<\/li>\n<\/ul>\n<p>&nbsp;<\/p>\n","protected":false},"featured_media":23697,"template":"","meta":{"_acf_changed":false},"product_brand":[],"product_cat":[2280,2281,2287],"product_tag":[],"class_list":{"0":"post-23533","1":"product","2":"type-product","3":"status-publish","4":"has-post-thumbnail","6":"product_cat-recintos-acusticos-optimal-audio","7":"product_cat-por-series-optimal-audio","8":"product_cat-serie-up","9":"product_series-serie-up","11":"first","12":"instock","13":"shipping-taxable","14":"product-type-simple"},"acf":[],"yoast_head":"<!-- This site is optimized with the Yoast SEO plugin v27.1.1 - https:\/\/yoast.com\/product\/yoast-seo-wordpress\/ -->\n<title>Up 6 - Audio-Technica Iberia<\/title>\n<meta name=\"robots\" content=\"index, follow, max-snippet:-1, max-image-preview:large, max-video-preview:-1\" \/>\n<link rel=\"canonical\" href=\"https:\/\/distribution.audio-technica.eu\/es-es\/productos\/up-6\/\" \/>\n<meta property=\"og:locale\" content=\"es_ES\" \/>\n<meta property=\"og:type\" content=\"article\" \/>\n<meta property=\"og:title\" content=\"Up 6 - Audio-Technica Iberia\" \/>\n<meta property=\"og:description\" content=\"Altavoz pasivo dos v\u00edas para techo, 6&quot;, gama completa   Transductor LF m\u00e1s grande para obtener m\u00e1s graves  Dise\u00f1o discreto  Nivel de salida muy alto para un altavoz de techo  Funcionamiento a 8 ohm o l\u00ednea de 70 V\/100 V  Soporte de montaje integrado  Ideal para reproducci\u00f3n de m\u00fasica a nivel elevado  &nbsp;\" \/>\n<meta property=\"og:url\" content=\"https:\/\/distribution.audio-technica.eu\/es-es\/productos\/up-6\/\" \/>\n<meta property=\"og:site_name\" content=\"Audio-Technica Iberia\" \/>\n<meta property=\"article:modified_time\" content=\"2026-02-19T14:00:12+00:00\" \/>\n<meta property=\"og:image\" content=\"https:\/\/distribution.audio-technica.eu\/app\/uploads\/sites\/2\/OA-Up-6-Front-Cutout.jpg\" \/>\n\t<meta property=\"og:image:width\" content=\"2000\" \/>\n\t<meta property=\"og:image:height\" content=\"2000\" \/>\n\t<meta property=\"og:image:type\" content=\"image\/jpeg\" \/>\n<meta name=\"twitter:card\" content=\"summary_large_image\" \/>\n<meta name=\"twitter:label1\" content=\"Tiempo de lectura\" \/>\n\t<meta name=\"twitter:data1\" content=\"3 minutos\" \/>\n<script type=\"application\/ld+json\" class=\"yoast-schema-graph\">{\"@context\":\"https:\/\/schema.org\",\"@graph\":[{\"@type\":\"WebPage\",\"@id\":\"https:\/\/distribution.audio-technica.eu\/es-es\/productos\/up-6\/\",\"url\":\"https:\/\/distribution.audio-technica.eu\/es-es\/productos\/up-6\/\",\"name\":\"Up 6 - Audio-Technica Iberia\",\"isPartOf\":{\"@id\":\"https:\/\/distribution.audio-technica.eu\/es-es\/#website\"},\"primaryImageOfPage\":{\"@id\":\"https:\/\/distribution.audio-technica.eu\/es-es\/productos\/up-6\/#primaryimage\"},\"image\":{\"@id\":\"https:\/\/distribution.audio-technica.eu\/es-es\/productos\/up-6\/#primaryimage\"},\"thumbnailUrl\":\"\/app\/uploads\/sites\/2\/OA-Up-6-Front-Cutout.jpg\",\"datePublished\":\"2021-04-20T05:00:04+00:00\",\"dateModified\":\"2026-02-19T14:00:12+00:00\",\"breadcrumb\":{\"@id\":\"https:\/\/distribution.audio-technica.eu\/es-es\/productos\/up-6\/#breadcrumb\"},\"inLanguage\":\"es\",\"potentialAction\":[{\"@type\":\"ReadAction\",\"target\":[\"https:\/\/distribution.audio-technica.eu\/es-es\/productos\/up-6\/\"]}]},{\"@type\":\"ImageObject\",\"inLanguage\":\"es\",\"@id\":\"https:\/\/distribution.audio-technica.eu\/es-es\/productos\/up-6\/#primaryimage\",\"url\":\"\/app\/uploads\/sites\/2\/OA-Up-6-Front-Cutout.jpg\",\"contentUrl\":\"\/app\/uploads\/sites\/2\/OA-Up-6-Front-Cutout.jpg\",\"width\":2000,\"height\":2000},{\"@type\":\"BreadcrumbList\",\"@id\":\"https:\/\/distribution.audio-technica.eu\/es-es\/productos\/up-6\/#breadcrumb\",\"itemListElement\":[{\"@type\":\"ListItem\",\"position\":1,\"name\":\"Products\",\"item\":\"https:\/\/distribution.audio-technica.eu\/es-es\/\"},{\"@type\":\"ListItem\",\"position\":2,\"name\":\"Productos\",\"item\":\"https:\/\/distribution.audio-technica.eu\/es-es\/productos\/\"},{\"@type\":\"ListItem\",\"position\":3,\"name\":\"Up 6\"}]},{\"@type\":\"WebSite\",\"@id\":\"https:\/\/distribution.audio-technica.eu\/es-es\/#website\",\"url\":\"https:\/\/distribution.audio-technica.eu\/es-es\/\",\"name\":\"Audio-Technica Iberia\",\"description\":\"Distribuci\u00f3n\",\"potentialAction\":[{\"@type\":\"SearchAction\",\"target\":{\"@type\":\"EntryPoint\",\"urlTemplate\":\"https:\/\/distribution.audio-technica.eu\/es-es\/?s={search_term_string}\"},\"query-input\":{\"@type\":\"PropertyValueSpecification\",\"valueRequired\":true,\"valueName\":\"search_term_string\"}}],\"inLanguage\":\"es\"}]}<\/script>\n<!-- \/ Yoast SEO plugin. -->","yoast_head_json":{"title":"Up 6 - Audio-Technica Iberia","robots":{"index":"index","follow":"follow","max-snippet":"max-snippet:-1","max-image-preview":"max-image-preview:large","max-video-preview":"max-video-preview:-1"},"canonical":"https:\/\/distribution.audio-technica.eu\/es-es\/productos\/up-6\/","og_locale":"es_ES","og_type":"article","og_title":"Up 6 - Audio-Technica Iberia","og_description":"Altavoz pasivo dos v\u00edas para techo, 6\", gama completa   Transductor LF m\u00e1s grande para obtener m\u00e1s graves  Dise\u00f1o discreto  Nivel de salida muy alto para un altavoz de techo  Funcionamiento a 8 ohm o l\u00ednea de 70 V\/100 V  Soporte de montaje integrado  Ideal para reproducci\u00f3n de m\u00fasica a nivel elevado  &nbsp;","og_url":"https:\/\/distribution.audio-technica.eu\/es-es\/productos\/up-6\/","og_site_name":"Audio-Technica Iberia","article_modified_time":"2026-02-19T14:00:12+00:00","og_image":[{"width":2000,"height":2000,"url":"https:\/\/distribution.audio-technica.eu\/app\/uploads\/sites\/2\/OA-Up-6-Front-Cutout.jpg","type":"image\/jpeg"}],"twitter_card":"summary_large_image","twitter_misc":{"Tiempo de lectura":"3 minutos"},"schema":{"@context":"https:\/\/schema.org","@graph":[{"@type":"WebPage","@id":"https:\/\/distribution.audio-technica.eu\/es-es\/productos\/up-6\/","url":"https:\/\/distribution.audio-technica.eu\/es-es\/productos\/up-6\/","name":"Up 6 - Audio-Technica Iberia","isPartOf":{"@id":"https:\/\/distribution.audio-technica.eu\/es-es\/#website"},"primaryImageOfPage":{"@id":"https:\/\/distribution.audio-technica.eu\/es-es\/productos\/up-6\/#primaryimage"},"image":{"@id":"https:\/\/distribution.audio-technica.eu\/es-es\/productos\/up-6\/#primaryimage"},"thumbnailUrl":"\/app\/uploads\/sites\/2\/OA-Up-6-Front-Cutout.jpg","datePublished":"2021-04-20T05:00:04+00:00","dateModified":"2026-02-19T14:00:12+00:00","breadcrumb":{"@id":"https:\/\/distribution.audio-technica.eu\/es-es\/productos\/up-6\/#breadcrumb"},"inLanguage":"es","potentialAction":[{"@type":"ReadAction","target":["https:\/\/distribution.audio-technica.eu\/es-es\/productos\/up-6\/"]}]},{"@type":"ImageObject","inLanguage":"es","@id":"https:\/\/distribution.audio-technica.eu\/es-es\/productos\/up-6\/#primaryimage","url":"\/app\/uploads\/sites\/2\/OA-Up-6-Front-Cutout.jpg","contentUrl":"\/app\/uploads\/sites\/2\/OA-Up-6-Front-Cutout.jpg","width":2000,"height":2000},{"@type":"BreadcrumbList","@id":"https:\/\/distribution.audio-technica.eu\/es-es\/productos\/up-6\/#breadcrumb","itemListElement":[{"@type":"ListItem","position":1,"name":"Products","item":"https:\/\/distribution.audio-technica.eu\/es-es\/"},{"@type":"ListItem","position":2,"name":"Productos","item":"https:\/\/distribution.audio-technica.eu\/es-es\/productos\/"},{"@type":"ListItem","position":3,"name":"Up 6"}]},{"@type":"WebSite","@id":"https:\/\/distribution.audio-technica.eu\/es-es\/#website","url":"https:\/\/distribution.audio-technica.eu\/es-es\/","name":"Audio-Technica Iberia","description":"Distribuci\u00f3n","potentialAction":[{"@type":"SearchAction","target":{"@type":"EntryPoint","urlTemplate":"https:\/\/distribution.audio-technica.eu\/es-es\/?s={search_term_string}"},"query-input":{"@type":"PropertyValueSpecification","valueRequired":true,"valueName":"search_term_string"}}],"inLanguage":"es"}]}},"_links":{"self":[{"href":"https:\/\/distribution.audio-technica.eu\/es-es\/wp-json\/wp\/v2\/product\/23533","targetHints":{"allow":["GET"]}}],"collection":[{"href":"https:\/\/distribution.audio-technica.eu\/es-es\/wp-json\/wp\/v2\/product"}],"about":[{"href":"https:\/\/distribution.audio-technica.eu\/es-es\/wp-json\/wp\/v2\/types\/product"}],"wp:featuredmedia":[{"embeddable":true,"href":"https:\/\/distribution.audio-technica.eu\/es-es\/wp-json\/wp\/v2\/media\/23697"}],"wp:attachment":[{"href":"https:\/\/distribution.audio-technica.eu\/es-es\/wp-json\/wp\/v2\/media?parent=23533"}],"wp:term":[{"taxonomy":"product_brand","embeddable":true,"href":"https:\/\/distribution.audio-technica.eu\/es-es\/wp-json\/wp\/v2\/product_brand?post=23533"},{"taxonomy":"product_cat","embeddable":true,"href":"https:\/\/distribution.audio-technica.eu\/es-es\/wp-json\/wp\/v2\/product_cat?post=23533"},{"taxonomy":"product_tag","embeddable":true,"href":"https:\/\/distribution.audio-technica.eu\/es-es\/wp-json\/wp\/v2\/product_tag?post=23533"}],"curies":[{"name":"wp","href":"https:\/\/api.w.org\/{rel}","templated":true}]}}