{"id":23535,"date":"2021-04-20T07:00:36","date_gmt":"2021-04-20T05:00:36","guid":{"rendered":"https:\/\/atdb-production.studiograft.dev\/es\/?post_type=product&#038;p=23535"},"modified":"2026-02-19T14:54:02","modified_gmt":"2026-02-19T13:54:02","slug":"sub-15","status":"publish","type":"product","link":"https:\/\/distribution.audio-technica.eu\/es-es\/productos\/sub-15\/","title":{"rendered":"Sub 15"},"content":{"rendered":"<h2>Sub 15<\/h2>\n<h3>Recinto subgrave de 15&#8243;, de alta potencia<\/h3>\n<p>Sub 15 es un subgrave pasivo de 15&#8243;, compacto y de altas prestaciones, dise\u00f1ado para aplicaciones que requieren un gran impacto en la reproducci\u00f3n y rendimiento en los graves, en combinaci\u00f3n de la gama de altavoces de Optimal Audio.<\/p>\n<p>Su transductor de 15&#8243; (380mm) est\u00e1 instalado en un recinto bass r\u00e9flex construido con madera laminada que maximiza su rendimiento, con un SPL de pico de 135dB, al tiempo que ocupa un m\u00ednimo espacio. Sub 15 puede ser utilizado en el suelo o volado con la ayuda de los puntos de inserci\u00f3n M8 integrados.<\/p>\n<p>Una rejilla perforada resistente a los impactos se encarga de proteger al transductor, y unos pies de goma situados en su base evitan los movimientos. El recinto Sub 15 est\u00e1 construido con madera laminada y est\u00e1 acabado con pintura negra texturizada.<\/p>\n<p>La serie Sub ha sido dise\u00f1ada para ser utilizada en aquellas aplicaciones que precisan proporcionar un mayor impacto sonoro y rendimiento en graves a la gama de altavoces de Optimal Audio.<\/p>\n<p>Pueden ser instalados en el suelo, fijados a una pared o techo o volados.<\/p>\n<p>&nbsp;<\/p>\n<p><strong>Caracter\u00edsticas Principales<\/strong><\/p>\n<ul>\n<li>Tama\u00f1o compacto<\/li>\n<li>Potente subgrave con una respuesta que alcanza los 40Hz (-10dB)<\/li>\n<li>Gran capacidad de potencia<\/li>\n<\/ul>\n<p>&nbsp;<\/p>\n<p><strong>Aplicaciones<\/strong><\/p>\n<p>Caf\u00e9s, bares\/restaurantes, salones para banquetes, hoteles, centros educativos, templos, gimnasios<\/p>\n","protected":false},"excerpt":{"rendered":"<h3>Recinto subgrave de 15&#8243;, de alta potencia<\/h3>\n<ul>\n<li>Tama\u00f1o compacto<\/li>\n<li>Potente subgrave con una respuesta que alcanza los 40Hz (-10dB)<\/li>\n<li>Gran capacidad de potencia<\/li>\n<\/ul>\n","protected":false},"featured_media":23652,"template":"","meta":{"_acf_changed":false},"product_brand":[],"product_cat":[2280,2281,2288],"product_tag":[],"class_list":{"0":"post-23535","1":"product","2":"type-product","3":"status-publish","4":"has-post-thumbnail","6":"product_cat-recintos-acusticos-optimal-audio","7":"product_cat-por-series-optimal-audio","8":"product_cat-serie-sub","9":"product_series-serie-sub","11":"first","12":"instock","13":"shipping-taxable","14":"product-type-simple"},"acf":[],"yoast_head":"<!-- This site is optimized with the Yoast SEO plugin v27.1.1 - https:\/\/yoast.com\/product\/yoast-seo-wordpress\/ -->\n<title>Sub 15 - Audio-Technica Iberia<\/title>\n<meta name=\"robots\" content=\"index, follow, max-snippet:-1, max-image-preview:large, max-video-preview:-1\" \/>\n<link rel=\"canonical\" href=\"https:\/\/distribution.audio-technica.eu\/es-es\/productos\/sub-15\/\" \/>\n<meta property=\"og:locale\" content=\"es_ES\" \/>\n<meta property=\"og:type\" content=\"article\" \/>\n<meta property=\"og:title\" content=\"Sub 15 - Audio-Technica Iberia\" \/>\n<meta property=\"og:description\" content=\"Recinto subgrave de 15&quot;, de alta potencia   Tama\u00f1o compacto  Potente subgrave con una respuesta que alcanza los 40Hz (-10dB)  Gran capacidad de potencia\" \/>\n<meta property=\"og:url\" content=\"https:\/\/distribution.audio-technica.eu\/es-es\/productos\/sub-15\/\" \/>\n<meta property=\"og:site_name\" content=\"Audio-Technica Iberia\" \/>\n<meta property=\"article:modified_time\" content=\"2026-02-19T13:54:02+00:00\" \/>\n<meta property=\"og:image\" content=\"https:\/\/distribution.audio-technica.eu\/app\/uploads\/sites\/2\/OA-Sub-15-Front-Cutout.jpg\" \/>\n\t<meta property=\"og:image:width\" content=\"2000\" \/>\n\t<meta property=\"og:image:height\" content=\"2000\" \/>\n\t<meta property=\"og:image:type\" content=\"image\/jpeg\" \/>\n<meta name=\"twitter:card\" content=\"summary_large_image\" \/>\n<meta name=\"twitter:label1\" content=\"Tiempo de lectura\" \/>\n\t<meta name=\"twitter:data1\" content=\"2 minutos\" \/>\n<script type=\"application\/ld+json\" class=\"yoast-schema-graph\">{\"@context\":\"https:\/\/schema.org\",\"@graph\":[{\"@type\":\"WebPage\",\"@id\":\"https:\/\/distribution.audio-technica.eu\/es-es\/productos\/sub-15\/\",\"url\":\"https:\/\/distribution.audio-technica.eu\/es-es\/productos\/sub-15\/\",\"name\":\"Sub 15 - Audio-Technica Iberia\",\"isPartOf\":{\"@id\":\"https:\/\/distribution.audio-technica.eu\/es-es\/#website\"},\"primaryImageOfPage\":{\"@id\":\"https:\/\/distribution.audio-technica.eu\/es-es\/productos\/sub-15\/#primaryimage\"},\"image\":{\"@id\":\"https:\/\/distribution.audio-technica.eu\/es-es\/productos\/sub-15\/#primaryimage\"},\"thumbnailUrl\":\"\/app\/uploads\/sites\/2\/OA-Sub-15-Front-Cutout.jpg\",\"datePublished\":\"2021-04-20T05:00:36+00:00\",\"dateModified\":\"2026-02-19T13:54:02+00:00\",\"breadcrumb\":{\"@id\":\"https:\/\/distribution.audio-technica.eu\/es-es\/productos\/sub-15\/#breadcrumb\"},\"inLanguage\":\"es\",\"potentialAction\":[{\"@type\":\"ReadAction\",\"target\":[\"https:\/\/distribution.audio-technica.eu\/es-es\/productos\/sub-15\/\"]}]},{\"@type\":\"ImageObject\",\"inLanguage\":\"es\",\"@id\":\"https:\/\/distribution.audio-technica.eu\/es-es\/productos\/sub-15\/#primaryimage\",\"url\":\"\/app\/uploads\/sites\/2\/OA-Sub-15-Front-Cutout.jpg\",\"contentUrl\":\"\/app\/uploads\/sites\/2\/OA-Sub-15-Front-Cutout.jpg\",\"width\":2000,\"height\":2000},{\"@type\":\"BreadcrumbList\",\"@id\":\"https:\/\/distribution.audio-technica.eu\/es-es\/productos\/sub-15\/#breadcrumb\",\"itemListElement\":[{\"@type\":\"ListItem\",\"position\":1,\"name\":\"Products\",\"item\":\"https:\/\/distribution.audio-technica.eu\/es-es\/\"},{\"@type\":\"ListItem\",\"position\":2,\"name\":\"Productos\",\"item\":\"https:\/\/distribution.audio-technica.eu\/es-es\/productos\/\"},{\"@type\":\"ListItem\",\"position\":3,\"name\":\"Sub 15\"}]},{\"@type\":\"WebSite\",\"@id\":\"https:\/\/distribution.audio-technica.eu\/es-es\/#website\",\"url\":\"https:\/\/distribution.audio-technica.eu\/es-es\/\",\"name\":\"Audio-Technica Iberia\",\"description\":\"Distribuci\u00f3n\",\"potentialAction\":[{\"@type\":\"SearchAction\",\"target\":{\"@type\":\"EntryPoint\",\"urlTemplate\":\"https:\/\/distribution.audio-technica.eu\/es-es\/?s={search_term_string}\"},\"query-input\":{\"@type\":\"PropertyValueSpecification\",\"valueRequired\":true,\"valueName\":\"search_term_string\"}}],\"inLanguage\":\"es\"}]}<\/script>\n<!-- \/ Yoast SEO plugin. -->","yoast_head_json":{"title":"Sub 15 - Audio-Technica Iberia","robots":{"index":"index","follow":"follow","max-snippet":"max-snippet:-1","max-image-preview":"max-image-preview:large","max-video-preview":"max-video-preview:-1"},"canonical":"https:\/\/distribution.audio-technica.eu\/es-es\/productos\/sub-15\/","og_locale":"es_ES","og_type":"article","og_title":"Sub 15 - Audio-Technica Iberia","og_description":"Recinto subgrave de 15\", de alta potencia   Tama\u00f1o compacto  Potente subgrave con una respuesta que alcanza los 40Hz (-10dB)  Gran capacidad de potencia","og_url":"https:\/\/distribution.audio-technica.eu\/es-es\/productos\/sub-15\/","og_site_name":"Audio-Technica Iberia","article_modified_time":"2026-02-19T13:54:02+00:00","og_image":[{"width":2000,"height":2000,"url":"https:\/\/distribution.audio-technica.eu\/app\/uploads\/sites\/2\/OA-Sub-15-Front-Cutout.jpg","type":"image\/jpeg"}],"twitter_card":"summary_large_image","twitter_misc":{"Tiempo de lectura":"2 minutos"},"schema":{"@context":"https:\/\/schema.org","@graph":[{"@type":"WebPage","@id":"https:\/\/distribution.audio-technica.eu\/es-es\/productos\/sub-15\/","url":"https:\/\/distribution.audio-technica.eu\/es-es\/productos\/sub-15\/","name":"Sub 15 - Audio-Technica Iberia","isPartOf":{"@id":"https:\/\/distribution.audio-technica.eu\/es-es\/#website"},"primaryImageOfPage":{"@id":"https:\/\/distribution.audio-technica.eu\/es-es\/productos\/sub-15\/#primaryimage"},"image":{"@id":"https:\/\/distribution.audio-technica.eu\/es-es\/productos\/sub-15\/#primaryimage"},"thumbnailUrl":"\/app\/uploads\/sites\/2\/OA-Sub-15-Front-Cutout.jpg","datePublished":"2021-04-20T05:00:36+00:00","dateModified":"2026-02-19T13:54:02+00:00","breadcrumb":{"@id":"https:\/\/distribution.audio-technica.eu\/es-es\/productos\/sub-15\/#breadcrumb"},"inLanguage":"es","potentialAction":[{"@type":"ReadAction","target":["https:\/\/distribution.audio-technica.eu\/es-es\/productos\/sub-15\/"]}]},{"@type":"ImageObject","inLanguage":"es","@id":"https:\/\/distribution.audio-technica.eu\/es-es\/productos\/sub-15\/#primaryimage","url":"\/app\/uploads\/sites\/2\/OA-Sub-15-Front-Cutout.jpg","contentUrl":"\/app\/uploads\/sites\/2\/OA-Sub-15-Front-Cutout.jpg","width":2000,"height":2000},{"@type":"BreadcrumbList","@id":"https:\/\/distribution.audio-technica.eu\/es-es\/productos\/sub-15\/#breadcrumb","itemListElement":[{"@type":"ListItem","position":1,"name":"Products","item":"https:\/\/distribution.audio-technica.eu\/es-es\/"},{"@type":"ListItem","position":2,"name":"Productos","item":"https:\/\/distribution.audio-technica.eu\/es-es\/productos\/"},{"@type":"ListItem","position":3,"name":"Sub 15"}]},{"@type":"WebSite","@id":"https:\/\/distribution.audio-technica.eu\/es-es\/#website","url":"https:\/\/distribution.audio-technica.eu\/es-es\/","name":"Audio-Technica Iberia","description":"Distribuci\u00f3n","potentialAction":[{"@type":"SearchAction","target":{"@type":"EntryPoint","urlTemplate":"https:\/\/distribution.audio-technica.eu\/es-es\/?s={search_term_string}"},"query-input":{"@type":"PropertyValueSpecification","valueRequired":true,"valueName":"search_term_string"}}],"inLanguage":"es"}]}},"_links":{"self":[{"href":"https:\/\/distribution.audio-technica.eu\/es-es\/wp-json\/wp\/v2\/product\/23535","targetHints":{"allow":["GET"]}}],"collection":[{"href":"https:\/\/distribution.audio-technica.eu\/es-es\/wp-json\/wp\/v2\/product"}],"about":[{"href":"https:\/\/distribution.audio-technica.eu\/es-es\/wp-json\/wp\/v2\/types\/product"}],"wp:featuredmedia":[{"embeddable":true,"href":"https:\/\/distribution.audio-technica.eu\/es-es\/wp-json\/wp\/v2\/media\/23652"}],"wp:attachment":[{"href":"https:\/\/distribution.audio-technica.eu\/es-es\/wp-json\/wp\/v2\/media?parent=23535"}],"wp:term":[{"taxonomy":"product_brand","embeddable":true,"href":"https:\/\/distribution.audio-technica.eu\/es-es\/wp-json\/wp\/v2\/product_brand?post=23535"},{"taxonomy":"product_cat","embeddable":true,"href":"https:\/\/distribution.audio-technica.eu\/es-es\/wp-json\/wp\/v2\/product_cat?post=23535"},{"taxonomy":"product_tag","embeddable":true,"href":"https:\/\/distribution.audio-technica.eu\/es-es\/wp-json\/wp\/v2\/product_tag?post=23535"}],"curies":[{"name":"wp","href":"https:\/\/api.w.org\/{rel}","templated":true}]}}