{"id":24335,"date":"2021-06-24T13:55:43","date_gmt":"2021-06-24T11:55:43","guid":{"rendered":"https:\/\/atdb-production.studiograft.dev\/es\/?post_type=product&#038;p=24335"},"modified":"2023-07-13T13:20:22","modified_gmt":"2023-07-13T11:20:22","slug":"tx310","status":"publish","type":"product","link":"https:\/\/distribution.audio-technica.eu\/es-es\/productos\/tx310\/","title":{"rendered":"TX310"},"content":{"rendered":"<h2>TX310<\/h2>\n<h3>Recinto autoamplificado 2 v\u00edas, 10&#8243;, 350W<\/h3>\n<p>El nuevo TX310 de Alto es una altavoz autoamplificado de 350 W, perfecto para una amplia variedad de aplicaciones de sonorizaci\u00f3n en directo. Con la serie TX3, Alto Professional ha creado una familia de altavoces autoamplificados adecuados para satisfacer las situaciones m\u00e1s exigentes, noche tras noche. Utilizando gran parte de la tecnolog\u00eda presente en la popular serie TS3, la nueva serie TX3 proporciona la potencia y claridad indispensable para disfrutar del mejor sonido.<\/p>\n<p>El TX310 presenta un dise\u00f1o de 2 v\u00edas biamplificado, incorporando un woofer de gran excursi\u00f3n y un transductor de compresi\u00f3n de 1 pulgada con diafragma de titanio, montado en una bocina de precisi\u00f3n. El dise\u00f1o de esta bocina mejora el rendimiento de las frecuencias elevadas y genera un preciso patr\u00f3n de radiaci\u00f3n de\u00a0 90\u02daH X 60\u02daV, ideal para conseguir una \u00f3ptima cobertura de la audiencia.<\/p>\n<p>El TX310 dispone de un recinto robusto, ligero y f\u00e1cilmente transportable de polipropileno moldeado por inyecci\u00f3n. Su contorno trapezoidal permite su uso tanto en posici\u00f3n vertical, como en forma de monitor de tipo cu\u00f1a, y su rejilla de acero proporciona una protecci\u00f3n total a los transductores. Estos altavoces han sido creados para permitir un uso intensivo continuo. A esto debe sumarse su completa oferta en cuanto a entradas y salidas y diversas opciones de montaje. Todo ello har\u00e1 posible que el TX310 se convierta en un elemento indispensable para el usuario.<\/p>\n<ul>\n<li>Potencia 350 W pico, (175 W continuos), amplificador Clase D<\/li>\n<li>Su bocina con dispersi\u00f3n 90\u00ba H x 60\u00ba V proporciona una mayor cobertura<\/li>\n<li>La rejilla completa aporta estilo y proporciona protecci\u00f3n a los transductores<\/li>\n<li>Transductor LF de 10\u201d con bobina de 1,5\u201d<\/li>\n<li>Transductor HF de 1\u201d de compresi\u00f3n y diafragma de titanio<\/li>\n<li>Dise\u00f1o ligero y port\u00e1til, capaz de trabajar como altavoz principal o como monitor de tipo cu\u00f1a.<\/li>\n<li>Vaso para m\u00e1stil est\u00e1ndar<\/li>\n<li>Dise\u00f1o biamplificado, con crossover activo de precisi\u00f3n y EQ<\/li>\n<li>Entrada XLR balanceada para micro\/l\u00ednea, salida Link y control de volumen<\/li>\n<li>Limitador anal\u00f3gico y circuito de protecci\u00f3n frente a sobrecargas incorporados<\/li>\n<li>Dise\u00f1ado y ajustado en USA<\/li>\n<\/ul>\n<p>&nbsp;<\/p>\n","protected":false},"excerpt":{"rendered":"<h3>Recinto autoamplificado 2 v\u00edas, 10&#8243;, 350W<\/h3>\n<ul>\n<li>Potencia 350 W pico, (175 W continuos), amplificador Clase D<\/li>\n<li>Altavoz de graves de 10\u201d y motor de agudos de 1\u201d con diafragma de titanio<\/li>\n<li>Bocina con dispersi\u00f3n 90\u00ba H x 60\u00ba V que proporciona una mayor cobertura<\/li>\n<li>Dise\u00f1o ligero, port\u00e1til, apto para ser utilizado como PA o cu\u00f1a<\/li>\n<li>Limitador anal\u00f3gico y circuito de protecci\u00f3n frente a sobrecargas incorporados<\/li>\n<\/ul>\n<p>&nbsp;<\/p>\n","protected":false},"featured_media":24327,"template":"","meta":{"_acf_changed":false},"product_brand":[],"product_cat":[1336,1343,1325,2300],"product_tag":[],"class_list":{"0":"post-24335","1":"product","2":"type-product","3":"status-publish","4":"has-post-thumbnail","6":"product_cat-recintos-acusticos","7":"product_cat-autoamplificados","8":"product_cat-por-series-alto-professional","9":"product_cat-serie-tx3","10":"product_series-serie-tx3","12":"first","13":"instock","14":"shipping-taxable","15":"product-type-simple"},"acf":[],"yoast_head":"<!-- This site is optimized with the Yoast SEO plugin v27.1.1 - https:\/\/yoast.com\/product\/yoast-seo-wordpress\/ -->\n<title>TX310 - Audio-Technica Iberia<\/title>\n<meta name=\"robots\" content=\"index, follow, max-snippet:-1, max-image-preview:large, max-video-preview:-1\" \/>\n<link rel=\"canonical\" href=\"https:\/\/distribution.audio-technica.eu\/es-es\/productos\/tx310\/\" \/>\n<meta property=\"og:locale\" content=\"es_ES\" \/>\n<meta property=\"og:type\" content=\"article\" \/>\n<meta property=\"og:title\" content=\"TX310 - Audio-Technica Iberia\" \/>\n<meta property=\"og:description\" content=\"Recinto autoamplificado 2 v\u00edas, 10&quot;, 350W  Potencia 350 W pico, (175 W continuos), amplificador Clase D  Altavoz de graves de 10\u201d y motor de agudos de 1\u201d con diafragma de titanio  Bocina con dispersi\u00f3n 90\u00ba H x 60\u00ba V que proporciona una mayor cobertura  Dise\u00f1o ligero, port\u00e1til, apto para ser utilizado como PA o cu\u00f1a  Limitador anal\u00f3gico y circuito de protecci\u00f3n frente a sobrecargas incorporados &nbsp;\" \/>\n<meta property=\"og:url\" content=\"https:\/\/distribution.audio-technica.eu\/es-es\/productos\/tx310\/\" \/>\n<meta property=\"og:site_name\" content=\"Audio-Technica Iberia\" \/>\n<meta property=\"article:modified_time\" content=\"2023-07-13T11:20:22+00:00\" \/>\n<meta property=\"og:image\" content=\"https:\/\/distribution.audio-technica.eu\/app\/uploads\/sites\/2\/Alto_TX310_angle.jpg\" \/>\n\t<meta property=\"og:image:width\" content=\"2000\" \/>\n\t<meta property=\"og:image:height\" content=\"2000\" \/>\n\t<meta property=\"og:image:type\" content=\"image\/jpeg\" \/>\n<meta name=\"twitter:card\" content=\"summary_large_image\" \/>\n<meta name=\"twitter:label1\" content=\"Tiempo de lectura\" \/>\n\t<meta name=\"twitter:data1\" content=\"2 minutos\" \/>\n<script type=\"application\/ld+json\" class=\"yoast-schema-graph\">{\"@context\":\"https:\/\/schema.org\",\"@graph\":[{\"@type\":\"WebPage\",\"@id\":\"https:\/\/distribution.audio-technica.eu\/es-es\/productos\/tx310\/\",\"url\":\"https:\/\/distribution.audio-technica.eu\/es-es\/productos\/tx310\/\",\"name\":\"TX310 - Audio-Technica Iberia\",\"isPartOf\":{\"@id\":\"https:\/\/distribution.audio-technica.eu\/es-es\/#website\"},\"primaryImageOfPage\":{\"@id\":\"https:\/\/distribution.audio-technica.eu\/es-es\/productos\/tx310\/#primaryimage\"},\"image\":{\"@id\":\"https:\/\/distribution.audio-technica.eu\/es-es\/productos\/tx310\/#primaryimage\"},\"thumbnailUrl\":\"\/app\/uploads\/sites\/2\/Alto_TX310_angle.jpg\",\"datePublished\":\"2021-06-24T11:55:43+00:00\",\"dateModified\":\"2023-07-13T11:20:22+00:00\",\"breadcrumb\":{\"@id\":\"https:\/\/distribution.audio-technica.eu\/es-es\/productos\/tx310\/#breadcrumb\"},\"inLanguage\":\"es\",\"potentialAction\":[{\"@type\":\"ReadAction\",\"target\":[\"https:\/\/distribution.audio-technica.eu\/es-es\/productos\/tx310\/\"]}]},{\"@type\":\"ImageObject\",\"inLanguage\":\"es\",\"@id\":\"https:\/\/distribution.audio-technica.eu\/es-es\/productos\/tx310\/#primaryimage\",\"url\":\"\/app\/uploads\/sites\/2\/Alto_TX310_angle.jpg\",\"contentUrl\":\"\/app\/uploads\/sites\/2\/Alto_TX310_angle.jpg\",\"width\":2000,\"height\":2000},{\"@type\":\"BreadcrumbList\",\"@id\":\"https:\/\/distribution.audio-technica.eu\/es-es\/productos\/tx310\/#breadcrumb\",\"itemListElement\":[{\"@type\":\"ListItem\",\"position\":1,\"name\":\"Products\",\"item\":\"https:\/\/distribution.audio-technica.eu\/es-es\/\"},{\"@type\":\"ListItem\",\"position\":2,\"name\":\"Productos\",\"item\":\"https:\/\/distribution.audio-technica.eu\/es-es\/productos\/\"},{\"@type\":\"ListItem\",\"position\":3,\"name\":\"TX310\"}]},{\"@type\":\"WebSite\",\"@id\":\"https:\/\/distribution.audio-technica.eu\/es-es\/#website\",\"url\":\"https:\/\/distribution.audio-technica.eu\/es-es\/\",\"name\":\"Audio-Technica Iberia\",\"description\":\"Distribuci\u00f3n\",\"potentialAction\":[{\"@type\":\"SearchAction\",\"target\":{\"@type\":\"EntryPoint\",\"urlTemplate\":\"https:\/\/distribution.audio-technica.eu\/es-es\/?s={search_term_string}\"},\"query-input\":{\"@type\":\"PropertyValueSpecification\",\"valueRequired\":true,\"valueName\":\"search_term_string\"}}],\"inLanguage\":\"es\"}]}<\/script>\n<!-- \/ Yoast SEO plugin. -->","yoast_head_json":{"title":"TX310 - Audio-Technica Iberia","robots":{"index":"index","follow":"follow","max-snippet":"max-snippet:-1","max-image-preview":"max-image-preview:large","max-video-preview":"max-video-preview:-1"},"canonical":"https:\/\/distribution.audio-technica.eu\/es-es\/productos\/tx310\/","og_locale":"es_ES","og_type":"article","og_title":"TX310 - Audio-Technica Iberia","og_description":"Recinto autoamplificado 2 v\u00edas, 10\", 350W  Potencia 350 W pico, (175 W continuos), amplificador Clase D  Altavoz de graves de 10\u201d y motor de agudos de 1\u201d con diafragma de titanio  Bocina con dispersi\u00f3n 90\u00ba H x 60\u00ba V que proporciona una mayor cobertura  Dise\u00f1o ligero, port\u00e1til, apto para ser utilizado como PA o cu\u00f1a  Limitador anal\u00f3gico y circuito de protecci\u00f3n frente a sobrecargas incorporados &nbsp;","og_url":"https:\/\/distribution.audio-technica.eu\/es-es\/productos\/tx310\/","og_site_name":"Audio-Technica Iberia","article_modified_time":"2023-07-13T11:20:22+00:00","og_image":[{"width":2000,"height":2000,"url":"https:\/\/distribution.audio-technica.eu\/app\/uploads\/sites\/2\/Alto_TX310_angle.jpg","type":"image\/jpeg"}],"twitter_card":"summary_large_image","twitter_misc":{"Tiempo de lectura":"2 minutos"},"schema":{"@context":"https:\/\/schema.org","@graph":[{"@type":"WebPage","@id":"https:\/\/distribution.audio-technica.eu\/es-es\/productos\/tx310\/","url":"https:\/\/distribution.audio-technica.eu\/es-es\/productos\/tx310\/","name":"TX310 - Audio-Technica Iberia","isPartOf":{"@id":"https:\/\/distribution.audio-technica.eu\/es-es\/#website"},"primaryImageOfPage":{"@id":"https:\/\/distribution.audio-technica.eu\/es-es\/productos\/tx310\/#primaryimage"},"image":{"@id":"https:\/\/distribution.audio-technica.eu\/es-es\/productos\/tx310\/#primaryimage"},"thumbnailUrl":"\/app\/uploads\/sites\/2\/Alto_TX310_angle.jpg","datePublished":"2021-06-24T11:55:43+00:00","dateModified":"2023-07-13T11:20:22+00:00","breadcrumb":{"@id":"https:\/\/distribution.audio-technica.eu\/es-es\/productos\/tx310\/#breadcrumb"},"inLanguage":"es","potentialAction":[{"@type":"ReadAction","target":["https:\/\/distribution.audio-technica.eu\/es-es\/productos\/tx310\/"]}]},{"@type":"ImageObject","inLanguage":"es","@id":"https:\/\/distribution.audio-technica.eu\/es-es\/productos\/tx310\/#primaryimage","url":"\/app\/uploads\/sites\/2\/Alto_TX310_angle.jpg","contentUrl":"\/app\/uploads\/sites\/2\/Alto_TX310_angle.jpg","width":2000,"height":2000},{"@type":"BreadcrumbList","@id":"https:\/\/distribution.audio-technica.eu\/es-es\/productos\/tx310\/#breadcrumb","itemListElement":[{"@type":"ListItem","position":1,"name":"Products","item":"https:\/\/distribution.audio-technica.eu\/es-es\/"},{"@type":"ListItem","position":2,"name":"Productos","item":"https:\/\/distribution.audio-technica.eu\/es-es\/productos\/"},{"@type":"ListItem","position":3,"name":"TX310"}]},{"@type":"WebSite","@id":"https:\/\/distribution.audio-technica.eu\/es-es\/#website","url":"https:\/\/distribution.audio-technica.eu\/es-es\/","name":"Audio-Technica Iberia","description":"Distribuci\u00f3n","potentialAction":[{"@type":"SearchAction","target":{"@type":"EntryPoint","urlTemplate":"https:\/\/distribution.audio-technica.eu\/es-es\/?s={search_term_string}"},"query-input":{"@type":"PropertyValueSpecification","valueRequired":true,"valueName":"search_term_string"}}],"inLanguage":"es"}]}},"_links":{"self":[{"href":"https:\/\/distribution.audio-technica.eu\/es-es\/wp-json\/wp\/v2\/product\/24335","targetHints":{"allow":["GET"]}}],"collection":[{"href":"https:\/\/distribution.audio-technica.eu\/es-es\/wp-json\/wp\/v2\/product"}],"about":[{"href":"https:\/\/distribution.audio-technica.eu\/es-es\/wp-json\/wp\/v2\/types\/product"}],"wp:featuredmedia":[{"embeddable":true,"href":"https:\/\/distribution.audio-technica.eu\/es-es\/wp-json\/wp\/v2\/media\/24327"}],"wp:attachment":[{"href":"https:\/\/distribution.audio-technica.eu\/es-es\/wp-json\/wp\/v2\/media?parent=24335"}],"wp:term":[{"taxonomy":"product_brand","embeddable":true,"href":"https:\/\/distribution.audio-technica.eu\/es-es\/wp-json\/wp\/v2\/product_brand?post=24335"},{"taxonomy":"product_cat","embeddable":true,"href":"https:\/\/distribution.audio-technica.eu\/es-es\/wp-json\/wp\/v2\/product_cat?post=24335"},{"taxonomy":"product_tag","embeddable":true,"href":"https:\/\/distribution.audio-technica.eu\/es-es\/wp-json\/wp\/v2\/product_tag?post=24335"}],"curies":[{"name":"wp","href":"https:\/\/api.w.org\/{rel}","templated":true}]}}