{"id":24386,"date":"2021-07-01T17:09:11","date_gmt":"2021-07-01T15:09:11","guid":{"rendered":"https:\/\/atdb-production.studiograft.dev\/es\/?post_type=product&#038;p=24386"},"modified":"2023-07-13T13:23:58","modified_gmt":"2023-07-13T11:23:58","slug":"m-ahm-64-a","status":"publish","type":"product","link":"https:\/\/distribution.audio-technica.eu\/es-es\/productos\/m-ahm-64-a\/","title":{"rendered":"M-AHM-64-A"},"content":{"rendered":"<h2>M-AHM-64-A<\/h2>\n<h3>M\u00f3dulo AEC para AHM-64<\/h3>\n<p>M-AHM-64-A es un m\u00f3dulo de expansi\u00f3n de procesamiento para AHM-64, destinado a aplicaciones de cancelaci\u00f3n de eco. Proporciona 12 canales de AEC y est\u00e1 dise\u00f1ado para aplicaciones de videoconferencia.<\/p>\n<p>Los procesadores AEC se asignan mediante inserciones de canal en el AHM-64. Una inserci\u00f3n se establece en el canal de entrada del extremo lejano, y la otra en el canal de entrada del extremo cercano. Tambi\u00e9n se proporciona una salida de refuerzo de sonido para los casos en que se requiere refuerzo local para la voz.<\/p>\n<ul>\n<li>M\u00f3dulo AEC (Cancelaci\u00f3n de Eco Ac\u00fastico) para AHM-64<\/li>\n<li>12 canales de AEC<\/li>\n<li>Filtro Adaptativo FIR de 150ms<\/li>\n<li>AGC (Control Autom\u00e1tico de Ganancia) del extremo lejano<\/li>\n<li>NLP (procesado no lineal) del eco residual<\/li>\n<li>Reducci\u00f3n del ruido de fondo<\/li>\n<li>Puerta de ruido para el extremo cercano<\/li>\n<li>Ruido de confort adaptado a las locuciones<\/li>\n<\/ul>\n<p>&nbsp;<\/p>\n<p>&nbsp;<\/p>\n","protected":false},"excerpt":{"rendered":"<h3>M\u00f3dulo AEC para AHM-64<\/h3>\n<ul>\n<li>M\u00f3dulo AEC (Cancelaci\u00f3n de Eco Ac\u00fastico) para AHM-64<\/li>\n<li>12 canales de AEC<\/li>\n<li>Filtro Adaptativo FIR de 150ms<\/li>\n<li>AGC (Control Autom\u00e1tico de Ganancia) del extremo lejano<\/li>\n<li>NLP (procesado no lineal) del eco residual<\/li>\n<\/ul>\n<p>&nbsp;<\/p>\n","protected":false},"featured_media":24390,"template":"","meta":{"_acf_changed":false},"product_brand":[],"product_cat":[2183,1490,2184],"product_tag":[],"class_list":{"0":"post-24386","1":"product","2":"type-product","3":"status-publish","4":"has-post-thumbnail","6":"product_cat-matrices-instalacion","7":"product_cat-por-series-allen-heath","8":"product_cat-serie-ahm","9":"product_series-serie-ahm","11":"first","12":"instock","13":"shipping-taxable","14":"product-type-simple"},"acf":[],"yoast_head":"<!-- This site is optimized with the Yoast SEO plugin v27.1.1 - https:\/\/yoast.com\/product\/yoast-seo-wordpress\/ -->\n<title>M-AHM-64-A - Audio-Technica Iberia<\/title>\n<meta name=\"robots\" content=\"index, follow, max-snippet:-1, max-image-preview:large, max-video-preview:-1\" \/>\n<link rel=\"canonical\" href=\"https:\/\/distribution.audio-technica.eu\/es-es\/productos\/m-ahm-64-a\/\" \/>\n<meta property=\"og:locale\" content=\"es_ES\" \/>\n<meta property=\"og:type\" content=\"article\" \/>\n<meta property=\"og:title\" content=\"M-AHM-64-A - Audio-Technica Iberia\" \/>\n<meta property=\"og:description\" content=\"M\u00f3dulo AEC para AHM-64  M\u00f3dulo AEC (Cancelaci\u00f3n de Eco Ac\u00fastico) para AHM-64  12 canales de AEC  Filtro Adaptativo FIR de 150ms  AGC (Control Autom\u00e1tico de Ganancia) del extremo lejano  NLP (procesado no lineal) del eco residual &nbsp;\" \/>\n<meta property=\"og:url\" content=\"https:\/\/distribution.audio-technica.eu\/es-es\/productos\/m-ahm-64-a\/\" \/>\n<meta property=\"og:site_name\" content=\"Audio-Technica Iberia\" \/>\n<meta property=\"article:modified_time\" content=\"2023-07-13T11:23:58+00:00\" \/>\n<meta property=\"og:image\" content=\"https:\/\/distribution.audio-technica.eu\/app\/uploads\/sites\/2\/AH-M-AHM-64-A-1.jpg\" \/>\n\t<meta property=\"og:image:width\" content=\"2000\" \/>\n\t<meta property=\"og:image:height\" content=\"2000\" \/>\n\t<meta property=\"og:image:type\" content=\"image\/jpeg\" \/>\n<meta name=\"twitter:card\" content=\"summary_large_image\" \/>\n<meta name=\"twitter:label1\" content=\"Tiempo de lectura\" \/>\n\t<meta name=\"twitter:data1\" content=\"1 minuto\" \/>\n<script type=\"application\/ld+json\" class=\"yoast-schema-graph\">{\"@context\":\"https:\/\/schema.org\",\"@graph\":[{\"@type\":\"WebPage\",\"@id\":\"https:\/\/distribution.audio-technica.eu\/es-es\/productos\/m-ahm-64-a\/\",\"url\":\"https:\/\/distribution.audio-technica.eu\/es-es\/productos\/m-ahm-64-a\/\",\"name\":\"M-AHM-64-A - Audio-Technica Iberia\",\"isPartOf\":{\"@id\":\"https:\/\/distribution.audio-technica.eu\/es-es\/#website\"},\"primaryImageOfPage\":{\"@id\":\"https:\/\/distribution.audio-technica.eu\/es-es\/productos\/m-ahm-64-a\/#primaryimage\"},\"image\":{\"@id\":\"https:\/\/distribution.audio-technica.eu\/es-es\/productos\/m-ahm-64-a\/#primaryimage\"},\"thumbnailUrl\":\"\/app\/uploads\/sites\/2\/AH-M-AHM-64-A-1.jpg\",\"datePublished\":\"2021-07-01T15:09:11+00:00\",\"dateModified\":\"2023-07-13T11:23:58+00:00\",\"breadcrumb\":{\"@id\":\"https:\/\/distribution.audio-technica.eu\/es-es\/productos\/m-ahm-64-a\/#breadcrumb\"},\"inLanguage\":\"es\",\"potentialAction\":[{\"@type\":\"ReadAction\",\"target\":[\"https:\/\/distribution.audio-technica.eu\/es-es\/productos\/m-ahm-64-a\/\"]}]},{\"@type\":\"ImageObject\",\"inLanguage\":\"es\",\"@id\":\"https:\/\/distribution.audio-technica.eu\/es-es\/productos\/m-ahm-64-a\/#primaryimage\",\"url\":\"\/app\/uploads\/sites\/2\/AH-M-AHM-64-A-1.jpg\",\"contentUrl\":\"\/app\/uploads\/sites\/2\/AH-M-AHM-64-A-1.jpg\",\"width\":2000,\"height\":2000},{\"@type\":\"BreadcrumbList\",\"@id\":\"https:\/\/distribution.audio-technica.eu\/es-es\/productos\/m-ahm-64-a\/#breadcrumb\",\"itemListElement\":[{\"@type\":\"ListItem\",\"position\":1,\"name\":\"Products\",\"item\":\"https:\/\/distribution.audio-technica.eu\/es-es\/\"},{\"@type\":\"ListItem\",\"position\":2,\"name\":\"Productos\",\"item\":\"https:\/\/distribution.audio-technica.eu\/es-es\/productos\/\"},{\"@type\":\"ListItem\",\"position\":3,\"name\":\"M-AHM-64-A\"}]},{\"@type\":\"WebSite\",\"@id\":\"https:\/\/distribution.audio-technica.eu\/es-es\/#website\",\"url\":\"https:\/\/distribution.audio-technica.eu\/es-es\/\",\"name\":\"Audio-Technica Iberia\",\"description\":\"Distribuci\u00f3n\",\"potentialAction\":[{\"@type\":\"SearchAction\",\"target\":{\"@type\":\"EntryPoint\",\"urlTemplate\":\"https:\/\/distribution.audio-technica.eu\/es-es\/?s={search_term_string}\"},\"query-input\":{\"@type\":\"PropertyValueSpecification\",\"valueRequired\":true,\"valueName\":\"search_term_string\"}}],\"inLanguage\":\"es\"}]}<\/script>\n<!-- \/ Yoast SEO plugin. -->","yoast_head_json":{"title":"M-AHM-64-A - Audio-Technica Iberia","robots":{"index":"index","follow":"follow","max-snippet":"max-snippet:-1","max-image-preview":"max-image-preview:large","max-video-preview":"max-video-preview:-1"},"canonical":"https:\/\/distribution.audio-technica.eu\/es-es\/productos\/m-ahm-64-a\/","og_locale":"es_ES","og_type":"article","og_title":"M-AHM-64-A - Audio-Technica Iberia","og_description":"M\u00f3dulo AEC para AHM-64  M\u00f3dulo AEC (Cancelaci\u00f3n de Eco Ac\u00fastico) para AHM-64  12 canales de AEC  Filtro Adaptativo FIR de 150ms  AGC (Control Autom\u00e1tico de Ganancia) del extremo lejano  NLP (procesado no lineal) del eco residual &nbsp;","og_url":"https:\/\/distribution.audio-technica.eu\/es-es\/productos\/m-ahm-64-a\/","og_site_name":"Audio-Technica Iberia","article_modified_time":"2023-07-13T11:23:58+00:00","og_image":[{"width":2000,"height":2000,"url":"https:\/\/distribution.audio-technica.eu\/app\/uploads\/sites\/2\/AH-M-AHM-64-A-1.jpg","type":"image\/jpeg"}],"twitter_card":"summary_large_image","twitter_misc":{"Tiempo de lectura":"1 minuto"},"schema":{"@context":"https:\/\/schema.org","@graph":[{"@type":"WebPage","@id":"https:\/\/distribution.audio-technica.eu\/es-es\/productos\/m-ahm-64-a\/","url":"https:\/\/distribution.audio-technica.eu\/es-es\/productos\/m-ahm-64-a\/","name":"M-AHM-64-A - Audio-Technica Iberia","isPartOf":{"@id":"https:\/\/distribution.audio-technica.eu\/es-es\/#website"},"primaryImageOfPage":{"@id":"https:\/\/distribution.audio-technica.eu\/es-es\/productos\/m-ahm-64-a\/#primaryimage"},"image":{"@id":"https:\/\/distribution.audio-technica.eu\/es-es\/productos\/m-ahm-64-a\/#primaryimage"},"thumbnailUrl":"\/app\/uploads\/sites\/2\/AH-M-AHM-64-A-1.jpg","datePublished":"2021-07-01T15:09:11+00:00","dateModified":"2023-07-13T11:23:58+00:00","breadcrumb":{"@id":"https:\/\/distribution.audio-technica.eu\/es-es\/productos\/m-ahm-64-a\/#breadcrumb"},"inLanguage":"es","potentialAction":[{"@type":"ReadAction","target":["https:\/\/distribution.audio-technica.eu\/es-es\/productos\/m-ahm-64-a\/"]}]},{"@type":"ImageObject","inLanguage":"es","@id":"https:\/\/distribution.audio-technica.eu\/es-es\/productos\/m-ahm-64-a\/#primaryimage","url":"\/app\/uploads\/sites\/2\/AH-M-AHM-64-A-1.jpg","contentUrl":"\/app\/uploads\/sites\/2\/AH-M-AHM-64-A-1.jpg","width":2000,"height":2000},{"@type":"BreadcrumbList","@id":"https:\/\/distribution.audio-technica.eu\/es-es\/productos\/m-ahm-64-a\/#breadcrumb","itemListElement":[{"@type":"ListItem","position":1,"name":"Products","item":"https:\/\/distribution.audio-technica.eu\/es-es\/"},{"@type":"ListItem","position":2,"name":"Productos","item":"https:\/\/distribution.audio-technica.eu\/es-es\/productos\/"},{"@type":"ListItem","position":3,"name":"M-AHM-64-A"}]},{"@type":"WebSite","@id":"https:\/\/distribution.audio-technica.eu\/es-es\/#website","url":"https:\/\/distribution.audio-technica.eu\/es-es\/","name":"Audio-Technica Iberia","description":"Distribuci\u00f3n","potentialAction":[{"@type":"SearchAction","target":{"@type":"EntryPoint","urlTemplate":"https:\/\/distribution.audio-technica.eu\/es-es\/?s={search_term_string}"},"query-input":{"@type":"PropertyValueSpecification","valueRequired":true,"valueName":"search_term_string"}}],"inLanguage":"es"}]}},"_links":{"self":[{"href":"https:\/\/distribution.audio-technica.eu\/es-es\/wp-json\/wp\/v2\/product\/24386","targetHints":{"allow":["GET"]}}],"collection":[{"href":"https:\/\/distribution.audio-technica.eu\/es-es\/wp-json\/wp\/v2\/product"}],"about":[{"href":"https:\/\/distribution.audio-technica.eu\/es-es\/wp-json\/wp\/v2\/types\/product"}],"wp:featuredmedia":[{"embeddable":true,"href":"https:\/\/distribution.audio-technica.eu\/es-es\/wp-json\/wp\/v2\/media\/24390"}],"wp:attachment":[{"href":"https:\/\/distribution.audio-technica.eu\/es-es\/wp-json\/wp\/v2\/media?parent=24386"}],"wp:term":[{"taxonomy":"product_brand","embeddable":true,"href":"https:\/\/distribution.audio-technica.eu\/es-es\/wp-json\/wp\/v2\/product_brand?post=24386"},{"taxonomy":"product_cat","embeddable":true,"href":"https:\/\/distribution.audio-technica.eu\/es-es\/wp-json\/wp\/v2\/product_cat?post=24386"},{"taxonomy":"product_tag","embeddable":true,"href":"https:\/\/distribution.audio-technica.eu\/es-es\/wp-json\/wp\/v2\/product_tag?post=24386"}],"curies":[{"name":"wp","href":"https:\/\/api.w.org\/{rel}","templated":true}]}}