{"id":24410,"date":"2021-07-01T17:13:38","date_gmt":"2021-07-01T15:13:38","guid":{"rendered":"https:\/\/atdb-production.studiograft.dev\/es\/?post_type=product&#038;p=24410"},"modified":"2023-07-13T13:24:51","modified_gmt":"2023-07-13T11:24:51","slug":"cc-7","status":"publish","type":"product","link":"https:\/\/distribution.audio-technica.eu\/es-es\/productos\/cc-7\/","title":{"rendered":"CC-7"},"content":{"rendered":"<h2>CC-7<\/h2>\n<h3>Panel t\u00e1ctil de 7\u201d para app Custom Control<\/h3>\n<p>CC-7 es el complemento perfecto para los procesadores matriciales AHM o las consolas digitales dLive o Avantis en cualquier tipo de instalaci\u00f3n. Se trata de un panel t\u00e1ctil de control que puede ser utilizado tanto en formato sobremesa como montado sobre una pared. Trabaja en combinaci\u00f3n con la app Custom Control de Allen &amp; Heath, y puede funcionar como dispositivo de control fijo o como complemento de una soluci\u00f3n BYOD.<\/p>\n<p>Desde la simple selecci\u00f3n de la fuente de m\u00fasica, hasta el control de nivel, la recuperaci\u00f3n de preajustes o la difusi\u00f3n de avisos, CC-7 ofrece, en aplicaciones donde se prefiere disponer de un interface de pantalla t\u00e1ctil, una alternativa a la gama de controladores remotos IP ofrecida por Allen &amp; Heath.<\/p>\n<p>Configurada para ejecutar Custom Control en modo kiosko, la app previene cualquier manipulaci\u00f3n no autorizada, asegurando los ajustes del panel. El instalador, integrador o administrador del sistema puede salir de la app para cambiar los ajustes en el panel t\u00e1ctil como, por ejemplo, la direcci\u00f3n IP o el brillo, o para actualizar el software.<\/p>\n<ul>\n<li>Alimentado a trav\u00e9s de PoE o 12V DC<\/li>\n<li>Puerto Ethernet Gigabit<\/li>\n<li>Puerto USB-A para actualizaciones de Custom Control<\/li>\n<li>Montaje VESA 75&#215;75<\/li>\n<li>Disponible soporte sobremesa (CC-STN) y soporte de montaje pared \/ cristal (CC-BRK)<\/li>\n<\/ul>\n<p>&nbsp;<\/p>\n","protected":false},"excerpt":{"rendered":"<h3>Panel t\u00e1ctil de 7\u201d para app Custom Control<\/h3>\n<ul>\n<li>Tablet Android de 7\u201d optimizada para app Custom Control de Allen &amp; Heath<\/li>\n<li>Complemento perfecto para los procesadores matriciales AHM o las consolas digitales dLive o Avantis<\/li>\n<li>Formato sobremesa o montaje en pared<\/li>\n<li>Alimentado a trav\u00e9s de PoE o 12V DC<\/li>\n<li>Puerto Ethernet Gigabit<\/li>\n<li>Alternativa a los controladores remotos IP de Allen &amp; Heath<\/li>\n<\/ul>\n<p>&nbsp;<\/p>\n<p>&nbsp;<\/p>\n","protected":false},"featured_media":24405,"template":"","meta":{"_acf_changed":false},"product_brand":[],"product_cat":[2183,1501,1490,2184,2304],"product_tag":[],"class_list":{"0":"post-24410","1":"product","2":"type-product","3":"status-publish","4":"has-post-thumbnail","6":"product_cat-matrices-instalacion","7":"product_cat-paneles-de-control","8":"product_cat-por-series-allen-heath","9":"product_cat-serie-ahm","10":"product_cat-serie-cc","11":"product_series-serie-ahm","12":"product_series-serie-cc","14":"first","15":"instock","16":"shipping-taxable","17":"product-type-simple"},"acf":[],"yoast_head":"<!-- This site is optimized with the Yoast SEO plugin v27.1.1 - https:\/\/yoast.com\/product\/yoast-seo-wordpress\/ -->\n<title>CC-7 - Audio-Technica Iberia<\/title>\n<meta name=\"robots\" content=\"index, follow, max-snippet:-1, max-image-preview:large, max-video-preview:-1\" \/>\n<link rel=\"canonical\" href=\"https:\/\/distribution.audio-technica.eu\/es-es\/productos\/cc-7\/\" \/>\n<meta property=\"og:locale\" content=\"es_ES\" \/>\n<meta property=\"og:type\" content=\"article\" \/>\n<meta property=\"og:title\" content=\"CC-7 - Audio-Technica Iberia\" \/>\n<meta property=\"og:description\" content=\"Panel t\u00e1ctil de 7\u201d para app Custom Control  Tablet Android de 7\u201d optimizada para app Custom Control de Allen &amp; Heath  Complemento perfecto para los procesadores matriciales AHM o las consolas digitales dLive o Avantis  Formato sobremesa o montaje en pared  Alimentado a trav\u00e9s de PoE o 12V DC  Puerto Ethernet Gigabit  Alternativa a los controladores remotos IP de Allen &amp; Heath &nbsp; &nbsp;\" \/>\n<meta property=\"og:url\" content=\"https:\/\/distribution.audio-technica.eu\/es-es\/productos\/cc-7\/\" \/>\n<meta property=\"og:site_name\" content=\"Audio-Technica Iberia\" \/>\n<meta property=\"article:modified_time\" content=\"2023-07-13T11:24:51+00:00\" \/>\n<meta property=\"og:image\" content=\"https:\/\/distribution.audio-technica.eu\/app\/uploads\/sites\/2\/AH-CC-7.jpg\" \/>\n\t<meta property=\"og:image:width\" content=\"1200\" \/>\n\t<meta property=\"og:image:height\" content=\"1200\" \/>\n\t<meta property=\"og:image:type\" content=\"image\/jpeg\" \/>\n<meta name=\"twitter:card\" content=\"summary_large_image\" \/>\n<meta name=\"twitter:label1\" content=\"Tiempo de lectura\" \/>\n\t<meta name=\"twitter:data1\" content=\"1 minuto\" \/>\n<script type=\"application\/ld+json\" class=\"yoast-schema-graph\">{\"@context\":\"https:\/\/schema.org\",\"@graph\":[{\"@type\":\"WebPage\",\"@id\":\"https:\/\/distribution.audio-technica.eu\/es-es\/productos\/cc-7\/\",\"url\":\"https:\/\/distribution.audio-technica.eu\/es-es\/productos\/cc-7\/\",\"name\":\"CC-7 - Audio-Technica Iberia\",\"isPartOf\":{\"@id\":\"https:\/\/distribution.audio-technica.eu\/es-es\/#website\"},\"primaryImageOfPage\":{\"@id\":\"https:\/\/distribution.audio-technica.eu\/es-es\/productos\/cc-7\/#primaryimage\"},\"image\":{\"@id\":\"https:\/\/distribution.audio-technica.eu\/es-es\/productos\/cc-7\/#primaryimage\"},\"thumbnailUrl\":\"\/app\/uploads\/sites\/2\/AH-CC-7.jpg\",\"datePublished\":\"2021-07-01T15:13:38+00:00\",\"dateModified\":\"2023-07-13T11:24:51+00:00\",\"breadcrumb\":{\"@id\":\"https:\/\/distribution.audio-technica.eu\/es-es\/productos\/cc-7\/#breadcrumb\"},\"inLanguage\":\"es\",\"potentialAction\":[{\"@type\":\"ReadAction\",\"target\":[\"https:\/\/distribution.audio-technica.eu\/es-es\/productos\/cc-7\/\"]}]},{\"@type\":\"ImageObject\",\"inLanguage\":\"es\",\"@id\":\"https:\/\/distribution.audio-technica.eu\/es-es\/productos\/cc-7\/#primaryimage\",\"url\":\"\/app\/uploads\/sites\/2\/AH-CC-7.jpg\",\"contentUrl\":\"\/app\/uploads\/sites\/2\/AH-CC-7.jpg\",\"width\":1200,\"height\":1200},{\"@type\":\"BreadcrumbList\",\"@id\":\"https:\/\/distribution.audio-technica.eu\/es-es\/productos\/cc-7\/#breadcrumb\",\"itemListElement\":[{\"@type\":\"ListItem\",\"position\":1,\"name\":\"Products\",\"item\":\"https:\/\/distribution.audio-technica.eu\/es-es\/\"},{\"@type\":\"ListItem\",\"position\":2,\"name\":\"Productos\",\"item\":\"https:\/\/distribution.audio-technica.eu\/es-es\/productos\/\"},{\"@type\":\"ListItem\",\"position\":3,\"name\":\"CC-7\"}]},{\"@type\":\"WebSite\",\"@id\":\"https:\/\/distribution.audio-technica.eu\/es-es\/#website\",\"url\":\"https:\/\/distribution.audio-technica.eu\/es-es\/\",\"name\":\"Audio-Technica Iberia\",\"description\":\"Distribuci\u00f3n\",\"potentialAction\":[{\"@type\":\"SearchAction\",\"target\":{\"@type\":\"EntryPoint\",\"urlTemplate\":\"https:\/\/distribution.audio-technica.eu\/es-es\/?s={search_term_string}\"},\"query-input\":{\"@type\":\"PropertyValueSpecification\",\"valueRequired\":true,\"valueName\":\"search_term_string\"}}],\"inLanguage\":\"es\"}]}<\/script>\n<!-- \/ Yoast SEO plugin. -->","yoast_head_json":{"title":"CC-7 - Audio-Technica Iberia","robots":{"index":"index","follow":"follow","max-snippet":"max-snippet:-1","max-image-preview":"max-image-preview:large","max-video-preview":"max-video-preview:-1"},"canonical":"https:\/\/distribution.audio-technica.eu\/es-es\/productos\/cc-7\/","og_locale":"es_ES","og_type":"article","og_title":"CC-7 - Audio-Technica Iberia","og_description":"Panel t\u00e1ctil de 7\u201d para app Custom Control  Tablet Android de 7\u201d optimizada para app Custom Control de Allen &amp; Heath  Complemento perfecto para los procesadores matriciales AHM o las consolas digitales dLive o Avantis  Formato sobremesa o montaje en pared  Alimentado a trav\u00e9s de PoE o 12V DC  Puerto Ethernet Gigabit  Alternativa a los controladores remotos IP de Allen &amp; Heath &nbsp; &nbsp;","og_url":"https:\/\/distribution.audio-technica.eu\/es-es\/productos\/cc-7\/","og_site_name":"Audio-Technica Iberia","article_modified_time":"2023-07-13T11:24:51+00:00","og_image":[{"width":1200,"height":1200,"url":"https:\/\/distribution.audio-technica.eu\/app\/uploads\/sites\/2\/AH-CC-7.jpg","type":"image\/jpeg"}],"twitter_card":"summary_large_image","twitter_misc":{"Tiempo de lectura":"1 minuto"},"schema":{"@context":"https:\/\/schema.org","@graph":[{"@type":"WebPage","@id":"https:\/\/distribution.audio-technica.eu\/es-es\/productos\/cc-7\/","url":"https:\/\/distribution.audio-technica.eu\/es-es\/productos\/cc-7\/","name":"CC-7 - Audio-Technica Iberia","isPartOf":{"@id":"https:\/\/distribution.audio-technica.eu\/es-es\/#website"},"primaryImageOfPage":{"@id":"https:\/\/distribution.audio-technica.eu\/es-es\/productos\/cc-7\/#primaryimage"},"image":{"@id":"https:\/\/distribution.audio-technica.eu\/es-es\/productos\/cc-7\/#primaryimage"},"thumbnailUrl":"\/app\/uploads\/sites\/2\/AH-CC-7.jpg","datePublished":"2021-07-01T15:13:38+00:00","dateModified":"2023-07-13T11:24:51+00:00","breadcrumb":{"@id":"https:\/\/distribution.audio-technica.eu\/es-es\/productos\/cc-7\/#breadcrumb"},"inLanguage":"es","potentialAction":[{"@type":"ReadAction","target":["https:\/\/distribution.audio-technica.eu\/es-es\/productos\/cc-7\/"]}]},{"@type":"ImageObject","inLanguage":"es","@id":"https:\/\/distribution.audio-technica.eu\/es-es\/productos\/cc-7\/#primaryimage","url":"\/app\/uploads\/sites\/2\/AH-CC-7.jpg","contentUrl":"\/app\/uploads\/sites\/2\/AH-CC-7.jpg","width":1200,"height":1200},{"@type":"BreadcrumbList","@id":"https:\/\/distribution.audio-technica.eu\/es-es\/productos\/cc-7\/#breadcrumb","itemListElement":[{"@type":"ListItem","position":1,"name":"Products","item":"https:\/\/distribution.audio-technica.eu\/es-es\/"},{"@type":"ListItem","position":2,"name":"Productos","item":"https:\/\/distribution.audio-technica.eu\/es-es\/productos\/"},{"@type":"ListItem","position":3,"name":"CC-7"}]},{"@type":"WebSite","@id":"https:\/\/distribution.audio-technica.eu\/es-es\/#website","url":"https:\/\/distribution.audio-technica.eu\/es-es\/","name":"Audio-Technica Iberia","description":"Distribuci\u00f3n","potentialAction":[{"@type":"SearchAction","target":{"@type":"EntryPoint","urlTemplate":"https:\/\/distribution.audio-technica.eu\/es-es\/?s={search_term_string}"},"query-input":{"@type":"PropertyValueSpecification","valueRequired":true,"valueName":"search_term_string"}}],"inLanguage":"es"}]}},"_links":{"self":[{"href":"https:\/\/distribution.audio-technica.eu\/es-es\/wp-json\/wp\/v2\/product\/24410","targetHints":{"allow":["GET"]}}],"collection":[{"href":"https:\/\/distribution.audio-technica.eu\/es-es\/wp-json\/wp\/v2\/product"}],"about":[{"href":"https:\/\/distribution.audio-technica.eu\/es-es\/wp-json\/wp\/v2\/types\/product"}],"wp:featuredmedia":[{"embeddable":true,"href":"https:\/\/distribution.audio-technica.eu\/es-es\/wp-json\/wp\/v2\/media\/24405"}],"wp:attachment":[{"href":"https:\/\/distribution.audio-technica.eu\/es-es\/wp-json\/wp\/v2\/media?parent=24410"}],"wp:term":[{"taxonomy":"product_brand","embeddable":true,"href":"https:\/\/distribution.audio-technica.eu\/es-es\/wp-json\/wp\/v2\/product_brand?post=24410"},{"taxonomy":"product_cat","embeddable":true,"href":"https:\/\/distribution.audio-technica.eu\/es-es\/wp-json\/wp\/v2\/product_cat?post=24410"},{"taxonomy":"product_tag","embeddable":true,"href":"https:\/\/distribution.audio-technica.eu\/es-es\/wp-json\/wp\/v2\/product_tag?post=24410"}],"curies":[{"name":"wp","href":"https:\/\/api.w.org\/{rel}","templated":true}]}}