{"id":24412,"date":"2021-07-01T17:20:48","date_gmt":"2021-07-01T15:20:48","guid":{"rendered":"https:\/\/atdb-production.studiograft.dev\/es\/?post_type=product&#038;p=24412"},"modified":"2023-07-13T13:30:22","modified_gmt":"2023-07-13T11:30:22","slug":"dt02","status":"publish","type":"product","link":"https:\/\/distribution.audio-technica.eu\/es-es\/productos\/dt02\/","title":{"rendered":"DT02"},"content":{"rendered":"<h2>DT02<\/h2>\n<h3>Expansor de salida Dante<\/h3>\n<p>DT02 es un rentable y compacto interfaz Dante que trabaja con una frecuencia de muestreo de 48kHz\/96kHz, y que permite disponer de dos salidas XLR en cualquier punto donde sea necesario dentro de una red Dante. Es ideal para ser utilizado en una amplia variedad de aplicaciones fijas, as\u00ed como aplicaciones AV port\u00e1tiles o de alquiler. DT02 puede ser utilizado en cualquier mezclador Allen &amp; Heath o sistema AHM equipados con Dante, as\u00ed como en sistemas Dante creados por terceros.<\/p>\n<p>Esta unidad se presenta alojada en un s\u00f3lida y compacta caja de aluminio, y dispone de orejas de montaje o kit de rack opcionales. Puede ser instalado en cualquier punto donde sea necesario, tanto pr\u00f3ximo a monitores o altavoces activos, como integrado en el rack de equipos.<\/p>\n<p>La unidad puede ser alimentada a trav\u00e9s de PoE, o con la ayuda de un alimentador de 12V DC.<\/p>\n<p>Est\u00e1 disponible en dos versiones:<\/p>\n<ul>\n<li>Versi\u00f3n est\u00e1ndar DT02 con fuente de alimentaci\u00f3n y pies de goma.<\/li>\n<li>Versi\u00f3n DT02-M, que incluye orejas de montaje en superficie (y no dispone de fuente de alimentaci\u00f3n).<\/li>\n<\/ul>\n<p>&nbsp;<\/p>\n<ul>\n<li>Interfaz de salida Dante, 48kHz\/96kHz<\/li>\n<li>2 salidas XLR<\/li>\n<li>Alimentado a trav\u00e9s de PoE o 12 V DC<\/li>\n<li>Conector EtherCon<\/li>\n<li>Robusta caja de aluminio<\/li>\n<li>Orejas de montaje en superficie opcionales (incluidas en la versi\u00f3n DT02-M)<\/li>\n<li>Kit de montaje en rack DT-RK19 opcional<\/li>\n<\/ul>\n<p>&nbsp;<\/p>\n","protected":false},"excerpt":{"rendered":"<h3>Expansor de salida Dante<\/h3>\n<ul>\n<li>Interface de salida Dante, 48kHz\/96kHz<\/li>\n<li>2 salidas XLR<\/li>\n<li>Alimentado a trav\u00e9s de PoE o 12V DC<\/li>\n<li>Montaje en rack o en superficie<\/li>\n<\/ul>\n<p>&nbsp;<\/p>\n<p>&nbsp;<\/p>\n","protected":false},"featured_media":24392,"template":"","meta":{"_acf_changed":false},"product_brand":[],"product_cat":[2183,1490,2184,2303],"product_tag":[],"class_list":{"0":"post-24412","1":"product","2":"type-product","3":"status-publish","4":"has-post-thumbnail","6":"product_cat-matrices-instalacion","7":"product_cat-por-series-allen-heath","8":"product_cat-serie-ahm","9":"product_cat-serie-dt","10":"product_series-serie-ahm","11":"product_series-serie-dt","13":"first","14":"instock","15":"shipping-taxable","16":"product-type-simple"},"acf":[],"yoast_head":"<!-- This site is optimized with the Yoast SEO plugin v27.1.1 - https:\/\/yoast.com\/product\/yoast-seo-wordpress\/ -->\n<title>DT02 - Audio-Technica Iberia<\/title>\n<meta name=\"robots\" content=\"index, follow, max-snippet:-1, max-image-preview:large, max-video-preview:-1\" \/>\n<link rel=\"canonical\" href=\"https:\/\/distribution.audio-technica.eu\/es-es\/productos\/dt02\/\" \/>\n<meta property=\"og:locale\" content=\"es_ES\" \/>\n<meta property=\"og:type\" content=\"article\" \/>\n<meta property=\"og:title\" content=\"DT02 - Audio-Technica Iberia\" \/>\n<meta property=\"og:description\" content=\"Expansor de salida Dante  Interface de salida Dante, 48kHz\/96kHz  2 salidas XLR  Alimentado a trav\u00e9s de PoE o 12V DC  Montaje en rack o en superficie &nbsp; &nbsp;\" \/>\n<meta property=\"og:url\" content=\"https:\/\/distribution.audio-technica.eu\/es-es\/productos\/dt02\/\" \/>\n<meta property=\"og:site_name\" content=\"Audio-Technica Iberia\" \/>\n<meta property=\"article:modified_time\" content=\"2023-07-13T11:30:22+00:00\" \/>\n<meta property=\"og:image\" content=\"https:\/\/distribution.audio-technica.eu\/app\/uploads\/sites\/2\/AH-DT02-3Quarter-Left-Rear.jpg\" \/>\n\t<meta property=\"og:image:width\" content=\"2000\" \/>\n\t<meta property=\"og:image:height\" content=\"2000\" \/>\n\t<meta property=\"og:image:type\" content=\"image\/jpeg\" \/>\n<meta name=\"twitter:card\" content=\"summary_large_image\" \/>\n<meta name=\"twitter:label1\" content=\"Tiempo de lectura\" \/>\n\t<meta name=\"twitter:data1\" content=\"1 minuto\" \/>\n<script type=\"application\/ld+json\" class=\"yoast-schema-graph\">{\"@context\":\"https:\/\/schema.org\",\"@graph\":[{\"@type\":\"WebPage\",\"@id\":\"https:\/\/distribution.audio-technica.eu\/es-es\/productos\/dt02\/\",\"url\":\"https:\/\/distribution.audio-technica.eu\/es-es\/productos\/dt02\/\",\"name\":\"DT02 - Audio-Technica Iberia\",\"isPartOf\":{\"@id\":\"https:\/\/distribution.audio-technica.eu\/es-es\/#website\"},\"primaryImageOfPage\":{\"@id\":\"https:\/\/distribution.audio-technica.eu\/es-es\/productos\/dt02\/#primaryimage\"},\"image\":{\"@id\":\"https:\/\/distribution.audio-technica.eu\/es-es\/productos\/dt02\/#primaryimage\"},\"thumbnailUrl\":\"\/app\/uploads\/sites\/2\/AH-DT02-3Quarter-Left-Rear.jpg\",\"datePublished\":\"2021-07-01T15:20:48+00:00\",\"dateModified\":\"2023-07-13T11:30:22+00:00\",\"breadcrumb\":{\"@id\":\"https:\/\/distribution.audio-technica.eu\/es-es\/productos\/dt02\/#breadcrumb\"},\"inLanguage\":\"es\",\"potentialAction\":[{\"@type\":\"ReadAction\",\"target\":[\"https:\/\/distribution.audio-technica.eu\/es-es\/productos\/dt02\/\"]}]},{\"@type\":\"ImageObject\",\"inLanguage\":\"es\",\"@id\":\"https:\/\/distribution.audio-technica.eu\/es-es\/productos\/dt02\/#primaryimage\",\"url\":\"\/app\/uploads\/sites\/2\/AH-DT02-3Quarter-Left-Rear.jpg\",\"contentUrl\":\"\/app\/uploads\/sites\/2\/AH-DT02-3Quarter-Left-Rear.jpg\",\"width\":2000,\"height\":2000},{\"@type\":\"BreadcrumbList\",\"@id\":\"https:\/\/distribution.audio-technica.eu\/es-es\/productos\/dt02\/#breadcrumb\",\"itemListElement\":[{\"@type\":\"ListItem\",\"position\":1,\"name\":\"Products\",\"item\":\"https:\/\/distribution.audio-technica.eu\/es-es\/\"},{\"@type\":\"ListItem\",\"position\":2,\"name\":\"Productos\",\"item\":\"https:\/\/distribution.audio-technica.eu\/es-es\/productos\/\"},{\"@type\":\"ListItem\",\"position\":3,\"name\":\"DT02\"}]},{\"@type\":\"WebSite\",\"@id\":\"https:\/\/distribution.audio-technica.eu\/es-es\/#website\",\"url\":\"https:\/\/distribution.audio-technica.eu\/es-es\/\",\"name\":\"Audio-Technica Iberia\",\"description\":\"Distribuci\u00f3n\",\"potentialAction\":[{\"@type\":\"SearchAction\",\"target\":{\"@type\":\"EntryPoint\",\"urlTemplate\":\"https:\/\/distribution.audio-technica.eu\/es-es\/?s={search_term_string}\"},\"query-input\":{\"@type\":\"PropertyValueSpecification\",\"valueRequired\":true,\"valueName\":\"search_term_string\"}}],\"inLanguage\":\"es\"}]}<\/script>\n<!-- \/ Yoast SEO plugin. -->","yoast_head_json":{"title":"DT02 - Audio-Technica Iberia","robots":{"index":"index","follow":"follow","max-snippet":"max-snippet:-1","max-image-preview":"max-image-preview:large","max-video-preview":"max-video-preview:-1"},"canonical":"https:\/\/distribution.audio-technica.eu\/es-es\/productos\/dt02\/","og_locale":"es_ES","og_type":"article","og_title":"DT02 - Audio-Technica Iberia","og_description":"Expansor de salida Dante  Interface de salida Dante, 48kHz\/96kHz  2 salidas XLR  Alimentado a trav\u00e9s de PoE o 12V DC  Montaje en rack o en superficie &nbsp; &nbsp;","og_url":"https:\/\/distribution.audio-technica.eu\/es-es\/productos\/dt02\/","og_site_name":"Audio-Technica Iberia","article_modified_time":"2023-07-13T11:30:22+00:00","og_image":[{"width":2000,"height":2000,"url":"https:\/\/distribution.audio-technica.eu\/app\/uploads\/sites\/2\/AH-DT02-3Quarter-Left-Rear.jpg","type":"image\/jpeg"}],"twitter_card":"summary_large_image","twitter_misc":{"Tiempo de lectura":"1 minuto"},"schema":{"@context":"https:\/\/schema.org","@graph":[{"@type":"WebPage","@id":"https:\/\/distribution.audio-technica.eu\/es-es\/productos\/dt02\/","url":"https:\/\/distribution.audio-technica.eu\/es-es\/productos\/dt02\/","name":"DT02 - Audio-Technica Iberia","isPartOf":{"@id":"https:\/\/distribution.audio-technica.eu\/es-es\/#website"},"primaryImageOfPage":{"@id":"https:\/\/distribution.audio-technica.eu\/es-es\/productos\/dt02\/#primaryimage"},"image":{"@id":"https:\/\/distribution.audio-technica.eu\/es-es\/productos\/dt02\/#primaryimage"},"thumbnailUrl":"\/app\/uploads\/sites\/2\/AH-DT02-3Quarter-Left-Rear.jpg","datePublished":"2021-07-01T15:20:48+00:00","dateModified":"2023-07-13T11:30:22+00:00","breadcrumb":{"@id":"https:\/\/distribution.audio-technica.eu\/es-es\/productos\/dt02\/#breadcrumb"},"inLanguage":"es","potentialAction":[{"@type":"ReadAction","target":["https:\/\/distribution.audio-technica.eu\/es-es\/productos\/dt02\/"]}]},{"@type":"ImageObject","inLanguage":"es","@id":"https:\/\/distribution.audio-technica.eu\/es-es\/productos\/dt02\/#primaryimage","url":"\/app\/uploads\/sites\/2\/AH-DT02-3Quarter-Left-Rear.jpg","contentUrl":"\/app\/uploads\/sites\/2\/AH-DT02-3Quarter-Left-Rear.jpg","width":2000,"height":2000},{"@type":"BreadcrumbList","@id":"https:\/\/distribution.audio-technica.eu\/es-es\/productos\/dt02\/#breadcrumb","itemListElement":[{"@type":"ListItem","position":1,"name":"Products","item":"https:\/\/distribution.audio-technica.eu\/es-es\/"},{"@type":"ListItem","position":2,"name":"Productos","item":"https:\/\/distribution.audio-technica.eu\/es-es\/productos\/"},{"@type":"ListItem","position":3,"name":"DT02"}]},{"@type":"WebSite","@id":"https:\/\/distribution.audio-technica.eu\/es-es\/#website","url":"https:\/\/distribution.audio-technica.eu\/es-es\/","name":"Audio-Technica Iberia","description":"Distribuci\u00f3n","potentialAction":[{"@type":"SearchAction","target":{"@type":"EntryPoint","urlTemplate":"https:\/\/distribution.audio-technica.eu\/es-es\/?s={search_term_string}"},"query-input":{"@type":"PropertyValueSpecification","valueRequired":true,"valueName":"search_term_string"}}],"inLanguage":"es"}]}},"_links":{"self":[{"href":"https:\/\/distribution.audio-technica.eu\/es-es\/wp-json\/wp\/v2\/product\/24412","targetHints":{"allow":["GET"]}}],"collection":[{"href":"https:\/\/distribution.audio-technica.eu\/es-es\/wp-json\/wp\/v2\/product"}],"about":[{"href":"https:\/\/distribution.audio-technica.eu\/es-es\/wp-json\/wp\/v2\/types\/product"}],"wp:featuredmedia":[{"embeddable":true,"href":"https:\/\/distribution.audio-technica.eu\/es-es\/wp-json\/wp\/v2\/media\/24392"}],"wp:attachment":[{"href":"https:\/\/distribution.audio-technica.eu\/es-es\/wp-json\/wp\/v2\/media?parent=24412"}],"wp:term":[{"taxonomy":"product_brand","embeddable":true,"href":"https:\/\/distribution.audio-technica.eu\/es-es\/wp-json\/wp\/v2\/product_brand?post=24412"},{"taxonomy":"product_cat","embeddable":true,"href":"https:\/\/distribution.audio-technica.eu\/es-es\/wp-json\/wp\/v2\/product_cat?post=24412"},{"taxonomy":"product_tag","embeddable":true,"href":"https:\/\/distribution.audio-technica.eu\/es-es\/wp-json\/wp\/v2\/product_tag?post=24412"}],"curies":[{"name":"wp","href":"https:\/\/api.w.org\/{rel}","templated":true}]}}