{"id":24414,"date":"2021-07-01T17:25:08","date_gmt":"2021-07-01T15:25:08","guid":{"rendered":"https:\/\/atdb-production.studiograft.dev\/es\/?post_type=product&#038;p=24414"},"modified":"2023-07-13T13:30:22","modified_gmt":"2023-07-13T11:30:22","slug":"dt22","status":"publish","type":"product","link":"https:\/\/distribution.audio-technica.eu\/es-es\/productos\/dt22\/","title":{"rendered":"DT22"},"content":{"rendered":"<h2>DT22<\/h2>\n<h3>Expansor de entrada\/salida Dante<\/h3>\n<p>DT22 es un compacto interfaz Dante que trabaja con frecuencias de muestreo de 48kHz\/96kHz, y que permite posicionar dos entradas de micro \/ l\u00ednea y dos salidas de l\u00ednea en cualquier lugar que sea necesario, para disponer de entrada y salida de audio anal\u00f3gico de una red Dante.<\/p>\n<p>Equipado con conectores Phoenix \/ euroblock est\u00e1ndar, DT-22 ha sido dise\u00f1ado para ser utilizado en instalaciones fijas y puede ser f\u00e1cilmente montado, por ejemplo, en una sala o espacio de reuni\u00f3n, debajo de un podio para permitir la conexi\u00f3n de un micro \/ PC y altavoz local, o en un rack para ejercer como interfaz con equipos anal\u00f3gicos, como por ejemplo un conmutador AV.<\/p>\n<p>DT-22 puede ser utilizado en cualquier mezclador Allen &amp; Heath o sistema AHM equipados con Dante, as\u00ed como en sistemas Dante creados por terceros. La unidad puede ser alimentada a trav\u00e9s de PoE, o con la ayuda de un alimentador de 12V DC.<\/p>\n<p>Est\u00e1 disponible en dos versiones:<\/p>\n<ul>\n<li>Versi\u00f3n est\u00e1ndar DT22 con fuente de alimentaci\u00f3n y pies de goma.<\/li>\n<li>Versi\u00f3n DT22-M, que incluye orejas de montaje en superficie (y no dispone de fuente de alimentaci\u00f3n).<\/li>\n<\/ul>\n<p>&nbsp;<\/p>\n<ul>\n<li>Interfaz 2&#215;2 E\/S Dante, 48kHz\/96kHz<\/li>\n<li>Conectores Phoenix euroblock<\/li>\n<li>Control de ganancia y conmutador micro \/ l\u00ednea locales<\/li>\n<li>Alimentaci\u00f3n phantom 48V<\/li>\n<li>Alimentado a trav\u00e9s de PoE o 12V DC<\/li>\n<li>Robusta caja de aluminio<\/li>\n<li>Incluye orejas para montaje en superficie<\/li>\n<li>Kit de montaje en rack DT-RK19 opcional<\/li>\n<\/ul>\n<p>&nbsp;<\/p>\n<h3><\/h3>\n","protected":false},"excerpt":{"rendered":"<h3>Expansor de entrada\/salida Dante<\/h3>\n<ul>\n<li>Interfaz 2&#215;2 E\/S Dante, 48kHz\/96kHz<\/li>\n<li>Control de ganancia y conmutador micro \/ l\u00ednea locales<\/li>\n<li>Alimentaci\u00f3n phantom 48V<\/li>\n<li>Alimentado a trav\u00e9s de PoE o 12V DC<\/li>\n<\/ul>\n<h3><\/h3>\n<p>&nbsp;<\/p>\n","protected":false},"featured_media":24396,"template":"","meta":{"_acf_changed":false},"product_brand":[],"product_cat":[2183,1490,2184,2303],"product_tag":[],"class_list":{"0":"post-24414","1":"product","2":"type-product","3":"status-publish","4":"has-post-thumbnail","6":"product_cat-matrices-instalacion","7":"product_cat-por-series-allen-heath","8":"product_cat-serie-ahm","9":"product_cat-serie-dt","10":"product_series-serie-ahm","11":"product_series-serie-dt","13":"first","14":"instock","15":"shipping-taxable","16":"product-type-simple"},"acf":[],"yoast_head":"<!-- This site is optimized with the Yoast SEO plugin v27.1.1 - https:\/\/yoast.com\/product\/yoast-seo-wordpress\/ -->\n<title>DT22 - Audio-Technica Iberia<\/title>\n<meta name=\"robots\" content=\"index, follow, max-snippet:-1, max-image-preview:large, max-video-preview:-1\" \/>\n<link rel=\"canonical\" href=\"https:\/\/distribution.audio-technica.eu\/es-es\/productos\/dt22\/\" \/>\n<meta property=\"og:locale\" content=\"es_ES\" \/>\n<meta property=\"og:type\" content=\"article\" \/>\n<meta property=\"og:title\" content=\"DT22 - Audio-Technica Iberia\" \/>\n<meta property=\"og:description\" content=\"Expansor de entrada\/salida Dante  Interfaz 2x2 E\/S Dante, 48kHz\/96kHz  Control de ganancia y conmutador micro \/ l\u00ednea locales  Alimentaci\u00f3n phantom 48V  Alimentado a trav\u00e9s de PoE o 12V DC  &nbsp;\" \/>\n<meta property=\"og:url\" content=\"https:\/\/distribution.audio-technica.eu\/es-es\/productos\/dt22\/\" \/>\n<meta property=\"og:site_name\" content=\"Audio-Technica Iberia\" \/>\n<meta property=\"article:modified_time\" content=\"2023-07-13T11:30:22+00:00\" \/>\n<meta property=\"og:image\" content=\"https:\/\/distribution.audio-technica.eu\/app\/uploads\/sites\/2\/AH-DT22-3Quarter-Left.jpg\" \/>\n\t<meta property=\"og:image:width\" content=\"2000\" \/>\n\t<meta property=\"og:image:height\" content=\"2000\" \/>\n\t<meta property=\"og:image:type\" content=\"image\/jpeg\" \/>\n<meta name=\"twitter:card\" content=\"summary_large_image\" \/>\n<meta name=\"twitter:label1\" content=\"Tiempo de lectura\" \/>\n\t<meta name=\"twitter:data1\" content=\"1 minuto\" \/>\n<script type=\"application\/ld+json\" class=\"yoast-schema-graph\">{\"@context\":\"https:\/\/schema.org\",\"@graph\":[{\"@type\":\"WebPage\",\"@id\":\"https:\/\/distribution.audio-technica.eu\/es-es\/productos\/dt22\/\",\"url\":\"https:\/\/distribution.audio-technica.eu\/es-es\/productos\/dt22\/\",\"name\":\"DT22 - Audio-Technica Iberia\",\"isPartOf\":{\"@id\":\"https:\/\/distribution.audio-technica.eu\/es-es\/#website\"},\"primaryImageOfPage\":{\"@id\":\"https:\/\/distribution.audio-technica.eu\/es-es\/productos\/dt22\/#primaryimage\"},\"image\":{\"@id\":\"https:\/\/distribution.audio-technica.eu\/es-es\/productos\/dt22\/#primaryimage\"},\"thumbnailUrl\":\"\/app\/uploads\/sites\/2\/AH-DT22-3Quarter-Left.jpg\",\"datePublished\":\"2021-07-01T15:25:08+00:00\",\"dateModified\":\"2023-07-13T11:30:22+00:00\",\"breadcrumb\":{\"@id\":\"https:\/\/distribution.audio-technica.eu\/es-es\/productos\/dt22\/#breadcrumb\"},\"inLanguage\":\"es\",\"potentialAction\":[{\"@type\":\"ReadAction\",\"target\":[\"https:\/\/distribution.audio-technica.eu\/es-es\/productos\/dt22\/\"]}]},{\"@type\":\"ImageObject\",\"inLanguage\":\"es\",\"@id\":\"https:\/\/distribution.audio-technica.eu\/es-es\/productos\/dt22\/#primaryimage\",\"url\":\"\/app\/uploads\/sites\/2\/AH-DT22-3Quarter-Left.jpg\",\"contentUrl\":\"\/app\/uploads\/sites\/2\/AH-DT22-3Quarter-Left.jpg\",\"width\":2000,\"height\":2000},{\"@type\":\"BreadcrumbList\",\"@id\":\"https:\/\/distribution.audio-technica.eu\/es-es\/productos\/dt22\/#breadcrumb\",\"itemListElement\":[{\"@type\":\"ListItem\",\"position\":1,\"name\":\"Products\",\"item\":\"https:\/\/distribution.audio-technica.eu\/es-es\/\"},{\"@type\":\"ListItem\",\"position\":2,\"name\":\"Productos\",\"item\":\"https:\/\/distribution.audio-technica.eu\/es-es\/productos\/\"},{\"@type\":\"ListItem\",\"position\":3,\"name\":\"DT22\"}]},{\"@type\":\"WebSite\",\"@id\":\"https:\/\/distribution.audio-technica.eu\/es-es\/#website\",\"url\":\"https:\/\/distribution.audio-technica.eu\/es-es\/\",\"name\":\"Audio-Technica Iberia\",\"description\":\"Distribuci\u00f3n\",\"potentialAction\":[{\"@type\":\"SearchAction\",\"target\":{\"@type\":\"EntryPoint\",\"urlTemplate\":\"https:\/\/distribution.audio-technica.eu\/es-es\/?s={search_term_string}\"},\"query-input\":{\"@type\":\"PropertyValueSpecification\",\"valueRequired\":true,\"valueName\":\"search_term_string\"}}],\"inLanguage\":\"es\"}]}<\/script>\n<!-- \/ Yoast SEO plugin. -->","yoast_head_json":{"title":"DT22 - Audio-Technica Iberia","robots":{"index":"index","follow":"follow","max-snippet":"max-snippet:-1","max-image-preview":"max-image-preview:large","max-video-preview":"max-video-preview:-1"},"canonical":"https:\/\/distribution.audio-technica.eu\/es-es\/productos\/dt22\/","og_locale":"es_ES","og_type":"article","og_title":"DT22 - Audio-Technica Iberia","og_description":"Expansor de entrada\/salida Dante  Interfaz 2x2 E\/S Dante, 48kHz\/96kHz  Control de ganancia y conmutador micro \/ l\u00ednea locales  Alimentaci\u00f3n phantom 48V  Alimentado a trav\u00e9s de PoE o 12V DC  &nbsp;","og_url":"https:\/\/distribution.audio-technica.eu\/es-es\/productos\/dt22\/","og_site_name":"Audio-Technica Iberia","article_modified_time":"2023-07-13T11:30:22+00:00","og_image":[{"width":2000,"height":2000,"url":"https:\/\/distribution.audio-technica.eu\/app\/uploads\/sites\/2\/AH-DT22-3Quarter-Left.jpg","type":"image\/jpeg"}],"twitter_card":"summary_large_image","twitter_misc":{"Tiempo de lectura":"1 minuto"},"schema":{"@context":"https:\/\/schema.org","@graph":[{"@type":"WebPage","@id":"https:\/\/distribution.audio-technica.eu\/es-es\/productos\/dt22\/","url":"https:\/\/distribution.audio-technica.eu\/es-es\/productos\/dt22\/","name":"DT22 - Audio-Technica Iberia","isPartOf":{"@id":"https:\/\/distribution.audio-technica.eu\/es-es\/#website"},"primaryImageOfPage":{"@id":"https:\/\/distribution.audio-technica.eu\/es-es\/productos\/dt22\/#primaryimage"},"image":{"@id":"https:\/\/distribution.audio-technica.eu\/es-es\/productos\/dt22\/#primaryimage"},"thumbnailUrl":"\/app\/uploads\/sites\/2\/AH-DT22-3Quarter-Left.jpg","datePublished":"2021-07-01T15:25:08+00:00","dateModified":"2023-07-13T11:30:22+00:00","breadcrumb":{"@id":"https:\/\/distribution.audio-technica.eu\/es-es\/productos\/dt22\/#breadcrumb"},"inLanguage":"es","potentialAction":[{"@type":"ReadAction","target":["https:\/\/distribution.audio-technica.eu\/es-es\/productos\/dt22\/"]}]},{"@type":"ImageObject","inLanguage":"es","@id":"https:\/\/distribution.audio-technica.eu\/es-es\/productos\/dt22\/#primaryimage","url":"\/app\/uploads\/sites\/2\/AH-DT22-3Quarter-Left.jpg","contentUrl":"\/app\/uploads\/sites\/2\/AH-DT22-3Quarter-Left.jpg","width":2000,"height":2000},{"@type":"BreadcrumbList","@id":"https:\/\/distribution.audio-technica.eu\/es-es\/productos\/dt22\/#breadcrumb","itemListElement":[{"@type":"ListItem","position":1,"name":"Products","item":"https:\/\/distribution.audio-technica.eu\/es-es\/"},{"@type":"ListItem","position":2,"name":"Productos","item":"https:\/\/distribution.audio-technica.eu\/es-es\/productos\/"},{"@type":"ListItem","position":3,"name":"DT22"}]},{"@type":"WebSite","@id":"https:\/\/distribution.audio-technica.eu\/es-es\/#website","url":"https:\/\/distribution.audio-technica.eu\/es-es\/","name":"Audio-Technica Iberia","description":"Distribuci\u00f3n","potentialAction":[{"@type":"SearchAction","target":{"@type":"EntryPoint","urlTemplate":"https:\/\/distribution.audio-technica.eu\/es-es\/?s={search_term_string}"},"query-input":{"@type":"PropertyValueSpecification","valueRequired":true,"valueName":"search_term_string"}}],"inLanguage":"es"}]}},"_links":{"self":[{"href":"https:\/\/distribution.audio-technica.eu\/es-es\/wp-json\/wp\/v2\/product\/24414","targetHints":{"allow":["GET"]}}],"collection":[{"href":"https:\/\/distribution.audio-technica.eu\/es-es\/wp-json\/wp\/v2\/product"}],"about":[{"href":"https:\/\/distribution.audio-technica.eu\/es-es\/wp-json\/wp\/v2\/types\/product"}],"wp:featuredmedia":[{"embeddable":true,"href":"https:\/\/distribution.audio-technica.eu\/es-es\/wp-json\/wp\/v2\/media\/24396"}],"wp:attachment":[{"href":"https:\/\/distribution.audio-technica.eu\/es-es\/wp-json\/wp\/v2\/media?parent=24414"}],"wp:term":[{"taxonomy":"product_brand","embeddable":true,"href":"https:\/\/distribution.audio-technica.eu\/es-es\/wp-json\/wp\/v2\/product_brand?post=24414"},{"taxonomy":"product_cat","embeddable":true,"href":"https:\/\/distribution.audio-technica.eu\/es-es\/wp-json\/wp\/v2\/product_cat?post=24414"},{"taxonomy":"product_tag","embeddable":true,"href":"https:\/\/distribution.audio-technica.eu\/es-es\/wp-json\/wp\/v2\/product_tag?post=24414"}],"curies":[{"name":"wp","href":"https:\/\/api.w.org\/{rel}","templated":true}]}}