{"id":25706,"date":"2022-01-12T09:00:54","date_gmt":"2022-01-12T08:00:54","guid":{"rendered":"https:\/\/atdb-production.studiograft.dev\/es\/?post_type=product&#038;p=25706"},"modified":"2026-02-19T14:30:52","modified_gmt":"2026-02-19T13:30:52","slug":"ahm16","status":"publish","type":"product","link":"https:\/\/distribution.audio-technica.eu\/es-es\/productos\/ahm16\/","title":{"rendered":"AHM-16"},"content":{"rendered":"<h2>AHM-16<\/h2>\n<h3>Procesador matricial de audio 16&#215;16 para instalaci\u00f3n<\/h3>\n<p>Con una relaci\u00f3n calidad \/ precio sin igual, AHM-16 proporciona una matriz de 16&#215;16 con procesado de alta calidad. Ha sido dise\u00f1ado para la distribuci\u00f3n de audio, avisos, conferencias y procesado de altavoces en multitud de entornos, incluyendo corporativos, hosteler\u00eda, educaci\u00f3n, recintos multiuso, comercios, teatros, cruceros y recintos deportivos.<\/p>\n<p>El AHM-16 incorpora la nueva generaci\u00f3n de tecnolog\u00eda FPGA con frecuencia de muestreo de 96 kHz, trasladando al mundo de la instalaci\u00f3n la aclamada calidad de sonido y la latencia ultra baja de Allen &amp; Heath. Su motor de audio ofrece mayor capacidad de procesado que las plataformas de arquitectura abierta tradicionales, incluyendo PEQ de 8 bandas, puerta de ruido, compresor y retardo en todos los canales de entrada, y PEQ de 8 bandas, GEQ de 30 bandas, compresor, ANC, selector de fuente, limitador y retardo en todas las salidas de zona.<\/p>\n<p>El procesador AHM-16 se complementa con una amplio ecosistema de expansores remotos de audio, controladores remotos, interfaces, apps y software.<\/p>\n<p>Est\u00e1n disponibles varios expansores de audio, port\u00e1tiles, de montaje en rack o de montaje en pared, con diferentes protocolos de comunicaci\u00f3n.<\/p>\n<p>De forma opcional, permite la instalaci\u00f3n de una tarjeta Slink, que permite la conexi\u00f3n plug &amp; play de hasta 8 expansores remotos de la amplia gama Everthing I\/O de Allen &amp; Heath, que incluye varios expansores de audio, port\u00e1tiles, de montaje en rack o de montaje en pared, con diferentes protocolos de comunicaci\u00f3n. Con cientos de entradas y salidas direccionables, AHM puede afrontar cualquier proyecto, desde una sala \u00fanica a grandes espacios distribuidos.<\/p>\n<p>Tambi\u00e9n est\u00e1n disponibles una amplia gama de controladores remotos IP, que facilitaran el control del volumen, selecci\u00f3n de fuente musical, recuperaci\u00f3n de presets y mucho m\u00e1s. El sistema tambi\u00e9n puede integrar dispositivos fabricados por terceros a trav\u00e9s de GPIO, TCP\/IP o sistemas de control est\u00e1ndar de la industria. Con hasta 96 controladores IP remotos sobre una red TCP\/IP est\u00e1ndar, cada habitaci\u00f3n puede contar con su propio control local de volumen, selecci\u00f3n de fuente y recuperaci\u00f3n de preset.<\/p>\n<p>Adem\u00e1s de los controladores remotos, GPIO y la integraci\u00f3n con terceros, AHM-16 dispone de una pantalla y 4 SoftKeys programables en su panel frontal, que permiten un intuitivo control de volumen, selecci\u00f3n de fuente, recuperaci\u00f3n de presets y otras muchas operaciones.<\/p>\n<p>El editor Custom Control y la app desarrollados por Allen &amp; Heath ofrecen a\u00fan m\u00e1s opciones de control y la posibilidad de crear interfaces de usuario personalizados, para m\u00faltiples tipos de usuario y dispositivos.<\/p>\n<p>Custom Control es una app multiplataforma personalizable, que proporciona un sencillo y elegante control sobre los sistemas AHM. Ofrece:<\/p>\n<ul>\n<li>M\u00faltiples interfaces de usuario (por tipo de usuario o dispositivo)<\/li>\n<li>Fondo y gr\u00e1ficos personalizables<\/li>\n<li>Modo Kiosko<\/li>\n<li>Compatible BYOD<\/li>\n<li>Protecci\u00f3n por contrase\u00f1a, opcional<\/li>\n<li>Compatible iOS \/ Android \/ Windows \/ Mac<\/li>\n<\/ul>\n<p>El intuitivo software System Manager y la arquitectura flexible de AHM permiten una configuraci\u00f3n r\u00e1pida, sin necesidad de formaci\u00f3n previa en programaci\u00f3n.<\/p>\n<p>&nbsp;<\/p>\n<ul>\n<li>Matriz de procesado 16&#215;16<\/li>\n<li>E\/S anal\u00f3gica local 8&#215;8<\/li>\n<li>Puerto E\/S para red de audio, hasta 128&#215;128<\/li>\n<li>Tarjeta Dante 96kHz opcional (preparado para AES67 y DDM)<\/li>\n<li>Tarjeta opcional SLink 128&#215;128 para expansi\u00f3n de audio<\/li>\n<li>16 salidas configurables de procesado \u2013 zonas mono \/est\u00e9reo o procesado de altavoces<\/li>\n<li>N\u00facleo FPGA 96kHz con latencia ultra baja<\/li>\n<li>Pantalla y controles de navegaci\u00f3n en el panel frontal<\/li>\n<li>4x SoftKeys<\/li>\n<li>Compatible con los controladores remotos IP1, IP6, IP8<\/li>\n<li>GPIO local 2&#215;2, interface GPIO conectable en red<\/li>\n<li>Protocolo TCP\/IP para integraci\u00f3n de equipos de terceros<\/li>\n<li>Drivers Crestron, AMX y Extron<\/li>\n<li>Software de gesti\u00f3n de sistema Mac \/ Windows<\/li>\n<li>App Custom Control y editor para BYOD<\/li>\n<li>4 perfiles de usuario<\/li>\n<li>Reproducci\u00f3n est\u00e9reo integrada<\/li>\n<li>Programador de eventos<\/li>\n<\/ul>\n<p>&nbsp;<\/p>\n<p><strong>Tarjeta opcional Dante<\/strong><\/p>\n<ul>\n<li>64\u00d764 canales de audio y control a trav\u00e9s de red<\/li>\n<li>Funciona a 96kHz o 48kHz<\/li>\n<li>Dos puertos con modos redundante y conmutado<\/li>\n<li>Internal Control Network Bridge<\/li>\n<li>Conectores Ethercon con bloqueo<\/li>\n<li>Compatible Dante Domain Manager<\/li>\n<li>Compatible AES67<\/li>\n<\/ul>\n<p>&nbsp;<\/p>\n<p><strong>Herramientas de gesti\u00f3n de sonido<\/strong><\/p>\n<ul>\n<li>Mezclador Autom\u00e1tico de Micr\u00f3fonos<\/li>\n<li>ANC (Compensaci\u00f3n de Ruido Ambiente)<\/li>\n<li>Ducking de Prioridad<\/li>\n<li>PEQ de 8 bandas, din\u00e1mica y retardo en cada entrada y zona<\/li>\n<li>Procesador de altavoces con filtro crossover, retardo, limitador y PEQ.<\/li>\n<\/ul>\n<p>&nbsp;<\/p>\n","protected":false},"excerpt":{"rendered":"<h3>Procesador matricial de audio 16&#215;16 para instalaci\u00f3n<\/h3>\n<ul>\n<li>Procesado matricial 16&#215;16<\/li>\n<li>8&#215;8 E\/S anal\u00f3gicas locales<\/li>\n<li>Puerto E\/S para audio en red, hasta 128&#215;128<\/li>\n<li>Tarjeta opcional Dante 96kHz (compatible AES67 y DDM)<\/li>\n<li>Tarjeta opcional SLink 128&#215;128, para ampliaci\u00f3n de audio<\/li>\n<li>16 salidas de procesado configurable<\/li>\n<li>N\u00facleo FPGA 96kHz con latencia ultra baja<\/li>\n<li>Mezclador autom\u00e1tico de micr\u00f3fonos<\/li>\n<\/ul>\n","protected":false},"featured_media":25701,"template":"","meta":{"_acf_changed":false},"product_brand":[],"product_cat":[2183,1490,2184],"product_tag":[],"class_list":{"0":"post-25706","1":"product","2":"type-product","3":"status-publish","4":"has-post-thumbnail","6":"product_cat-matrices-instalacion","7":"product_cat-por-series-allen-heath","8":"product_cat-serie-ahm","9":"product_series-serie-ahm","11":"first","12":"instock","13":"shipping-taxable","14":"product-type-simple"},"acf":[],"yoast_head":"<!-- This site is optimized with the Yoast SEO plugin v27.1.1 - https:\/\/yoast.com\/product\/yoast-seo-wordpress\/ -->\n<title>AHM-16 - Audio-Technica Iberia<\/title>\n<meta name=\"robots\" content=\"index, follow, max-snippet:-1, max-image-preview:large, max-video-preview:-1\" \/>\n<link rel=\"canonical\" href=\"https:\/\/distribution.audio-technica.eu\/es-es\/productos\/ahm16\/\" \/>\n<meta property=\"og:locale\" content=\"es_ES\" \/>\n<meta property=\"og:type\" content=\"article\" \/>\n<meta property=\"og:title\" content=\"AHM-16 - Audio-Technica Iberia\" \/>\n<meta property=\"og:description\" content=\"Procesador matricial de audio 16x16 para instalaci\u00f3n   Procesado matricial 16x16  8x8 E\/S anal\u00f3gicas locales  Puerto E\/S para audio en red, hasta 128x128  Tarjeta opcional Dante 96kHz (compatible AES67 y DDM)  Tarjeta opcional SLink 128x128, para ampliaci\u00f3n de audio  16 salidas de procesado configurable  N\u00facleo FPGA 96kHz con latencia ultra baja  Mezclador autom\u00e1tico de micr\u00f3fonos\" \/>\n<meta property=\"og:url\" content=\"https:\/\/distribution.audio-technica.eu\/es-es\/productos\/ahm16\/\" \/>\n<meta property=\"og:site_name\" content=\"Audio-Technica Iberia\" \/>\n<meta property=\"article:modified_time\" content=\"2026-02-19T13:30:52+00:00\" \/>\n<meta property=\"og:image\" content=\"https:\/\/distribution.audio-technica.eu\/app\/uploads\/sites\/2\/AHM-16-Front-3Q-Left.jpg\" \/>\n\t<meta property=\"og:image:width\" content=\"1500\" \/>\n\t<meta property=\"og:image:height\" content=\"1500\" \/>\n\t<meta property=\"og:image:type\" content=\"image\/jpeg\" \/>\n<meta name=\"twitter:card\" content=\"summary_large_image\" \/>\n<meta name=\"twitter:label1\" content=\"Tiempo de lectura\" \/>\n\t<meta name=\"twitter:data1\" content=\"4 minutos\" \/>\n<script type=\"application\/ld+json\" class=\"yoast-schema-graph\">{\"@context\":\"https:\/\/schema.org\",\"@graph\":[{\"@type\":\"WebPage\",\"@id\":\"https:\/\/distribution.audio-technica.eu\/es-es\/productos\/ahm16\/\",\"url\":\"https:\/\/distribution.audio-technica.eu\/es-es\/productos\/ahm16\/\",\"name\":\"AHM-16 - Audio-Technica Iberia\",\"isPartOf\":{\"@id\":\"https:\/\/distribution.audio-technica.eu\/es-es\/#website\"},\"primaryImageOfPage\":{\"@id\":\"https:\/\/distribution.audio-technica.eu\/es-es\/productos\/ahm16\/#primaryimage\"},\"image\":{\"@id\":\"https:\/\/distribution.audio-technica.eu\/es-es\/productos\/ahm16\/#primaryimage\"},\"thumbnailUrl\":\"\/app\/uploads\/sites\/2\/AHM-16-Front-3Q-Left.jpg\",\"datePublished\":\"2022-01-12T08:00:54+00:00\",\"dateModified\":\"2026-02-19T13:30:52+00:00\",\"breadcrumb\":{\"@id\":\"https:\/\/distribution.audio-technica.eu\/es-es\/productos\/ahm16\/#breadcrumb\"},\"inLanguage\":\"es\",\"potentialAction\":[{\"@type\":\"ReadAction\",\"target\":[\"https:\/\/distribution.audio-technica.eu\/es-es\/productos\/ahm16\/\"]}]},{\"@type\":\"ImageObject\",\"inLanguage\":\"es\",\"@id\":\"https:\/\/distribution.audio-technica.eu\/es-es\/productos\/ahm16\/#primaryimage\",\"url\":\"\/app\/uploads\/sites\/2\/AHM-16-Front-3Q-Left.jpg\",\"contentUrl\":\"\/app\/uploads\/sites\/2\/AHM-16-Front-3Q-Left.jpg\",\"width\":1500,\"height\":1500},{\"@type\":\"BreadcrumbList\",\"@id\":\"https:\/\/distribution.audio-technica.eu\/es-es\/productos\/ahm16\/#breadcrumb\",\"itemListElement\":[{\"@type\":\"ListItem\",\"position\":1,\"name\":\"Products\",\"item\":\"https:\/\/distribution.audio-technica.eu\/es-es\/\"},{\"@type\":\"ListItem\",\"position\":2,\"name\":\"Productos\",\"item\":\"https:\/\/distribution.audio-technica.eu\/es-es\/productos\/\"},{\"@type\":\"ListItem\",\"position\":3,\"name\":\"AHM-16\"}]},{\"@type\":\"WebSite\",\"@id\":\"https:\/\/distribution.audio-technica.eu\/es-es\/#website\",\"url\":\"https:\/\/distribution.audio-technica.eu\/es-es\/\",\"name\":\"Audio-Technica Iberia\",\"description\":\"Distribuci\u00f3n\",\"potentialAction\":[{\"@type\":\"SearchAction\",\"target\":{\"@type\":\"EntryPoint\",\"urlTemplate\":\"https:\/\/distribution.audio-technica.eu\/es-es\/?s={search_term_string}\"},\"query-input\":{\"@type\":\"PropertyValueSpecification\",\"valueRequired\":true,\"valueName\":\"search_term_string\"}}],\"inLanguage\":\"es\"}]}<\/script>\n<!-- \/ Yoast SEO plugin. -->","yoast_head_json":{"title":"AHM-16 - Audio-Technica Iberia","robots":{"index":"index","follow":"follow","max-snippet":"max-snippet:-1","max-image-preview":"max-image-preview:large","max-video-preview":"max-video-preview:-1"},"canonical":"https:\/\/distribution.audio-technica.eu\/es-es\/productos\/ahm16\/","og_locale":"es_ES","og_type":"article","og_title":"AHM-16 - Audio-Technica Iberia","og_description":"Procesador matricial de audio 16x16 para instalaci\u00f3n   Procesado matricial 16x16  8x8 E\/S anal\u00f3gicas locales  Puerto E\/S para audio en red, hasta 128x128  Tarjeta opcional Dante 96kHz (compatible AES67 y DDM)  Tarjeta opcional SLink 128x128, para ampliaci\u00f3n de audio  16 salidas de procesado configurable  N\u00facleo FPGA 96kHz con latencia ultra baja  Mezclador autom\u00e1tico de micr\u00f3fonos","og_url":"https:\/\/distribution.audio-technica.eu\/es-es\/productos\/ahm16\/","og_site_name":"Audio-Technica Iberia","article_modified_time":"2026-02-19T13:30:52+00:00","og_image":[{"width":1500,"height":1500,"url":"https:\/\/distribution.audio-technica.eu\/app\/uploads\/sites\/2\/AHM-16-Front-3Q-Left.jpg","type":"image\/jpeg"}],"twitter_card":"summary_large_image","twitter_misc":{"Tiempo de lectura":"4 minutos"},"schema":{"@context":"https:\/\/schema.org","@graph":[{"@type":"WebPage","@id":"https:\/\/distribution.audio-technica.eu\/es-es\/productos\/ahm16\/","url":"https:\/\/distribution.audio-technica.eu\/es-es\/productos\/ahm16\/","name":"AHM-16 - Audio-Technica Iberia","isPartOf":{"@id":"https:\/\/distribution.audio-technica.eu\/es-es\/#website"},"primaryImageOfPage":{"@id":"https:\/\/distribution.audio-technica.eu\/es-es\/productos\/ahm16\/#primaryimage"},"image":{"@id":"https:\/\/distribution.audio-technica.eu\/es-es\/productos\/ahm16\/#primaryimage"},"thumbnailUrl":"\/app\/uploads\/sites\/2\/AHM-16-Front-3Q-Left.jpg","datePublished":"2022-01-12T08:00:54+00:00","dateModified":"2026-02-19T13:30:52+00:00","breadcrumb":{"@id":"https:\/\/distribution.audio-technica.eu\/es-es\/productos\/ahm16\/#breadcrumb"},"inLanguage":"es","potentialAction":[{"@type":"ReadAction","target":["https:\/\/distribution.audio-technica.eu\/es-es\/productos\/ahm16\/"]}]},{"@type":"ImageObject","inLanguage":"es","@id":"https:\/\/distribution.audio-technica.eu\/es-es\/productos\/ahm16\/#primaryimage","url":"\/app\/uploads\/sites\/2\/AHM-16-Front-3Q-Left.jpg","contentUrl":"\/app\/uploads\/sites\/2\/AHM-16-Front-3Q-Left.jpg","width":1500,"height":1500},{"@type":"BreadcrumbList","@id":"https:\/\/distribution.audio-technica.eu\/es-es\/productos\/ahm16\/#breadcrumb","itemListElement":[{"@type":"ListItem","position":1,"name":"Products","item":"https:\/\/distribution.audio-technica.eu\/es-es\/"},{"@type":"ListItem","position":2,"name":"Productos","item":"https:\/\/distribution.audio-technica.eu\/es-es\/productos\/"},{"@type":"ListItem","position":3,"name":"AHM-16"}]},{"@type":"WebSite","@id":"https:\/\/distribution.audio-technica.eu\/es-es\/#website","url":"https:\/\/distribution.audio-technica.eu\/es-es\/","name":"Audio-Technica Iberia","description":"Distribuci\u00f3n","potentialAction":[{"@type":"SearchAction","target":{"@type":"EntryPoint","urlTemplate":"https:\/\/distribution.audio-technica.eu\/es-es\/?s={search_term_string}"},"query-input":{"@type":"PropertyValueSpecification","valueRequired":true,"valueName":"search_term_string"}}],"inLanguage":"es"}]}},"_links":{"self":[{"href":"https:\/\/distribution.audio-technica.eu\/es-es\/wp-json\/wp\/v2\/product\/25706","targetHints":{"allow":["GET"]}}],"collection":[{"href":"https:\/\/distribution.audio-technica.eu\/es-es\/wp-json\/wp\/v2\/product"}],"about":[{"href":"https:\/\/distribution.audio-technica.eu\/es-es\/wp-json\/wp\/v2\/types\/product"}],"wp:featuredmedia":[{"embeddable":true,"href":"https:\/\/distribution.audio-technica.eu\/es-es\/wp-json\/wp\/v2\/media\/25701"}],"wp:attachment":[{"href":"https:\/\/distribution.audio-technica.eu\/es-es\/wp-json\/wp\/v2\/media?parent=25706"}],"wp:term":[{"taxonomy":"product_brand","embeddable":true,"href":"https:\/\/distribution.audio-technica.eu\/es-es\/wp-json\/wp\/v2\/product_brand?post=25706"},{"taxonomy":"product_cat","embeddable":true,"href":"https:\/\/distribution.audio-technica.eu\/es-es\/wp-json\/wp\/v2\/product_cat?post=25706"},{"taxonomy":"product_tag","embeddable":true,"href":"https:\/\/distribution.audio-technica.eu\/es-es\/wp-json\/wp\/v2\/product_tag?post=25706"}],"curies":[{"name":"wp","href":"https:\/\/api.w.org\/{rel}","templated":true}]}}