{"id":26105,"date":"2022-03-10T12:26:28","date_gmt":"2022-03-10T11:26:28","guid":{"rendered":"https:\/\/atdb-production.studiograft.dev\/es\/?post_type=product&#038;p=26105"},"modified":"2026-02-19T15:00:21","modified_gmt":"2026-02-19T14:00:21","slug":"up-6o","status":"publish","type":"product","link":"https:\/\/distribution.audio-technica.eu\/es-es\/productos\/up-6o\/","title":{"rendered":"Up 6O"},"content":{"rendered":"<h2>Up 6O<\/h2>\n<h3>Altavoz pasivo dos v\u00edas abierto, para techo, 6&#8243;, gama completa<\/h3>\n<p>Up 6O es un discreto altavoz de 6&#8243; para techos que proporciona una cobertura uniforme y un sonido claro y brillante para una amplia gama de entornos comerciales preocupados por los costes, desde hoteles y vest\u00edbulos a tiendas, bares y restaurantes.<\/p>\n<p>El Up 6O se suministra sin recinto posterior para facilitar su instalaci\u00f3n en techos que disponen de una cavidad de profundidad m\u00ednima. Incluye tambi\u00e9n un sistema de fijaci\u00f3n integral que permite realizar una instalaci\u00f3n simple y limpia. La rejilla perforada se presente acabada en blanco neutro.<\/p>\n<p>Up 6O incorpora un transductor de graves de 6\u2033 (162mm) emparejado con un tweeter de 0.7\u2033 (20mm) con c\u00fapula met\u00e1lica. Su car\u00e1cter sonoro de alta fidelidad lo convierte en una soluci\u00f3n ideal para la reproducci\u00f3n tanto de m\u00fasica como de locuciones. Su patr\u00f3n de cobertura c\u00f3nico de 110\u00b0 proporciona un sonido coherente en cualquier punto.<\/p>\n<p>Cada Up 6O puede funcionar con una serie de tomas de 70 \u00f3 100 voltios o a baja impedancia. El ajuste de 16 ohmios permite conectar hasta cuatro unidades a cada canal del amplificador a baja impedancia. La selecci\u00f3n de tomas se realiza mediante un interruptor giratorio situado detr\u00e1s de la rejilla extra\u00edble.<\/p>\n<p>La serie SmartAmp\u202fproporcionar\u00e1 los ajustes \u00f3ptimos de sonido, as\u00ed como limitadores para proteger los transductores cuando se trabaja con elevados niveles de sonido. Adem\u00e1s, el uso de\u202fZonePad\u202fy WebApp permitir\u00e1 que el ajuste y control del sistema por parte del usuario final resulte simple e intuitivo.<\/p>\n<p>Up es una serie que incluye altavoces pasivos destinados a ser montados en techos, y que ofrecen una cobertura uniforme y un sonido brillante y claro para a una amplia gama de entornos comerciales conscientes de los costos, desde hoteles y vest\u00edbulos hasta puntos de venta, bares y restaurantes.<\/p>\n<p>Estos altavoces para techo est\u00e1n acabados en blanco neutro, e incluyen un sistema integral de fijaci\u00f3n que permite una instalaci\u00f3n simple y limpia.<\/p>\n<p>&nbsp;<\/p>\n<p><strong>Caracter\u00edsticas Principales<\/strong><\/p>\n<ul>\n<li>Altavoz coaxial de 6&#8243; de gama completa<\/li>\n<li>Tama\u00f1o compacto sin cubierta trasera<\/li>\n<li>Dise\u00f1o discreto<\/li>\n<li>Varias tomas de potencia<\/li>\n<li>Funcionamiento a 16 ohm o con l\u00edneas de 70 V\/100 V<\/li>\n<li>Cobertura c\u00f3nica que simplifica el dise\u00f1o del sistema<\/li>\n<li>Hardware de montaje integrado<\/li>\n<li>Ideal para ser instalado en espacios reducidos<\/li>\n<li>Los SmartAmps y los productos Zone de Optimal Audio incluyen presets para Up 6O<\/li>\n<\/ul>\n<p>&nbsp;<\/p>\n<p><strong>Aplicaciones<\/strong><\/p>\n<p>Caf\u00e9s, bares\/restaurantes, comercios, salas para banquetes, hoteles, educaci\u00f3n, templos, oficinas corporativas, museos, gimnasios, residencial<\/p>\n","protected":false},"excerpt":{"rendered":"<h3>Altavoz pasivo dos v\u00edas abierto, para techo, 6&#8243;, gama completa<\/h3>\n<ul>\n<li>Altavoz coaxial de 6&#8243;<\/li>\n<li>Dise\u00f1o discreto de tama\u00f1o compacto sin cubierta trasera<\/li>\n<li>Funcionamiento a 16 ohm o con l\u00edneas de 70 V\/100 V<\/li>\n<li>Cobertura c\u00f3nica que simplifica el dise\u00f1o del sistema<\/li>\n<li>Hardware de montaje integrado<\/li>\n<li>Ideal para ser instalado en espacios reducidos<\/li>\n<\/ul>\n<p>&nbsp;<\/p>\n<p>&nbsp;<\/p>\n","protected":false},"featured_media":26111,"template":"","meta":{"_acf_changed":false},"product_brand":[],"product_cat":[2280,2281,2287],"product_tag":[],"class_list":{"0":"post-26105","1":"product","2":"type-product","3":"status-publish","4":"has-post-thumbnail","6":"product_cat-recintos-acusticos-optimal-audio","7":"product_cat-por-series-optimal-audio","8":"product_cat-serie-up","9":"product_series-serie-up","11":"first","12":"instock","13":"shipping-taxable","14":"product-type-simple"},"acf":[],"yoast_head":"<!-- This site is optimized with the Yoast SEO plugin v27.1.1 - https:\/\/yoast.com\/product\/yoast-seo-wordpress\/ -->\n<title>Up 6O - Audio-Technica Iberia<\/title>\n<meta name=\"robots\" content=\"index, follow, max-snippet:-1, max-image-preview:large, max-video-preview:-1\" \/>\n<link rel=\"canonical\" href=\"https:\/\/distribution.audio-technica.eu\/es-es\/productos\/up-6o\/\" \/>\n<meta property=\"og:locale\" content=\"es_ES\" \/>\n<meta property=\"og:type\" content=\"article\" \/>\n<meta property=\"og:title\" content=\"Up 6O - Audio-Technica Iberia\" \/>\n<meta property=\"og:description\" content=\"Altavoz pasivo dos v\u00edas abierto, para techo, 6&quot;, gama completa   Altavoz coaxial de 6&quot;  Dise\u00f1o discreto de tama\u00f1o compacto sin cubierta trasera  Funcionamiento a 16 ohm o con l\u00edneas de 70 V\/100 V  Cobertura c\u00f3nica que simplifica el dise\u00f1o del sistema  Hardware de montaje integrado  Ideal para ser instalado en espacios reducidos  &nbsp;  &nbsp;\" \/>\n<meta property=\"og:url\" content=\"https:\/\/distribution.audio-technica.eu\/es-es\/productos\/up-6o\/\" \/>\n<meta property=\"og:site_name\" content=\"Audio-Technica Iberia\" \/>\n<meta property=\"article:modified_time\" content=\"2026-02-19T14:00:21+00:00\" \/>\n<meta property=\"og:image\" content=\"https:\/\/distribution.audio-technica.eu\/app\/uploads\/sites\/2\/OA-Up-6O-Front-Cutout3.jpg\" \/>\n\t<meta property=\"og:image:width\" content=\"1350\" \/>\n\t<meta property=\"og:image:height\" content=\"1350\" \/>\n\t<meta property=\"og:image:type\" content=\"image\/jpeg\" \/>\n<meta name=\"twitter:card\" content=\"summary_large_image\" \/>\n<meta name=\"twitter:label1\" content=\"Tiempo de lectura\" \/>\n\t<meta name=\"twitter:data1\" content=\"3 minutos\" \/>\n<script type=\"application\/ld+json\" class=\"yoast-schema-graph\">{\"@context\":\"https:\/\/schema.org\",\"@graph\":[{\"@type\":\"WebPage\",\"@id\":\"https:\/\/distribution.audio-technica.eu\/es-es\/productos\/up-6o\/\",\"url\":\"https:\/\/distribution.audio-technica.eu\/es-es\/productos\/up-6o\/\",\"name\":\"Up 6O - Audio-Technica Iberia\",\"isPartOf\":{\"@id\":\"https:\/\/distribution.audio-technica.eu\/es-es\/#website\"},\"primaryImageOfPage\":{\"@id\":\"https:\/\/distribution.audio-technica.eu\/es-es\/productos\/up-6o\/#primaryimage\"},\"image\":{\"@id\":\"https:\/\/distribution.audio-technica.eu\/es-es\/productos\/up-6o\/#primaryimage\"},\"thumbnailUrl\":\"\/app\/uploads\/sites\/2\/OA-Up-6O-Front-Cutout3.jpg\",\"datePublished\":\"2022-03-10T11:26:28+00:00\",\"dateModified\":\"2026-02-19T14:00:21+00:00\",\"breadcrumb\":{\"@id\":\"https:\/\/distribution.audio-technica.eu\/es-es\/productos\/up-6o\/#breadcrumb\"},\"inLanguage\":\"es\",\"potentialAction\":[{\"@type\":\"ReadAction\",\"target\":[\"https:\/\/distribution.audio-technica.eu\/es-es\/productos\/up-6o\/\"]}]},{\"@type\":\"ImageObject\",\"inLanguage\":\"es\",\"@id\":\"https:\/\/distribution.audio-technica.eu\/es-es\/productos\/up-6o\/#primaryimage\",\"url\":\"\/app\/uploads\/sites\/2\/OA-Up-6O-Front-Cutout3.jpg\",\"contentUrl\":\"\/app\/uploads\/sites\/2\/OA-Up-6O-Front-Cutout3.jpg\",\"width\":1350,\"height\":1350},{\"@type\":\"BreadcrumbList\",\"@id\":\"https:\/\/distribution.audio-technica.eu\/es-es\/productos\/up-6o\/#breadcrumb\",\"itemListElement\":[{\"@type\":\"ListItem\",\"position\":1,\"name\":\"Products\",\"item\":\"https:\/\/distribution.audio-technica.eu\/es-es\/\"},{\"@type\":\"ListItem\",\"position\":2,\"name\":\"Productos\",\"item\":\"https:\/\/distribution.audio-technica.eu\/es-es\/productos\/\"},{\"@type\":\"ListItem\",\"position\":3,\"name\":\"Up 6O\"}]},{\"@type\":\"WebSite\",\"@id\":\"https:\/\/distribution.audio-technica.eu\/es-es\/#website\",\"url\":\"https:\/\/distribution.audio-technica.eu\/es-es\/\",\"name\":\"Audio-Technica Iberia\",\"description\":\"Distribuci\u00f3n\",\"potentialAction\":[{\"@type\":\"SearchAction\",\"target\":{\"@type\":\"EntryPoint\",\"urlTemplate\":\"https:\/\/distribution.audio-technica.eu\/es-es\/?s={search_term_string}\"},\"query-input\":{\"@type\":\"PropertyValueSpecification\",\"valueRequired\":true,\"valueName\":\"search_term_string\"}}],\"inLanguage\":\"es\"}]}<\/script>\n<!-- \/ Yoast SEO plugin. -->","yoast_head_json":{"title":"Up 6O - Audio-Technica Iberia","robots":{"index":"index","follow":"follow","max-snippet":"max-snippet:-1","max-image-preview":"max-image-preview:large","max-video-preview":"max-video-preview:-1"},"canonical":"https:\/\/distribution.audio-technica.eu\/es-es\/productos\/up-6o\/","og_locale":"es_ES","og_type":"article","og_title":"Up 6O - Audio-Technica Iberia","og_description":"Altavoz pasivo dos v\u00edas abierto, para techo, 6\", gama completa   Altavoz coaxial de 6\"  Dise\u00f1o discreto de tama\u00f1o compacto sin cubierta trasera  Funcionamiento a 16 ohm o con l\u00edneas de 70 V\/100 V  Cobertura c\u00f3nica que simplifica el dise\u00f1o del sistema  Hardware de montaje integrado  Ideal para ser instalado en espacios reducidos  &nbsp;  &nbsp;","og_url":"https:\/\/distribution.audio-technica.eu\/es-es\/productos\/up-6o\/","og_site_name":"Audio-Technica Iberia","article_modified_time":"2026-02-19T14:00:21+00:00","og_image":[{"width":1350,"height":1350,"url":"https:\/\/distribution.audio-technica.eu\/app\/uploads\/sites\/2\/OA-Up-6O-Front-Cutout3.jpg","type":"image\/jpeg"}],"twitter_card":"summary_large_image","twitter_misc":{"Tiempo de lectura":"3 minutos"},"schema":{"@context":"https:\/\/schema.org","@graph":[{"@type":"WebPage","@id":"https:\/\/distribution.audio-technica.eu\/es-es\/productos\/up-6o\/","url":"https:\/\/distribution.audio-technica.eu\/es-es\/productos\/up-6o\/","name":"Up 6O - Audio-Technica Iberia","isPartOf":{"@id":"https:\/\/distribution.audio-technica.eu\/es-es\/#website"},"primaryImageOfPage":{"@id":"https:\/\/distribution.audio-technica.eu\/es-es\/productos\/up-6o\/#primaryimage"},"image":{"@id":"https:\/\/distribution.audio-technica.eu\/es-es\/productos\/up-6o\/#primaryimage"},"thumbnailUrl":"\/app\/uploads\/sites\/2\/OA-Up-6O-Front-Cutout3.jpg","datePublished":"2022-03-10T11:26:28+00:00","dateModified":"2026-02-19T14:00:21+00:00","breadcrumb":{"@id":"https:\/\/distribution.audio-technica.eu\/es-es\/productos\/up-6o\/#breadcrumb"},"inLanguage":"es","potentialAction":[{"@type":"ReadAction","target":["https:\/\/distribution.audio-technica.eu\/es-es\/productos\/up-6o\/"]}]},{"@type":"ImageObject","inLanguage":"es","@id":"https:\/\/distribution.audio-technica.eu\/es-es\/productos\/up-6o\/#primaryimage","url":"\/app\/uploads\/sites\/2\/OA-Up-6O-Front-Cutout3.jpg","contentUrl":"\/app\/uploads\/sites\/2\/OA-Up-6O-Front-Cutout3.jpg","width":1350,"height":1350},{"@type":"BreadcrumbList","@id":"https:\/\/distribution.audio-technica.eu\/es-es\/productos\/up-6o\/#breadcrumb","itemListElement":[{"@type":"ListItem","position":1,"name":"Products","item":"https:\/\/distribution.audio-technica.eu\/es-es\/"},{"@type":"ListItem","position":2,"name":"Productos","item":"https:\/\/distribution.audio-technica.eu\/es-es\/productos\/"},{"@type":"ListItem","position":3,"name":"Up 6O"}]},{"@type":"WebSite","@id":"https:\/\/distribution.audio-technica.eu\/es-es\/#website","url":"https:\/\/distribution.audio-technica.eu\/es-es\/","name":"Audio-Technica Iberia","description":"Distribuci\u00f3n","potentialAction":[{"@type":"SearchAction","target":{"@type":"EntryPoint","urlTemplate":"https:\/\/distribution.audio-technica.eu\/es-es\/?s={search_term_string}"},"query-input":{"@type":"PropertyValueSpecification","valueRequired":true,"valueName":"search_term_string"}}],"inLanguage":"es"}]}},"_links":{"self":[{"href":"https:\/\/distribution.audio-technica.eu\/es-es\/wp-json\/wp\/v2\/product\/26105","targetHints":{"allow":["GET"]}}],"collection":[{"href":"https:\/\/distribution.audio-technica.eu\/es-es\/wp-json\/wp\/v2\/product"}],"about":[{"href":"https:\/\/distribution.audio-technica.eu\/es-es\/wp-json\/wp\/v2\/types\/product"}],"wp:featuredmedia":[{"embeddable":true,"href":"https:\/\/distribution.audio-technica.eu\/es-es\/wp-json\/wp\/v2\/media\/26111"}],"wp:attachment":[{"href":"https:\/\/distribution.audio-technica.eu\/es-es\/wp-json\/wp\/v2\/media?parent=26105"}],"wp:term":[{"taxonomy":"product_brand","embeddable":true,"href":"https:\/\/distribution.audio-technica.eu\/es-es\/wp-json\/wp\/v2\/product_brand?post=26105"},{"taxonomy":"product_cat","embeddable":true,"href":"https:\/\/distribution.audio-technica.eu\/es-es\/wp-json\/wp\/v2\/product_cat?post=26105"},{"taxonomy":"product_tag","embeddable":true,"href":"https:\/\/distribution.audio-technica.eu\/es-es\/wp-json\/wp\/v2\/product_tag?post=26105"}],"curies":[{"name":"wp","href":"https:\/\/api.w.org\/{rel}","templated":true}]}}