{"id":26364,"date":"2022-05-23T15:00:24","date_gmt":"2022-05-23T13:00:24","guid":{"rendered":"https:\/\/atdb-production.studiograft.dev\/es\/?post_type=product&#038;p=26364"},"modified":"2026-02-19T14:43:47","modified_gmt":"2026-02-19T13:43:47","slug":"evo-16","status":"publish","type":"product","link":"https:\/\/distribution.audio-technica.eu\/es-es\/productos\/evo-16\/","title":{"rendered":"EVO 16"},"content":{"rendered":"<h2>EVO 16<\/h2>\n<h3>Interface de audio USB de 24 entradas\/24 salidas<\/h3>\n<p>EVO 16 es un interface de audio equipado con 24 entradas y 24 salidas que incorpora tambi\u00e9n 8 de los premiados preamplificadores EVO, la m\u00e1s avanzada tecnolog\u00eda de conversi\u00f3n y el ingenioso sistema Smartgain que puede ser utilizado simult\u00e1neamente en los ocho canales. Todo ello pone de manifiesto el compromiso de EVO para proporcionar un sistema de grabaci\u00f3n f\u00e1cil de utilizar y de la m\u00e1s alta calidad. A todo esto hay que sumarle el revolucionario sistema de control Motion UI y una amplia disponibilidad de entradas y salidas capaz de afrontar cualquier sesi\u00f3n, cualquiera que sea su complejidad, y la posibilidad de ampliaci\u00f3n del sistema.<\/p>\n<p>Los preamplificadores anal\u00f3gicos EVO, apoyados por 25 a\u00f1os de investigaci\u00f3n y desarrollo, han sido dise\u00f1ados para proporcionar el sonido m\u00e1s preciso, limpio y natural, cualquiera que sea la fuente. Ofrecen un sonido profesional de calidad sorprendente, con 58 dB de ganancia y una ausencia total de distorsi\u00f3n y ruido. No solo ofrecen todas las ventajas y calor de los preamplificadores microf\u00f3nicos anal\u00f3gicos, sino que a\u00f1aden tambi\u00e9n la precisi\u00f3n controlada digitalmente.<\/p>\n<p>Su avanzada tecnolog\u00eda de conversi\u00f3n ofrece una enorme gama din\u00e1mica de 121 dB y la inclusi\u00f3n de la tecnolog\u00eda Smartgain facilita enormemente el trabajo. Smartgain ajusta simult\u00e1neamente y de forma totalmente autom\u00e1tica la ganancia de los ocho canales, simplemente pulsando un bot\u00f3n. La tecnolog\u00eda del ultra r\u00e1pido algoritmo Smartgain utiliza un an\u00e1lisis de picos avanzado para analizar, ajustar y establecer autom\u00e1ticamente la ganancia en los niveles perfectos, y esto se realiza en menos de 20 segundos. Funciona de forma simult\u00e1nea en los 8 canales de micro, evitando el recorte y ahorrando una enorme cantidad de tiempo y problemas.<\/p>\n<p>EVO 16 incorpora tambi\u00e9n el nuevo y potente sistema de control Motion UI, que ha sido dise\u00f1ado para cambiar el modo como el usuario interact\u00faa con su interface de audio. Es el primer interface que incluye una pantalla en color de alta resoluci\u00f3n que muestra de forma inteligente toda la informaci\u00f3n que necesita el usuario, permitiendo que el uso de EVO 16 se convierta en una experiencia totalmente inmersiva y muy f\u00e1cil de utilizar.<\/p>\n<p>Cada ajuste, cada detalle o cada pulsaci\u00f3n en un bot\u00f3n se muestra en tiempo real sobre el display LCD TFT retroiluminado de 240 x 240, permitiendo una sencilla navegaci\u00f3n a trav\u00e9s de las posibilidades del hardware, realizar cambios sobre la\u00a0 marcha y tener un control total sobre la sesi\u00f3n de grabaci\u00f3n sin tener que atender al ordenador. Adem\u00e1s, la tecnolog\u00eda IPS permite que la informaci\u00f3n que aparece en la pantalla sea legible sin importar cual sea el \u00e1ngulo de visi\u00f3n.<\/p>\n<p>Pulsando de forma moment\u00e1nea un bot\u00f3n de entrada o salida, se muestra el nombre del canal, los niveles y las funciones activadas para ese canal en concreto. Tambi\u00e9n se cuenta con medidores de visualizaci\u00f3n de los niveles, de forma c\u00edclica, sobre todas las entradas y salidas.<\/p>\n<p>Dise\u00f1ado para agilizar el trabajo, el sistema One-Knob-Control le permite desplazarse a trav\u00e9s de todas las prestaciones que ofrece el hardware de EVO 16 desde un punto centralizado. Gracias al bot\u00f3n de funci\u00f3n personalizable, es posible asignar cualquier de los avanzados controles de monitorizaci\u00f3n de EVO 16 al bot\u00f3n de funci\u00f3n programable.<\/p>\n<p>EVO 16 est\u00e1 preparado para que el usuario pueda ampliar su sistema cuando lo desee, gracias a la presencia de dos entradas y dos salidas \u00f3pticas, que soportan tanto ADAT como SPDIF, lo que facilita a\u00f1adir hasta 16 canales de preamplificador microf\u00f3nico al sistema.<\/p>\n<p>EVO 16 incorpora ocho salidas de l\u00ednea, dos salidas espec\u00edficas para auriculares (dotadas de su propio amplificador) y dos entradas JFET para instrumento, dise\u00f1adas para replicar la etapa de entrada de los amplificadores a v\u00e1lvulas cl\u00e1sicos. Tambi\u00e9n es posible utilizar las salidas de l\u00ednea para enviar audio a equipos externos, tales como compresores o unidades FX.<\/p>\n<p>EVO 16 ofrece amplias funcionalidades de monitorizaci\u00f3n. Es posible conmutar entre dos pares de monitores usando la funci\u00f3n ALT Monitor, comprobar la mezcla en mono o comunicarse con el artista usando la funci\u00f3n Talkback. Esta \u00faltima permite utilizar cualquier fuente conectada al ordenador como fuente de talkback; por ejemplo un micr\u00f3fono USB, liberando as\u00ed los valiosos preamplificadores. Todas estas posibilidades son accesibles desde el panel frontal de la unidad, con la ventaja adicional de que es posible personalizar qu\u00e9 control es asignado al bot\u00f3n F.<\/p>\n<p>EVO 16 utiliza USB de alta velocidad, que permite monitorizaci\u00f3n con latencia ultra baja. El EVO Mixer permite ajustar y direccionar las entradas y salidas f\u00e1cilmente, con latencia ultra baja, ajustar mezclas de auriculares personalizadas para el m\u00fasico y mucho m\u00e1s. Es compatible con MacOS y Windows.<\/p>\n<p>La unidad cuenta con un s\u00f3lido chasis de acero, un brillante display adecuado para cualquier iluminaci\u00f3n y que permite su visualizaci\u00f3n desde cualquier \u00e1ngulo y puede ser utilizada tanto en formato sobremesa (con patas de goma antideslizantes), como instalado en un rack (con la ayuda de las orejas de rack opcionales).<\/p>\n<p>Compatible con la inmensa mayor\u00eda de paquetes de software de audio y plugins, EVO 16 se entrega acompa\u00f1ado de una colecci\u00f3n de software profesional de grabaci\u00f3n, incluyendo Cubase LE.<\/p>\n<ul>\n<li>8 x preamplificadores microf\u00f3nicos EVO con Smartgain<\/li>\n<li>2 x entradas JFET para instrumento<\/li>\n<li>2 x salidas independientes para auriculares<\/li>\n<li>8 x salidas l\u00ednea<\/li>\n<li>2 x entradas \u00f3pticas<\/li>\n<li>2 x salidas \u00f3pticas<\/li>\n<li>Smartgain multicanal<\/li>\n<li>Sistema de control &#8216;EVO Motion UI&#8217;\n<ul>\n<li>Pantalla LCD de alta resoluci\u00f3n<\/li>\n<li>Control centralizado en un \u00fanico bot\u00f3n<\/li>\n<li>Medidores ultra claros<\/li>\n<li>Control entrada \/ salida<\/li>\n<li>Indicaci\u00f3n de estado del canal<\/li>\n<\/ul>\n<\/li>\n<li>Bot\u00f3n de funci\u00f3n programable<\/li>\n<li>Software de mezcla con latencia ultra baja<\/li>\n<li>Control de monitor<\/li>\n<li>Bucle de retorno de audio<\/li>\n<li>Salida Word Clock<\/li>\n<li>USB2.0 (conexi\u00f3n USB-C)<\/li>\n<li>Software + Plugins gratuitos<\/li>\n<\/ul>\n<p>&nbsp;<\/p>\n","protected":false},"excerpt":{"rendered":"<h3>Interface de audio USB de 24 entradas\/24 salidas<\/h3>\n<ul>\n<li>24 entradas \/ 24 salidas<\/li>\n<li>24bit \/ 96kHz<\/li>\n<li>8 preamplificadores microf\u00f3nicos EVO con Smartgain (simult\u00e1neo en los 8 canales)<\/li>\n<li>Entradas y salidas \u00f3pticas<\/li>\n<li>2 entradas JFET para instrumento<\/li>\n<li>8 salidas l\u00ednea<\/li>\n<li>Incluye una colecci\u00f3n de software profesional de grabaci\u00f3n<\/li>\n<\/ul>\n<p>&nbsp;<\/p>\n<p>&nbsp;<\/p>\n","protected":false},"featured_media":26363,"template":"","meta":{"_acf_changed":false},"product_brand":[],"product_cat":[1316,1313,2169],"product_tag":[],"class_list":{"0":"post-26364","1":"product","2":"type-product","3":"status-publish","4":"has-post-thumbnail","6":"product_cat-interfaces-de-audio","7":"product_cat-por-series-audient","8":"product_cat-serie-evo","9":"product_series-serie-evo","11":"first","12":"instock","13":"shipping-taxable","14":"product-type-simple"},"acf":[],"yoast_head":"<!-- This site is optimized with the Yoast SEO plugin v27.1.1 - https:\/\/yoast.com\/product\/yoast-seo-wordpress\/ -->\n<title>EVO 16 - Audio-Technica Iberia<\/title>\n<meta name=\"robots\" content=\"index, follow, max-snippet:-1, max-image-preview:large, max-video-preview:-1\" \/>\n<link rel=\"canonical\" href=\"https:\/\/distribution.audio-technica.eu\/es-es\/productos\/evo-16\/\" \/>\n<meta property=\"og:locale\" content=\"es_ES\" \/>\n<meta property=\"og:type\" content=\"article\" \/>\n<meta property=\"og:title\" content=\"EVO 16 - Audio-Technica Iberia\" \/>\n<meta property=\"og:description\" content=\"Interface de audio USB de 24 entradas\/24 salidas   24 entradas \/ 24 salidas  24bit \/ 96kHz  8 preamplificadores microf\u00f3nicos EVO con Smartgain (simult\u00e1neo en los 8 canales)  Entradas y salidas \u00f3pticas  2 entradas JFET para instrumento  8 salidas l\u00ednea  Incluye una colecci\u00f3n de software profesional de grabaci\u00f3n  &nbsp;  &nbsp;\" \/>\n<meta property=\"og:url\" content=\"https:\/\/distribution.audio-technica.eu\/es-es\/productos\/evo-16\/\" \/>\n<meta property=\"og:site_name\" content=\"Audio-Technica Iberia\" \/>\n<meta property=\"article:modified_time\" content=\"2026-02-19T13:43:47+00:00\" \/>\n<meta property=\"og:image\" content=\"https:\/\/distribution.audio-technica.eu\/app\/uploads\/sites\/2\/Audient-EVO-16-Artistic-01-White.jpg\" \/>\n\t<meta property=\"og:image:width\" content=\"2000\" \/>\n\t<meta property=\"og:image:height\" content=\"2000\" \/>\n\t<meta property=\"og:image:type\" content=\"image\/jpeg\" \/>\n<meta name=\"twitter:card\" content=\"summary_large_image\" \/>\n<meta name=\"twitter:label1\" content=\"Tiempo de lectura\" \/>\n\t<meta name=\"twitter:data1\" content=\"5 minutos\" \/>\n<script type=\"application\/ld+json\" class=\"yoast-schema-graph\">{\"@context\":\"https:\/\/schema.org\",\"@graph\":[{\"@type\":\"WebPage\",\"@id\":\"https:\/\/distribution.audio-technica.eu\/es-es\/productos\/evo-16\/\",\"url\":\"https:\/\/distribution.audio-technica.eu\/es-es\/productos\/evo-16\/\",\"name\":\"EVO 16 - Audio-Technica Iberia\",\"isPartOf\":{\"@id\":\"https:\/\/distribution.audio-technica.eu\/es-es\/#website\"},\"primaryImageOfPage\":{\"@id\":\"https:\/\/distribution.audio-technica.eu\/es-es\/productos\/evo-16\/#primaryimage\"},\"image\":{\"@id\":\"https:\/\/distribution.audio-technica.eu\/es-es\/productos\/evo-16\/#primaryimage\"},\"thumbnailUrl\":\"\/app\/uploads\/sites\/2\/Audient-EVO-16-Artistic-01-White.jpg\",\"datePublished\":\"2022-05-23T13:00:24+00:00\",\"dateModified\":\"2026-02-19T13:43:47+00:00\",\"breadcrumb\":{\"@id\":\"https:\/\/distribution.audio-technica.eu\/es-es\/productos\/evo-16\/#breadcrumb\"},\"inLanguage\":\"es\",\"potentialAction\":[{\"@type\":\"ReadAction\",\"target\":[\"https:\/\/distribution.audio-technica.eu\/es-es\/productos\/evo-16\/\"]}]},{\"@type\":\"ImageObject\",\"inLanguage\":\"es\",\"@id\":\"https:\/\/distribution.audio-technica.eu\/es-es\/productos\/evo-16\/#primaryimage\",\"url\":\"\/app\/uploads\/sites\/2\/Audient-EVO-16-Artistic-01-White.jpg\",\"contentUrl\":\"\/app\/uploads\/sites\/2\/Audient-EVO-16-Artistic-01-White.jpg\",\"width\":2000,\"height\":2000},{\"@type\":\"BreadcrumbList\",\"@id\":\"https:\/\/distribution.audio-technica.eu\/es-es\/productos\/evo-16\/#breadcrumb\",\"itemListElement\":[{\"@type\":\"ListItem\",\"position\":1,\"name\":\"Products\",\"item\":\"https:\/\/distribution.audio-technica.eu\/es-es\/\"},{\"@type\":\"ListItem\",\"position\":2,\"name\":\"Productos\",\"item\":\"https:\/\/distribution.audio-technica.eu\/es-es\/productos\/\"},{\"@type\":\"ListItem\",\"position\":3,\"name\":\"EVO 16\"}]},{\"@type\":\"WebSite\",\"@id\":\"https:\/\/distribution.audio-technica.eu\/es-es\/#website\",\"url\":\"https:\/\/distribution.audio-technica.eu\/es-es\/\",\"name\":\"Audio-Technica Iberia\",\"description\":\"Distribuci\u00f3n\",\"potentialAction\":[{\"@type\":\"SearchAction\",\"target\":{\"@type\":\"EntryPoint\",\"urlTemplate\":\"https:\/\/distribution.audio-technica.eu\/es-es\/?s={search_term_string}\"},\"query-input\":{\"@type\":\"PropertyValueSpecification\",\"valueRequired\":true,\"valueName\":\"search_term_string\"}}],\"inLanguage\":\"es\"}]}<\/script>\n<!-- \/ Yoast SEO plugin. -->","yoast_head_json":{"title":"EVO 16 - Audio-Technica Iberia","robots":{"index":"index","follow":"follow","max-snippet":"max-snippet:-1","max-image-preview":"max-image-preview:large","max-video-preview":"max-video-preview:-1"},"canonical":"https:\/\/distribution.audio-technica.eu\/es-es\/productos\/evo-16\/","og_locale":"es_ES","og_type":"article","og_title":"EVO 16 - Audio-Technica Iberia","og_description":"Interface de audio USB de 24 entradas\/24 salidas   24 entradas \/ 24 salidas  24bit \/ 96kHz  8 preamplificadores microf\u00f3nicos EVO con Smartgain (simult\u00e1neo en los 8 canales)  Entradas y salidas \u00f3pticas  2 entradas JFET para instrumento  8 salidas l\u00ednea  Incluye una colecci\u00f3n de software profesional de grabaci\u00f3n  &nbsp;  &nbsp;","og_url":"https:\/\/distribution.audio-technica.eu\/es-es\/productos\/evo-16\/","og_site_name":"Audio-Technica Iberia","article_modified_time":"2026-02-19T13:43:47+00:00","og_image":[{"width":2000,"height":2000,"url":"https:\/\/distribution.audio-technica.eu\/app\/uploads\/sites\/2\/Audient-EVO-16-Artistic-01-White.jpg","type":"image\/jpeg"}],"twitter_card":"summary_large_image","twitter_misc":{"Tiempo de lectura":"5 minutos"},"schema":{"@context":"https:\/\/schema.org","@graph":[{"@type":"WebPage","@id":"https:\/\/distribution.audio-technica.eu\/es-es\/productos\/evo-16\/","url":"https:\/\/distribution.audio-technica.eu\/es-es\/productos\/evo-16\/","name":"EVO 16 - Audio-Technica Iberia","isPartOf":{"@id":"https:\/\/distribution.audio-technica.eu\/es-es\/#website"},"primaryImageOfPage":{"@id":"https:\/\/distribution.audio-technica.eu\/es-es\/productos\/evo-16\/#primaryimage"},"image":{"@id":"https:\/\/distribution.audio-technica.eu\/es-es\/productos\/evo-16\/#primaryimage"},"thumbnailUrl":"\/app\/uploads\/sites\/2\/Audient-EVO-16-Artistic-01-White.jpg","datePublished":"2022-05-23T13:00:24+00:00","dateModified":"2026-02-19T13:43:47+00:00","breadcrumb":{"@id":"https:\/\/distribution.audio-technica.eu\/es-es\/productos\/evo-16\/#breadcrumb"},"inLanguage":"es","potentialAction":[{"@type":"ReadAction","target":["https:\/\/distribution.audio-technica.eu\/es-es\/productos\/evo-16\/"]}]},{"@type":"ImageObject","inLanguage":"es","@id":"https:\/\/distribution.audio-technica.eu\/es-es\/productos\/evo-16\/#primaryimage","url":"\/app\/uploads\/sites\/2\/Audient-EVO-16-Artistic-01-White.jpg","contentUrl":"\/app\/uploads\/sites\/2\/Audient-EVO-16-Artistic-01-White.jpg","width":2000,"height":2000},{"@type":"BreadcrumbList","@id":"https:\/\/distribution.audio-technica.eu\/es-es\/productos\/evo-16\/#breadcrumb","itemListElement":[{"@type":"ListItem","position":1,"name":"Products","item":"https:\/\/distribution.audio-technica.eu\/es-es\/"},{"@type":"ListItem","position":2,"name":"Productos","item":"https:\/\/distribution.audio-technica.eu\/es-es\/productos\/"},{"@type":"ListItem","position":3,"name":"EVO 16"}]},{"@type":"WebSite","@id":"https:\/\/distribution.audio-technica.eu\/es-es\/#website","url":"https:\/\/distribution.audio-technica.eu\/es-es\/","name":"Audio-Technica Iberia","description":"Distribuci\u00f3n","potentialAction":[{"@type":"SearchAction","target":{"@type":"EntryPoint","urlTemplate":"https:\/\/distribution.audio-technica.eu\/es-es\/?s={search_term_string}"},"query-input":{"@type":"PropertyValueSpecification","valueRequired":true,"valueName":"search_term_string"}}],"inLanguage":"es"}]}},"_links":{"self":[{"href":"https:\/\/distribution.audio-technica.eu\/es-es\/wp-json\/wp\/v2\/product\/26364","targetHints":{"allow":["GET"]}}],"collection":[{"href":"https:\/\/distribution.audio-technica.eu\/es-es\/wp-json\/wp\/v2\/product"}],"about":[{"href":"https:\/\/distribution.audio-technica.eu\/es-es\/wp-json\/wp\/v2\/types\/product"}],"wp:featuredmedia":[{"embeddable":true,"href":"https:\/\/distribution.audio-technica.eu\/es-es\/wp-json\/wp\/v2\/media\/26363"}],"wp:attachment":[{"href":"https:\/\/distribution.audio-technica.eu\/es-es\/wp-json\/wp\/v2\/media?parent=26364"}],"wp:term":[{"taxonomy":"product_brand","embeddable":true,"href":"https:\/\/distribution.audio-technica.eu\/es-es\/wp-json\/wp\/v2\/product_brand?post=26364"},{"taxonomy":"product_cat","embeddable":true,"href":"https:\/\/distribution.audio-technica.eu\/es-es\/wp-json\/wp\/v2\/product_cat?post=26364"},{"taxonomy":"product_tag","embeddable":true,"href":"https:\/\/distribution.audio-technica.eu\/es-es\/wp-json\/wp\/v2\/product_tag?post=26364"}],"curies":[{"name":"wp","href":"https:\/\/api.w.org\/{rel}","templated":true}]}}