{"id":26397,"date":"2022-05-31T16:00:03","date_gmt":"2022-05-31T14:00:03","guid":{"rendered":"https:\/\/atdb-production.studiograft.dev\/es\/?post_type=product&#038;p=26397"},"modified":"2026-02-19T14:47:05","modified_gmt":"2026-02-19T13:47:05","slug":"id44","status":"publish","type":"product","link":"https:\/\/distribution.audio-technica.eu\/es-es\/productos\/id44\/","title":{"rendered":"iD44"},"content":{"rendered":"<h2>iD44<\/h2>\n<h3><strong>Interface de audio 20 entradas | 24 salidas<\/strong><\/h3>\n<p>&nbsp;<\/p>\n<h5>Tus grabaciones, mejoradas<\/h5>\n<p>Te presentamos el iD44, el interface de audio dise\u00f1ado para productores e ingenieros. Equipado con cuatro previos de micr\u00f3fono de consola Audient, avanzados conversores AD\/DA de 32 bits y dos inserciones anal\u00f3gicas totalmente balanceadas, el iD44 combina sin esfuerzo un rendimiento de audio excepcional con una gran facilidad de uso. A esto se suman funciones profesionales imprescindibles como salidas dobles para auriculares, expansi\u00f3n v\u00eda ADAT y control de monitores personalizable, lo que hace que sea extremadamente f\u00e1cil obtener resultados con calidad de estudio.<\/p>\n<p>&nbsp;<\/p>\n<h5>4 Previos de micro de consola Audient<\/h5>\n<p>Suena mejor que nunca con el previo de micr\u00f3fono de consola Audient. Con 70\u202fdB de ganancia, ruido ultrabajo y baja distorsi\u00f3n, acompa\u00f1ado de un toque del caracter\u00edstico calor anal\u00f3gico cl\u00e1sico.<\/p>\n<p>Los cuatro previos de micr\u00f3fono de consola Audient del iD44 aseguran una captura limpia, precisa y fiel a la fuente de audio.<\/p>\n<p><strong>\u00bfC\u00f3mo suena?<\/strong><br \/>\nEl previo de micr\u00f3fono de Audient es un dise\u00f1o realizado con amplificadores operacionales de alta calidad totalmente discretos, que ofrece una reproducci\u00f3n limpia, precisa y detallada de la fuente sonora.<\/p>\n<p><strong>Eso s\u00ed que es silencioso<br \/>\n<\/strong>Con un nivel de ruido 30.000 veces inferior al nivel de la se\u00f1al, tus grabaciones se capturar\u00e1n con una claridad asombrosa.<\/p>\n<p>&nbsp;<\/p>\n<h5>Preamplificadores de micr\u00f3fono anal\u00f3gicos reales<\/h5>\n<p>Es exactamente el mismo dise\u00f1o de circuito de previo de micr\u00f3fono totalmente anal\u00f3gico y discreto que se encuentra en nuestra reconocida consola de grabaci\u00f3n ASP8024-HE. <strong>Sin emulaciones, sin imitaciones, solo aut\u00e9nticos previos de consola anal\u00f3gica en tu estudio.<\/strong><\/p>\n<p>&nbsp;<\/p>\n<h5><strong>\u00a0<\/strong>Avanzada tecnolog\u00eda de conversores de 32-bit<\/h5>\n<p><strong>\u00a0<\/strong>Utilizando tecnolog\u00eda de conversi\u00f3n AD\/DA de 32 bits para minimizar la p\u00e9rdida de calidad y maximizar el rendimiento durante la conversi\u00f3n, iD44 garantiza que el audio suene m\u00e1s limpio, claro y preciso que nunca. Y con una impresionante gama din\u00e1mica de 126,5\u202fdB, podr\u00e1s escuchar mejor los matices m\u00e1s sutiles e identificar problemas con mayor rapidez, lo que te permitir\u00e1 mezclar con confianza y lograr resultados listos para publicaci\u00f3n.<\/p>\n<ul>\n<li>Gama din\u00e1mica de 126,5 dB (DAC)<\/li>\n<li>Gama din\u00e1mica de 122 dB (ADC)<\/li>\n<\/ul>\n<p>&nbsp;<\/p>\n<h5>Inserciones balanceadas para integraci\u00f3n de equipos externos<\/h5>\n<p>Integra tus efectos externos favoritos antes de la conversi\u00f3n y empieza a crear cadenas de se\u00f1al que rivalicen con las mejores. Y gracias al acceso directo a los conversores A\/D, el iD44 te ofrece la ruta de se\u00f1al m\u00e1s limpia posible para integrar fuentes externas de nivel de l\u00ednea, ideal para mezclas por stems y regrabaciones (print-backs<strong>)<\/strong>.<\/p>\n<ul>\n<li>Graba con efectos externos<\/li>\n<li>Mezcla con efectos externos<\/li>\n<li>Graba con previo externo<\/li>\n<\/ul>\n<p>Para los usuarios que deseen grabar con previos de micr\u00f3fono anal\u00f3gicos externos, los Retornos de iD44 permiten omitir el previo de micr\u00f3fono Audient, ofreciendo una ruta de conversi\u00f3n s\u00faper limpia y directa para la grabaci\u00f3n.<\/p>\n<p>&nbsp;<\/p>\n<h5>Entradas JFET para instrumentos<\/h5>\n<p>D\u00e1le a tus simulaciones de amplificador la calidez anal\u00f3gica y el car\u00e1cter que les faltaban. Dise\u00f1ada para replicar la etapa de entrada de un amplificador a v\u00e1lvulas cl\u00e1sico, las <strong>dos entradas JFET para instrumento que incorpora<\/strong> el <strong>iD44<\/strong>, que aportan gran riqueza arm\u00f3nica, te ofrecen la base sonora perfecta para guitarras y bajos.<\/p>\n<p>&nbsp;<\/p>\n<h5>Expandirse y conquistar<\/h5>\n<p>Dise\u00f1ado para crecer con tus necesidades, iD44 te permite configurar tu estudio con facilidad para afrontar sesiones m\u00e1s grandes, como la grabaci\u00f3n de bater\u00edas o de una banda en directo, gracias a sus conexiones de entrada y salida \u00f3pticas. Compatible con ADAT y SPDIF, ahora puedes ampliar tus entradas y salidas y a\u00f1adir hasta 16 canales de previos de micr\u00f3fono a su sistema, en cualquier momento.<\/p>\n<p>&nbsp;<\/p>\n<h5>Control avanzado de monitorizaci\u00f3n<\/h5>\n<p>iD44 no solo destaca como un potente interface de audio USB-C, sino que tambi\u00e9n ofrece conectividad y control de monitorizaci\u00f3n con calidad de estudio, asegurando que puedas controlar y escuchar tu audio con precisi\u00f3n, en todo momento.<\/p>\n<p><strong>Salidas para auriculares<br \/>\n<\/strong>Mezcla con total confianza usando auriculares gracias a los dos amplificadores de auriculares de calidad profesional incluidos en<strong> iD44<\/strong>, capaces de manejar auriculares de hasta 600 ohmios. Y con conectores jack de \u00bc\u201d y mini-jack en la Salida de Auriculares 1,\u00a0 iD44 te permite conectar hasta tres pares de auriculares, facilitando al m\u00e1ximo el trabajo con artistas.<\/p>\n<p><strong>Salidas para altavoz<br \/>\n<\/strong>Conecta y escucha tus mezclas a trav\u00e9s de dos pares de monitores, gracias a las cuatro salidas de l\u00ednea que incorpora iD44, ideales para comprobar c\u00f3mo se traducen tus mezclas entre diferentes sistemas de escucha. Tambi\u00e9n puedes utilizar las salidas de l\u00ednea adicionales para enviar audio a un amplificador de auriculares externo y distribuirlo a tus artistas.<\/p>\n<p><strong>Controles Dim y Mute<br \/>\n<\/strong>iD44 est\u00e1 equipado con botones exclusivamente dedicados a las funciones Dim y Mute, que te permiten reducir r\u00e1pidamente el volumen o hablar con un artista, sin necesidad de acceder al software.<\/p>\n<p><strong>Control personalizable<br \/>\n<\/strong>Asigna cualquiera de las funciones avanzadas de monitorizaci\u00f3n del iD44, como el cambio de monitores, la inversi\u00f3n de polaridad o la suma en mono, a cualquiera de los botones de funci\u00f3n configurables por el usuario. Esto har\u00e1 que tu flujo de trabajo se vuelva mucho m\u00e1s sencillo.<\/p>\n<p><strong>Control Talkback<br \/>\n<\/strong>El control espec\u00edfico para la funci\u00f3n talkback que incluye iD44 te permite utilizar cualquier fuente de audio conectada a tu ordenador \u2014como un micr\u00f3fono integrado o USB\u2014 como micr\u00f3fono de talkback, liberando as\u00ed valiosos previos de micr\u00f3fono para la grabaci\u00f3n.<\/p>\n<p>&nbsp;<\/p>\n<h5>Experimenta una latencia ultrabaja<\/h5>\n<p>El software mezclador iD integra de forma precisa el hardware y el software, permiti\u00e9ndote configurar f\u00e1cilmente monitorizaci\u00f3n directa con baja latencia, crear hasta cuatro mezclas est\u00e9reo de monitorizaci\u00f3n para artista<strong>s<\/strong>, nombrar y personalizar canales, guardar presets de configuraci\u00f3n, asignar funciones a los botones f\u00edsicos y configurar r\u00e1pidamente el direccionamiento avanzado, todo desde una aplicaci\u00f3n f\u00e1cil de usar.<\/p>\n<p>&nbsp;<\/p>\n<h5>Ideal para streamers<\/h5>\n<p><strong>\u00a0<\/strong>Ahora equipado con retorno de audio (Audio Loop-back), el iD44 puede transformarse r\u00e1pidamente en una potente herramienta multifunci\u00f3n. Te permite capturar el audio reproducido por varias aplicaciones en tu ordenador al mismo tiempo que el de tus micr\u00f3fonos, y crear una mezcla de audio personalizada lista para enviar a tu software de streaming. Es ideal para creadores de contenido, podcasters y streamers.<\/p>\n<ul>\n<li>Graba el audio del sistema de su ordenador<\/li>\n<li>Env\u00eda audio a streaming en directo.<\/li>\n<li>Graba videollamadas con invitados<\/li>\n<li>Graba audio de videojuegos<\/li>\n<\/ul>\n<p>&nbsp;<\/p>\n<h5>Construcci\u00f3n totalmente met\u00e1lica<\/h5>\n<p>El <strong>iD44<\/strong> no solo ofrece un gran aspecto, sino que tambi\u00e9n ofrece una excelente sensaci\u00f3n al tacto. Su dise\u00f1o totalmente met\u00e1lico, los mandos de aluminio mecanizados a mano y la cuidadosa selecci\u00f3n de componentes de alta calidad lo convierten en la opci\u00f3n perfecta para el uso diario, ya sea grabando en casa o en la carretera.<\/p>\n<p>&nbsp;<\/p>\n<h5>Software y plug-ins gratuitos<\/h5>\n<p>Con un paquete gratuito de software creativo que incluye Cubase LE, junto con plugins e instrumentos virtuales l\u00edderes del sector, puedes empezar a grabar nada m\u00e1s abrir la caja.<\/p>\n<p>&nbsp;<\/p>\n<h5>3 a\u00f1os de garant\u00eda<\/h5>\n<p>Todos nuestros productos incluyen una garant\u00eda limitada de tres a\u00f1os que te garantiza adem\u00e1s de protecci\u00f3n, la tranquilidad al elegir Audient.<\/p>\n<p>&nbsp;<\/p>\n<ul>\n<li>Avanzados conversores AD\/DA de 32 bit<\/li>\n<li>Entradas\n<ul>\n<li>4 preamplificadores de micr\u00f3fono de consola Audient<\/li>\n<li>Conmutadores +48V, Pad, y HPF<\/li>\n<li>2 inserciones anal\u00f3gicas totalmente balanceadas<\/li>\n<li>2 entradas JFET para instrumento<\/li>\n<li>2 entradas digitales (ADAT + S\/PDIF)<\/li>\n<\/ul>\n<\/li>\n<li>Salidas\n<ul>\n<li>2 salidas altavoz est\u00e9reo<\/li>\n<li>2 salidas para auriculares<\/li>\n<li>2 salidas digitales (ADAT + S\/PDIF)<\/li>\n<li>1 salida Word Clock<\/li>\n<\/ul>\n<\/li>\n<li>Control avanzado de monitorizaci\u00f3n\n<ul>\n<li>Controles espec\u00edficos para funciones Mute, Dim y Talkback<\/li>\n<li>Conmutaci\u00f3n altavoces, Mono, Inversi\u00f3n de polaridad<\/li>\n<li>3 Teclas de funci\u00f3n configurables por el usuario<\/li>\n<\/ul>\n<\/li>\n<li>Medici\u00f3n de salida en hardware<\/li>\n<li>Software mezclador de latencia ultrabaja (Monitorizaci\u00f3n Directa)<\/li>\n<li>Retorno de audio<\/li>\n<li>Modo Aut\u00f3nomo<\/li>\n<li>Conmutador encendido<\/li>\n<li>Compatible USB 2.0<\/li>\n<li>24bit\/96khz<\/li>\n<li>Compatible Mac y Windows<\/li>\n<li>Dise\u00f1o totalmente met\u00e1lico<\/li>\n<li>3 a\u00f1os de garant\u00eda<\/li>\n<li>Software + Plugins gratuitos<\/li>\n<\/ul>\n","protected":false},"excerpt":{"rendered":"<h3><strong>Interface de audio 20 entradas | 24 salidas<\/strong><\/h3>\n<ul class=\"summary\">\n<li>4 preamplificadores microf\u00f3nicos de consola Audient (24bit | 96kHz)<\/li>\n<li>2 inserciones balanceadas<\/li>\n<li>2 salidas para auriculares (Soporta hasta 600 Ohms)<\/li>\n<li>2 entradas JFET para instrumentos<\/li>\n<li>4 salidas de l\u00ednea<\/li>\n<li>2 Entradas + Salidas ADAT<\/li>\n<li>Compatible USB 2.0<\/li>\n<li>Gama din\u00e1mica de 126,5 dB<\/li>\n<li>Ganancia del preamplificador microf\u00f3nico de 70 dB<\/li>\n<li>Compatible macOS + Windows<\/li>\n<\/ul>\n","protected":false},"featured_media":40840,"template":"","meta":{"_acf_changed":false},"product_brand":[],"product_cat":[1316,1313,1317],"product_tag":[],"class_list":{"0":"post-26397","1":"product","2":"type-product","3":"status-publish","4":"has-post-thumbnail","6":"product_cat-interfaces-de-audio","7":"product_cat-por-series-audient","8":"product_cat-serie-id","9":"product_series-serie-id","11":"first","12":"instock","13":"shipping-taxable","14":"product-type-simple"},"acf":[],"yoast_head":"<!-- This site is optimized with the Yoast SEO plugin v27.1.1 - https:\/\/yoast.com\/product\/yoast-seo-wordpress\/ -->\n<title>iD44 - Audio-Technica Iberia<\/title>\n<meta name=\"robots\" content=\"index, follow, max-snippet:-1, max-image-preview:large, max-video-preview:-1\" \/>\n<link rel=\"canonical\" href=\"https:\/\/distribution.audio-technica.eu\/es-es\/productos\/id44\/\" \/>\n<meta property=\"og:locale\" content=\"es_ES\" \/>\n<meta property=\"og:type\" content=\"article\" \/>\n<meta property=\"og:title\" content=\"iD44 - Audio-Technica Iberia\" \/>\n<meta property=\"og:description\" content=\"Interface de audio 20 entradas | 24 salidas   4 preamplificadores microf\u00f3nicos de consola Audient (24bit | 96kHz)  2 inserciones balanceadas  2 salidas para auriculares (Soporta hasta 600 Ohms)  2 entradas JFET para instrumentos  4 salidas de l\u00ednea  2 Entradas + Salidas ADAT  Compatible USB 2.0  Gama din\u00e1mica de 126,5 dB  Ganancia del preamplificador microf\u00f3nico de 70 dB  Compatible macOS + Windows\" \/>\n<meta property=\"og:url\" content=\"https:\/\/distribution.audio-technica.eu\/es-es\/productos\/id44\/\" \/>\n<meta property=\"og:site_name\" content=\"Audio-Technica Iberia\" \/>\n<meta property=\"article:modified_time\" content=\"2026-02-19T13:47:05+00:00\" \/>\n<meta property=\"og:image\" content=\"https:\/\/distribution.audio-technica.eu\/app\/uploads\/sites\/2\/Audient-iD44-Front-Above2.jpg\" \/>\n\t<meta property=\"og:image:width\" content=\"2000\" \/>\n\t<meta property=\"og:image:height\" content=\"2000\" \/>\n\t<meta property=\"og:image:type\" content=\"image\/jpeg\" \/>\n<meta name=\"twitter:card\" content=\"summary_large_image\" \/>\n<meta name=\"twitter:label1\" content=\"Tiempo de lectura\" \/>\n\t<meta name=\"twitter:data1\" content=\"6 minutos\" \/>\n<script type=\"application\/ld+json\" class=\"yoast-schema-graph\">{\"@context\":\"https:\/\/schema.org\",\"@graph\":[{\"@type\":\"WebPage\",\"@id\":\"https:\/\/distribution.audio-technica.eu\/es-es\/productos\/id44\/\",\"url\":\"https:\/\/distribution.audio-technica.eu\/es-es\/productos\/id44\/\",\"name\":\"iD44 - Audio-Technica Iberia\",\"isPartOf\":{\"@id\":\"https:\/\/distribution.audio-technica.eu\/es-es\/#website\"},\"primaryImageOfPage\":{\"@id\":\"https:\/\/distribution.audio-technica.eu\/es-es\/productos\/id44\/#primaryimage\"},\"image\":{\"@id\":\"https:\/\/distribution.audio-technica.eu\/es-es\/productos\/id44\/#primaryimage\"},\"thumbnailUrl\":\"\/app\/uploads\/sites\/2\/Audient-iD44-Front-Above2.jpg\",\"datePublished\":\"2022-05-31T14:00:03+00:00\",\"dateModified\":\"2026-02-19T13:47:05+00:00\",\"breadcrumb\":{\"@id\":\"https:\/\/distribution.audio-technica.eu\/es-es\/productos\/id44\/#breadcrumb\"},\"inLanguage\":\"es\",\"potentialAction\":[{\"@type\":\"ReadAction\",\"target\":[\"https:\/\/distribution.audio-technica.eu\/es-es\/productos\/id44\/\"]}]},{\"@type\":\"ImageObject\",\"inLanguage\":\"es\",\"@id\":\"https:\/\/distribution.audio-technica.eu\/es-es\/productos\/id44\/#primaryimage\",\"url\":\"\/app\/uploads\/sites\/2\/Audient-iD44-Front-Above2.jpg\",\"contentUrl\":\"\/app\/uploads\/sites\/2\/Audient-iD44-Front-Above2.jpg\",\"width\":2000,\"height\":2000},{\"@type\":\"BreadcrumbList\",\"@id\":\"https:\/\/distribution.audio-technica.eu\/es-es\/productos\/id44\/#breadcrumb\",\"itemListElement\":[{\"@type\":\"ListItem\",\"position\":1,\"name\":\"Products\",\"item\":\"https:\/\/distribution.audio-technica.eu\/es-es\/\"},{\"@type\":\"ListItem\",\"position\":2,\"name\":\"Productos\",\"item\":\"https:\/\/distribution.audio-technica.eu\/es-es\/productos\/\"},{\"@type\":\"ListItem\",\"position\":3,\"name\":\"iD44\"}]},{\"@type\":\"WebSite\",\"@id\":\"https:\/\/distribution.audio-technica.eu\/es-es\/#website\",\"url\":\"https:\/\/distribution.audio-technica.eu\/es-es\/\",\"name\":\"Audio-Technica Iberia\",\"description\":\"Distribuci\u00f3n\",\"potentialAction\":[{\"@type\":\"SearchAction\",\"target\":{\"@type\":\"EntryPoint\",\"urlTemplate\":\"https:\/\/distribution.audio-technica.eu\/es-es\/?s={search_term_string}\"},\"query-input\":{\"@type\":\"PropertyValueSpecification\",\"valueRequired\":true,\"valueName\":\"search_term_string\"}}],\"inLanguage\":\"es\"}]}<\/script>\n<!-- \/ Yoast SEO plugin. -->","yoast_head_json":{"title":"iD44 - Audio-Technica Iberia","robots":{"index":"index","follow":"follow","max-snippet":"max-snippet:-1","max-image-preview":"max-image-preview:large","max-video-preview":"max-video-preview:-1"},"canonical":"https:\/\/distribution.audio-technica.eu\/es-es\/productos\/id44\/","og_locale":"es_ES","og_type":"article","og_title":"iD44 - Audio-Technica Iberia","og_description":"Interface de audio 20 entradas | 24 salidas   4 preamplificadores microf\u00f3nicos de consola Audient (24bit | 96kHz)  2 inserciones balanceadas  2 salidas para auriculares (Soporta hasta 600 Ohms)  2 entradas JFET para instrumentos  4 salidas de l\u00ednea  2 Entradas + Salidas ADAT  Compatible USB 2.0  Gama din\u00e1mica de 126,5 dB  Ganancia del preamplificador microf\u00f3nico de 70 dB  Compatible macOS + Windows","og_url":"https:\/\/distribution.audio-technica.eu\/es-es\/productos\/id44\/","og_site_name":"Audio-Technica Iberia","article_modified_time":"2026-02-19T13:47:05+00:00","og_image":[{"width":2000,"height":2000,"url":"https:\/\/distribution.audio-technica.eu\/app\/uploads\/sites\/2\/Audient-iD44-Front-Above2.jpg","type":"image\/jpeg"}],"twitter_card":"summary_large_image","twitter_misc":{"Tiempo de lectura":"6 minutos"},"schema":{"@context":"https:\/\/schema.org","@graph":[{"@type":"WebPage","@id":"https:\/\/distribution.audio-technica.eu\/es-es\/productos\/id44\/","url":"https:\/\/distribution.audio-technica.eu\/es-es\/productos\/id44\/","name":"iD44 - Audio-Technica Iberia","isPartOf":{"@id":"https:\/\/distribution.audio-technica.eu\/es-es\/#website"},"primaryImageOfPage":{"@id":"https:\/\/distribution.audio-technica.eu\/es-es\/productos\/id44\/#primaryimage"},"image":{"@id":"https:\/\/distribution.audio-technica.eu\/es-es\/productos\/id44\/#primaryimage"},"thumbnailUrl":"\/app\/uploads\/sites\/2\/Audient-iD44-Front-Above2.jpg","datePublished":"2022-05-31T14:00:03+00:00","dateModified":"2026-02-19T13:47:05+00:00","breadcrumb":{"@id":"https:\/\/distribution.audio-technica.eu\/es-es\/productos\/id44\/#breadcrumb"},"inLanguage":"es","potentialAction":[{"@type":"ReadAction","target":["https:\/\/distribution.audio-technica.eu\/es-es\/productos\/id44\/"]}]},{"@type":"ImageObject","inLanguage":"es","@id":"https:\/\/distribution.audio-technica.eu\/es-es\/productos\/id44\/#primaryimage","url":"\/app\/uploads\/sites\/2\/Audient-iD44-Front-Above2.jpg","contentUrl":"\/app\/uploads\/sites\/2\/Audient-iD44-Front-Above2.jpg","width":2000,"height":2000},{"@type":"BreadcrumbList","@id":"https:\/\/distribution.audio-technica.eu\/es-es\/productos\/id44\/#breadcrumb","itemListElement":[{"@type":"ListItem","position":1,"name":"Products","item":"https:\/\/distribution.audio-technica.eu\/es-es\/"},{"@type":"ListItem","position":2,"name":"Productos","item":"https:\/\/distribution.audio-technica.eu\/es-es\/productos\/"},{"@type":"ListItem","position":3,"name":"iD44"}]},{"@type":"WebSite","@id":"https:\/\/distribution.audio-technica.eu\/es-es\/#website","url":"https:\/\/distribution.audio-technica.eu\/es-es\/","name":"Audio-Technica Iberia","description":"Distribuci\u00f3n","potentialAction":[{"@type":"SearchAction","target":{"@type":"EntryPoint","urlTemplate":"https:\/\/distribution.audio-technica.eu\/es-es\/?s={search_term_string}"},"query-input":{"@type":"PropertyValueSpecification","valueRequired":true,"valueName":"search_term_string"}}],"inLanguage":"es"}]}},"_links":{"self":[{"href":"https:\/\/distribution.audio-technica.eu\/es-es\/wp-json\/wp\/v2\/product\/26397","targetHints":{"allow":["GET"]}}],"collection":[{"href":"https:\/\/distribution.audio-technica.eu\/es-es\/wp-json\/wp\/v2\/product"}],"about":[{"href":"https:\/\/distribution.audio-technica.eu\/es-es\/wp-json\/wp\/v2\/types\/product"}],"wp:featuredmedia":[{"embeddable":true,"href":"https:\/\/distribution.audio-technica.eu\/es-es\/wp-json\/wp\/v2\/media\/40840"}],"wp:attachment":[{"href":"https:\/\/distribution.audio-technica.eu\/es-es\/wp-json\/wp\/v2\/media?parent=26397"}],"wp:term":[{"taxonomy":"product_brand","embeddable":true,"href":"https:\/\/distribution.audio-technica.eu\/es-es\/wp-json\/wp\/v2\/product_brand?post=26397"},{"taxonomy":"product_cat","embeddable":true,"href":"https:\/\/distribution.audio-technica.eu\/es-es\/wp-json\/wp\/v2\/product_cat?post=26397"},{"taxonomy":"product_tag","embeddable":true,"href":"https:\/\/distribution.audio-technica.eu\/es-es\/wp-json\/wp\/v2\/product_tag?post=26397"}],"curies":[{"name":"wp","href":"https:\/\/api.w.org\/{rel}","templated":true}]}}