{"id":26854,"date":"2022-09-12T16:17:53","date_gmt":"2022-09-12T14:17:53","guid":{"rendered":"https:\/\/atdb-production.studiograft.dev\/es\/?post_type=product&#038;p=26854"},"modified":"2023-10-25T19:25:26","modified_gmt":"2023-10-25T17:25:26","slug":"stealth-1","status":"publish","type":"product","link":"https:\/\/distribution.audio-technica.eu\/es-es\/productos\/stealth-1\/","title":{"rendered":"Stealth 1"},"content":{"rendered":"<h2>Stealth 1<\/h2>\n<h3>Sistema inal\u00e1mbrico UHF XLR mono<\/h3>\n<p>Stealth 1 le ofrece la posibilidad de disponer de una conexi\u00f3n inal\u00e1mbrica en cualquier lugar donde se precise. Se trata de un sistema inal\u00e1mbrico UHF mono port\u00e1til, una poderosa herramienta que cualquier t\u00e9cnico de sonido debe incluir en su arsenal de recursos. Gracias a Stealth 1, cualquier conexi\u00f3n XLR puede convertirse de forma r\u00e1pida y f\u00e1cil en una conexi\u00f3n inal\u00e1mbrica: mezcladores, altavoces autoamplificados, equipos externos, e incluso micr\u00f3fonos din\u00e1micos. El sistema inal\u00e1mbrico Stealth 1 est\u00e1 formado por un receptor, un transmisor y 2 cables micro USB a USB-A.<\/p>\n<p>Stealth 1 ofrece unas caracter\u00edsticas que garantizan una eficaz cobertura de todas las necesidades del usuario. Con un alcance de m\u00e1s de 30 metros (l\u00ednea de visi\u00f3n) podr\u00e1 disponer de la libertad, rapidez y eficiencia de no tener que desplegar cableados. Gracias a la presencia de 9 canales UHF seleccionables, se evita la presencia de molestas interferencias. Y gracias a su autonom\u00eda ilimitada cuando es alimentado a trav\u00e9s de USB, o a su autonom\u00eda de m\u00e1s de cuatro horas cuando se alimenta por medio de una \u00fanica bater\u00eda de tipo AA, se garantiza un funcionamiento impecable a los largo de todo el espect\u00e1culo.<\/p>\n<ul>\n<li>9 canales UHF seleccionables<\/li>\n<li>M\u00e1s de 4 horas de autonom\u00eda utilizando una \u00fanica bater\u00eda AA<\/li>\n<li>Alcance de m\u00e1s de 30 metros (l\u00ednea de visi\u00f3n)<\/li>\n<li>Autonom\u00eda ilimitada si se alimenta a trav\u00e9s de USB<\/li>\n<li>Compatible con se\u00f1ales de nivel de micro y l\u00ednea<\/li>\n<li>Funcionamiento mono de frecuencia \u00fanica<\/li>\n<li>Vers\u00e1til, compacto y c\u00f3modo<\/li>\n<\/ul>\n<p>&nbsp;<\/p>\n","protected":false},"excerpt":{"rendered":"<h3>Sistema inal\u00e1mbrico UHF XLR mono<\/h3>\n<ul class=\"summary\">\n<li>9 canales UHF seleccionables<\/li>\n<li>M\u00e1s de 4 horas de autonom\u00eda utilizando una \u00fanica bater\u00eda AA<\/li>\n<li>Alcance de m\u00e1s de 30 metros (l\u00ednea de visi\u00f3n)<\/li>\n<li>Autonom\u00eda ilimitada si se alimenta a trav\u00e9s de USB<\/li>\n<li>Compatible con se\u00f1ales de nivel de micro y l\u00ednea<\/li>\n<li>Funcionamiento mono de frecuencia \u00fanica<\/li>\n<li>Vers\u00e1til, compacto y c\u00f3modo<\/li>\n<\/ul>\n<p>&nbsp;<\/p>\n","protected":false},"featured_media":26860,"template":"","meta":{"_acf_changed":false},"product_brand":[],"product_cat":[1328,1325,1329],"product_tag":[],"class_list":{"0":"post-26854","1":"product","2":"type-product","3":"status-publish","4":"has-post-thumbnail","6":"product_cat-sistemas-inalambricos","7":"product_cat-por-series-alto-professional","8":"product_cat-serie-stealth-wireless","9":"product_series-serie-stealth-wireless","11":"first","12":"instock","13":"shipping-taxable","14":"product-type-simple"},"acf":[],"yoast_head":"<!-- This site is optimized with the Yoast SEO plugin v27.1.1 - https:\/\/yoast.com\/product\/yoast-seo-wordpress\/ -->\n<title>Stealth 1 - Audio-Technica Iberia<\/title>\n<meta name=\"robots\" content=\"index, follow, max-snippet:-1, max-image-preview:large, max-video-preview:-1\" \/>\n<link rel=\"canonical\" href=\"https:\/\/distribution.audio-technica.eu\/es-es\/productos\/stealth-1\/\" \/>\n<meta property=\"og:locale\" content=\"es_ES\" \/>\n<meta property=\"og:type\" content=\"article\" \/>\n<meta property=\"og:title\" content=\"Stealth 1 - Audio-Technica Iberia\" \/>\n<meta property=\"og:description\" content=\"Sistema inal\u00e1mbrico UHF XLR mono  9 canales UHF seleccionables  M\u00e1s de 4 horas de autonom\u00eda utilizando una \u00fanica bater\u00eda AA  Alcance de m\u00e1s de 30 metros (l\u00ednea de visi\u00f3n)  Autonom\u00eda ilimitada si se alimenta a trav\u00e9s de USB  Compatible con se\u00f1ales de nivel de micro y l\u00ednea  Funcionamiento mono de frecuencia \u00fanica  Vers\u00e1til, compacto y c\u00f3modo &nbsp;\" \/>\n<meta property=\"og:url\" content=\"https:\/\/distribution.audio-technica.eu\/es-es\/productos\/stealth-1\/\" \/>\n<meta property=\"og:site_name\" content=\"Audio-Technica Iberia\" \/>\n<meta property=\"article:modified_time\" content=\"2023-10-25T17:25:26+00:00\" \/>\n<meta property=\"og:image\" content=\"https:\/\/distribution.audio-technica.eu\/app\/uploads\/sites\/2\/Alto_Stealth1-Set.jpg\" \/>\n\t<meta property=\"og:image:width\" content=\"2000\" \/>\n\t<meta property=\"og:image:height\" content=\"2000\" \/>\n\t<meta property=\"og:image:type\" content=\"image\/jpeg\" \/>\n<meta name=\"twitter:card\" content=\"summary_large_image\" \/>\n<meta name=\"twitter:label1\" content=\"Tiempo de lectura\" \/>\n\t<meta name=\"twitter:data1\" content=\"1 minuto\" \/>\n<script type=\"application\/ld+json\" class=\"yoast-schema-graph\">{\"@context\":\"https:\/\/schema.org\",\"@graph\":[{\"@type\":\"WebPage\",\"@id\":\"https:\/\/distribution.audio-technica.eu\/es-es\/productos\/stealth-1\/\",\"url\":\"https:\/\/distribution.audio-technica.eu\/es-es\/productos\/stealth-1\/\",\"name\":\"Stealth 1 - Audio-Technica Iberia\",\"isPartOf\":{\"@id\":\"https:\/\/distribution.audio-technica.eu\/es-es\/#website\"},\"primaryImageOfPage\":{\"@id\":\"https:\/\/distribution.audio-technica.eu\/es-es\/productos\/stealth-1\/#primaryimage\"},\"image\":{\"@id\":\"https:\/\/distribution.audio-technica.eu\/es-es\/productos\/stealth-1\/#primaryimage\"},\"thumbnailUrl\":\"\/app\/uploads\/sites\/2\/Alto_Stealth1-Set.jpg\",\"datePublished\":\"2022-09-12T14:17:53+00:00\",\"dateModified\":\"2023-10-25T17:25:26+00:00\",\"breadcrumb\":{\"@id\":\"https:\/\/distribution.audio-technica.eu\/es-es\/productos\/stealth-1\/#breadcrumb\"},\"inLanguage\":\"es\",\"potentialAction\":[{\"@type\":\"ReadAction\",\"target\":[\"https:\/\/distribution.audio-technica.eu\/es-es\/productos\/stealth-1\/\"]}]},{\"@type\":\"ImageObject\",\"inLanguage\":\"es\",\"@id\":\"https:\/\/distribution.audio-technica.eu\/es-es\/productos\/stealth-1\/#primaryimage\",\"url\":\"\/app\/uploads\/sites\/2\/Alto_Stealth1-Set.jpg\",\"contentUrl\":\"\/app\/uploads\/sites\/2\/Alto_Stealth1-Set.jpg\",\"width\":2000,\"height\":2000},{\"@type\":\"BreadcrumbList\",\"@id\":\"https:\/\/distribution.audio-technica.eu\/es-es\/productos\/stealth-1\/#breadcrumb\",\"itemListElement\":[{\"@type\":\"ListItem\",\"position\":1,\"name\":\"Products\",\"item\":\"https:\/\/distribution.audio-technica.eu\/es-es\/\"},{\"@type\":\"ListItem\",\"position\":2,\"name\":\"Productos\",\"item\":\"https:\/\/distribution.audio-technica.eu\/es-es\/productos\/\"},{\"@type\":\"ListItem\",\"position\":3,\"name\":\"Stealth 1\"}]},{\"@type\":\"WebSite\",\"@id\":\"https:\/\/distribution.audio-technica.eu\/es-es\/#website\",\"url\":\"https:\/\/distribution.audio-technica.eu\/es-es\/\",\"name\":\"Audio-Technica Iberia\",\"description\":\"Distribuci\u00f3n\",\"potentialAction\":[{\"@type\":\"SearchAction\",\"target\":{\"@type\":\"EntryPoint\",\"urlTemplate\":\"https:\/\/distribution.audio-technica.eu\/es-es\/?s={search_term_string}\"},\"query-input\":{\"@type\":\"PropertyValueSpecification\",\"valueRequired\":true,\"valueName\":\"search_term_string\"}}],\"inLanguage\":\"es\"}]}<\/script>\n<!-- \/ Yoast SEO plugin. -->","yoast_head_json":{"title":"Stealth 1 - Audio-Technica Iberia","robots":{"index":"index","follow":"follow","max-snippet":"max-snippet:-1","max-image-preview":"max-image-preview:large","max-video-preview":"max-video-preview:-1"},"canonical":"https:\/\/distribution.audio-technica.eu\/es-es\/productos\/stealth-1\/","og_locale":"es_ES","og_type":"article","og_title":"Stealth 1 - Audio-Technica Iberia","og_description":"Sistema inal\u00e1mbrico UHF XLR mono  9 canales UHF seleccionables  M\u00e1s de 4 horas de autonom\u00eda utilizando una \u00fanica bater\u00eda AA  Alcance de m\u00e1s de 30 metros (l\u00ednea de visi\u00f3n)  Autonom\u00eda ilimitada si se alimenta a trav\u00e9s de USB  Compatible con se\u00f1ales de nivel de micro y l\u00ednea  Funcionamiento mono de frecuencia \u00fanica  Vers\u00e1til, compacto y c\u00f3modo &nbsp;","og_url":"https:\/\/distribution.audio-technica.eu\/es-es\/productos\/stealth-1\/","og_site_name":"Audio-Technica Iberia","article_modified_time":"2023-10-25T17:25:26+00:00","og_image":[{"width":2000,"height":2000,"url":"https:\/\/distribution.audio-technica.eu\/app\/uploads\/sites\/2\/Alto_Stealth1-Set.jpg","type":"image\/jpeg"}],"twitter_card":"summary_large_image","twitter_misc":{"Tiempo de lectura":"1 minuto"},"schema":{"@context":"https:\/\/schema.org","@graph":[{"@type":"WebPage","@id":"https:\/\/distribution.audio-technica.eu\/es-es\/productos\/stealth-1\/","url":"https:\/\/distribution.audio-technica.eu\/es-es\/productos\/stealth-1\/","name":"Stealth 1 - Audio-Technica Iberia","isPartOf":{"@id":"https:\/\/distribution.audio-technica.eu\/es-es\/#website"},"primaryImageOfPage":{"@id":"https:\/\/distribution.audio-technica.eu\/es-es\/productos\/stealth-1\/#primaryimage"},"image":{"@id":"https:\/\/distribution.audio-technica.eu\/es-es\/productos\/stealth-1\/#primaryimage"},"thumbnailUrl":"\/app\/uploads\/sites\/2\/Alto_Stealth1-Set.jpg","datePublished":"2022-09-12T14:17:53+00:00","dateModified":"2023-10-25T17:25:26+00:00","breadcrumb":{"@id":"https:\/\/distribution.audio-technica.eu\/es-es\/productos\/stealth-1\/#breadcrumb"},"inLanguage":"es","potentialAction":[{"@type":"ReadAction","target":["https:\/\/distribution.audio-technica.eu\/es-es\/productos\/stealth-1\/"]}]},{"@type":"ImageObject","inLanguage":"es","@id":"https:\/\/distribution.audio-technica.eu\/es-es\/productos\/stealth-1\/#primaryimage","url":"\/app\/uploads\/sites\/2\/Alto_Stealth1-Set.jpg","contentUrl":"\/app\/uploads\/sites\/2\/Alto_Stealth1-Set.jpg","width":2000,"height":2000},{"@type":"BreadcrumbList","@id":"https:\/\/distribution.audio-technica.eu\/es-es\/productos\/stealth-1\/#breadcrumb","itemListElement":[{"@type":"ListItem","position":1,"name":"Products","item":"https:\/\/distribution.audio-technica.eu\/es-es\/"},{"@type":"ListItem","position":2,"name":"Productos","item":"https:\/\/distribution.audio-technica.eu\/es-es\/productos\/"},{"@type":"ListItem","position":3,"name":"Stealth 1"}]},{"@type":"WebSite","@id":"https:\/\/distribution.audio-technica.eu\/es-es\/#website","url":"https:\/\/distribution.audio-technica.eu\/es-es\/","name":"Audio-Technica Iberia","description":"Distribuci\u00f3n","potentialAction":[{"@type":"SearchAction","target":{"@type":"EntryPoint","urlTemplate":"https:\/\/distribution.audio-technica.eu\/es-es\/?s={search_term_string}"},"query-input":{"@type":"PropertyValueSpecification","valueRequired":true,"valueName":"search_term_string"}}],"inLanguage":"es"}]}},"_links":{"self":[{"href":"https:\/\/distribution.audio-technica.eu\/es-es\/wp-json\/wp\/v2\/product\/26854","targetHints":{"allow":["GET"]}}],"collection":[{"href":"https:\/\/distribution.audio-technica.eu\/es-es\/wp-json\/wp\/v2\/product"}],"about":[{"href":"https:\/\/distribution.audio-technica.eu\/es-es\/wp-json\/wp\/v2\/types\/product"}],"wp:featuredmedia":[{"embeddable":true,"href":"https:\/\/distribution.audio-technica.eu\/es-es\/wp-json\/wp\/v2\/media\/26860"}],"wp:attachment":[{"href":"https:\/\/distribution.audio-technica.eu\/es-es\/wp-json\/wp\/v2\/media?parent=26854"}],"wp:term":[{"taxonomy":"product_brand","embeddable":true,"href":"https:\/\/distribution.audio-technica.eu\/es-es\/wp-json\/wp\/v2\/product_brand?post=26854"},{"taxonomy":"product_cat","embeddable":true,"href":"https:\/\/distribution.audio-technica.eu\/es-es\/wp-json\/wp\/v2\/product_cat?post=26854"},{"taxonomy":"product_tag","embeddable":true,"href":"https:\/\/distribution.audio-technica.eu\/es-es\/wp-json\/wp\/v2\/product_tag?post=26854"}],"curies":[{"name":"wp","href":"https:\/\/api.w.org\/{rel}","templated":true}]}}