{"id":29265,"date":"2022-10-20T15:24:18","date_gmt":"2022-10-20T13:24:18","guid":{"rendered":"https:\/\/atdb-production.studiograft.dev\/es-es\/productos\/cuboid-3tx\/"},"modified":"2026-02-19T14:42:00","modified_gmt":"2026-02-19T13:42:00","slug":"cuboid-3tx","status":"publish","type":"product","link":"https:\/\/distribution.audio-technica.eu\/es-es\/productos\/cuboid-3tx\/","title":{"rendered":"Cuboid 3TX"},"content":{"rendered":"<h2>Cuboid 3TX<\/h2>\n<h3>Recinto ac\u00fastico pasivo dos v\u00edas, 3&#8243;, gama completa con transformador<\/h3>\n<p>Cuboid 3TX es un altavoz pasivo de 3\u201d, de gama completa y dos v\u00edas, dise\u00f1ado para proporcionar un sonido de calidad excepcional en un formato muy compacto, concebido para proporcionar m\u00fasica ambiental y reproducci\u00f3n de la voz con la m\u00e1s alta calidad en aplicaciones de sonido distribuido.<\/p>\n<p>Con un atractivo dise\u00f1o y los accesorios de montaje incluidos, Cuboid 3TX puede ser instalado de forma simple y flexible tanto en posici\u00f3n horizontal como vertical. Como accesorio que se vende aparte, est\u00e1 disponible una cubierta para los terminales, resistente a las inclemencias clim\u00e1ticas, proporcionando una clasificaci\u00f3n IP54, lo que permite su uso en el exterior.<\/p>\n<p>Cuboid 3TX incorpora un transductor de graves de 3,5\u201d y un transductor de agudos de 0,5\u201d con c\u00fapula PEI, acoplado a una gu\u00eda de ondas de superficie para conseguir una distribuci\u00f3n uniforme de las frecuencias elevadas.<\/p>\n<p>Puede funcionar a trav\u00e9s de una serie de tomas de 70 o 100 V, o baja impedancia, La selecci\u00f3n de estas tomas se realiza con la ayuda de un conmutador rotativo situado en la parte posterior del recinto.<\/p>\n<p>Cuando se asocia con los amplificadores de la serie Zone, un ZonePad y la aplicaci\u00f3n WebApp, resulta extremadamente sencillo configurar el sistema, al mismo tiempo de proporciona al usuario final un control simple e intuitivo.<\/p>\n<p>&nbsp;<\/p>\n<p><strong>Caracter\u00edsticas Principales<\/strong><\/p>\n<ul>\n<li>Tama\u00f1o discreto, alto rendimiento<\/li>\n<li>Opci\u00f3n de montaje en posici\u00f3n vertical u horizontal<\/li>\n<li>Incluye soporte para pared<\/li>\n<li>SPL m\u00e1ximo: 98 dB (continuo), 104 dB (pico)<\/li>\n<li>Cobertura de 130\u00b0 horizontal y 120\u00b0 vertical<\/li>\n<li>Calificaci\u00f3n IP54 para uso en exteriores, cuando se utiliza la cubierta accesoria para los terminales<\/li>\n<li>Funcionamiento a 8 ohms o con l\u00ednea de 70 \/ 100 V<\/li>\n<\/ul>\n<p>&nbsp;<\/p>\n<p><strong>Aplicaciones<\/strong><\/p>\n<p>Caf\u00e9s, bares\/restaurantes, comercios, salas para banquetes, hoteles, educaci\u00f3n, templos, oficinas corporativas, museos, gimnasios, residencial<\/p>\n","protected":false},"excerpt":{"rendered":"<h3>Recinto ac\u00fastico pasivo dos v\u00edas, 3&#8243;, gama completa con transformador<\/h3>\n<ul>\n<li>Tama\u00f1o discreto, alto rendimiento<\/li>\n<li>Opci\u00f3n de montaje en posici\u00f3n vertical u horizontal<\/li>\n<li>Incluye soporte para pared<\/li>\n<li>SPL m\u00e1ximo: 98 dB (continuo), 104 dB (pico)<\/li>\n<li>Cobertura de 130\u00b0 horizontal y 120\u00b0 vertical<\/li>\n<li>Calificaci\u00f3n IP54 para uso en exteriores, cuando se utiliza la cubierta accesoria para los terminales<\/li>\n<li>Funcionamiento a 8 ohms o con l\u00ednea de 70 \/ 100 V<\/li>\n<\/ul>\n<p>&nbsp;<\/p>\n","protected":false},"featured_media":29260,"template":"","meta":{"_acf_changed":false},"product_brand":[],"product_cat":[2280,2281,2286],"product_tag":[],"class_list":{"0":"post-29265","1":"product","2":"type-product","3":"status-publish","4":"has-post-thumbnail","6":"product_cat-recintos-acusticos-optimal-audio","7":"product_cat-por-series-optimal-audio","8":"product_cat-serie-cuboid","9":"product_series-serie-cuboid","11":"first","12":"instock","13":"shipping-taxable","14":"product-type-simple"},"acf":[],"yoast_head":"<!-- This site is optimized with the Yoast SEO plugin v27.1.1 - https:\/\/yoast.com\/product\/yoast-seo-wordpress\/ -->\n<title>Cuboid 3TX - Audio-Technica Iberia<\/title>\n<meta name=\"robots\" content=\"index, follow, max-snippet:-1, max-image-preview:large, max-video-preview:-1\" \/>\n<link rel=\"canonical\" href=\"https:\/\/distribution.audio-technica.eu\/es-es\/productos\/cuboid-3tx\/\" \/>\n<meta property=\"og:locale\" content=\"es_ES\" \/>\n<meta property=\"og:type\" content=\"article\" \/>\n<meta property=\"og:title\" content=\"Cuboid 3TX - Audio-Technica Iberia\" \/>\n<meta property=\"og:description\" content=\"Recinto ac\u00fastico pasivo dos v\u00edas, 3&quot;, gama completa con transformador   Tama\u00f1o discreto, alto rendimiento  Opci\u00f3n de montaje en posici\u00f3n vertical u horizontal  Incluye soporte para pared  SPL m\u00e1ximo: 98 dB (continuo), 104 dB (pico)  Cobertura de 130\u00b0 horizontal y 120\u00b0 vertical  Calificaci\u00f3n IP54 para uso en exteriores, cuando se utiliza la cubierta accesoria para los terminales  Funcionamiento a 8 ohms o con l\u00ednea de 70 \/ 100 V  &nbsp;\" \/>\n<meta property=\"og:url\" content=\"https:\/\/distribution.audio-technica.eu\/es-es\/productos\/cuboid-3tx\/\" \/>\n<meta property=\"og:site_name\" content=\"Audio-Technica Iberia\" \/>\n<meta property=\"article:modified_time\" content=\"2026-02-19T13:42:00+00:00\" \/>\n<meta property=\"og:image\" content=\"https:\/\/distribution.audio-technica.eu\/app\/uploads\/sites\/2\/OA-Cuboid-3-Front-Cutout.jpg\" \/>\n\t<meta property=\"og:image:width\" content=\"2000\" \/>\n\t<meta property=\"og:image:height\" content=\"2000\" \/>\n\t<meta property=\"og:image:type\" content=\"image\/jpeg\" \/>\n<meta name=\"twitter:card\" content=\"summary_large_image\" \/>\n<meta name=\"twitter:label1\" content=\"Tiempo de lectura\" \/>\n\t<meta name=\"twitter:data1\" content=\"2 minutos\" \/>\n<script type=\"application\/ld+json\" class=\"yoast-schema-graph\">{\"@context\":\"https:\/\/schema.org\",\"@graph\":[{\"@type\":\"WebPage\",\"@id\":\"https:\/\/distribution.audio-technica.eu\/es-es\/productos\/cuboid-3tx\/\",\"url\":\"https:\/\/distribution.audio-technica.eu\/es-es\/productos\/cuboid-3tx\/\",\"name\":\"Cuboid 3TX - Audio-Technica Iberia\",\"isPartOf\":{\"@id\":\"https:\/\/distribution.audio-technica.eu\/es-es\/#website\"},\"primaryImageOfPage\":{\"@id\":\"https:\/\/distribution.audio-technica.eu\/es-es\/productos\/cuboid-3tx\/#primaryimage\"},\"image\":{\"@id\":\"https:\/\/distribution.audio-technica.eu\/es-es\/productos\/cuboid-3tx\/#primaryimage\"},\"thumbnailUrl\":\"\/app\/uploads\/sites\/2\/OA-Cuboid-3-Front-Cutout.jpg\",\"datePublished\":\"2022-10-20T13:24:18+00:00\",\"dateModified\":\"2026-02-19T13:42:00+00:00\",\"breadcrumb\":{\"@id\":\"https:\/\/distribution.audio-technica.eu\/es-es\/productos\/cuboid-3tx\/#breadcrumb\"},\"inLanguage\":\"es\",\"potentialAction\":[{\"@type\":\"ReadAction\",\"target\":[\"https:\/\/distribution.audio-technica.eu\/es-es\/productos\/cuboid-3tx\/\"]}]},{\"@type\":\"ImageObject\",\"inLanguage\":\"es\",\"@id\":\"https:\/\/distribution.audio-technica.eu\/es-es\/productos\/cuboid-3tx\/#primaryimage\",\"url\":\"\/app\/uploads\/sites\/2\/OA-Cuboid-3-Front-Cutout.jpg\",\"contentUrl\":\"\/app\/uploads\/sites\/2\/OA-Cuboid-3-Front-Cutout.jpg\",\"width\":2000,\"height\":2000},{\"@type\":\"BreadcrumbList\",\"@id\":\"https:\/\/distribution.audio-technica.eu\/es-es\/productos\/cuboid-3tx\/#breadcrumb\",\"itemListElement\":[{\"@type\":\"ListItem\",\"position\":1,\"name\":\"Products\",\"item\":\"https:\/\/distribution.audio-technica.eu\/es-es\/\"},{\"@type\":\"ListItem\",\"position\":2,\"name\":\"Productos\",\"item\":\"https:\/\/distribution.audio-technica.eu\/es-es\/productos\/\"},{\"@type\":\"ListItem\",\"position\":3,\"name\":\"Cuboid 3TX\"}]},{\"@type\":\"WebSite\",\"@id\":\"https:\/\/distribution.audio-technica.eu\/es-es\/#website\",\"url\":\"https:\/\/distribution.audio-technica.eu\/es-es\/\",\"name\":\"Audio-Technica Iberia\",\"description\":\"Distribuci\u00f3n\",\"potentialAction\":[{\"@type\":\"SearchAction\",\"target\":{\"@type\":\"EntryPoint\",\"urlTemplate\":\"https:\/\/distribution.audio-technica.eu\/es-es\/?s={search_term_string}\"},\"query-input\":{\"@type\":\"PropertyValueSpecification\",\"valueRequired\":true,\"valueName\":\"search_term_string\"}}],\"inLanguage\":\"es\"}]}<\/script>\n<!-- \/ Yoast SEO plugin. -->","yoast_head_json":{"title":"Cuboid 3TX - Audio-Technica Iberia","robots":{"index":"index","follow":"follow","max-snippet":"max-snippet:-1","max-image-preview":"max-image-preview:large","max-video-preview":"max-video-preview:-1"},"canonical":"https:\/\/distribution.audio-technica.eu\/es-es\/productos\/cuboid-3tx\/","og_locale":"es_ES","og_type":"article","og_title":"Cuboid 3TX - Audio-Technica Iberia","og_description":"Recinto ac\u00fastico pasivo dos v\u00edas, 3\", gama completa con transformador   Tama\u00f1o discreto, alto rendimiento  Opci\u00f3n de montaje en posici\u00f3n vertical u horizontal  Incluye soporte para pared  SPL m\u00e1ximo: 98 dB (continuo), 104 dB (pico)  Cobertura de 130\u00b0 horizontal y 120\u00b0 vertical  Calificaci\u00f3n IP54 para uso en exteriores, cuando se utiliza la cubierta accesoria para los terminales  Funcionamiento a 8 ohms o con l\u00ednea de 70 \/ 100 V  &nbsp;","og_url":"https:\/\/distribution.audio-technica.eu\/es-es\/productos\/cuboid-3tx\/","og_site_name":"Audio-Technica Iberia","article_modified_time":"2026-02-19T13:42:00+00:00","og_image":[{"width":2000,"height":2000,"url":"https:\/\/distribution.audio-technica.eu\/app\/uploads\/sites\/2\/OA-Cuboid-3-Front-Cutout.jpg","type":"image\/jpeg"}],"twitter_card":"summary_large_image","twitter_misc":{"Tiempo de lectura":"2 minutos"},"schema":{"@context":"https:\/\/schema.org","@graph":[{"@type":"WebPage","@id":"https:\/\/distribution.audio-technica.eu\/es-es\/productos\/cuboid-3tx\/","url":"https:\/\/distribution.audio-technica.eu\/es-es\/productos\/cuboid-3tx\/","name":"Cuboid 3TX - Audio-Technica Iberia","isPartOf":{"@id":"https:\/\/distribution.audio-technica.eu\/es-es\/#website"},"primaryImageOfPage":{"@id":"https:\/\/distribution.audio-technica.eu\/es-es\/productos\/cuboid-3tx\/#primaryimage"},"image":{"@id":"https:\/\/distribution.audio-technica.eu\/es-es\/productos\/cuboid-3tx\/#primaryimage"},"thumbnailUrl":"\/app\/uploads\/sites\/2\/OA-Cuboid-3-Front-Cutout.jpg","datePublished":"2022-10-20T13:24:18+00:00","dateModified":"2026-02-19T13:42:00+00:00","breadcrumb":{"@id":"https:\/\/distribution.audio-technica.eu\/es-es\/productos\/cuboid-3tx\/#breadcrumb"},"inLanguage":"es","potentialAction":[{"@type":"ReadAction","target":["https:\/\/distribution.audio-technica.eu\/es-es\/productos\/cuboid-3tx\/"]}]},{"@type":"ImageObject","inLanguage":"es","@id":"https:\/\/distribution.audio-technica.eu\/es-es\/productos\/cuboid-3tx\/#primaryimage","url":"\/app\/uploads\/sites\/2\/OA-Cuboid-3-Front-Cutout.jpg","contentUrl":"\/app\/uploads\/sites\/2\/OA-Cuboid-3-Front-Cutout.jpg","width":2000,"height":2000},{"@type":"BreadcrumbList","@id":"https:\/\/distribution.audio-technica.eu\/es-es\/productos\/cuboid-3tx\/#breadcrumb","itemListElement":[{"@type":"ListItem","position":1,"name":"Products","item":"https:\/\/distribution.audio-technica.eu\/es-es\/"},{"@type":"ListItem","position":2,"name":"Productos","item":"https:\/\/distribution.audio-technica.eu\/es-es\/productos\/"},{"@type":"ListItem","position":3,"name":"Cuboid 3TX"}]},{"@type":"WebSite","@id":"https:\/\/distribution.audio-technica.eu\/es-es\/#website","url":"https:\/\/distribution.audio-technica.eu\/es-es\/","name":"Audio-Technica Iberia","description":"Distribuci\u00f3n","potentialAction":[{"@type":"SearchAction","target":{"@type":"EntryPoint","urlTemplate":"https:\/\/distribution.audio-technica.eu\/es-es\/?s={search_term_string}"},"query-input":{"@type":"PropertyValueSpecification","valueRequired":true,"valueName":"search_term_string"}}],"inLanguage":"es"}]}},"_links":{"self":[{"href":"https:\/\/distribution.audio-technica.eu\/es-es\/wp-json\/wp\/v2\/product\/29265","targetHints":{"allow":["GET"]}}],"collection":[{"href":"https:\/\/distribution.audio-technica.eu\/es-es\/wp-json\/wp\/v2\/product"}],"about":[{"href":"https:\/\/distribution.audio-technica.eu\/es-es\/wp-json\/wp\/v2\/types\/product"}],"wp:featuredmedia":[{"embeddable":true,"href":"https:\/\/distribution.audio-technica.eu\/es-es\/wp-json\/wp\/v2\/media\/29260"}],"wp:attachment":[{"href":"https:\/\/distribution.audio-technica.eu\/es-es\/wp-json\/wp\/v2\/media?parent=29265"}],"wp:term":[{"taxonomy":"product_brand","embeddable":true,"href":"https:\/\/distribution.audio-technica.eu\/es-es\/wp-json\/wp\/v2\/product_brand?post=29265"},{"taxonomy":"product_cat","embeddable":true,"href":"https:\/\/distribution.audio-technica.eu\/es-es\/wp-json\/wp\/v2\/product_cat?post=29265"},{"taxonomy":"product_tag","embeddable":true,"href":"https:\/\/distribution.audio-technica.eu\/es-es\/wp-json\/wp\/v2\/product_tag?post=29265"}],"curies":[{"name":"wp","href":"https:\/\/api.w.org\/{rel}","templated":true}]}}