{"id":29273,"date":"2023-01-16T17:00:14","date_gmt":"2023-01-16T16:00:14","guid":{"rendered":"https:\/\/atdb-production.studiograft.dev\/es-es\/productos\/evo-sp8\/"},"modified":"2026-02-19T14:44:16","modified_gmt":"2026-02-19T13:44:16","slug":"evo-sp8","status":"publish","type":"product","link":"https:\/\/distribution.audio-technica.eu\/es-es\/productos\/evo-sp8\/","title":{"rendered":"EVO SP8"},"content":{"rendered":"<h2>EVO SP8<\/h2>\n<h3>Preamplificador inteligente de 8 canales con conversores AD\/DA<\/h3>\n<p>EVO SP8 ha sido dise\u00f1ado para proporcionar a su estudio la eficiencia y la capacidad de crecer que necesita, proporcion\u00e1ndole ocho preamplificadores inteligentes EVO, capaces de ajustar sus propios niveles gracias a Smartgain, y que est\u00e1n equipados con una avanzada tecnolog\u00eda de conversi\u00f3n AD\/DA y una amplia variedad de conectividad de entrada y salida. A todo esto se le suma dos entradas JFET para instrumento, el nuevo y revolucionario sistema de control Motion UI, y una excepcional calidad de sonido en todos los puntos de la ruta de se\u00f1al. Todo ello nos lleva a afirmar que se trata del mejor preamplificador microf\u00f3nico inteligente del mundo y el complemento perfecto para su interfaz de audio.<\/p>\n<p>Las sesiones m\u00e1s complejas demandan m\u00e1s canales, y expandir su interfaz de audio actual por medio de ADAT puede ser la soluci\u00f3n m\u00e1s rentable para dimensionar su estudio. EVO SP8 proporciona ocho entradas micro\/l\u00ednea, ocho salidas de l\u00ednea y dos conexiones ADAT, proporcionando suficiente cantidad de entradas y salidas para manejar c\u00f3modamente sesiones multi micr\u00f3fono, tales como la grabaci\u00f3n de bater\u00edas, o el registro de una banda completa.<\/p>\n<p>El preamplificador anal\u00f3gico ha sido dise\u00f1ado para proporcionar la versi\u00f3n m\u00e1s precisa, limpia y realista de la se\u00f1al de audio original, cualquiera que sea esta. Proporcionar\u00e1 siempre grabaciones con calidad de estudio profesional, con una ganancia microf\u00f3nica de 58 dB, un enorme techo din\u00e1mico, una ruta de se\u00f1al totalmente balanceada, y una distorsi\u00f3n y ruido ultra bajos.<\/p>\n<p>La tecnolog\u00eda que incorpora EVO combina todas las ventajas del preamplificador microf\u00f3nico con calidad de estudio con la precisi\u00f3n t\u00e1ctil controlada digitalmente, lo que permite establecer la ganancia con precisi\u00f3n milim\u00e9trica. Es posible configurar cada canal de forma independiente, encajar con toda precisi\u00f3n el nivel de los pares est\u00e9reo, y todo ello controlado desde el software y con informaci\u00f3n visual en tiempo real a trav\u00e9s del la pantalla de la unidad.<\/p>\n<p>En el estudio, la calidad del sonido lo define todo, y los conversores AD\/DA de alta calidad que incorpora SP8 aseguran la m\u00e1xima precisi\u00f3n del sonido en cualquier circunstancia, tanto cuando se graba m\u00fasica, como cuando se env\u00eda audio a equipos exteriores para su procesado y posterior devoluci\u00f3n a la mezcla. Y eso es lo que ofrece la avanzada tecnolog\u00eda de conversi\u00f3n que ofrece SP8.<\/p>\n<p>Smartgain hace mucho m\u00e1s f\u00e1cil la grabaci\u00f3n de kits de bater\u00eda y sesiones complejas, ya que permite ajustar de forma autom\u00e1tica y simult\u00e1nea la ganancia para los ocho canales, simplemente tocando un bot\u00f3n. Controlado por un algoritmo ultra r\u00e1pido, Smartgain utiliza una avanzado an\u00e1lisis de picos para, de forma totalmente autom\u00e1tica, analizar, ajustar y establecer la ganancia a los niveles perfectos. Todo ello en menos de 20 segundos: trabajar simult\u00e1neamente en 8 micr\u00f3fonos, ahorrar tiempo, evitar saturaciones. Adem\u00e1s, si trabaja solo, se convertir\u00e1 en su asistente perfecto. Tambi\u00e9n es posible interconectar dos unidades EVP SP8 con un interface de audio EVO 16 para obtener 24 canales de preamplificaci\u00f3n dotados de Smartgain.<\/p>\n<p>El nuevo Motion User Interface permite navegar a trav\u00e9s de las funciones de hardware que ofrece SP8 a una velocidad vertiginosa. Por primera vez, una impresionante pantalla a todo color de alta resoluci\u00f3n muestra de manera inteligente la informaci\u00f3n que necesita, transformando EVO SP8 en un preamplificador inteligente totalmente inmersivo y f\u00e1cil de usar.<\/p>\n<p>Cada ajuste, cada detalle, cada pulsaci\u00f3n de bot\u00f3n se muestra claramente en la pantalla LCD TFT retroiluminada que le brinda informaci\u00f3n visual en tiempo real, lo que le permite realizar cambios sobre la marcha y tomar el control completo de EVO SP8 sin necesidad de tan siquiera mirar la pantalla del ordenador. Adem\u00e1s, la tecnolog\u00eda IPS permite visualizar claramente la informaci\u00f3n en la pantalla, sin importar el \u00e1ngulo de visi\u00f3n.<\/p>\n<p>Pulsando moment\u00e1neamente un bot\u00f3n de entrada, se muestra el nombre del canal, sus niveles y las funciones activadas para ese canal en concreto, colocando toda la informaci\u00f3n necesaria en un \u00fanico lugar. El claro sistema de medici\u00f3n a color que incorpora SP8 permite comprobar de forma c\u00edclica todos los niveles de entrada.<\/p>\n<p>El sistema de control de la unidad, basado en un \u00fanico control, permite desplazarse a trav\u00e9s de todas las funciones que ofrece SP8 desde un punto centralizado, simplificando enormemente las tareas de ajuste y control.<\/p>\n<p>Tambi\u00e9n dispone de 2 entradas para instrumento que permite la grabaci\u00f3n de guitarras con un sonido potente. Equipado con circuitos JFET de gran riqueza arm\u00f3nica, este circuito de entrada ha sido dise\u00f1ado para replicar la etapa de entrada cl\u00e1sica de un amplificador a v\u00e1lvulas, proporcionando una base sonora s\u00f3lida antes de alcanzar los simuladores de guitarra.<\/p>\n<p>El SP8 ha sido dise\u00f1ado para ser instalado en rack o en modo sobremesa. Las orejas de montaje en rack se encuentran disponibles de forma opcional Su brillante iluminaci\u00f3n LED asegura una clara visibilidad incluso en los entornos m\u00e1s oscuros, mientras que su s\u00f3lido chasis de acero garantiza una total fiabilidad tanto en estudio como en giras.<\/p>\n<p>EVO SP8 es compatible con la mayor\u00eda de los packs de software y plug ins de audio. Incluye una amplia colecci\u00f3n de software profesional de grabaci\u00f3n que incluye Cubase LE, lo que proporciona todo lo necesario para empezar a trabajar de forma inmediata.<br \/>\nPara minimizar su impacto medioambiental, el sistema de embalaje de EVO SP8 utiliza materiales reciclados y mantiene el uso de pl\u00e1stico al m\u00ednimo.<\/p>\n<p>&nbsp;<\/p>\n<ul>\n<li>8 preamplificadores microf\u00f3nicos EVO<\/li>\n<li>2 entradas JFET para instrumento<\/li>\n<li>8 salidas de l\u00ednea<\/li>\n<li>2 entradas ADAT<\/li>\n<li>2 salidas ADAT<\/li>\n<li>Conversores AD\/DA de alta calidad<\/li>\n<li>Smartgain multicanal<\/li>\n<li>Sistema de control &#8216;EVO Motion UI&#8217;\n<ul>\n<li>Pantalla LCD de alta resoluci\u00f3n<\/li>\n<li>Control centralizado desde un \u00fanico bot\u00f3n<\/li>\n<li>Medici\u00f3n ultra clara<\/li>\n<li>Control entrada \/ salida<\/li>\n<li>Indicaci\u00f3n de estado de canal<\/li>\n<\/ul>\n<\/li>\n<li>Orejas de rack opcionales<\/li>\n<li>Entrada Word Clock<\/li>\n<li>24bit \/ 96kHz<\/li>\n<\/ul>\n","protected":false},"excerpt":{"rendered":"<h3>Preamplificador inteligente de 8 canales con conversores AD\/DA<\/h3>\n<ul>\n<li>8 preamplificadores anal\u00f3gicos controlados digitalmente<\/li>\n<li>2 entradas y 2 salidas ADAT<\/li>\n<li>2 entradas JFET para instrumento<\/li>\n<li>Smartgain simult\u00e1neo hasta en 24 canales<\/li>\n<li>Conversores AD \/ DA de la m\u00e1xima calidad<\/li>\n<li>24bit \/ 96kHz<\/li>\n<\/ul>\n<p>&nbsp;<\/p>\n","protected":false},"featured_media":29274,"template":"","meta":{"_acf_changed":false},"product_brand":[],"product_cat":[1315,1313,2169],"product_tag":[],"class_list":{"0":"post-29273","1":"product","2":"type-product","3":"status-publish","4":"has-post-thumbnail","6":"product_cat-previos-de-microfono","7":"product_cat-por-series-audient","8":"product_cat-serie-evo","9":"product_series-serie-evo","11":"first","12":"instock","13":"featured","14":"shipping-taxable","15":"product-type-simple"},"acf":[],"yoast_head":"<!-- This site is optimized with the Yoast SEO plugin v27.1.1 - https:\/\/yoast.com\/product\/yoast-seo-wordpress\/ -->\n<title>EVO SP8 - Audio-Technica Iberia<\/title>\n<meta name=\"robots\" content=\"index, follow, max-snippet:-1, max-image-preview:large, max-video-preview:-1\" \/>\n<link rel=\"canonical\" href=\"https:\/\/distribution.audio-technica.eu\/es-es\/productos\/evo-sp8\/\" \/>\n<meta property=\"og:locale\" content=\"es_ES\" \/>\n<meta property=\"og:type\" content=\"article\" \/>\n<meta property=\"og:title\" content=\"EVO SP8 - Audio-Technica Iberia\" \/>\n<meta property=\"og:description\" content=\"Preamplificador inteligente de 8 canales con conversores AD\/DA   8 preamplificadores anal\u00f3gicos controlados digitalmente  2 entradas y 2 salidas ADAT  2 entradas JFET para instrumento  Smartgain simult\u00e1neo hasta en 24 canales  Conversores AD \/ DA de la m\u00e1xima calidad  24bit \/ 96kHz  &nbsp;\" \/>\n<meta property=\"og:url\" content=\"https:\/\/distribution.audio-technica.eu\/es-es\/productos\/evo-sp8\/\" \/>\n<meta property=\"og:site_name\" content=\"Audio-Technica Iberia\" \/>\n<meta property=\"article:modified_time\" content=\"2026-02-19T13:44:16+00:00\" \/>\n<meta property=\"og:image\" content=\"https:\/\/distribution.audio-technica.eu\/app\/uploads\/sites\/2\/Audient-EVOSP8-2.jpg\" \/>\n\t<meta property=\"og:image:width\" content=\"2000\" \/>\n\t<meta property=\"og:image:height\" content=\"2000\" \/>\n\t<meta property=\"og:image:type\" content=\"image\/jpeg\" \/>\n<meta name=\"twitter:card\" content=\"summary_large_image\" \/>\n<meta name=\"twitter:label1\" content=\"Tiempo de lectura\" \/>\n\t<meta name=\"twitter:data1\" content=\"5 minutos\" \/>\n<script type=\"application\/ld+json\" class=\"yoast-schema-graph\">{\"@context\":\"https:\/\/schema.org\",\"@graph\":[{\"@type\":\"WebPage\",\"@id\":\"https:\/\/distribution.audio-technica.eu\/es-es\/productos\/evo-sp8\/\",\"url\":\"https:\/\/distribution.audio-technica.eu\/es-es\/productos\/evo-sp8\/\",\"name\":\"EVO SP8 - Audio-Technica Iberia\",\"isPartOf\":{\"@id\":\"https:\/\/distribution.audio-technica.eu\/es-es\/#website\"},\"primaryImageOfPage\":{\"@id\":\"https:\/\/distribution.audio-technica.eu\/es-es\/productos\/evo-sp8\/#primaryimage\"},\"image\":{\"@id\":\"https:\/\/distribution.audio-technica.eu\/es-es\/productos\/evo-sp8\/#primaryimage\"},\"thumbnailUrl\":\"\/app\/uploads\/sites\/2\/Audient-EVOSP8-2.jpg\",\"datePublished\":\"2023-01-16T16:00:14+00:00\",\"dateModified\":\"2026-02-19T13:44:16+00:00\",\"breadcrumb\":{\"@id\":\"https:\/\/distribution.audio-technica.eu\/es-es\/productos\/evo-sp8\/#breadcrumb\"},\"inLanguage\":\"es\",\"potentialAction\":[{\"@type\":\"ReadAction\",\"target\":[\"https:\/\/distribution.audio-technica.eu\/es-es\/productos\/evo-sp8\/\"]}]},{\"@type\":\"ImageObject\",\"inLanguage\":\"es\",\"@id\":\"https:\/\/distribution.audio-technica.eu\/es-es\/productos\/evo-sp8\/#primaryimage\",\"url\":\"\/app\/uploads\/sites\/2\/Audient-EVOSP8-2.jpg\",\"contentUrl\":\"\/app\/uploads\/sites\/2\/Audient-EVOSP8-2.jpg\",\"width\":2000,\"height\":2000},{\"@type\":\"BreadcrumbList\",\"@id\":\"https:\/\/distribution.audio-technica.eu\/es-es\/productos\/evo-sp8\/#breadcrumb\",\"itemListElement\":[{\"@type\":\"ListItem\",\"position\":1,\"name\":\"Products\",\"item\":\"https:\/\/distribution.audio-technica.eu\/es-es\/\"},{\"@type\":\"ListItem\",\"position\":2,\"name\":\"Productos\",\"item\":\"https:\/\/distribution.audio-technica.eu\/es-es\/productos\/\"},{\"@type\":\"ListItem\",\"position\":3,\"name\":\"EVO SP8\"}]},{\"@type\":\"WebSite\",\"@id\":\"https:\/\/distribution.audio-technica.eu\/es-es\/#website\",\"url\":\"https:\/\/distribution.audio-technica.eu\/es-es\/\",\"name\":\"Audio-Technica Iberia\",\"description\":\"Distribuci\u00f3n\",\"potentialAction\":[{\"@type\":\"SearchAction\",\"target\":{\"@type\":\"EntryPoint\",\"urlTemplate\":\"https:\/\/distribution.audio-technica.eu\/es-es\/?s={search_term_string}\"},\"query-input\":{\"@type\":\"PropertyValueSpecification\",\"valueRequired\":true,\"valueName\":\"search_term_string\"}}],\"inLanguage\":\"es\"}]}<\/script>\n<!-- \/ Yoast SEO plugin. -->","yoast_head_json":{"title":"EVO SP8 - Audio-Technica Iberia","robots":{"index":"index","follow":"follow","max-snippet":"max-snippet:-1","max-image-preview":"max-image-preview:large","max-video-preview":"max-video-preview:-1"},"canonical":"https:\/\/distribution.audio-technica.eu\/es-es\/productos\/evo-sp8\/","og_locale":"es_ES","og_type":"article","og_title":"EVO SP8 - Audio-Technica Iberia","og_description":"Preamplificador inteligente de 8 canales con conversores AD\/DA   8 preamplificadores anal\u00f3gicos controlados digitalmente  2 entradas y 2 salidas ADAT  2 entradas JFET para instrumento  Smartgain simult\u00e1neo hasta en 24 canales  Conversores AD \/ DA de la m\u00e1xima calidad  24bit \/ 96kHz  &nbsp;","og_url":"https:\/\/distribution.audio-technica.eu\/es-es\/productos\/evo-sp8\/","og_site_name":"Audio-Technica Iberia","article_modified_time":"2026-02-19T13:44:16+00:00","og_image":[{"width":2000,"height":2000,"url":"https:\/\/distribution.audio-technica.eu\/app\/uploads\/sites\/2\/Audient-EVOSP8-2.jpg","type":"image\/jpeg"}],"twitter_card":"summary_large_image","twitter_misc":{"Tiempo de lectura":"5 minutos"},"schema":{"@context":"https:\/\/schema.org","@graph":[{"@type":"WebPage","@id":"https:\/\/distribution.audio-technica.eu\/es-es\/productos\/evo-sp8\/","url":"https:\/\/distribution.audio-technica.eu\/es-es\/productos\/evo-sp8\/","name":"EVO SP8 - Audio-Technica Iberia","isPartOf":{"@id":"https:\/\/distribution.audio-technica.eu\/es-es\/#website"},"primaryImageOfPage":{"@id":"https:\/\/distribution.audio-technica.eu\/es-es\/productos\/evo-sp8\/#primaryimage"},"image":{"@id":"https:\/\/distribution.audio-technica.eu\/es-es\/productos\/evo-sp8\/#primaryimage"},"thumbnailUrl":"\/app\/uploads\/sites\/2\/Audient-EVOSP8-2.jpg","datePublished":"2023-01-16T16:00:14+00:00","dateModified":"2026-02-19T13:44:16+00:00","breadcrumb":{"@id":"https:\/\/distribution.audio-technica.eu\/es-es\/productos\/evo-sp8\/#breadcrumb"},"inLanguage":"es","potentialAction":[{"@type":"ReadAction","target":["https:\/\/distribution.audio-technica.eu\/es-es\/productos\/evo-sp8\/"]}]},{"@type":"ImageObject","inLanguage":"es","@id":"https:\/\/distribution.audio-technica.eu\/es-es\/productos\/evo-sp8\/#primaryimage","url":"\/app\/uploads\/sites\/2\/Audient-EVOSP8-2.jpg","contentUrl":"\/app\/uploads\/sites\/2\/Audient-EVOSP8-2.jpg","width":2000,"height":2000},{"@type":"BreadcrumbList","@id":"https:\/\/distribution.audio-technica.eu\/es-es\/productos\/evo-sp8\/#breadcrumb","itemListElement":[{"@type":"ListItem","position":1,"name":"Products","item":"https:\/\/distribution.audio-technica.eu\/es-es\/"},{"@type":"ListItem","position":2,"name":"Productos","item":"https:\/\/distribution.audio-technica.eu\/es-es\/productos\/"},{"@type":"ListItem","position":3,"name":"EVO SP8"}]},{"@type":"WebSite","@id":"https:\/\/distribution.audio-technica.eu\/es-es\/#website","url":"https:\/\/distribution.audio-technica.eu\/es-es\/","name":"Audio-Technica Iberia","description":"Distribuci\u00f3n","potentialAction":[{"@type":"SearchAction","target":{"@type":"EntryPoint","urlTemplate":"https:\/\/distribution.audio-technica.eu\/es-es\/?s={search_term_string}"},"query-input":{"@type":"PropertyValueSpecification","valueRequired":true,"valueName":"search_term_string"}}],"inLanguage":"es"}]}},"_links":{"self":[{"href":"https:\/\/distribution.audio-technica.eu\/es-es\/wp-json\/wp\/v2\/product\/29273","targetHints":{"allow":["GET"]}}],"collection":[{"href":"https:\/\/distribution.audio-technica.eu\/es-es\/wp-json\/wp\/v2\/product"}],"about":[{"href":"https:\/\/distribution.audio-technica.eu\/es-es\/wp-json\/wp\/v2\/types\/product"}],"wp:featuredmedia":[{"embeddable":true,"href":"https:\/\/distribution.audio-technica.eu\/es-es\/wp-json\/wp\/v2\/media\/29274"}],"wp:attachment":[{"href":"https:\/\/distribution.audio-technica.eu\/es-es\/wp-json\/wp\/v2\/media?parent=29273"}],"wp:term":[{"taxonomy":"product_brand","embeddable":true,"href":"https:\/\/distribution.audio-technica.eu\/es-es\/wp-json\/wp\/v2\/product_brand?post=29273"},{"taxonomy":"product_cat","embeddable":true,"href":"https:\/\/distribution.audio-technica.eu\/es-es\/wp-json\/wp\/v2\/product_cat?post=29273"},{"taxonomy":"product_tag","embeddable":true,"href":"https:\/\/distribution.audio-technica.eu\/es-es\/wp-json\/wp\/v2\/product_tag?post=29273"}],"curies":[{"name":"wp","href":"https:\/\/api.w.org\/{rel}","templated":true}]}}