{"id":29288,"date":"2023-03-26T17:11:53","date_gmt":"2023-03-26T15:11:53","guid":{"rendered":"https:\/\/atdb-production.studiograft.dev\/es-es\/productos\/truemix-500\/"},"modified":"2023-07-13T12:50:17","modified_gmt":"2023-07-13T10:50:17","slug":"truemix-500","status":"publish","type":"product","link":"https:\/\/distribution.audio-technica.eu\/es-es\/productos\/truemix-500\/","title":{"rendered":"TRUEMIX 500"},"content":{"rendered":"<h2>TRUEMIX 500<\/h2>\n<h3>Mezclador anal\u00f3gico de 5 canales con USB<\/h3>\n<p>TrueMix 500 es un mezclador port\u00e1til que incluye un interface de audio USB est\u00e9reo que ofrece todas las prestaciones esenciales que se precisan para la grabaci\u00f3n dom\u00e9stica, streaming en directo, podcasting o actuaciones.<\/p>\n<p>Cuenta con cinco entradas anal\u00f3gicas equipadas con circuitos capaces de soportar un elevado techo din\u00e1mico para ofrecer el m\u00ednimo recorte y ruido en la se\u00f1al. El canal de entrada microf\u00f3nica dispone de entrada XLR para la conexi\u00f3n de un micr\u00f3fono, as\u00ed como entrada de l\u00ednea balanceada a trav\u00e9s de jack de 1\/4&#8243; que permite la conexi\u00f3n de instrumentos y otras se\u00f1ales con nivel de l\u00ednea. Tambi\u00e9n se dispone de dos canales de entrada est\u00e9reo, cada uno de ellos equipado con doble entrada TRS 1\/4&#8243; balanceada, perfectas para la conexi\u00f3n de fuentes de sonido con nivel de l\u00ednea.<\/p>\n<p>Todos los canales disponen de EQ de dos bandas con botones codificados por medio de colores, que facilitan los ajustes incluso cuando se trabaja en situaciones de baja iluminaci\u00f3n.<\/p>\n<p>Es muy f\u00e1cil y r\u00e1pido conectar el TrueMix 500 a un ordenador dotado de sistemas operativos Windows o macOS, gracias a su conectividad plug and play.<\/p>\n<ul>\n<li>E\/S USB para reproducci\u00f3n de audio y grabaci\u00f3n est\u00e9reo<\/li>\n<li>Salidas 1\/4&#8243; Principal, 2TK y auriculares<\/li>\n<li>Canal de entrada para micr\u00f3fono con alimentaci\u00f3n phantom de 18 V y entrada de l\u00ednea balanceada<\/li>\n<li>Dos canales de entrada est\u00e9reo balanceada con jacks TRS \u00bc\u00bb<\/li>\n<li>EQ de dos bandas en todos los canales<\/li>\n<li>Entradas 2 pistas con direccionamiento asignable: mezcla principal o salida de auriculares<\/li>\n<\/ul>\n<p>&nbsp;<\/p>\n","protected":false},"excerpt":{"rendered":"<h3>Mezclador anal\u00f3gico de 5 canales con USB<\/h3>\n<ul>\n<li>E\/S USB para reproducci\u00f3n de audio y grabaci\u00f3n est\u00e9reo<\/li>\n<li>Canal de entrada para micr\u00f3fono con alimentaci\u00f3n phantom de 18 V y entrada de l\u00ednea balanceada<\/li>\n<li>Dos canales de entrada est\u00e9reo balanceada con jacks TRS \u00bc\u00bb<\/li>\n<li>EQ de dos bandas en todos los canales<\/li>\n<li>Entradas 2 pistas con direccionamiento asignable: mezcla principal o salida de auriculares<\/li>\n<\/ul>\n<p>&nbsp;<\/p>\n","protected":false},"featured_media":29289,"template":"","meta":{"_acf_changed":false},"product_brand":[],"product_cat":[1331,1350,1325,2373],"product_tag":[],"class_list":{"0":"post-29288","1":"product","2":"type-product","3":"status-publish","4":"has-post-thumbnail","6":"product_cat-mesas-de-mezclas","7":"product_cat-mezcladores-compactos","8":"product_cat-por-series-alto-professional","9":"product_cat-serie-truemix","10":"product_series-serie-truemix","12":"first","13":"instock","14":"shipping-taxable","15":"product-type-simple"},"acf":[],"yoast_head":"<!-- This site is optimized with the Yoast SEO plugin v27.1.1 - https:\/\/yoast.com\/product\/yoast-seo-wordpress\/ -->\n<title>TRUEMIX 500 - Audio-Technica Iberia<\/title>\n<meta name=\"robots\" content=\"index, follow, max-snippet:-1, max-image-preview:large, max-video-preview:-1\" \/>\n<link rel=\"canonical\" href=\"https:\/\/distribution.audio-technica.eu\/es-es\/productos\/truemix-500\/\" \/>\n<meta property=\"og:locale\" content=\"es_ES\" \/>\n<meta property=\"og:type\" content=\"article\" \/>\n<meta property=\"og:title\" content=\"TRUEMIX 500 - Audio-Technica Iberia\" \/>\n<meta property=\"og:description\" content=\"Mezclador anal\u00f3gico de 5 canales con USB  E\/S USB para reproducci\u00f3n de audio y grabaci\u00f3n est\u00e9reo  Canal de entrada para micr\u00f3fono con alimentaci\u00f3n phantom de 18 V y entrada de l\u00ednea balanceada  Dos canales de entrada est\u00e9reo balanceada con jacks TRS \u00bc&quot;  EQ de dos bandas en todos los canales  Entradas 2 pistas con direccionamiento asignable: mezcla principal o salida de auriculares &nbsp;\" \/>\n<meta property=\"og:url\" content=\"https:\/\/distribution.audio-technica.eu\/es-es\/productos\/truemix-500\/\" \/>\n<meta property=\"og:site_name\" content=\"Audio-Technica Iberia\" \/>\n<meta property=\"article:modified_time\" content=\"2023-07-13T10:50:17+00:00\" \/>\n<meta property=\"og:image\" content=\"https:\/\/distribution.audio-technica.eu\/app\/uploads\/sites\/2\/Alto_Truemix500_Angle-Left.jpg\" \/>\n\t<meta property=\"og:image:width\" content=\"2000\" \/>\n\t<meta property=\"og:image:height\" content=\"2000\" \/>\n\t<meta property=\"og:image:type\" content=\"image\/jpeg\" \/>\n<meta name=\"twitter:card\" content=\"summary_large_image\" \/>\n<meta name=\"twitter:label1\" content=\"Tiempo de lectura\" \/>\n\t<meta name=\"twitter:data1\" content=\"1 minuto\" \/>\n<script type=\"application\/ld+json\" class=\"yoast-schema-graph\">{\"@context\":\"https:\/\/schema.org\",\"@graph\":[{\"@type\":\"WebPage\",\"@id\":\"https:\/\/distribution.audio-technica.eu\/es-es\/productos\/truemix-500\/\",\"url\":\"https:\/\/distribution.audio-technica.eu\/es-es\/productos\/truemix-500\/\",\"name\":\"TRUEMIX 500 - Audio-Technica Iberia\",\"isPartOf\":{\"@id\":\"https:\/\/distribution.audio-technica.eu\/es-es\/#website\"},\"primaryImageOfPage\":{\"@id\":\"https:\/\/distribution.audio-technica.eu\/es-es\/productos\/truemix-500\/#primaryimage\"},\"image\":{\"@id\":\"https:\/\/distribution.audio-technica.eu\/es-es\/productos\/truemix-500\/#primaryimage\"},\"thumbnailUrl\":\"\/app\/uploads\/sites\/2\/Alto_Truemix500_Angle-Left.jpg\",\"datePublished\":\"2023-03-26T15:11:53+00:00\",\"dateModified\":\"2023-07-13T10:50:17+00:00\",\"breadcrumb\":{\"@id\":\"https:\/\/distribution.audio-technica.eu\/es-es\/productos\/truemix-500\/#breadcrumb\"},\"inLanguage\":\"es\",\"potentialAction\":[{\"@type\":\"ReadAction\",\"target\":[\"https:\/\/distribution.audio-technica.eu\/es-es\/productos\/truemix-500\/\"]}]},{\"@type\":\"ImageObject\",\"inLanguage\":\"es\",\"@id\":\"https:\/\/distribution.audio-technica.eu\/es-es\/productos\/truemix-500\/#primaryimage\",\"url\":\"\/app\/uploads\/sites\/2\/Alto_Truemix500_Angle-Left.jpg\",\"contentUrl\":\"\/app\/uploads\/sites\/2\/Alto_Truemix500_Angle-Left.jpg\",\"width\":2000,\"height\":2000},{\"@type\":\"BreadcrumbList\",\"@id\":\"https:\/\/distribution.audio-technica.eu\/es-es\/productos\/truemix-500\/#breadcrumb\",\"itemListElement\":[{\"@type\":\"ListItem\",\"position\":1,\"name\":\"Products\",\"item\":\"https:\/\/distribution.audio-technica.eu\/es-es\/\"},{\"@type\":\"ListItem\",\"position\":2,\"name\":\"Productos\",\"item\":\"https:\/\/distribution.audio-technica.eu\/es-es\/productos\/\"},{\"@type\":\"ListItem\",\"position\":3,\"name\":\"TRUEMIX 500\"}]},{\"@type\":\"WebSite\",\"@id\":\"https:\/\/distribution.audio-technica.eu\/es-es\/#website\",\"url\":\"https:\/\/distribution.audio-technica.eu\/es-es\/\",\"name\":\"Audio-Technica Iberia\",\"description\":\"Distribuci\u00f3n\",\"potentialAction\":[{\"@type\":\"SearchAction\",\"target\":{\"@type\":\"EntryPoint\",\"urlTemplate\":\"https:\/\/distribution.audio-technica.eu\/es-es\/?s={search_term_string}\"},\"query-input\":{\"@type\":\"PropertyValueSpecification\",\"valueRequired\":true,\"valueName\":\"search_term_string\"}}],\"inLanguage\":\"es\"}]}<\/script>\n<!-- \/ Yoast SEO plugin. -->","yoast_head_json":{"title":"TRUEMIX 500 - Audio-Technica Iberia","robots":{"index":"index","follow":"follow","max-snippet":"max-snippet:-1","max-image-preview":"max-image-preview:large","max-video-preview":"max-video-preview:-1"},"canonical":"https:\/\/distribution.audio-technica.eu\/es-es\/productos\/truemix-500\/","og_locale":"es_ES","og_type":"article","og_title":"TRUEMIX 500 - Audio-Technica Iberia","og_description":"Mezclador anal\u00f3gico de 5 canales con USB  E\/S USB para reproducci\u00f3n de audio y grabaci\u00f3n est\u00e9reo  Canal de entrada para micr\u00f3fono con alimentaci\u00f3n phantom de 18 V y entrada de l\u00ednea balanceada  Dos canales de entrada est\u00e9reo balanceada con jacks TRS \u00bc\"  EQ de dos bandas en todos los canales  Entradas 2 pistas con direccionamiento asignable: mezcla principal o salida de auriculares &nbsp;","og_url":"https:\/\/distribution.audio-technica.eu\/es-es\/productos\/truemix-500\/","og_site_name":"Audio-Technica Iberia","article_modified_time":"2023-07-13T10:50:17+00:00","og_image":[{"width":2000,"height":2000,"url":"https:\/\/distribution.audio-technica.eu\/app\/uploads\/sites\/2\/Alto_Truemix500_Angle-Left.jpg","type":"image\/jpeg"}],"twitter_card":"summary_large_image","twitter_misc":{"Tiempo de lectura":"1 minuto"},"schema":{"@context":"https:\/\/schema.org","@graph":[{"@type":"WebPage","@id":"https:\/\/distribution.audio-technica.eu\/es-es\/productos\/truemix-500\/","url":"https:\/\/distribution.audio-technica.eu\/es-es\/productos\/truemix-500\/","name":"TRUEMIX 500 - Audio-Technica Iberia","isPartOf":{"@id":"https:\/\/distribution.audio-technica.eu\/es-es\/#website"},"primaryImageOfPage":{"@id":"https:\/\/distribution.audio-technica.eu\/es-es\/productos\/truemix-500\/#primaryimage"},"image":{"@id":"https:\/\/distribution.audio-technica.eu\/es-es\/productos\/truemix-500\/#primaryimage"},"thumbnailUrl":"\/app\/uploads\/sites\/2\/Alto_Truemix500_Angle-Left.jpg","datePublished":"2023-03-26T15:11:53+00:00","dateModified":"2023-07-13T10:50:17+00:00","breadcrumb":{"@id":"https:\/\/distribution.audio-technica.eu\/es-es\/productos\/truemix-500\/#breadcrumb"},"inLanguage":"es","potentialAction":[{"@type":"ReadAction","target":["https:\/\/distribution.audio-technica.eu\/es-es\/productos\/truemix-500\/"]}]},{"@type":"ImageObject","inLanguage":"es","@id":"https:\/\/distribution.audio-technica.eu\/es-es\/productos\/truemix-500\/#primaryimage","url":"\/app\/uploads\/sites\/2\/Alto_Truemix500_Angle-Left.jpg","contentUrl":"\/app\/uploads\/sites\/2\/Alto_Truemix500_Angle-Left.jpg","width":2000,"height":2000},{"@type":"BreadcrumbList","@id":"https:\/\/distribution.audio-technica.eu\/es-es\/productos\/truemix-500\/#breadcrumb","itemListElement":[{"@type":"ListItem","position":1,"name":"Products","item":"https:\/\/distribution.audio-technica.eu\/es-es\/"},{"@type":"ListItem","position":2,"name":"Productos","item":"https:\/\/distribution.audio-technica.eu\/es-es\/productos\/"},{"@type":"ListItem","position":3,"name":"TRUEMIX 500"}]},{"@type":"WebSite","@id":"https:\/\/distribution.audio-technica.eu\/es-es\/#website","url":"https:\/\/distribution.audio-technica.eu\/es-es\/","name":"Audio-Technica Iberia","description":"Distribuci\u00f3n","potentialAction":[{"@type":"SearchAction","target":{"@type":"EntryPoint","urlTemplate":"https:\/\/distribution.audio-technica.eu\/es-es\/?s={search_term_string}"},"query-input":{"@type":"PropertyValueSpecification","valueRequired":true,"valueName":"search_term_string"}}],"inLanguage":"es"}]}},"_links":{"self":[{"href":"https:\/\/distribution.audio-technica.eu\/es-es\/wp-json\/wp\/v2\/product\/29288","targetHints":{"allow":["GET"]}}],"collection":[{"href":"https:\/\/distribution.audio-technica.eu\/es-es\/wp-json\/wp\/v2\/product"}],"about":[{"href":"https:\/\/distribution.audio-technica.eu\/es-es\/wp-json\/wp\/v2\/types\/product"}],"wp:featuredmedia":[{"embeddable":true,"href":"https:\/\/distribution.audio-technica.eu\/es-es\/wp-json\/wp\/v2\/media\/29289"}],"wp:attachment":[{"href":"https:\/\/distribution.audio-technica.eu\/es-es\/wp-json\/wp\/v2\/media?parent=29288"}],"wp:term":[{"taxonomy":"product_brand","embeddable":true,"href":"https:\/\/distribution.audio-technica.eu\/es-es\/wp-json\/wp\/v2\/product_brand?post=29288"},{"taxonomy":"product_cat","embeddable":true,"href":"https:\/\/distribution.audio-technica.eu\/es-es\/wp-json\/wp\/v2\/product_cat?post=29288"},{"taxonomy":"product_tag","embeddable":true,"href":"https:\/\/distribution.audio-technica.eu\/es-es\/wp-json\/wp\/v2\/product_tag?post=29288"}],"curies":[{"name":"wp","href":"https:\/\/api.w.org\/{rel}","templated":true}]}}