{"id":29295,"date":"2023-03-26T17:13:15","date_gmt":"2023-03-26T15:13:15","guid":{"rendered":"https:\/\/atdb-production.studiograft.dev\/es-es\/productos\/truemix-600\/"},"modified":"2023-07-13T12:50:17","modified_gmt":"2023-07-13T10:50:17","slug":"truemix-600","status":"publish","type":"product","link":"https:\/\/distribution.audio-technica.eu\/es-es\/productos\/truemix-600\/","title":{"rendered":"TRUEMIX 600"},"content":{"rendered":"<h2>TRUEMIX 600<\/h2>\n<h3>Mezclador compacto de 6 canales, con USB y Bluetooth<\/h3>\n<p>TrueMix 600 de Alto Professional es un mezclador de audio port\u00e1til equipado con Bluetooth y un interface de audio USB que ofrece todas las prestaciones esenciales que se precisan para la grabaci\u00f3n dom\u00e9stica, streaming en directo, podcasting o actuaciones.<\/p>\n<p>TrueMix 600 ofrece un canal espec\u00edfico para Bluetooth que permite realizar f\u00e1cilmente streaming desde sus dispositivos personales. El canal Bluetooth tambi\u00e9n es compatible con el emparejamiento sin retroalimentaci\u00f3n de tel\u00e9fonos mediante el uso de tecnolog\u00eda mix-minus, una caracter\u00edstica que no soporta ning\u00fan otro mezclador de su clase. Dispone de seis entradas anal\u00f3gicas equipadas con circuitos capaces de soportar un elevado techo din\u00e1mico para ofrecer el m\u00ednimo recorte y ruido en la se\u00f1al. Los canales con entrada de micro ofrecen entradas XLR que permiten la conexi\u00f3n tanto de micros din\u00e1micos como de condensador, ya que ofrecen tambi\u00e9n alimentaci\u00f3n phantom de 48 V. Estos canales tambi\u00e9n disponen de entradas de l\u00ednea balanceadas a trav\u00e9s de jack de 1\/4&#8243;, que permiten la conexi\u00f3n de instrumentos y otras se\u00f1ales con nivel de l\u00ednea. Tambi\u00e9n se dispone de dos canales de entrada est\u00e9reo, cada uno de ellos equipado con doble entrada TRS 1\/4&#8243; balanceada, perfectas para la conexi\u00f3n de fuentes de sonido con nivel de l\u00ednea.<\/p>\n<p>Todos los canales disponen de EQ de dos bandas con botones codificados por medio de colores, que facilitan los ajustes incluso cuando se trabaja en situaciones de baja iluminaci\u00f3n.<\/p>\n<p>Es muy f\u00e1cil y r\u00e1pido conectar el TrueMix 600 a un ordenador dotado de sistemas operativos Windows o macOS, gracias a su conectividad plug and play.<\/p>\n<p>Tanto si se est\u00e1 haciendo m\u00fasica en casa, grabando un podcast o transmitiendo en vivo en l\u00ednea, es esencial que el usuario pueda escucharse a si mismo de forma correcta. TrueMix 600 ofrece una amplia variedad de opciones de salida y direccionamiento para manejar cualquier situaci\u00f3n. Se dispone de dos salidas para auriculares, cada una con su propio bot\u00f3n de control de volumen independiente. Si se precisa enviar se\u00f1ales de audio a otro destino, como un procesador de efectos externo, se dispone de un env\u00edo\/retorno AUX y controles de env\u00edo AUX individuales en cada canal. Para grabar, la salida USB env\u00eda una copia de las salidas principales al ordenador, o tambi\u00e9n es posible conectar la entrada\/salida de 2 pistas a una grabadora externa que tambi\u00e9n se puede enviar directamente a una de las salidas de auriculares.<\/p>\n<ul>\n<li>E\/S USB para reproducci\u00f3n de audio y grabaci\u00f3n est\u00e9reo<\/li>\n<li>Canal espec\u00edfico para Bluetooth, con retorno mix-minus para emparejamiento libre de retroalimentaci\u00f3n<\/li>\n<li>Doble salida para auriculares con controles independientes de volumen<\/li>\n<li>Salidas 1\/4&#8243; Main, Tape, Headphone, y AUX<\/li>\n<li>Dos canales con entrada para micr\u00f3fono, con alimentaci\u00f3n phantom y entradas balanceadas de l\u00ednea<\/li>\n<li>Dos canales de entrada est\u00e9reo, con jacks TRS 1\/4&#8243; balanceado<\/li>\n<li>EQ de 2 bandas en todos los canales<\/li>\n<li>Entradas 2 pistas con direccionamiento asignable: mezcla principal o salida de auriculares<\/li>\n<li>Medidor VU LED de ocho segmentos<\/li>\n<\/ul>\n<p>&nbsp;<\/p>\n","protected":false},"excerpt":{"rendered":"<h3>Mezclador compacto de 6 canales, con USB y Bluetooth<\/h3>\n<ul>\n<li>E\/S USB para reproducci\u00f3n de audio y grabaci\u00f3n est\u00e9reo<\/li>\n<li>Canal espec\u00edfico para Bluetooth, con retorno mix-minus para emparejamiento libre de retroalimentaci\u00f3n<\/li>\n<li>Doble salida para auriculares con controles independientes de volumen<\/li>\n<li>Dos canales con entrada para micr\u00f3fono, con alimentaci\u00f3n phantom y entradas balanceadas de l\u00ednea<\/li>\n<li>Dos canales de entrada est\u00e9reo, con jacks TRS 1\/4&#8243; balanceado<\/li>\n<li>EQ de 2 bandas en todos los canales<\/li>\n<\/ul>\n<p>&nbsp;<\/p>\n","protected":false},"featured_media":29296,"template":"","meta":{"_acf_changed":false},"product_brand":[],"product_cat":[1331,1350,1325,2373],"product_tag":[],"class_list":{"0":"post-29295","1":"product","2":"type-product","3":"status-publish","4":"has-post-thumbnail","6":"product_cat-mesas-de-mezclas","7":"product_cat-mezcladores-compactos","8":"product_cat-por-series-alto-professional","9":"product_cat-serie-truemix","10":"product_series-serie-truemix","12":"first","13":"instock","14":"shipping-taxable","15":"product-type-simple"},"acf":[],"yoast_head":"<!-- This site is optimized with the Yoast SEO plugin v27.1.1 - https:\/\/yoast.com\/product\/yoast-seo-wordpress\/ -->\n<title>TRUEMIX 600 - Audio-Technica Iberia<\/title>\n<meta name=\"robots\" content=\"index, follow, max-snippet:-1, max-image-preview:large, max-video-preview:-1\" \/>\n<link rel=\"canonical\" href=\"https:\/\/distribution.audio-technica.eu\/es-es\/productos\/truemix-600\/\" \/>\n<meta property=\"og:locale\" content=\"es_ES\" \/>\n<meta property=\"og:type\" content=\"article\" \/>\n<meta property=\"og:title\" content=\"TRUEMIX 600 - Audio-Technica Iberia\" \/>\n<meta property=\"og:description\" content=\"Mezclador compacto de 6 canales, con USB y Bluetooth  E\/S USB para reproducci\u00f3n de audio y grabaci\u00f3n est\u00e9reo  Canal espec\u00edfico para Bluetooth, con retorno mix-minus para emparejamiento libre de retroalimentaci\u00f3n  Doble salida para auriculares con controles independientes de volumen  Dos canales con entrada para micr\u00f3fono, con alimentaci\u00f3n phantom y entradas balanceadas de l\u00ednea  Dos canales de entrada est\u00e9reo, con jacks TRS 1\/4&quot; balanceado  EQ de 2 bandas en todos los canales &nbsp;\" \/>\n<meta property=\"og:url\" content=\"https:\/\/distribution.audio-technica.eu\/es-es\/productos\/truemix-600\/\" \/>\n<meta property=\"og:site_name\" content=\"Audio-Technica Iberia\" \/>\n<meta property=\"article:modified_time\" content=\"2023-07-13T10:50:17+00:00\" \/>\n<meta property=\"og:image\" content=\"https:\/\/distribution.audio-technica.eu\/app\/uploads\/sites\/2\/Alto_Truemix600_Angle-Left.jpg\" \/>\n\t<meta property=\"og:image:width\" content=\"2000\" \/>\n\t<meta property=\"og:image:height\" content=\"2000\" \/>\n\t<meta property=\"og:image:type\" content=\"image\/jpeg\" \/>\n<meta name=\"twitter:card\" content=\"summary_large_image\" \/>\n<meta name=\"twitter:label1\" content=\"Tiempo de lectura\" \/>\n\t<meta name=\"twitter:data1\" content=\"3 minutos\" \/>\n<script type=\"application\/ld+json\" class=\"yoast-schema-graph\">{\"@context\":\"https:\/\/schema.org\",\"@graph\":[{\"@type\":\"WebPage\",\"@id\":\"https:\/\/distribution.audio-technica.eu\/es-es\/productos\/truemix-600\/\",\"url\":\"https:\/\/distribution.audio-technica.eu\/es-es\/productos\/truemix-600\/\",\"name\":\"TRUEMIX 600 - Audio-Technica Iberia\",\"isPartOf\":{\"@id\":\"https:\/\/distribution.audio-technica.eu\/es-es\/#website\"},\"primaryImageOfPage\":{\"@id\":\"https:\/\/distribution.audio-technica.eu\/es-es\/productos\/truemix-600\/#primaryimage\"},\"image\":{\"@id\":\"https:\/\/distribution.audio-technica.eu\/es-es\/productos\/truemix-600\/#primaryimage\"},\"thumbnailUrl\":\"\/app\/uploads\/sites\/2\/Alto_Truemix600_Angle-Left.jpg\",\"datePublished\":\"2023-03-26T15:13:15+00:00\",\"dateModified\":\"2023-07-13T10:50:17+00:00\",\"breadcrumb\":{\"@id\":\"https:\/\/distribution.audio-technica.eu\/es-es\/productos\/truemix-600\/#breadcrumb\"},\"inLanguage\":\"es\",\"potentialAction\":[{\"@type\":\"ReadAction\",\"target\":[\"https:\/\/distribution.audio-technica.eu\/es-es\/productos\/truemix-600\/\"]}]},{\"@type\":\"ImageObject\",\"inLanguage\":\"es\",\"@id\":\"https:\/\/distribution.audio-technica.eu\/es-es\/productos\/truemix-600\/#primaryimage\",\"url\":\"\/app\/uploads\/sites\/2\/Alto_Truemix600_Angle-Left.jpg\",\"contentUrl\":\"\/app\/uploads\/sites\/2\/Alto_Truemix600_Angle-Left.jpg\",\"width\":2000,\"height\":2000},{\"@type\":\"BreadcrumbList\",\"@id\":\"https:\/\/distribution.audio-technica.eu\/es-es\/productos\/truemix-600\/#breadcrumb\",\"itemListElement\":[{\"@type\":\"ListItem\",\"position\":1,\"name\":\"Products\",\"item\":\"https:\/\/distribution.audio-technica.eu\/es-es\/\"},{\"@type\":\"ListItem\",\"position\":2,\"name\":\"Productos\",\"item\":\"https:\/\/distribution.audio-technica.eu\/es-es\/productos\/\"},{\"@type\":\"ListItem\",\"position\":3,\"name\":\"TRUEMIX 600\"}]},{\"@type\":\"WebSite\",\"@id\":\"https:\/\/distribution.audio-technica.eu\/es-es\/#website\",\"url\":\"https:\/\/distribution.audio-technica.eu\/es-es\/\",\"name\":\"Audio-Technica Iberia\",\"description\":\"Distribuci\u00f3n\",\"potentialAction\":[{\"@type\":\"SearchAction\",\"target\":{\"@type\":\"EntryPoint\",\"urlTemplate\":\"https:\/\/distribution.audio-technica.eu\/es-es\/?s={search_term_string}\"},\"query-input\":{\"@type\":\"PropertyValueSpecification\",\"valueRequired\":true,\"valueName\":\"search_term_string\"}}],\"inLanguage\":\"es\"}]}<\/script>\n<!-- \/ Yoast SEO plugin. -->","yoast_head_json":{"title":"TRUEMIX 600 - Audio-Technica Iberia","robots":{"index":"index","follow":"follow","max-snippet":"max-snippet:-1","max-image-preview":"max-image-preview:large","max-video-preview":"max-video-preview:-1"},"canonical":"https:\/\/distribution.audio-technica.eu\/es-es\/productos\/truemix-600\/","og_locale":"es_ES","og_type":"article","og_title":"TRUEMIX 600 - Audio-Technica Iberia","og_description":"Mezclador compacto de 6 canales, con USB y Bluetooth  E\/S USB para reproducci\u00f3n de audio y grabaci\u00f3n est\u00e9reo  Canal espec\u00edfico para Bluetooth, con retorno mix-minus para emparejamiento libre de retroalimentaci\u00f3n  Doble salida para auriculares con controles independientes de volumen  Dos canales con entrada para micr\u00f3fono, con alimentaci\u00f3n phantom y entradas balanceadas de l\u00ednea  Dos canales de entrada est\u00e9reo, con jacks TRS 1\/4\" balanceado  EQ de 2 bandas en todos los canales &nbsp;","og_url":"https:\/\/distribution.audio-technica.eu\/es-es\/productos\/truemix-600\/","og_site_name":"Audio-Technica Iberia","article_modified_time":"2023-07-13T10:50:17+00:00","og_image":[{"width":2000,"height":2000,"url":"https:\/\/distribution.audio-technica.eu\/app\/uploads\/sites\/2\/Alto_Truemix600_Angle-Left.jpg","type":"image\/jpeg"}],"twitter_card":"summary_large_image","twitter_misc":{"Tiempo de lectura":"3 minutos"},"schema":{"@context":"https:\/\/schema.org","@graph":[{"@type":"WebPage","@id":"https:\/\/distribution.audio-technica.eu\/es-es\/productos\/truemix-600\/","url":"https:\/\/distribution.audio-technica.eu\/es-es\/productos\/truemix-600\/","name":"TRUEMIX 600 - Audio-Technica Iberia","isPartOf":{"@id":"https:\/\/distribution.audio-technica.eu\/es-es\/#website"},"primaryImageOfPage":{"@id":"https:\/\/distribution.audio-technica.eu\/es-es\/productos\/truemix-600\/#primaryimage"},"image":{"@id":"https:\/\/distribution.audio-technica.eu\/es-es\/productos\/truemix-600\/#primaryimage"},"thumbnailUrl":"\/app\/uploads\/sites\/2\/Alto_Truemix600_Angle-Left.jpg","datePublished":"2023-03-26T15:13:15+00:00","dateModified":"2023-07-13T10:50:17+00:00","breadcrumb":{"@id":"https:\/\/distribution.audio-technica.eu\/es-es\/productos\/truemix-600\/#breadcrumb"},"inLanguage":"es","potentialAction":[{"@type":"ReadAction","target":["https:\/\/distribution.audio-technica.eu\/es-es\/productos\/truemix-600\/"]}]},{"@type":"ImageObject","inLanguage":"es","@id":"https:\/\/distribution.audio-technica.eu\/es-es\/productos\/truemix-600\/#primaryimage","url":"\/app\/uploads\/sites\/2\/Alto_Truemix600_Angle-Left.jpg","contentUrl":"\/app\/uploads\/sites\/2\/Alto_Truemix600_Angle-Left.jpg","width":2000,"height":2000},{"@type":"BreadcrumbList","@id":"https:\/\/distribution.audio-technica.eu\/es-es\/productos\/truemix-600\/#breadcrumb","itemListElement":[{"@type":"ListItem","position":1,"name":"Products","item":"https:\/\/distribution.audio-technica.eu\/es-es\/"},{"@type":"ListItem","position":2,"name":"Productos","item":"https:\/\/distribution.audio-technica.eu\/es-es\/productos\/"},{"@type":"ListItem","position":3,"name":"TRUEMIX 600"}]},{"@type":"WebSite","@id":"https:\/\/distribution.audio-technica.eu\/es-es\/#website","url":"https:\/\/distribution.audio-technica.eu\/es-es\/","name":"Audio-Technica Iberia","description":"Distribuci\u00f3n","potentialAction":[{"@type":"SearchAction","target":{"@type":"EntryPoint","urlTemplate":"https:\/\/distribution.audio-technica.eu\/es-es\/?s={search_term_string}"},"query-input":{"@type":"PropertyValueSpecification","valueRequired":true,"valueName":"search_term_string"}}],"inLanguage":"es"}]}},"_links":{"self":[{"href":"https:\/\/distribution.audio-technica.eu\/es-es\/wp-json\/wp\/v2\/product\/29295","targetHints":{"allow":["GET"]}}],"collection":[{"href":"https:\/\/distribution.audio-technica.eu\/es-es\/wp-json\/wp\/v2\/product"}],"about":[{"href":"https:\/\/distribution.audio-technica.eu\/es-es\/wp-json\/wp\/v2\/types\/product"}],"wp:featuredmedia":[{"embeddable":true,"href":"https:\/\/distribution.audio-technica.eu\/es-es\/wp-json\/wp\/v2\/media\/29296"}],"wp:attachment":[{"href":"https:\/\/distribution.audio-technica.eu\/es-es\/wp-json\/wp\/v2\/media?parent=29295"}],"wp:term":[{"taxonomy":"product_brand","embeddable":true,"href":"https:\/\/distribution.audio-technica.eu\/es-es\/wp-json\/wp\/v2\/product_brand?post=29295"},{"taxonomy":"product_cat","embeddable":true,"href":"https:\/\/distribution.audio-technica.eu\/es-es\/wp-json\/wp\/v2\/product_cat?post=29295"},{"taxonomy":"product_tag","embeddable":true,"href":"https:\/\/distribution.audio-technica.eu\/es-es\/wp-json\/wp\/v2\/product_tag?post=29295"}],"curies":[{"name":"wp","href":"https:\/\/api.w.org\/{rel}","templated":true}]}}