{"id":29302,"date":"2023-03-26T17:18:32","date_gmt":"2023-03-26T15:18:32","guid":{"rendered":"https:\/\/atdb-production.studiograft.dev\/es-es\/productos\/truemix-800-fx\/"},"modified":"2023-10-25T19:25:13","modified_gmt":"2023-10-25T17:25:13","slug":"truemix-800-fx","status":"publish","type":"product","link":"https:\/\/distribution.audio-technica.eu\/es-es\/productos\/truemix-800-fx\/","title":{"rendered":"TRUEMIX 800 FX"},"content":{"rendered":"<h2>TRUEMIX 800 FX<\/h2>\n<h3>Mezclador compacto de 8 canales con USB, Bluetooth, y Multi-FX Alesis<\/h3>\n<p>TrueMix 800 FX es un mezclador de audio port\u00e1til que incorpora un procesador DSP multiefectos, y que proporciona todas las funciones esenciales para realizar grabaciones dom\u00e9sticas de calidad, streaming en directo, podcasting o actuaciones.<\/p>\n<p>TrueMix 800 FX ofrece 16 efectos, entre los que se incluyen chorus, flanger y un amplio surtido de reverberaciones y retardos de alta calidad. Tambi\u00e9n cuenta con un pr\u00e1ctico canal Bluetooth que facilita el streaming desde los dispositivos personales del usuario. Esta prestaci\u00f3n exclusiva, tambi\u00e9n soporta el emparejamiento sin retroalimentaci\u00f3n de tel\u00e9fonos mediante el uso de tecnolog\u00eda mix-minus.<\/p>\n<p>Cuenta con ocho entradas anal\u00f3gicas que disponen de circuiter\u00eda capaz de soportar elevados techos din\u00e1micos para ofrecer el m\u00ednimo ruido y recorte en la se\u00f1al.<\/p>\n<p>Sus cuatro canales de entrada microf\u00f3nica disponen de entradas a trav\u00e9s de conectores XLR que permiten la conexi\u00f3n tanto de micros din\u00e1micos como de condensador ya que, adem\u00e1s, ofrecen alimentaci\u00f3n phantom de 48 V. Estos canales tambi\u00e9n incorporan entradas de l\u00ednea balanceada a trav\u00e9s de jacks de 1\/4&#8243;, adecuados para instrumentos y otras se\u00f1ales con nivel de l\u00ednea.<\/p>\n<p>Se dispone tambi\u00e9n de dos canales de entrada est\u00e9reo equipados con entradas dobles balanceadas a trav\u00e9s de jack 1\/4&#8243; TRS, adecuados para fuentes de sonido con nivel de l\u00ednea.<\/p>\n<p>Todos los canales incorporan EQ de dos bandas con botones coloreados que facilitan su visualizaci\u00f3n en entornos poco iluminados. Tambi\u00e9n se han incluido tapas extra para los botones, lo cual permite personalizar el aspecto del mezclador.<\/p>\n<p>Resulta muy r\u00e1pido y simple conectar el TrueMix 800 FX a un ordenador con sistema operativo Windows o macOS, gracias a su conectividad plug and play.<\/p>\n<p>Tanto si se est\u00e1 haciendo m\u00fasica en casa, grabando un podcast o transmitiendo en vivo en l\u00ednea, es esencial que el usuario pueda escucharse a si mismo de forma correcta. TrueMix 800 FX ofrece una amplia variedad de opciones de salida y direccionamiento para manejar cualquier situaci\u00f3n. Se dispone de cuatro salidas para auriculares, cada una con su propio bot\u00f3n de control de volumen independiente. Si se precisa enviar se\u00f1ales de audio a otro destino, como un monitor o procesador de efectos externo, cada canal cuenta con un control de env\u00edo. Para grabar, la salida USB env\u00eda una copia de las salidas principales al ordenador, o tambi\u00e9n es posible conectar la entrada\/salida de 2 pistas a una grabadora externa que tambi\u00e9n se puede enviar directamente a una de las salidas de auriculares.<\/p>\n<ul>\n<li>E\/S USB para reproducci\u00f3n de audio y grabaci\u00f3n est\u00e9reo<\/li>\n<li>Canal espec\u00edfico para Bluetooth, con retorno mix-minus para emparejamiento libre de retroalimentaci\u00f3n<\/li>\n<li>Cuatro salidas para auriculares, con controles de volumen independientes<\/li>\n<li>Incorpora procesador MultiFX de Alesis, con 16 FX y canal espec\u00edfico para el retorno<\/li>\n<li>Salidas 1\/4&#8243; Main, Tape, Headphone, y AUXs<\/li>\n<li>Cuatro canales con entrada para micr\u00f3fono, con alimentaci\u00f3n phantom y entradas balanceadas de l\u00ednea<\/li>\n<li>Dos canales de entrada est\u00e9reo, con jacks TRS 1\/4&#8243; balanceado<\/li>\n<li>EQ de 2 bandas en todos los canales<\/li>\n<li>Entradas 2 pistas con direccionamiento asignable: mezcla principal o salida de auriculares<\/li>\n<li>Medidor VU LED de ocho segmentos<\/li>\n<li>Incluye tapas adicionales para los botones, para permitir su personalizaci\u00f3n<\/li>\n<\/ul>\n<p>&nbsp;<\/p>\n","protected":false},"excerpt":{"rendered":"<h3>Mezclador compacto de 8 canales con USB, Bluetooth, y Multi-FX Alesis<\/h3>\n<ul>\n<li>E\/S USB para reproducci\u00f3n de audio y grabaci\u00f3n est\u00e9reo<\/li>\n<li>Canal espec\u00edfico para Bluetooth, con retorno mix-minus para emparejamiento libre de retroalimentaci\u00f3n<\/li>\n<li>Cuatro salidas para auriculares, con controles de volumen independientes<\/li>\n<li>Incorpora procesador MultiFX de Alesis, con 16 FX y canal espec\u00edfico para el retorno<\/li>\n<li>Cuatro canales con entrada para micr\u00f3fono, con alimentaci\u00f3n phantom y entradas balanceadas de l\u00ednea<\/li>\n<li>Dos canales de entrada est\u00e9reo, con jacks TRS 1\/4&#8243; balanceado<\/li>\n<li>EQ de 2 bandas en todos los canales<\/li>\n<\/ul>\n<p>&nbsp;<\/p>\n","protected":false},"featured_media":29303,"template":"","meta":{"_acf_changed":false},"product_brand":[],"product_cat":[1331,1350,1325,2373],"product_tag":[],"class_list":{"0":"post-29302","1":"product","2":"type-product","3":"status-publish","4":"has-post-thumbnail","6":"product_cat-mesas-de-mezclas","7":"product_cat-mezcladores-compactos","8":"product_cat-por-series-alto-professional","9":"product_cat-serie-truemix","10":"product_series-serie-truemix","12":"first","13":"instock","14":"featured","15":"shipping-taxable","16":"product-type-simple"},"acf":[],"yoast_head":"<!-- This site is optimized with the Yoast SEO plugin v27.1.1 - https:\/\/yoast.com\/product\/yoast-seo-wordpress\/ -->\n<title>TRUEMIX 800 FX - Audio-Technica Iberia<\/title>\n<meta name=\"robots\" content=\"index, follow, max-snippet:-1, max-image-preview:large, max-video-preview:-1\" \/>\n<link rel=\"canonical\" href=\"https:\/\/distribution.audio-technica.eu\/es-es\/productos\/truemix-800-fx\/\" \/>\n<meta property=\"og:locale\" content=\"es_ES\" \/>\n<meta property=\"og:type\" content=\"article\" \/>\n<meta property=\"og:title\" content=\"TRUEMIX 800 FX - Audio-Technica Iberia\" \/>\n<meta property=\"og:description\" content=\"Mezclador compacto de 8 canales con USB, Bluetooth, y Multi-FX Alesis  E\/S USB para reproducci\u00f3n de audio y grabaci\u00f3n est\u00e9reo  Canal espec\u00edfico para Bluetooth, con retorno mix-minus para emparejamiento libre de retroalimentaci\u00f3n  Cuatro salidas para auriculares, con controles de volumen independientes  Incorpora procesador MultiFX de Alesis, con 16 FX y canal espec\u00edfico para el retorno  Cuatro canales con entrada para micr\u00f3fono, con alimentaci\u00f3n phantom y entradas balanceadas de l\u00ednea  Dos canales de entrada est\u00e9reo, con jacks TRS 1\/4&quot; balanceado  EQ de 2 bandas en todos los canales &nbsp;\" \/>\n<meta property=\"og:url\" content=\"https:\/\/distribution.audio-technica.eu\/es-es\/productos\/truemix-800-fx\/\" \/>\n<meta property=\"og:site_name\" content=\"Audio-Technica Iberia\" \/>\n<meta property=\"article:modified_time\" content=\"2023-10-25T17:25:13+00:00\" \/>\n<meta property=\"og:image\" content=\"https:\/\/distribution.audio-technica.eu\/app\/uploads\/sites\/2\/Alto_Truemix800FX_Angle-Left.jpg\" \/>\n\t<meta property=\"og:image:width\" content=\"2000\" \/>\n\t<meta property=\"og:image:height\" content=\"2000\" \/>\n\t<meta property=\"og:image:type\" content=\"image\/jpeg\" \/>\n<meta name=\"twitter:card\" content=\"summary_large_image\" \/>\n<meta name=\"twitter:label1\" content=\"Tiempo de lectura\" \/>\n\t<meta name=\"twitter:data1\" content=\"3 minutos\" \/>\n<script type=\"application\/ld+json\" class=\"yoast-schema-graph\">{\"@context\":\"https:\/\/schema.org\",\"@graph\":[{\"@type\":\"WebPage\",\"@id\":\"https:\/\/distribution.audio-technica.eu\/es-es\/productos\/truemix-800-fx\/\",\"url\":\"https:\/\/distribution.audio-technica.eu\/es-es\/productos\/truemix-800-fx\/\",\"name\":\"TRUEMIX 800 FX - Audio-Technica Iberia\",\"isPartOf\":{\"@id\":\"https:\/\/distribution.audio-technica.eu\/es-es\/#website\"},\"primaryImageOfPage\":{\"@id\":\"https:\/\/distribution.audio-technica.eu\/es-es\/productos\/truemix-800-fx\/#primaryimage\"},\"image\":{\"@id\":\"https:\/\/distribution.audio-technica.eu\/es-es\/productos\/truemix-800-fx\/#primaryimage\"},\"thumbnailUrl\":\"\/app\/uploads\/sites\/2\/Alto_Truemix800FX_Angle-Left.jpg\",\"datePublished\":\"2023-03-26T15:18:32+00:00\",\"dateModified\":\"2023-10-25T17:25:13+00:00\",\"breadcrumb\":{\"@id\":\"https:\/\/distribution.audio-technica.eu\/es-es\/productos\/truemix-800-fx\/#breadcrumb\"},\"inLanguage\":\"es\",\"potentialAction\":[{\"@type\":\"ReadAction\",\"target\":[\"https:\/\/distribution.audio-technica.eu\/es-es\/productos\/truemix-800-fx\/\"]}]},{\"@type\":\"ImageObject\",\"inLanguage\":\"es\",\"@id\":\"https:\/\/distribution.audio-technica.eu\/es-es\/productos\/truemix-800-fx\/#primaryimage\",\"url\":\"\/app\/uploads\/sites\/2\/Alto_Truemix800FX_Angle-Left.jpg\",\"contentUrl\":\"\/app\/uploads\/sites\/2\/Alto_Truemix800FX_Angle-Left.jpg\",\"width\":2000,\"height\":2000},{\"@type\":\"BreadcrumbList\",\"@id\":\"https:\/\/distribution.audio-technica.eu\/es-es\/productos\/truemix-800-fx\/#breadcrumb\",\"itemListElement\":[{\"@type\":\"ListItem\",\"position\":1,\"name\":\"Products\",\"item\":\"https:\/\/distribution.audio-technica.eu\/es-es\/\"},{\"@type\":\"ListItem\",\"position\":2,\"name\":\"Productos\",\"item\":\"https:\/\/distribution.audio-technica.eu\/es-es\/productos\/\"},{\"@type\":\"ListItem\",\"position\":3,\"name\":\"TRUEMIX 800 FX\"}]},{\"@type\":\"WebSite\",\"@id\":\"https:\/\/distribution.audio-technica.eu\/es-es\/#website\",\"url\":\"https:\/\/distribution.audio-technica.eu\/es-es\/\",\"name\":\"Audio-Technica Iberia\",\"description\":\"Distribuci\u00f3n\",\"potentialAction\":[{\"@type\":\"SearchAction\",\"target\":{\"@type\":\"EntryPoint\",\"urlTemplate\":\"https:\/\/distribution.audio-technica.eu\/es-es\/?s={search_term_string}\"},\"query-input\":{\"@type\":\"PropertyValueSpecification\",\"valueRequired\":true,\"valueName\":\"search_term_string\"}}],\"inLanguage\":\"es\"}]}<\/script>\n<!-- \/ Yoast SEO plugin. -->","yoast_head_json":{"title":"TRUEMIX 800 FX - Audio-Technica Iberia","robots":{"index":"index","follow":"follow","max-snippet":"max-snippet:-1","max-image-preview":"max-image-preview:large","max-video-preview":"max-video-preview:-1"},"canonical":"https:\/\/distribution.audio-technica.eu\/es-es\/productos\/truemix-800-fx\/","og_locale":"es_ES","og_type":"article","og_title":"TRUEMIX 800 FX - Audio-Technica Iberia","og_description":"Mezclador compacto de 8 canales con USB, Bluetooth, y Multi-FX Alesis  E\/S USB para reproducci\u00f3n de audio y grabaci\u00f3n est\u00e9reo  Canal espec\u00edfico para Bluetooth, con retorno mix-minus para emparejamiento libre de retroalimentaci\u00f3n  Cuatro salidas para auriculares, con controles de volumen independientes  Incorpora procesador MultiFX de Alesis, con 16 FX y canal espec\u00edfico para el retorno  Cuatro canales con entrada para micr\u00f3fono, con alimentaci\u00f3n phantom y entradas balanceadas de l\u00ednea  Dos canales de entrada est\u00e9reo, con jacks TRS 1\/4\" balanceado  EQ de 2 bandas en todos los canales &nbsp;","og_url":"https:\/\/distribution.audio-technica.eu\/es-es\/productos\/truemix-800-fx\/","og_site_name":"Audio-Technica Iberia","article_modified_time":"2023-10-25T17:25:13+00:00","og_image":[{"width":2000,"height":2000,"url":"https:\/\/distribution.audio-technica.eu\/app\/uploads\/sites\/2\/Alto_Truemix800FX_Angle-Left.jpg","type":"image\/jpeg"}],"twitter_card":"summary_large_image","twitter_misc":{"Tiempo de lectura":"3 minutos"},"schema":{"@context":"https:\/\/schema.org","@graph":[{"@type":"WebPage","@id":"https:\/\/distribution.audio-technica.eu\/es-es\/productos\/truemix-800-fx\/","url":"https:\/\/distribution.audio-technica.eu\/es-es\/productos\/truemix-800-fx\/","name":"TRUEMIX 800 FX - Audio-Technica Iberia","isPartOf":{"@id":"https:\/\/distribution.audio-technica.eu\/es-es\/#website"},"primaryImageOfPage":{"@id":"https:\/\/distribution.audio-technica.eu\/es-es\/productos\/truemix-800-fx\/#primaryimage"},"image":{"@id":"https:\/\/distribution.audio-technica.eu\/es-es\/productos\/truemix-800-fx\/#primaryimage"},"thumbnailUrl":"\/app\/uploads\/sites\/2\/Alto_Truemix800FX_Angle-Left.jpg","datePublished":"2023-03-26T15:18:32+00:00","dateModified":"2023-10-25T17:25:13+00:00","breadcrumb":{"@id":"https:\/\/distribution.audio-technica.eu\/es-es\/productos\/truemix-800-fx\/#breadcrumb"},"inLanguage":"es","potentialAction":[{"@type":"ReadAction","target":["https:\/\/distribution.audio-technica.eu\/es-es\/productos\/truemix-800-fx\/"]}]},{"@type":"ImageObject","inLanguage":"es","@id":"https:\/\/distribution.audio-technica.eu\/es-es\/productos\/truemix-800-fx\/#primaryimage","url":"\/app\/uploads\/sites\/2\/Alto_Truemix800FX_Angle-Left.jpg","contentUrl":"\/app\/uploads\/sites\/2\/Alto_Truemix800FX_Angle-Left.jpg","width":2000,"height":2000},{"@type":"BreadcrumbList","@id":"https:\/\/distribution.audio-technica.eu\/es-es\/productos\/truemix-800-fx\/#breadcrumb","itemListElement":[{"@type":"ListItem","position":1,"name":"Products","item":"https:\/\/distribution.audio-technica.eu\/es-es\/"},{"@type":"ListItem","position":2,"name":"Productos","item":"https:\/\/distribution.audio-technica.eu\/es-es\/productos\/"},{"@type":"ListItem","position":3,"name":"TRUEMIX 800 FX"}]},{"@type":"WebSite","@id":"https:\/\/distribution.audio-technica.eu\/es-es\/#website","url":"https:\/\/distribution.audio-technica.eu\/es-es\/","name":"Audio-Technica Iberia","description":"Distribuci\u00f3n","potentialAction":[{"@type":"SearchAction","target":{"@type":"EntryPoint","urlTemplate":"https:\/\/distribution.audio-technica.eu\/es-es\/?s={search_term_string}"},"query-input":{"@type":"PropertyValueSpecification","valueRequired":true,"valueName":"search_term_string"}}],"inLanguage":"es"}]}},"_links":{"self":[{"href":"https:\/\/distribution.audio-technica.eu\/es-es\/wp-json\/wp\/v2\/product\/29302","targetHints":{"allow":["GET"]}}],"collection":[{"href":"https:\/\/distribution.audio-technica.eu\/es-es\/wp-json\/wp\/v2\/product"}],"about":[{"href":"https:\/\/distribution.audio-technica.eu\/es-es\/wp-json\/wp\/v2\/types\/product"}],"wp:featuredmedia":[{"embeddable":true,"href":"https:\/\/distribution.audio-technica.eu\/es-es\/wp-json\/wp\/v2\/media\/29303"}],"wp:attachment":[{"href":"https:\/\/distribution.audio-technica.eu\/es-es\/wp-json\/wp\/v2\/media?parent=29302"}],"wp:term":[{"taxonomy":"product_brand","embeddable":true,"href":"https:\/\/distribution.audio-technica.eu\/es-es\/wp-json\/wp\/v2\/product_brand?post=29302"},{"taxonomy":"product_cat","embeddable":true,"href":"https:\/\/distribution.audio-technica.eu\/es-es\/wp-json\/wp\/v2\/product_cat?post=29302"},{"taxonomy":"product_tag","embeddable":true,"href":"https:\/\/distribution.audio-technica.eu\/es-es\/wp-json\/wp\/v2\/product_tag?post=29302"}],"curies":[{"name":"wp","href":"https:\/\/api.w.org\/{rel}","templated":true}]}}