{"id":29309,"date":"2023-04-12T11:53:44","date_gmt":"2023-04-12T09:53:44","guid":{"rendered":"https:\/\/atdb-production.studiograft.dev\/es-es\/productos\/torus-t820\/"},"modified":"2026-02-19T14:59:16","modified_gmt":"2026-02-19T13:59:16","slug":"torus-t820","status":"publish","type":"product","link":"https:\/\/distribution.audio-technica.eu\/es-es\/productos\/torus-t820\/","title":{"rendered":"TORUS T820"},"content":{"rendered":"<h2>TORUS T820<\/h2>\n<h3>Recinto array pasivo de 8\u201d de curvatura constante, con \u00e1ngulo fijo de 20<strong>\u00b0<\/strong><\/h3>\n<p>TORUS T820 es un altavoz pasivo de 2 v\u00edas dise\u00f1ado para ser utilizado en aplicaciones de peque\u00f1o o medio tama\u00f1o en las que no se precisa de la proyecci\u00f3n a largas distancias que ofrece un line array. Ofreciendo una excepcional facilidad de uso, escalabilidad y flexibilidad en su implementaci\u00f3n, se utiliza principalmente como elemento en arrays verticales de curvatura constante, aunque tambi\u00e9n puede se utilizado individualmente como un altavoz de fuente puntual. En recintos donde se requiere poca proyecci\u00f3n, pero se cuenta con techos muy altos, como ocurre en algunos teatros, tambi\u00e9n puede resultar una soluci\u00f3n pr\u00e1ctica el uso de un cluster central horizontal.<\/p>\n<p>El altavoz T820 combina una impresionante capacidad de salida, una calidad sonora soberbia y un definido patr\u00f3n de cobertura de 100\u00b0 por 20\u00b0 en un recinto muy compacto. Su peque\u00f1o tama\u00f1o y facilidad de transporte ampl\u00eda su gama de posibles aplicaciones desde la sonorizaci\u00f3n de eventos en directo y las instalaciones permanentes hasta eventos corporativos, m\u00fasicos y DJs.<\/p>\n<p>Dispone de un corrector de fase montado en el frontal de un transductor de neodimio de \u00a08\u201d para aumentar su sensibilidad a los medios, mientras que dos transductores de compresi\u00f3n de neodimio con c\u00fapula de pol\u00edmero de alta temperatura, bobina de 1,4\u201d y salida de 1\u201d proporcionan m\u00e1s extensi\u00f3n a los agudos con una distorsi\u00f3n muy baja y una mejor respuesta a los transitorios. Esta combinaci\u00f3n asegura que no se ver\u00e1 comprometido el caracter\u00edstico sonido de Martin Audio, incluso aunque se trabaje a niveles muy altos de SPL.<\/p>\n<p>El recinto est\u00e1 construido con s\u00f3lida madera laminada y acabado en duradera pintura PU texturizada, e incorpora dos asas para facilitar su instalaci\u00f3n y manejo, as\u00ed como fijaci\u00f3n para el montaje de un m\u00e1stil.<\/p>\n<p>Una rejilla de acero de ancho completo con tela en su parte posterior protege<br \/>\nlos transductores y aporta una apariencia discreta y profesional.<br \/>\nEl hardware integral de elevaci\u00f3n es f\u00e1cil de usar y permite la configuraci\u00f3n de arrays verticales y horizontales de hasta 6 recintos, con marcos elevadores y el resto de los accesorios.<\/p>\n<p>T820 dispone de dos conectores NL4 con configuraci\u00f3n pasiva utilizando los pins 1+ 1- o 2+ 2-, seleccionado por medio de un conmutador montado en su parte posterior. La potencia al sistema la aportan los amplificadores iKON de Martin Audio, compatibles con el software de control VU-NET y la integraci\u00f3n Dante\u00ae. T820 tambi\u00e9n cuenta con un indicador LED que puede iluminarse desde el software VU-NET para identificar su localizaci\u00f3n en la red. Finalmente, con la ayuda del software DISPLAY 3, es posible modelar arrays en 3D, permitiendo diferentes resoluciones, as\u00ed como la optimizaci\u00f3n autom\u00e1tica de los filtros para obtener una cobertura consistente y definida.<\/p>\n<p>T820 se puede complementar con subgraves SX de Martin Audio y est\u00e1 dise\u00f1ado para integrarse mec\u00e1nicamente con el subgrave cardioide SXCF115 en configuraciones suspendidas y apiladas.<\/p>\n<p>Est\u00e1 disponible, como est\u00e1ndar, en negro (T820B) o, bajo pedido, en blanco (T820W).<\/p>\n<p>&nbsp;<\/p>\n<p><strong>Caracter\u00edsticas Principales<\/strong><\/p>\n<ul>\n<li>Recinto array de 2 v\u00edas, de curvatura constante<\/li>\n<li>Recinto compacto con alta potencia de salida<\/li>\n<li>1 transductor LF de 8\u201d y 2 transductores HF de 1.4\u201d con salida de 1\u201d<\/li>\n<li>Dispersi\u00f3n horizontal de 100\u00b0 x 20\u00b0 dispersi\u00f3n vertical<\/li>\n<li>Corrector de fase para aumentar la sensibilidad en los medios<\/li>\n<li>Cobertura optimizada con la ayuda de DISPLAY 3 y amplificado con amplificadores iKON<\/li>\n<li>Sistema Plug-and-play, configuraci\u00f3n r\u00e1pida y f\u00e1cil elevaci\u00f3n<\/li>\n<\/ul>\n<p>&nbsp;<\/p>\n<p><strong>Aplicaciones<\/strong><\/p>\n<ul>\n<li>Proyecci\u00f3n a corta o media distancia<\/li>\n<li>Sonorizaci\u00f3n en directo, teatros, DJs m\u00f3viles y eventos corporativos<\/li>\n<li>Instalaciones fijas<\/li>\n<li>Fills, retardos y clusters centrales (con techos altos)<\/li>\n<\/ul>\n<p>&nbsp;<\/p>\n","protected":false},"excerpt":{"rendered":"<h3>Recinto array pasivo de 8\u201d de curvatura constante, con \u00e1ngulo fijo de 20<strong>\u00b0<\/strong><\/h3>\n<ul>\n<li>Recinto array de 2 v\u00edas, de curvatura constante<\/li>\n<li>1 transductor LF de 8\u201d y 2 transductores HF de 1.4\u201d con salida de 1\u201d<\/li>\n<li>Dispersi\u00f3n 100\u00b0 H x 20\u00b0 V<\/li>\n<li>Corrector de fase para aumentar la sensibilidad en los medios<\/li>\n<\/ul>\n<p>&nbsp;<\/p>\n<p>&nbsp;<\/p>\n","protected":false},"featured_media":29310,"template":"","meta":{"_acf_changed":false},"product_brand":[],"product_cat":[2083,2087,2084,2095,2085,2266],"product_tag":[],"class_list":{"0":"post-29309","1":"product","2":"type-product","3":"status-publish","4":"has-post-thumbnail","6":"product_cat-sistemas-sonido-directo","7":"product_cat-line-arrays-pasivos","8":"product_cat-sistemas-instalacion","9":"product_cat-line-arrays-pasivos-sistemas-instalacion","10":"product_cat-por-series-martin-audio","11":"product_cat-serie-torus","12":"product_series-serie-torus","14":"first","15":"instock","16":"featured","17":"shipping-taxable","18":"product-type-simple"},"acf":[],"yoast_head":"<!-- This site is optimized with the Yoast SEO plugin v27.1.1 - https:\/\/yoast.com\/product\/yoast-seo-wordpress\/ -->\n<title>TORUS T820 - Audio-Technica Iberia<\/title>\n<meta name=\"robots\" content=\"index, follow, max-snippet:-1, max-image-preview:large, max-video-preview:-1\" \/>\n<link rel=\"canonical\" href=\"https:\/\/distribution.audio-technica.eu\/es-es\/productos\/torus-t820\/\" \/>\n<meta property=\"og:locale\" content=\"es_ES\" \/>\n<meta property=\"og:type\" content=\"article\" \/>\n<meta property=\"og:title\" content=\"TORUS T820 - Audio-Technica Iberia\" \/>\n<meta property=\"og:description\" content=\"Recinto array pasivo de 8\u201d de curvatura constante, con \u00e1ngulo fijo de 20\u00b0   Recinto array de 2 v\u00edas, de curvatura constante  1 transductor LF de 8\u201d y 2 transductores HF de 1.4\u201d con salida de 1\u201d  Dispersi\u00f3n 100\u00b0 H x 20\u00b0 V  Corrector de fase para aumentar la sensibilidad en los medios  &nbsp;  &nbsp;\" \/>\n<meta property=\"og:url\" content=\"https:\/\/distribution.audio-technica.eu\/es-es\/productos\/torus-t820\/\" \/>\n<meta property=\"og:site_name\" content=\"Audio-Technica Iberia\" \/>\n<meta property=\"article:modified_time\" content=\"2026-02-19T13:59:16+00:00\" \/>\n<meta property=\"og:image\" content=\"https:\/\/distribution.audio-technica.eu\/app\/uploads\/sites\/2\/TORUS-T820-12.jpg\" \/>\n\t<meta property=\"og:image:width\" content=\"1440\" \/>\n\t<meta property=\"og:image:height\" content=\"1440\" \/>\n\t<meta property=\"og:image:type\" content=\"image\/jpeg\" \/>\n<meta name=\"twitter:card\" content=\"summary_large_image\" \/>\n<meta name=\"twitter:label1\" content=\"Tiempo de lectura\" \/>\n\t<meta name=\"twitter:data1\" content=\"3 minutos\" \/>\n<script type=\"application\/ld+json\" class=\"yoast-schema-graph\">{\"@context\":\"https:\/\/schema.org\",\"@graph\":[{\"@type\":\"WebPage\",\"@id\":\"https:\/\/distribution.audio-technica.eu\/es-es\/productos\/torus-t820\/\",\"url\":\"https:\/\/distribution.audio-technica.eu\/es-es\/productos\/torus-t820\/\",\"name\":\"TORUS T820 - Audio-Technica Iberia\",\"isPartOf\":{\"@id\":\"https:\/\/distribution.audio-technica.eu\/es-es\/#website\"},\"primaryImageOfPage\":{\"@id\":\"https:\/\/distribution.audio-technica.eu\/es-es\/productos\/torus-t820\/#primaryimage\"},\"image\":{\"@id\":\"https:\/\/distribution.audio-technica.eu\/es-es\/productos\/torus-t820\/#primaryimage\"},\"thumbnailUrl\":\"\/app\/uploads\/sites\/2\/TORUS-T820-12.jpg\",\"datePublished\":\"2023-04-12T09:53:44+00:00\",\"dateModified\":\"2026-02-19T13:59:16+00:00\",\"breadcrumb\":{\"@id\":\"https:\/\/distribution.audio-technica.eu\/es-es\/productos\/torus-t820\/#breadcrumb\"},\"inLanguage\":\"es\",\"potentialAction\":[{\"@type\":\"ReadAction\",\"target\":[\"https:\/\/distribution.audio-technica.eu\/es-es\/productos\/torus-t820\/\"]}]},{\"@type\":\"ImageObject\",\"inLanguage\":\"es\",\"@id\":\"https:\/\/distribution.audio-technica.eu\/es-es\/productos\/torus-t820\/#primaryimage\",\"url\":\"\/app\/uploads\/sites\/2\/TORUS-T820-12.jpg\",\"contentUrl\":\"\/app\/uploads\/sites\/2\/TORUS-T820-12.jpg\",\"width\":1440,\"height\":1440},{\"@type\":\"BreadcrumbList\",\"@id\":\"https:\/\/distribution.audio-technica.eu\/es-es\/productos\/torus-t820\/#breadcrumb\",\"itemListElement\":[{\"@type\":\"ListItem\",\"position\":1,\"name\":\"Products\",\"item\":\"https:\/\/distribution.audio-technica.eu\/es-es\/\"},{\"@type\":\"ListItem\",\"position\":2,\"name\":\"Productos\",\"item\":\"https:\/\/distribution.audio-technica.eu\/es-es\/productos\/\"},{\"@type\":\"ListItem\",\"position\":3,\"name\":\"TORUS T820\"}]},{\"@type\":\"WebSite\",\"@id\":\"https:\/\/distribution.audio-technica.eu\/es-es\/#website\",\"url\":\"https:\/\/distribution.audio-technica.eu\/es-es\/\",\"name\":\"Audio-Technica Iberia\",\"description\":\"Distribuci\u00f3n\",\"potentialAction\":[{\"@type\":\"SearchAction\",\"target\":{\"@type\":\"EntryPoint\",\"urlTemplate\":\"https:\/\/distribution.audio-technica.eu\/es-es\/?s={search_term_string}\"},\"query-input\":{\"@type\":\"PropertyValueSpecification\",\"valueRequired\":true,\"valueName\":\"search_term_string\"}}],\"inLanguage\":\"es\"}]}<\/script>\n<!-- \/ Yoast SEO plugin. -->","yoast_head_json":{"title":"TORUS T820 - Audio-Technica Iberia","robots":{"index":"index","follow":"follow","max-snippet":"max-snippet:-1","max-image-preview":"max-image-preview:large","max-video-preview":"max-video-preview:-1"},"canonical":"https:\/\/distribution.audio-technica.eu\/es-es\/productos\/torus-t820\/","og_locale":"es_ES","og_type":"article","og_title":"TORUS T820 - Audio-Technica Iberia","og_description":"Recinto array pasivo de 8\u201d de curvatura constante, con \u00e1ngulo fijo de 20\u00b0   Recinto array de 2 v\u00edas, de curvatura constante  1 transductor LF de 8\u201d y 2 transductores HF de 1.4\u201d con salida de 1\u201d  Dispersi\u00f3n 100\u00b0 H x 20\u00b0 V  Corrector de fase para aumentar la sensibilidad en los medios  &nbsp;  &nbsp;","og_url":"https:\/\/distribution.audio-technica.eu\/es-es\/productos\/torus-t820\/","og_site_name":"Audio-Technica Iberia","article_modified_time":"2026-02-19T13:59:16+00:00","og_image":[{"width":1440,"height":1440,"url":"https:\/\/distribution.audio-technica.eu\/app\/uploads\/sites\/2\/TORUS-T820-12.jpg","type":"image\/jpeg"}],"twitter_card":"summary_large_image","twitter_misc":{"Tiempo de lectura":"3 minutos"},"schema":{"@context":"https:\/\/schema.org","@graph":[{"@type":"WebPage","@id":"https:\/\/distribution.audio-technica.eu\/es-es\/productos\/torus-t820\/","url":"https:\/\/distribution.audio-technica.eu\/es-es\/productos\/torus-t820\/","name":"TORUS T820 - Audio-Technica Iberia","isPartOf":{"@id":"https:\/\/distribution.audio-technica.eu\/es-es\/#website"},"primaryImageOfPage":{"@id":"https:\/\/distribution.audio-technica.eu\/es-es\/productos\/torus-t820\/#primaryimage"},"image":{"@id":"https:\/\/distribution.audio-technica.eu\/es-es\/productos\/torus-t820\/#primaryimage"},"thumbnailUrl":"\/app\/uploads\/sites\/2\/TORUS-T820-12.jpg","datePublished":"2023-04-12T09:53:44+00:00","dateModified":"2026-02-19T13:59:16+00:00","breadcrumb":{"@id":"https:\/\/distribution.audio-technica.eu\/es-es\/productos\/torus-t820\/#breadcrumb"},"inLanguage":"es","potentialAction":[{"@type":"ReadAction","target":["https:\/\/distribution.audio-technica.eu\/es-es\/productos\/torus-t820\/"]}]},{"@type":"ImageObject","inLanguage":"es","@id":"https:\/\/distribution.audio-technica.eu\/es-es\/productos\/torus-t820\/#primaryimage","url":"\/app\/uploads\/sites\/2\/TORUS-T820-12.jpg","contentUrl":"\/app\/uploads\/sites\/2\/TORUS-T820-12.jpg","width":1440,"height":1440},{"@type":"BreadcrumbList","@id":"https:\/\/distribution.audio-technica.eu\/es-es\/productos\/torus-t820\/#breadcrumb","itemListElement":[{"@type":"ListItem","position":1,"name":"Products","item":"https:\/\/distribution.audio-technica.eu\/es-es\/"},{"@type":"ListItem","position":2,"name":"Productos","item":"https:\/\/distribution.audio-technica.eu\/es-es\/productos\/"},{"@type":"ListItem","position":3,"name":"TORUS T820"}]},{"@type":"WebSite","@id":"https:\/\/distribution.audio-technica.eu\/es-es\/#website","url":"https:\/\/distribution.audio-technica.eu\/es-es\/","name":"Audio-Technica Iberia","description":"Distribuci\u00f3n","potentialAction":[{"@type":"SearchAction","target":{"@type":"EntryPoint","urlTemplate":"https:\/\/distribution.audio-technica.eu\/es-es\/?s={search_term_string}"},"query-input":{"@type":"PropertyValueSpecification","valueRequired":true,"valueName":"search_term_string"}}],"inLanguage":"es"}]}},"_links":{"self":[{"href":"https:\/\/distribution.audio-technica.eu\/es-es\/wp-json\/wp\/v2\/product\/29309","targetHints":{"allow":["GET"]}}],"collection":[{"href":"https:\/\/distribution.audio-technica.eu\/es-es\/wp-json\/wp\/v2\/product"}],"about":[{"href":"https:\/\/distribution.audio-technica.eu\/es-es\/wp-json\/wp\/v2\/types\/product"}],"wp:featuredmedia":[{"embeddable":true,"href":"https:\/\/distribution.audio-technica.eu\/es-es\/wp-json\/wp\/v2\/media\/29310"}],"wp:attachment":[{"href":"https:\/\/distribution.audio-technica.eu\/es-es\/wp-json\/wp\/v2\/media?parent=29309"}],"wp:term":[{"taxonomy":"product_brand","embeddable":true,"href":"https:\/\/distribution.audio-technica.eu\/es-es\/wp-json\/wp\/v2\/product_brand?post=29309"},{"taxonomy":"product_cat","embeddable":true,"href":"https:\/\/distribution.audio-technica.eu\/es-es\/wp-json\/wp\/v2\/product_cat?post=29309"},{"taxonomy":"product_tag","embeddable":true,"href":"https:\/\/distribution.audio-technica.eu\/es-es\/wp-json\/wp\/v2\/product_tag?post=29309"}],"curies":[{"name":"wp","href":"https:\/\/api.w.org\/{rel}","templated":true}]}}