{"id":29329,"date":"2023-04-24T15:57:25","date_gmt":"2023-04-24T13:57:25","guid":{"rendered":"https:\/\/atdb-production.studiograft.dev\/es-es\/productos\/dx0-6\/"},"modified":"2026-02-19T14:43:24","modified_gmt":"2026-02-19T13:43:24","slug":"dx0-6","status":"publish","type":"product","link":"https:\/\/distribution.audio-technica.eu\/es-es\/productos\/dx0-6\/","title":{"rendered":"DX0.6"},"content":{"rendered":"<h2>DX0.6<\/h2>\n<h3>Sistema de gesti\u00f3n de altavoces<\/h3>\n<p>El DX0.6 es la herramienta de procesado ideal para combinar con las gamas ADORN, CDD y BlacklineX o, de hecho, con cualquier sistema en el que se requiera un control y una protecci\u00f3n completos del sistema, o incluso donde existan restricciones presupuestarias.<\/p>\n<p>Ambos procesadores ofrecen un sustancial abanico de opciones de procesado. El direccionamiento es asignable libremente desde las dos entradas a las seis salidas. Est\u00e1 disponible ecualizaci\u00f3n de entrada y salida con posibilidad de seleccionar entre 16 opciones de filtro.\u00a0 Una puerta de ruido en la entrada ayuda a manejar fuentes de se\u00f1al ruidosas. Est\u00e1 disponible retardos en la entrada y en la salida que permiten alinear los componentes del sistema. Dispone de filtros crossover con pendientes de entre -6 dB\/oct y -48 dB\/oct y con los tres tipos de filtro m\u00e1s populares, as\u00ed como de un limitador de dos etapas, programa y pico, que protegen los altavoces de cualquier da\u00f1o provocado por un exceso de potencia.<\/p>\n<p>El procesador cuenta con 32 memorias de usuario que permiten almacenar las configuraciones y ajustes m\u00e1s utilizados y que pueden ser exportados a un archivo por medio de una aplicaci\u00f3n PC espec\u00edfica. La conectividad con un ordenador PC est\u00e1 disponible a trav\u00e9s de un puerto USB situado en el panel frontal. Permite la conexi\u00f3n r\u00e1pida y f\u00e1cil de un \u00fanico procesador pero, en sistemas m\u00e1s grandes equipados con m\u00faltiples procesadores, es posible utilizar la conexi\u00f3n en red Ethernet o RS485.<\/p>\n<p>Un funci\u00f3n muy \u00fatil es su habilidad para recuperar configuraciones completas de canal de salida y la disponibilidad de una extensa librer\u00eda de archivos de salida para productos de Martin Audio, lo que hace que sea muy r\u00e1pido y f\u00e1cil crear la configuraci\u00f3n exacta que necesita el usuario, incluso aunque el sistema utilice productos de diferentes gamas de Martin Audio.<\/p>\n<p>El DX0.6 ofrece especificaciones de nivel profesional para asegurar en todo momento el m\u00e1s alto rendimiento sonoro para su sistema Martin Audio. Es ideal para una amplia gama de aplicaciones, tanto instaladas como m\u00f3viles.<\/p>\n<p>&nbsp;<\/p>\n<p><strong>Caracter\u00edsticas Principales<\/strong><\/p>\n<ul>\n<li>Procesador profesional de 2 entradas y 6 salidas, apto para una amplia gama de aplicaciones<\/li>\n<li>Amplias y sofisticadas opciones de procesado, incluyendo EQ, Gate, retardo y limitador para optimizar y proteger el sistema<\/li>\n<li>Matriz de direccionamiento totalmente asignable de ambas entradas hacia cualquier salida, con opci\u00f3n de atenuaci\u00f3n en cada nodo de direccionamiento<\/li>\n<li>Dos entradas balanceadas a trav\u00e9s de conector XLR, con hasta 12 dB de ganancia, inversi\u00f3n de polaridad, retardo de 600 ms, EQ param\u00e9trica de 10 bandas con selecci\u00f3n de 16 tipos de filtro, seleccionable de forma independiente para cada banda<\/li>\n<li>Seis salidas balanceadas a trav\u00e9s de conectores XLR, con 12 dB de ganancia, inversi\u00f3n de polaridad, retardo de 200 ms, filtros pasa alto y pasa bajo con pendientes de corte entre -6 dB\/oct y -48 dB7oct, utilizando indistintamente filtros Bessel, Butterworth o Linkwitz Riley, EQ param\u00e9trica de 8 bandas con selecci\u00f3n de hasta 16 tipos de filtro, limitadores independientes para pico y programa<\/li>\n<li>Pr\u00e1cticos controles en el panel frontal y pantalla LCD con un sistema de men\u00fa intuitivo para programar o modificar ajustes. Botones de enmudecimiento de una \u00fanica pulsaci\u00f3n para todas las entradas y salidas<\/li>\n<li>Puerto USB en el panel frontal para una r\u00e1pida y f\u00e1cil conexi\u00f3n a un PC<\/li>\n<li>Opci\u00f3n de red utilizando Ethernet o RS485 para los sistemas m\u00e1s grandes<\/li>\n<li>Funci\u00f3n de importaci\u00f3n de presets de canales de salida para compilar r\u00e1pida y f\u00e1cilmente un sistema que se adapte a cualquier aplicaci\u00f3n que utilice una biblioteca de presets de canales de productos de Martin Audio.<\/li>\n<li>Medidor con seis elementos LED para los niveles de entrada y salida y funcionamiento del limitador<\/li>\n<li>32 presets de usuario para almacenar configuraciones de sistema<\/li>\n<li>3 niveles de modo de usuario personalizables, con protecci\u00f3n individual por medio de contrase\u00f1a<\/li>\n<li>Fuente de alimentaci\u00f3n conmutada universal que acepta de 90 a 240 V, 50 \/ 60 Hz<\/li>\n<li>Dise\u00f1o rack compacto de 1 unidad<\/li>\n<\/ul>\n<p>&nbsp;<\/p>\n<p>&nbsp;<\/p>\n","protected":false},"excerpt":{"rendered":"<h3>Sistema de gesti\u00f3n de altavoces<\/h3>\n<ul>\n<li>Procesador profesional de 2 entradas y 6 salidas, apto para una amplia gama de aplicaciones<\/li>\n<li>Amplias y sofisticadas opciones de procesado, incluyendo EQ, Gate, retardo y limitador para optimizar y proteger el sistema<\/li>\n<li>Matriz de direccionamiento totalmente asignable de ambas entradas hacia cualquier salida, con opci\u00f3n de atenuaci\u00f3n en cada nodo de direccionamiento<\/li>\n<\/ul>\n<p>&nbsp;<\/p>\n<p>&nbsp;<\/p>\n","protected":false},"featured_media":29330,"template":"","meta":{"_acf_changed":false},"product_brand":[],"product_cat":[2083,2093,2084,2102,2085,2118],"product_tag":[],"class_list":{"0":"post-29329","1":"product","2":"type-product","3":"status-publish","4":"has-post-thumbnail","6":"product_cat-sistemas-sonido-directo","7":"product_cat-controladores","8":"product_cat-sistemas-instalacion","9":"product_cat-controladores-sistemas-instalacion","10":"product_cat-por-series-martin-audio","11":"product_cat-serie-dd","12":"product_series-serie-dx","14":"first","15":"instock","16":"shipping-taxable","17":"product-type-simple"},"acf":[],"yoast_head":"<!-- This site is optimized with the Yoast SEO plugin v27.1.1 - https:\/\/yoast.com\/product\/yoast-seo-wordpress\/ -->\n<title>DX0.6 - Audio-Technica Iberia<\/title>\n<meta name=\"robots\" content=\"index, follow, max-snippet:-1, max-image-preview:large, max-video-preview:-1\" \/>\n<link rel=\"canonical\" href=\"https:\/\/distribution.audio-technica.eu\/es-es\/productos\/dx0-6\/\" \/>\n<meta property=\"og:locale\" content=\"es_ES\" \/>\n<meta property=\"og:type\" content=\"article\" \/>\n<meta property=\"og:title\" content=\"DX0.6 - Audio-Technica Iberia\" \/>\n<meta property=\"og:description\" content=\"Sistema de gesti\u00f3n de altavoces   Procesador profesional de 2 entradas y 6 salidas, apto para una amplia gama de aplicaciones  Amplias y sofisticadas opciones de procesado, incluyendo EQ, Gate, retardo y limitador para optimizar y proteger el sistema  Matriz de direccionamiento totalmente asignable de ambas entradas hacia cualquier salida, con opci\u00f3n de atenuaci\u00f3n en cada nodo de direccionamiento  &nbsp;  &nbsp;\" \/>\n<meta property=\"og:url\" content=\"https:\/\/distribution.audio-technica.eu\/es-es\/productos\/dx0-6\/\" \/>\n<meta property=\"og:site_name\" content=\"Audio-Technica Iberia\" \/>\n<meta property=\"article:modified_time\" content=\"2026-02-19T13:43:24+00:00\" \/>\n<meta property=\"og:image\" content=\"https:\/\/distribution.audio-technica.eu\/app\/uploads\/sites\/2\/DX06_2.jpg\" \/>\n\t<meta property=\"og:image:width\" content=\"2000\" \/>\n\t<meta property=\"og:image:height\" content=\"2000\" \/>\n\t<meta property=\"og:image:type\" content=\"image\/jpeg\" \/>\n<meta name=\"twitter:card\" content=\"summary_large_image\" \/>\n<meta name=\"twitter:label1\" content=\"Tiempo de lectura\" \/>\n\t<meta name=\"twitter:data1\" content=\"4 minutos\" \/>\n<script type=\"application\/ld+json\" class=\"yoast-schema-graph\">{\"@context\":\"https:\/\/schema.org\",\"@graph\":[{\"@type\":\"WebPage\",\"@id\":\"https:\/\/distribution.audio-technica.eu\/es-es\/productos\/dx0-6\/\",\"url\":\"https:\/\/distribution.audio-technica.eu\/es-es\/productos\/dx0-6\/\",\"name\":\"DX0.6 - Audio-Technica Iberia\",\"isPartOf\":{\"@id\":\"https:\/\/distribution.audio-technica.eu\/es-es\/#website\"},\"primaryImageOfPage\":{\"@id\":\"https:\/\/distribution.audio-technica.eu\/es-es\/productos\/dx0-6\/#primaryimage\"},\"image\":{\"@id\":\"https:\/\/distribution.audio-technica.eu\/es-es\/productos\/dx0-6\/#primaryimage\"},\"thumbnailUrl\":\"\/app\/uploads\/sites\/2\/DX06_2.jpg\",\"datePublished\":\"2023-04-24T13:57:25+00:00\",\"dateModified\":\"2026-02-19T13:43:24+00:00\",\"breadcrumb\":{\"@id\":\"https:\/\/distribution.audio-technica.eu\/es-es\/productos\/dx0-6\/#breadcrumb\"},\"inLanguage\":\"es\",\"potentialAction\":[{\"@type\":\"ReadAction\",\"target\":[\"https:\/\/distribution.audio-technica.eu\/es-es\/productos\/dx0-6\/\"]}]},{\"@type\":\"ImageObject\",\"inLanguage\":\"es\",\"@id\":\"https:\/\/distribution.audio-technica.eu\/es-es\/productos\/dx0-6\/#primaryimage\",\"url\":\"\/app\/uploads\/sites\/2\/DX06_2.jpg\",\"contentUrl\":\"\/app\/uploads\/sites\/2\/DX06_2.jpg\",\"width\":2000,\"height\":2000},{\"@type\":\"BreadcrumbList\",\"@id\":\"https:\/\/distribution.audio-technica.eu\/es-es\/productos\/dx0-6\/#breadcrumb\",\"itemListElement\":[{\"@type\":\"ListItem\",\"position\":1,\"name\":\"Products\",\"item\":\"https:\/\/distribution.audio-technica.eu\/es-es\/\"},{\"@type\":\"ListItem\",\"position\":2,\"name\":\"Productos\",\"item\":\"https:\/\/distribution.audio-technica.eu\/es-es\/productos\/\"},{\"@type\":\"ListItem\",\"position\":3,\"name\":\"DX0.6\"}]},{\"@type\":\"WebSite\",\"@id\":\"https:\/\/distribution.audio-technica.eu\/es-es\/#website\",\"url\":\"https:\/\/distribution.audio-technica.eu\/es-es\/\",\"name\":\"Audio-Technica Iberia\",\"description\":\"Distribuci\u00f3n\",\"potentialAction\":[{\"@type\":\"SearchAction\",\"target\":{\"@type\":\"EntryPoint\",\"urlTemplate\":\"https:\/\/distribution.audio-technica.eu\/es-es\/?s={search_term_string}\"},\"query-input\":{\"@type\":\"PropertyValueSpecification\",\"valueRequired\":true,\"valueName\":\"search_term_string\"}}],\"inLanguage\":\"es\"}]}<\/script>\n<!-- \/ Yoast SEO plugin. -->","yoast_head_json":{"title":"DX0.6 - Audio-Technica Iberia","robots":{"index":"index","follow":"follow","max-snippet":"max-snippet:-1","max-image-preview":"max-image-preview:large","max-video-preview":"max-video-preview:-1"},"canonical":"https:\/\/distribution.audio-technica.eu\/es-es\/productos\/dx0-6\/","og_locale":"es_ES","og_type":"article","og_title":"DX0.6 - Audio-Technica Iberia","og_description":"Sistema de gesti\u00f3n de altavoces   Procesador profesional de 2 entradas y 6 salidas, apto para una amplia gama de aplicaciones  Amplias y sofisticadas opciones de procesado, incluyendo EQ, Gate, retardo y limitador para optimizar y proteger el sistema  Matriz de direccionamiento totalmente asignable de ambas entradas hacia cualquier salida, con opci\u00f3n de atenuaci\u00f3n en cada nodo de direccionamiento  &nbsp;  &nbsp;","og_url":"https:\/\/distribution.audio-technica.eu\/es-es\/productos\/dx0-6\/","og_site_name":"Audio-Technica Iberia","article_modified_time":"2026-02-19T13:43:24+00:00","og_image":[{"width":2000,"height":2000,"url":"https:\/\/distribution.audio-technica.eu\/app\/uploads\/sites\/2\/DX06_2.jpg","type":"image\/jpeg"}],"twitter_card":"summary_large_image","twitter_misc":{"Tiempo de lectura":"4 minutos"},"schema":{"@context":"https:\/\/schema.org","@graph":[{"@type":"WebPage","@id":"https:\/\/distribution.audio-technica.eu\/es-es\/productos\/dx0-6\/","url":"https:\/\/distribution.audio-technica.eu\/es-es\/productos\/dx0-6\/","name":"DX0.6 - Audio-Technica Iberia","isPartOf":{"@id":"https:\/\/distribution.audio-technica.eu\/es-es\/#website"},"primaryImageOfPage":{"@id":"https:\/\/distribution.audio-technica.eu\/es-es\/productos\/dx0-6\/#primaryimage"},"image":{"@id":"https:\/\/distribution.audio-technica.eu\/es-es\/productos\/dx0-6\/#primaryimage"},"thumbnailUrl":"\/app\/uploads\/sites\/2\/DX06_2.jpg","datePublished":"2023-04-24T13:57:25+00:00","dateModified":"2026-02-19T13:43:24+00:00","breadcrumb":{"@id":"https:\/\/distribution.audio-technica.eu\/es-es\/productos\/dx0-6\/#breadcrumb"},"inLanguage":"es","potentialAction":[{"@type":"ReadAction","target":["https:\/\/distribution.audio-technica.eu\/es-es\/productos\/dx0-6\/"]}]},{"@type":"ImageObject","inLanguage":"es","@id":"https:\/\/distribution.audio-technica.eu\/es-es\/productos\/dx0-6\/#primaryimage","url":"\/app\/uploads\/sites\/2\/DX06_2.jpg","contentUrl":"\/app\/uploads\/sites\/2\/DX06_2.jpg","width":2000,"height":2000},{"@type":"BreadcrumbList","@id":"https:\/\/distribution.audio-technica.eu\/es-es\/productos\/dx0-6\/#breadcrumb","itemListElement":[{"@type":"ListItem","position":1,"name":"Products","item":"https:\/\/distribution.audio-technica.eu\/es-es\/"},{"@type":"ListItem","position":2,"name":"Productos","item":"https:\/\/distribution.audio-technica.eu\/es-es\/productos\/"},{"@type":"ListItem","position":3,"name":"DX0.6"}]},{"@type":"WebSite","@id":"https:\/\/distribution.audio-technica.eu\/es-es\/#website","url":"https:\/\/distribution.audio-technica.eu\/es-es\/","name":"Audio-Technica Iberia","description":"Distribuci\u00f3n","potentialAction":[{"@type":"SearchAction","target":{"@type":"EntryPoint","urlTemplate":"https:\/\/distribution.audio-technica.eu\/es-es\/?s={search_term_string}"},"query-input":{"@type":"PropertyValueSpecification","valueRequired":true,"valueName":"search_term_string"}}],"inLanguage":"es"}]}},"_links":{"self":[{"href":"https:\/\/distribution.audio-technica.eu\/es-es\/wp-json\/wp\/v2\/product\/29329","targetHints":{"allow":["GET"]}}],"collection":[{"href":"https:\/\/distribution.audio-technica.eu\/es-es\/wp-json\/wp\/v2\/product"}],"about":[{"href":"https:\/\/distribution.audio-technica.eu\/es-es\/wp-json\/wp\/v2\/types\/product"}],"wp:featuredmedia":[{"embeddable":true,"href":"https:\/\/distribution.audio-technica.eu\/es-es\/wp-json\/wp\/v2\/media\/29330"}],"wp:attachment":[{"href":"https:\/\/distribution.audio-technica.eu\/es-es\/wp-json\/wp\/v2\/media?parent=29329"}],"wp:term":[{"taxonomy":"product_brand","embeddable":true,"href":"https:\/\/distribution.audio-technica.eu\/es-es\/wp-json\/wp\/v2\/product_brand?post=29329"},{"taxonomy":"product_cat","embeddable":true,"href":"https:\/\/distribution.audio-technica.eu\/es-es\/wp-json\/wp\/v2\/product_cat?post=29329"},{"taxonomy":"product_tag","embeddable":true,"href":"https:\/\/distribution.audio-technica.eu\/es-es\/wp-json\/wp\/v2\/product_tag?post=29329"}],"curies":[{"name":"wp","href":"https:\/\/api.w.org\/{rel}","templated":true}]}}