{"id":29336,"date":"2023-04-24T16:05:46","date_gmt":"2023-04-24T14:05:46","guid":{"rendered":"https:\/\/atdb-production.studiograft.dev\/es-es\/productos\/sx215\/"},"modified":"2026-02-19T14:56:04","modified_gmt":"2026-02-19T13:56:04","slug":"sx215","status":"publish","type":"product","link":"https:\/\/distribution.audio-technica.eu\/es-es\/productos\/sx215\/","title":{"rendered":"SX215"},"content":{"rendered":"<h2>SX215<\/h2>\n<h3>Subgrave con doble transductor de 15\u201d de radiaci\u00f3n directa<\/h3>\n<p>El SX215 es un potente y compacto subgrave que ofrece una gama operativa de 45 a 100 Hz +3 dB. Incorpora dos transductores de 15&#8243; (380 mm) y bobina de 4&#8243; (100 mm) de gran excursi\u00f3n, conos resistentes al agua y contorno triple. Proporciona una gran extensi\u00f3n en bajas frecuencias y graves impactantes a partir de un recinto muy compacto. Ocho puertos r\u00e9flex con una gran \u00e1rea frontal se encargan de aumentar la eficiencia de los graves y reducir las turbulencias del ruido del aire a altos niveles.<\/p>\n<p>Acabado con resistente pintura texturizada, el SX215 incorpora inserciones roscadas para su suspensi\u00f3n con la ayuda de pernos, mientras que una placa roscada M20 facilita el montaje, con la ayuda de un m\u00e1stil, de los recintos full range de Martin Audio. Cuatro asas ergon\u00f3micas ayudan en su transporte e instalaci\u00f3n, y los transductores han sido protegidos por una rejilla de acero revestida en su parte posterior por una tela ac\u00fasticamente transparente.<\/p>\n<p>El SX215 puede utilizarse como subgrave aut\u00f3nomo o apilados usando patines de fijaci\u00f3n y canales de acoplamiento en la base y la parte superior de cada unidad de subgrave. Puede utilizarse con funcionamiento cardioide disponiendo las unidades SX215 en pares orientados hacia adelante y hacia a atr\u00e1s, con cada recinto amplificado individualmente utilizando los ajustes DSP adecuados.<\/p>\n<p>El SX215 est\u00e1 disponible en acabado blanco o negro. Como est\u00e1ndar, se suministra sin ruedas; \u00e9stas est\u00e1n disponibles como pack accesorio.<\/p>\n<p>&nbsp;<\/p>\n<p><strong>Caracter\u00edsticas Principales<\/strong><\/p>\n<ul>\n<li>Doble transductor, de gran excursi\u00f3n, 15&#8243; (380 mm) \/ bobina de 4&#8243; (100 mm) con conos resistentes al agua<\/li>\n<li>Alta potencia de salida<\/li>\n<li>Recinto de madera laminada con puntos de fijaci\u00f3n para elevaci\u00f3n<\/li>\n<li>Grandes puertos para reducir el ruido del aire<\/li>\n<\/ul>\n<p>&nbsp;<\/p>\n<p><strong>Aplicaciones<\/strong><\/p>\n<ul>\n<li>Sonorizaci\u00f3n en directo en recintos de tama\u00f1o peque\u00f1o o medio<\/li>\n<li>Instalaciones fijas en salas de conciertos, teatros y salas de baile<\/li>\n<li>Templos<\/li>\n<li>Clubs nocturnos, bares y hoteles<\/li>\n<li>Comercios y centros de ocio<\/li>\n<\/ul>\n","protected":false},"excerpt":{"rendered":"<h3>Subgrave con doble transductor de 15\u201d de radiaci\u00f3n directa<\/h3>\n<ul>\n<li>Doble transductor, de gran excursi\u00f3n, 15&#8243; con bobina de 4&#8243; con conos resistentes al agua<\/li>\n<li>Alta potencia de salida<\/li>\n<\/ul>\n<p>&nbsp;<\/p>\n","protected":false},"featured_media":29337,"template":"","meta":{"_acf_changed":false},"product_brand":[],"product_cat":[2083,2091,2084,2100,2085,2111],"product_tag":[],"class_list":{"0":"post-29336","1":"product","2":"type-product","3":"status-publish","4":"has-post-thumbnail","6":"product_cat-sistemas-sonido-directo","7":"product_cat-subgraves-sistemas-sonido-directo","8":"product_cat-sistemas-instalacion","9":"product_cat-subgraves-sistemas-instalacion","10":"product_cat-por-series-martin-audio","11":"product_cat-serie-sx-por-series-martin-audio","12":"product_series-serie-sx","14":"first","15":"instock","16":"shipping-taxable","17":"product-type-simple"},"acf":[],"yoast_head":"<!-- This site is optimized with the Yoast SEO plugin v27.1.1 - https:\/\/yoast.com\/product\/yoast-seo-wordpress\/ -->\n<title>SX215 - Audio-Technica Iberia<\/title>\n<meta name=\"robots\" content=\"index, follow, max-snippet:-1, max-image-preview:large, max-video-preview:-1\" \/>\n<link rel=\"canonical\" href=\"https:\/\/distribution.audio-technica.eu\/es-es\/productos\/sx215\/\" \/>\n<meta property=\"og:locale\" content=\"es_ES\" \/>\n<meta property=\"og:type\" content=\"article\" \/>\n<meta property=\"og:title\" content=\"SX215 - Audio-Technica Iberia\" \/>\n<meta property=\"og:description\" content=\"Subgrave con doble transductor de 15\u201d de radiaci\u00f3n directa   Doble transductor, de gran excursi\u00f3n, 15&quot; con bobina de 4&quot; con conos resistentes al agua  Alta potencia de salida  &nbsp;\" \/>\n<meta property=\"og:url\" content=\"https:\/\/distribution.audio-technica.eu\/es-es\/productos\/sx215\/\" \/>\n<meta property=\"og:site_name\" content=\"Audio-Technica Iberia\" \/>\n<meta property=\"article:modified_time\" content=\"2026-02-19T13:56:04+00:00\" \/>\n<meta property=\"og:image\" content=\"https:\/\/distribution.audio-technica.eu\/app\/uploads\/sites\/2\/SX215.jpg\" \/>\n\t<meta property=\"og:image:width\" content=\"1800\" \/>\n\t<meta property=\"og:image:height\" content=\"1800\" \/>\n\t<meta property=\"og:image:type\" content=\"image\/jpeg\" \/>\n<meta name=\"twitter:card\" content=\"summary_large_image\" \/>\n<meta name=\"twitter:label1\" content=\"Tiempo de lectura\" \/>\n\t<meta name=\"twitter:data1\" content=\"2 minutos\" \/>\n<script type=\"application\/ld+json\" class=\"yoast-schema-graph\">{\"@context\":\"https:\/\/schema.org\",\"@graph\":[{\"@type\":\"WebPage\",\"@id\":\"https:\/\/distribution.audio-technica.eu\/es-es\/productos\/sx215\/\",\"url\":\"https:\/\/distribution.audio-technica.eu\/es-es\/productos\/sx215\/\",\"name\":\"SX215 - Audio-Technica Iberia\",\"isPartOf\":{\"@id\":\"https:\/\/distribution.audio-technica.eu\/es-es\/#website\"},\"primaryImageOfPage\":{\"@id\":\"https:\/\/distribution.audio-technica.eu\/es-es\/productos\/sx215\/#primaryimage\"},\"image\":{\"@id\":\"https:\/\/distribution.audio-technica.eu\/es-es\/productos\/sx215\/#primaryimage\"},\"thumbnailUrl\":\"\/app\/uploads\/sites\/2\/SX215.jpg\",\"datePublished\":\"2023-04-24T14:05:46+00:00\",\"dateModified\":\"2026-02-19T13:56:04+00:00\",\"breadcrumb\":{\"@id\":\"https:\/\/distribution.audio-technica.eu\/es-es\/productos\/sx215\/#breadcrumb\"},\"inLanguage\":\"es\",\"potentialAction\":[{\"@type\":\"ReadAction\",\"target\":[\"https:\/\/distribution.audio-technica.eu\/es-es\/productos\/sx215\/\"]}]},{\"@type\":\"ImageObject\",\"inLanguage\":\"es\",\"@id\":\"https:\/\/distribution.audio-technica.eu\/es-es\/productos\/sx215\/#primaryimage\",\"url\":\"\/app\/uploads\/sites\/2\/SX215.jpg\",\"contentUrl\":\"\/app\/uploads\/sites\/2\/SX215.jpg\",\"width\":1800,\"height\":1800},{\"@type\":\"BreadcrumbList\",\"@id\":\"https:\/\/distribution.audio-technica.eu\/es-es\/productos\/sx215\/#breadcrumb\",\"itemListElement\":[{\"@type\":\"ListItem\",\"position\":1,\"name\":\"Products\",\"item\":\"https:\/\/distribution.audio-technica.eu\/es-es\/\"},{\"@type\":\"ListItem\",\"position\":2,\"name\":\"Productos\",\"item\":\"https:\/\/distribution.audio-technica.eu\/es-es\/productos\/\"},{\"@type\":\"ListItem\",\"position\":3,\"name\":\"SX215\"}]},{\"@type\":\"WebSite\",\"@id\":\"https:\/\/distribution.audio-technica.eu\/es-es\/#website\",\"url\":\"https:\/\/distribution.audio-technica.eu\/es-es\/\",\"name\":\"Audio-Technica Iberia\",\"description\":\"Distribuci\u00f3n\",\"potentialAction\":[{\"@type\":\"SearchAction\",\"target\":{\"@type\":\"EntryPoint\",\"urlTemplate\":\"https:\/\/distribution.audio-technica.eu\/es-es\/?s={search_term_string}\"},\"query-input\":{\"@type\":\"PropertyValueSpecification\",\"valueRequired\":true,\"valueName\":\"search_term_string\"}}],\"inLanguage\":\"es\"}]}<\/script>\n<!-- \/ Yoast SEO plugin. -->","yoast_head_json":{"title":"SX215 - Audio-Technica Iberia","robots":{"index":"index","follow":"follow","max-snippet":"max-snippet:-1","max-image-preview":"max-image-preview:large","max-video-preview":"max-video-preview:-1"},"canonical":"https:\/\/distribution.audio-technica.eu\/es-es\/productos\/sx215\/","og_locale":"es_ES","og_type":"article","og_title":"SX215 - Audio-Technica Iberia","og_description":"Subgrave con doble transductor de 15\u201d de radiaci\u00f3n directa   Doble transductor, de gran excursi\u00f3n, 15\" con bobina de 4\" con conos resistentes al agua  Alta potencia de salida  &nbsp;","og_url":"https:\/\/distribution.audio-technica.eu\/es-es\/productos\/sx215\/","og_site_name":"Audio-Technica Iberia","article_modified_time":"2026-02-19T13:56:04+00:00","og_image":[{"width":1800,"height":1800,"url":"https:\/\/distribution.audio-technica.eu\/app\/uploads\/sites\/2\/SX215.jpg","type":"image\/jpeg"}],"twitter_card":"summary_large_image","twitter_misc":{"Tiempo de lectura":"2 minutos"},"schema":{"@context":"https:\/\/schema.org","@graph":[{"@type":"WebPage","@id":"https:\/\/distribution.audio-technica.eu\/es-es\/productos\/sx215\/","url":"https:\/\/distribution.audio-technica.eu\/es-es\/productos\/sx215\/","name":"SX215 - Audio-Technica Iberia","isPartOf":{"@id":"https:\/\/distribution.audio-technica.eu\/es-es\/#website"},"primaryImageOfPage":{"@id":"https:\/\/distribution.audio-technica.eu\/es-es\/productos\/sx215\/#primaryimage"},"image":{"@id":"https:\/\/distribution.audio-technica.eu\/es-es\/productos\/sx215\/#primaryimage"},"thumbnailUrl":"\/app\/uploads\/sites\/2\/SX215.jpg","datePublished":"2023-04-24T14:05:46+00:00","dateModified":"2026-02-19T13:56:04+00:00","breadcrumb":{"@id":"https:\/\/distribution.audio-technica.eu\/es-es\/productos\/sx215\/#breadcrumb"},"inLanguage":"es","potentialAction":[{"@type":"ReadAction","target":["https:\/\/distribution.audio-technica.eu\/es-es\/productos\/sx215\/"]}]},{"@type":"ImageObject","inLanguage":"es","@id":"https:\/\/distribution.audio-technica.eu\/es-es\/productos\/sx215\/#primaryimage","url":"\/app\/uploads\/sites\/2\/SX215.jpg","contentUrl":"\/app\/uploads\/sites\/2\/SX215.jpg","width":1800,"height":1800},{"@type":"BreadcrumbList","@id":"https:\/\/distribution.audio-technica.eu\/es-es\/productos\/sx215\/#breadcrumb","itemListElement":[{"@type":"ListItem","position":1,"name":"Products","item":"https:\/\/distribution.audio-technica.eu\/es-es\/"},{"@type":"ListItem","position":2,"name":"Productos","item":"https:\/\/distribution.audio-technica.eu\/es-es\/productos\/"},{"@type":"ListItem","position":3,"name":"SX215"}]},{"@type":"WebSite","@id":"https:\/\/distribution.audio-technica.eu\/es-es\/#website","url":"https:\/\/distribution.audio-technica.eu\/es-es\/","name":"Audio-Technica Iberia","description":"Distribuci\u00f3n","potentialAction":[{"@type":"SearchAction","target":{"@type":"EntryPoint","urlTemplate":"https:\/\/distribution.audio-technica.eu\/es-es\/?s={search_term_string}"},"query-input":{"@type":"PropertyValueSpecification","valueRequired":true,"valueName":"search_term_string"}}],"inLanguage":"es"}]}},"_links":{"self":[{"href":"https:\/\/distribution.audio-technica.eu\/es-es\/wp-json\/wp\/v2\/product\/29336","targetHints":{"allow":["GET"]}}],"collection":[{"href":"https:\/\/distribution.audio-technica.eu\/es-es\/wp-json\/wp\/v2\/product"}],"about":[{"href":"https:\/\/distribution.audio-technica.eu\/es-es\/wp-json\/wp\/v2\/types\/product"}],"wp:featuredmedia":[{"embeddable":true,"href":"https:\/\/distribution.audio-technica.eu\/es-es\/wp-json\/wp\/v2\/media\/29337"}],"wp:attachment":[{"href":"https:\/\/distribution.audio-technica.eu\/es-es\/wp-json\/wp\/v2\/media?parent=29336"}],"wp:term":[{"taxonomy":"product_brand","embeddable":true,"href":"https:\/\/distribution.audio-technica.eu\/es-es\/wp-json\/wp\/v2\/product_brand?post=29336"},{"taxonomy":"product_cat","embeddable":true,"href":"https:\/\/distribution.audio-technica.eu\/es-es\/wp-json\/wp\/v2\/product_cat?post=29336"},{"taxonomy":"product_tag","embeddable":true,"href":"https:\/\/distribution.audio-technica.eu\/es-es\/wp-json\/wp\/v2\/product_tag?post=29336"}],"curies":[{"name":"wp","href":"https:\/\/api.w.org\/{rel}","templated":true}]}}