{"id":29339,"date":"2023-04-24T16:09:21","date_gmt":"2023-04-24T14:09:21","guid":{"rendered":"https:\/\/atdb-production.studiograft.dev\/es-es\/productos\/fp4\/"},"modified":"2026-02-19T14:45:07","modified_gmt":"2026-02-19T13:45:07","slug":"fp4","status":"publish","type":"product","link":"https:\/\/distribution.audio-technica.eu\/es-es\/productos\/fp4\/","title":{"rendered":"FP4"},"content":{"rendered":"<h2>FP4<\/h2>\n<h3>Recinto en miniatura de 4&#8243; de fuente puntual<\/h3>\n<p>El FP4 es un recinto de fuente puntual dise\u00f1ado para ser utilizado en sistemas distribuidos de corta proyecci\u00f3n que precisen de la m\u00e1xima calidad de sonido aportada por un recinto en miniatura. Proporciona una potencia de salida y rendimiento excepcionales para su tama\u00f1o, y es ideal para instalaciones que precisen de cobertura puntual y de relleno y en los que el espacio es limitado. Con una respuesta en frecuencia amplia y uniforme, es adecuado tanto para la reproducci\u00f3n de m\u00fasica como de locuciones.<\/p>\n<p>Su tama\u00f1o en miniatura y sus flexibles opciones de montaje, incluyendo instalaci\u00f3n en un soporte de micr\u00f3fono, permite su discreta integraci\u00f3n en cualquier lugar, desde peque\u00f1os escenarios, iglesias, museos y galer\u00edas a teatros, bares y restaurantes. Dado que es tanto port\u00e1til como sorprendentemente potente para su tama\u00f1o, tambi\u00e9n puede ser utilizado en eventos AV corporativos y, en sistemas de sonido m\u00e1s grandes, como altavoz de relleno.<\/p>\n<p>Cuando se complementa con un subgrave, se convierte tambi\u00e9n en una elecci\u00f3n excelente para sistemas de alta calidad para la reproducci\u00f3n de m\u00fasica ambiental en todo tipo de recintos.<\/p>\n<p>El FP4 cuenta con un dise\u00f1o pasivo de dos v\u00edas que incorpora un transductor coaxial con LF de 4\u201d y un transductor HF con salida de 0,7\u201d y c\u00fapula de pol\u00edmero de alta temperatura de 1\u201d. Ofrece un impresionante SPL de 108 dB de pico, y su configuraci\u00f3n de fuente puntual coaxial produce un patr\u00f3n de dispersi\u00f3n c\u00f3nico, perfectamente definido de 110\u00b0, lo cual resulta perfecto para aplicaciones de proximidad.<\/p>\n<p>Su duradero recinto fabricado con contrachapado de abedul est\u00e1 acabado en resistente pintura texturizada e incorpora insertos roscados para soporte en U, soporte de pared y montaje de pie de micr\u00f3fono. Una rejilla de acero con un respaldo de poli\u00e9ster de triple capa ofrece una apariencia discreta y profesional, y evita la entrada de polvo y agua con una calificaci\u00f3n ambiental IP54.<\/p>\n<p>FP4 puede utilizarse con amplificadores iKON o VIA, cuando se usa con un controlador DX4.0, o alternativamente con controladores DX0.4 o DX0.6. Los sistemas FP4 pueden ser modelados en 3D utilizando el software de dise\u00f1o y predicci\u00f3n Display 3.<\/p>\n<p>&nbsp;<\/p>\n<p><strong>Caracter\u00edsticas Principales<\/strong><\/p>\n<ul>\n<li>Mini recinto dos v\u00edas pasivo<\/li>\n<li>Alta potencia de salida en relaci\u00f3n con su tama\u00f1o<\/li>\n<li>Configuraci\u00f3n fuente puntual coaxial<\/li>\n<li>Amplia respuesta en frecuencia para reproducci\u00f3n en alta calidad de locuciones y m\u00fasica<\/li>\n<li>Transductor LF 4\u201d (100mm) \/ bobina 1.25\u201d (32mm)<\/li>\n<li>Transductor HF 1\u201d (25mm) diafragma de pol\u00edmero \/ salida 0.7\u201d (18mm)<\/li>\n<li>Dispersi\u00f3n c\u00f3nica 110\u00b0<\/li>\n<li>Software de predicci\u00f3n 3D (DISPLAY 3)<\/li>\n<li>Amplificador recomendado: iKON o VIA<\/li>\n<\/ul>\n<p>&nbsp;<\/p>\n<p><strong>Aplicaciones<\/strong><\/p>\n<ul>\n<li>Relleno y cobertura puntual cuando el espacio es limitado<\/li>\n<li>Teatro e iglesias que requieran una m\u00ednima intrusi\u00f3n visual<\/li>\n<li>Sistemas distribuidos en bares y restaurantes<\/li>\n<li>Instalaciones en museos y galer\u00edas<\/li>\n<li>Espacios de sonido inmersivo<\/li>\n<li>Eventos AV corporativos m\u00f3viles<\/li>\n<\/ul>\n<p>&nbsp;<\/p>\n","protected":false},"excerpt":{"rendered":"<h3>Recinto en miniatura de 4&#8243; de fuente puntual<\/h3>\n<ul>\n<li>Vers\u00e1til recinto multi \u00e1ngulo construido con madera laminada<\/li>\n<li>Sistema de dos v\u00edas de muy alta potencia<\/li>\n<li>Bocina 80\u00b0 x 50\u00b0 rotable para orientaci\u00f3n vertical u horizontal<\/li>\n<li>Potencia: LF: 60W AES, 240W pico; HF: 80W AES, 320W pico<\/li>\n<\/ul>\n","protected":false},"featured_media":29340,"template":"","meta":{"_acf_changed":false},"product_brand":[],"product_cat":[2083,2089,2084,2097,2085,2372],"product_tag":[],"class_list":{"0":"post-29339","1":"product","2":"type-product","3":"status-publish","4":"has-post-thumbnail","6":"product_cat-sistemas-sonido-directo","7":"product_cat-pasivos-portatiles","8":"product_cat-sistemas-instalacion","9":"product_cat-pasivos-fuente-puntual","10":"product_cat-por-series-martin-audio","11":"product_cat-serie-flexpoint","12":"product_series-serie-flexpoint","14":"first","15":"instock","16":"shipping-taxable","17":"product-type-simple"},"acf":[],"yoast_head":"<!-- This site is optimized with the Yoast SEO plugin v27.1.1 - https:\/\/yoast.com\/product\/yoast-seo-wordpress\/ -->\n<title>FP4 - Audio-Technica Iberia<\/title>\n<meta name=\"robots\" content=\"index, follow, max-snippet:-1, max-image-preview:large, max-video-preview:-1\" \/>\n<link rel=\"canonical\" href=\"https:\/\/distribution.audio-technica.eu\/es-es\/productos\/fp4\/\" \/>\n<meta property=\"og:locale\" content=\"es_ES\" \/>\n<meta property=\"og:type\" content=\"article\" \/>\n<meta property=\"og:title\" content=\"FP4 - Audio-Technica Iberia\" \/>\n<meta property=\"og:description\" content=\"Recinto en miniatura de 4&quot; de fuente puntual   Vers\u00e1til recinto multi \u00e1ngulo construido con madera laminada  Sistema de dos v\u00edas de muy alta potencia  Bocina 80\u00b0 x 50\u00b0 rotable para orientaci\u00f3n vertical u horizontal  Potencia: LF: 60W AES, 240W pico; HF: 80W AES, 320W pico\" \/>\n<meta property=\"og:url\" content=\"https:\/\/distribution.audio-technica.eu\/es-es\/productos\/fp4\/\" \/>\n<meta property=\"og:site_name\" content=\"Audio-Technica Iberia\" \/>\n<meta property=\"article:modified_time\" content=\"2026-02-19T13:45:07+00:00\" \/>\n<meta property=\"og:image\" content=\"https:\/\/distribution.audio-technica.eu\/app\/uploads\/sites\/2\/FP4.jpg\" \/>\n\t<meta property=\"og:image:width\" content=\"1440\" \/>\n\t<meta property=\"og:image:height\" content=\"1440\" \/>\n\t<meta property=\"og:image:type\" content=\"image\/jpeg\" \/>\n<meta name=\"twitter:card\" content=\"summary_large_image\" \/>\n<meta name=\"twitter:label1\" content=\"Tiempo de lectura\" \/>\n\t<meta name=\"twitter:data1\" content=\"3 minutos\" \/>\n<script type=\"application\/ld+json\" class=\"yoast-schema-graph\">{\"@context\":\"https:\/\/schema.org\",\"@graph\":[{\"@type\":\"WebPage\",\"@id\":\"https:\/\/distribution.audio-technica.eu\/es-es\/productos\/fp4\/\",\"url\":\"https:\/\/distribution.audio-technica.eu\/es-es\/productos\/fp4\/\",\"name\":\"FP4 - Audio-Technica Iberia\",\"isPartOf\":{\"@id\":\"https:\/\/distribution.audio-technica.eu\/es-es\/#website\"},\"primaryImageOfPage\":{\"@id\":\"https:\/\/distribution.audio-technica.eu\/es-es\/productos\/fp4\/#primaryimage\"},\"image\":{\"@id\":\"https:\/\/distribution.audio-technica.eu\/es-es\/productos\/fp4\/#primaryimage\"},\"thumbnailUrl\":\"\/app\/uploads\/sites\/2\/FP4.jpg\",\"datePublished\":\"2023-04-24T14:09:21+00:00\",\"dateModified\":\"2026-02-19T13:45:07+00:00\",\"breadcrumb\":{\"@id\":\"https:\/\/distribution.audio-technica.eu\/es-es\/productos\/fp4\/#breadcrumb\"},\"inLanguage\":\"es\",\"potentialAction\":[{\"@type\":\"ReadAction\",\"target\":[\"https:\/\/distribution.audio-technica.eu\/es-es\/productos\/fp4\/\"]}]},{\"@type\":\"ImageObject\",\"inLanguage\":\"es\",\"@id\":\"https:\/\/distribution.audio-technica.eu\/es-es\/productos\/fp4\/#primaryimage\",\"url\":\"\/app\/uploads\/sites\/2\/FP4.jpg\",\"contentUrl\":\"\/app\/uploads\/sites\/2\/FP4.jpg\",\"width\":1440,\"height\":1440},{\"@type\":\"BreadcrumbList\",\"@id\":\"https:\/\/distribution.audio-technica.eu\/es-es\/productos\/fp4\/#breadcrumb\",\"itemListElement\":[{\"@type\":\"ListItem\",\"position\":1,\"name\":\"Products\",\"item\":\"https:\/\/distribution.audio-technica.eu\/es-es\/\"},{\"@type\":\"ListItem\",\"position\":2,\"name\":\"Productos\",\"item\":\"https:\/\/distribution.audio-technica.eu\/es-es\/productos\/\"},{\"@type\":\"ListItem\",\"position\":3,\"name\":\"FP4\"}]},{\"@type\":\"WebSite\",\"@id\":\"https:\/\/distribution.audio-technica.eu\/es-es\/#website\",\"url\":\"https:\/\/distribution.audio-technica.eu\/es-es\/\",\"name\":\"Audio-Technica Iberia\",\"description\":\"Distribuci\u00f3n\",\"potentialAction\":[{\"@type\":\"SearchAction\",\"target\":{\"@type\":\"EntryPoint\",\"urlTemplate\":\"https:\/\/distribution.audio-technica.eu\/es-es\/?s={search_term_string}\"},\"query-input\":{\"@type\":\"PropertyValueSpecification\",\"valueRequired\":true,\"valueName\":\"search_term_string\"}}],\"inLanguage\":\"es\"}]}<\/script>\n<!-- \/ Yoast SEO plugin. -->","yoast_head_json":{"title":"FP4 - Audio-Technica Iberia","robots":{"index":"index","follow":"follow","max-snippet":"max-snippet:-1","max-image-preview":"max-image-preview:large","max-video-preview":"max-video-preview:-1"},"canonical":"https:\/\/distribution.audio-technica.eu\/es-es\/productos\/fp4\/","og_locale":"es_ES","og_type":"article","og_title":"FP4 - Audio-Technica Iberia","og_description":"Recinto en miniatura de 4\" de fuente puntual   Vers\u00e1til recinto multi \u00e1ngulo construido con madera laminada  Sistema de dos v\u00edas de muy alta potencia  Bocina 80\u00b0 x 50\u00b0 rotable para orientaci\u00f3n vertical u horizontal  Potencia: LF: 60W AES, 240W pico; HF: 80W AES, 320W pico","og_url":"https:\/\/distribution.audio-technica.eu\/es-es\/productos\/fp4\/","og_site_name":"Audio-Technica Iberia","article_modified_time":"2026-02-19T13:45:07+00:00","og_image":[{"width":1440,"height":1440,"url":"https:\/\/distribution.audio-technica.eu\/app\/uploads\/sites\/2\/FP4.jpg","type":"image\/jpeg"}],"twitter_card":"summary_large_image","twitter_misc":{"Tiempo de lectura":"3 minutos"},"schema":{"@context":"https:\/\/schema.org","@graph":[{"@type":"WebPage","@id":"https:\/\/distribution.audio-technica.eu\/es-es\/productos\/fp4\/","url":"https:\/\/distribution.audio-technica.eu\/es-es\/productos\/fp4\/","name":"FP4 - Audio-Technica Iberia","isPartOf":{"@id":"https:\/\/distribution.audio-technica.eu\/es-es\/#website"},"primaryImageOfPage":{"@id":"https:\/\/distribution.audio-technica.eu\/es-es\/productos\/fp4\/#primaryimage"},"image":{"@id":"https:\/\/distribution.audio-technica.eu\/es-es\/productos\/fp4\/#primaryimage"},"thumbnailUrl":"\/app\/uploads\/sites\/2\/FP4.jpg","datePublished":"2023-04-24T14:09:21+00:00","dateModified":"2026-02-19T13:45:07+00:00","breadcrumb":{"@id":"https:\/\/distribution.audio-technica.eu\/es-es\/productos\/fp4\/#breadcrumb"},"inLanguage":"es","potentialAction":[{"@type":"ReadAction","target":["https:\/\/distribution.audio-technica.eu\/es-es\/productos\/fp4\/"]}]},{"@type":"ImageObject","inLanguage":"es","@id":"https:\/\/distribution.audio-technica.eu\/es-es\/productos\/fp4\/#primaryimage","url":"\/app\/uploads\/sites\/2\/FP4.jpg","contentUrl":"\/app\/uploads\/sites\/2\/FP4.jpg","width":1440,"height":1440},{"@type":"BreadcrumbList","@id":"https:\/\/distribution.audio-technica.eu\/es-es\/productos\/fp4\/#breadcrumb","itemListElement":[{"@type":"ListItem","position":1,"name":"Products","item":"https:\/\/distribution.audio-technica.eu\/es-es\/"},{"@type":"ListItem","position":2,"name":"Productos","item":"https:\/\/distribution.audio-technica.eu\/es-es\/productos\/"},{"@type":"ListItem","position":3,"name":"FP4"}]},{"@type":"WebSite","@id":"https:\/\/distribution.audio-technica.eu\/es-es\/#website","url":"https:\/\/distribution.audio-technica.eu\/es-es\/","name":"Audio-Technica Iberia","description":"Distribuci\u00f3n","potentialAction":[{"@type":"SearchAction","target":{"@type":"EntryPoint","urlTemplate":"https:\/\/distribution.audio-technica.eu\/es-es\/?s={search_term_string}"},"query-input":{"@type":"PropertyValueSpecification","valueRequired":true,"valueName":"search_term_string"}}],"inLanguage":"es"}]}},"_links":{"self":[{"href":"https:\/\/distribution.audio-technica.eu\/es-es\/wp-json\/wp\/v2\/product\/29339","targetHints":{"allow":["GET"]}}],"collection":[{"href":"https:\/\/distribution.audio-technica.eu\/es-es\/wp-json\/wp\/v2\/product"}],"about":[{"href":"https:\/\/distribution.audio-technica.eu\/es-es\/wp-json\/wp\/v2\/types\/product"}],"wp:featuredmedia":[{"embeddable":true,"href":"https:\/\/distribution.audio-technica.eu\/es-es\/wp-json\/wp\/v2\/media\/29340"}],"wp:attachment":[{"href":"https:\/\/distribution.audio-technica.eu\/es-es\/wp-json\/wp\/v2\/media?parent=29339"}],"wp:term":[{"taxonomy":"product_brand","embeddable":true,"href":"https:\/\/distribution.audio-technica.eu\/es-es\/wp-json\/wp\/v2\/product_brand?post=29339"},{"taxonomy":"product_cat","embeddable":true,"href":"https:\/\/distribution.audio-technica.eu\/es-es\/wp-json\/wp\/v2\/product_cat?post=29339"},{"taxonomy":"product_tag","embeddable":true,"href":"https:\/\/distribution.audio-technica.eu\/es-es\/wp-json\/wp\/v2\/product_tag?post=29339"}],"curies":[{"name":"wp","href":"https:\/\/api.w.org\/{rel}","templated":true}]}}