{"id":29344,"date":"2023-04-24T16:18:57","date_gmt":"2023-04-24T14:18:57","guid":{"rendered":"https:\/\/atdb-production.studiograft.dev\/es-es\/productos\/fp6\/"},"modified":"2026-02-19T14:45:19","modified_gmt":"2026-02-19T13:45:19","slug":"fp6","status":"publish","type":"product","link":"https:\/\/distribution.audio-technica.eu\/es-es\/productos\/fp6\/","title":{"rendered":"FP6"},"content":{"rendered":"<h2>FP6<\/h2>\n<h3>Recinto ultra compacto de 6&#8243; de fuente puntual<\/h3>\n<p>El FP6 es un recinto de alta calidad, ultra compacto, de fuente puntual, dise\u00f1ado para ser utilizado en aplicaciones que requieran de una proyecci\u00f3n corta y de un excelente rendimiento sonoro y una cobertura muy uniforme, a partir de un recinto extremadamente peque\u00f1o. Con una respuesta de frecuencia completa y una capacidad de salida excepcional para su tama\u00f1o, es ideal para ser instalado en espacios peque\u00f1os y \u00e1reas que precisen de cobertura puntual y de relleno. Su recinto multi \u00e1ngulo, que ofrece flexibles opciones de montaje, permite una discreta integraci\u00f3n en diferentes espacios arquitect\u00f3nicos, desde iglesias, museos y galer\u00edas a teatros, bares y restaurantes.<\/p>\n<p>Cuando se complementa con un subgrave, se convierte en una excelente elecci\u00f3n para ser utilizado en eventos AV corporativos de calidad o sistemas de reproducci\u00f3n musical, en situaciones donde se requiere de una proyecci\u00f3n corta. Dado que es port\u00e1til y sorprendentemente potente para su tama\u00f1o, tambi\u00e9n puede ser utilizado como altavoz de relleno en grandes sistemas de sonido para giras o instalaciones.<\/p>\n<p>El FP6 es un recinto pasivo de dos v\u00edas que incorpora un transductor coaxial con LF de alta calidad de 6\u201d y un transductor HF de salida de 0,7\u201d con una c\u00fapula de pol\u00edmero de alta temperatura de 1,4\u201d de di\u00e1metro. Es capaz de proporcionar un impresionante SPL de 119 dB de pico y un patr\u00f3n de dispersi\u00f3n, perfectamente definido, de 100\u00b0 horizontal x 80\u00b0 vertical, con caracter\u00edsticas de directividad horizontal constante. Este ejemplar patr\u00f3n de dispersi\u00f3n se consigue incorporando una gu\u00eda de ondas espec\u00edfica dentro de la estructura del im\u00e1n, que se combina en un cono LF asim\u00e9trico, de contorno especial. Con la gu\u00eda de ondas y el cono combinados para formar una bocina HF, se consigue una innovadora configuraci\u00f3n que evita tener que a\u00f1adir una bocina independiente que podr\u00eda obstruir el frente de onda del cono y provocar irregularidades en la respuesta en frecuencia. Tambi\u00e9n mejora los dise\u00f1os coaxiales convencionales a trav\u00e9s del polo, que pueden verse afectados por la radiaci\u00f3n de alta frecuencia.<\/p>\n<p>Su duradero recinto fabricado con contrachapado de abedul est\u00e1 acabado en resistente pintura texturizada e incorpora insertos roscados que facilitan una amplia gama de opciones de montaje y accesorios, incluyendo montaje en yugo, soporte de pared, truss y pie de micr\u00f3fono. Una rejilla de acero con un respaldo de poli\u00e9ster de triple capa ofrece una apariencia discreta y profesional, y evita la entrada de polvo y agua con una calificaci\u00f3n ambiental IP54.<\/p>\n<p>FP6 puede ser utilizado tanto con orientaci\u00f3n vertical como horizontal, incluido su uso como discreto monitor de escenario, permitiendo la rotaci\u00f3n del transductor dentro del recinto. Para que esto pueda realizarse de forma r\u00e1pida y f\u00e1cil, la rejilla est\u00e1 fijada con anclajes de liberaci\u00f3n r\u00e1pida, de dise\u00f1o propio, y el transductor fijado al deflector por medio de ruedecillas cautivas. Aflojarlos a mano permite que el transductor se gire r\u00e1pidamente 90\u00b0 y pueda volverse a apretar.<\/p>\n<p>FP6 puede ser amplificador con amplificadores iKON o VIA, cuando se utiliza en combinaci\u00f3n con un controlador DX4.0 o, de forma alternativa, con un controlador DX0.4 o DX0.6. Los sistemas FP6 pueden ser modelados en 3D utilizando el software de dise\u00f1o y predicci\u00f3n Display 3.<\/p>\n<p>&nbsp;<\/p>\n<p><strong>Caracter\u00edsticas Principales<\/strong><\/p>\n<ul>\n<li>Recinto pasivo de 2 v\u00edas ultra compacto<\/li>\n<li>Vers\u00e1til recinto multi \u00e1ngulo, con flexibles opciones de montaje<\/li>\n<li>Configuraci\u00f3n de fuente puntual coaxial con transductor rotable por el usuario<\/li>\n<li>Transductor LF neodimio 6\u201d (150 mm) \/ bobina 1,75\u201d (44 mm), baja distorsi\u00f3n<\/li>\n<li>Transductor HF diafragma de pol\u00edmero 1,4\u201d (36 mm) \/ salida 0,7\u201d (18 mm)<\/li>\n<li>Dispersi\u00f3n 100\u00b0 H x 80\u00b0 V<\/li>\n<li>Rejilla de acero de liberaci\u00f3n r\u00e1pida<\/li>\n<li>Software de predicci\u00f3n 3D (DISPLAY 3)<\/li>\n<li>Amplificador recomendado: iKON o VIA<\/li>\n<\/ul>\n<p>&nbsp;<\/p>\n<p><strong>Aplicaciones<\/strong><\/p>\n<ul>\n<li>Relleno y cobertura puntual<\/li>\n<li>Relleno bajo anfiteatro<\/li>\n<li>Teatros e iglesias<\/li>\n<li>Sistemas distribuidos en bares y restaurantes<\/li>\n<li>Instalaciones en museos y galer\u00edas<\/li>\n<li>Espacios de sonido inmersivo<\/li>\n<li>Eventos AV corporativos m\u00f3viles<\/li>\n<li>Monitorizaci\u00f3n discreta en escenarios<\/li>\n<\/ul>\n<p>&nbsp;<\/p>\n","protected":false},"excerpt":{"rendered":"<h3>Recinto ultra compacto de 6&#8243; de fuente puntual<\/h3>\n<ul>\n<li>Recinto pasivo de 2 v\u00edas ultra compacto<\/li>\n<li>Vers\u00e1til recinto multi \u00e1ngulo, con flexibles opciones de montaje<\/li>\n<li>Configuraci\u00f3n de fuente puntual coaxial con transductor rotable por el usuario<\/li>\n<\/ul>\n","protected":false},"featured_media":29345,"template":"","meta":{"_acf_changed":false},"product_brand":[],"product_cat":[2083,2089,2084,2097,2085,2372],"product_tag":[],"class_list":{"0":"post-29344","1":"product","2":"type-product","3":"status-publish","4":"has-post-thumbnail","6":"product_cat-sistemas-sonido-directo","7":"product_cat-pasivos-portatiles","8":"product_cat-sistemas-instalacion","9":"product_cat-pasivos-fuente-puntual","10":"product_cat-por-series-martin-audio","11":"product_cat-serie-flexpoint","12":"product_series-serie-flexpoint","14":"first","15":"instock","16":"shipping-taxable","17":"product-type-simple"},"acf":[],"yoast_head":"<!-- This site is optimized with the Yoast SEO plugin v27.1.1 - https:\/\/yoast.com\/product\/yoast-seo-wordpress\/ -->\n<title>FP6 - Audio-Technica Iberia<\/title>\n<meta name=\"robots\" content=\"index, follow, max-snippet:-1, max-image-preview:large, max-video-preview:-1\" \/>\n<link rel=\"canonical\" href=\"https:\/\/distribution.audio-technica.eu\/es-es\/productos\/fp6\/\" \/>\n<meta property=\"og:locale\" content=\"es_ES\" \/>\n<meta property=\"og:type\" content=\"article\" \/>\n<meta property=\"og:title\" content=\"FP6 - Audio-Technica Iberia\" \/>\n<meta property=\"og:description\" content=\"Recinto ultra compacto de 6&quot; de fuente puntual   Recinto pasivo de 2 v\u00edas ultra compacto  Vers\u00e1til recinto multi \u00e1ngulo, con flexibles opciones de montaje  Configuraci\u00f3n de fuente puntual coaxial con transductor rotable por el usuario\" \/>\n<meta property=\"og:url\" content=\"https:\/\/distribution.audio-technica.eu\/es-es\/productos\/fp6\/\" \/>\n<meta property=\"og:site_name\" content=\"Audio-Technica Iberia\" \/>\n<meta property=\"article:modified_time\" content=\"2026-02-19T13:45:19+00:00\" \/>\n<meta property=\"og:image\" content=\"https:\/\/distribution.audio-technica.eu\/app\/uploads\/sites\/2\/FP6.jpg\" \/>\n\t<meta property=\"og:image:width\" content=\"1440\" \/>\n\t<meta property=\"og:image:height\" content=\"1440\" \/>\n\t<meta property=\"og:image:type\" content=\"image\/jpeg\" \/>\n<meta name=\"twitter:card\" content=\"summary_large_image\" \/>\n<meta name=\"twitter:label1\" content=\"Tiempo de lectura\" \/>\n\t<meta name=\"twitter:data1\" content=\"4 minutos\" \/>\n<script type=\"application\/ld+json\" class=\"yoast-schema-graph\">{\"@context\":\"https:\/\/schema.org\",\"@graph\":[{\"@type\":\"WebPage\",\"@id\":\"https:\/\/distribution.audio-technica.eu\/es-es\/productos\/fp6\/\",\"url\":\"https:\/\/distribution.audio-technica.eu\/es-es\/productos\/fp6\/\",\"name\":\"FP6 - Audio-Technica Iberia\",\"isPartOf\":{\"@id\":\"https:\/\/distribution.audio-technica.eu\/es-es\/#website\"},\"primaryImageOfPage\":{\"@id\":\"https:\/\/distribution.audio-technica.eu\/es-es\/productos\/fp6\/#primaryimage\"},\"image\":{\"@id\":\"https:\/\/distribution.audio-technica.eu\/es-es\/productos\/fp6\/#primaryimage\"},\"thumbnailUrl\":\"\/app\/uploads\/sites\/2\/FP6.jpg\",\"datePublished\":\"2023-04-24T14:18:57+00:00\",\"dateModified\":\"2026-02-19T13:45:19+00:00\",\"breadcrumb\":{\"@id\":\"https:\/\/distribution.audio-technica.eu\/es-es\/productos\/fp6\/#breadcrumb\"},\"inLanguage\":\"es\",\"potentialAction\":[{\"@type\":\"ReadAction\",\"target\":[\"https:\/\/distribution.audio-technica.eu\/es-es\/productos\/fp6\/\"]}]},{\"@type\":\"ImageObject\",\"inLanguage\":\"es\",\"@id\":\"https:\/\/distribution.audio-technica.eu\/es-es\/productos\/fp6\/#primaryimage\",\"url\":\"\/app\/uploads\/sites\/2\/FP6.jpg\",\"contentUrl\":\"\/app\/uploads\/sites\/2\/FP6.jpg\",\"width\":1440,\"height\":1440},{\"@type\":\"BreadcrumbList\",\"@id\":\"https:\/\/distribution.audio-technica.eu\/es-es\/productos\/fp6\/#breadcrumb\",\"itemListElement\":[{\"@type\":\"ListItem\",\"position\":1,\"name\":\"Products\",\"item\":\"https:\/\/distribution.audio-technica.eu\/es-es\/\"},{\"@type\":\"ListItem\",\"position\":2,\"name\":\"Productos\",\"item\":\"https:\/\/distribution.audio-technica.eu\/es-es\/productos\/\"},{\"@type\":\"ListItem\",\"position\":3,\"name\":\"FP6\"}]},{\"@type\":\"WebSite\",\"@id\":\"https:\/\/distribution.audio-technica.eu\/es-es\/#website\",\"url\":\"https:\/\/distribution.audio-technica.eu\/es-es\/\",\"name\":\"Audio-Technica Iberia\",\"description\":\"Distribuci\u00f3n\",\"potentialAction\":[{\"@type\":\"SearchAction\",\"target\":{\"@type\":\"EntryPoint\",\"urlTemplate\":\"https:\/\/distribution.audio-technica.eu\/es-es\/?s={search_term_string}\"},\"query-input\":{\"@type\":\"PropertyValueSpecification\",\"valueRequired\":true,\"valueName\":\"search_term_string\"}}],\"inLanguage\":\"es\"}]}<\/script>\n<!-- \/ Yoast SEO plugin. -->","yoast_head_json":{"title":"FP6 - Audio-Technica Iberia","robots":{"index":"index","follow":"follow","max-snippet":"max-snippet:-1","max-image-preview":"max-image-preview:large","max-video-preview":"max-video-preview:-1"},"canonical":"https:\/\/distribution.audio-technica.eu\/es-es\/productos\/fp6\/","og_locale":"es_ES","og_type":"article","og_title":"FP6 - Audio-Technica Iberia","og_description":"Recinto ultra compacto de 6\" de fuente puntual   Recinto pasivo de 2 v\u00edas ultra compacto  Vers\u00e1til recinto multi \u00e1ngulo, con flexibles opciones de montaje  Configuraci\u00f3n de fuente puntual coaxial con transductor rotable por el usuario","og_url":"https:\/\/distribution.audio-technica.eu\/es-es\/productos\/fp6\/","og_site_name":"Audio-Technica Iberia","article_modified_time":"2026-02-19T13:45:19+00:00","og_image":[{"width":1440,"height":1440,"url":"https:\/\/distribution.audio-technica.eu\/app\/uploads\/sites\/2\/FP6.jpg","type":"image\/jpeg"}],"twitter_card":"summary_large_image","twitter_misc":{"Tiempo de lectura":"4 minutos"},"schema":{"@context":"https:\/\/schema.org","@graph":[{"@type":"WebPage","@id":"https:\/\/distribution.audio-technica.eu\/es-es\/productos\/fp6\/","url":"https:\/\/distribution.audio-technica.eu\/es-es\/productos\/fp6\/","name":"FP6 - Audio-Technica Iberia","isPartOf":{"@id":"https:\/\/distribution.audio-technica.eu\/es-es\/#website"},"primaryImageOfPage":{"@id":"https:\/\/distribution.audio-technica.eu\/es-es\/productos\/fp6\/#primaryimage"},"image":{"@id":"https:\/\/distribution.audio-technica.eu\/es-es\/productos\/fp6\/#primaryimage"},"thumbnailUrl":"\/app\/uploads\/sites\/2\/FP6.jpg","datePublished":"2023-04-24T14:18:57+00:00","dateModified":"2026-02-19T13:45:19+00:00","breadcrumb":{"@id":"https:\/\/distribution.audio-technica.eu\/es-es\/productos\/fp6\/#breadcrumb"},"inLanguage":"es","potentialAction":[{"@type":"ReadAction","target":["https:\/\/distribution.audio-technica.eu\/es-es\/productos\/fp6\/"]}]},{"@type":"ImageObject","inLanguage":"es","@id":"https:\/\/distribution.audio-technica.eu\/es-es\/productos\/fp6\/#primaryimage","url":"\/app\/uploads\/sites\/2\/FP6.jpg","contentUrl":"\/app\/uploads\/sites\/2\/FP6.jpg","width":1440,"height":1440},{"@type":"BreadcrumbList","@id":"https:\/\/distribution.audio-technica.eu\/es-es\/productos\/fp6\/#breadcrumb","itemListElement":[{"@type":"ListItem","position":1,"name":"Products","item":"https:\/\/distribution.audio-technica.eu\/es-es\/"},{"@type":"ListItem","position":2,"name":"Productos","item":"https:\/\/distribution.audio-technica.eu\/es-es\/productos\/"},{"@type":"ListItem","position":3,"name":"FP6"}]},{"@type":"WebSite","@id":"https:\/\/distribution.audio-technica.eu\/es-es\/#website","url":"https:\/\/distribution.audio-technica.eu\/es-es\/","name":"Audio-Technica Iberia","description":"Distribuci\u00f3n","potentialAction":[{"@type":"SearchAction","target":{"@type":"EntryPoint","urlTemplate":"https:\/\/distribution.audio-technica.eu\/es-es\/?s={search_term_string}"},"query-input":{"@type":"PropertyValueSpecification","valueRequired":true,"valueName":"search_term_string"}}],"inLanguage":"es"}]}},"_links":{"self":[{"href":"https:\/\/distribution.audio-technica.eu\/es-es\/wp-json\/wp\/v2\/product\/29344","targetHints":{"allow":["GET"]}}],"collection":[{"href":"https:\/\/distribution.audio-technica.eu\/es-es\/wp-json\/wp\/v2\/product"}],"about":[{"href":"https:\/\/distribution.audio-technica.eu\/es-es\/wp-json\/wp\/v2\/types\/product"}],"wp:featuredmedia":[{"embeddable":true,"href":"https:\/\/distribution.audio-technica.eu\/es-es\/wp-json\/wp\/v2\/media\/29345"}],"wp:attachment":[{"href":"https:\/\/distribution.audio-technica.eu\/es-es\/wp-json\/wp\/v2\/media?parent=29344"}],"wp:term":[{"taxonomy":"product_brand","embeddable":true,"href":"https:\/\/distribution.audio-technica.eu\/es-es\/wp-json\/wp\/v2\/product_brand?post=29344"},{"taxonomy":"product_cat","embeddable":true,"href":"https:\/\/distribution.audio-technica.eu\/es-es\/wp-json\/wp\/v2\/product_cat?post=29344"},{"taxonomy":"product_tag","embeddable":true,"href":"https:\/\/distribution.audio-technica.eu\/es-es\/wp-json\/wp\/v2\/product_tag?post=29344"}],"curies":[{"name":"wp","href":"https:\/\/api.w.org\/{rel}","templated":true}]}}