{"id":29352,"date":"2023-04-24T16:24:54","date_gmt":"2023-04-24T14:24:54","guid":{"rendered":"https:\/\/atdb-production.studiograft.dev\/es-es\/productos\/fp8\/"},"modified":"2026-02-19T14:45:31","modified_gmt":"2026-02-19T13:45:31","slug":"fp8","status":"publish","type":"product","link":"https:\/\/distribution.audio-technica.eu\/es-es\/productos\/fp8\/","title":{"rendered":"FP8"},"content":{"rendered":"<h2>FP8<\/h2>\n<h3>Recinto ultra compacto de 8&#8243; de fuente puntual<\/h3>\n<p>El FP8 es un recinto de alta calidad, ultra compacto, de fuente puntual, dise\u00f1ado para ser utilizado en aplicaciones que requieran de una proyecci\u00f3n corta y un excelente rendimiento sonoro y una cobertura muy uniforme, a partir de un recinto extremadamente peque\u00f1o. Con una respuesta de frecuencia completa y una capacidad de salida excepcional para su tama\u00f1o, es ideal para una amplia variedad de aplicaciones de sonorizaci\u00f3n de giras e instalaciones. Su recinto multi \u00e1ngulo, que ofrece flexibles opciones de montaje, permite una discreta integraci\u00f3n en diferentes espacios arquitect\u00f3nicos, desde iglesias, museos y galer\u00edas a teatros, bares y restaurantes.<\/p>\n<p>Tambi\u00e9n es la perfecta soluci\u00f3n ultra compacta para las compa\u00f1\u00edas de alquiler y las aplicaciones profesionales que pueden beneficiarse de su flexibilidad y velocidad de despliegue.<\/p>\n<p>Cuando se complementa con un subgrave, se convierte en una excelente elecci\u00f3n para ser utilizado en eventos AV corporativos de calidad o sistemas de reproducci\u00f3n musical, en situaciones donde se requiere de una proyecci\u00f3n corta. Dado que es port\u00e1til y sorprendentemente potente para su tama\u00f1o, tambi\u00e9n puede ser utilizado como discreto monitor de escenario o como altavoz de relleno en grandes sistemas en gira o instalaciones.<\/p>\n<p>El FP8 es un recinto pasivo de dos v\u00edas que incorpora un transductor coaxial con LF de 8\u201d y un transductor HF de 1\u201d de salida con c\u00fapula de pol\u00edmero de alta temperatura de 1,7\u201d. Proporciona un impresionante SPL m\u00e1ximo de 124 dB de pico y presenta un patr\u00f3n de dispersi\u00f3n perfectamente definido de 90\u00b0 horizontal x 70\u00b0 vertical, con caracter\u00edsticas de direccionalidad horizontal constante. Este ejemplar patr\u00f3n de dispersi\u00f3n se consigue incorporando una gu\u00eda de ondas espec\u00edfica dentro de la estructura del im\u00e1n, que se combina en un cono LF asim\u00e9trico, de contorno especial. Con la gu\u00eda de ondas y el cono combinados para formar una bocina HF, se consigue una innovadora configuraci\u00f3n que evita tener que a\u00f1adir una bocina independiente que podr\u00eda obstruir el frente de onda del cono y provocar irregularidades en la respuesta en frecuencia. Tambi\u00e9n mejora los dise\u00f1os coaxiales convencionales a trav\u00e9s del polo, que pueden verse afectados por la radiaci\u00f3n de alta frecuencia.<\/p>\n<p>Su duradero recinto fabricado con contrachapado de abedul est\u00e1 acabado en resistente pintura texturizada e incorpora insertos roscados que facilitan una amplia gama de opciones de montaje y accesorios, incluyendo montaje en yugo, soporte de pared y truss.<\/p>\n<p>Una rejilla de acero con un respaldo de poli\u00e9ster de triple capa ofrece una apariencia discreta y profesional, y evita la entrada de polvo y agua con una calificaci\u00f3n ambiental IP54. En la base del recinto se ha incluido un z\u00f3calo para m\u00e1stil doble con \u00e1ngulos hacia abajo de 0\u00b0 y 15\u00b0, as\u00ed como asas para facilitar su instalaci\u00f3n y transporte.<\/p>\n<p>El FP8 puede ser utilizado tanto con orientaci\u00f3n vertical como horizontal, permitiendo la rotaci\u00f3n del transductor dentro del recinto. Para que esto pueda realizarse de forma r\u00e1pida y f\u00e1cil, la rejilla est\u00e1 fijada con anclajes de liberaci\u00f3n r\u00e1pida, de dise\u00f1o propio, y el transductor fijado al deflector por medio de ruedecillas cautivas. Aflojarlos a mano permite que el transductor se gire r\u00e1pidamente 90\u00b0 y pueda volverse a apretar.<\/p>\n<p>El FP8 puede ser amplificado con amplificadores iKON o VIA, cuando se utiliza en combinaci\u00f3n con un controlador DX4.0 o, de forma alternativa, con un controlador DX0.4 o DX0.6. Los sistemas FP8 pueden ser modelados en 3D utilizando el software de dise\u00f1o y predicci\u00f3n Display 3.<\/p>\n<p>&nbsp;<\/p>\n<p><strong>Caracter\u00edsticas Principales<\/strong><\/p>\n<ul>\n<li>Recinto pasivo de 2 v\u00edas ultra compacto<\/li>\n<li>Vers\u00e1til recinto multi \u00e1ngulo, con flexibles opciones de montaje<\/li>\n<li>Configuraci\u00f3n de fuente puntual coaxial con transductor rotable por el usuario<\/li>\n<li>Transductor LF de 8\u201d (200 mm) \/ bobina de 2\u201d (50 mm), baja distorsi\u00f3n, neodimio<\/li>\n<li>Transductor HF diafragma de pol\u00edmero 1,7\u201d (43 mm) \/ salida 1\u201d (25 mm)<\/li>\n<li>Dispersi\u00f3n 90\u00b0 H x 70\u00b0 V<\/li>\n<li>Rejilla de acero de liberaci\u00f3n r\u00e1pida<\/li>\n<li>Software de predicci\u00f3n 3D (DISPLAY 3)<\/li>\n<li>Amplificador recomendado: iKON o VIA<\/li>\n<\/ul>\n<p>&nbsp;<\/p>\n<p><strong>Aplicaciones<\/strong><\/p>\n<ul>\n<li>Relleno y cobertura puntual<\/li>\n<li>Relleno bajo anfiteatro<\/li>\n<li>Teatros e iglesias<\/li>\n<li>Sistemas distribuidos en bares y restaurantes<\/li>\n<li>Instalaciones en museos y galer\u00edas<\/li>\n<li>Espacios de sonido inmersivo<\/li>\n<li>Eventos AV corporativos m\u00f3viles<\/li>\n<li>Monitorizaci\u00f3n discreta en escenarios<\/li>\n<\/ul>\n<p>&nbsp;<\/p>\n","protected":false},"excerpt":{"rendered":"<h3>Recinto ultra compacto de 8&#8243; de fuente puntual<\/h3>\n<ul>\n<li>Recinto pasivo de 2 v\u00edas ultra compacto<\/li>\n<li>Vers\u00e1til recinto multi \u00e1ngulo, con flexibles opciones de montaje<\/li>\n<li>Configuraci\u00f3n de fuente puntual coaxial con transductor rotable por el usuario<\/li>\n<\/ul>\n","protected":false},"featured_media":29353,"template":"","meta":{"_acf_changed":false},"product_brand":[],"product_cat":[2083,2089,2084,2097,2085,2372],"product_tag":[],"class_list":{"0":"post-29352","1":"product","2":"type-product","3":"status-publish","4":"has-post-thumbnail","6":"product_cat-sistemas-sonido-directo","7":"product_cat-pasivos-portatiles","8":"product_cat-sistemas-instalacion","9":"product_cat-pasivos-fuente-puntual","10":"product_cat-por-series-martin-audio","11":"product_cat-serie-flexpoint","12":"product_series-serie-flexpoint","14":"first","15":"instock","16":"shipping-taxable","17":"product-type-simple"},"acf":[],"yoast_head":"<!-- This site is optimized with the Yoast SEO plugin v27.1.1 - https:\/\/yoast.com\/product\/yoast-seo-wordpress\/ -->\n<title>FP8 - Audio-Technica Iberia<\/title>\n<meta name=\"robots\" content=\"index, follow, max-snippet:-1, max-image-preview:large, max-video-preview:-1\" \/>\n<link rel=\"canonical\" href=\"https:\/\/distribution.audio-technica.eu\/es-es\/productos\/fp8\/\" \/>\n<meta property=\"og:locale\" content=\"es_ES\" \/>\n<meta property=\"og:type\" content=\"article\" \/>\n<meta property=\"og:title\" content=\"FP8 - Audio-Technica Iberia\" \/>\n<meta property=\"og:description\" content=\"Recinto ultra compacto de 8&quot; de fuente puntual   Recinto pasivo de 2 v\u00edas ultra compacto  Vers\u00e1til recinto multi \u00e1ngulo, con flexibles opciones de montaje  Configuraci\u00f3n de fuente puntual coaxial con transductor rotable por el usuario\" \/>\n<meta property=\"og:url\" content=\"https:\/\/distribution.audio-technica.eu\/es-es\/productos\/fp8\/\" \/>\n<meta property=\"og:site_name\" content=\"Audio-Technica Iberia\" \/>\n<meta property=\"article:modified_time\" content=\"2026-02-19T13:45:31+00:00\" \/>\n<meta property=\"og:image\" content=\"https:\/\/distribution.audio-technica.eu\/app\/uploads\/sites\/2\/FP8.jpg\" \/>\n\t<meta property=\"og:image:width\" content=\"1440\" \/>\n\t<meta property=\"og:image:height\" content=\"1440\" \/>\n\t<meta property=\"og:image:type\" content=\"image\/jpeg\" \/>\n<meta name=\"twitter:card\" content=\"summary_large_image\" \/>\n<meta name=\"twitter:label1\" content=\"Tiempo de lectura\" \/>\n\t<meta name=\"twitter:data1\" content=\"4 minutos\" \/>\n<script type=\"application\/ld+json\" class=\"yoast-schema-graph\">{\"@context\":\"https:\/\/schema.org\",\"@graph\":[{\"@type\":\"WebPage\",\"@id\":\"https:\/\/distribution.audio-technica.eu\/es-es\/productos\/fp8\/\",\"url\":\"https:\/\/distribution.audio-technica.eu\/es-es\/productos\/fp8\/\",\"name\":\"FP8 - Audio-Technica Iberia\",\"isPartOf\":{\"@id\":\"https:\/\/distribution.audio-technica.eu\/es-es\/#website\"},\"primaryImageOfPage\":{\"@id\":\"https:\/\/distribution.audio-technica.eu\/es-es\/productos\/fp8\/#primaryimage\"},\"image\":{\"@id\":\"https:\/\/distribution.audio-technica.eu\/es-es\/productos\/fp8\/#primaryimage\"},\"thumbnailUrl\":\"\/app\/uploads\/sites\/2\/FP8.jpg\",\"datePublished\":\"2023-04-24T14:24:54+00:00\",\"dateModified\":\"2026-02-19T13:45:31+00:00\",\"breadcrumb\":{\"@id\":\"https:\/\/distribution.audio-technica.eu\/es-es\/productos\/fp8\/#breadcrumb\"},\"inLanguage\":\"es\",\"potentialAction\":[{\"@type\":\"ReadAction\",\"target\":[\"https:\/\/distribution.audio-technica.eu\/es-es\/productos\/fp8\/\"]}]},{\"@type\":\"ImageObject\",\"inLanguage\":\"es\",\"@id\":\"https:\/\/distribution.audio-technica.eu\/es-es\/productos\/fp8\/#primaryimage\",\"url\":\"\/app\/uploads\/sites\/2\/FP8.jpg\",\"contentUrl\":\"\/app\/uploads\/sites\/2\/FP8.jpg\",\"width\":1440,\"height\":1440},{\"@type\":\"BreadcrumbList\",\"@id\":\"https:\/\/distribution.audio-technica.eu\/es-es\/productos\/fp8\/#breadcrumb\",\"itemListElement\":[{\"@type\":\"ListItem\",\"position\":1,\"name\":\"Products\",\"item\":\"https:\/\/distribution.audio-technica.eu\/es-es\/\"},{\"@type\":\"ListItem\",\"position\":2,\"name\":\"Productos\",\"item\":\"https:\/\/distribution.audio-technica.eu\/es-es\/productos\/\"},{\"@type\":\"ListItem\",\"position\":3,\"name\":\"FP8\"}]},{\"@type\":\"WebSite\",\"@id\":\"https:\/\/distribution.audio-technica.eu\/es-es\/#website\",\"url\":\"https:\/\/distribution.audio-technica.eu\/es-es\/\",\"name\":\"Audio-Technica Iberia\",\"description\":\"Distribuci\u00f3n\",\"potentialAction\":[{\"@type\":\"SearchAction\",\"target\":{\"@type\":\"EntryPoint\",\"urlTemplate\":\"https:\/\/distribution.audio-technica.eu\/es-es\/?s={search_term_string}\"},\"query-input\":{\"@type\":\"PropertyValueSpecification\",\"valueRequired\":true,\"valueName\":\"search_term_string\"}}],\"inLanguage\":\"es\"}]}<\/script>\n<!-- \/ Yoast SEO plugin. -->","yoast_head_json":{"title":"FP8 - Audio-Technica Iberia","robots":{"index":"index","follow":"follow","max-snippet":"max-snippet:-1","max-image-preview":"max-image-preview:large","max-video-preview":"max-video-preview:-1"},"canonical":"https:\/\/distribution.audio-technica.eu\/es-es\/productos\/fp8\/","og_locale":"es_ES","og_type":"article","og_title":"FP8 - Audio-Technica Iberia","og_description":"Recinto ultra compacto de 8\" de fuente puntual   Recinto pasivo de 2 v\u00edas ultra compacto  Vers\u00e1til recinto multi \u00e1ngulo, con flexibles opciones de montaje  Configuraci\u00f3n de fuente puntual coaxial con transductor rotable por el usuario","og_url":"https:\/\/distribution.audio-technica.eu\/es-es\/productos\/fp8\/","og_site_name":"Audio-Technica Iberia","article_modified_time":"2026-02-19T13:45:31+00:00","og_image":[{"width":1440,"height":1440,"url":"https:\/\/distribution.audio-technica.eu\/app\/uploads\/sites\/2\/FP8.jpg","type":"image\/jpeg"}],"twitter_card":"summary_large_image","twitter_misc":{"Tiempo de lectura":"4 minutos"},"schema":{"@context":"https:\/\/schema.org","@graph":[{"@type":"WebPage","@id":"https:\/\/distribution.audio-technica.eu\/es-es\/productos\/fp8\/","url":"https:\/\/distribution.audio-technica.eu\/es-es\/productos\/fp8\/","name":"FP8 - Audio-Technica Iberia","isPartOf":{"@id":"https:\/\/distribution.audio-technica.eu\/es-es\/#website"},"primaryImageOfPage":{"@id":"https:\/\/distribution.audio-technica.eu\/es-es\/productos\/fp8\/#primaryimage"},"image":{"@id":"https:\/\/distribution.audio-technica.eu\/es-es\/productos\/fp8\/#primaryimage"},"thumbnailUrl":"\/app\/uploads\/sites\/2\/FP8.jpg","datePublished":"2023-04-24T14:24:54+00:00","dateModified":"2026-02-19T13:45:31+00:00","breadcrumb":{"@id":"https:\/\/distribution.audio-technica.eu\/es-es\/productos\/fp8\/#breadcrumb"},"inLanguage":"es","potentialAction":[{"@type":"ReadAction","target":["https:\/\/distribution.audio-technica.eu\/es-es\/productos\/fp8\/"]}]},{"@type":"ImageObject","inLanguage":"es","@id":"https:\/\/distribution.audio-technica.eu\/es-es\/productos\/fp8\/#primaryimage","url":"\/app\/uploads\/sites\/2\/FP8.jpg","contentUrl":"\/app\/uploads\/sites\/2\/FP8.jpg","width":1440,"height":1440},{"@type":"BreadcrumbList","@id":"https:\/\/distribution.audio-technica.eu\/es-es\/productos\/fp8\/#breadcrumb","itemListElement":[{"@type":"ListItem","position":1,"name":"Products","item":"https:\/\/distribution.audio-technica.eu\/es-es\/"},{"@type":"ListItem","position":2,"name":"Productos","item":"https:\/\/distribution.audio-technica.eu\/es-es\/productos\/"},{"@type":"ListItem","position":3,"name":"FP8"}]},{"@type":"WebSite","@id":"https:\/\/distribution.audio-technica.eu\/es-es\/#website","url":"https:\/\/distribution.audio-technica.eu\/es-es\/","name":"Audio-Technica Iberia","description":"Distribuci\u00f3n","potentialAction":[{"@type":"SearchAction","target":{"@type":"EntryPoint","urlTemplate":"https:\/\/distribution.audio-technica.eu\/es-es\/?s={search_term_string}"},"query-input":{"@type":"PropertyValueSpecification","valueRequired":true,"valueName":"search_term_string"}}],"inLanguage":"es"}]}},"_links":{"self":[{"href":"https:\/\/distribution.audio-technica.eu\/es-es\/wp-json\/wp\/v2\/product\/29352","targetHints":{"allow":["GET"]}}],"collection":[{"href":"https:\/\/distribution.audio-technica.eu\/es-es\/wp-json\/wp\/v2\/product"}],"about":[{"href":"https:\/\/distribution.audio-technica.eu\/es-es\/wp-json\/wp\/v2\/types\/product"}],"wp:featuredmedia":[{"embeddable":true,"href":"https:\/\/distribution.audio-technica.eu\/es-es\/wp-json\/wp\/v2\/media\/29353"}],"wp:attachment":[{"href":"https:\/\/distribution.audio-technica.eu\/es-es\/wp-json\/wp\/v2\/media?parent=29352"}],"wp:term":[{"taxonomy":"product_brand","embeddable":true,"href":"https:\/\/distribution.audio-technica.eu\/es-es\/wp-json\/wp\/v2\/product_brand?post=29352"},{"taxonomy":"product_cat","embeddable":true,"href":"https:\/\/distribution.audio-technica.eu\/es-es\/wp-json\/wp\/v2\/product_cat?post=29352"},{"taxonomy":"product_tag","embeddable":true,"href":"https:\/\/distribution.audio-technica.eu\/es-es\/wp-json\/wp\/v2\/product_tag?post=29352"}],"curies":[{"name":"wp","href":"https:\/\/api.w.org\/{rel}","templated":true}]}}