{"id":29363,"date":"2023-04-24T16:31:57","date_gmt":"2023-04-24T14:31:57","guid":{"rendered":"https:\/\/atdb-production.studiograft.dev\/es-es\/productos\/fp12\/"},"modified":"2026-02-19T14:44:43","modified_gmt":"2026-02-19T13:44:43","slug":"fp12","status":"publish","type":"product","link":"https:\/\/distribution.audio-technica.eu\/es-es\/productos\/fp12\/","title":{"rendered":"FP12"},"content":{"rendered":"<h2>FP12<\/h2>\n<h3>Recinto compacto de 12&#8243; de fuente puntual<\/h3>\n<p>El FP12 es un recinto de fuente puntual, de alta calidad, dise\u00f1ado para aplicaciones que requieran una proyecci\u00f3n corta, un excelente rendimiento, alta potencia y una cobertura uniforme a partir de un recinto compacto. Su peque\u00f1o tama\u00f1o y portabilidad ampl\u00eda su gama de aplicaciones desde la sonorizaci\u00f3n en directo y las instalaciones permanentes hasta los eventos corporativos, peque\u00f1as actuaciones y DJs.<\/p>\n<p>Equipado con un recinto multi \u00e1ngulo que ofrece una amplia gama de opciones de montaje, el FP12 es la perfecta soluci\u00f3n de alta potencia para compa\u00f1\u00edas de alquiler y aplicaciones profesionales que se beneficiar\u00e1n de su flexibilidad y velocidad de despliegue.<\/p>\n<p>Cuando se complementa con un subgrave, se convierte en una excelente elecci\u00f3n para ser utilizado en eventos AV corporativos de calidad o sistemas de reproducci\u00f3n musical, en situaciones donde se requiere de una proyecci\u00f3n corta. Tambi\u00e9n puede ser utilizado como monitor de escenario de alta potencia o en combinaci\u00f3n con un sistema m\u00e1s grande, ya sea en gira como instalado de forma permanente.<\/p>\n<p>El FP12 es una altavoz pasivo de 2 v\u00edas que incorpora un transductor LF de 12\u201d, de alta calidad, y un transductor HF con salida de 1,4\u201d y diafragma de titanio de 3\u201d de di\u00e1metro. Proporciona un impresionante SPL m\u00e1ximo de 128 dB de pico y una dispersi\u00f3n perfectamente definida de 90\u00b0 horizontal x 60\u00b0 vertical, con caracter\u00edsticas de direccionalidad horizontal constante.<\/p>\n<p>Su ejemplar patr\u00f3n de dispersi\u00f3n se consigue incorporando una gu\u00eda de ondas espec\u00edfica dentro de la estructura del im\u00e1n, que se combina en un cono LF asim\u00e9trico, de contorno especial. Con la gu\u00eda de ondas y el cono combinados para formar una bocina HF, se consigue una innovadora configuraci\u00f3n que evita tener que a\u00f1adir una bocina independiente que podr\u00eda obstruir el frente de onda del cono y provocar irregularidades en la respuesta en frecuencia. Tambi\u00e9n mejora los dise\u00f1os coaxiales convencionales a trav\u00e9s del polo, que pueden verse afectados por la radiaci\u00f3n de alta frecuencia.<\/p>\n<p>Su duradero recinto fabricado con contrachapado de abedul est\u00e1 acabado en resistente pintura texturizada e incorpora insertos roscados que facilitan una amplia gama de opciones de montaje y accesorios, incluyendo montaje en yugo, soporte de pared y truss.<\/p>\n<p>En la base del recinto se ha incluido un z\u00f3calo para m\u00e1stil doble con \u00e1ngulos hacia abajo de 0\u00b0 y 15\u00b0, as\u00ed como asas para facilitar su instalaci\u00f3n y transporte.<\/p>\n<p>Una rejilla de acero con un respaldo de poli\u00e9ster de triple capa ofrece una apariencia discreta y profesional, y evita la entrada de polvo y agua con una calificaci\u00f3n ambiental IP54.<\/p>\n<p>El FP12 puede ser utilizado tanto con orientaci\u00f3n vertical como horizontal, permitiendo la rotaci\u00f3n del transductor dentro del recinto. Para que esto pueda realizarse de forma r\u00e1pida y f\u00e1cil, la rejilla est\u00e1 fijada con anclajes de liberaci\u00f3n r\u00e1pida, de dise\u00f1o propio, y el transductor fijado al deflector por medio de ruedecillas cautivas. Aflojarlos a mano permite que el transductor se gire r\u00e1pidamente 90\u00b0 y pueda volverse a apretar.<\/p>\n<p>El FP12 puede ser utilizado con amplificadores iKON o VIA, cuando se utiliza en combinaci\u00f3n con un controlador DX4.0 o, de forma alternativa, con un controlador DX0.4 o DX0.6. Los sistemas FP12 pueden ser modelados en 3D utilizando el software de dise\u00f1o y predicci\u00f3n Display 3.<\/p>\n<p>&nbsp;<\/p>\n<p><strong>Caracter\u00edsticas Principales<\/strong><\/p>\n<ul>\n<li>Recinto pasivo compacto 2 v\u00edas<\/li>\n<li>Recinto vers\u00e1til, multi \u00e1ngulo<\/li>\n<li>Alta capacidad de salida<\/li>\n<li>Configuraci\u00f3n de fuente puntual coaxial con transductor rotable por el usuario<\/li>\n<li>Transductor LF neodimio 12\u201d (300 mm) \/ bobina 3\u201d (75 mm), baja distorsi\u00f3n<\/li>\n<li>Transductor HF 3\u201d (75 mm) diafragma de titanio \/ salida 1,4\u201d (35 mm)<\/li>\n<li>Dispersi\u00f3n 90\u00b0 H x 60\u00b0 V<\/li>\n<li>Rejilla de acero de liberaci\u00f3n r\u00e1pida<\/li>\n<li>Software de predicci\u00f3n 3D (DISPLAY 3)<\/li>\n<li>Amplificador recomendado: iKON o VIA<\/li>\n<\/ul>\n<p>&nbsp;<\/p>\n<p><strong>Aplicaciones<\/strong><\/p>\n<ul>\n<li>Sonorizaci\u00f3n port\u00e1til para directos<\/li>\n<li>Sonido en teatros<\/li>\n<li>Instalaciones fijas<\/li>\n<li>Eventos AV corporativos y DJs<\/li>\n<li>Monitorizaci\u00f3n de alta potencia en escenarios<\/li>\n<\/ul>\n<p>&nbsp;<\/p>\n","protected":false},"excerpt":{"rendered":"<h3>Recinto compacto de 12&#8243; de fuente puntual<\/h3>\n<ul>\n<li>Recinto pasivo compacto 2 v\u00edas<\/li>\n<li>Recinto vers\u00e1til, multi \u00e1ngulo<\/li>\n<li>Alta capacidad de salida<\/li>\n<li>Configuraci\u00f3n de fuente puntual coaxial con transductor rotable por el usuario<\/li>\n<\/ul>\n<p>&nbsp;<\/p>\n","protected":false},"featured_media":29364,"template":"","meta":{"_acf_changed":false},"product_brand":[],"product_cat":[2083,2089,2084,2097,2085,2372],"product_tag":[],"class_list":{"0":"post-29363","1":"product","2":"type-product","3":"status-publish","4":"has-post-thumbnail","6":"product_cat-sistemas-sonido-directo","7":"product_cat-pasivos-portatiles","8":"product_cat-sistemas-instalacion","9":"product_cat-pasivos-fuente-puntual","10":"product_cat-por-series-martin-audio","11":"product_cat-serie-flexpoint","12":"product_series-serie-flexpoint","14":"first","15":"instock","16":"shipping-taxable","17":"product-type-simple"},"acf":[],"yoast_head":"<!-- This site is optimized with the Yoast SEO plugin v27.1.1 - https:\/\/yoast.com\/product\/yoast-seo-wordpress\/ -->\n<title>FP12 - Audio-Technica Iberia<\/title>\n<meta name=\"robots\" content=\"index, follow, max-snippet:-1, max-image-preview:large, max-video-preview:-1\" \/>\n<link rel=\"canonical\" href=\"https:\/\/distribution.audio-technica.eu\/es-es\/productos\/fp12\/\" \/>\n<meta property=\"og:locale\" content=\"es_ES\" \/>\n<meta property=\"og:type\" content=\"article\" \/>\n<meta property=\"og:title\" content=\"FP12 - Audio-Technica Iberia\" \/>\n<meta property=\"og:description\" content=\"Recinto compacto de 12&quot; de fuente puntual   Recinto pasivo compacto 2 v\u00edas  Recinto vers\u00e1til, multi \u00e1ngulo  Alta capacidad de salida  Configuraci\u00f3n de fuente puntual coaxial con transductor rotable por el usuario  &nbsp;\" \/>\n<meta property=\"og:url\" content=\"https:\/\/distribution.audio-technica.eu\/es-es\/productos\/fp12\/\" \/>\n<meta property=\"og:site_name\" content=\"Audio-Technica Iberia\" \/>\n<meta property=\"article:modified_time\" content=\"2026-02-19T13:44:43+00:00\" \/>\n<meta property=\"og:image\" content=\"https:\/\/distribution.audio-technica.eu\/app\/uploads\/sites\/2\/FP12.jpg\" \/>\n\t<meta property=\"og:image:width\" content=\"1440\" \/>\n\t<meta property=\"og:image:height\" content=\"1440\" \/>\n\t<meta property=\"og:image:type\" content=\"image\/jpeg\" \/>\n<meta name=\"twitter:card\" content=\"summary_large_image\" \/>\n<meta name=\"twitter:label1\" content=\"Tiempo de lectura\" \/>\n\t<meta name=\"twitter:data1\" content=\"4 minutos\" \/>\n<script type=\"application\/ld+json\" class=\"yoast-schema-graph\">{\"@context\":\"https:\/\/schema.org\",\"@graph\":[{\"@type\":\"WebPage\",\"@id\":\"https:\/\/distribution.audio-technica.eu\/es-es\/productos\/fp12\/\",\"url\":\"https:\/\/distribution.audio-technica.eu\/es-es\/productos\/fp12\/\",\"name\":\"FP12 - Audio-Technica Iberia\",\"isPartOf\":{\"@id\":\"https:\/\/distribution.audio-technica.eu\/es-es\/#website\"},\"primaryImageOfPage\":{\"@id\":\"https:\/\/distribution.audio-technica.eu\/es-es\/productos\/fp12\/#primaryimage\"},\"image\":{\"@id\":\"https:\/\/distribution.audio-technica.eu\/es-es\/productos\/fp12\/#primaryimage\"},\"thumbnailUrl\":\"\/app\/uploads\/sites\/2\/FP12.jpg\",\"datePublished\":\"2023-04-24T14:31:57+00:00\",\"dateModified\":\"2026-02-19T13:44:43+00:00\",\"breadcrumb\":{\"@id\":\"https:\/\/distribution.audio-technica.eu\/es-es\/productos\/fp12\/#breadcrumb\"},\"inLanguage\":\"es\",\"potentialAction\":[{\"@type\":\"ReadAction\",\"target\":[\"https:\/\/distribution.audio-technica.eu\/es-es\/productos\/fp12\/\"]}]},{\"@type\":\"ImageObject\",\"inLanguage\":\"es\",\"@id\":\"https:\/\/distribution.audio-technica.eu\/es-es\/productos\/fp12\/#primaryimage\",\"url\":\"\/app\/uploads\/sites\/2\/FP12.jpg\",\"contentUrl\":\"\/app\/uploads\/sites\/2\/FP12.jpg\",\"width\":1440,\"height\":1440},{\"@type\":\"BreadcrumbList\",\"@id\":\"https:\/\/distribution.audio-technica.eu\/es-es\/productos\/fp12\/#breadcrumb\",\"itemListElement\":[{\"@type\":\"ListItem\",\"position\":1,\"name\":\"Products\",\"item\":\"https:\/\/distribution.audio-technica.eu\/es-es\/\"},{\"@type\":\"ListItem\",\"position\":2,\"name\":\"Productos\",\"item\":\"https:\/\/distribution.audio-technica.eu\/es-es\/productos\/\"},{\"@type\":\"ListItem\",\"position\":3,\"name\":\"FP12\"}]},{\"@type\":\"WebSite\",\"@id\":\"https:\/\/distribution.audio-technica.eu\/es-es\/#website\",\"url\":\"https:\/\/distribution.audio-technica.eu\/es-es\/\",\"name\":\"Audio-Technica Iberia\",\"description\":\"Distribuci\u00f3n\",\"potentialAction\":[{\"@type\":\"SearchAction\",\"target\":{\"@type\":\"EntryPoint\",\"urlTemplate\":\"https:\/\/distribution.audio-technica.eu\/es-es\/?s={search_term_string}\"},\"query-input\":{\"@type\":\"PropertyValueSpecification\",\"valueRequired\":true,\"valueName\":\"search_term_string\"}}],\"inLanguage\":\"es\"}]}<\/script>\n<!-- \/ Yoast SEO plugin. -->","yoast_head_json":{"title":"FP12 - Audio-Technica Iberia","robots":{"index":"index","follow":"follow","max-snippet":"max-snippet:-1","max-image-preview":"max-image-preview:large","max-video-preview":"max-video-preview:-1"},"canonical":"https:\/\/distribution.audio-technica.eu\/es-es\/productos\/fp12\/","og_locale":"es_ES","og_type":"article","og_title":"FP12 - Audio-Technica Iberia","og_description":"Recinto compacto de 12\" de fuente puntual   Recinto pasivo compacto 2 v\u00edas  Recinto vers\u00e1til, multi \u00e1ngulo  Alta capacidad de salida  Configuraci\u00f3n de fuente puntual coaxial con transductor rotable por el usuario  &nbsp;","og_url":"https:\/\/distribution.audio-technica.eu\/es-es\/productos\/fp12\/","og_site_name":"Audio-Technica Iberia","article_modified_time":"2026-02-19T13:44:43+00:00","og_image":[{"width":1440,"height":1440,"url":"https:\/\/distribution.audio-technica.eu\/app\/uploads\/sites\/2\/FP12.jpg","type":"image\/jpeg"}],"twitter_card":"summary_large_image","twitter_misc":{"Tiempo de lectura":"4 minutos"},"schema":{"@context":"https:\/\/schema.org","@graph":[{"@type":"WebPage","@id":"https:\/\/distribution.audio-technica.eu\/es-es\/productos\/fp12\/","url":"https:\/\/distribution.audio-technica.eu\/es-es\/productos\/fp12\/","name":"FP12 - Audio-Technica Iberia","isPartOf":{"@id":"https:\/\/distribution.audio-technica.eu\/es-es\/#website"},"primaryImageOfPage":{"@id":"https:\/\/distribution.audio-technica.eu\/es-es\/productos\/fp12\/#primaryimage"},"image":{"@id":"https:\/\/distribution.audio-technica.eu\/es-es\/productos\/fp12\/#primaryimage"},"thumbnailUrl":"\/app\/uploads\/sites\/2\/FP12.jpg","datePublished":"2023-04-24T14:31:57+00:00","dateModified":"2026-02-19T13:44:43+00:00","breadcrumb":{"@id":"https:\/\/distribution.audio-technica.eu\/es-es\/productos\/fp12\/#breadcrumb"},"inLanguage":"es","potentialAction":[{"@type":"ReadAction","target":["https:\/\/distribution.audio-technica.eu\/es-es\/productos\/fp12\/"]}]},{"@type":"ImageObject","inLanguage":"es","@id":"https:\/\/distribution.audio-technica.eu\/es-es\/productos\/fp12\/#primaryimage","url":"\/app\/uploads\/sites\/2\/FP12.jpg","contentUrl":"\/app\/uploads\/sites\/2\/FP12.jpg","width":1440,"height":1440},{"@type":"BreadcrumbList","@id":"https:\/\/distribution.audio-technica.eu\/es-es\/productos\/fp12\/#breadcrumb","itemListElement":[{"@type":"ListItem","position":1,"name":"Products","item":"https:\/\/distribution.audio-technica.eu\/es-es\/"},{"@type":"ListItem","position":2,"name":"Productos","item":"https:\/\/distribution.audio-technica.eu\/es-es\/productos\/"},{"@type":"ListItem","position":3,"name":"FP12"}]},{"@type":"WebSite","@id":"https:\/\/distribution.audio-technica.eu\/es-es\/#website","url":"https:\/\/distribution.audio-technica.eu\/es-es\/","name":"Audio-Technica Iberia","description":"Distribuci\u00f3n","potentialAction":[{"@type":"SearchAction","target":{"@type":"EntryPoint","urlTemplate":"https:\/\/distribution.audio-technica.eu\/es-es\/?s={search_term_string}"},"query-input":{"@type":"PropertyValueSpecification","valueRequired":true,"valueName":"search_term_string"}}],"inLanguage":"es"}]}},"_links":{"self":[{"href":"https:\/\/distribution.audio-technica.eu\/es-es\/wp-json\/wp\/v2\/product\/29363","targetHints":{"allow":["GET"]}}],"collection":[{"href":"https:\/\/distribution.audio-technica.eu\/es-es\/wp-json\/wp\/v2\/product"}],"about":[{"href":"https:\/\/distribution.audio-technica.eu\/es-es\/wp-json\/wp\/v2\/types\/product"}],"wp:featuredmedia":[{"embeddable":true,"href":"https:\/\/distribution.audio-technica.eu\/es-es\/wp-json\/wp\/v2\/media\/29364"}],"wp:attachment":[{"href":"https:\/\/distribution.audio-technica.eu\/es-es\/wp-json\/wp\/v2\/media?parent=29363"}],"wp:term":[{"taxonomy":"product_brand","embeddable":true,"href":"https:\/\/distribution.audio-technica.eu\/es-es\/wp-json\/wp\/v2\/product_brand?post=29363"},{"taxonomy":"product_cat","embeddable":true,"href":"https:\/\/distribution.audio-technica.eu\/es-es\/wp-json\/wp\/v2\/product_cat?post=29363"},{"taxonomy":"product_tag","embeddable":true,"href":"https:\/\/distribution.audio-technica.eu\/es-es\/wp-json\/wp\/v2\/product_tag?post=29363"}],"curies":[{"name":"wp","href":"https:\/\/api.w.org\/{rel}","templated":true}]}}