{"id":29396,"date":"2023-04-25T15:24:32","date_gmt":"2023-04-25T13:24:32","guid":{"rendered":"https:\/\/atdb-production.studiograft.dev\/es-es\/productos\/4436a\/"},"modified":"2023-07-13T13:34:01","modified_gmt":"2023-07-13T11:34:01","slug":"4436a","status":"publish","type":"product","link":"https:\/\/distribution.audio-technica.eu\/es-es\/productos\/4436a\/","title":{"rendered":"4436A"},"content":{"rendered":"<h2>4436A<\/h2>\n<h3>Recinto colgante 2 v\u00edas biamplificado Smart IP, 5\u201d<\/h3>\n<p>El recinto colgante 4436A Smart IP ha sido dise\u00f1ado especialmente para ser utilizado en instalaciones AV en recintos abiertos dotados de techos altos, lo que facilita la distribuci\u00f3n de sonido, combinando al mismo tiempo un est\u00e9tica elegante y discreta con la reproducci\u00f3n de sonido de la m\u00e1s alta calidad. Utiliza la galardonada tecnolog\u00eda de red de un solo cable Smart IP de Genelec para facilitar la instalaci\u00f3n, la escalabilidad del sistema y un manejo muy simple. El recinto de dos v\u00edas 4436A ofrece un elegante dise\u00f1o colgante, fabricado en acero, que proporciona un valor excepcional a largo plazo para instalaciones AV de alta calidad. Est\u00e1 disponible en acabado blanco o negro.<\/p>\n<p>Dise\u00f1ado y fabricado en Finlandia para ser visualmente agradable, al tiempo que cumple los m\u00e1s altos est\u00e1ndares de sostenibilidad, el 4436A es una soluci\u00f3n colgable de alt\u00edsima calidad, pero con una m\u00ednima huella medioambiental y una construcci\u00f3n extremadamente robusta, asegurando d\u00e9cadas de uso fiable. Genelec ha desarrollado este altavoz en colaboraci\u00f3n con el c\u00e9lebre dise\u00f1ador industrial Harri Koskinen, fusionando la amplia experiencia ac\u00fastica de Genelec, l\u00edder de la industria, con con el estilo n\u00f3rdico minimalista de Harri, para conseguir una combinaci\u00f3n sin concesiones de sonido puro y dise\u00f1o.<\/p>\n<p>El 4436A se instala muy f\u00e1cilmente, ya que solo requiere un \u00fanico cable CAT que se encarga de transportar la alimentaci\u00f3n, el audio y la gesti\u00f3n, y se fija a la unidad por medio de un simple sistema con enclavamiento y se esconde con su compacta rejilla de fijaci\u00f3n magn\u00e9tica. El software Smart IP de Genelec se encarga de detectar el dispositivo y permite realizar una detallada configuraci\u00f3n y monitorizaci\u00f3n de los altavoces, salas, zonas y canales de audio. El control diario de las funciones b\u00e1sicas del sistema se realiza de forma muy simple por medio de la intuitiva app Smart IP Controller para dispositivos Android. Adem\u00e1s, las soluciones Smart IP se benefician de un set de comandos API p\u00fablicos y de una serie de drivers disponibles de forma gratuita que permiten una f\u00e1cil integraci\u00f3n con una amplia gama de sistemas de automatizaci\u00f3n de control comunes.<\/p>\n<p>Smart IP es la plataforma de tecnolog\u00eda de red IP abierta escalable de Genelec, capaz de proporcionar alimentaci\u00f3n (PoE o PoE+), audio y control simult\u00e1neamente a trav\u00e9s de un \u00fanico cable est\u00e1ndar CAT. Esta tecnolog\u00eda ofrece configuraci\u00f3n detallada de los altavoces, supervisi\u00f3n y calibraci\u00f3n a diferentes niveles (individual, sala, zona o sistema) sin sacrificar prestaciones. Cada modelo, incluido el 4436A, reproduce audio con el m\u00e1s alto nivel de cobertura uniforme, claridad e inteligibilidad, y puede conectarse libremente en red con otros modelos Smart IP para reproducir sin problemas streaming Dante y AES67.<\/p>\n","protected":false},"excerpt":{"rendered":"<h3>Recinto colgante 2 v\u00edas biamplificado Smart IP, 5\u201d<\/h3>\n<ul class=\"summary\">\n<li>Altavoz colgante activo de 2 v\u00edas<\/li>\n<li>Usa un solo cable CAT para audio, alimentaci\u00f3n y gesti\u00f3n<\/li>\n<li>Soporta audio abierto y est\u00e1ndares IP, y es compatible con AES67 y Dante<\/li>\n<li>Streaming de audio de baja latencia sin compresi\u00f3n directamente a cada altavoz<\/li>\n<li>Amplificaci\u00f3n: 50 W graves (Clase D) + 50 W agudos (Clase D)<\/li>\n<\/ul>\n<p>&nbsp;<\/p>\n<p>&nbsp;<\/p>\n","protected":false},"featured_media":29391,"template":"","meta":{"_acf_changed":false},"product_brand":[],"product_cat":[1397,1395,2185],"product_tag":[2374,2375],"class_list":{"0":"post-29396","1":"product","2":"type-product","3":"status-publish","4":"has-post-thumbnail","6":"product_cat-recintos-autoamplificados-para-instalacion","7":"product_cat-por-series-genelec","8":"product_cat-serie-smartip","9":"product_tag-instalacion","10":"product_tag-smart-ip","11":"product_series-serie-smart-ip","13":"first","14":"instock","15":"shipping-taxable","16":"product-type-simple"},"acf":[],"yoast_head":"<!-- This site is optimized with the Yoast SEO plugin v27.1.1 - https:\/\/yoast.com\/product\/yoast-seo-wordpress\/ -->\n<title>4436A - Audio-Technica Iberia<\/title>\n<meta name=\"robots\" content=\"index, follow, max-snippet:-1, max-image-preview:large, max-video-preview:-1\" \/>\n<link rel=\"canonical\" href=\"https:\/\/distribution.audio-technica.eu\/es-es\/productos\/4436a\/\" \/>\n<meta property=\"og:locale\" content=\"es_ES\" \/>\n<meta property=\"og:type\" content=\"article\" \/>\n<meta property=\"og:title\" content=\"4436A - Audio-Technica Iberia\" \/>\n<meta property=\"og:description\" content=\"Recinto colgante 2 v\u00edas biamplificado Smart IP, 5\u201d  Altavoz colgante activo de 2 v\u00edas  Usa un solo cable CAT para audio, alimentaci\u00f3n y gesti\u00f3n  Soporta audio abierto y est\u00e1ndares IP, y es compatible con AES67 y Dante  Streaming de audio de baja latencia sin compresi\u00f3n directamente a cada altavoz  Amplificaci\u00f3n: 50 W graves (Clase D) + 50 W agudos (Clase D) &nbsp; &nbsp;\" \/>\n<meta property=\"og:url\" content=\"https:\/\/distribution.audio-technica.eu\/es-es\/productos\/4436a\/\" \/>\n<meta property=\"og:site_name\" content=\"Audio-Technica Iberia\" \/>\n<meta property=\"article:modified_time\" content=\"2023-07-13T11:34:01+00:00\" \/>\n<meta property=\"og:image\" content=\"https:\/\/distribution.audio-technica.eu\/app\/uploads\/sites\/2\/Genelec-4436-4.jpg\" \/>\n\t<meta property=\"og:image:width\" content=\"2000\" \/>\n\t<meta property=\"og:image:height\" content=\"2000\" \/>\n\t<meta property=\"og:image:type\" content=\"image\/jpeg\" \/>\n<meta name=\"twitter:card\" content=\"summary_large_image\" \/>\n<meta name=\"twitter:label1\" content=\"Tiempo de lectura\" \/>\n\t<meta name=\"twitter:data1\" content=\"2 minutos\" \/>\n<script type=\"application\/ld+json\" class=\"yoast-schema-graph\">{\"@context\":\"https:\/\/schema.org\",\"@graph\":[{\"@type\":\"WebPage\",\"@id\":\"https:\/\/distribution.audio-technica.eu\/es-es\/productos\/4436a\/\",\"url\":\"https:\/\/distribution.audio-technica.eu\/es-es\/productos\/4436a\/\",\"name\":\"4436A - Audio-Technica Iberia\",\"isPartOf\":{\"@id\":\"https:\/\/distribution.audio-technica.eu\/es-es\/#website\"},\"primaryImageOfPage\":{\"@id\":\"https:\/\/distribution.audio-technica.eu\/es-es\/productos\/4436a\/#primaryimage\"},\"image\":{\"@id\":\"https:\/\/distribution.audio-technica.eu\/es-es\/productos\/4436a\/#primaryimage\"},\"thumbnailUrl\":\"\/app\/uploads\/sites\/2\/Genelec-4436-4.jpg\",\"datePublished\":\"2023-04-25T13:24:32+00:00\",\"dateModified\":\"2023-07-13T11:34:01+00:00\",\"breadcrumb\":{\"@id\":\"https:\/\/distribution.audio-technica.eu\/es-es\/productos\/4436a\/#breadcrumb\"},\"inLanguage\":\"es\",\"potentialAction\":[{\"@type\":\"ReadAction\",\"target\":[\"https:\/\/distribution.audio-technica.eu\/es-es\/productos\/4436a\/\"]}]},{\"@type\":\"ImageObject\",\"inLanguage\":\"es\",\"@id\":\"https:\/\/distribution.audio-technica.eu\/es-es\/productos\/4436a\/#primaryimage\",\"url\":\"\/app\/uploads\/sites\/2\/Genelec-4436-4.jpg\",\"contentUrl\":\"\/app\/uploads\/sites\/2\/Genelec-4436-4.jpg\",\"width\":2000,\"height\":2000},{\"@type\":\"BreadcrumbList\",\"@id\":\"https:\/\/distribution.audio-technica.eu\/es-es\/productos\/4436a\/#breadcrumb\",\"itemListElement\":[{\"@type\":\"ListItem\",\"position\":1,\"name\":\"Products\",\"item\":\"https:\/\/distribution.audio-technica.eu\/es-es\/\"},{\"@type\":\"ListItem\",\"position\":2,\"name\":\"Productos\",\"item\":\"https:\/\/distribution.audio-technica.eu\/es-es\/productos\/\"},{\"@type\":\"ListItem\",\"position\":3,\"name\":\"4436A\"}]},{\"@type\":\"WebSite\",\"@id\":\"https:\/\/distribution.audio-technica.eu\/es-es\/#website\",\"url\":\"https:\/\/distribution.audio-technica.eu\/es-es\/\",\"name\":\"Audio-Technica Iberia\",\"description\":\"Distribuci\u00f3n\",\"potentialAction\":[{\"@type\":\"SearchAction\",\"target\":{\"@type\":\"EntryPoint\",\"urlTemplate\":\"https:\/\/distribution.audio-technica.eu\/es-es\/?s={search_term_string}\"},\"query-input\":{\"@type\":\"PropertyValueSpecification\",\"valueRequired\":true,\"valueName\":\"search_term_string\"}}],\"inLanguage\":\"es\"}]}<\/script>\n<!-- \/ Yoast SEO plugin. -->","yoast_head_json":{"title":"4436A - Audio-Technica Iberia","robots":{"index":"index","follow":"follow","max-snippet":"max-snippet:-1","max-image-preview":"max-image-preview:large","max-video-preview":"max-video-preview:-1"},"canonical":"https:\/\/distribution.audio-technica.eu\/es-es\/productos\/4436a\/","og_locale":"es_ES","og_type":"article","og_title":"4436A - Audio-Technica Iberia","og_description":"Recinto colgante 2 v\u00edas biamplificado Smart IP, 5\u201d  Altavoz colgante activo de 2 v\u00edas  Usa un solo cable CAT para audio, alimentaci\u00f3n y gesti\u00f3n  Soporta audio abierto y est\u00e1ndares IP, y es compatible con AES67 y Dante  Streaming de audio de baja latencia sin compresi\u00f3n directamente a cada altavoz  Amplificaci\u00f3n: 50 W graves (Clase D) + 50 W agudos (Clase D) &nbsp; &nbsp;","og_url":"https:\/\/distribution.audio-technica.eu\/es-es\/productos\/4436a\/","og_site_name":"Audio-Technica Iberia","article_modified_time":"2023-07-13T11:34:01+00:00","og_image":[{"width":2000,"height":2000,"url":"https:\/\/distribution.audio-technica.eu\/app\/uploads\/sites\/2\/Genelec-4436-4.jpg","type":"image\/jpeg"}],"twitter_card":"summary_large_image","twitter_misc":{"Tiempo de lectura":"2 minutos"},"schema":{"@context":"https:\/\/schema.org","@graph":[{"@type":"WebPage","@id":"https:\/\/distribution.audio-technica.eu\/es-es\/productos\/4436a\/","url":"https:\/\/distribution.audio-technica.eu\/es-es\/productos\/4436a\/","name":"4436A - Audio-Technica Iberia","isPartOf":{"@id":"https:\/\/distribution.audio-technica.eu\/es-es\/#website"},"primaryImageOfPage":{"@id":"https:\/\/distribution.audio-technica.eu\/es-es\/productos\/4436a\/#primaryimage"},"image":{"@id":"https:\/\/distribution.audio-technica.eu\/es-es\/productos\/4436a\/#primaryimage"},"thumbnailUrl":"\/app\/uploads\/sites\/2\/Genelec-4436-4.jpg","datePublished":"2023-04-25T13:24:32+00:00","dateModified":"2023-07-13T11:34:01+00:00","breadcrumb":{"@id":"https:\/\/distribution.audio-technica.eu\/es-es\/productos\/4436a\/#breadcrumb"},"inLanguage":"es","potentialAction":[{"@type":"ReadAction","target":["https:\/\/distribution.audio-technica.eu\/es-es\/productos\/4436a\/"]}]},{"@type":"ImageObject","inLanguage":"es","@id":"https:\/\/distribution.audio-technica.eu\/es-es\/productos\/4436a\/#primaryimage","url":"\/app\/uploads\/sites\/2\/Genelec-4436-4.jpg","contentUrl":"\/app\/uploads\/sites\/2\/Genelec-4436-4.jpg","width":2000,"height":2000},{"@type":"BreadcrumbList","@id":"https:\/\/distribution.audio-technica.eu\/es-es\/productos\/4436a\/#breadcrumb","itemListElement":[{"@type":"ListItem","position":1,"name":"Products","item":"https:\/\/distribution.audio-technica.eu\/es-es\/"},{"@type":"ListItem","position":2,"name":"Productos","item":"https:\/\/distribution.audio-technica.eu\/es-es\/productos\/"},{"@type":"ListItem","position":3,"name":"4436A"}]},{"@type":"WebSite","@id":"https:\/\/distribution.audio-technica.eu\/es-es\/#website","url":"https:\/\/distribution.audio-technica.eu\/es-es\/","name":"Audio-Technica Iberia","description":"Distribuci\u00f3n","potentialAction":[{"@type":"SearchAction","target":{"@type":"EntryPoint","urlTemplate":"https:\/\/distribution.audio-technica.eu\/es-es\/?s={search_term_string}"},"query-input":{"@type":"PropertyValueSpecification","valueRequired":true,"valueName":"search_term_string"}}],"inLanguage":"es"}]}},"_links":{"self":[{"href":"https:\/\/distribution.audio-technica.eu\/es-es\/wp-json\/wp\/v2\/product\/29396","targetHints":{"allow":["GET"]}}],"collection":[{"href":"https:\/\/distribution.audio-technica.eu\/es-es\/wp-json\/wp\/v2\/product"}],"about":[{"href":"https:\/\/distribution.audio-technica.eu\/es-es\/wp-json\/wp\/v2\/types\/product"}],"wp:featuredmedia":[{"embeddable":true,"href":"https:\/\/distribution.audio-technica.eu\/es-es\/wp-json\/wp\/v2\/media\/29391"}],"wp:attachment":[{"href":"https:\/\/distribution.audio-technica.eu\/es-es\/wp-json\/wp\/v2\/media?parent=29396"}],"wp:term":[{"taxonomy":"product_brand","embeddable":true,"href":"https:\/\/distribution.audio-technica.eu\/es-es\/wp-json\/wp\/v2\/product_brand?post=29396"},{"taxonomy":"product_cat","embeddable":true,"href":"https:\/\/distribution.audio-technica.eu\/es-es\/wp-json\/wp\/v2\/product_cat?post=29396"},{"taxonomy":"product_tag","embeddable":true,"href":"https:\/\/distribution.audio-technica.eu\/es-es\/wp-json\/wp\/v2\/product_tag?post=29396"}],"curies":[{"name":"wp","href":"https:\/\/api.w.org\/{rel}","templated":true}]}}