{"id":29405,"date":"2023-05-23T10:30:03","date_gmt":"2023-05-23T08:30:03","guid":{"rendered":"https:\/\/atdb-production.studiograft.dev\/es-es\/productos\/8381\/"},"modified":"2023-07-13T13:33:43","modified_gmt":"2023-07-13T11:33:43","slug":"8381","status":"publish","type":"product","link":"https:\/\/distribution.audio-technica.eu\/es-es\/productos\/8381\/","title":{"rendered":"8381A"},"content":{"rendered":"<h2>8381A<\/h2>\n<h3>Monitor principal 5 v\u00edas autoamplificado SAM de fuente puntual adaptativa, 15&#8243;<\/h3>\n<p>Con plena capacidad para interactuar con el software Genelec Loudspeaker Manager (GLM), el monitor 8381A adapta su respuesta de forma inteligente y totalmente \u00f3ptima a la sala de escucha. Esto ofrece una gran flexibilidad para afrontar incluso los entornos m\u00e1s complicados, proporcionando una representaci\u00f3n precisa, incluyendo la reproducci\u00f3n de las frecuencias bajas, que se integran perfectamente con la totalidad del contenido sonoro.<\/p>\n<p>El monitor 8381A ha sido dise\u00f1ado para proporcionar la totalidad del contenido sonoro, ofreciendo una respuesta que se extiende a frecuencias que se encuentran m\u00e1s all\u00e1 de la gama audible est\u00e1ndar, completamente alineado en el dominio del tiempo, proporcionando una reproducci\u00f3n precisa y minuciosa de todo el sonido registrado. Con su gran capacidad SPL, el monitor 8381A es capaz de hacer audibles hasta los detalles de m\u00e1s bajo nivel, convirti\u00e9ndolo en la herramienta definitiva para la monitorizaci\u00f3n.<\/p>\n<p>Le permite llegar r\u00e1pidamente a las decisiones correctas sobre la mezcla y el masterizado, a trav\u00e9s de una detallada imagen sonora sin restricciones. El principio operativo de fuente puntual del 8381A ofrece la ventaja \u00fanica de mantener de forma precisa la coloraci\u00f3n e imagen sonora a todas las distancias de audici\u00f3n, lo que permite una libertad excepcional en cuanto a su ubicaci\u00f3n y evita los cambios en la coloraci\u00f3n del sonido vertical t\u00edpico de monitores m\u00e1s grandes.<\/p>\n<p>El cuidado dise\u00f1o de la Gu\u00eda de ondas de control de directividad (DCW) asegura una limpia coloraci\u00f3n del sonido fuera del eje, lo que reduce el impacto del sonido reverberante de la sala sobre las decisiones de mezcla, al tiempo que mejora la precisi\u00f3n y fiabilidad de la monitorizaci\u00f3n en cualquier sala.<\/p>\n<p>Colocado de pie en el suelo, el 8381A ubica el escenario sonoro a la altura de escucha natural, admitiendo al mismo tiempo las posiciones altas tradicionales del monitor principal con el sistema de inclinaci\u00f3n incluido. Esto permite que el eje ac\u00fastico se configure de manera \u00f3ptima hacia la posici\u00f3n de escucha para todas las alturas de instalaci\u00f3n.<\/p>\n<p>Las innovaciones que incluye el 8381A supera los l\u00edmites de otros monitores de colocaci\u00f3n independiente, creando un potente sistema que envuelve profundamente al oyente en im\u00e1genes sonoras impecables y reales.<\/p>\n<p>El monitor destaca por su capacidad de revelar los detalles m\u00e1s sutiles del sonido al combinar una potencia inmensa y controlada con una precisi\u00f3n de imagen milim\u00e9trica, incluso en espacios de audici\u00f3n complicados.<\/p>\n<p>El principio de dise\u00f1o de fuente puntual combinado con un control optimizado de la directividad, mantiene el balance de frecuencias en posiciones fuera del eje, manteniendo la coloraci\u00f3n correcta cuando el oyente se mueve, queda quieto o se sienta dentro de la sala de audici\u00f3n.<\/p>\n<p>El 8381A incorpora el nuevo transductor de alto SPL ULTRA-LINEAR COAXIAL DRIVER, combinado con una gu\u00eda ondas DCW de precisi\u00f3n, y apoyado por el sistema Quad Midrange, para permitir las caracter\u00edsticas de fuente puntual, una directividad controlada y una precisa imagen sonora a los niveles sonoros necesarios para aplicaciones de monitorizaci\u00f3n principal.<\/p>\n<p>El sistema Quad Midrange contin\u00faa la directividad controlada del transductor coaxial en el DCW y mantiene su capacidad de alto SPL. Reproduce audio de rango medio -bajo desde la misma ubicaci\u00f3n que el controlador coaxial para extender la fuente puntual a frecuencias m\u00e1s bajas.<\/p>\n<p>La adaptaci\u00f3n inteligente a la habitaci\u00f3n, el avanzado sistema de gesti\u00f3n y la excepcional calidad de sonido de Genelec permite combinarlo sin problemas con la gama de monitores Smart Active para crear sistemas de monitorizaci\u00f3n de cualquier tama\u00f1o.<\/p>\n<p>El Sistema ADAPTIVE WOOFER permite una total libertad de posicionamiento del monitor 8381A dentro de la sala de audici\u00f3n, consiguiendo una monitorizaci\u00f3n potente y precisa en cualquier entorno, y permitiendo el uso de cualquier configuraci\u00f3n de altavoces, desde est\u00e9reo hasta sonido inmersivo.<\/p>\n<p>El sistema Point Source Continued Directivity (PCD), utilizado por primera vez en estos monitores, permite que las frecuencias importantes sean radiadas desde la misma ubicaci\u00f3n y en perfecta alineaci\u00f3n de tiempo, creando im\u00e1genes sonoras precisas, un sonido natural y permitiendo que las frecuencias m\u00e1s bajas se reproduzcan en las ubicaciones previstas.<\/p>\n<p>La tecnolog\u00eda de transductores Minimum Diffraction Coaxial (MDC) proporciona las frecuencias medias y agudas desde un \u00fanico punto, lo que permite disfrutar de im\u00e1genes sonoras excepcionalmente precisas.<\/p>\n<p>Quad Midrange System (QMS) es una soluci\u00f3n de woofer ac\u00fasticamente coaxial que admite la salida del controlador MDC y mantiene la directividad en frecuencias m\u00e1s bajas, lo que permite que la fuente puntual funcione en el rango del woofer.<\/p>\n<p>El sistema Double Low-Woofer (DLW) es una soluci\u00f3n de woofer bajo adaptativo con compensaci\u00f3n de retroceso que se combina con el PCD para tener la libertad de colocar el 8381A en la ubicaci\u00f3n deseada de la habitaci\u00f3n, sin comprometer el rendimiento ni los detalles de la imagen.<\/p>\n<p>La tecnolog\u00eda SAM permite la conexi\u00f3n en red de monitores y subgraves para conseguir un sistema automatizado de calibraci\u00f3n y adaptaci\u00f3n a la sala, utilizando procesado digital de se\u00f1al.<\/p>\n<p>Dise\u00f1ado bajo la experta direcci\u00f3n del c\u00e9lebre dise\u00f1ador industrial Harri Koskinen, el 8381A est\u00e1 completamente dise\u00f1ado y construido en Iisalmi, Finlandia. Bas\u00e1ndose en m\u00e1s de cuatro d\u00e9cadas de experiencia en la empresa, el equipo de ingenier\u00eda de Genelec dise\u00f1\u00f3 y optimiz\u00f3 meticulosamente cada componente del 8381A, creando un altavoz de monitoraje que es ideal para las aplicaciones m\u00e1s exigentes del mundo del audio, dise\u00f1ado ofrecer la m\u00e1xima potencia sin esfuerzo y sin comprometer el sonido.<\/p>\n<p>El monitor 8381A incluye el acceso a los exclusivos servicios Genelec SonicAdvisor, que ofrecen asistencia completa al usuario, desde la configuraci\u00f3n inicial hasta cualquier consulta una vez instalados.<\/p>\n<ul>\n<li>Cinco v\u00edas adaptativo con tecnolog\u00eda SAM.<\/li>\n<li>Potencia total de amplificaci\u00f3n: 5926 W.<\/li>\n<li>Salida m\u00e1xima de 129 dB SPL, por pareja.<\/li>\n<li>Gama de frecuencias de 20 Hz a 35 kHz.<\/li>\n<li>Precisi\u00f3n de respuesta fuera del eje mejor que \u00b1 1.5 dB.<\/li>\n<li>Distancia m\u00ednima de audici\u00f3n: &lt; 1 metro.<\/li>\n<li>Principio operativo Point Source Continued Directivity para obtener una excelente calidad de sonido y una imagen sonora precisa en la sala.<\/li>\n<li>Retardo y fase constantes.<\/li>\n<li>Cada unidad 8381A incluye dos amplificadores RAM81, cada uno de ellos calibrado de forma \u00fanica en la f\u00e1brica de Genelec en Iisalmi para que coincida con su recinto asignado.<\/li>\n<li>Recintos acabados en blanco o negro.<\/li>\n<\/ul>\n","protected":false},"excerpt":{"rendered":"<h3>Monitor principal 5 v\u00edas autoamplificado SAM de fuente puntual adaptativa, 15&#8243;<\/h3>\n<ul class=\"summary\">\n<li>Salida m\u00e1xima de 129 dB SPL, por pareja.<\/li>\n<li>Gama de frecuencias de 20 Hz a 35 kHz.<\/li>\n<li>Precisi\u00f3n de respuesta fuera del eje mejor que \u00b1 1.5 dB.<\/li>\n<li>Principio operativo Point Source Continued Directivity.<\/li>\n<li>Retardo y fase constantes.<\/li>\n<li>Cada unidad 8381A incluye dos amplificadores RAM81.<\/li>\n<\/ul>\n<p>&nbsp;<\/p>\n","protected":false},"featured_media":29406,"template":"","meta":{"_acf_changed":false},"product_brand":[],"product_cat":[1394,1395,1396],"product_tag":[],"class_list":{"0":"post-29405","1":"product","2":"type-product","3":"status-publish","4":"has-post-thumbnail","6":"product_cat-monitores-de-estudio","7":"product_cat-por-series-genelec","8":"product_cat-serie-sam","9":"product_series-serie-sam","11":"first","12":"instock","13":"featured","14":"shipping-taxable","15":"product-type-simple"},"acf":[],"yoast_head":"<!-- This site is optimized with the Yoast SEO plugin v27.1.1 - https:\/\/yoast.com\/product\/yoast-seo-wordpress\/ -->\n<title>8381A - Audio-Technica Iberia<\/title>\n<meta name=\"robots\" content=\"index, follow, max-snippet:-1, max-image-preview:large, max-video-preview:-1\" \/>\n<link rel=\"canonical\" href=\"https:\/\/distribution.audio-technica.eu\/es-es\/productos\/8381\/\" \/>\n<meta property=\"og:locale\" content=\"es_ES\" \/>\n<meta property=\"og:type\" content=\"article\" \/>\n<meta property=\"og:title\" content=\"8381A - Audio-Technica Iberia\" \/>\n<meta property=\"og:description\" content=\"Monitor principal 5 v\u00edas autoamplificado SAM de fuente puntual adaptativa, 15&quot;  Salida m\u00e1xima de 129 dB SPL, por pareja.  Gama de frecuencias de 20 Hz a 35 kHz.  Precisi\u00f3n de respuesta fuera del eje mejor que \u00b1 1.5 dB.  Principio operativo Point Source Continued Directivity.  Retardo y fase constantes.  Cada unidad 8381A incluye dos amplificadores RAM81. &nbsp;\" \/>\n<meta property=\"og:url\" content=\"https:\/\/distribution.audio-technica.eu\/es-es\/productos\/8381\/\" \/>\n<meta property=\"og:site_name\" content=\"Audio-Technica Iberia\" \/>\n<meta property=\"article:modified_time\" content=\"2023-07-13T11:33:43+00:00\" \/>\n<meta property=\"og:image\" content=\"https:\/\/distribution.audio-technica.eu\/app\/uploads\/sites\/2\/Genelec-8381-1.jpg\" \/>\n\t<meta property=\"og:image:width\" content=\"2000\" \/>\n\t<meta property=\"og:image:height\" content=\"2000\" \/>\n\t<meta property=\"og:image:type\" content=\"image\/jpeg\" \/>\n<meta name=\"twitter:card\" content=\"summary_large_image\" \/>\n<meta name=\"twitter:label1\" content=\"Tiempo de lectura\" \/>\n\t<meta name=\"twitter:data1\" content=\"6 minutos\" \/>\n<script type=\"application\/ld+json\" class=\"yoast-schema-graph\">{\"@context\":\"https:\/\/schema.org\",\"@graph\":[{\"@type\":\"WebPage\",\"@id\":\"https:\/\/distribution.audio-technica.eu\/es-es\/productos\/8381\/\",\"url\":\"https:\/\/distribution.audio-technica.eu\/es-es\/productos\/8381\/\",\"name\":\"8381A - Audio-Technica Iberia\",\"isPartOf\":{\"@id\":\"https:\/\/distribution.audio-technica.eu\/es-es\/#website\"},\"primaryImageOfPage\":{\"@id\":\"https:\/\/distribution.audio-technica.eu\/es-es\/productos\/8381\/#primaryimage\"},\"image\":{\"@id\":\"https:\/\/distribution.audio-technica.eu\/es-es\/productos\/8381\/#primaryimage\"},\"thumbnailUrl\":\"\/app\/uploads\/sites\/2\/Genelec-8381-1.jpg\",\"datePublished\":\"2023-05-23T08:30:03+00:00\",\"dateModified\":\"2023-07-13T11:33:43+00:00\",\"breadcrumb\":{\"@id\":\"https:\/\/distribution.audio-technica.eu\/es-es\/productos\/8381\/#breadcrumb\"},\"inLanguage\":\"es\",\"potentialAction\":[{\"@type\":\"ReadAction\",\"target\":[\"https:\/\/distribution.audio-technica.eu\/es-es\/productos\/8381\/\"]}]},{\"@type\":\"ImageObject\",\"inLanguage\":\"es\",\"@id\":\"https:\/\/distribution.audio-technica.eu\/es-es\/productos\/8381\/#primaryimage\",\"url\":\"\/app\/uploads\/sites\/2\/Genelec-8381-1.jpg\",\"contentUrl\":\"\/app\/uploads\/sites\/2\/Genelec-8381-1.jpg\",\"width\":2000,\"height\":2000},{\"@type\":\"BreadcrumbList\",\"@id\":\"https:\/\/distribution.audio-technica.eu\/es-es\/productos\/8381\/#breadcrumb\",\"itemListElement\":[{\"@type\":\"ListItem\",\"position\":1,\"name\":\"Products\",\"item\":\"https:\/\/distribution.audio-technica.eu\/es-es\/\"},{\"@type\":\"ListItem\",\"position\":2,\"name\":\"Productos\",\"item\":\"https:\/\/distribution.audio-technica.eu\/es-es\/productos\/\"},{\"@type\":\"ListItem\",\"position\":3,\"name\":\"8381A\"}]},{\"@type\":\"WebSite\",\"@id\":\"https:\/\/distribution.audio-technica.eu\/es-es\/#website\",\"url\":\"https:\/\/distribution.audio-technica.eu\/es-es\/\",\"name\":\"Audio-Technica Iberia\",\"description\":\"Distribuci\u00f3n\",\"potentialAction\":[{\"@type\":\"SearchAction\",\"target\":{\"@type\":\"EntryPoint\",\"urlTemplate\":\"https:\/\/distribution.audio-technica.eu\/es-es\/?s={search_term_string}\"},\"query-input\":{\"@type\":\"PropertyValueSpecification\",\"valueRequired\":true,\"valueName\":\"search_term_string\"}}],\"inLanguage\":\"es\"}]}<\/script>\n<!-- \/ Yoast SEO plugin. -->","yoast_head_json":{"title":"8381A - Audio-Technica Iberia","robots":{"index":"index","follow":"follow","max-snippet":"max-snippet:-1","max-image-preview":"max-image-preview:large","max-video-preview":"max-video-preview:-1"},"canonical":"https:\/\/distribution.audio-technica.eu\/es-es\/productos\/8381\/","og_locale":"es_ES","og_type":"article","og_title":"8381A - Audio-Technica Iberia","og_description":"Monitor principal 5 v\u00edas autoamplificado SAM de fuente puntual adaptativa, 15\"  Salida m\u00e1xima de 129 dB SPL, por pareja.  Gama de frecuencias de 20 Hz a 35 kHz.  Precisi\u00f3n de respuesta fuera del eje mejor que \u00b1 1.5 dB.  Principio operativo Point Source Continued Directivity.  Retardo y fase constantes.  Cada unidad 8381A incluye dos amplificadores RAM81. &nbsp;","og_url":"https:\/\/distribution.audio-technica.eu\/es-es\/productos\/8381\/","og_site_name":"Audio-Technica Iberia","article_modified_time":"2023-07-13T11:33:43+00:00","og_image":[{"width":2000,"height":2000,"url":"https:\/\/distribution.audio-technica.eu\/app\/uploads\/sites\/2\/Genelec-8381-1.jpg","type":"image\/jpeg"}],"twitter_card":"summary_large_image","twitter_misc":{"Tiempo de lectura":"6 minutos"},"schema":{"@context":"https:\/\/schema.org","@graph":[{"@type":"WebPage","@id":"https:\/\/distribution.audio-technica.eu\/es-es\/productos\/8381\/","url":"https:\/\/distribution.audio-technica.eu\/es-es\/productos\/8381\/","name":"8381A - Audio-Technica Iberia","isPartOf":{"@id":"https:\/\/distribution.audio-technica.eu\/es-es\/#website"},"primaryImageOfPage":{"@id":"https:\/\/distribution.audio-technica.eu\/es-es\/productos\/8381\/#primaryimage"},"image":{"@id":"https:\/\/distribution.audio-technica.eu\/es-es\/productos\/8381\/#primaryimage"},"thumbnailUrl":"\/app\/uploads\/sites\/2\/Genelec-8381-1.jpg","datePublished":"2023-05-23T08:30:03+00:00","dateModified":"2023-07-13T11:33:43+00:00","breadcrumb":{"@id":"https:\/\/distribution.audio-technica.eu\/es-es\/productos\/8381\/#breadcrumb"},"inLanguage":"es","potentialAction":[{"@type":"ReadAction","target":["https:\/\/distribution.audio-technica.eu\/es-es\/productos\/8381\/"]}]},{"@type":"ImageObject","inLanguage":"es","@id":"https:\/\/distribution.audio-technica.eu\/es-es\/productos\/8381\/#primaryimage","url":"\/app\/uploads\/sites\/2\/Genelec-8381-1.jpg","contentUrl":"\/app\/uploads\/sites\/2\/Genelec-8381-1.jpg","width":2000,"height":2000},{"@type":"BreadcrumbList","@id":"https:\/\/distribution.audio-technica.eu\/es-es\/productos\/8381\/#breadcrumb","itemListElement":[{"@type":"ListItem","position":1,"name":"Products","item":"https:\/\/distribution.audio-technica.eu\/es-es\/"},{"@type":"ListItem","position":2,"name":"Productos","item":"https:\/\/distribution.audio-technica.eu\/es-es\/productos\/"},{"@type":"ListItem","position":3,"name":"8381A"}]},{"@type":"WebSite","@id":"https:\/\/distribution.audio-technica.eu\/es-es\/#website","url":"https:\/\/distribution.audio-technica.eu\/es-es\/","name":"Audio-Technica Iberia","description":"Distribuci\u00f3n","potentialAction":[{"@type":"SearchAction","target":{"@type":"EntryPoint","urlTemplate":"https:\/\/distribution.audio-technica.eu\/es-es\/?s={search_term_string}"},"query-input":{"@type":"PropertyValueSpecification","valueRequired":true,"valueName":"search_term_string"}}],"inLanguage":"es"}]}},"_links":{"self":[{"href":"https:\/\/distribution.audio-technica.eu\/es-es\/wp-json\/wp\/v2\/product\/29405","targetHints":{"allow":["GET"]}}],"collection":[{"href":"https:\/\/distribution.audio-technica.eu\/es-es\/wp-json\/wp\/v2\/product"}],"about":[{"href":"https:\/\/distribution.audio-technica.eu\/es-es\/wp-json\/wp\/v2\/types\/product"}],"wp:featuredmedia":[{"embeddable":true,"href":"https:\/\/distribution.audio-technica.eu\/es-es\/wp-json\/wp\/v2\/media\/29406"}],"wp:attachment":[{"href":"https:\/\/distribution.audio-technica.eu\/es-es\/wp-json\/wp\/v2\/media?parent=29405"}],"wp:term":[{"taxonomy":"product_brand","embeddable":true,"href":"https:\/\/distribution.audio-technica.eu\/es-es\/wp-json\/wp\/v2\/product_brand?post=29405"},{"taxonomy":"product_cat","embeddable":true,"href":"https:\/\/distribution.audio-technica.eu\/es-es\/wp-json\/wp\/v2\/product_cat?post=29405"},{"taxonomy":"product_tag","embeddable":true,"href":"https:\/\/distribution.audio-technica.eu\/es-es\/wp-json\/wp\/v2\/product_tag?post=29405"}],"curies":[{"name":"wp","href":"https:\/\/api.w.org\/{rel}","templated":true}]}}