{"id":30225,"date":"2023-07-27T16:02:51","date_gmt":"2023-07-27T14:02:51","guid":{"rendered":"https:\/\/distribution.audio-technica.eu\/es-es\/?post_type=product&#038;p=30225"},"modified":"2023-07-27T16:29:52","modified_gmt":"2023-07-27T14:29:52","slug":"dx88p","status":"publish","type":"product","link":"https:\/\/distribution.audio-technica.eu\/es-es\/productos\/dx88p\/","title":{"rendered":"DX88-P"},"content":{"rendered":"<h2>DX88-P<\/h2>\n<h3>Expansor de audio de 8 entradas\/8 salidas a 96kHz<\/h3>\n<p>DX88 es un expansor DX que trabaja a 96kHz, y que proporciona 8 entradas y 8 salidas a trav\u00e9s de conectores Phoenix\/Euroblock, destinado a ser utilizado en instalaciones fijas. Se trata de una forma f\u00e1cil de agregar expansi\u00f3n local o remota a los procesadores matriciales de audio AHM, siempre que se precise de un n\u00famero adicional de entrada y salidas.<\/p>\n<p>Las unidad DX88-P puede ser colocada a una distancia de hasta 100 metros del mezclador, permitiendo la m\u00e1xima flexibilidad en cuanto a su posicionamiento. El expansor se conecta al mezclador a trav\u00e9s de un \u00fanico cable Cat5 o toma la se\u00f1al del expansor DX a trav\u00e9s de un puerto DX A. Se ha previsto un segundo puerto RJ45, DX B, para realizar conexionados en cadena del expansor DX para disponer de entradas y salidas remotas adicionales.<\/p>\n<p>Est\u00e1 disponible de forma opcional un kit de montaje en rack que permite la instalaci\u00f3n de hasta dos unidades DX88-P en un espacio de rack de 19\u201d, para permitir la interconexi\u00f3n con equipos anal\u00f3gicos, tales como un conmutador AV.<\/p>\n<p>DX88-P puede ser montado tambi\u00e9n en un rack junto a un distribuidor DX o m\u00f3dulo GPIO, combinando el kit de montaje en rack con el kit de montaje en rack DX Hub \/ GPIO<\/p>\n<ul>\n<li>Compatible con dLive, Avantis, SQ y AHM<\/li>\n<li>8 entradas Micro\/L\u00ednea a trav\u00e9s de conectores Phoenix\/Euroblock<\/li>\n<li>8 salidas a trav\u00e9s de conectores Phoenix\/Euroblock<\/li>\n<li>Ganancia de 5-60dB, alimentaci\u00f3n Phantom +48V y PAD de 20dB<\/li>\n<li>Modo en cascada<\/li>\n<li>Se pueden a\u00f1adir varios DX88-P a un sistema (hasta 8 unidades en un \u00fanico DX Hub)<\/li>\n<li>Conexi\u00f3n DX A con puerto Ethernet<\/li>\n<li>Plug and Play, no requiere direccionamiento IP<\/li>\n<li>Compatible con cables CAT5e (o superior) de hasta 100 m<\/li>\n<li>Disponible kit de montaje en rack opcional<\/li>\n<\/ul>\n<p>&nbsp;<\/p>\n","protected":false},"excerpt":{"rendered":"<h3>Expansor de audio de 8 entradas\/8 salidas a 96kHz<\/h3>\n<ul>\n<li>Compatible con dLive, Avantis, SQ y AHM<\/li>\n<li>8 entradas Micro\/L\u00ednea a trav\u00e9s de conectores Phoenix\/Euroblock<\/li>\n<li>8 salidas a trav\u00e9s de conectores Phoenix\/Euroblock<\/li>\n<li>Ganancia de 5-60dB, alimentaci\u00f3n Phantom +48V y PAD de 20dB<\/li>\n<li>Modo en cascada<\/li>\n<li>Se pueden a\u00f1adir varios DX88-P a un sistema (hasta 8 unidades en un \u00fanico DX Hub)<\/li>\n<li>Conexi\u00f3n DX A con puerto Ethernet<\/li>\n<li>Plug and Play, no requiere direccionamiento IP<\/li>\n<\/ul>\n","protected":false},"featured_media":30230,"template":"","meta":{"_acf_changed":false},"product_brand":[],"product_cat":[1493,1494,2183,1490,2184,1513,1495,1514],"product_tag":[],"class_list":{"0":"post-30225","1":"product","2":"type-product","3":"status-publish","4":"has-post-thumbnail","6":"product_cat-mesas-de-mezclas-allen-heath","7":"product_cat-mesas-de-mezclas-para-directo-mesas-de-mezclas-allen-heath","8":"product_cat-matrices-instalacion","9":"product_cat-por-series-allen-heath","10":"product_cat-serie-ahm","11":"product_cat-serie-dlive-c-class","12":"product_cat-serie-dlive-s-class","13":"product_cat-serie-sq","15":"first","16":"instock","17":"shipping-taxable","18":"product-type-simple"},"acf":[],"yoast_head":"<!-- This site is optimized with the Yoast SEO plugin v27.1.1 - https:\/\/yoast.com\/product\/yoast-seo-wordpress\/ -->\n<title>DX88-P - Audio-Technica Iberia<\/title>\n<meta name=\"robots\" content=\"index, follow, max-snippet:-1, max-image-preview:large, max-video-preview:-1\" \/>\n<link rel=\"canonical\" href=\"https:\/\/distribution.audio-technica.eu\/es-es\/productos\/dx88p\/\" \/>\n<meta property=\"og:locale\" content=\"es_ES\" \/>\n<meta property=\"og:type\" content=\"article\" \/>\n<meta property=\"og:title\" content=\"DX88-P - Audio-Technica Iberia\" \/>\n<meta property=\"og:description\" content=\"Expansor de audio de 8 entradas\/8 salidas a 96kHz   Compatible con dLive, Avantis, SQ y AHM  8 entradas Micro\/L\u00ednea a trav\u00e9s de conectores Phoenix\/Euroblock  8 salidas a trav\u00e9s de conectores Phoenix\/Euroblock  Ganancia de 5-60dB, alimentaci\u00f3n Phantom +48V y PAD de 20dB  Modo en cascada  Se pueden a\u00f1adir varios DX88-P a un sistema (hasta 8 unidades en un \u00fanico DX Hub)  Conexi\u00f3n DX A con puerto Ethernet  Plug and Play, no requiere direccionamiento IP\" \/>\n<meta property=\"og:url\" content=\"https:\/\/distribution.audio-technica.eu\/es-es\/productos\/dx88p\/\" \/>\n<meta property=\"og:site_name\" content=\"Audio-Technica Iberia\" \/>\n<meta property=\"article:modified_time\" content=\"2023-07-27T14:29:52+00:00\" \/>\n<meta property=\"og:image\" content=\"https:\/\/distribution.audio-technica.eu\/app\/uploads\/sites\/2\/AH-DX88-P-Front-Left.jpg\" \/>\n\t<meta property=\"og:image:width\" content=\"2000\" \/>\n\t<meta property=\"og:image:height\" content=\"2000\" \/>\n\t<meta property=\"og:image:type\" content=\"image\/jpeg\" \/>\n<meta name=\"twitter:card\" content=\"summary_large_image\" \/>\n<meta name=\"twitter:label1\" content=\"Tiempo de lectura\" \/>\n\t<meta name=\"twitter:data1\" content=\"2 minutos\" \/>\n<script type=\"application\/ld+json\" class=\"yoast-schema-graph\">{\"@context\":\"https:\/\/schema.org\",\"@graph\":[{\"@type\":\"WebPage\",\"@id\":\"https:\/\/distribution.audio-technica.eu\/es-es\/productos\/dx88p\/\",\"url\":\"https:\/\/distribution.audio-technica.eu\/es-es\/productos\/dx88p\/\",\"name\":\"DX88-P - Audio-Technica Iberia\",\"isPartOf\":{\"@id\":\"https:\/\/distribution.audio-technica.eu\/es-es\/#website\"},\"primaryImageOfPage\":{\"@id\":\"https:\/\/distribution.audio-technica.eu\/es-es\/productos\/dx88p\/#primaryimage\"},\"image\":{\"@id\":\"https:\/\/distribution.audio-technica.eu\/es-es\/productos\/dx88p\/#primaryimage\"},\"thumbnailUrl\":\"\/app\/uploads\/sites\/2\/AH-DX88-P-Front-Left.jpg\",\"datePublished\":\"2023-07-27T14:02:51+00:00\",\"dateModified\":\"2023-07-27T14:29:52+00:00\",\"breadcrumb\":{\"@id\":\"https:\/\/distribution.audio-technica.eu\/es-es\/productos\/dx88p\/#breadcrumb\"},\"inLanguage\":\"es\",\"potentialAction\":[{\"@type\":\"ReadAction\",\"target\":[\"https:\/\/distribution.audio-technica.eu\/es-es\/productos\/dx88p\/\"]}]},{\"@type\":\"ImageObject\",\"inLanguage\":\"es\",\"@id\":\"https:\/\/distribution.audio-technica.eu\/es-es\/productos\/dx88p\/#primaryimage\",\"url\":\"\/app\/uploads\/sites\/2\/AH-DX88-P-Front-Left.jpg\",\"contentUrl\":\"\/app\/uploads\/sites\/2\/AH-DX88-P-Front-Left.jpg\",\"width\":2000,\"height\":2000},{\"@type\":\"BreadcrumbList\",\"@id\":\"https:\/\/distribution.audio-technica.eu\/es-es\/productos\/dx88p\/#breadcrumb\",\"itemListElement\":[{\"@type\":\"ListItem\",\"position\":1,\"name\":\"Products\",\"item\":\"https:\/\/distribution.audio-technica.eu\/es-es\/\"},{\"@type\":\"ListItem\",\"position\":2,\"name\":\"Productos\",\"item\":\"https:\/\/distribution.audio-technica.eu\/es-es\/productos\/\"},{\"@type\":\"ListItem\",\"position\":3,\"name\":\"DX88-P\"}]},{\"@type\":\"WebSite\",\"@id\":\"https:\/\/distribution.audio-technica.eu\/es-es\/#website\",\"url\":\"https:\/\/distribution.audio-technica.eu\/es-es\/\",\"name\":\"Audio-Technica Iberia\",\"description\":\"Distribuci\u00f3n\",\"potentialAction\":[{\"@type\":\"SearchAction\",\"target\":{\"@type\":\"EntryPoint\",\"urlTemplate\":\"https:\/\/distribution.audio-technica.eu\/es-es\/?s={search_term_string}\"},\"query-input\":{\"@type\":\"PropertyValueSpecification\",\"valueRequired\":true,\"valueName\":\"search_term_string\"}}],\"inLanguage\":\"es\"}]}<\/script>\n<!-- \/ Yoast SEO plugin. -->","yoast_head_json":{"title":"DX88-P - Audio-Technica Iberia","robots":{"index":"index","follow":"follow","max-snippet":"max-snippet:-1","max-image-preview":"max-image-preview:large","max-video-preview":"max-video-preview:-1"},"canonical":"https:\/\/distribution.audio-technica.eu\/es-es\/productos\/dx88p\/","og_locale":"es_ES","og_type":"article","og_title":"DX88-P - Audio-Technica Iberia","og_description":"Expansor de audio de 8 entradas\/8 salidas a 96kHz   Compatible con dLive, Avantis, SQ y AHM  8 entradas Micro\/L\u00ednea a trav\u00e9s de conectores Phoenix\/Euroblock  8 salidas a trav\u00e9s de conectores Phoenix\/Euroblock  Ganancia de 5-60dB, alimentaci\u00f3n Phantom +48V y PAD de 20dB  Modo en cascada  Se pueden a\u00f1adir varios DX88-P a un sistema (hasta 8 unidades en un \u00fanico DX Hub)  Conexi\u00f3n DX A con puerto Ethernet  Plug and Play, no requiere direccionamiento IP","og_url":"https:\/\/distribution.audio-technica.eu\/es-es\/productos\/dx88p\/","og_site_name":"Audio-Technica Iberia","article_modified_time":"2023-07-27T14:29:52+00:00","og_image":[{"width":2000,"height":2000,"url":"https:\/\/distribution.audio-technica.eu\/app\/uploads\/sites\/2\/AH-DX88-P-Front-Left.jpg","type":"image\/jpeg"}],"twitter_card":"summary_large_image","twitter_misc":{"Tiempo de lectura":"2 minutos"},"schema":{"@context":"https:\/\/schema.org","@graph":[{"@type":"WebPage","@id":"https:\/\/distribution.audio-technica.eu\/es-es\/productos\/dx88p\/","url":"https:\/\/distribution.audio-technica.eu\/es-es\/productos\/dx88p\/","name":"DX88-P - Audio-Technica Iberia","isPartOf":{"@id":"https:\/\/distribution.audio-technica.eu\/es-es\/#website"},"primaryImageOfPage":{"@id":"https:\/\/distribution.audio-technica.eu\/es-es\/productos\/dx88p\/#primaryimage"},"image":{"@id":"https:\/\/distribution.audio-technica.eu\/es-es\/productos\/dx88p\/#primaryimage"},"thumbnailUrl":"\/app\/uploads\/sites\/2\/AH-DX88-P-Front-Left.jpg","datePublished":"2023-07-27T14:02:51+00:00","dateModified":"2023-07-27T14:29:52+00:00","breadcrumb":{"@id":"https:\/\/distribution.audio-technica.eu\/es-es\/productos\/dx88p\/#breadcrumb"},"inLanguage":"es","potentialAction":[{"@type":"ReadAction","target":["https:\/\/distribution.audio-technica.eu\/es-es\/productos\/dx88p\/"]}]},{"@type":"ImageObject","inLanguage":"es","@id":"https:\/\/distribution.audio-technica.eu\/es-es\/productos\/dx88p\/#primaryimage","url":"\/app\/uploads\/sites\/2\/AH-DX88-P-Front-Left.jpg","contentUrl":"\/app\/uploads\/sites\/2\/AH-DX88-P-Front-Left.jpg","width":2000,"height":2000},{"@type":"BreadcrumbList","@id":"https:\/\/distribution.audio-technica.eu\/es-es\/productos\/dx88p\/#breadcrumb","itemListElement":[{"@type":"ListItem","position":1,"name":"Products","item":"https:\/\/distribution.audio-technica.eu\/es-es\/"},{"@type":"ListItem","position":2,"name":"Productos","item":"https:\/\/distribution.audio-technica.eu\/es-es\/productos\/"},{"@type":"ListItem","position":3,"name":"DX88-P"}]},{"@type":"WebSite","@id":"https:\/\/distribution.audio-technica.eu\/es-es\/#website","url":"https:\/\/distribution.audio-technica.eu\/es-es\/","name":"Audio-Technica Iberia","description":"Distribuci\u00f3n","potentialAction":[{"@type":"SearchAction","target":{"@type":"EntryPoint","urlTemplate":"https:\/\/distribution.audio-technica.eu\/es-es\/?s={search_term_string}"},"query-input":{"@type":"PropertyValueSpecification","valueRequired":true,"valueName":"search_term_string"}}],"inLanguage":"es"}]}},"_links":{"self":[{"href":"https:\/\/distribution.audio-technica.eu\/es-es\/wp-json\/wp\/v2\/product\/30225","targetHints":{"allow":["GET"]}}],"collection":[{"href":"https:\/\/distribution.audio-technica.eu\/es-es\/wp-json\/wp\/v2\/product"}],"about":[{"href":"https:\/\/distribution.audio-technica.eu\/es-es\/wp-json\/wp\/v2\/types\/product"}],"wp:featuredmedia":[{"embeddable":true,"href":"https:\/\/distribution.audio-technica.eu\/es-es\/wp-json\/wp\/v2\/media\/30230"}],"wp:attachment":[{"href":"https:\/\/distribution.audio-technica.eu\/es-es\/wp-json\/wp\/v2\/media?parent=30225"}],"wp:term":[{"taxonomy":"product_brand","embeddable":true,"href":"https:\/\/distribution.audio-technica.eu\/es-es\/wp-json\/wp\/v2\/product_brand?post=30225"},{"taxonomy":"product_cat","embeddable":true,"href":"https:\/\/distribution.audio-technica.eu\/es-es\/wp-json\/wp\/v2\/product_cat?post=30225"},{"taxonomy":"product_tag","embeddable":true,"href":"https:\/\/distribution.audio-technica.eu\/es-es\/wp-json\/wp\/v2\/product_tag?post=30225"}],"curies":[{"name":"wp","href":"https:\/\/api.w.org\/{rel}","templated":true}]}}