{"id":30459,"date":"2023-08-29T14:31:41","date_gmt":"2023-08-29T12:31:41","guid":{"rendered":"https:\/\/distribution.audio-technica.eu\/es-es\/?post_type=product&#038;p=30459"},"modified":"2023-08-29T14:35:53","modified_gmt":"2023-08-29T12:35:53","slug":"cq-12t","status":"publish","type":"product","link":"https:\/\/distribution.audio-technica.eu\/es-es\/productos\/cq-12t\/","title":{"rendered":"CQ-12T"},"content":{"rendered":"<h2>CQ-12T<\/h2>\n<h3>Mezclador digital 12 entradas\/8 salidas ultra compacto<\/h3>\n<p>CQ es la gama de mezcladores digitales m\u00e1s compacta de Allen &amp; Heath.<\/p>\n<p>Construido alrededor de un motor inteligente de procesado de 96 kHz, ofrece una gran riqueza en cuanto a conectividad, incorporando Bluetooth, opciones inal\u00e1mbricas, y grabaci\u00f3n y reproducci\u00f3n de audio sobre SD y USB.<\/p>\n<p>Centr\u00e1ndose en la velocidad y facilidad de uso, los nuevos Quick Channels, los Asistentes de Ganancia \/ Feedback y los Smart FX mejoran a\u00fan m\u00e1s la calidad de audio y construcci\u00f3n, reconocidas mundialmente, que los usuarios esperan de Allen &amp; Heath.<\/p>\n<p>Los mezcladores CQ se presentan en tres formatos, dos modelos de sobremesa con control directo y otro modelo en formato de cajet\u00edn de escenario. Todos ellos utilizan la misma tecnolog\u00eda, apps e interface de usuario, pero con prestaciones y precios ligeramente diferentes.<\/p>\n<p>Los mezcladores CQ utilizan la enorme potencia de procesado proporcionada por la tecnolog\u00eda FPGA a 96 kHz, desarrollada por Allen &amp; Heath, e incluye nuevas herramientas y FX inteligentes que permiten conseguir mejores mezclas de forma a\u00fan m\u00e1s r\u00e1pida.<\/p>\n<p>Los nuevos Quick Channels ofrecen capacidad espec\u00edfica de procesado, permitiendo realizar cambios con un solo bot\u00f3n o realizar cambios avanzados en la totalidad de un canal.<\/p>\n<p>El nuevo asistente de ganancia que incorporan los mezcladores CQ permiten ahorrar mucho tiempo, ya que se encargan de ajustar de forma autom\u00e1tica y con la m\u00e1xima precisi\u00f3n la ganancia del preamplificador. Tambi\u00e9n se encarga de vigilar posteriormente los niveles en el preamplificador para prevenir picos desagradables.<\/p>\n<p>Durante la configuraci\u00f3n y utilizando el modo fijo, su asistente de realimentaci\u00f3n (Feedback Assistant) detecta y elimina las frecuencias que provocan realimentaci\u00f3n ac\u00fastica; posteriormente y en modo Live, se encarga de vigilar todas las salidas durante toda la actuaci\u00f3n para que no se produzca realimentaci\u00f3n.<\/p>\n<p>Tambi\u00e9n se ha reforzado el cap\u00edtulo de FX, con la inclusi\u00f3n de nuevas reverbs, retardos y moduladores inteligentes, que responden de forma din\u00e1mica a la se\u00f1al.<\/p>\n<p>Para aplicaciones de voz, se ha incluido AMM en todas las entradas, que permite mejorar la claridad de las locuciones y reducir el ruido ambiental. Todo ello de forma autom\u00e1tica.<\/p>\n<p>Es posible controlar el mezclador desde (casi) cualquier lugar, con aplicaciones gratuitas para Windows, Mac, Android e iOS. CQ-MixPad le da al ingeniero un control completo desde cualquier parte de la sala y CQ4You permite que el int\u00e9rprete pueda ajustar el mismo su mezcla y escuchar exactamente lo que necesita.<\/p>\n<p>Con la gama CQ, Allen &amp; Heath ha creado un mezclador digital s\u00faper port\u00e1til y divertido de usar, pero que incorpora todas las funciones, y es adecuado tanto para usuarios t\u00e9cnicos como no t\u00e9cnicos por igual.<\/p>\n<p>CQ est\u00e1 dise\u00f1ado para usarse en cualquier lugar donde se requiera procesado y suma de sonido de alta calidad, desde bandas y productores hasta AV y alquiler, y puede ser usado en todo tipo de situaciones, desde como mezclador principal en un peque\u00f1o local, hasta como mezclador secundario en el escenario m\u00e1s grande.<\/p>\n<p>&nbsp;<\/p>\n<ul>\n<li>13 entradas a mezcla (10 mono \/ enlazables, 3 est\u00e9reo)<\/li>\n<li>Salida est\u00e9reo LR principal<\/li>\n<li>6 salidas auxiliares (enlazables hasta 3 est\u00e9reo)<\/li>\n<li>5 entradas micro \/ l\u00ednea a trav\u00e9s de XLR<\/li>\n<li>5 entradas micro \/ l\u00ednea a trav\u00e9s de conectores Combi XLR \/ Jack<\/li>\n<li>Entrada l\u00ednea est\u00e9reo (2x TRS)<\/li>\n<li>2 salidas XLR (Main LR)<\/li>\n<li>6 salidas a trav\u00e9s de TRS<\/li>\n<li>Salida auriculares est\u00e9reo<\/li>\n<li>Entrada USB est\u00e9reo espec\u00edfica hacia la mezcla<\/li>\n<li>Entrada Bluetooth est\u00e9reo espec\u00edfica hacia la mezcla<\/li>\n<li>Procesado entrada \/ salida 96 kHz<\/li>\n<li>2 motores multi FX<\/li>\n<li>Conector red RJ45 (CQ como cliente)<\/li>\n<li>USB-A para grabaci\u00f3n \/ reproducci\u00f3n de audio est\u00e9reo y datos<\/li>\n<li>USB-B para grabaci\u00f3n \/ reproducci\u00f3n de audio multicanal<\/li>\n<li>Ranura para tarjeta SD para grabaci\u00f3n \/ reproducci\u00f3n de audio multicanal<\/li>\n<li>Pantalla t\u00e1ctil 7\u201d capacitiva con 5 teclas de pantalla<\/li>\n<li>3 SoftKeys configurables<\/li>\n<li>Conexi\u00f3n interruptor de pie sencillo \/ doble configurable<\/li>\n<li>Posibilidad de montaje en rack (kit opcional disponible)<\/li>\n<li>Conector para alimentaci\u00f3n 12 V DC con interruptor; se suministra con fuente de alimentaci\u00f3n internacional externa<\/li>\n<li>Control desde apps gratuitas: Windows \/ MacOS \/ iOS \/ Android<\/li>\n<\/ul>\n<p>&nbsp;<\/p>\n","protected":false},"excerpt":{"rendered":"<h3>Mezclador digital 12 entradas\/8 salidas ultra compacto<\/h3>\n<ul>\n<li>10 preamplificadores Micro \/ L\u00ednea, 5x XLR + 5x XLR\/TRS \u2018Combi\u2019<\/li>\n<li>2 entradas de l\u00ednea est\u00e9reo balanceadas<\/li>\n<li>6 mezclas de monitor, TRS<\/li>\n<li>Salida asignable de auriculares<\/li>\n<li>Interface 16&#215;16 USB &#8211; B<\/li>\n<li>Grabaci\u00f3n \/ reproducci\u00f3n SD 16&#215;16<\/li>\n<li>Grabaci\u00f3n \/ reproducci\u00f3n USB est\u00e9reo con canal de entrada espec\u00edfico<\/li>\n<li>Reproducci\u00f3n Bluetooth est\u00e9reo con canal espec\u00edfico de entrada<\/li>\n<li>2 motores inteligentes FX<\/li>\n<li>Pantalla t\u00e1ctil capacitiva de 7\u201d con control rotativo asociado<\/li>\n<\/ul>\n","protected":false},"featured_media":30465,"template":"","meta":{"_acf_changed":false},"product_brand":[],"product_cat":[1493,1494,1490,2464],"product_tag":[],"class_list":{"0":"post-30459","1":"product","2":"type-product","3":"status-publish","4":"has-post-thumbnail","6":"product_cat-mesas-de-mezclas-allen-heath","7":"product_cat-mesas-de-mezclas-para-directo-mesas-de-mezclas-allen-heath","8":"product_cat-por-series-allen-heath","9":"product_cat-serie-cq","10":"product_series-serie-cq","12":"first","13":"instock","14":"featured","15":"shipping-taxable","16":"product-type-simple"},"acf":[],"yoast_head":"<!-- This site is optimized with the Yoast SEO plugin v27.1.1 - https:\/\/yoast.com\/product\/yoast-seo-wordpress\/ -->\n<title>CQ-12T - Audio-Technica Iberia<\/title>\n<meta name=\"robots\" content=\"index, follow, max-snippet:-1, max-image-preview:large, max-video-preview:-1\" \/>\n<link rel=\"canonical\" href=\"https:\/\/distribution.audio-technica.eu\/es-es\/productos\/cq-12t\/\" \/>\n<meta property=\"og:locale\" content=\"es_ES\" \/>\n<meta property=\"og:type\" content=\"article\" \/>\n<meta property=\"og:title\" content=\"CQ-12T - Audio-Technica Iberia\" \/>\n<meta property=\"og:description\" content=\"Mezclador digital 12 entradas\/8 salidas ultra compacto   10 preamplificadores Micro \/ L\u00ednea, 5x XLR + 5x XLR\/TRS \u2018Combi\u2019  2 entradas de l\u00ednea est\u00e9reo balanceadas  6 mezclas de monitor, TRS  Salida asignable de auriculares  Interface 16x16 USB - B  Grabaci\u00f3n \/ reproducci\u00f3n SD 16x16  Grabaci\u00f3n \/ reproducci\u00f3n USB est\u00e9reo con canal de entrada espec\u00edfico  Reproducci\u00f3n Bluetooth est\u00e9reo con canal espec\u00edfico de entrada  2 motores inteligentes FX  Pantalla t\u00e1ctil capacitiva de 7\u201d con control rotativo asociado\" \/>\n<meta property=\"og:url\" content=\"https:\/\/distribution.audio-technica.eu\/es-es\/productos\/cq-12t\/\" \/>\n<meta property=\"og:site_name\" content=\"Audio-Technica Iberia\" \/>\n<meta property=\"article:modified_time\" content=\"2023-08-29T12:35:53+00:00\" \/>\n<meta property=\"og:image\" content=\"https:\/\/distribution.audio-technica.eu\/app\/uploads\/sites\/2\/AH-CQ-12T-3Q.jpg\" \/>\n\t<meta property=\"og:image:width\" content=\"2000\" \/>\n\t<meta property=\"og:image:height\" content=\"2000\" \/>\n\t<meta property=\"og:image:type\" content=\"image\/jpeg\" \/>\n<meta name=\"twitter:card\" content=\"summary_large_image\" \/>\n<meta name=\"twitter:label1\" content=\"Tiempo de lectura\" \/>\n\t<meta name=\"twitter:data1\" content=\"4 minutos\" \/>\n<script type=\"application\/ld+json\" class=\"yoast-schema-graph\">{\"@context\":\"https:\/\/schema.org\",\"@graph\":[{\"@type\":\"WebPage\",\"@id\":\"https:\/\/distribution.audio-technica.eu\/es-es\/productos\/cq-12t\/\",\"url\":\"https:\/\/distribution.audio-technica.eu\/es-es\/productos\/cq-12t\/\",\"name\":\"CQ-12T - Audio-Technica Iberia\",\"isPartOf\":{\"@id\":\"https:\/\/distribution.audio-technica.eu\/es-es\/#website\"},\"primaryImageOfPage\":{\"@id\":\"https:\/\/distribution.audio-technica.eu\/es-es\/productos\/cq-12t\/#primaryimage\"},\"image\":{\"@id\":\"https:\/\/distribution.audio-technica.eu\/es-es\/productos\/cq-12t\/#primaryimage\"},\"thumbnailUrl\":\"\/app\/uploads\/sites\/2\/AH-CQ-12T-3Q.jpg\",\"datePublished\":\"2023-08-29T12:31:41+00:00\",\"dateModified\":\"2023-08-29T12:35:53+00:00\",\"breadcrumb\":{\"@id\":\"https:\/\/distribution.audio-technica.eu\/es-es\/productos\/cq-12t\/#breadcrumb\"},\"inLanguage\":\"es\",\"potentialAction\":[{\"@type\":\"ReadAction\",\"target\":[\"https:\/\/distribution.audio-technica.eu\/es-es\/productos\/cq-12t\/\"]}]},{\"@type\":\"ImageObject\",\"inLanguage\":\"es\",\"@id\":\"https:\/\/distribution.audio-technica.eu\/es-es\/productos\/cq-12t\/#primaryimage\",\"url\":\"\/app\/uploads\/sites\/2\/AH-CQ-12T-3Q.jpg\",\"contentUrl\":\"\/app\/uploads\/sites\/2\/AH-CQ-12T-3Q.jpg\",\"width\":2000,\"height\":2000},{\"@type\":\"BreadcrumbList\",\"@id\":\"https:\/\/distribution.audio-technica.eu\/es-es\/productos\/cq-12t\/#breadcrumb\",\"itemListElement\":[{\"@type\":\"ListItem\",\"position\":1,\"name\":\"Products\",\"item\":\"https:\/\/distribution.audio-technica.eu\/es-es\/\"},{\"@type\":\"ListItem\",\"position\":2,\"name\":\"Productos\",\"item\":\"https:\/\/distribution.audio-technica.eu\/es-es\/productos\/\"},{\"@type\":\"ListItem\",\"position\":3,\"name\":\"CQ-12T\"}]},{\"@type\":\"WebSite\",\"@id\":\"https:\/\/distribution.audio-technica.eu\/es-es\/#website\",\"url\":\"https:\/\/distribution.audio-technica.eu\/es-es\/\",\"name\":\"Audio-Technica Iberia\",\"description\":\"Distribuci\u00f3n\",\"potentialAction\":[{\"@type\":\"SearchAction\",\"target\":{\"@type\":\"EntryPoint\",\"urlTemplate\":\"https:\/\/distribution.audio-technica.eu\/es-es\/?s={search_term_string}\"},\"query-input\":{\"@type\":\"PropertyValueSpecification\",\"valueRequired\":true,\"valueName\":\"search_term_string\"}}],\"inLanguage\":\"es\"}]}<\/script>\n<!-- \/ Yoast SEO plugin. -->","yoast_head_json":{"title":"CQ-12T - Audio-Technica Iberia","robots":{"index":"index","follow":"follow","max-snippet":"max-snippet:-1","max-image-preview":"max-image-preview:large","max-video-preview":"max-video-preview:-1"},"canonical":"https:\/\/distribution.audio-technica.eu\/es-es\/productos\/cq-12t\/","og_locale":"es_ES","og_type":"article","og_title":"CQ-12T - Audio-Technica Iberia","og_description":"Mezclador digital 12 entradas\/8 salidas ultra compacto   10 preamplificadores Micro \/ L\u00ednea, 5x XLR + 5x XLR\/TRS \u2018Combi\u2019  2 entradas de l\u00ednea est\u00e9reo balanceadas  6 mezclas de monitor, TRS  Salida asignable de auriculares  Interface 16x16 USB - B  Grabaci\u00f3n \/ reproducci\u00f3n SD 16x16  Grabaci\u00f3n \/ reproducci\u00f3n USB est\u00e9reo con canal de entrada espec\u00edfico  Reproducci\u00f3n Bluetooth est\u00e9reo con canal espec\u00edfico de entrada  2 motores inteligentes FX  Pantalla t\u00e1ctil capacitiva de 7\u201d con control rotativo asociado","og_url":"https:\/\/distribution.audio-technica.eu\/es-es\/productos\/cq-12t\/","og_site_name":"Audio-Technica Iberia","article_modified_time":"2023-08-29T12:35:53+00:00","og_image":[{"width":2000,"height":2000,"url":"https:\/\/distribution.audio-technica.eu\/app\/uploads\/sites\/2\/AH-CQ-12T-3Q.jpg","type":"image\/jpeg"}],"twitter_card":"summary_large_image","twitter_misc":{"Tiempo de lectura":"4 minutos"},"schema":{"@context":"https:\/\/schema.org","@graph":[{"@type":"WebPage","@id":"https:\/\/distribution.audio-technica.eu\/es-es\/productos\/cq-12t\/","url":"https:\/\/distribution.audio-technica.eu\/es-es\/productos\/cq-12t\/","name":"CQ-12T - Audio-Technica Iberia","isPartOf":{"@id":"https:\/\/distribution.audio-technica.eu\/es-es\/#website"},"primaryImageOfPage":{"@id":"https:\/\/distribution.audio-technica.eu\/es-es\/productos\/cq-12t\/#primaryimage"},"image":{"@id":"https:\/\/distribution.audio-technica.eu\/es-es\/productos\/cq-12t\/#primaryimage"},"thumbnailUrl":"\/app\/uploads\/sites\/2\/AH-CQ-12T-3Q.jpg","datePublished":"2023-08-29T12:31:41+00:00","dateModified":"2023-08-29T12:35:53+00:00","breadcrumb":{"@id":"https:\/\/distribution.audio-technica.eu\/es-es\/productos\/cq-12t\/#breadcrumb"},"inLanguage":"es","potentialAction":[{"@type":"ReadAction","target":["https:\/\/distribution.audio-technica.eu\/es-es\/productos\/cq-12t\/"]}]},{"@type":"ImageObject","inLanguage":"es","@id":"https:\/\/distribution.audio-technica.eu\/es-es\/productos\/cq-12t\/#primaryimage","url":"\/app\/uploads\/sites\/2\/AH-CQ-12T-3Q.jpg","contentUrl":"\/app\/uploads\/sites\/2\/AH-CQ-12T-3Q.jpg","width":2000,"height":2000},{"@type":"BreadcrumbList","@id":"https:\/\/distribution.audio-technica.eu\/es-es\/productos\/cq-12t\/#breadcrumb","itemListElement":[{"@type":"ListItem","position":1,"name":"Products","item":"https:\/\/distribution.audio-technica.eu\/es-es\/"},{"@type":"ListItem","position":2,"name":"Productos","item":"https:\/\/distribution.audio-technica.eu\/es-es\/productos\/"},{"@type":"ListItem","position":3,"name":"CQ-12T"}]},{"@type":"WebSite","@id":"https:\/\/distribution.audio-technica.eu\/es-es\/#website","url":"https:\/\/distribution.audio-technica.eu\/es-es\/","name":"Audio-Technica Iberia","description":"Distribuci\u00f3n","potentialAction":[{"@type":"SearchAction","target":{"@type":"EntryPoint","urlTemplate":"https:\/\/distribution.audio-technica.eu\/es-es\/?s={search_term_string}"},"query-input":{"@type":"PropertyValueSpecification","valueRequired":true,"valueName":"search_term_string"}}],"inLanguage":"es"}]}},"_links":{"self":[{"href":"https:\/\/distribution.audio-technica.eu\/es-es\/wp-json\/wp\/v2\/product\/30459","targetHints":{"allow":["GET"]}}],"collection":[{"href":"https:\/\/distribution.audio-technica.eu\/es-es\/wp-json\/wp\/v2\/product"}],"about":[{"href":"https:\/\/distribution.audio-technica.eu\/es-es\/wp-json\/wp\/v2\/types\/product"}],"wp:featuredmedia":[{"embeddable":true,"href":"https:\/\/distribution.audio-technica.eu\/es-es\/wp-json\/wp\/v2\/media\/30465"}],"wp:attachment":[{"href":"https:\/\/distribution.audio-technica.eu\/es-es\/wp-json\/wp\/v2\/media?parent=30459"}],"wp:term":[{"taxonomy":"product_brand","embeddable":true,"href":"https:\/\/distribution.audio-technica.eu\/es-es\/wp-json\/wp\/v2\/product_brand?post=30459"},{"taxonomy":"product_cat","embeddable":true,"href":"https:\/\/distribution.audio-technica.eu\/es-es\/wp-json\/wp\/v2\/product_cat?post=30459"},{"taxonomy":"product_tag","embeddable":true,"href":"https:\/\/distribution.audio-technica.eu\/es-es\/wp-json\/wp\/v2\/product_tag?post=30459"}],"curies":[{"name":"wp","href":"https:\/\/api.w.org\/{rel}","templated":true}]}}