{"id":30769,"date":"2023-09-19T14:05:23","date_gmt":"2023-09-19T12:05:23","guid":{"rendered":"https:\/\/distribution.audio-technica.eu\/es-es\/?post_type=product&#038;p=30769"},"modified":"2026-02-19T14:58:31","modified_gmt":"2026-02-19T13:58:31","slug":"ths","status":"publish","type":"product","link":"https:\/\/distribution.audio-technica.eu\/es-es\/productos\/ths\/","title":{"rendered":"THS"},"content":{"rendered":"<h2>THS<\/h2>\n<h3>Sistema de 3 v\u00edas biamplificado con altavoz triaxial de fuente puntual de 15&#8243;<\/h3>\n<p>Capaz de entregar hasta 135 dB de pico, el THS es un altavoz de fuente puntual extremadamente potente que combina una enorme capacidad de salida con una respuesta en frecuencia extendida. Es ideal para ser utilizado en aplicaciones e instalaciones para club DJ de tama\u00f1o medio que buscan unos niveles sonoros excepcionalmente altos, proporcionados por un sistema de altavoces compacto y aut\u00f3nomo.<\/p>\n<p>Incorporando tres transductores de alta tecnolog\u00eda en un recinto trapezoidal relativamente peque\u00f1o, su innovadora configuraci\u00f3n tri-axial proporciona una salida muy elevada para su tama\u00f1o y le da una gran ventaja sobre sistemas de dos v\u00edas comparables en cuanto a rendimiento en medios y agudos. Asoci\u00e1ndolo al subgrave compacto SX de Martin Audio para ampliar la respuesta en graves, se crea una configuraci\u00f3n de cuatro v\u00edas din\u00e1mica y de tama\u00f1o muy compacto.<\/p>\n<p>Para garantizar el uso m\u00e1s eficaz del n\u00famero de amplificadores, THS est\u00e1 dise\u00f1ado para trabajar en modo biamplificado, ya que dispone de una red pasiva interna que realiza la funci\u00f3n de crossover de medios\/agudos.<\/p>\n<p>El transductor triaxial THS es un dispositivo de \u00faltima generaci\u00f3n que ofrece caracter\u00edsticas muy destacables. La secci\u00f3n LF incluye un transductor LF de 15&#8243;, de carga r\u00e9flex y excelentes especificaciones, que dispone de una bobina de 4&#8243;, cono impermeable y estructura con im\u00e1n de neodimio. Un radiador anular de 4&#8243; de medios y otro radiador anular de 2,5&#8243; para los agudos, ambos equipados con diafragmas de pol\u00edmero de alta temperatura, han sido dispuestos de forma coaxial en la parte posterior del transductor LF e integrados en una salida de 1,4&#8243;. Esto pasa a trav\u00e9s de la estructura magn\u00e9tica del controlador LF a una bocina de 85\u00b0 x 50\u00b0. La bocina en s\u00ed es giratoria por el usuario, con una boca grande para mantener el control del patr\u00f3n a trav\u00e9s de los medios.<\/p>\n<p>El s\u00f3lido y duradero recinto est\u00e1 construido en madera contrachapada de abedul y acabado con una resistente pintura texturizada. Incorpora m\u00faltiples puntos de sujeci\u00f3n roscados que facilitan una gran variedad de opciones de montaje, tanto vertical como horizontal, incluyendo montaje con c\u00e1ncamo, yugo, m\u00e1stil y truss. Dos asas ofrecen una gran ayuda para su instalaci\u00f3n y transporte, mientras que su rejilla de acero, con la parte posterior de poli\u00e9ster de triple capa, protege los altavoces y evita la entrada de polvo y agua.<\/p>\n<p>Los amplificadores recomendados para trabajar en combinaci\u00f3n con estos altavoces son lo amplificadores iKON equipados con DSP, o los amplificadores VIA combinados con los controladores DX4.0, DX0.6, o DX0.4. Los sistemas THS pueden ser modelados en 3D utilizando el software de dise\u00f1o y predicci\u00f3n DISPLAY 3.<\/p>\n<p>&nbsp;<\/p>\n<p><strong>Caracter\u00edsticas Principales<\/strong><\/p>\n<ul>\n<li>\u00a0Compacto recinto trapezoidal, con gran capacidad de salida<\/li>\n<li>Configuraci\u00f3n de fuente puntual triaxial, con bocina de medios \/ agudos rotable por el usuario<\/li>\n<li>Altavoz de graves de neodimio de 15&#8243; con bobina de 4&#8243;<\/li>\n<li>Altavoz de medios de 4&#8243; con radiador anular con diafragma de pol\u00edmero de alta temperatura \/ 1.4&#8243;<\/li>\n<li>Altavoz de agudos de 2.5&#8243; con radiador anular con diafragma de pol\u00edmero de alta temperatura \/ 1.4&#8243;<\/li>\n<li>Dispersi\u00f3n: 85\u00b0 H x 50\u00b0 V<\/li>\n<li>Soportado por el software DISPLAY 3<\/li>\n<\/ul>\n<p>&nbsp;<\/p>\n<p><strong>Aplicaciones<\/strong><\/p>\n<ul>\n<li>Giras, teatros y eventos audiovisuales corporativos<\/li>\n<li>Discotecas e instalaciones para DJs<\/li>\n<li>Instalaciones de medio y gran tama\u00f1o, incluidos estadios<\/li>\n<\/ul>\n","protected":false},"excerpt":{"rendered":"<h3>Sistema de 3 v\u00edas biamplificado con altavoz triaxial de fuente puntual de 15&#8243;<\/h3>\n<ul>\n<li>\u00a0Compacto recinto trapezoidal, con gran capacidad de salida<\/li>\n<li>Configuraci\u00f3n de fuente puntual triaxial, con bocina de medios \/ agudos rotable por el usuario<\/li>\n<li>Altavoz de graves de neodimio de 15&#8243; con bobina de 4&#8243;<\/li>\n<li>Altavoz de medios de 4&#8243; con radiador anular con diafragma de pol\u00edmero de alta temperatura \/ 1.4&#8243;<\/li>\n<li>Altavoz de agudos de 2.5&#8243; con radiador anular con diafragma de pol\u00edmero de alta temperatura \/ 1.4&#8243;<\/li>\n<li>Dispersi\u00f3n: 85\u00b0 H x 50\u00b0 V<\/li>\n<li>Soportado por el software DISPLAY 3<\/li>\n<\/ul>\n<p>&nbsp;<\/p>\n","protected":false},"featured_media":30774,"template":"","meta":{"_acf_changed":false},"product_brand":[],"product_cat":[2084,2097,2085,2110],"product_tag":[],"class_list":{"0":"post-30769","1":"product","2":"type-product","3":"status-publish","4":"has-post-thumbnail","6":"product_cat-sistemas-instalacion","7":"product_cat-pasivos-fuente-puntual","8":"product_cat-por-series-martin-audio","9":"product_cat-serie-th","10":"product_series-serie-th","12":"first","13":"instock","14":"shipping-taxable","15":"product-type-simple"},"acf":[],"yoast_head":"<!-- This site is optimized with the Yoast SEO plugin v27.1.1 - https:\/\/yoast.com\/product\/yoast-seo-wordpress\/ -->\n<title>THS - Audio-Technica Iberia<\/title>\n<meta name=\"robots\" content=\"index, follow, max-snippet:-1, max-image-preview:large, max-video-preview:-1\" \/>\n<link rel=\"canonical\" href=\"https:\/\/distribution.audio-technica.eu\/es-es\/productos\/ths\/\" \/>\n<meta property=\"og:locale\" content=\"es_ES\" \/>\n<meta property=\"og:type\" content=\"article\" \/>\n<meta property=\"og:title\" content=\"THS - Audio-Technica Iberia\" \/>\n<meta property=\"og:description\" content=\"Sistema de 3 v\u00edas biamplificado con altavoz triaxial de fuente puntual de 15&quot;   \u00a0Compacto recinto trapezoidal, con gran capacidad de salida  Configuraci\u00f3n de fuente puntual triaxial, con bocina de medios \/ agudos rotable por el usuario  Altavoz de graves de neodimio de 15&quot; con bobina de 4&quot;  Altavoz de medios de 4&quot; con radiador anular con diafragma de pol\u00edmero de alta temperatura \/ 1.4&quot;  Altavoz de agudos de 2.5&quot; con radiador anular con diafragma de pol\u00edmero de alta temperatura \/ 1.4&quot;  Dispersi\u00f3n: 85\u00b0 H x 50\u00b0 V  Soportado por el software DISPLAY 3  &nbsp;\" \/>\n<meta property=\"og:url\" content=\"https:\/\/distribution.audio-technica.eu\/es-es\/productos\/ths\/\" \/>\n<meta property=\"og:site_name\" content=\"Audio-Technica Iberia\" \/>\n<meta property=\"article:modified_time\" content=\"2026-02-19T13:58:31+00:00\" \/>\n<meta property=\"og:image\" content=\"https:\/\/distribution.audio-technica.eu\/app\/uploads\/sites\/2\/THS.jpg\" \/>\n\t<meta property=\"og:image:width\" content=\"1440\" \/>\n\t<meta property=\"og:image:height\" content=\"1440\" \/>\n\t<meta property=\"og:image:type\" content=\"image\/jpeg\" \/>\n<meta name=\"twitter:card\" content=\"summary_large_image\" \/>\n<meta name=\"twitter:label1\" content=\"Tiempo de lectura\" \/>\n\t<meta name=\"twitter:data1\" content=\"3 minutos\" \/>\n<script type=\"application\/ld+json\" class=\"yoast-schema-graph\">{\"@context\":\"https:\/\/schema.org\",\"@graph\":[{\"@type\":\"WebPage\",\"@id\":\"https:\/\/distribution.audio-technica.eu\/es-es\/productos\/ths\/\",\"url\":\"https:\/\/distribution.audio-technica.eu\/es-es\/productos\/ths\/\",\"name\":\"THS - Audio-Technica Iberia\",\"isPartOf\":{\"@id\":\"https:\/\/distribution.audio-technica.eu\/es-es\/#website\"},\"primaryImageOfPage\":{\"@id\":\"https:\/\/distribution.audio-technica.eu\/es-es\/productos\/ths\/#primaryimage\"},\"image\":{\"@id\":\"https:\/\/distribution.audio-technica.eu\/es-es\/productos\/ths\/#primaryimage\"},\"thumbnailUrl\":\"\/app\/uploads\/sites\/2\/THS.jpg\",\"datePublished\":\"2023-09-19T12:05:23+00:00\",\"dateModified\":\"2026-02-19T13:58:31+00:00\",\"breadcrumb\":{\"@id\":\"https:\/\/distribution.audio-technica.eu\/es-es\/productos\/ths\/#breadcrumb\"},\"inLanguage\":\"es\",\"potentialAction\":[{\"@type\":\"ReadAction\",\"target\":[\"https:\/\/distribution.audio-technica.eu\/es-es\/productos\/ths\/\"]}]},{\"@type\":\"ImageObject\",\"inLanguage\":\"es\",\"@id\":\"https:\/\/distribution.audio-technica.eu\/es-es\/productos\/ths\/#primaryimage\",\"url\":\"\/app\/uploads\/sites\/2\/THS.jpg\",\"contentUrl\":\"\/app\/uploads\/sites\/2\/THS.jpg\",\"width\":1440,\"height\":1440},{\"@type\":\"BreadcrumbList\",\"@id\":\"https:\/\/distribution.audio-technica.eu\/es-es\/productos\/ths\/#breadcrumb\",\"itemListElement\":[{\"@type\":\"ListItem\",\"position\":1,\"name\":\"Products\",\"item\":\"https:\/\/distribution.audio-technica.eu\/es-es\/\"},{\"@type\":\"ListItem\",\"position\":2,\"name\":\"Productos\",\"item\":\"https:\/\/distribution.audio-technica.eu\/es-es\/productos\/\"},{\"@type\":\"ListItem\",\"position\":3,\"name\":\"THS\"}]},{\"@type\":\"WebSite\",\"@id\":\"https:\/\/distribution.audio-technica.eu\/es-es\/#website\",\"url\":\"https:\/\/distribution.audio-technica.eu\/es-es\/\",\"name\":\"Audio-Technica Iberia\",\"description\":\"Distribuci\u00f3n\",\"potentialAction\":[{\"@type\":\"SearchAction\",\"target\":{\"@type\":\"EntryPoint\",\"urlTemplate\":\"https:\/\/distribution.audio-technica.eu\/es-es\/?s={search_term_string}\"},\"query-input\":{\"@type\":\"PropertyValueSpecification\",\"valueRequired\":true,\"valueName\":\"search_term_string\"}}],\"inLanguage\":\"es\"}]}<\/script>\n<!-- \/ Yoast SEO plugin. -->","yoast_head_json":{"title":"THS - Audio-Technica Iberia","robots":{"index":"index","follow":"follow","max-snippet":"max-snippet:-1","max-image-preview":"max-image-preview:large","max-video-preview":"max-video-preview:-1"},"canonical":"https:\/\/distribution.audio-technica.eu\/es-es\/productos\/ths\/","og_locale":"es_ES","og_type":"article","og_title":"THS - Audio-Technica Iberia","og_description":"Sistema de 3 v\u00edas biamplificado con altavoz triaxial de fuente puntual de 15\"   \u00a0Compacto recinto trapezoidal, con gran capacidad de salida  Configuraci\u00f3n de fuente puntual triaxial, con bocina de medios \/ agudos rotable por el usuario  Altavoz de graves de neodimio de 15\" con bobina de 4\"  Altavoz de medios de 4\" con radiador anular con diafragma de pol\u00edmero de alta temperatura \/ 1.4\"  Altavoz de agudos de 2.5\" con radiador anular con diafragma de pol\u00edmero de alta temperatura \/ 1.4\"  Dispersi\u00f3n: 85\u00b0 H x 50\u00b0 V  Soportado por el software DISPLAY 3  &nbsp;","og_url":"https:\/\/distribution.audio-technica.eu\/es-es\/productos\/ths\/","og_site_name":"Audio-Technica Iberia","article_modified_time":"2026-02-19T13:58:31+00:00","og_image":[{"width":1440,"height":1440,"url":"https:\/\/distribution.audio-technica.eu\/app\/uploads\/sites\/2\/THS.jpg","type":"image\/jpeg"}],"twitter_card":"summary_large_image","twitter_misc":{"Tiempo de lectura":"3 minutos"},"schema":{"@context":"https:\/\/schema.org","@graph":[{"@type":"WebPage","@id":"https:\/\/distribution.audio-technica.eu\/es-es\/productos\/ths\/","url":"https:\/\/distribution.audio-technica.eu\/es-es\/productos\/ths\/","name":"THS - Audio-Technica Iberia","isPartOf":{"@id":"https:\/\/distribution.audio-technica.eu\/es-es\/#website"},"primaryImageOfPage":{"@id":"https:\/\/distribution.audio-technica.eu\/es-es\/productos\/ths\/#primaryimage"},"image":{"@id":"https:\/\/distribution.audio-technica.eu\/es-es\/productos\/ths\/#primaryimage"},"thumbnailUrl":"\/app\/uploads\/sites\/2\/THS.jpg","datePublished":"2023-09-19T12:05:23+00:00","dateModified":"2026-02-19T13:58:31+00:00","breadcrumb":{"@id":"https:\/\/distribution.audio-technica.eu\/es-es\/productos\/ths\/#breadcrumb"},"inLanguage":"es","potentialAction":[{"@type":"ReadAction","target":["https:\/\/distribution.audio-technica.eu\/es-es\/productos\/ths\/"]}]},{"@type":"ImageObject","inLanguage":"es","@id":"https:\/\/distribution.audio-technica.eu\/es-es\/productos\/ths\/#primaryimage","url":"\/app\/uploads\/sites\/2\/THS.jpg","contentUrl":"\/app\/uploads\/sites\/2\/THS.jpg","width":1440,"height":1440},{"@type":"BreadcrumbList","@id":"https:\/\/distribution.audio-technica.eu\/es-es\/productos\/ths\/#breadcrumb","itemListElement":[{"@type":"ListItem","position":1,"name":"Products","item":"https:\/\/distribution.audio-technica.eu\/es-es\/"},{"@type":"ListItem","position":2,"name":"Productos","item":"https:\/\/distribution.audio-technica.eu\/es-es\/productos\/"},{"@type":"ListItem","position":3,"name":"THS"}]},{"@type":"WebSite","@id":"https:\/\/distribution.audio-technica.eu\/es-es\/#website","url":"https:\/\/distribution.audio-technica.eu\/es-es\/","name":"Audio-Technica Iberia","description":"Distribuci\u00f3n","potentialAction":[{"@type":"SearchAction","target":{"@type":"EntryPoint","urlTemplate":"https:\/\/distribution.audio-technica.eu\/es-es\/?s={search_term_string}"},"query-input":{"@type":"PropertyValueSpecification","valueRequired":true,"valueName":"search_term_string"}}],"inLanguage":"es"}]}},"_links":{"self":[{"href":"https:\/\/distribution.audio-technica.eu\/es-es\/wp-json\/wp\/v2\/product\/30769","targetHints":{"allow":["GET"]}}],"collection":[{"href":"https:\/\/distribution.audio-technica.eu\/es-es\/wp-json\/wp\/v2\/product"}],"about":[{"href":"https:\/\/distribution.audio-technica.eu\/es-es\/wp-json\/wp\/v2\/types\/product"}],"wp:featuredmedia":[{"embeddable":true,"href":"https:\/\/distribution.audio-technica.eu\/es-es\/wp-json\/wp\/v2\/media\/30774"}],"wp:attachment":[{"href":"https:\/\/distribution.audio-technica.eu\/es-es\/wp-json\/wp\/v2\/media?parent=30769"}],"wp:term":[{"taxonomy":"product_brand","embeddable":true,"href":"https:\/\/distribution.audio-technica.eu\/es-es\/wp-json\/wp\/v2\/product_brand?post=30769"},{"taxonomy":"product_cat","embeddable":true,"href":"https:\/\/distribution.audio-technica.eu\/es-es\/wp-json\/wp\/v2\/product_cat?post=30769"},{"taxonomy":"product_tag","embeddable":true,"href":"https:\/\/distribution.audio-technica.eu\/es-es\/wp-json\/wp\/v2\/product_tag?post=30769"}],"curies":[{"name":"wp","href":"https:\/\/api.w.org\/{rel}","templated":true}]}}