{"id":30821,"date":"2023-09-22T16:22:16","date_gmt":"2023-09-22T14:22:16","guid":{"rendered":"https:\/\/distribution.audio-technica.eu\/es-es\/?post_type=product&#038;p=30821"},"modified":"2023-09-22T16:22:26","modified_gmt":"2023-09-22T14:22:26","slug":"9320a","status":"publish","type":"product","link":"https:\/\/distribution.audio-technica.eu\/es-es\/productos\/9320a\/","title":{"rendered":"9320A"},"content":{"rendered":"<h2>9320A<\/h2>\n<h3>Controlador de referencia SAM\u2122<\/h3>\n<p>Los profesionales del sonido en m\u00fasica, radiodifusi\u00f3n, post producci\u00f3n y sonido para videojuegos desean cada vez m\u00e1s tener la flexibilidad de trabajar donde y cuando quieran, incluso aunque esto a veces implique tener que trabajar en entornos ac\u00fasticos impredecibles y dif\u00edciles.<\/p>\n<p>Poder cambiar instant\u00e1neamente entre una monitorizaci\u00f3n bien calibrada en la sala y la monitorizaci\u00f3n con auriculares, sin ninguna interrupci\u00f3n en el flujo de trabajo, es crucial para esta forma de trabajo. Por ello, la plataforma UNIO y el 9320A se presentan como herramientas poderosas para crear un sistema de monitorizaci\u00f3n de referencia verdaderamente avanzado.<\/p>\n<p>Como puente hacia UNIO, el compacto controlador 9320A permite crear, optimizar y administrar un flujo de trabajo \u00fanico y liberador, destinado a aplicaciones profesionales de monitoraje de altavoces y auriculares, desde est\u00e9reo hasta inmersivo y mucho m\u00e1s, que son de f\u00e1cil acceso, fiabilidad y capaces de ofrecer una referencia cruzada, sean cuales sean las diferentes salas donde el usuario deba trabajar. Incluso si los proyectos de producci\u00f3n se mueven entre salas o viajan con el usuario, UNIO ayuda a utilizar plenamente la naturaleza adaptable de SAM, GLM y la tecnolog\u00eda Aural ID para ofrecerle una experiencia auditiva totalmente fiable.<\/p>\n<p>UNIO ofrece juntos todos los beneficios aportados por los monitores Smart Active de Genelec (SAM), el software de calibraci\u00f3n GLM 5.0 y la tecnolog\u00eda Aural ID 2.0 para conseguir una total integraci\u00f3n entre la monitorizaci\u00f3n profesional en sala y la monitorizaci\u00f3n a trav\u00e9s de auriculares.<\/p>\n<p>En el coraz\u00f3n de la plataforma UNIO se encuentra la gama de monitores Smart Active de Genelec, que utilizan la auto calibraci\u00f3n y la computaci\u00f3n en la nube para permitir la producci\u00f3n de mezclas fiables y precisas que puedan ser transferidas de forma fiel a otras salas y sistemas. Para los usuarios de auriculares profesionales, la tecnolog\u00eda Aural ID de Genelec proporciona una experiencia auditiva completamente personal y veraz con auriculares, aportando la misma sensaci\u00f3n natural de espacio e im\u00e1genes sonoras proporcionadas por un buen sistema de monitorizaci\u00f3n en la sala. Combinando un sistema Smart Active calibrado y unos auriculares profesionales con Aural ID, el usuario puede disfrutar de mezclas que pueden ser trasladades de forma totalmente fiable entre monitores y auriculares, pudiendo disfrutar de un flujo de trabajo uniforme y sin interrupciones.<\/p>\n<p>Con UNIO y el controlador 9320A, los usuarios pueden integrar estas tecnolog\u00edas y servicios a trav\u00e9s de \u00fanico e intuitivo dispositivo en formato de sobremesa, y ver su sistema completo a trav\u00e9s de su propia cuenta en MyGenelec. Como puente a UNIO, el 9320A ofrece gesti\u00f3n sobre m\u00faltiples sistemas de monitoraje Smart Active, con cualquier configuraci\u00f3n, y adem\u00e1s se entrega con un micr\u00f3fono de referencia calibrado en f\u00e1brica que permite la calibraci\u00f3n automatizada del sistema y el control de las prestaciones clave del software GLM.<\/p>\n<p>El 9320A puede controlar hasta tres sistemas de monitorizaci\u00f3n independientes, adem\u00e1s de auriculares. Cada sistema puede funcionar a un nivel de audici\u00f3n calibrado, de acuerdo con los est\u00e1ndares EBU R128, ATSC A\/85 o SMPTE RP200. Si bien el 9320A puede admitir cualquier sistema de monitores activo, como uno o dos equipos est\u00e9reo ALT, proporciona acceso instant\u00e1neo con un solo clic a una gran cantidad de funciones de control de monitor adicionales integradas en la familia Smart Active Monitoring de Genelec. Trabajando con cualquier DAW y sistema de interface de audio, el 9320A -con GLM- puede manejar un n\u00famero ilimitado de canales para monitores SAM.<\/p>\n<p>La salida de referencia para auriculares del 9320A presenta una excelente linealidad y gama din\u00e1mica, y permite que el usuario combinar los auriculares profesionales de su elecci\u00f3n con el plug in para auriculares Aural ID 2.0, su versi\u00f3n m\u00e1s reciente. De este modo, el usuario puede disfrutar de una monitorizaci\u00f3n precisa, fiable y totalmente personal a trav\u00e9s de auriculares, al tiempo que, simult\u00e1neamente, mide su exposici\u00f3n al sonido, para asegurar un audici\u00f3n sin riesgos.<\/p>\n<p>La salida de auriculares puede manejar auriculares con impedancias que van desde los 16 a los 600 ohms, con una excelente linealidad (THD + ruido menor que -110 dB) y gama din\u00e1mica (126 dB), ofreciendo una salida RMS m\u00e1xima de 6 V.<\/p>\n<p>Adem\u00e1s, el controlador 9320A permite la integraci\u00f3n con cualquier DAW o interface de audio y, gracias a su conectividad anal\u00f3gica, AES\/EBU y USB, puede ser conectado directamente a sistemas de monitorizaci\u00f3n est\u00e9reo (con o sin subgrave), proporcionando control sobre el monitoraje y funcionando tambi\u00e9n como conversor A\/D y D\/A de alta calidad, tanto para monitores como para auriculares.<\/p>\n<p>Tambi\u00e9n es posible utilizar el 9320A como conversor de alta calidad desde las entradas anal\u00f3gicas a la salida AES y desde AES a las salidas anal\u00f3gicas. Esto lo hace incre\u00edblemente vers\u00e1til y lo convierte en un muy efectivo centro de control para tareas de monitorizaci\u00f3n profesional. El nivel m\u00e1ximo de la entrada de l\u00ednea anal\u00f3gica puede ser ajustada a +12 dBu o +24 dBu. El audio USB y la entrada de audio digital AES a la salida digital AES ofrece una gama din\u00e1mica de 138 dB (ponderaci\u00f3n A).<\/p>\n<p>El lanzamiento de UNIO y 9320A coincide con el de la versi\u00f3n 5.0 m\u00e1s reciente de GLM, el software de gesti\u00f3n de altavoces, que proporciona soporte para el 9320A y el monitor principal 5 v\u00edas autoamplificado SAM de fuente puntual adaptativa 8381A, recientemente presentado. GLM 5.0 emplea un sofisticado procesado en la nube, lo que permite que UNIO pueda integrar f\u00e1cilmente una amplia gama de servicios de monitorizaci\u00f3n de referencia, incluyendo el an\u00e1lisis inteligente de salas, la calibraci\u00f3n del sistema en sala, control de monitores y monitorizaci\u00f3n totalmente personalizada.<\/p>\n<p>&nbsp;<\/p>\n<ul>\n<li>Integra la monitorizaci\u00f3n de sala y la monitorizaci\u00f3n a trav\u00e9s de auriculares para tener un \u00fanico, fiable y preciso flujo de trabajo, totalmente personalizado<\/li>\n<li>Permite cambiar instant\u00e1neamente entre una monitorizaci\u00f3n bien calibrada en la sala y la monitorizaci\u00f3n con auriculares, sin interrupciones en el trabajo<\/li>\n<li>Ofrece gesti\u00f3n sobre m\u00faltiples sistemas de monitores Smart Active, con cualquier configuraci\u00f3n<\/li>\n<li>Se entrega con un micr\u00f3fono de referencia calibrado en f\u00e1brica que permite la calibraci\u00f3n automatizada del sistema<\/li>\n<li>Proporciona acceso instant\u00e1neo con un solo clic a una gran cantidad de funciones de control de monitor adicionales integradas en la familia Smart Active Monitoring de Genelec.<\/li>\n<li>Permite la integraci\u00f3n con cualquier DAW o interface de audio<\/li>\n<li>Gracias a su conectividad anal\u00f3gica, AES\/EBU y USB, puede ser conectado directamente a sistemas de monitorizaci\u00f3n est\u00e9reo<\/li>\n<li>Proporciona escucha segura: realiza una estimaci\u00f3n de la dosis de sonido para ofrecer apoyo a la salud auditiva durante la monitorizaci\u00f3n<\/li>\n<\/ul>\n","protected":false},"excerpt":{"rendered":"<h3>Controlador de referencia SAM\u2122<\/h3>\n<ul>\n<li>Integra la monitorizaci\u00f3n de sala y la monitorizaci\u00f3n a trav\u00e9s de auriculares para tener un \u00fanico, fiable y preciso flujo de trabajo, totalmente personalizado<\/li>\n<li>Permite cambiar instant\u00e1neamente entre una monitorizaci\u00f3n bien calibrada en la sala y la monitorizaci\u00f3n con auriculares, sin interrupciones en el trabajo<\/li>\n<li>Ofrece gesti\u00f3n sobre m\u00faltiples sistemas de monitores Smart Active, con cualquier configuraci\u00f3n<\/li>\n<li>Permite la integraci\u00f3n con cualquier DAW o interface de audio<\/li>\n<\/ul>\n<p>&nbsp;<\/p>\n","protected":false},"featured_media":30827,"template":"","meta":{"_acf_changed":false},"product_brand":[],"product_cat":[1394,1395,1396],"product_tag":[],"class_list":{"0":"post-30821","1":"product","2":"type-product","3":"status-publish","4":"has-post-thumbnail","6":"product_cat-monitores-de-estudio","7":"product_cat-por-series-genelec","8":"product_cat-serie-sam","9":"product_series-serie-sam","11":"first","12":"instock","13":"featured","14":"shipping-taxable","15":"product-type-simple"},"acf":[],"yoast_head":"<!-- This site is optimized with the Yoast SEO plugin v27.1.1 - https:\/\/yoast.com\/product\/yoast-seo-wordpress\/ -->\n<title>9320A - Audio-Technica Iberia<\/title>\n<meta name=\"robots\" content=\"index, follow, max-snippet:-1, max-image-preview:large, max-video-preview:-1\" \/>\n<link rel=\"canonical\" href=\"https:\/\/distribution.audio-technica.eu\/es-es\/productos\/9320a\/\" \/>\n<meta property=\"og:locale\" content=\"es_ES\" \/>\n<meta property=\"og:type\" content=\"article\" \/>\n<meta property=\"og:title\" content=\"9320A - Audio-Technica Iberia\" \/>\n<meta property=\"og:description\" content=\"Controlador de referencia SAM\u2122   Integra la monitorizaci\u00f3n de sala y la monitorizaci\u00f3n a trav\u00e9s de auriculares para tener un \u00fanico, fiable y preciso flujo de trabajo, totalmente personalizado  Permite cambiar instant\u00e1neamente entre una monitorizaci\u00f3n bien calibrada en la sala y la monitorizaci\u00f3n con auriculares, sin interrupciones en el trabajo  Ofrece gesti\u00f3n sobre m\u00faltiples sistemas de monitores Smart Active, con cualquier configuraci\u00f3n  Permite la integraci\u00f3n con cualquier DAW o interface de audio  &nbsp;\" \/>\n<meta property=\"og:url\" content=\"https:\/\/distribution.audio-technica.eu\/es-es\/productos\/9320a\/\" \/>\n<meta property=\"og:site_name\" content=\"Audio-Technica Iberia\" \/>\n<meta property=\"article:modified_time\" content=\"2023-09-22T14:22:26+00:00\" \/>\n<meta property=\"og:image\" content=\"https:\/\/distribution.audio-technica.eu\/app\/uploads\/sites\/2\/Genelec-9320A-3-4-left.jpg\" \/>\n\t<meta property=\"og:image:width\" content=\"2000\" \/>\n\t<meta property=\"og:image:height\" content=\"2000\" \/>\n\t<meta property=\"og:image:type\" content=\"image\/jpeg\" \/>\n<meta name=\"twitter:card\" content=\"summary_large_image\" \/>\n<meta name=\"twitter:label1\" content=\"Tiempo de lectura\" \/>\n\t<meta name=\"twitter:data1\" content=\"5 minutos\" \/>\n<script type=\"application\/ld+json\" class=\"yoast-schema-graph\">{\"@context\":\"https:\/\/schema.org\",\"@graph\":[{\"@type\":\"WebPage\",\"@id\":\"https:\/\/distribution.audio-technica.eu\/es-es\/productos\/9320a\/\",\"url\":\"https:\/\/distribution.audio-technica.eu\/es-es\/productos\/9320a\/\",\"name\":\"9320A - Audio-Technica Iberia\",\"isPartOf\":{\"@id\":\"https:\/\/distribution.audio-technica.eu\/es-es\/#website\"},\"primaryImageOfPage\":{\"@id\":\"https:\/\/distribution.audio-technica.eu\/es-es\/productos\/9320a\/#primaryimage\"},\"image\":{\"@id\":\"https:\/\/distribution.audio-technica.eu\/es-es\/productos\/9320a\/#primaryimage\"},\"thumbnailUrl\":\"\/app\/uploads\/sites\/2\/Genelec-9320A-3-4-left.jpg\",\"datePublished\":\"2023-09-22T14:22:16+00:00\",\"dateModified\":\"2023-09-22T14:22:26+00:00\",\"breadcrumb\":{\"@id\":\"https:\/\/distribution.audio-technica.eu\/es-es\/productos\/9320a\/#breadcrumb\"},\"inLanguage\":\"es\",\"potentialAction\":[{\"@type\":\"ReadAction\",\"target\":[\"https:\/\/distribution.audio-technica.eu\/es-es\/productos\/9320a\/\"]}]},{\"@type\":\"ImageObject\",\"inLanguage\":\"es\",\"@id\":\"https:\/\/distribution.audio-technica.eu\/es-es\/productos\/9320a\/#primaryimage\",\"url\":\"\/app\/uploads\/sites\/2\/Genelec-9320A-3-4-left.jpg\",\"contentUrl\":\"\/app\/uploads\/sites\/2\/Genelec-9320A-3-4-left.jpg\",\"width\":2000,\"height\":2000},{\"@type\":\"BreadcrumbList\",\"@id\":\"https:\/\/distribution.audio-technica.eu\/es-es\/productos\/9320a\/#breadcrumb\",\"itemListElement\":[{\"@type\":\"ListItem\",\"position\":1,\"name\":\"Products\",\"item\":\"https:\/\/distribution.audio-technica.eu\/es-es\/\"},{\"@type\":\"ListItem\",\"position\":2,\"name\":\"Productos\",\"item\":\"https:\/\/distribution.audio-technica.eu\/es-es\/productos\/\"},{\"@type\":\"ListItem\",\"position\":3,\"name\":\"9320A\"}]},{\"@type\":\"WebSite\",\"@id\":\"https:\/\/distribution.audio-technica.eu\/es-es\/#website\",\"url\":\"https:\/\/distribution.audio-technica.eu\/es-es\/\",\"name\":\"Audio-Technica Iberia\",\"description\":\"Distribuci\u00f3n\",\"potentialAction\":[{\"@type\":\"SearchAction\",\"target\":{\"@type\":\"EntryPoint\",\"urlTemplate\":\"https:\/\/distribution.audio-technica.eu\/es-es\/?s={search_term_string}\"},\"query-input\":{\"@type\":\"PropertyValueSpecification\",\"valueRequired\":true,\"valueName\":\"search_term_string\"}}],\"inLanguage\":\"es\"}]}<\/script>\n<!-- \/ Yoast SEO plugin. -->","yoast_head_json":{"title":"9320A - Audio-Technica Iberia","robots":{"index":"index","follow":"follow","max-snippet":"max-snippet:-1","max-image-preview":"max-image-preview:large","max-video-preview":"max-video-preview:-1"},"canonical":"https:\/\/distribution.audio-technica.eu\/es-es\/productos\/9320a\/","og_locale":"es_ES","og_type":"article","og_title":"9320A - Audio-Technica Iberia","og_description":"Controlador de referencia SAM\u2122   Integra la monitorizaci\u00f3n de sala y la monitorizaci\u00f3n a trav\u00e9s de auriculares para tener un \u00fanico, fiable y preciso flujo de trabajo, totalmente personalizado  Permite cambiar instant\u00e1neamente entre una monitorizaci\u00f3n bien calibrada en la sala y la monitorizaci\u00f3n con auriculares, sin interrupciones en el trabajo  Ofrece gesti\u00f3n sobre m\u00faltiples sistemas de monitores Smart Active, con cualquier configuraci\u00f3n  Permite la integraci\u00f3n con cualquier DAW o interface de audio  &nbsp;","og_url":"https:\/\/distribution.audio-technica.eu\/es-es\/productos\/9320a\/","og_site_name":"Audio-Technica Iberia","article_modified_time":"2023-09-22T14:22:26+00:00","og_image":[{"width":2000,"height":2000,"url":"https:\/\/distribution.audio-technica.eu\/app\/uploads\/sites\/2\/Genelec-9320A-3-4-left.jpg","type":"image\/jpeg"}],"twitter_card":"summary_large_image","twitter_misc":{"Tiempo de lectura":"5 minutos"},"schema":{"@context":"https:\/\/schema.org","@graph":[{"@type":"WebPage","@id":"https:\/\/distribution.audio-technica.eu\/es-es\/productos\/9320a\/","url":"https:\/\/distribution.audio-technica.eu\/es-es\/productos\/9320a\/","name":"9320A - Audio-Technica Iberia","isPartOf":{"@id":"https:\/\/distribution.audio-technica.eu\/es-es\/#website"},"primaryImageOfPage":{"@id":"https:\/\/distribution.audio-technica.eu\/es-es\/productos\/9320a\/#primaryimage"},"image":{"@id":"https:\/\/distribution.audio-technica.eu\/es-es\/productos\/9320a\/#primaryimage"},"thumbnailUrl":"\/app\/uploads\/sites\/2\/Genelec-9320A-3-4-left.jpg","datePublished":"2023-09-22T14:22:16+00:00","dateModified":"2023-09-22T14:22:26+00:00","breadcrumb":{"@id":"https:\/\/distribution.audio-technica.eu\/es-es\/productos\/9320a\/#breadcrumb"},"inLanguage":"es","potentialAction":[{"@type":"ReadAction","target":["https:\/\/distribution.audio-technica.eu\/es-es\/productos\/9320a\/"]}]},{"@type":"ImageObject","inLanguage":"es","@id":"https:\/\/distribution.audio-technica.eu\/es-es\/productos\/9320a\/#primaryimage","url":"\/app\/uploads\/sites\/2\/Genelec-9320A-3-4-left.jpg","contentUrl":"\/app\/uploads\/sites\/2\/Genelec-9320A-3-4-left.jpg","width":2000,"height":2000},{"@type":"BreadcrumbList","@id":"https:\/\/distribution.audio-technica.eu\/es-es\/productos\/9320a\/#breadcrumb","itemListElement":[{"@type":"ListItem","position":1,"name":"Products","item":"https:\/\/distribution.audio-technica.eu\/es-es\/"},{"@type":"ListItem","position":2,"name":"Productos","item":"https:\/\/distribution.audio-technica.eu\/es-es\/productos\/"},{"@type":"ListItem","position":3,"name":"9320A"}]},{"@type":"WebSite","@id":"https:\/\/distribution.audio-technica.eu\/es-es\/#website","url":"https:\/\/distribution.audio-technica.eu\/es-es\/","name":"Audio-Technica Iberia","description":"Distribuci\u00f3n","potentialAction":[{"@type":"SearchAction","target":{"@type":"EntryPoint","urlTemplate":"https:\/\/distribution.audio-technica.eu\/es-es\/?s={search_term_string}"},"query-input":{"@type":"PropertyValueSpecification","valueRequired":true,"valueName":"search_term_string"}}],"inLanguage":"es"}]}},"_links":{"self":[{"href":"https:\/\/distribution.audio-technica.eu\/es-es\/wp-json\/wp\/v2\/product\/30821","targetHints":{"allow":["GET"]}}],"collection":[{"href":"https:\/\/distribution.audio-technica.eu\/es-es\/wp-json\/wp\/v2\/product"}],"about":[{"href":"https:\/\/distribution.audio-technica.eu\/es-es\/wp-json\/wp\/v2\/types\/product"}],"wp:featuredmedia":[{"embeddable":true,"href":"https:\/\/distribution.audio-technica.eu\/es-es\/wp-json\/wp\/v2\/media\/30827"}],"wp:attachment":[{"href":"https:\/\/distribution.audio-technica.eu\/es-es\/wp-json\/wp\/v2\/media?parent=30821"}],"wp:term":[{"taxonomy":"product_brand","embeddable":true,"href":"https:\/\/distribution.audio-technica.eu\/es-es\/wp-json\/wp\/v2\/product_brand?post=30821"},{"taxonomy":"product_cat","embeddable":true,"href":"https:\/\/distribution.audio-technica.eu\/es-es\/wp-json\/wp\/v2\/product_cat?post=30821"},{"taxonomy":"product_tag","embeddable":true,"href":"https:\/\/distribution.audio-technica.eu\/es-es\/wp-json\/wp\/v2\/product_tag?post=30821"}],"curies":[{"name":"wp","href":"https:\/\/api.w.org\/{rel}","templated":true}]}}