{"id":30877,"date":"2023-09-27T16:52:47","date_gmt":"2023-09-27T14:52:47","guid":{"rendered":"https:\/\/distribution.audio-technica.eu\/es-es\/?post_type=product&#038;p=30877"},"modified":"2023-09-28T12:42:37","modified_gmt":"2023-09-28T10:42:37","slug":"ts12s","status":"publish","type":"product","link":"https:\/\/distribution.audio-technica.eu\/es-es\/productos\/ts12s\/","title":{"rendered":"TS12S"},"content":{"rendered":"<h2>TS12S<\/h2>\n<h3>Subgrave 12&#8243; autoamplificado de 2500W<\/h3>\n<p>Las mejores actuaciones en directo necesitan lo mejor en refuerzo de sonido. El subgrave autoamplificado TS12S de Alto Professional ofrece unos graves precisos y potentes. Ofrece una presencia potente pero controlada de los graves a su configuraci\u00f3n de PA. Con un subgrave autoamplificado, cualquier interpretaci\u00f3n musical dar\u00e1 un gran salto hacia el reino del equilibrio tonal, con la combinaci\u00f3n perfecta de frecuencias altas, medias y bajas extendidas.<\/p>\n<p>El TS12S es el subwoofer m\u00e1s potente de Alto Professional hasta la fecha, con una incre\u00edble potencia de 2500 W. Gracias a su amplificador Clase D de alta eficiencia, el TS12S a\u00f1ade el peso y presencia necesarios en cualquier actuaci\u00f3n para conseguir un sonido potente y equilibrado en cualquier situaci\u00f3n.<\/p>\n<p>El subgrave TS12S ha sido construido para ofrecer la m\u00e1xima fiabilidad y durabilidad. Utiliza materiales de la m\u00e1xima calidad, y su dise\u00f1o incluye un ligero pero robusto recinto, equipado con refuerzos internos, capaz de ofrecer un sonido potente y controlado.<\/p>\n<p>Incorpora un transductor de 12&#8243; de alta calidad, con bobina de 3&#8243;, y est\u00e1 preparado para manejar tanto los rigores de las giras como para ofrecer la m\u00e1xima calidad en instalaciones fijas<\/p>\n<p>El TS12S est\u00e1 dise\u00f1ado y fabricado para adaptarse a cualquier sistema, gracias a su vers\u00e1til sistema de conmutadores electr\u00f3nicos integrados. Estos permiten que el usuario pueda seleccionar r\u00e1pidamente entre diversas configuraciones de ecualizaci\u00f3n, que le permiten activar, aumentar u omitir la acentuaci\u00f3n de los graves, seg\u00fan lo requieran los diferentes tipos de espect\u00e1culos. La intuitiva funci\u00f3n de alineaci\u00f3n de fase permite, seg\u00fan sea necesario, asegurarse que los recintos superiores funcionen correctamente, sin importar su colocaci\u00f3n o ajuste. Con rutas de entrada y salida espec\u00edficas, es posible conectar sin problemas los altavoces de gama completa de Alto Professional o cualquier otro altavoz est\u00e1ndar.<\/p>\n<ul>\n<li>2500W de potencia de salida (pico)<\/li>\n<li>Amplificador Clase D de alta eficiencia<\/li>\n<li>Transductor de 12&#8243; con bobina de 3&#8243; de alta temperatura<\/li>\n<li>Resistente recinto fabricado en MDF, reforzado internamente, con puerto frontal y punto de inserci\u00f3n integrado para m\u00e1stil de 36 mm<\/li>\n<li>Acabado con pintura pulverizada, resistente a las marcas, incluso cuando se usa de forma intensiva<\/li>\n<li>Protecciones frente a sobrecarga t\u00e9rmica y saturaci\u00f3n de transductor<\/li>\n<li>Eqs seleccionables por el usuario (Off, Live, DJ)<\/li>\n<li>Conmutador selector de alineaci\u00f3n de fase (0\u00b0\/90\u00b0\/180\u00b0\/270\u00b0)<\/li>\n<\/ul>\n<p>&nbsp;<\/p>\n<p>&nbsp;<\/p>\n","protected":false},"excerpt":{"rendered":"<h3>Subgrave 12&#8243; autoamplificado de 2500W<\/h3>\n<ul class=\"summary\">\n<li>2500W de potencia de salida (pico)<\/li>\n<li>Amplificador Clase D de alta eficiencia<\/li>\n<li>Transductor de 12&#8243; con bobina de 3&#8243; de alta temperatura<\/li>\n<li>Eqs seleccionables por el usuario (Off, Live, DJ)<\/li>\n<\/ul>\n<p>&nbsp;<\/p>\n","protected":false},"featured_media":30883,"template":"","meta":{"_acf_changed":false},"product_brand":[],"product_cat":[1336,1343,1344,1325,2344],"product_tag":[],"class_list":{"0":"post-30877","1":"product","2":"type-product","3":"status-publish","4":"has-post-thumbnail","6":"product_cat-recintos-acusticos","7":"product_cat-autoamplificados","8":"product_cat-subgraves","9":"product_cat-por-series-alto-professional","10":"product_cat-serie-truesonic-4","11":"product_series-serie-ts4","13":"first","14":"instock","15":"shipping-taxable","16":"product-type-simple"},"acf":[],"yoast_head":"<!-- This site is optimized with the Yoast SEO plugin v27.1.1 - https:\/\/yoast.com\/product\/yoast-seo-wordpress\/ -->\n<title>TS12S - Audio-Technica Iberia<\/title>\n<meta name=\"robots\" content=\"index, follow, max-snippet:-1, max-image-preview:large, max-video-preview:-1\" \/>\n<link rel=\"canonical\" href=\"https:\/\/distribution.audio-technica.eu\/es-es\/productos\/ts12s\/\" \/>\n<meta property=\"og:locale\" content=\"es_ES\" \/>\n<meta property=\"og:type\" content=\"article\" \/>\n<meta property=\"og:title\" content=\"TS12S - Audio-Technica Iberia\" \/>\n<meta property=\"og:description\" content=\"Subgrave 12&quot; autoamplificado de 2500W   2500W de potencia de salida (pico)  Amplificador Clase D de alta eficiencia  Transductor de 12&quot; con bobina de 3&quot; de alta temperatura  Eqs seleccionables por el usuario (Off, Live, DJ)  &nbsp;\" \/>\n<meta property=\"og:url\" content=\"https:\/\/distribution.audio-technica.eu\/es-es\/productos\/ts12s\/\" \/>\n<meta property=\"og:site_name\" content=\"Audio-Technica Iberia\" \/>\n<meta property=\"article:modified_time\" content=\"2023-09-28T10:42:37+00:00\" \/>\n<meta property=\"og:image\" content=\"https:\/\/distribution.audio-technica.eu\/app\/uploads\/sites\/2\/Alto-TS12_34.jpg\" \/>\n\t<meta property=\"og:image:width\" content=\"2000\" \/>\n\t<meta property=\"og:image:height\" content=\"2000\" \/>\n\t<meta property=\"og:image:type\" content=\"image\/jpeg\" \/>\n<meta name=\"twitter:card\" content=\"summary_large_image\" \/>\n<meta name=\"twitter:label1\" content=\"Tiempo de lectura\" \/>\n\t<meta name=\"twitter:data1\" content=\"2 minutos\" \/>\n<script type=\"application\/ld+json\" class=\"yoast-schema-graph\">{\"@context\":\"https:\/\/schema.org\",\"@graph\":[{\"@type\":\"WebPage\",\"@id\":\"https:\/\/distribution.audio-technica.eu\/es-es\/productos\/ts12s\/\",\"url\":\"https:\/\/distribution.audio-technica.eu\/es-es\/productos\/ts12s\/\",\"name\":\"TS12S - Audio-Technica Iberia\",\"isPartOf\":{\"@id\":\"https:\/\/distribution.audio-technica.eu\/es-es\/#website\"},\"primaryImageOfPage\":{\"@id\":\"https:\/\/distribution.audio-technica.eu\/es-es\/productos\/ts12s\/#primaryimage\"},\"image\":{\"@id\":\"https:\/\/distribution.audio-technica.eu\/es-es\/productos\/ts12s\/#primaryimage\"},\"thumbnailUrl\":\"\/app\/uploads\/sites\/2\/Alto-TS12_34.jpg\",\"datePublished\":\"2023-09-27T14:52:47+00:00\",\"dateModified\":\"2023-09-28T10:42:37+00:00\",\"breadcrumb\":{\"@id\":\"https:\/\/distribution.audio-technica.eu\/es-es\/productos\/ts12s\/#breadcrumb\"},\"inLanguage\":\"es\",\"potentialAction\":[{\"@type\":\"ReadAction\",\"target\":[\"https:\/\/distribution.audio-technica.eu\/es-es\/productos\/ts12s\/\"]}]},{\"@type\":\"ImageObject\",\"inLanguage\":\"es\",\"@id\":\"https:\/\/distribution.audio-technica.eu\/es-es\/productos\/ts12s\/#primaryimage\",\"url\":\"\/app\/uploads\/sites\/2\/Alto-TS12_34.jpg\",\"contentUrl\":\"\/app\/uploads\/sites\/2\/Alto-TS12_34.jpg\",\"width\":2000,\"height\":2000},{\"@type\":\"BreadcrumbList\",\"@id\":\"https:\/\/distribution.audio-technica.eu\/es-es\/productos\/ts12s\/#breadcrumb\",\"itemListElement\":[{\"@type\":\"ListItem\",\"position\":1,\"name\":\"Products\",\"item\":\"https:\/\/distribution.audio-technica.eu\/es-es\/\"},{\"@type\":\"ListItem\",\"position\":2,\"name\":\"Productos\",\"item\":\"https:\/\/distribution.audio-technica.eu\/es-es\/productos\/\"},{\"@type\":\"ListItem\",\"position\":3,\"name\":\"TS12S\"}]},{\"@type\":\"WebSite\",\"@id\":\"https:\/\/distribution.audio-technica.eu\/es-es\/#website\",\"url\":\"https:\/\/distribution.audio-technica.eu\/es-es\/\",\"name\":\"Audio-Technica Iberia\",\"description\":\"Distribuci\u00f3n\",\"potentialAction\":[{\"@type\":\"SearchAction\",\"target\":{\"@type\":\"EntryPoint\",\"urlTemplate\":\"https:\/\/distribution.audio-technica.eu\/es-es\/?s={search_term_string}\"},\"query-input\":{\"@type\":\"PropertyValueSpecification\",\"valueRequired\":true,\"valueName\":\"search_term_string\"}}],\"inLanguage\":\"es\"}]}<\/script>\n<!-- \/ Yoast SEO plugin. -->","yoast_head_json":{"title":"TS12S - Audio-Technica Iberia","robots":{"index":"index","follow":"follow","max-snippet":"max-snippet:-1","max-image-preview":"max-image-preview:large","max-video-preview":"max-video-preview:-1"},"canonical":"https:\/\/distribution.audio-technica.eu\/es-es\/productos\/ts12s\/","og_locale":"es_ES","og_type":"article","og_title":"TS12S - Audio-Technica Iberia","og_description":"Subgrave 12\" autoamplificado de 2500W   2500W de potencia de salida (pico)  Amplificador Clase D de alta eficiencia  Transductor de 12\" con bobina de 3\" de alta temperatura  Eqs seleccionables por el usuario (Off, Live, DJ)  &nbsp;","og_url":"https:\/\/distribution.audio-technica.eu\/es-es\/productos\/ts12s\/","og_site_name":"Audio-Technica Iberia","article_modified_time":"2023-09-28T10:42:37+00:00","og_image":[{"width":2000,"height":2000,"url":"https:\/\/distribution.audio-technica.eu\/app\/uploads\/sites\/2\/Alto-TS12_34.jpg","type":"image\/jpeg"}],"twitter_card":"summary_large_image","twitter_misc":{"Tiempo de lectura":"2 minutos"},"schema":{"@context":"https:\/\/schema.org","@graph":[{"@type":"WebPage","@id":"https:\/\/distribution.audio-technica.eu\/es-es\/productos\/ts12s\/","url":"https:\/\/distribution.audio-technica.eu\/es-es\/productos\/ts12s\/","name":"TS12S - Audio-Technica Iberia","isPartOf":{"@id":"https:\/\/distribution.audio-technica.eu\/es-es\/#website"},"primaryImageOfPage":{"@id":"https:\/\/distribution.audio-technica.eu\/es-es\/productos\/ts12s\/#primaryimage"},"image":{"@id":"https:\/\/distribution.audio-technica.eu\/es-es\/productos\/ts12s\/#primaryimage"},"thumbnailUrl":"\/app\/uploads\/sites\/2\/Alto-TS12_34.jpg","datePublished":"2023-09-27T14:52:47+00:00","dateModified":"2023-09-28T10:42:37+00:00","breadcrumb":{"@id":"https:\/\/distribution.audio-technica.eu\/es-es\/productos\/ts12s\/#breadcrumb"},"inLanguage":"es","potentialAction":[{"@type":"ReadAction","target":["https:\/\/distribution.audio-technica.eu\/es-es\/productos\/ts12s\/"]}]},{"@type":"ImageObject","inLanguage":"es","@id":"https:\/\/distribution.audio-technica.eu\/es-es\/productos\/ts12s\/#primaryimage","url":"\/app\/uploads\/sites\/2\/Alto-TS12_34.jpg","contentUrl":"\/app\/uploads\/sites\/2\/Alto-TS12_34.jpg","width":2000,"height":2000},{"@type":"BreadcrumbList","@id":"https:\/\/distribution.audio-technica.eu\/es-es\/productos\/ts12s\/#breadcrumb","itemListElement":[{"@type":"ListItem","position":1,"name":"Products","item":"https:\/\/distribution.audio-technica.eu\/es-es\/"},{"@type":"ListItem","position":2,"name":"Productos","item":"https:\/\/distribution.audio-technica.eu\/es-es\/productos\/"},{"@type":"ListItem","position":3,"name":"TS12S"}]},{"@type":"WebSite","@id":"https:\/\/distribution.audio-technica.eu\/es-es\/#website","url":"https:\/\/distribution.audio-technica.eu\/es-es\/","name":"Audio-Technica Iberia","description":"Distribuci\u00f3n","potentialAction":[{"@type":"SearchAction","target":{"@type":"EntryPoint","urlTemplate":"https:\/\/distribution.audio-technica.eu\/es-es\/?s={search_term_string}"},"query-input":{"@type":"PropertyValueSpecification","valueRequired":true,"valueName":"search_term_string"}}],"inLanguage":"es"}]}},"_links":{"self":[{"href":"https:\/\/distribution.audio-technica.eu\/es-es\/wp-json\/wp\/v2\/product\/30877","targetHints":{"allow":["GET"]}}],"collection":[{"href":"https:\/\/distribution.audio-technica.eu\/es-es\/wp-json\/wp\/v2\/product"}],"about":[{"href":"https:\/\/distribution.audio-technica.eu\/es-es\/wp-json\/wp\/v2\/types\/product"}],"wp:featuredmedia":[{"embeddable":true,"href":"https:\/\/distribution.audio-technica.eu\/es-es\/wp-json\/wp\/v2\/media\/30883"}],"wp:attachment":[{"href":"https:\/\/distribution.audio-technica.eu\/es-es\/wp-json\/wp\/v2\/media?parent=30877"}],"wp:term":[{"taxonomy":"product_brand","embeddable":true,"href":"https:\/\/distribution.audio-technica.eu\/es-es\/wp-json\/wp\/v2\/product_brand?post=30877"},{"taxonomy":"product_cat","embeddable":true,"href":"https:\/\/distribution.audio-technica.eu\/es-es\/wp-json\/wp\/v2\/product_cat?post=30877"},{"taxonomy":"product_tag","embeddable":true,"href":"https:\/\/distribution.audio-technica.eu\/es-es\/wp-json\/wp\/v2\/product_tag?post=30877"}],"curies":[{"name":"wp","href":"https:\/\/api.w.org\/{rel}","templated":true}]}}