{"id":30897,"date":"2023-09-27T17:21:26","date_gmt":"2023-09-27T15:21:26","guid":{"rendered":"https:\/\/distribution.audio-technica.eu\/es-es\/?post_type=product&#038;p=30897"},"modified":"2023-09-27T17:23:30","modified_gmt":"2023-09-27T15:23:30","slug":"ts18s-cover","status":"publish","type":"product","link":"https:\/\/distribution.audio-technica.eu\/es-es\/productos\/ts18s-cover\/","title":{"rendered":"TS18S Cover"},"content":{"rendered":"<h2>TS18S Cover<\/h2>\n<h3>Funda deslizante para el subgrave autoamplificado TS18S<\/h3>\n<ul>\n<li>Funda que protege al subgrave TS18S del polvo, ara\u00f1azos y rozaduras<\/li>\n<li>Dise\u00f1o que se desliza f\u00e1cilmente, cubriendo y descubriendo en segundos las unidad<\/li>\n<li>Correa con fijaci\u00f3n para mantener la funda en su lugar<\/li>\n<li>Aberturas laterales para acceder f\u00e1cilmente a las asas que incorpora el TS18S<\/li>\n<li>Dimensiones (Al x An x Fo): 67.8 x 53.1 x 62.7 cm<\/li>\n<li>Peso: 0,87 kg<\/li>\n<\/ul>\n<p>&nbsp;<\/p>\n<p>&nbsp;<\/p>\n","protected":false},"excerpt":{"rendered":"<h3>Funda deslizante para el subgrave autoamplificado TS18S<\/h3>\n<ul class=\"summary\">\n<li>Funda que protege al subgrave TS18S del polvo, ara\u00f1azos y rozaduras<\/li>\n<li>Dise\u00f1o que se desliza f\u00e1cilmente, cubriendo y descubriendo en segundos la unidad<\/li>\n<\/ul>\n<p>&nbsp;<\/p>\n","protected":false},"featured_media":30888,"template":"","meta":{"_acf_changed":false},"product_brand":[],"product_cat":[1340,2344],"product_tag":[],"class_list":{"0":"post-30897","1":"product","2":"type-product","3":"status-publish","4":"has-post-thumbnail","6":"product_cat-accesorios","7":"product_cat-serie-truesonic-4","9":"first","10":"instock","11":"shipping-taxable","12":"product-type-simple"},"acf":[],"yoast_head":"<!-- This site is optimized with the Yoast SEO plugin v27.1.1 - https:\/\/yoast.com\/product\/yoast-seo-wordpress\/ -->\n<title>TS18S Cover - Audio-Technica Iberia<\/title>\n<meta name=\"robots\" content=\"index, follow, max-snippet:-1, max-image-preview:large, max-video-preview:-1\" \/>\n<link rel=\"canonical\" href=\"https:\/\/distribution.audio-technica.eu\/es-es\/productos\/ts18s-cover\/\" \/>\n<meta property=\"og:locale\" content=\"es_ES\" \/>\n<meta property=\"og:type\" content=\"article\" \/>\n<meta property=\"og:title\" content=\"TS18S Cover - Audio-Technica Iberia\" \/>\n<meta property=\"og:description\" content=\"Funda deslizante para el subgrave autoamplificado TS18S   Funda que protege al subgrave TS18S del polvo, ara\u00f1azos y rozaduras  Dise\u00f1o que se desliza f\u00e1cilmente, cubriendo y descubriendo en segundos la unidad  &nbsp;\" \/>\n<meta property=\"og:url\" content=\"https:\/\/distribution.audio-technica.eu\/es-es\/productos\/ts18s-cover\/\" \/>\n<meta property=\"og:site_name\" content=\"Audio-Technica Iberia\" \/>\n<meta property=\"article:modified_time\" content=\"2023-09-27T15:23:30+00:00\" \/>\n<meta property=\"og:image\" content=\"https:\/\/distribution.audio-technica.eu\/app\/uploads\/sites\/2\/Alto-TS18S-Cover.jpg\" \/>\n\t<meta property=\"og:image:width\" content=\"750\" \/>\n\t<meta property=\"og:image:height\" content=\"750\" \/>\n\t<meta property=\"og:image:type\" content=\"image\/jpeg\" \/>\n<meta name=\"twitter:card\" content=\"summary_large_image\" \/>\n<meta name=\"twitter:label1\" content=\"Tiempo de lectura\" \/>\n\t<meta name=\"twitter:data1\" content=\"1 minuto\" \/>\n<script type=\"application\/ld+json\" class=\"yoast-schema-graph\">{\"@context\":\"https:\/\/schema.org\",\"@graph\":[{\"@type\":\"WebPage\",\"@id\":\"https:\/\/distribution.audio-technica.eu\/es-es\/productos\/ts18s-cover\/\",\"url\":\"https:\/\/distribution.audio-technica.eu\/es-es\/productos\/ts18s-cover\/\",\"name\":\"TS18S Cover - Audio-Technica Iberia\",\"isPartOf\":{\"@id\":\"https:\/\/distribution.audio-technica.eu\/es-es\/#website\"},\"primaryImageOfPage\":{\"@id\":\"https:\/\/distribution.audio-technica.eu\/es-es\/productos\/ts18s-cover\/#primaryimage\"},\"image\":{\"@id\":\"https:\/\/distribution.audio-technica.eu\/es-es\/productos\/ts18s-cover\/#primaryimage\"},\"thumbnailUrl\":\"\/app\/uploads\/sites\/2\/Alto-TS18S-Cover.jpg\",\"datePublished\":\"2023-09-27T15:21:26+00:00\",\"dateModified\":\"2023-09-27T15:23:30+00:00\",\"breadcrumb\":{\"@id\":\"https:\/\/distribution.audio-technica.eu\/es-es\/productos\/ts18s-cover\/#breadcrumb\"},\"inLanguage\":\"es\",\"potentialAction\":[{\"@type\":\"ReadAction\",\"target\":[\"https:\/\/distribution.audio-technica.eu\/es-es\/productos\/ts18s-cover\/\"]}]},{\"@type\":\"ImageObject\",\"inLanguage\":\"es\",\"@id\":\"https:\/\/distribution.audio-technica.eu\/es-es\/productos\/ts18s-cover\/#primaryimage\",\"url\":\"\/app\/uploads\/sites\/2\/Alto-TS18S-Cover.jpg\",\"contentUrl\":\"\/app\/uploads\/sites\/2\/Alto-TS18S-Cover.jpg\",\"width\":750,\"height\":750},{\"@type\":\"BreadcrumbList\",\"@id\":\"https:\/\/distribution.audio-technica.eu\/es-es\/productos\/ts18s-cover\/#breadcrumb\",\"itemListElement\":[{\"@type\":\"ListItem\",\"position\":1,\"name\":\"Products\",\"item\":\"https:\/\/distribution.audio-technica.eu\/es-es\/\"},{\"@type\":\"ListItem\",\"position\":2,\"name\":\"Productos\",\"item\":\"https:\/\/distribution.audio-technica.eu\/es-es\/productos\/\"},{\"@type\":\"ListItem\",\"position\":3,\"name\":\"TS18S Cover\"}]},{\"@type\":\"WebSite\",\"@id\":\"https:\/\/distribution.audio-technica.eu\/es-es\/#website\",\"url\":\"https:\/\/distribution.audio-technica.eu\/es-es\/\",\"name\":\"Audio-Technica Iberia\",\"description\":\"Distribuci\u00f3n\",\"potentialAction\":[{\"@type\":\"SearchAction\",\"target\":{\"@type\":\"EntryPoint\",\"urlTemplate\":\"https:\/\/distribution.audio-technica.eu\/es-es\/?s={search_term_string}\"},\"query-input\":{\"@type\":\"PropertyValueSpecification\",\"valueRequired\":true,\"valueName\":\"search_term_string\"}}],\"inLanguage\":\"es\"}]}<\/script>\n<!-- \/ Yoast SEO plugin. -->","yoast_head_json":{"title":"TS18S Cover - Audio-Technica Iberia","robots":{"index":"index","follow":"follow","max-snippet":"max-snippet:-1","max-image-preview":"max-image-preview:large","max-video-preview":"max-video-preview:-1"},"canonical":"https:\/\/distribution.audio-technica.eu\/es-es\/productos\/ts18s-cover\/","og_locale":"es_ES","og_type":"article","og_title":"TS18S Cover - Audio-Technica Iberia","og_description":"Funda deslizante para el subgrave autoamplificado TS18S   Funda que protege al subgrave TS18S del polvo, ara\u00f1azos y rozaduras  Dise\u00f1o que se desliza f\u00e1cilmente, cubriendo y descubriendo en segundos la unidad  &nbsp;","og_url":"https:\/\/distribution.audio-technica.eu\/es-es\/productos\/ts18s-cover\/","og_site_name":"Audio-Technica Iberia","article_modified_time":"2023-09-27T15:23:30+00:00","og_image":[{"width":750,"height":750,"url":"https:\/\/distribution.audio-technica.eu\/app\/uploads\/sites\/2\/Alto-TS18S-Cover.jpg","type":"image\/jpeg"}],"twitter_card":"summary_large_image","twitter_misc":{"Tiempo de lectura":"1 minuto"},"schema":{"@context":"https:\/\/schema.org","@graph":[{"@type":"WebPage","@id":"https:\/\/distribution.audio-technica.eu\/es-es\/productos\/ts18s-cover\/","url":"https:\/\/distribution.audio-technica.eu\/es-es\/productos\/ts18s-cover\/","name":"TS18S Cover - Audio-Technica Iberia","isPartOf":{"@id":"https:\/\/distribution.audio-technica.eu\/es-es\/#website"},"primaryImageOfPage":{"@id":"https:\/\/distribution.audio-technica.eu\/es-es\/productos\/ts18s-cover\/#primaryimage"},"image":{"@id":"https:\/\/distribution.audio-technica.eu\/es-es\/productos\/ts18s-cover\/#primaryimage"},"thumbnailUrl":"\/app\/uploads\/sites\/2\/Alto-TS18S-Cover.jpg","datePublished":"2023-09-27T15:21:26+00:00","dateModified":"2023-09-27T15:23:30+00:00","breadcrumb":{"@id":"https:\/\/distribution.audio-technica.eu\/es-es\/productos\/ts18s-cover\/#breadcrumb"},"inLanguage":"es","potentialAction":[{"@type":"ReadAction","target":["https:\/\/distribution.audio-technica.eu\/es-es\/productos\/ts18s-cover\/"]}]},{"@type":"ImageObject","inLanguage":"es","@id":"https:\/\/distribution.audio-technica.eu\/es-es\/productos\/ts18s-cover\/#primaryimage","url":"\/app\/uploads\/sites\/2\/Alto-TS18S-Cover.jpg","contentUrl":"\/app\/uploads\/sites\/2\/Alto-TS18S-Cover.jpg","width":750,"height":750},{"@type":"BreadcrumbList","@id":"https:\/\/distribution.audio-technica.eu\/es-es\/productos\/ts18s-cover\/#breadcrumb","itemListElement":[{"@type":"ListItem","position":1,"name":"Products","item":"https:\/\/distribution.audio-technica.eu\/es-es\/"},{"@type":"ListItem","position":2,"name":"Productos","item":"https:\/\/distribution.audio-technica.eu\/es-es\/productos\/"},{"@type":"ListItem","position":3,"name":"TS18S Cover"}]},{"@type":"WebSite","@id":"https:\/\/distribution.audio-technica.eu\/es-es\/#website","url":"https:\/\/distribution.audio-technica.eu\/es-es\/","name":"Audio-Technica Iberia","description":"Distribuci\u00f3n","potentialAction":[{"@type":"SearchAction","target":{"@type":"EntryPoint","urlTemplate":"https:\/\/distribution.audio-technica.eu\/es-es\/?s={search_term_string}"},"query-input":{"@type":"PropertyValueSpecification","valueRequired":true,"valueName":"search_term_string"}}],"inLanguage":"es"}]}},"_links":{"self":[{"href":"https:\/\/distribution.audio-technica.eu\/es-es\/wp-json\/wp\/v2\/product\/30897","targetHints":{"allow":["GET"]}}],"collection":[{"href":"https:\/\/distribution.audio-technica.eu\/es-es\/wp-json\/wp\/v2\/product"}],"about":[{"href":"https:\/\/distribution.audio-technica.eu\/es-es\/wp-json\/wp\/v2\/types\/product"}],"wp:featuredmedia":[{"embeddable":true,"href":"https:\/\/distribution.audio-technica.eu\/es-es\/wp-json\/wp\/v2\/media\/30888"}],"wp:attachment":[{"href":"https:\/\/distribution.audio-technica.eu\/es-es\/wp-json\/wp\/v2\/media?parent=30897"}],"wp:term":[{"taxonomy":"product_brand","embeddable":true,"href":"https:\/\/distribution.audio-technica.eu\/es-es\/wp-json\/wp\/v2\/product_brand?post=30897"},{"taxonomy":"product_cat","embeddable":true,"href":"https:\/\/distribution.audio-technica.eu\/es-es\/wp-json\/wp\/v2\/product_cat?post=30897"},{"taxonomy":"product_tag","embeddable":true,"href":"https:\/\/distribution.audio-technica.eu\/es-es\/wp-json\/wp\/v2\/product_tag?post=30897"}],"curies":[{"name":"wp","href":"https:\/\/api.w.org\/{rel}","templated":true}]}}