{"id":31121,"date":"2023-10-23T10:00:53","date_gmt":"2023-10-23T08:00:53","guid":{"rendered":"https:\/\/distribution.audio-technica.eu\/es-es\/?post_type=product&#038;p=31121"},"modified":"2025-02-27T10:43:03","modified_gmt":"2025-02-27T09:43:03","slug":"avantis-solo","status":"publish","type":"product","link":"https:\/\/distribution.audio-technica.eu\/es-es\/productos\/avantis-solo\/","title":{"rendered":"Avantis Solo"},"content":{"rendered":"<h2>Avantis Solo<\/h2>\n<h3>Mezclador digital de 64 canales \/ 42 buses<\/h3>\n<p>Avantis Solo, el segundo miembro de la familia de mezcladores Avantis, condensa toda la potencia de la premiada plataforma de mezcla en un compacto formato de 12 faders y pantalla \u00fanica.<\/p>\n<p>Este compacto mezclador digital, capaz de funcionar de forma totalmente aut\u00f3noma, ofrece 64 canales de entrada y 42 buses de mezcla.<\/p>\n<p>Basado en XCVI, el motor FPGA de 96 kHz de \u00faltima generaci\u00f3n de Allen &amp; Heath, Avantis Solo ofrece la misma arquitectura de 64 canales y 42 buses que Avantis, funcionando con una latencia ultra baja de 0,7 ms, con procesado integrado completo y 12 ranuras RackExtra FX, todas alojadas en la ic\u00f3nica carcasa de aleaci\u00f3n ligera y marco tubular de Avantis.<\/p>\n<p>El control se realiza a trav\u00e9s de 12 faders con 6 capas, lo que proporciona un total de 72 strips de canal, una pantalla t\u00e1ctil Full HD de 15,6\u201d con controles rotativos espec\u00edficos, y 18 SoftKeys asignables, todo ello unido a trav\u00e9s del elegante interface de usuario Continuity para brindar a los ingenieros la misma conexi\u00f3n perfecta entre los controles f\u00edsicos y la pantalla que el modelo Avantis de pantalla dual.<\/p>\n<p>Todos los strips de fader pueden ser configurados como canales de entrada, mezclas, env\u00edos de efectos, retornos de efectos, masters DCA o strips MIDI. Cada strip cuenta con botones PAFL, Mix y Mute espec\u00edficos, con indicadores, y un controlador giratorio. 6 botones con indicadores proporcionan un modo global para los controles giratorios que son ganancia, panorama, env\u00edos y hasta 3 funciones personalizadas. Los niveles de env\u00edo a las mezclas tambi\u00e9n se pueden ajustar mediante los faders.<\/p>\n<p>Cuenta con teclas espec\u00edficas para las funciones r\u00e1pidas Copy\/Paste\/Reset de mezclas y par\u00e1metros de procesado, asignaciones pre\/post y mezcla, protecci\u00f3n de escenas, bloqueo de capas y cambio de faders a la funci\u00f3n GEQ.<\/p>\n<p>Incorpora una pantalla t\u00e1ctil capacitiva Full-HD (1080p) de 15,6\u201d para acceder a la visualizaci\u00f3n\u00a0 de canales, bloques de nombres de canales, procesado de canales, medidores, efectos, E\/S, gesti\u00f3n de escenas, configuraci\u00f3n, utilidades y diagn\u00f3sticos.<\/p>\n<p>Los medidores de 22 segmentos en el bloque de nombre de canal indican los niveles de canal y mezcla. Se proporciona un medidor adicional de 22 segmentos en pantalla para monitorizar la se\u00f1al PAFL.<\/p>\n<p>Las entradas anal\u00f3gicas locales disponen de 6 conectores XLR balanceadas y se conectan a preamplificadores de alta calidad controlados digitalmente y totalmente recuperables. Estos pueden proporcionar hasta +60 dB de ganancia, alimentaci\u00f3n fantasma de 48 V est\u00e1ndar de la industria e incluyen un pad conmutable de -20 dB para permitir un nivel de entrada m\u00e1ximo de +30 dBu. Las salidas anal\u00f3gicas locales cuentan con 6 conectores XLR balanceados. Estos presentan una salida de l\u00ednea nominal de +4dBu y una salida m\u00e1xima de +22dBu.<\/p>\n<p>Se dispone de una entrada est\u00e9reo AES3 con SRC (32-192 kHz) a trav\u00e9s de conector XLR, as\u00ed como de una salida est\u00e9reo AES3 con SRC (96 kHz, 48 kHz, 44,1 kHz) tambi\u00e9n a trav\u00e9s de XLR. Existe una opci\u00f3n para omitir la conversi\u00f3n de frecuencia de muestreo en las entradas y salidas digitales a trav\u00e9s de la interfaz de usuario del software.<\/p>\n<p>Avantis Solo es tan flexible como peque\u00f1o. El sistema sLink integrado permite la conexi\u00f3n a la amplia gama de expansores de audio de Allen &amp; Heath, mientras que dos ranuras para tarjetas de E\/S de gran formato admiten tarjetas MADI, Dante y Waves para una gran variedad de opciones de grabaci\u00f3n e integraci\u00f3n.<\/p>\n<p>Para obtener m\u00e1s control, puede a\u00f1adir los controladores remotos IP de Allen &amp; Heath, conectarse con MixPad o Custom Controller, o darle el control al artista con el sistema de mezcla personal ME.<\/p>\n<p>El interface de usuario Continuity le permite ver e interactuar instant\u00e1neamente no solo con los par\u00e1metros importantes, sino mucho m\u00e1s, haciendo posible una conexi\u00f3n perfecta entre los controles f\u00edsicos y la n\u00edtida pantalla Full-HD de 1080p. Los controles rotativos de canal le permiten trabajar ganancias o panoramas y luego, con solo tocar un bot\u00f3n, plegar din\u00e1micamente la pantalla para mostrar los par\u00e1metros del ecualizador o del compresor en todo el banco. Avantis Solo cuenta con una pesta\u00f1a FastGrab en el lado derecho de la pantalla, que le brinda acceso en una fracci\u00f3n de segundo a par\u00e1metros clave asignables libremente, como env\u00edos auxiliares, ecualizador, compresor y efectos en el canal espec\u00edfico o seleccionado actualmente. Todo el sistema est\u00e1 configurado para mostrar din\u00e1micamente la informaci\u00f3n que necesita en cualquier momento y poner el control al alcance de su mano.<\/p>\n<p>Por defecto, Avantis Solo incluye potentes herramientas de procesado que satisfar\u00e1n f\u00e1cilmente las demandas de la mayor\u00eda de los usuarios y aplicaciones. Si el usuario desea m\u00e1s opciones, puede actualizar su consola a Avantis dPack y obtendr\u00e1 el procesado adicional del sistema dLive, insignia de Allen &amp; Heath, que incluye Dyn8 (hasta 16 instancias), compresores DEEP y el preamplificador Dual-Stage Valve. Lo mejor de todo es que todas las actualizaciones futuras de dPack se incluir\u00e1n autom\u00e1ticamente, para siempre y de forma gratuita.<\/p>\n<p>Dos puertos de E\/S adicionales permiten a Avantis Solo beneficiarse de la gama completa de tarjetas opcionales dLive actuales, incluidas Dante (64&#215;64 y 128&#215;128), Waves, gigaACE, MADI y m\u00e1s, ampliando las posibilidades de integraci\u00f3n del sistema, splits digitales, grabaci\u00f3n y conectividad con la gama Allen &amp; Heath DT de expansores compatibles con Dante.<\/p>\n<p>Allen &amp; Heath tiene una merecida reputaci\u00f3n por crear emulaciones FX que rivalizan con los mejores plug ins de terceros, pero sin las molestias asociadas a estos. Avantis est\u00e1 equipado con 12 motores de efectos est\u00e9reo e incorpora la aclamada biblioteca RackExtra de emulaciones de reverberaciones cl\u00e1sicas legendarias, reverberaciones controladas, retardos, moduladores y m\u00e1s. Todos los efectos tienen retornos est\u00e9reo espec\u00edficos para que el usuario no necesite desperdiciar canales de entrada.<\/p>\n<p>Todos los canales de entrada cuentan con: Trim, Polaridad, Filtro Pasa Alto, Filtro Pasa Bajo, dos puntos de inserci\u00f3n, Gate, EQ param\u00e9trica, compresor y retardo.<\/p>\n<p>Todos los canales de mezcla de salida cuentan con: entrada externa, polaridad, Trim, inserci\u00f3n, EQ param\u00e9trica, EQ gr\u00e1fica con RTA y cambio de funci\u00f3n de los faders, compresor y retardo. Todos los retardos incluidos en el sistema son ajustables en milisegundos, metros, pies y muestras.<\/p>\n<p>El mezclador cuenta con 16 grupos DCA, con funcionalidad DCA Spill y 8 grupos Mute. Tambi\u00e9n cuenta con mezclador autom\u00e1tico de micr\u00f3fonos (AMM) de hasta 64 fuentes microf\u00f3nicas sobre 1, 2 o 4 zonas. Es capaz de funcionar en el modo cl\u00e1sico de compartici\u00f3n de ganancia o por medio del algoritmo NOM (Number of Open Microphones). Tambi\u00e9n se ha integrado en el mezclador la gesti\u00f3n de sistemas RF de Shure y Sennheiser.<\/p>\n<p>Fuera del mezclador, el software Avantis Director permite el control on line y la edici\u00f3n off line, mientras que la app MixPad permite la mezcla remota inal\u00e1mbrica desde un iPad. Los artistas tambi\u00e9n pueden beneficiarse de las ventajas que ofrecen la aplicaci\u00f3n OneMix para iOS y la pr\u00f3xima aplicaci\u00f3n multiplataforma Avantis4You, las cuales ofrecen mezclas de monitor personal desde el escenario.<\/p>\n<ul>\n<li>Mezclador digital 64 canales \/ 42 buses, 96 kHz<\/li>\n<li>N\u00facleo XCVI FPGA con latencia ultra baja (0.7ms)<\/li>\n<li>Arquitectura del bus de mezcla totalmente configurable<\/li>\n<li>Chasis totalmente met\u00e1lico muy resistente<\/li>\n<li>Interface de Usuario Continuity que conecta perfectamente los controles f\u00edsicos y los que aparecen en la pantalla t\u00e1ctil, permitiendo un flujo de trabajo m\u00e1s r\u00e1pido e intuitivo<\/li>\n<li>La opci\u00f3n dPack a\u00f1ade el procesado dLive, incluyendo 16 motores Dyn8, adem\u00e1s de compresores DEEP de latencia cero por canal, y preamplificador Dual-Stage Valve<\/li>\n<li>12 ranuras RackExtra FX con retornos est\u00e9reo espec\u00edficos<\/li>\n<li>16 DCAs<\/li>\n<li>Una pantalla t\u00e1ctil capacitive Full HD de 15.6\u201d, con control gestual<\/li>\n<li>AMM (Mezclador autom\u00e1tico de micr\u00f3fonos) de hasta 64 canales sobre 1, 2 o 4 zonas<\/li>\n<li>Configuraci\u00f3n totalmente ajustable<\/li>\n<li>72 strips de fader (12 faders, 6 capas) con secci\u00f3n principal dedicada opcional<\/li>\n<li>Puerto SLink para la conexi\u00f3n de Expansores Remote I\/O Expanders y el sistema de mezcla personal ME<\/li>\n<li>6 entradas XLR anal\u00f3gicas \/ 6 salidas XLR anal\u00f3gicas<\/li>\n<li>1 entrada est\u00e9reo AES \/ 1 salida est\u00e9reo AES<\/li>\n<li>2 Puertos E\/S, ambos capaces de funcionamiento 128&#215;128 a 96kHz para tarjetas opcionales, incluyendo Dante, MADI y gigaACE<\/li>\n<li>Controles rotativos configurables por el usuario<\/li>\n<li>18 SoftKeys asignables<\/li>\n<li>Medici\u00f3n integral con detecci\u00f3n de picos multipunto<\/li>\n<li>Grabaci\u00f3n y reproducci\u00f3n USB est\u00e9reo<\/li>\n<li>BNC Word Clock<\/li>\n<\/ul>\n<p>&nbsp;<\/p>\n","protected":false},"excerpt":{"rendered":"<h3>Mezclador digital de 64 canales \/ 42 buses<\/h3>\n<ul>\n<li>La mitad de tama\u00f1o, y toda la potencia<\/li>\n<li>72 strips de fader (12 faders, 6 capas) con secci\u00f3n principal especifica opcional<\/li>\n<li>Una pantalla t\u00e1ctil capacitiva Full HD de 15.6\u201d con control gestual<\/li>\n<li>Puerto SLink para conexi\u00f3n a Remote I\/O Expanders y sistemas de mezcla personal ME<\/li>\n<li>2 puertos E\/S, ambos capaces de funcionamiento 128&#215;128 a 96kHz para tarjetas opcionales, incluyendo Dante, MADI y gigaACE<\/li>\n<li>6 entradas XLR anal\u00f3gicas \/ 6 salidas XLR anal\u00f3gicas<\/li>\n<li>1 entrada est\u00e9reo AES \/ 1 salida est\u00e9reo AES<\/li>\n<li>Integraci\u00f3n de equipos RF de Shure y Sennheiser<\/li>\n<li>Grabaci\u00f3n y reproducci\u00f3n USB est\u00e9reo<\/li>\n<\/ul>\n<p>&nbsp;<\/p>\n","protected":false},"featured_media":31129,"template":"","meta":{"_acf_changed":false},"product_brand":[],"product_cat":[1493,1494,2472],"product_tag":[],"class_list":{"0":"post-31121","1":"product","2":"type-product","3":"status-publish","4":"has-post-thumbnail","6":"product_cat-mesas-de-mezclas-allen-heath","7":"product_cat-mesas-de-mezclas-para-directo-mesas-de-mezclas-allen-heath","8":"product_cat-serie-avantis","9":"product_series-serie-avantis","11":"first","12":"instock","13":"shipping-taxable","14":"product-type-simple"},"acf":[],"yoast_head":"<!-- This site is optimized with the Yoast SEO plugin v27.1.1 - https:\/\/yoast.com\/product\/yoast-seo-wordpress\/ -->\n<title>Avantis Solo - Audio-Technica Iberia<\/title>\n<meta name=\"robots\" content=\"index, follow, max-snippet:-1, max-image-preview:large, max-video-preview:-1\" \/>\n<link rel=\"canonical\" href=\"https:\/\/distribution.audio-technica.eu\/es-es\/productos\/avantis-solo\/\" \/>\n<meta property=\"og:locale\" content=\"es_ES\" \/>\n<meta property=\"og:type\" content=\"article\" \/>\n<meta property=\"og:title\" content=\"Avantis Solo - Audio-Technica Iberia\" \/>\n<meta property=\"og:description\" content=\"Mezclador digital de 64 canales \/ 42 buses   La mitad de tama\u00f1o, y toda la potencia  72 strips de fader (12 faders, 6 capas) con secci\u00f3n principal especifica opcional  Una pantalla t\u00e1ctil capacitiva Full HD de 15.6\u201d con control gestual  Puerto SLink para conexi\u00f3n a Remote I\/O Expanders y sistemas de mezcla personal ME  2 puertos E\/S, ambos capaces de funcionamiento 128x128 a 96kHz para tarjetas opcionales, incluyendo Dante, MADI y gigaACE  6 entradas XLR anal\u00f3gicas \/ 6 salidas XLR anal\u00f3gicas  1 entrada est\u00e9reo AES \/ 1 salida est\u00e9reo AES  Integraci\u00f3n de equipos RF de Shure y Sennheiser  Grabaci\u00f3n y reproducci\u00f3n USB est\u00e9reo  &nbsp;\" \/>\n<meta property=\"og:url\" content=\"https:\/\/distribution.audio-technica.eu\/es-es\/productos\/avantis-solo\/\" \/>\n<meta property=\"og:site_name\" content=\"Audio-Technica Iberia\" \/>\n<meta property=\"article:modified_time\" content=\"2025-02-27T09:43:03+00:00\" \/>\n<meta property=\"og:image\" content=\"https:\/\/distribution.audio-technica.eu\/app\/uploads\/sites\/2\/AH-Avantis-SOLO-Left0004.jpg\" \/>\n\t<meta property=\"og:image:width\" content=\"1500\" \/>\n\t<meta property=\"og:image:height\" content=\"1500\" \/>\n\t<meta property=\"og:image:type\" content=\"image\/jpeg\" \/>\n<meta name=\"twitter:card\" content=\"summary_large_image\" \/>\n<meta name=\"twitter:label1\" content=\"Tiempo de lectura\" \/>\n\t<meta name=\"twitter:data1\" content=\"7 minutos\" \/>\n<script type=\"application\/ld+json\" class=\"yoast-schema-graph\">{\"@context\":\"https:\/\/schema.org\",\"@graph\":[{\"@type\":\"WebPage\",\"@id\":\"https:\/\/distribution.audio-technica.eu\/es-es\/productos\/avantis-solo\/\",\"url\":\"https:\/\/distribution.audio-technica.eu\/es-es\/productos\/avantis-solo\/\",\"name\":\"Avantis Solo - Audio-Technica Iberia\",\"isPartOf\":{\"@id\":\"https:\/\/distribution.audio-technica.eu\/es-es\/#website\"},\"primaryImageOfPage\":{\"@id\":\"https:\/\/distribution.audio-technica.eu\/es-es\/productos\/avantis-solo\/#primaryimage\"},\"image\":{\"@id\":\"https:\/\/distribution.audio-technica.eu\/es-es\/productos\/avantis-solo\/#primaryimage\"},\"thumbnailUrl\":\"\/app\/uploads\/sites\/2\/AH-Avantis-SOLO-Left0004.jpg\",\"datePublished\":\"2023-10-23T08:00:53+00:00\",\"dateModified\":\"2025-02-27T09:43:03+00:00\",\"breadcrumb\":{\"@id\":\"https:\/\/distribution.audio-technica.eu\/es-es\/productos\/avantis-solo\/#breadcrumb\"},\"inLanguage\":\"es\",\"potentialAction\":[{\"@type\":\"ReadAction\",\"target\":[\"https:\/\/distribution.audio-technica.eu\/es-es\/productos\/avantis-solo\/\"]}]},{\"@type\":\"ImageObject\",\"inLanguage\":\"es\",\"@id\":\"https:\/\/distribution.audio-technica.eu\/es-es\/productos\/avantis-solo\/#primaryimage\",\"url\":\"\/app\/uploads\/sites\/2\/AH-Avantis-SOLO-Left0004.jpg\",\"contentUrl\":\"\/app\/uploads\/sites\/2\/AH-Avantis-SOLO-Left0004.jpg\",\"width\":1500,\"height\":1500},{\"@type\":\"BreadcrumbList\",\"@id\":\"https:\/\/distribution.audio-technica.eu\/es-es\/productos\/avantis-solo\/#breadcrumb\",\"itemListElement\":[{\"@type\":\"ListItem\",\"position\":1,\"name\":\"Products\",\"item\":\"https:\/\/distribution.audio-technica.eu\/es-es\/\"},{\"@type\":\"ListItem\",\"position\":2,\"name\":\"Productos\",\"item\":\"https:\/\/distribution.audio-technica.eu\/es-es\/productos\/\"},{\"@type\":\"ListItem\",\"position\":3,\"name\":\"Avantis Solo\"}]},{\"@type\":\"WebSite\",\"@id\":\"https:\/\/distribution.audio-technica.eu\/es-es\/#website\",\"url\":\"https:\/\/distribution.audio-technica.eu\/es-es\/\",\"name\":\"Audio-Technica Iberia\",\"description\":\"Distribuci\u00f3n\",\"potentialAction\":[{\"@type\":\"SearchAction\",\"target\":{\"@type\":\"EntryPoint\",\"urlTemplate\":\"https:\/\/distribution.audio-technica.eu\/es-es\/?s={search_term_string}\"},\"query-input\":{\"@type\":\"PropertyValueSpecification\",\"valueRequired\":true,\"valueName\":\"search_term_string\"}}],\"inLanguage\":\"es\"}]}<\/script>\n<!-- \/ Yoast SEO plugin. -->","yoast_head_json":{"title":"Avantis Solo - Audio-Technica Iberia","robots":{"index":"index","follow":"follow","max-snippet":"max-snippet:-1","max-image-preview":"max-image-preview:large","max-video-preview":"max-video-preview:-1"},"canonical":"https:\/\/distribution.audio-technica.eu\/es-es\/productos\/avantis-solo\/","og_locale":"es_ES","og_type":"article","og_title":"Avantis Solo - Audio-Technica Iberia","og_description":"Mezclador digital de 64 canales \/ 42 buses   La mitad de tama\u00f1o, y toda la potencia  72 strips de fader (12 faders, 6 capas) con secci\u00f3n principal especifica opcional  Una pantalla t\u00e1ctil capacitiva Full HD de 15.6\u201d con control gestual  Puerto SLink para conexi\u00f3n a Remote I\/O Expanders y sistemas de mezcla personal ME  2 puertos E\/S, ambos capaces de funcionamiento 128x128 a 96kHz para tarjetas opcionales, incluyendo Dante, MADI y gigaACE  6 entradas XLR anal\u00f3gicas \/ 6 salidas XLR anal\u00f3gicas  1 entrada est\u00e9reo AES \/ 1 salida est\u00e9reo AES  Integraci\u00f3n de equipos RF de Shure y Sennheiser  Grabaci\u00f3n y reproducci\u00f3n USB est\u00e9reo  &nbsp;","og_url":"https:\/\/distribution.audio-technica.eu\/es-es\/productos\/avantis-solo\/","og_site_name":"Audio-Technica Iberia","article_modified_time":"2025-02-27T09:43:03+00:00","og_image":[{"width":1500,"height":1500,"url":"https:\/\/distribution.audio-technica.eu\/app\/uploads\/sites\/2\/AH-Avantis-SOLO-Left0004.jpg","type":"image\/jpeg"}],"twitter_card":"summary_large_image","twitter_misc":{"Tiempo de lectura":"7 minutos"},"schema":{"@context":"https:\/\/schema.org","@graph":[{"@type":"WebPage","@id":"https:\/\/distribution.audio-technica.eu\/es-es\/productos\/avantis-solo\/","url":"https:\/\/distribution.audio-technica.eu\/es-es\/productos\/avantis-solo\/","name":"Avantis Solo - Audio-Technica Iberia","isPartOf":{"@id":"https:\/\/distribution.audio-technica.eu\/es-es\/#website"},"primaryImageOfPage":{"@id":"https:\/\/distribution.audio-technica.eu\/es-es\/productos\/avantis-solo\/#primaryimage"},"image":{"@id":"https:\/\/distribution.audio-technica.eu\/es-es\/productos\/avantis-solo\/#primaryimage"},"thumbnailUrl":"\/app\/uploads\/sites\/2\/AH-Avantis-SOLO-Left0004.jpg","datePublished":"2023-10-23T08:00:53+00:00","dateModified":"2025-02-27T09:43:03+00:00","breadcrumb":{"@id":"https:\/\/distribution.audio-technica.eu\/es-es\/productos\/avantis-solo\/#breadcrumb"},"inLanguage":"es","potentialAction":[{"@type":"ReadAction","target":["https:\/\/distribution.audio-technica.eu\/es-es\/productos\/avantis-solo\/"]}]},{"@type":"ImageObject","inLanguage":"es","@id":"https:\/\/distribution.audio-technica.eu\/es-es\/productos\/avantis-solo\/#primaryimage","url":"\/app\/uploads\/sites\/2\/AH-Avantis-SOLO-Left0004.jpg","contentUrl":"\/app\/uploads\/sites\/2\/AH-Avantis-SOLO-Left0004.jpg","width":1500,"height":1500},{"@type":"BreadcrumbList","@id":"https:\/\/distribution.audio-technica.eu\/es-es\/productos\/avantis-solo\/#breadcrumb","itemListElement":[{"@type":"ListItem","position":1,"name":"Products","item":"https:\/\/distribution.audio-technica.eu\/es-es\/"},{"@type":"ListItem","position":2,"name":"Productos","item":"https:\/\/distribution.audio-technica.eu\/es-es\/productos\/"},{"@type":"ListItem","position":3,"name":"Avantis Solo"}]},{"@type":"WebSite","@id":"https:\/\/distribution.audio-technica.eu\/es-es\/#website","url":"https:\/\/distribution.audio-technica.eu\/es-es\/","name":"Audio-Technica Iberia","description":"Distribuci\u00f3n","potentialAction":[{"@type":"SearchAction","target":{"@type":"EntryPoint","urlTemplate":"https:\/\/distribution.audio-technica.eu\/es-es\/?s={search_term_string}"},"query-input":{"@type":"PropertyValueSpecification","valueRequired":true,"valueName":"search_term_string"}}],"inLanguage":"es"}]}},"_links":{"self":[{"href":"https:\/\/distribution.audio-technica.eu\/es-es\/wp-json\/wp\/v2\/product\/31121","targetHints":{"allow":["GET"]}}],"collection":[{"href":"https:\/\/distribution.audio-technica.eu\/es-es\/wp-json\/wp\/v2\/product"}],"about":[{"href":"https:\/\/distribution.audio-technica.eu\/es-es\/wp-json\/wp\/v2\/types\/product"}],"wp:featuredmedia":[{"embeddable":true,"href":"https:\/\/distribution.audio-technica.eu\/es-es\/wp-json\/wp\/v2\/media\/31129"}],"wp:attachment":[{"href":"https:\/\/distribution.audio-technica.eu\/es-es\/wp-json\/wp\/v2\/media?parent=31121"}],"wp:term":[{"taxonomy":"product_brand","embeddable":true,"href":"https:\/\/distribution.audio-technica.eu\/es-es\/wp-json\/wp\/v2\/product_brand?post=31121"},{"taxonomy":"product_cat","embeddable":true,"href":"https:\/\/distribution.audio-technica.eu\/es-es\/wp-json\/wp\/v2\/product_cat?post=31121"},{"taxonomy":"product_tag","embeddable":true,"href":"https:\/\/distribution.audio-technica.eu\/es-es\/wp-json\/wp\/v2\/product_tag?post=31121"}],"curies":[{"name":"wp","href":"https:\/\/api.w.org\/{rel}","templated":true}]}}