{"id":31304,"date":"2023-11-09T17:06:13","date_gmt":"2023-11-09T16:06:13","guid":{"rendered":"https:\/\/distribution.audio-technica.eu\/es-es\/?post_type=product&#038;p=31304"},"modified":"2025-02-27T10:41:58","modified_gmt":"2025-02-27T09:41:58","slug":"busker","status":"publish","type":"product","link":"https:\/\/distribution.audio-technica.eu\/es-es\/productos\/busker\/","title":{"rendered":"Busker"},"content":{"rendered":"<h2>Busker<\/h2>\n<h3>PA port\u00e1til compacta con bater\u00eda y Bluetooth<\/h3>\n<p>Busker de Alto Professional es una unidad de PA que funciona alimentada por bater\u00edas, dise\u00f1ada para el m\u00fasico itinerante que exige un sonido de primer nivel en una soluci\u00f3n port\u00e1til que le permita sentirse como en casa en cualquier escenario. Gracias a su woofer y tweeter emparejados de forma \u00f3ptima, se consigue una potencia de salida de 200 W. Busker proporciona un sonido claro y focalizado que hace que la m\u00fasica brille en cualquier entorno.<\/p>\n<p>Permite la conexi\u00f3n de micr\u00f3fonos e instrumentos con nivel de l\u00ednea en su mezclador de 3 canales integrado, que ofrece botones de control de f\u00e1cil acceso para establecer los niveles deseados sin necesidad de detener la m\u00fasica.<\/p>\n<p>El usuario podr\u00e1 aportar un brillo y espectacularidad extra a sus voces o guitarras gracias a la presencia de una unidad integrada de procesado de FX de Alesis, que cuenta con sus propios controles.<\/p>\n<p>Busker dispone de Bluetooth en su canal n\u00famero 3 que permite la transmisi\u00f3n inal\u00e1mbrica de audio en streaming, procedente de un dispositivo del usuario. Esto puede ser \u00fatil, por ejemplo, para reproducir pistas de ritmo mientras se est\u00e1 realizando una jam o para reproducir un app de metr\u00f3nomo en las sesiones de ensayo o precalentamiento antes de la actuaci\u00f3n.<\/p>\n<p>La aplicaci\u00f3n gratuita Alto para iOS y Android permite cargar r\u00e1pidamente sus ajustes de configuraci\u00f3n favoritos. Una entrada AUX de 1\/8 disponible permite la conexi\u00f3n de todo tipo de fuentes de sonido, como cajas de ritmo, por ejemplo.<\/p>\n<p>Busker est\u00e1 dise\u00f1ado para ser trasportado f\u00e1cilmente de concierto en concierto, manteniendo al mismo tiempo el peso y volumen suficiente para seguir proporcionando un sonido potente y contundente. Su robusta construcci\u00f3n resiste sin problemas las duras condiciones de la carretera, y es capaz de proporcionar una sonido fiable y de la m\u00e1xima calidad, noche tras noche.<\/p>\n<p>Es posible colocarlo verticalmente sobre el escenario para conseguir una precisa amplificaci\u00f3n, dejarlo en el suelo colocado en \u00e1ngulo orientado hacia el m\u00fasico para usarlo como monitor, o montarlo en un m\u00e1stil para proyectar el sonido.<\/p>\n<p>Para conciertos de mayore dimensiones, Una salida espec\u00edfica a trav\u00e9s de XLR permite su conexi\u00f3n al sistema FOH u otros destinos, de forma que el usuario siga disfrutando de cerca del sonido que le resulta familiar.<\/p>\n<p>Es posible maximizar su autonom\u00eda gracias al Modo Battery Eco, que proporciona hasta 24 horas (Modo Eco) de autonom\u00eda.<\/p>\n<p>&nbsp;<\/p>\n<ul>\n<li>200W de potente sonido port\u00e1til, con un woofer de 6,5\u201d (165 mm) y un tweeter de 1\u201d (25 mm)<\/li>\n<li>Modo Battery Eco para aumentar el tiempo de funcionamiento hasta 24 horas<\/li>\n<li>Dise\u00f1o compacto y ligero que facilita su transporte<\/li>\n<li>App Alto gratuita (iOS\/Android) para configuraci\u00f3n y control remoto<\/li>\n<li>Streaming Bluetooth de m\u00fasica directamente desde un dispositivo<\/li>\n<li>Mezclador de 3 canales integrado, que incluye FX Alesis<\/li>\n<li>2 entradas combo XLR\/TRS (para micros, instrumentos y fuentes con nivel de l\u00ednea)<\/li>\n<li>Entrada auxiliar para dispositivos no Bluetooth<\/li>\n<li>Vers\u00e1til dise\u00f1o que permite la colocaci\u00f3n vertical o inclinada, seg\u00fan requiera el entorno<\/li>\n<li>Puede usarse de forma aut\u00f3noma o en un m\u00e1stil con un altavoz DSP, para un sonido procesado<\/li>\n<li>Es posible enlazar de forma inal\u00e1mbrica, v\u00eda Bluetooth, dos unidades Busker para reproducci\u00f3n est\u00e9reo<\/li>\n<li>Flexible colocaci\u00f3n horizontal o vertical para monitorizaci\u00f3n<\/li>\n<\/ul>\n<p>&nbsp;<\/p>\n","protected":false},"excerpt":{"rendered":"<h3>PA port\u00e1til compacta con bater\u00eda y Bluetooth<\/h3>\n<ul>\n<li>200W de potente sonido port\u00e1til, con un woofer de 6,5&#8243; y un tweeter de 1&#8243;<\/li>\n<li>Modo Battery Eco para aumentar el tiempo de funcionamiento hasta 24 horas<\/li>\n<li>Dise\u00f1o compacto y ligero que facilita su transporte<\/li>\n<li>App Alto gratuita (iOS\/Android) para configuraci\u00f3n y control remoto<\/li>\n<li>Streaming Bluetooth de m\u00fasica directamente desde un dispositivo<\/li>\n<li>Mezclador de 3 canales integrado, que incluye FX Alesis<\/li>\n<\/ul>\n<p>&nbsp;<\/p>\n","protected":false},"featured_media":31312,"template":"","meta":{"_acf_changed":false},"product_brand":[],"product_cat":[1336,1337],"product_tag":[],"class_list":{"0":"post-31304","1":"product","2":"type-product","3":"status-publish","4":"has-post-thumbnail","6":"product_cat-recintos-acusticos","7":"product_cat-combos-auto-amplificados","9":"first","10":"instock","11":"shipping-taxable","12":"product-type-simple"},"acf":[],"yoast_head":"<!-- This site is optimized with the Yoast SEO plugin v27.1.1 - https:\/\/yoast.com\/product\/yoast-seo-wordpress\/ -->\n<title>Busker - Audio-Technica Iberia<\/title>\n<meta name=\"robots\" content=\"index, follow, max-snippet:-1, max-image-preview:large, max-video-preview:-1\" \/>\n<link rel=\"canonical\" href=\"https:\/\/distribution.audio-technica.eu\/es-es\/productos\/busker\/\" \/>\n<meta property=\"og:locale\" content=\"es_ES\" \/>\n<meta property=\"og:type\" content=\"article\" \/>\n<meta property=\"og:title\" content=\"Busker - Audio-Technica Iberia\" \/>\n<meta property=\"og:description\" content=\"PA port\u00e1til compacta con bater\u00eda y Bluetooth   200W de potente sonido port\u00e1til, con un woofer de 6,5&quot; y un tweeter de 1&quot;  Modo Battery Eco para aumentar el tiempo de funcionamiento hasta 24 horas  Dise\u00f1o compacto y ligero que facilita su transporte  App Alto gratuita (iOS\/Android) para configuraci\u00f3n y control remoto  Streaming Bluetooth de m\u00fasica directamente desde un dispositivo  Mezclador de 3 canales integrado, que incluye FX Alesis  &nbsp;\" \/>\n<meta property=\"og:url\" content=\"https:\/\/distribution.audio-technica.eu\/es-es\/productos\/busker\/\" \/>\n<meta property=\"og:site_name\" content=\"Audio-Technica Iberia\" \/>\n<meta property=\"article:modified_time\" content=\"2025-02-27T09:41:58+00:00\" \/>\n<meta property=\"og:image\" content=\"https:\/\/distribution.audio-technica.eu\/app\/uploads\/sites\/2\/Alto_Busker_main.jpg\" \/>\n\t<meta property=\"og:image:width\" content=\"1500\" \/>\n\t<meta property=\"og:image:height\" content=\"1500\" \/>\n\t<meta property=\"og:image:type\" content=\"image\/jpeg\" \/>\n<meta name=\"twitter:card\" content=\"summary_large_image\" \/>\n<meta name=\"twitter:label1\" content=\"Tiempo de lectura\" \/>\n\t<meta name=\"twitter:data1\" content=\"3 minutos\" \/>\n<script type=\"application\/ld+json\" class=\"yoast-schema-graph\">{\"@context\":\"https:\/\/schema.org\",\"@graph\":[{\"@type\":\"WebPage\",\"@id\":\"https:\/\/distribution.audio-technica.eu\/es-es\/productos\/busker\/\",\"url\":\"https:\/\/distribution.audio-technica.eu\/es-es\/productos\/busker\/\",\"name\":\"Busker - Audio-Technica Iberia\",\"isPartOf\":{\"@id\":\"https:\/\/distribution.audio-technica.eu\/es-es\/#website\"},\"primaryImageOfPage\":{\"@id\":\"https:\/\/distribution.audio-technica.eu\/es-es\/productos\/busker\/#primaryimage\"},\"image\":{\"@id\":\"https:\/\/distribution.audio-technica.eu\/es-es\/productos\/busker\/#primaryimage\"},\"thumbnailUrl\":\"\/app\/uploads\/sites\/2\/Alto_Busker_main.jpg\",\"datePublished\":\"2023-11-09T16:06:13+00:00\",\"dateModified\":\"2025-02-27T09:41:58+00:00\",\"breadcrumb\":{\"@id\":\"https:\/\/distribution.audio-technica.eu\/es-es\/productos\/busker\/#breadcrumb\"},\"inLanguage\":\"es\",\"potentialAction\":[{\"@type\":\"ReadAction\",\"target\":[\"https:\/\/distribution.audio-technica.eu\/es-es\/productos\/busker\/\"]}]},{\"@type\":\"ImageObject\",\"inLanguage\":\"es\",\"@id\":\"https:\/\/distribution.audio-technica.eu\/es-es\/productos\/busker\/#primaryimage\",\"url\":\"\/app\/uploads\/sites\/2\/Alto_Busker_main.jpg\",\"contentUrl\":\"\/app\/uploads\/sites\/2\/Alto_Busker_main.jpg\",\"width\":1500,\"height\":1500},{\"@type\":\"BreadcrumbList\",\"@id\":\"https:\/\/distribution.audio-technica.eu\/es-es\/productos\/busker\/#breadcrumb\",\"itemListElement\":[{\"@type\":\"ListItem\",\"position\":1,\"name\":\"Products\",\"item\":\"https:\/\/distribution.audio-technica.eu\/es-es\/\"},{\"@type\":\"ListItem\",\"position\":2,\"name\":\"Productos\",\"item\":\"https:\/\/distribution.audio-technica.eu\/es-es\/productos\/\"},{\"@type\":\"ListItem\",\"position\":3,\"name\":\"Busker\"}]},{\"@type\":\"WebSite\",\"@id\":\"https:\/\/distribution.audio-technica.eu\/es-es\/#website\",\"url\":\"https:\/\/distribution.audio-technica.eu\/es-es\/\",\"name\":\"Audio-Technica Iberia\",\"description\":\"Distribuci\u00f3n\",\"potentialAction\":[{\"@type\":\"SearchAction\",\"target\":{\"@type\":\"EntryPoint\",\"urlTemplate\":\"https:\/\/distribution.audio-technica.eu\/es-es\/?s={search_term_string}\"},\"query-input\":{\"@type\":\"PropertyValueSpecification\",\"valueRequired\":true,\"valueName\":\"search_term_string\"}}],\"inLanguage\":\"es\"}]}<\/script>\n<!-- \/ Yoast SEO plugin. -->","yoast_head_json":{"title":"Busker - Audio-Technica Iberia","robots":{"index":"index","follow":"follow","max-snippet":"max-snippet:-1","max-image-preview":"max-image-preview:large","max-video-preview":"max-video-preview:-1"},"canonical":"https:\/\/distribution.audio-technica.eu\/es-es\/productos\/busker\/","og_locale":"es_ES","og_type":"article","og_title":"Busker - Audio-Technica Iberia","og_description":"PA port\u00e1til compacta con bater\u00eda y Bluetooth   200W de potente sonido port\u00e1til, con un woofer de 6,5\" y un tweeter de 1\"  Modo Battery Eco para aumentar el tiempo de funcionamiento hasta 24 horas  Dise\u00f1o compacto y ligero que facilita su transporte  App Alto gratuita (iOS\/Android) para configuraci\u00f3n y control remoto  Streaming Bluetooth de m\u00fasica directamente desde un dispositivo  Mezclador de 3 canales integrado, que incluye FX Alesis  &nbsp;","og_url":"https:\/\/distribution.audio-technica.eu\/es-es\/productos\/busker\/","og_site_name":"Audio-Technica Iberia","article_modified_time":"2025-02-27T09:41:58+00:00","og_image":[{"width":1500,"height":1500,"url":"https:\/\/distribution.audio-technica.eu\/app\/uploads\/sites\/2\/Alto_Busker_main.jpg","type":"image\/jpeg"}],"twitter_card":"summary_large_image","twitter_misc":{"Tiempo de lectura":"3 minutos"},"schema":{"@context":"https:\/\/schema.org","@graph":[{"@type":"WebPage","@id":"https:\/\/distribution.audio-technica.eu\/es-es\/productos\/busker\/","url":"https:\/\/distribution.audio-technica.eu\/es-es\/productos\/busker\/","name":"Busker - Audio-Technica Iberia","isPartOf":{"@id":"https:\/\/distribution.audio-technica.eu\/es-es\/#website"},"primaryImageOfPage":{"@id":"https:\/\/distribution.audio-technica.eu\/es-es\/productos\/busker\/#primaryimage"},"image":{"@id":"https:\/\/distribution.audio-technica.eu\/es-es\/productos\/busker\/#primaryimage"},"thumbnailUrl":"\/app\/uploads\/sites\/2\/Alto_Busker_main.jpg","datePublished":"2023-11-09T16:06:13+00:00","dateModified":"2025-02-27T09:41:58+00:00","breadcrumb":{"@id":"https:\/\/distribution.audio-technica.eu\/es-es\/productos\/busker\/#breadcrumb"},"inLanguage":"es","potentialAction":[{"@type":"ReadAction","target":["https:\/\/distribution.audio-technica.eu\/es-es\/productos\/busker\/"]}]},{"@type":"ImageObject","inLanguage":"es","@id":"https:\/\/distribution.audio-technica.eu\/es-es\/productos\/busker\/#primaryimage","url":"\/app\/uploads\/sites\/2\/Alto_Busker_main.jpg","contentUrl":"\/app\/uploads\/sites\/2\/Alto_Busker_main.jpg","width":1500,"height":1500},{"@type":"BreadcrumbList","@id":"https:\/\/distribution.audio-technica.eu\/es-es\/productos\/busker\/#breadcrumb","itemListElement":[{"@type":"ListItem","position":1,"name":"Products","item":"https:\/\/distribution.audio-technica.eu\/es-es\/"},{"@type":"ListItem","position":2,"name":"Productos","item":"https:\/\/distribution.audio-technica.eu\/es-es\/productos\/"},{"@type":"ListItem","position":3,"name":"Busker"}]},{"@type":"WebSite","@id":"https:\/\/distribution.audio-technica.eu\/es-es\/#website","url":"https:\/\/distribution.audio-technica.eu\/es-es\/","name":"Audio-Technica Iberia","description":"Distribuci\u00f3n","potentialAction":[{"@type":"SearchAction","target":{"@type":"EntryPoint","urlTemplate":"https:\/\/distribution.audio-technica.eu\/es-es\/?s={search_term_string}"},"query-input":{"@type":"PropertyValueSpecification","valueRequired":true,"valueName":"search_term_string"}}],"inLanguage":"es"}]}},"_links":{"self":[{"href":"https:\/\/distribution.audio-technica.eu\/es-es\/wp-json\/wp\/v2\/product\/31304","targetHints":{"allow":["GET"]}}],"collection":[{"href":"https:\/\/distribution.audio-technica.eu\/es-es\/wp-json\/wp\/v2\/product"}],"about":[{"href":"https:\/\/distribution.audio-technica.eu\/es-es\/wp-json\/wp\/v2\/types\/product"}],"wp:featuredmedia":[{"embeddable":true,"href":"https:\/\/distribution.audio-technica.eu\/es-es\/wp-json\/wp\/v2\/media\/31312"}],"wp:attachment":[{"href":"https:\/\/distribution.audio-technica.eu\/es-es\/wp-json\/wp\/v2\/media?parent=31304"}],"wp:term":[{"taxonomy":"product_brand","embeddable":true,"href":"https:\/\/distribution.audio-technica.eu\/es-es\/wp-json\/wp\/v2\/product_brand?post=31304"},{"taxonomy":"product_cat","embeddable":true,"href":"https:\/\/distribution.audio-technica.eu\/es-es\/wp-json\/wp\/v2\/product_cat?post=31304"},{"taxonomy":"product_tag","embeddable":true,"href":"https:\/\/distribution.audio-technica.eu\/es-es\/wp-json\/wp\/v2\/product_tag?post=31304"}],"curies":[{"name":"wp","href":"https:\/\/api.w.org\/{rel}","templated":true}]}}