{"id":31491,"date":"2023-12-01T20:43:25","date_gmt":"2023-12-01T19:43:25","guid":{"rendered":"https:\/\/distribution.audio-technica.eu\/es-es\/?post_type=product&#038;p=31491"},"modified":"2025-02-27T10:41:47","modified_gmt":"2025-02-27T09:41:47","slug":"9401a","status":"publish","type":"product","link":"https:\/\/distribution.audio-technica.eu\/es-es\/productos\/9401a\/","title":{"rendered":"9401A"},"content":{"rendered":"<h2>9401A<\/h2>\n<h3>Dispositivo de gesti\u00f3n del sistema para redes de audio sobre IP para SAM\u2122<\/h3>\n<p>Para los profesionales del sonido que utilizan conectividad Audio-sobre-IP (AoIP), el dispositivo de gesti\u00f3n de sistema 9401A de Genelec permite la integraci\u00f3n fluida de monitores activos inteligentes y subwoofers (SAM\u2122) en dise\u00f1os de sistemas SAM, desde est\u00e9reo hasta inmersivo, utilizando streams ST2110, AES67 y Ravenna como fuente, al tiempo que ofrece soporte completo para la adaptaci\u00f3n de la sala desde el potente software Genelec Loudspeaker Manager (GLM\u2122).<\/p>\n<p>El 9401A de Genelec funciona convirtiendo streaming AoIP (ST2110, AES67 y Ravenna) en salidas AES\/EBU, proporcionando 16 canales de audio digital a trav\u00e9s del conector DB25 de la unidad, que se pueden enviar a los sistemas de monitoraje Genelec SAM. El 9401A tambi\u00e9n incluye una salida espec\u00edfica para subgrave y una flexible salida de monitoraje est\u00e9reo auxiliar.<\/p>\n<p>Una \u00fanica unidad 9401A admite todos los formatos inmersivos populares, como 9.1.6, mientras que el uso de varias unidades 9401A permite ampliar a\u00fan m\u00e1s el n\u00famero de canales, admitiendo configuraciones a\u00fan m\u00e1s grandes, como 22.2. Se pueden conectar varios subgraves SAM para ampliar la salida en graves LFE o gesti\u00f3n de graves flexible. El 9401A es totalmente compatible con la plataforma UNIO, que permite unir la monitorizaci\u00f3n con auriculares personales y en la habitaci\u00f3n con la m\u00e1xima precisi\u00f3n.<\/p>\n<p>La salida auxiliar sirve como m\u00e9todo ideal para enviar se\u00f1al a los auriculares, permitiendo la monitorizaci\u00f3n binaural y est\u00e9reo secundaria de los altavoces, mientras que la estrecha integraci\u00f3n del 9401A con el software Genelec Loudspeaker Manager (GLM) permite la calibraci\u00f3n completa del sistema, incluida la alineaci\u00f3n del subwoofer y la compatibilidad con la gesti\u00f3n de graves.<\/p>\n<p>Adem\u00e1s de sus capacidades de red AoIP, la gesti\u00f3n y calibraci\u00f3n de los altavoces se logra a trav\u00e9s de la conectividad de red GLM del 9401A. Luego se puede lograr el control t\u00e1ctil de todo el sistema de monitoraje a trav\u00e9s del nuevo controlador 9320A, que act\u00faa como un puente hacia la plataforma UNIO y brinda acceso instant\u00e1neo con un solo clic a una gran cantidad de funciones de monitor integradas en la familia Smart Active Monitoring.<\/p>\n<p>En cuanto al rendimiento, el 9401A es compatible con frecuencias de muestreo de 44,1 kHz a 192 kHz, utilizando una resoluci\u00f3n de 16, 24 y 32 bits por muestra. Al emplear Gigabit Ethernet para baja latencia, el 9401A admite el conjunto de transmisi\u00f3n ST2110 con conectividad de red redundante ST2022-7 e integraci\u00f3n NMOS con sistemas de automatizaci\u00f3n y gesti\u00f3n. Dise\u00f1ado para proporcionar d\u00e9cadas de servicio con toda fiabilidad, y construido con los m\u00e1s altos est\u00e1ndares ambientales en la f\u00e1brica de Genelec en Iisalmi, Finlandia, el 9401A tambi\u00e9n dispone de la tecnolog\u00eda patentada de detecci\u00f3n inteligente de se\u00f1ales (ISS), para un menor consumo de energ\u00eda.<\/p>\n<p><strong>Advertencia:<\/strong>\u00a0Compatible con todos los monitores y subgraves Smart Active (SAM), excepto el 8320A.<\/p>\n<p>&nbsp;<\/p>\n<ul>\n<li>Permite una f\u00e1cil integraci\u00f3n de monitores activos inteligentes y subwoofers (SAM) en dise\u00f1os de sistemas SAM, desde est\u00e9reo hasta inmersivo.<\/li>\n<li>Protocolos AoIP: ST2110, AES67 y Ravenna<\/li>\n<li>Soporta frecuencias de muestreo de 44,1 &#8211; 192 kHz, usando una resoluci\u00f3n de 16, 24 o 32 bit por muestra<\/li>\n<li>La frecuencia de muestreo de salida sigue a la frecuencia de muestreo de entrada<\/li>\n<li>Formato rack 1 U<\/li>\n<\/ul>\n<p>&nbsp;<\/p>\n","protected":false},"excerpt":{"rendered":"<h3>Dispositivo de gesti\u00f3n del sistema para redes de audio sobre IP para SAM\u2122<\/h3>\n<ul>\n<li>Permite una f\u00e1cil integraci\u00f3n de monitores SAM<\/li>\n<li>Soporta frecuencias de muestreo de 44,1 &#8211; 192 kHz<\/li>\n<li>Protocolos AoIP: ST2110, AES67 y Ravenna<\/li>\n<li>Compatible con GLM<\/li>\n<\/ul>\n<p>&nbsp;<\/p>\n","protected":false},"featured_media":31488,"template":"","meta":{"_acf_changed":false},"product_brand":[],"product_cat":[1394,1395,1396],"product_tag":[],"class_list":{"0":"post-31491","1":"product","2":"type-product","3":"status-publish","4":"has-post-thumbnail","6":"product_cat-monitores-de-estudio","7":"product_cat-por-series-genelec","8":"product_cat-serie-sam","10":"first","11":"instock","12":"shipping-taxable","13":"product-type-simple"},"acf":[],"yoast_head":"<!-- This site is optimized with the Yoast SEO plugin v27.1.1 - https:\/\/yoast.com\/product\/yoast-seo-wordpress\/ -->\n<title>9401A - Audio-Technica Iberia<\/title>\n<meta name=\"robots\" content=\"index, follow, max-snippet:-1, max-image-preview:large, max-video-preview:-1\" \/>\n<link rel=\"canonical\" href=\"https:\/\/distribution.audio-technica.eu\/es-es\/productos\/9401a\/\" \/>\n<meta property=\"og:locale\" content=\"es_ES\" \/>\n<meta property=\"og:type\" content=\"article\" \/>\n<meta property=\"og:title\" content=\"9401A - Audio-Technica Iberia\" \/>\n<meta property=\"og:description\" content=\"Dispositivo de gesti\u00f3n del sistema para redes de audio sobre IP para SAM\u2122   Permite una f\u00e1cil integraci\u00f3n de monitores SAM  Soporta frecuencias de muestreo de 44,1 - 192 kHz  Protocolos AoIP: ST2110, AES67 y Ravenna  Compatible con GLM  &nbsp;\" \/>\n<meta property=\"og:url\" content=\"https:\/\/distribution.audio-technica.eu\/es-es\/productos\/9401a\/\" \/>\n<meta property=\"og:site_name\" content=\"Audio-Technica Iberia\" \/>\n<meta property=\"article:modified_time\" content=\"2025-02-27T09:41:47+00:00\" \/>\n<meta property=\"og:image\" content=\"https:\/\/distribution.audio-technica.eu\/app\/uploads\/sites\/2\/Genelec-9401.jpg\" \/>\n\t<meta property=\"og:image:width\" content=\"2000\" \/>\n\t<meta property=\"og:image:height\" content=\"2000\" \/>\n\t<meta property=\"og:image:type\" content=\"image\/jpeg\" \/>\n<meta name=\"twitter:card\" content=\"summary_large_image\" \/>\n<meta name=\"twitter:label1\" content=\"Tiempo de lectura\" \/>\n\t<meta name=\"twitter:data1\" content=\"3 minutos\" \/>\n<script type=\"application\/ld+json\" class=\"yoast-schema-graph\">{\"@context\":\"https:\/\/schema.org\",\"@graph\":[{\"@type\":\"WebPage\",\"@id\":\"https:\/\/distribution.audio-technica.eu\/es-es\/productos\/9401a\/\",\"url\":\"https:\/\/distribution.audio-technica.eu\/es-es\/productos\/9401a\/\",\"name\":\"9401A - Audio-Technica Iberia\",\"isPartOf\":{\"@id\":\"https:\/\/distribution.audio-technica.eu\/es-es\/#website\"},\"primaryImageOfPage\":{\"@id\":\"https:\/\/distribution.audio-technica.eu\/es-es\/productos\/9401a\/#primaryimage\"},\"image\":{\"@id\":\"https:\/\/distribution.audio-technica.eu\/es-es\/productos\/9401a\/#primaryimage\"},\"thumbnailUrl\":\"\/app\/uploads\/sites\/2\/Genelec-9401.jpg\",\"datePublished\":\"2023-12-01T19:43:25+00:00\",\"dateModified\":\"2025-02-27T09:41:47+00:00\",\"breadcrumb\":{\"@id\":\"https:\/\/distribution.audio-technica.eu\/es-es\/productos\/9401a\/#breadcrumb\"},\"inLanguage\":\"es\",\"potentialAction\":[{\"@type\":\"ReadAction\",\"target\":[\"https:\/\/distribution.audio-technica.eu\/es-es\/productos\/9401a\/\"]}]},{\"@type\":\"ImageObject\",\"inLanguage\":\"es\",\"@id\":\"https:\/\/distribution.audio-technica.eu\/es-es\/productos\/9401a\/#primaryimage\",\"url\":\"\/app\/uploads\/sites\/2\/Genelec-9401.jpg\",\"contentUrl\":\"\/app\/uploads\/sites\/2\/Genelec-9401.jpg\",\"width\":2000,\"height\":2000},{\"@type\":\"BreadcrumbList\",\"@id\":\"https:\/\/distribution.audio-technica.eu\/es-es\/productos\/9401a\/#breadcrumb\",\"itemListElement\":[{\"@type\":\"ListItem\",\"position\":1,\"name\":\"Products\",\"item\":\"https:\/\/distribution.audio-technica.eu\/es-es\/\"},{\"@type\":\"ListItem\",\"position\":2,\"name\":\"Productos\",\"item\":\"https:\/\/distribution.audio-technica.eu\/es-es\/productos\/\"},{\"@type\":\"ListItem\",\"position\":3,\"name\":\"9401A\"}]},{\"@type\":\"WebSite\",\"@id\":\"https:\/\/distribution.audio-technica.eu\/es-es\/#website\",\"url\":\"https:\/\/distribution.audio-technica.eu\/es-es\/\",\"name\":\"Audio-Technica Iberia\",\"description\":\"Distribuci\u00f3n\",\"potentialAction\":[{\"@type\":\"SearchAction\",\"target\":{\"@type\":\"EntryPoint\",\"urlTemplate\":\"https:\/\/distribution.audio-technica.eu\/es-es\/?s={search_term_string}\"},\"query-input\":{\"@type\":\"PropertyValueSpecification\",\"valueRequired\":true,\"valueName\":\"search_term_string\"}}],\"inLanguage\":\"es\"}]}<\/script>\n<!-- \/ Yoast SEO plugin. -->","yoast_head_json":{"title":"9401A - Audio-Technica Iberia","robots":{"index":"index","follow":"follow","max-snippet":"max-snippet:-1","max-image-preview":"max-image-preview:large","max-video-preview":"max-video-preview:-1"},"canonical":"https:\/\/distribution.audio-technica.eu\/es-es\/productos\/9401a\/","og_locale":"es_ES","og_type":"article","og_title":"9401A - Audio-Technica Iberia","og_description":"Dispositivo de gesti\u00f3n del sistema para redes de audio sobre IP para SAM\u2122   Permite una f\u00e1cil integraci\u00f3n de monitores SAM  Soporta frecuencias de muestreo de 44,1 - 192 kHz  Protocolos AoIP: ST2110, AES67 y Ravenna  Compatible con GLM  &nbsp;","og_url":"https:\/\/distribution.audio-technica.eu\/es-es\/productos\/9401a\/","og_site_name":"Audio-Technica Iberia","article_modified_time":"2025-02-27T09:41:47+00:00","og_image":[{"width":2000,"height":2000,"url":"https:\/\/distribution.audio-technica.eu\/app\/uploads\/sites\/2\/Genelec-9401.jpg","type":"image\/jpeg"}],"twitter_card":"summary_large_image","twitter_misc":{"Tiempo de lectura":"3 minutos"},"schema":{"@context":"https:\/\/schema.org","@graph":[{"@type":"WebPage","@id":"https:\/\/distribution.audio-technica.eu\/es-es\/productos\/9401a\/","url":"https:\/\/distribution.audio-technica.eu\/es-es\/productos\/9401a\/","name":"9401A - Audio-Technica Iberia","isPartOf":{"@id":"https:\/\/distribution.audio-technica.eu\/es-es\/#website"},"primaryImageOfPage":{"@id":"https:\/\/distribution.audio-technica.eu\/es-es\/productos\/9401a\/#primaryimage"},"image":{"@id":"https:\/\/distribution.audio-technica.eu\/es-es\/productos\/9401a\/#primaryimage"},"thumbnailUrl":"\/app\/uploads\/sites\/2\/Genelec-9401.jpg","datePublished":"2023-12-01T19:43:25+00:00","dateModified":"2025-02-27T09:41:47+00:00","breadcrumb":{"@id":"https:\/\/distribution.audio-technica.eu\/es-es\/productos\/9401a\/#breadcrumb"},"inLanguage":"es","potentialAction":[{"@type":"ReadAction","target":["https:\/\/distribution.audio-technica.eu\/es-es\/productos\/9401a\/"]}]},{"@type":"ImageObject","inLanguage":"es","@id":"https:\/\/distribution.audio-technica.eu\/es-es\/productos\/9401a\/#primaryimage","url":"\/app\/uploads\/sites\/2\/Genelec-9401.jpg","contentUrl":"\/app\/uploads\/sites\/2\/Genelec-9401.jpg","width":2000,"height":2000},{"@type":"BreadcrumbList","@id":"https:\/\/distribution.audio-technica.eu\/es-es\/productos\/9401a\/#breadcrumb","itemListElement":[{"@type":"ListItem","position":1,"name":"Products","item":"https:\/\/distribution.audio-technica.eu\/es-es\/"},{"@type":"ListItem","position":2,"name":"Productos","item":"https:\/\/distribution.audio-technica.eu\/es-es\/productos\/"},{"@type":"ListItem","position":3,"name":"9401A"}]},{"@type":"WebSite","@id":"https:\/\/distribution.audio-technica.eu\/es-es\/#website","url":"https:\/\/distribution.audio-technica.eu\/es-es\/","name":"Audio-Technica Iberia","description":"Distribuci\u00f3n","potentialAction":[{"@type":"SearchAction","target":{"@type":"EntryPoint","urlTemplate":"https:\/\/distribution.audio-technica.eu\/es-es\/?s={search_term_string}"},"query-input":{"@type":"PropertyValueSpecification","valueRequired":true,"valueName":"search_term_string"}}],"inLanguage":"es"}]}},"_links":{"self":[{"href":"https:\/\/distribution.audio-technica.eu\/es-es\/wp-json\/wp\/v2\/product\/31491","targetHints":{"allow":["GET"]}}],"collection":[{"href":"https:\/\/distribution.audio-technica.eu\/es-es\/wp-json\/wp\/v2\/product"}],"about":[{"href":"https:\/\/distribution.audio-technica.eu\/es-es\/wp-json\/wp\/v2\/types\/product"}],"wp:featuredmedia":[{"embeddable":true,"href":"https:\/\/distribution.audio-technica.eu\/es-es\/wp-json\/wp\/v2\/media\/31488"}],"wp:attachment":[{"href":"https:\/\/distribution.audio-technica.eu\/es-es\/wp-json\/wp\/v2\/media?parent=31491"}],"wp:term":[{"taxonomy":"product_brand","embeddable":true,"href":"https:\/\/distribution.audio-technica.eu\/es-es\/wp-json\/wp\/v2\/product_brand?post=31491"},{"taxonomy":"product_cat","embeddable":true,"href":"https:\/\/distribution.audio-technica.eu\/es-es\/wp-json\/wp\/v2\/product_cat?post=31491"},{"taxonomy":"product_tag","embeddable":true,"href":"https:\/\/distribution.audio-technica.eu\/es-es\/wp-json\/wp\/v2\/product_tag?post=31491"}],"curies":[{"name":"wp","href":"https:\/\/api.w.org\/{rel}","templated":true}]}}