{"id":32226,"date":"2024-02-16T07:28:31","date_gmt":"2024-02-16T06:28:31","guid":{"rendered":"https:\/\/distribution.audio-technica.eu\/es-es\/?post_type=product&#038;p=32226"},"modified":"2026-02-19T14:48:59","modified_gmt":"2026-02-19T13:48:59","slug":"oria","status":"publish","type":"product","link":"https:\/\/distribution.audio-technica.eu\/es-es\/productos\/oria\/","title":{"rendered":"ORIA"},"content":{"rendered":"<h2>ORIA<\/h2>\n<h3>Interface de audio inmersivo y controlador de monitores<\/h3>\n<p>ORIA es el primer interface de audio y controlador de monitor del mundo dise\u00f1ado espec\u00edficamente pensando en el audio inmersivo.<\/p>\n<p>Creado para producir mezclas de audio inmersivo para formatos como Dolby Atmos, ORIA permite calibrar, controlar y monitorizar sistemas de altavoces multicanal, desde est\u00e9reo hasta 9.1.6. Es perfecto para producci\u00f3n de m\u00fasica, cine, televisi\u00f3n, juegos y realidad virtual.<\/p>\n<p>Dise\u00f1ado con un doble prop\u00f3sito, ORIA no es solo un potente interface de audio USB-C con 16 salidas, sino que tambi\u00e9n puede integrarse en la configuraci\u00f3n de un estudio ya existente, como un controlador de monitor independiente, a trav\u00e9s de sus entradas ADAT o la tarjeta Dante opcional.<\/p>\n<p>Trabajar con sistemas de altavoces multicanal requiere una sala perfectamente calibrada, y el procesado avanzado de altavoces de ORIA permite a los usuarios crear hasta 32 perfiles de calibraci\u00f3n integrados personalizados (presets) para cualquier formato de monitoraje, utilizando ecualizador de 8 bandas, retardo de altavoz, ajuste y herramientas de gesti\u00f3n de graves por canal, asegurando que la sala de audici\u00f3n permanezca en todo momento perfectamente calibrada para diferentes formatos, tales como est\u00e9reo, 5.1 o inmersivo.<\/p>\n<p>Es posible calibrar la sala de dos modos diferentes: creando un perfil manualmente, tomando las mediciones oportunas e introduciendo los ajustes de calibraci\u00f3n, o con la ayuda de Sonarworks. Audient ha alcanzado un acuerdo de colaboraci\u00f3n con Sonarworks, expertos en calibraci\u00f3n, para permitir a los usuarios cargar perfiles de referencia SoundID directamente en el hardware de ORIA, proporcion\u00e1ndoles la capacidad de medir y calibrar su sala de audici\u00f3n en menos de una hora.<\/p>\n<p>ORIA se entrega con un micr\u00f3fono de referencia para mediciones de Sonarworks y una prueba gratuita de 60 d\u00edas del software SoundID Reference para multicanal, ambos incluidos en la caja. Si los usuarios desean continuar despu\u00e9s de la prueba gratuita, pueden comprar una licencia completa de SoundID Reference para multicanal por separado y continuar ejecutando Sonarworks Profiles a trav\u00e9s del hardware de ORIA.<\/p>\n<p>Audient tambi\u00e9n ha llegado a acuerdos con Dolby, gracias a los cuales ORIA se integra oficialmente con Dolby Renderer, lo que permite al usuario tomar control de la funcionalidad Down Mix del renderizador directamente desde la interface de usuario de ORIA. Esto resulta ideal para cambiar r\u00e1pidamente entre diferentes formatos de monitoraje de mezclas, como 7.1, 5.1, est\u00e9reo y otros, sin tener que saltar entre su proyecto y el renderizador.<\/p>\n<p>Todo el procesado avanzado de altavoces de ORIA, ya sea mediante calibraciones manuales o Sonarworks, se ejecuta directamente desde su ultrarr\u00e1pida arquitectura de procesador dual DSP integrado. Ofrece audio de baja latencia y libera la CPU del ordenador del usuario para poder afrontar sesiones m\u00e1s grandes y exigentes. Una gu\u00eda automatizada y f\u00e1cil de usar ayuda al usuario a medir y calibrar los altavoces de su estudio, usando el micr\u00f3fono que se entrega con el sistema.<\/p>\n<p>Permite cambiar r\u00e1pidamente entre altavoces, niveles de escucha y curvas, todo con solo tocar un bot\u00f3n. Puede utilizar los grupos de altavoces codificados por colores, enmudecer o poner en solo altavoces individuales o grupos de ellos, y controlar de volumen global y el corte y atenuaci\u00f3n (Cut, Dim). Y para los que trabajan en postproducci\u00f3n, tambi\u00e9n se ha dispuesto un retardo Global Lip Sync para alinear perfectamente el sonido con la imagen.<\/p>\n<p>Permite ver las mediciones desde m\u00faltiples ubicaciones, incluido el panel frontal de ORIA, la pantalla LCD, el software de escritorio o desde un iPad de control remoto, gracias a la iPad Control App de ORIA. Esta garantiza el acceso remoto a todas las posibilidades de control de ORIA: ajustar niveles, selecci\u00f3n de altavoces, cambiar perfiles y visualizar las mediciones.<\/p>\n<p>Con una amplia gama de opciones de conectividad, ORIA proporciona E\/S m\u00e1s que suficientes para realizar configuraciones multicanal profesionales. Puede conectare sus altavoces envolventes a trav\u00e9s de las salidas de l\u00ednea o AES, sus altavoces de campo cercano a las salidas est\u00e9reo dedicadas, e integrar f\u00e1cilmente un interface externo o un preamplificador utilizando las entradas ADAT.<\/p>\n<p>Proporcionando hasta 16 canales de entrada sobre AoIP, la tarjeta opcional Dante\u00a9 de ORIA le permite integrarse r\u00e1pidamente con redes AoIP nuevas o existentes, haciendo que su paso al inmersivo sin fisuras. Ideal para estudio complejos e instalaciones educativas.<\/p>\n<ul>\n<li>Salidas Surround \u2013 16 salidas anal\u00f3gicas balanceadas para monitorizaci\u00f3n hasta 9.1.6.<\/li>\n<li>Salidas AES \u2013 8 pares de salidas digitales AES para conexi\u00f3n con altavoces digitales<\/li>\n<li>Salidas est\u00e9reo espec\u00edficas \u2013 Salidas est\u00e9reo para altavoces de campo cercano no inmersivos<\/li>\n<li>Entrada y salida Word Clock \u2013 Conexiones BNC para permitir su integraci\u00f3n en instalaciones m\u00e1s grandes<\/li>\n<li>Entradas ADAT \u2013 16 canales de entrada ADAT para utilizar como controlador de monitoraje 9.1.6 externo o grabaci\u00f3n multicanal convencional<\/li>\n<li>Entradas Dante opcionales \u2013 Permite la integraci\u00f3n en flujos de trabajo AoIP<\/li>\n<li>USB &#8211; Al conectarse a trav\u00e9s de una conexi\u00f3n USB de alta velocidad, ORIA ofrece una\u00a0 monitorizaci\u00f3n con latencia ultrabaja, y una conexi\u00f3n s\u00f3lida y fiable del controlador tanto con macOS como con Windows.<\/li>\n<\/ul>\n<p>La tarjeta Dante opcional proporciona hasta 16 canales de entrada sobre AoIP, lo que le permite integrarse f\u00e1cilmente\u00a0 en redes AoIP nuevas o ya existentes, convirti\u00e9ndolo en la soluci\u00f3n ideal para el paso a sonido inmersivo en grandes estudios o instalaciones educativas.<\/p>\n<p>Gracias a un enorme gama din\u00e1mica de 126 dB, las mezclas sonar\u00e1n m\u00e1s detalladas que nunca con los conversores AD\/DA de alto rendimiento de ORIA. Ha sido creado para ofrecer la traducci\u00f3n m\u00e1s honesta del sonido, ayudar a escuchar detalles sutiles, identificar problemas complejos y tomar mejores decisiones de mezcla.<\/p>\n<p>Dise\u00f1ado para ofrecer ruido ultrabajo y baja distorsi\u00f3n con un toque de cl\u00e1sica calidez anal\u00f3gica, los dos preamplificadores de micr\u00f3fono presentes en ORIA, id\u00e9nticos a los que incorpora la consola Audient, ofrecen 60 dB de ganancia y funcionan como entradas de micr\u00f3fono, l\u00ednea o instrumento Hi-Z, proporcionando una traducci\u00f3n limpia, precisa y fiel a la fuente de sonido. Y por primera vez, el preamplificador de micr\u00f3fono de la consola Audient ahora es remoto, optimizado para ofrecer los beneficios s\u00f3nicos de su dise\u00f1o totalmente anal\u00f3gico, junto con un control digital preciso y preciso.<\/p>\n<p>Un panel frontal de 8 mm de espesor y un dise\u00f1o de acero s\u00f3lido garantizan que ORIA est\u00e1 listo para soportar el desgaste del estudio, y su dise\u00f1o sin ventilador hace que su funcionamiento sea totalmente silencioso, listo para colocarse en el interior de un estudio.<\/p>\n<p>&nbsp;<\/p>\n<p><strong>Hardware<\/strong>:<\/p>\n<ul>\n<li>Soporta configuraciones de altavoces hasta 9.1.6<\/li>\n<li>Certificado oficialmente Dolby Atmos<\/li>\n<li>2 x 16 canales Salida Surround (anal\u00f3gico y AES)<\/li>\n<li>2 x salidas l\u00ednea est\u00e9reo<\/li>\n<li>2 x salidas independientes para auriculares<\/li>\n<li>2 x Preamplificadores microf\u00f3nicos Audient (Mic \/ D.I. \/ l\u00ednea)<\/li>\n<li>2 x entradas ADAT<\/li>\n<li>Entrada Word Clock<\/li>\n<li>Salida Word Clock<\/li>\n<li>Interface de usuario ORIA Motion<\/li>\n<li>24 bit \/ 96kHz<\/li>\n<li>USB 2.0 \/ USB Tipo &#8211; C<\/li>\n<li>Incluye Micr\u00f3fono de Medici\u00f3n SoundID Reference<\/li>\n<li>Tarjeta opcional AoIP (Dante) para 16 canales de entrada<\/li>\n<\/ul>\n<p>&nbsp;<\/p>\n<p><strong>ORIA Software<\/strong><\/p>\n<ul>\n<li>DSP de calibraci\u00f3n de sala incorporado<\/li>\n<li>EQ para cada salida<\/li>\n<li>Retardo para cada salida<\/li>\n<li>Trim para cada salida<\/li>\n<li>Crossover para cada salida (Gesti\u00f3n de graves)<\/li>\n<li>Conmutaci\u00f3n de perfiles &#8211; Sonarworks Integrado<\/li>\n<li>Bypass global configurable<\/li>\n<li>Control monitoraje inmersivo<\/li>\n<li>Conmutaci\u00f3n entrada \/ salida<\/li>\n<li>Control volumen Master<\/li>\n<li>Retardo global (sincronizaci\u00f3n labios)<\/li>\n<li>Solo y Mute individual para cada altavoz<\/li>\n<li>Solo y Mute para grupo de altavoces<\/li>\n<li>Medici\u00f3n por canal (pre y post)<\/li>\n<li>Down Mix Cycling &#8211; Dolby Renderer Integrado<\/li>\n<li>Bot\u00f3n de funci\u00f3n programable<\/li>\n<li>iPad Control App<\/li>\n<\/ul>\n<p>&nbsp;<\/p>\n","protected":false},"excerpt":{"rendered":"<h3>Interface de audio inmersivo y controlador de monitores<\/h3>\n<ul class=\"summary\">\n<li>Interface de audio y controlador de monitores, todo en uno<\/li>\n<li>Soporta configuraciones de altavoces hasta 9.1.6<\/li>\n<li>Certificado oficialmente Dolby Atmos<\/li>\n<li>DSP de calibraci\u00f3n de sala incorporado<\/li>\n<li>24 bit \/ 96kHz<\/li>\n<li>2 x 16 canales Salida Surround (anal\u00f3gico y AES)<\/li>\n<li>2 x salidas l\u00ednea est\u00e9reo<\/li>\n<li>2 x salidas independientes para auriculares<\/li>\n<li>2 x Preamplificadores microf\u00f3nicos Audient (Mic \/ D.I. \/ l\u00ednea)<\/li>\n<li>2 x entradas ADAT<\/li>\n<li>Tarjeta opcional AoIP (Dante) para 16 canales de entrada<\/li>\n<li>Dolby Renderer y Sonarworks Integrado (incluye micro de calibraci\u00f3n)<\/li>\n<li>App de control desde iPad<\/li>\n<\/ul>\n<p>&nbsp;<\/p>\n","protected":false},"featured_media":32229,"template":"","meta":{"_acf_changed":false},"product_brand":[],"product_cat":[1316,1312],"product_tag":[],"class_list":{"0":"post-32226","1":"product","2":"type-product","3":"status-publish","4":"has-post-thumbnail","6":"product_cat-interfaces-de-audio","7":"product_cat-controladores-de-monitores","9":"first","10":"instock","11":"shipping-taxable","12":"product-type-simple"},"acf":[],"yoast_head":"<!-- This site is optimized with the Yoast SEO plugin v27.1.1 - https:\/\/yoast.com\/product\/yoast-seo-wordpress\/ -->\n<title>ORIA - Audio-Technica Iberia<\/title>\n<meta name=\"robots\" content=\"index, follow, max-snippet:-1, max-image-preview:large, max-video-preview:-1\" \/>\n<link rel=\"canonical\" href=\"https:\/\/distribution.audio-technica.eu\/es-es\/productos\/oria\/\" \/>\n<meta property=\"og:locale\" content=\"es_ES\" \/>\n<meta property=\"og:type\" content=\"article\" \/>\n<meta property=\"og:title\" content=\"ORIA - Audio-Technica Iberia\" \/>\n<meta property=\"og:description\" content=\"Interface de audio inmersivo y controlador de monitores   Interface de audio y controlador de monitores, todo en uno  Soporta configuraciones de altavoces hasta 9.1.6  Certificado oficialmente Dolby Atmos  DSP de calibraci\u00f3n de sala incorporado  24 bit \/ 96kHz  2 x 16 canales Salida Surround (anal\u00f3gico y AES)  2 x salidas l\u00ednea est\u00e9reo  2 x salidas independientes para auriculares  2 x Preamplificadores microf\u00f3nicos Audient (Mic \/ D.I. \/ l\u00ednea)  2 x entradas ADAT  Tarjeta opcional AoIP (Dante) para 16 canales de entrada  Dolby Renderer y Sonarworks Integrado (incluye micro de calibraci\u00f3n)  App de control desde iPad  &nbsp;\" \/>\n<meta property=\"og:url\" content=\"https:\/\/distribution.audio-technica.eu\/es-es\/productos\/oria\/\" \/>\n<meta property=\"og:site_name\" content=\"Audio-Technica Iberia\" \/>\n<meta property=\"article:modified_time\" content=\"2026-02-19T13:48:59+00:00\" \/>\n<meta property=\"og:image\" content=\"https:\/\/distribution.audio-technica.eu\/app\/uploads\/sites\/2\/ORIA.jpg\" \/>\n\t<meta property=\"og:image:width\" content=\"2000\" \/>\n\t<meta property=\"og:image:height\" content=\"2000\" \/>\n\t<meta property=\"og:image:type\" content=\"image\/jpeg\" \/>\n<meta name=\"twitter:card\" content=\"summary_large_image\" \/>\n<meta name=\"twitter:label1\" content=\"Tiempo de lectura\" \/>\n\t<meta name=\"twitter:data1\" content=\"6 minutos\" \/>\n<script type=\"application\/ld+json\" class=\"yoast-schema-graph\">{\"@context\":\"https:\/\/schema.org\",\"@graph\":[{\"@type\":\"WebPage\",\"@id\":\"https:\/\/distribution.audio-technica.eu\/es-es\/productos\/oria\/\",\"url\":\"https:\/\/distribution.audio-technica.eu\/es-es\/productos\/oria\/\",\"name\":\"ORIA - Audio-Technica Iberia\",\"isPartOf\":{\"@id\":\"https:\/\/distribution.audio-technica.eu\/es-es\/#website\"},\"primaryImageOfPage\":{\"@id\":\"https:\/\/distribution.audio-technica.eu\/es-es\/productos\/oria\/#primaryimage\"},\"image\":{\"@id\":\"https:\/\/distribution.audio-technica.eu\/es-es\/productos\/oria\/#primaryimage\"},\"thumbnailUrl\":\"\/app\/uploads\/sites\/2\/ORIA.jpg\",\"datePublished\":\"2024-02-16T06:28:31+00:00\",\"dateModified\":\"2026-02-19T13:48:59+00:00\",\"breadcrumb\":{\"@id\":\"https:\/\/distribution.audio-technica.eu\/es-es\/productos\/oria\/#breadcrumb\"},\"inLanguage\":\"es\",\"potentialAction\":[{\"@type\":\"ReadAction\",\"target\":[\"https:\/\/distribution.audio-technica.eu\/es-es\/productos\/oria\/\"]}]},{\"@type\":\"ImageObject\",\"inLanguage\":\"es\",\"@id\":\"https:\/\/distribution.audio-technica.eu\/es-es\/productos\/oria\/#primaryimage\",\"url\":\"\/app\/uploads\/sites\/2\/ORIA.jpg\",\"contentUrl\":\"\/app\/uploads\/sites\/2\/ORIA.jpg\",\"width\":2000,\"height\":2000},{\"@type\":\"BreadcrumbList\",\"@id\":\"https:\/\/distribution.audio-technica.eu\/es-es\/productos\/oria\/#breadcrumb\",\"itemListElement\":[{\"@type\":\"ListItem\",\"position\":1,\"name\":\"Products\",\"item\":\"https:\/\/distribution.audio-technica.eu\/es-es\/\"},{\"@type\":\"ListItem\",\"position\":2,\"name\":\"Productos\",\"item\":\"https:\/\/distribution.audio-technica.eu\/es-es\/productos\/\"},{\"@type\":\"ListItem\",\"position\":3,\"name\":\"ORIA\"}]},{\"@type\":\"WebSite\",\"@id\":\"https:\/\/distribution.audio-technica.eu\/es-es\/#website\",\"url\":\"https:\/\/distribution.audio-technica.eu\/es-es\/\",\"name\":\"Audio-Technica Iberia\",\"description\":\"Distribuci\u00f3n\",\"potentialAction\":[{\"@type\":\"SearchAction\",\"target\":{\"@type\":\"EntryPoint\",\"urlTemplate\":\"https:\/\/distribution.audio-technica.eu\/es-es\/?s={search_term_string}\"},\"query-input\":{\"@type\":\"PropertyValueSpecification\",\"valueRequired\":true,\"valueName\":\"search_term_string\"}}],\"inLanguage\":\"es\"}]}<\/script>\n<!-- \/ Yoast SEO plugin. -->","yoast_head_json":{"title":"ORIA - Audio-Technica Iberia","robots":{"index":"index","follow":"follow","max-snippet":"max-snippet:-1","max-image-preview":"max-image-preview:large","max-video-preview":"max-video-preview:-1"},"canonical":"https:\/\/distribution.audio-technica.eu\/es-es\/productos\/oria\/","og_locale":"es_ES","og_type":"article","og_title":"ORIA - Audio-Technica Iberia","og_description":"Interface de audio inmersivo y controlador de monitores   Interface de audio y controlador de monitores, todo en uno  Soporta configuraciones de altavoces hasta 9.1.6  Certificado oficialmente Dolby Atmos  DSP de calibraci\u00f3n de sala incorporado  24 bit \/ 96kHz  2 x 16 canales Salida Surround (anal\u00f3gico y AES)  2 x salidas l\u00ednea est\u00e9reo  2 x salidas independientes para auriculares  2 x Preamplificadores microf\u00f3nicos Audient (Mic \/ D.I. \/ l\u00ednea)  2 x entradas ADAT  Tarjeta opcional AoIP (Dante) para 16 canales de entrada  Dolby Renderer y Sonarworks Integrado (incluye micro de calibraci\u00f3n)  App de control desde iPad  &nbsp;","og_url":"https:\/\/distribution.audio-technica.eu\/es-es\/productos\/oria\/","og_site_name":"Audio-Technica Iberia","article_modified_time":"2026-02-19T13:48:59+00:00","og_image":[{"width":2000,"height":2000,"url":"https:\/\/distribution.audio-technica.eu\/app\/uploads\/sites\/2\/ORIA.jpg","type":"image\/jpeg"}],"twitter_card":"summary_large_image","twitter_misc":{"Tiempo de lectura":"6 minutos"},"schema":{"@context":"https:\/\/schema.org","@graph":[{"@type":"WebPage","@id":"https:\/\/distribution.audio-technica.eu\/es-es\/productos\/oria\/","url":"https:\/\/distribution.audio-technica.eu\/es-es\/productos\/oria\/","name":"ORIA - Audio-Technica Iberia","isPartOf":{"@id":"https:\/\/distribution.audio-technica.eu\/es-es\/#website"},"primaryImageOfPage":{"@id":"https:\/\/distribution.audio-technica.eu\/es-es\/productos\/oria\/#primaryimage"},"image":{"@id":"https:\/\/distribution.audio-technica.eu\/es-es\/productos\/oria\/#primaryimage"},"thumbnailUrl":"\/app\/uploads\/sites\/2\/ORIA.jpg","datePublished":"2024-02-16T06:28:31+00:00","dateModified":"2026-02-19T13:48:59+00:00","breadcrumb":{"@id":"https:\/\/distribution.audio-technica.eu\/es-es\/productos\/oria\/#breadcrumb"},"inLanguage":"es","potentialAction":[{"@type":"ReadAction","target":["https:\/\/distribution.audio-technica.eu\/es-es\/productos\/oria\/"]}]},{"@type":"ImageObject","inLanguage":"es","@id":"https:\/\/distribution.audio-technica.eu\/es-es\/productos\/oria\/#primaryimage","url":"\/app\/uploads\/sites\/2\/ORIA.jpg","contentUrl":"\/app\/uploads\/sites\/2\/ORIA.jpg","width":2000,"height":2000},{"@type":"BreadcrumbList","@id":"https:\/\/distribution.audio-technica.eu\/es-es\/productos\/oria\/#breadcrumb","itemListElement":[{"@type":"ListItem","position":1,"name":"Products","item":"https:\/\/distribution.audio-technica.eu\/es-es\/"},{"@type":"ListItem","position":2,"name":"Productos","item":"https:\/\/distribution.audio-technica.eu\/es-es\/productos\/"},{"@type":"ListItem","position":3,"name":"ORIA"}]},{"@type":"WebSite","@id":"https:\/\/distribution.audio-technica.eu\/es-es\/#website","url":"https:\/\/distribution.audio-technica.eu\/es-es\/","name":"Audio-Technica Iberia","description":"Distribuci\u00f3n","potentialAction":[{"@type":"SearchAction","target":{"@type":"EntryPoint","urlTemplate":"https:\/\/distribution.audio-technica.eu\/es-es\/?s={search_term_string}"},"query-input":{"@type":"PropertyValueSpecification","valueRequired":true,"valueName":"search_term_string"}}],"inLanguage":"es"}]}},"_links":{"self":[{"href":"https:\/\/distribution.audio-technica.eu\/es-es\/wp-json\/wp\/v2\/product\/32226","targetHints":{"allow":["GET"]}}],"collection":[{"href":"https:\/\/distribution.audio-technica.eu\/es-es\/wp-json\/wp\/v2\/product"}],"about":[{"href":"https:\/\/distribution.audio-technica.eu\/es-es\/wp-json\/wp\/v2\/types\/product"}],"wp:featuredmedia":[{"embeddable":true,"href":"https:\/\/distribution.audio-technica.eu\/es-es\/wp-json\/wp\/v2\/media\/32229"}],"wp:attachment":[{"href":"https:\/\/distribution.audio-technica.eu\/es-es\/wp-json\/wp\/v2\/media?parent=32226"}],"wp:term":[{"taxonomy":"product_brand","embeddable":true,"href":"https:\/\/distribution.audio-technica.eu\/es-es\/wp-json\/wp\/v2\/product_brand?post=32226"},{"taxonomy":"product_cat","embeddable":true,"href":"https:\/\/distribution.audio-technica.eu\/es-es\/wp-json\/wp\/v2\/product_cat?post=32226"},{"taxonomy":"product_tag","embeddable":true,"href":"https:\/\/distribution.audio-technica.eu\/es-es\/wp-json\/wp\/v2\/product_tag?post=32226"}],"curies":[{"name":"wp","href":"https:\/\/api.w.org\/{rel}","templated":true}]}}