{"id":33167,"date":"2024-04-12T16:31:38","date_gmt":"2024-04-12T14:31:38","guid":{"rendered":"https:\/\/distribution.audio-technica.eu\/es-es\/?post_type=product&#038;p=33167"},"modified":"2025-03-03T17:41:21","modified_gmt":"2025-03-03T16:41:21","slug":"uberfx2","status":"publish","type":"product","link":"https:\/\/distribution.audio-technica.eu\/es-es\/productos\/uberfx2\/","title":{"rendered":"\u00dcBER FX2"},"content":{"rendered":"<h2>\u00dcBER FX2<\/h2>\n<h3>PA port\u00e1til de 200 W con bater\u00eda recargable, Bluetooth y sonido de 320 grados<\/h3>\n<p>\u00dcBER FX2 es un sistema PA potente pero port\u00e1til que funciona con bater\u00edas e incorpora tecnolog\u00eda Bluetooth\u00ae. Su sistema de sonido, que cubre 320 grados, est\u00e1 compuesto por 5 altavoces y ofrece la soluci\u00f3n perfecta para proporcionar muchas horas de sonido claro y contundente procedente de micr\u00f3fonos, instrumentos dispositivos m\u00f3viles y mucho m\u00e1s. \u00dcBER FX2 no est\u00e1 destinado solamente a m\u00fasicos; tambi\u00e9n es perfecto para muchos otros eventos, tanto en interiores como en exteriores, incluyendo reuniones de negocios, sesiones de entrenamiento, fiestas y ceremonias de graduaci\u00f3n y similares. Gracias a su capacidad de carga que le proporciona autonom\u00eda de hasta 100 horas, no importa si tiene acceso a la red el\u00e9ctrico o no.<\/p>\n<p>Este innovador sistema de 200 W, equipado con 5 altavoces, incorpora un woofer de 8\u201d, tweeters est\u00e9reo y altavoces laterales de gama completa, proporcionando un \u00e1rea de audici\u00f3n de 320 grados. Los altavoces laterales tambi\u00e9n son una herramienta perfecta para proporcionar monitorizaci\u00f3n para actuaciones en directo.<\/p>\n<p>\u00dcBER FX2 dispone de dos canales de entrada, cada uno de ellos equipado con su propio control de volumen, EQ de dos bandas y efectos digitales, as\u00ed como de una tercera entrada auxiliar adicional a trav\u00e9s de un conector de 3,5 mm.<\/p>\n<p>Gracias a la incorporaci\u00f3n de Bluetooth 5.0, \u00dcBER FX2 de Alto ofrece un streaming eficiente y de alta calidad, capacidad de enlace y control. El usuario puede realizar streaming desde cualquier dispositivo hacia \u00dcBER FX2, y conectar de forma inal\u00e1mbrica una segunda unidad \u00dcBER FX2 para crear un sistema PA est\u00e9reo utilizando la aplicaci\u00f3n de streaming que prefiera el usuario. La App Alto Pro para iOS y Android proporciona control inal\u00e1mbrico sobre las funciones de mezcla, que le permitir\u00e1n controlar de forma eficaz el sistema desde cualquier punto. El sencillo mezclador de pantalla \u00fanica le permite seleccionar un canal y controlar todos los par\u00e1metros sin esfuerzo.<\/p>\n<p>\u00dcBER FX2 es muy f\u00e1cil de transportar, gracias a sus asas telesc\u00f3picas y ruedas; tambi\u00e9n dispone tambi\u00e9n tiene un pr\u00e1ctico compartimento de almacenamiento superior, un abridor de botellas lateral e iluminaci\u00f3n en el panel frontal. Tambi\u00e9n hay dos puertos de carga USB para mantener sus dispositivos cargados.<\/p>\n<ul>\n<li>Innovador sistema de sonido de 200 W, 5 altavoces y 320 grados de cobertura sonora<\/li>\n<li>100 horas de autonom\u00eda<\/li>\n<li>F\u00e1cil de transportar gracias a su asa telesc\u00f3pica y ruedas<\/li>\n<li>Mezclador de 2 canales micro \/ l\u00ednea \/ instrumento, con EQ y FX<\/li>\n<li>Streaming y control a trav\u00e9s de Bluetooth 5.0<\/li>\n<li>Conexi\u00f3n de 2 altavoces de forma inal\u00e1mbrica<\/li>\n<li>2 puertos de carga USB<\/li>\n<li>Presets EQ para actuaciones en directo y reproducci\u00f3n de m\u00fasica<\/li>\n<li>Entrada auxiliar adicional a trav\u00e9s de conector de 3,5 mm<\/li>\n<\/ul>\n<p>&nbsp;<\/p>\n<p>&nbsp;<\/p>\n","protected":false},"excerpt":{"rendered":"<h3>PA port\u00e1til de 200 W con bater\u00eda recargable, Bluetooth y sonido de 320 grados<\/h3>\n<ul>\n<li>Innovador sistema de sonido de 200 W, 5 altavoces y 320 grados de cobertura sonora<\/li>\n<li>100 horas de autonom\u00eda<\/li>\n<li>F\u00e1cil de transportar gracias a su asa telesc\u00f3pica y ruedas<\/li>\n<li>Mezclador de 2 canales micro \/ l\u00ednea \/ instrumento, con EQ y FX<\/li>\n<li>Streaming y control a trav\u00e9s de Bluetooth 5.0<\/li>\n<li>Conexi\u00f3n de 2 altavoces de forma inal\u00e1mbrica<\/li>\n<li>2 puertos de carga USB<\/li>\n<li>Presets EQ para actuaciones en directo y reproducci\u00f3n de m\u00fasica<\/li>\n<li>Entrada auxiliar adicional a trav\u00e9s de conector de 3,5 mm<\/li>\n<\/ul>\n<p>&nbsp;<\/p>\n<p>&nbsp;<\/p>\n","protected":false},"featured_media":33184,"template":"","meta":{"_acf_changed":false},"product_brand":[],"product_cat":[1336,1337,1345],"product_tag":[],"class_list":{"0":"post-33167","1":"product","2":"type-product","3":"status-publish","4":"has-post-thumbnail","6":"product_cat-recintos-acusticos","7":"product_cat-combos-auto-amplificados","8":"product_cat-serie-uber","9":"product_series-serie-uber","11":"first","12":"instock","13":"shipping-taxable","14":"product-type-simple"},"acf":[],"yoast_head":"<!-- This site is optimized with the Yoast SEO plugin v27.1.1 - https:\/\/yoast.com\/product\/yoast-seo-wordpress\/ -->\n<title>\u00dcBER FX2 - Audio-Technica Iberia<\/title>\n<meta name=\"robots\" content=\"index, follow, max-snippet:-1, max-image-preview:large, max-video-preview:-1\" \/>\n<link rel=\"canonical\" href=\"https:\/\/distribution.audio-technica.eu\/es-es\/productos\/uberfx2\/\" \/>\n<meta property=\"og:locale\" content=\"es_ES\" \/>\n<meta property=\"og:type\" content=\"article\" \/>\n<meta property=\"og:title\" content=\"\u00dcBER FX2 - Audio-Technica Iberia\" \/>\n<meta property=\"og:description\" content=\"PA port\u00e1til de 200 W con bater\u00eda recargable, Bluetooth y sonido de 320 grados   Innovador sistema de sonido de 200 W, 5 altavoces y 320 grados de cobertura sonora  100 horas de autonom\u00eda  F\u00e1cil de transportar gracias a su asa telesc\u00f3pica y ruedas  Mezclador de 2 canales micro \/ l\u00ednea \/ instrumento, con EQ y FX  Streaming y control a trav\u00e9s de Bluetooth 5.0  Conexi\u00f3n de 2 altavoces de forma inal\u00e1mbrica  2 puertos de carga USB  Presets EQ para actuaciones en directo y reproducci\u00f3n de m\u00fasica  Entrada auxiliar adicional a trav\u00e9s de conector de 3,5 mm  &nbsp;  &nbsp;\" \/>\n<meta property=\"og:url\" content=\"https:\/\/distribution.audio-technica.eu\/es-es\/productos\/uberfx2\/\" \/>\n<meta property=\"og:site_name\" content=\"Audio-Technica Iberia\" \/>\n<meta property=\"article:modified_time\" content=\"2025-03-03T16:41:21+00:00\" \/>\n<meta property=\"og:image\" content=\"https:\/\/distribution.audio-technica.eu\/app\/uploads\/sites\/2\/Alto_Uber_FX2_AngleR-1024x1024.jpg\" \/>\n\t<meta property=\"og:image:width\" content=\"1024\" \/>\n\t<meta property=\"og:image:height\" content=\"1024\" \/>\n\t<meta property=\"og:image:type\" content=\"image\/jpeg\" \/>\n<meta name=\"twitter:card\" content=\"summary_large_image\" \/>\n<meta name=\"twitter:label1\" content=\"Tiempo de lectura\" \/>\n\t<meta name=\"twitter:data1\" content=\"3 minutos\" \/>\n<script type=\"application\/ld+json\" class=\"yoast-schema-graph\">{\"@context\":\"https:\/\/schema.org\",\"@graph\":[{\"@type\":\"WebPage\",\"@id\":\"https:\/\/distribution.audio-technica.eu\/es-es\/productos\/uberfx2\/\",\"url\":\"https:\/\/distribution.audio-technica.eu\/es-es\/productos\/uberfx2\/\",\"name\":\"\u00dcBER FX2 - Audio-Technica Iberia\",\"isPartOf\":{\"@id\":\"https:\/\/distribution.audio-technica.eu\/es-es\/#website\"},\"primaryImageOfPage\":{\"@id\":\"https:\/\/distribution.audio-technica.eu\/es-es\/productos\/uberfx2\/#primaryimage\"},\"image\":{\"@id\":\"https:\/\/distribution.audio-technica.eu\/es-es\/productos\/uberfx2\/#primaryimage\"},\"thumbnailUrl\":\"\/app\/uploads\/sites\/2\/Alto_Uber_FX2_AngleR.jpg\",\"datePublished\":\"2024-04-12T14:31:38+00:00\",\"dateModified\":\"2025-03-03T16:41:21+00:00\",\"breadcrumb\":{\"@id\":\"https:\/\/distribution.audio-technica.eu\/es-es\/productos\/uberfx2\/#breadcrumb\"},\"inLanguage\":\"es\",\"potentialAction\":[{\"@type\":\"ReadAction\",\"target\":[\"https:\/\/distribution.audio-technica.eu\/es-es\/productos\/uberfx2\/\"]}]},{\"@type\":\"ImageObject\",\"inLanguage\":\"es\",\"@id\":\"https:\/\/distribution.audio-technica.eu\/es-es\/productos\/uberfx2\/#primaryimage\",\"url\":\"\/app\/uploads\/sites\/2\/Alto_Uber_FX2_AngleR.jpg\",\"contentUrl\":\"\/app\/uploads\/sites\/2\/Alto_Uber_FX2_AngleR.jpg\",\"width\":2000,\"height\":2000},{\"@type\":\"BreadcrumbList\",\"@id\":\"https:\/\/distribution.audio-technica.eu\/es-es\/productos\/uberfx2\/#breadcrumb\",\"itemListElement\":[{\"@type\":\"ListItem\",\"position\":1,\"name\":\"Products\",\"item\":\"https:\/\/distribution.audio-technica.eu\/es-es\/\"},{\"@type\":\"ListItem\",\"position\":2,\"name\":\"Productos\",\"item\":\"https:\/\/distribution.audio-technica.eu\/es-es\/productos\/\"},{\"@type\":\"ListItem\",\"position\":3,\"name\":\"\u00dcBER FX2\"}]},{\"@type\":\"WebSite\",\"@id\":\"https:\/\/distribution.audio-technica.eu\/es-es\/#website\",\"url\":\"https:\/\/distribution.audio-technica.eu\/es-es\/\",\"name\":\"Audio-Technica Iberia\",\"description\":\"Distribuci\u00f3n\",\"potentialAction\":[{\"@type\":\"SearchAction\",\"target\":{\"@type\":\"EntryPoint\",\"urlTemplate\":\"https:\/\/distribution.audio-technica.eu\/es-es\/?s={search_term_string}\"},\"query-input\":{\"@type\":\"PropertyValueSpecification\",\"valueRequired\":true,\"valueName\":\"search_term_string\"}}],\"inLanguage\":\"es\"}]}<\/script>\n<!-- \/ Yoast SEO plugin. -->","yoast_head_json":{"title":"\u00dcBER FX2 - Audio-Technica Iberia","robots":{"index":"index","follow":"follow","max-snippet":"max-snippet:-1","max-image-preview":"max-image-preview:large","max-video-preview":"max-video-preview:-1"},"canonical":"https:\/\/distribution.audio-technica.eu\/es-es\/productos\/uberfx2\/","og_locale":"es_ES","og_type":"article","og_title":"\u00dcBER FX2 - Audio-Technica Iberia","og_description":"PA port\u00e1til de 200 W con bater\u00eda recargable, Bluetooth y sonido de 320 grados   Innovador sistema de sonido de 200 W, 5 altavoces y 320 grados de cobertura sonora  100 horas de autonom\u00eda  F\u00e1cil de transportar gracias a su asa telesc\u00f3pica y ruedas  Mezclador de 2 canales micro \/ l\u00ednea \/ instrumento, con EQ y FX  Streaming y control a trav\u00e9s de Bluetooth 5.0  Conexi\u00f3n de 2 altavoces de forma inal\u00e1mbrica  2 puertos de carga USB  Presets EQ para actuaciones en directo y reproducci\u00f3n de m\u00fasica  Entrada auxiliar adicional a trav\u00e9s de conector de 3,5 mm  &nbsp;  &nbsp;","og_url":"https:\/\/distribution.audio-technica.eu\/es-es\/productos\/uberfx2\/","og_site_name":"Audio-Technica Iberia","article_modified_time":"2025-03-03T16:41:21+00:00","og_image":[{"width":1024,"height":1024,"url":"https:\/\/distribution.audio-technica.eu\/app\/uploads\/sites\/2\/Alto_Uber_FX2_AngleR-1024x1024.jpg","type":"image\/jpeg"}],"twitter_card":"summary_large_image","twitter_misc":{"Tiempo de lectura":"3 minutos"},"schema":{"@context":"https:\/\/schema.org","@graph":[{"@type":"WebPage","@id":"https:\/\/distribution.audio-technica.eu\/es-es\/productos\/uberfx2\/","url":"https:\/\/distribution.audio-technica.eu\/es-es\/productos\/uberfx2\/","name":"\u00dcBER FX2 - Audio-Technica Iberia","isPartOf":{"@id":"https:\/\/distribution.audio-technica.eu\/es-es\/#website"},"primaryImageOfPage":{"@id":"https:\/\/distribution.audio-technica.eu\/es-es\/productos\/uberfx2\/#primaryimage"},"image":{"@id":"https:\/\/distribution.audio-technica.eu\/es-es\/productos\/uberfx2\/#primaryimage"},"thumbnailUrl":"\/app\/uploads\/sites\/2\/Alto_Uber_FX2_AngleR.jpg","datePublished":"2024-04-12T14:31:38+00:00","dateModified":"2025-03-03T16:41:21+00:00","breadcrumb":{"@id":"https:\/\/distribution.audio-technica.eu\/es-es\/productos\/uberfx2\/#breadcrumb"},"inLanguage":"es","potentialAction":[{"@type":"ReadAction","target":["https:\/\/distribution.audio-technica.eu\/es-es\/productos\/uberfx2\/"]}]},{"@type":"ImageObject","inLanguage":"es","@id":"https:\/\/distribution.audio-technica.eu\/es-es\/productos\/uberfx2\/#primaryimage","url":"\/app\/uploads\/sites\/2\/Alto_Uber_FX2_AngleR.jpg","contentUrl":"\/app\/uploads\/sites\/2\/Alto_Uber_FX2_AngleR.jpg","width":2000,"height":2000},{"@type":"BreadcrumbList","@id":"https:\/\/distribution.audio-technica.eu\/es-es\/productos\/uberfx2\/#breadcrumb","itemListElement":[{"@type":"ListItem","position":1,"name":"Products","item":"https:\/\/distribution.audio-technica.eu\/es-es\/"},{"@type":"ListItem","position":2,"name":"Productos","item":"https:\/\/distribution.audio-technica.eu\/es-es\/productos\/"},{"@type":"ListItem","position":3,"name":"\u00dcBER FX2"}]},{"@type":"WebSite","@id":"https:\/\/distribution.audio-technica.eu\/es-es\/#website","url":"https:\/\/distribution.audio-technica.eu\/es-es\/","name":"Audio-Technica Iberia","description":"Distribuci\u00f3n","potentialAction":[{"@type":"SearchAction","target":{"@type":"EntryPoint","urlTemplate":"https:\/\/distribution.audio-technica.eu\/es-es\/?s={search_term_string}"},"query-input":{"@type":"PropertyValueSpecification","valueRequired":true,"valueName":"search_term_string"}}],"inLanguage":"es"}]}},"_links":{"self":[{"href":"https:\/\/distribution.audio-technica.eu\/es-es\/wp-json\/wp\/v2\/product\/33167","targetHints":{"allow":["GET"]}}],"collection":[{"href":"https:\/\/distribution.audio-technica.eu\/es-es\/wp-json\/wp\/v2\/product"}],"about":[{"href":"https:\/\/distribution.audio-technica.eu\/es-es\/wp-json\/wp\/v2\/types\/product"}],"wp:featuredmedia":[{"embeddable":true,"href":"https:\/\/distribution.audio-technica.eu\/es-es\/wp-json\/wp\/v2\/media\/33184"}],"wp:attachment":[{"href":"https:\/\/distribution.audio-technica.eu\/es-es\/wp-json\/wp\/v2\/media?parent=33167"}],"wp:term":[{"taxonomy":"product_brand","embeddable":true,"href":"https:\/\/distribution.audio-technica.eu\/es-es\/wp-json\/wp\/v2\/product_brand?post=33167"},{"taxonomy":"product_cat","embeddable":true,"href":"https:\/\/distribution.audio-technica.eu\/es-es\/wp-json\/wp\/v2\/product_cat?post=33167"},{"taxonomy":"product_tag","embeddable":true,"href":"https:\/\/distribution.audio-technica.eu\/es-es\/wp-json\/wp\/v2\/product_tag?post=33167"}],"curies":[{"name":"wp","href":"https:\/\/api.w.org\/{rel}","templated":true}]}}