{"id":34547,"date":"2024-06-14T13:39:29","date_gmt":"2024-06-14T11:39:29","guid":{"rendered":"https:\/\/distribution.audio-technica.eu\/es-es\/?post_type=product&#038;p=34547"},"modified":"2024-06-14T14:31:22","modified_gmt":"2024-06-14T12:31:22","slug":"dlive-rackultrafx-card","status":"publish","type":"product","link":"https:\/\/distribution.audio-technica.eu\/es-es\/productos\/dlive-rackultrafx-card\/","title":{"rendered":"dLive RackUltraFX Card"},"content":{"rendered":"<h2>dLive RackUltraFX Card<\/h2>\n<h3>Tarjeta de procesamiento FPGA + ARM para MixRacks dLive<\/h3>\n<p>Combinando la reconocida tecnolog\u00eda FPGA de Allen &amp; Heath con el procesamiento ARM, la tarjeta RackUltra FX abre dLive a la nueva generaci\u00f3n de procesamiento y efectos integrados.<\/p>\n<p>La tarjeta <strong>RackUltra FX Card<\/strong>, instalada de serie en todos los MixRacks nuevos y disponible como actualizaci\u00f3n para los MixRacks existentes, a\u00f1ade 8 motores RackUltra FX -incluyendo canales de env\u00edo y retorno est\u00e9reo dedicados m\u00e1s PEQ y din\u00e1mica en cada entrada y salida de los motores FX &#8211; a cualquier sistema dLive sin consumir ninguno de los 64 buses, 128 canales, ranuras RackExtra FX o 16 ranuras RackExtra FX de la plataforma.<\/p>\n<ul>\n<li>Se adapta a cualquier MixRack dLive. Se instala en la ranura de expansi\u00f3n interna de cualquier MixRack dLive DM o CDM existente para permitir el uso de la RackUltra FX Collection.<\/li>\n<li>8 motores RackUltra FX. Permite ejecutar 8 efectos cualesquiera de la RackUltra FX Collection, como env\u00edos o inserciones, adem\u00e1s de las 16 unidades RackExtra FX existentes.<\/li>\n<li>Env\u00edos y retornos dedicados. La tarjeta a\u00f1ade 8 env\u00edos y retornos est\u00e9reo RackUltra FX que no afectan a la configuraci\u00f3n est\u00e1ndar del bus de mezcla.<\/li>\n<li>PEQ y din\u00e1mica incorporados. Compresi\u00f3n, gating, expansi\u00f3n, ducking -todo con sidechain- y PEQ de 4 bandas en cada entrada y salida de FX.<\/li>\n<\/ul>\n<p><strong>RackUltra FX Suite<\/strong><\/p>\n<p>La <strong>suite RackUltra <em>FX<\/em><\/strong>, impulsada por la nueva <strong>tarjeta RackUltra FX<\/strong>, re\u00fane una colecci\u00f3n de 10 nuevos algoritmos, que abarcan correcci\u00f3n y cambio de tono, armonizadores vocales inteligentes, reverberaciones de estudio, saturaci\u00f3n y distorsi\u00f3n que rivalizan con los plug-ins m\u00e1s avanzados del mercado.<\/p>\n<p><strong>Reverbs<\/strong><\/p>\n<p>Dos nuevas reverbs utilizan la potencia de la tarjeta RackUltra FX para aportar un realismo hasta ahora inimaginable a la reverberaci\u00f3n en consola.<\/p>\n<p><strong><em>Spaces Reverb Designer <\/em><\/strong>es una reverb algor\u00edtmica dedicada a recrear espacios f\u00edsicos con el asombroso realismo que suele asociarse a las unidades de hardware de gama alta. <em>Spaces <\/em>permite al t\u00e9cnico de sonido dise\u00f1ar su propio espacio, desde ambientes cortos y salas peque\u00f1as hasta c\u00e1maras, salones y, con m\u00e1s de 60 segundos de decaimiento, mucho m\u00e1s all\u00e1.<\/p>\n<p><strong><em>Plate Reverb Designer <\/em><\/strong>se dedica a replicar la acumulaci\u00f3n y la cola con car\u00e1cter de una reverberaci\u00f3n de placas, con la posibilidad de elegir entre varios materiales de placa para adaptarse al material de origen.<\/p>\n<p>&nbsp;<\/p>\n<p><strong>Procesamiento vocal: Pitch<\/strong><\/p>\n<p>Por primera vez en una consola profesional de directo, es posible conseguir correcci\u00f3n de tono, desplazamiento y cuadr\u00edcula con calidad de estudio sin necesidad de software o hardware externo.<\/p>\n<p><strong><em>Vocal Tuner <\/em><\/strong>est\u00e1 dise\u00f1ado para corregir el tono de forma natural, con artefactos audibles m\u00ednimos, y es adecuado para todos los g\u00e9neros musicales y para cualquier situaci\u00f3n en la que el int\u00e9rprete necesite una ayuda suave.<\/p>\n<p><strong><em>Vocal Gridder <\/em><\/strong>produce una correcci\u00f3n del tono m\u00e1s r\u00e1pida y menos natural, como se escucha en innumerables producciones de hip-hop, pop, trap y country moderno, en las que las notas \u00abse ajustan\u00bb al tono objetivo casi al instante.<\/p>\n<p>Tanto <em>Vocal Tuner <\/em>como <em>Vocal Gridder <\/em>pueden configurarse para seguir una tonalidad global o local con opciones para escalas mayores, menores y crom\u00e1ticas, y las escalas pueden personalizarse mediante el editor de notas.<\/p>\n<p><strong><em>Vocal Shifter <\/em><\/strong>altera radicalmente las voces con un control de formantes y la posibilidad de subir o bajar la voz hasta 12 semitonos. Vocal Shifter puede producir desde doblajes de tono hasta los irreales efectos rob\u00f3ticos y de envejecimiento que se escuchan en EDM y otros g\u00e9neros electr\u00f3nicos.<\/p>\n<p><strong><em>\u00a0<\/em><\/strong><\/p>\n<p><strong>Procesamiento vocal: <\/strong><strong>Harmonisers<\/strong><\/p>\n<p>El procesamiento vocal de dLive se mejora a\u00fan m\u00e1s con la incorporaci\u00f3n de tres armonizadores.<\/p>\n<p><strong><em>Quad Voice Harmoniser <\/em><\/strong>genera hasta 4 voces de armon\u00eda vocal de sonido natural, especificadas en intervalos musicales para mayor simplicidad, que siguen la clave global, una clave local o una entrada MIDI.<\/p>\n<p><strong><em>Dual Auto Key Harmoniser <\/em><\/strong>a\u00f1ade hasta 2 voces de armon\u00eda, utilizando el mismo motor central que el <em>Quad-Voice <\/em><em>Harmoniser<\/em>, pero con el a\u00f1adido del modo inteligente Auto-Key, en el que se puede utilizar una fuente polif\u00f3nica como la guitarra o el piano para determinar autom\u00e1ticamente la tonalidad de la interpretaci\u00f3n en tiempo real.<\/p>\n<p><strong><em>MIDI Harmoniser <\/em><\/strong>crea armon\u00edas basadas en una entrada MIDI externa, desde un DAW o tocadas en directo, e incluye un modo monof\u00f3nico con un par\u00e1metro de deslizamiento para proporcionar portamento entre notas, adem\u00e1s de un modo polif\u00f3nico para hasta 4 voces de armon\u00eda controlable.<\/p>\n<p>&nbsp;<\/p>\n<p><strong>Distorsi\u00f3n<\/strong><\/p>\n<p>Un par de efectos de distorsi\u00f3n completan la colecci\u00f3n V2.0 RackUltra FX.<\/p>\n<p><strong><em>Saturation <\/em><\/strong>ofrece 5 modelos de saturaci\u00f3n anal\u00f3gica, que abarcan desde un suave y sutil accionamiento de cinta hasta un crujido de v\u00e1lvulas y germanio, con opciones de modelado del tono f\u00e1ciles de usar que incluyen controles Tilt EQ y LPF\/HPF. La saturaci\u00f3n se puede utilizar en fuentes o buses individuales para dar calidez, a\u00f1adirles un toque sucio o recortarlos para conseguir un efecto m\u00e1s fino y de banda estrecha.<\/p>\n<p><strong><em>Amp+Cab Distortion <\/em><\/strong>modela las caracter\u00edsticas arm\u00f3nicamente complejas de los amplificadores de guitarra y bajo y emula varias respuestas cl\u00e1sicas de cajas ac\u00fasticas, directamente en su dLive. Se puede utilizar cualquier caja con cualquier amplificador para maximizar las posibilidades s\u00f3nicas.<\/p>\n<p>&nbsp;<\/p>\n<p><strong>Potentes <\/strong><strong>mejoras<\/strong><strong> del flujo de trabajo con el firmware V2.0<\/strong><\/p>\n<p>No se trata s\u00f3lo de efectos. dLive V2.0 tambi\u00e9n proporciona a los t\u00e9cnicos de sonido las herramientas necesarias para potenciar su flujo de trabajo y mejorar la experiencia de mezcla.<\/p>\n<p>El sistema <strong>Cue List<\/strong> se ha revisado para simplificar la creaci\u00f3n de listas de cue mediante opciones de renumeraci\u00f3n manual y autom\u00e1tica y recuperaci\u00f3n MIDI personalizada, dise\u00f1adas para actuaciones r\u00e1pidas, espect\u00e1culos muy automatizados y aplicaciones teatrales.<\/p>\n<p>La nueva y potente funci\u00f3n <strong>Actions <\/strong>facilita la automatizaci\u00f3n compleja para el ingeniero, ya que permite activar funciones en varios canales, como asignaciones de enrutamiento y niveles, entradas ABCD, entradas\/salidas de procesamiento, disposici\u00f3n de bandas y entradas\/salidas de inserci\u00f3n, con s\u00f3lo pulsar una tecla programable.<\/p>\n<p>La <strong>Channel Library <\/strong>se ha ampliado para incluir contribuciones de mezcla, lo que significa que ahora los canales se pueden guardar con todos los env\u00edos, el procesamiento y los datos de nombre\/color incluidos.<\/p>\n<p>Otras mejoras incluyen:<\/p>\n<ul>\n<li>Modo Director Preview &#8211; recupera y actualiza Escenas desde Director y luego Impulsa y Almacena en el sistema sin afectar al audio en directo.<\/li>\n<li>Control FX Width para todos los FX de RackExtra y RackUltra.<\/li>\n<li>Director CSV Import \/ Export &#8211; Importa \/ Exporta Nombre de Canal, Color, Patch y ajustes de Preamplificador a\/desde un archivo CSV.<\/li>\n<li>Campos de Director ahora editables a trav\u00e9s del teclado.<\/li>\n<li>Grupos Dyn8.<\/li>\n<li>Nuevas opciones y comandos MIDI que incluyen:<\/li>\n<li>Posibilidad de conectar el controlador de control MIDI a una superficie dLive para el control de Cue List<\/li>\n<li>Opci\u00f3n de activaci\u00f3n \/ desactivaci\u00f3n de env\u00edo y recepci\u00f3n global<\/li>\n<li>Control MIDI de la Global Key<\/li>\n<li>Mensajes MIDI CC configurables para Scene Go, Next y Previous<\/li>\n<li>Canal MIDI configurable para cada ranura RackUltra FX<\/li>\n<li>Mensajes MIDI CC configurables para par\u00e1metros FX seleccionados, p. ej. Retune, Transition, Correction, Key, Scale, Bypass<\/li>\n<li>Soporte de configuraciones multi-unidad en Custom Control.<\/li>\n<li>Control con dos dedos en pantalla t\u00e1ctil para anchura de PEQ.<\/li>\n<li>Ajuste de polaridad para todas las salida AES.<\/li>\n<li>Modo gigaACE de alta tolerancia al jitter.<\/li>\n<li>Controles independientes On\/Off y Pre\/Post para entrada PAFL Ext a salida Wedge\/IEM.<\/li>\n<li>Ajuste de modo Pro\/Consumer para tarjetas AES.<\/li>\n<\/ul>\n","protected":false},"excerpt":{"rendered":"<h3>Tarjeta de procesamiento FPGA + ARM para MixRacks dLive<\/h3>\n<ul class=\"summary\">\n<li>Se adapta a cualquier MixRack dLive. Se instala en la ranura de expansi\u00f3n interna de cualquier MixRack dLive DM o CDM existente para permitir el uso de la RackUltra FX Collection.<\/li>\n<li>8 motores RackUltra FX. Permite ejecutar 8 efectos cualesquiera de la RackUltra FX Collection, como env\u00edos o inserciones, adem\u00e1s de las 16 unidades RackExtra FX existentes.<\/li>\n<li>Env\u00edos y retornos dedicados. La tarjeta a\u00f1ade 8 env\u00edos y retornos est\u00e9reo RackUltra FX que no afectan a la configuraci\u00f3n est\u00e1ndar del bus de mezcla.<\/li>\n<li>PEQ y din\u00e1mica incorporados. Compresi\u00f3n, gating, expansi\u00f3n, ducking -todo con sidechain- y PEQ de 4 bandas en cada entrada y salida de FX.<\/li>\n<\/ul>\n<p>&nbsp;<\/p>\n","protected":false},"featured_media":34546,"template":"","meta":{"_acf_changed":false},"product_brand":[],"product_cat":[1493,1494,1490,1513,1495],"product_tag":[],"class_list":{"0":"post-34547","1":"product","2":"type-product","3":"status-publish","4":"has-post-thumbnail","6":"product_cat-mesas-de-mezclas-allen-heath","7":"product_cat-mesas-de-mezclas-para-directo-mesas-de-mezclas-allen-heath","8":"product_cat-por-series-allen-heath","9":"product_cat-serie-dlive-c-class","10":"product_cat-serie-dlive-s-class","12":"first","13":"instock","14":"shipping-taxable","15":"product-type-simple"},"acf":[],"yoast_head":"<!-- This site is optimized with the Yoast SEO plugin v27.1.1 - https:\/\/yoast.com\/product\/yoast-seo-wordpress\/ -->\n<title>dLive RackUltraFX Card - Audio-Technica Iberia<\/title>\n<meta name=\"robots\" content=\"index, follow, max-snippet:-1, max-image-preview:large, max-video-preview:-1\" \/>\n<link rel=\"canonical\" href=\"https:\/\/distribution.audio-technica.eu\/es-es\/productos\/dlive-rackultrafx-card\/\" \/>\n<meta property=\"og:locale\" content=\"es_ES\" \/>\n<meta property=\"og:type\" content=\"article\" \/>\n<meta property=\"og:title\" content=\"dLive RackUltraFX Card - Audio-Technica Iberia\" \/>\n<meta property=\"og:description\" content=\"Tarjeta de procesamiento FPGA + ARM para MixRacks dLive   Se adapta a cualquier MixRack dLive. Se instala en la ranura de expansi\u00f3n interna de cualquier MixRack dLive DM o CDM existente para permitir el uso de la RackUltra FX Collection.  8 motores RackUltra FX. Permite ejecutar 8 efectos cualesquiera de la RackUltra FX Collection, como env\u00edos o inserciones, adem\u00e1s de las 16 unidades RackExtra FX existentes.  Env\u00edos y retornos dedicados. La tarjeta a\u00f1ade 8 env\u00edos y retornos est\u00e9reo RackUltra FX que no afectan a la configuraci\u00f3n est\u00e1ndar del bus de mezcla.  PEQ y din\u00e1mica incorporados. Compresi\u00f3n, gating, expansi\u00f3n, ducking -todo con sidechain- y PEQ de 4 bandas en cada entrada y salida de FX.  &nbsp;\" \/>\n<meta property=\"og:url\" content=\"https:\/\/distribution.audio-technica.eu\/es-es\/productos\/dlive-rackultrafx-card\/\" \/>\n<meta property=\"og:site_name\" content=\"Audio-Technica Iberia\" \/>\n<meta property=\"article:modified_time\" content=\"2024-06-14T12:31:22+00:00\" \/>\n<meta property=\"og:image\" content=\"https:\/\/distribution.audio-technica.eu\/app\/uploads\/sites\/2\/AH-dLive-V2-RackUltraFX-Card-High-Angled.jpg\" \/>\n\t<meta property=\"og:image:width\" content=\"1500\" \/>\n\t<meta property=\"og:image:height\" content=\"1500\" \/>\n\t<meta property=\"og:image:type\" content=\"image\/jpeg\" \/>\n<meta name=\"twitter:card\" content=\"summary_large_image\" \/>\n<meta name=\"twitter:label1\" content=\"Tiempo de lectura\" \/>\n\t<meta name=\"twitter:data1\" content=\"6 minutos\" \/>\n<script type=\"application\/ld+json\" class=\"yoast-schema-graph\">{\"@context\":\"https:\/\/schema.org\",\"@graph\":[{\"@type\":\"WebPage\",\"@id\":\"https:\/\/distribution.audio-technica.eu\/es-es\/productos\/dlive-rackultrafx-card\/\",\"url\":\"https:\/\/distribution.audio-technica.eu\/es-es\/productos\/dlive-rackultrafx-card\/\",\"name\":\"dLive RackUltraFX Card - Audio-Technica Iberia\",\"isPartOf\":{\"@id\":\"https:\/\/distribution.audio-technica.eu\/es-es\/#website\"},\"primaryImageOfPage\":{\"@id\":\"https:\/\/distribution.audio-technica.eu\/es-es\/productos\/dlive-rackultrafx-card\/#primaryimage\"},\"image\":{\"@id\":\"https:\/\/distribution.audio-technica.eu\/es-es\/productos\/dlive-rackultrafx-card\/#primaryimage\"},\"thumbnailUrl\":\"\/app\/uploads\/sites\/2\/AH-dLive-V2-RackUltraFX-Card-High-Angled.jpg\",\"datePublished\":\"2024-06-14T11:39:29+00:00\",\"dateModified\":\"2024-06-14T12:31:22+00:00\",\"breadcrumb\":{\"@id\":\"https:\/\/distribution.audio-technica.eu\/es-es\/productos\/dlive-rackultrafx-card\/#breadcrumb\"},\"inLanguage\":\"es\",\"potentialAction\":[{\"@type\":\"ReadAction\",\"target\":[\"https:\/\/distribution.audio-technica.eu\/es-es\/productos\/dlive-rackultrafx-card\/\"]}]},{\"@type\":\"ImageObject\",\"inLanguage\":\"es\",\"@id\":\"https:\/\/distribution.audio-technica.eu\/es-es\/productos\/dlive-rackultrafx-card\/#primaryimage\",\"url\":\"\/app\/uploads\/sites\/2\/AH-dLive-V2-RackUltraFX-Card-High-Angled.jpg\",\"contentUrl\":\"\/app\/uploads\/sites\/2\/AH-dLive-V2-RackUltraFX-Card-High-Angled.jpg\",\"width\":1500,\"height\":1500},{\"@type\":\"BreadcrumbList\",\"@id\":\"https:\/\/distribution.audio-technica.eu\/es-es\/productos\/dlive-rackultrafx-card\/#breadcrumb\",\"itemListElement\":[{\"@type\":\"ListItem\",\"position\":1,\"name\":\"Products\",\"item\":\"https:\/\/distribution.audio-technica.eu\/es-es\/\"},{\"@type\":\"ListItem\",\"position\":2,\"name\":\"Productos\",\"item\":\"https:\/\/distribution.audio-technica.eu\/es-es\/productos\/\"},{\"@type\":\"ListItem\",\"position\":3,\"name\":\"dLive RackUltraFX Card\"}]},{\"@type\":\"WebSite\",\"@id\":\"https:\/\/distribution.audio-technica.eu\/es-es\/#website\",\"url\":\"https:\/\/distribution.audio-technica.eu\/es-es\/\",\"name\":\"Audio-Technica Iberia\",\"description\":\"Distribuci\u00f3n\",\"potentialAction\":[{\"@type\":\"SearchAction\",\"target\":{\"@type\":\"EntryPoint\",\"urlTemplate\":\"https:\/\/distribution.audio-technica.eu\/es-es\/?s={search_term_string}\"},\"query-input\":{\"@type\":\"PropertyValueSpecification\",\"valueRequired\":true,\"valueName\":\"search_term_string\"}}],\"inLanguage\":\"es\"}]}<\/script>\n<!-- \/ Yoast SEO plugin. -->","yoast_head_json":{"title":"dLive RackUltraFX Card - Audio-Technica Iberia","robots":{"index":"index","follow":"follow","max-snippet":"max-snippet:-1","max-image-preview":"max-image-preview:large","max-video-preview":"max-video-preview:-1"},"canonical":"https:\/\/distribution.audio-technica.eu\/es-es\/productos\/dlive-rackultrafx-card\/","og_locale":"es_ES","og_type":"article","og_title":"dLive RackUltraFX Card - Audio-Technica Iberia","og_description":"Tarjeta de procesamiento FPGA + ARM para MixRacks dLive   Se adapta a cualquier MixRack dLive. Se instala en la ranura de expansi\u00f3n interna de cualquier MixRack dLive DM o CDM existente para permitir el uso de la RackUltra FX Collection.  8 motores RackUltra FX. Permite ejecutar 8 efectos cualesquiera de la RackUltra FX Collection, como env\u00edos o inserciones, adem\u00e1s de las 16 unidades RackExtra FX existentes.  Env\u00edos y retornos dedicados. La tarjeta a\u00f1ade 8 env\u00edos y retornos est\u00e9reo RackUltra FX que no afectan a la configuraci\u00f3n est\u00e1ndar del bus de mezcla.  PEQ y din\u00e1mica incorporados. Compresi\u00f3n, gating, expansi\u00f3n, ducking -todo con sidechain- y PEQ de 4 bandas en cada entrada y salida de FX.  &nbsp;","og_url":"https:\/\/distribution.audio-technica.eu\/es-es\/productos\/dlive-rackultrafx-card\/","og_site_name":"Audio-Technica Iberia","article_modified_time":"2024-06-14T12:31:22+00:00","og_image":[{"width":1500,"height":1500,"url":"https:\/\/distribution.audio-technica.eu\/app\/uploads\/sites\/2\/AH-dLive-V2-RackUltraFX-Card-High-Angled.jpg","type":"image\/jpeg"}],"twitter_card":"summary_large_image","twitter_misc":{"Tiempo de lectura":"6 minutos"},"schema":{"@context":"https:\/\/schema.org","@graph":[{"@type":"WebPage","@id":"https:\/\/distribution.audio-technica.eu\/es-es\/productos\/dlive-rackultrafx-card\/","url":"https:\/\/distribution.audio-technica.eu\/es-es\/productos\/dlive-rackultrafx-card\/","name":"dLive RackUltraFX Card - Audio-Technica Iberia","isPartOf":{"@id":"https:\/\/distribution.audio-technica.eu\/es-es\/#website"},"primaryImageOfPage":{"@id":"https:\/\/distribution.audio-technica.eu\/es-es\/productos\/dlive-rackultrafx-card\/#primaryimage"},"image":{"@id":"https:\/\/distribution.audio-technica.eu\/es-es\/productos\/dlive-rackultrafx-card\/#primaryimage"},"thumbnailUrl":"\/app\/uploads\/sites\/2\/AH-dLive-V2-RackUltraFX-Card-High-Angled.jpg","datePublished":"2024-06-14T11:39:29+00:00","dateModified":"2024-06-14T12:31:22+00:00","breadcrumb":{"@id":"https:\/\/distribution.audio-technica.eu\/es-es\/productos\/dlive-rackultrafx-card\/#breadcrumb"},"inLanguage":"es","potentialAction":[{"@type":"ReadAction","target":["https:\/\/distribution.audio-technica.eu\/es-es\/productos\/dlive-rackultrafx-card\/"]}]},{"@type":"ImageObject","inLanguage":"es","@id":"https:\/\/distribution.audio-technica.eu\/es-es\/productos\/dlive-rackultrafx-card\/#primaryimage","url":"\/app\/uploads\/sites\/2\/AH-dLive-V2-RackUltraFX-Card-High-Angled.jpg","contentUrl":"\/app\/uploads\/sites\/2\/AH-dLive-V2-RackUltraFX-Card-High-Angled.jpg","width":1500,"height":1500},{"@type":"BreadcrumbList","@id":"https:\/\/distribution.audio-technica.eu\/es-es\/productos\/dlive-rackultrafx-card\/#breadcrumb","itemListElement":[{"@type":"ListItem","position":1,"name":"Products","item":"https:\/\/distribution.audio-technica.eu\/es-es\/"},{"@type":"ListItem","position":2,"name":"Productos","item":"https:\/\/distribution.audio-technica.eu\/es-es\/productos\/"},{"@type":"ListItem","position":3,"name":"dLive RackUltraFX Card"}]},{"@type":"WebSite","@id":"https:\/\/distribution.audio-technica.eu\/es-es\/#website","url":"https:\/\/distribution.audio-technica.eu\/es-es\/","name":"Audio-Technica Iberia","description":"Distribuci\u00f3n","potentialAction":[{"@type":"SearchAction","target":{"@type":"EntryPoint","urlTemplate":"https:\/\/distribution.audio-technica.eu\/es-es\/?s={search_term_string}"},"query-input":{"@type":"PropertyValueSpecification","valueRequired":true,"valueName":"search_term_string"}}],"inLanguage":"es"}]}},"_links":{"self":[{"href":"https:\/\/distribution.audio-technica.eu\/es-es\/wp-json\/wp\/v2\/product\/34547","targetHints":{"allow":["GET"]}}],"collection":[{"href":"https:\/\/distribution.audio-technica.eu\/es-es\/wp-json\/wp\/v2\/product"}],"about":[{"href":"https:\/\/distribution.audio-technica.eu\/es-es\/wp-json\/wp\/v2\/types\/product"}],"wp:featuredmedia":[{"embeddable":true,"href":"https:\/\/distribution.audio-technica.eu\/es-es\/wp-json\/wp\/v2\/media\/34546"}],"wp:attachment":[{"href":"https:\/\/distribution.audio-technica.eu\/es-es\/wp-json\/wp\/v2\/media?parent=34547"}],"wp:term":[{"taxonomy":"product_brand","embeddable":true,"href":"https:\/\/distribution.audio-technica.eu\/es-es\/wp-json\/wp\/v2\/product_brand?post=34547"},{"taxonomy":"product_cat","embeddable":true,"href":"https:\/\/distribution.audio-technica.eu\/es-es\/wp-json\/wp\/v2\/product_cat?post=34547"},{"taxonomy":"product_tag","embeddable":true,"href":"https:\/\/distribution.audio-technica.eu\/es-es\/wp-json\/wp\/v2\/product_tag?post=34547"}],"curies":[{"name":"wp","href":"https:\/\/api.w.org\/{rel}","templated":true}]}}