{"id":38134,"date":"2024-07-09T16:56:24","date_gmt":"2024-07-09T14:56:24","guid":{"rendered":"https:\/\/distribution.audio-technica.eu\/es-es\/?post_type=product&#038;p=38134"},"modified":"2024-07-09T18:00:02","modified_gmt":"2024-07-09T16:00:02","slug":"sq-dante-32x32","status":"publish","type":"product","link":"https:\/\/distribution.audio-technica.eu\/es-es\/productos\/sq-dante-32x32\/","title":{"rendered":"SQ Dante 32&#215;32"},"content":{"rendered":"<h2>SQ Dante 32&#215;32<\/h2>\n<h3>Tarjeta Dante\u00ae 32&#215;32 para mezcladores de la serie SQ y matrices AHM<\/h3>\n<p>SQ Dante 32\u00d732 proporciona a cualquier mezclador SQ o procesador AHM un interface completo de 32\u00d732 canales, 96 kHz o 48 kHz para una red Dante.<\/p>\n<p>Una unidad SQ o AHM equipada con la tarjeta opcional Dante puede conectarse sin problemas a expansores DT, sistemas inal\u00e1mbricos, amplificadores, preamplificadores y cualquier otro dispositivo en su red Dante, aprovechando al m\u00e1ximo el audio de alta resoluci\u00f3n de 96 kHz.<\/p>\n<p>La tarjeta SQ Dante 32&#215;32 puede ser conmutada entre 96 kHz o 48 kHz para adaptarse a redes Dante que funcionan con cualquier frecuencia de muestreo. Adem\u00e1s de facilitar la integraci\u00f3n del sistema, la tarjeta tambi\u00e9n permite splits digitales y grabaci\u00f3n multipista asequible directamente a un ordenador.<\/p>\n<p>La tarjeta SQ Dante 32 x 32 es el complemento perfecto para los procesadores matriciales AHM-32 y AHM-16, y adem\u00e1s de facilitar la integraci\u00f3n de procesadores AHM en redes Dante existentes, tambi\u00e9n permite el uso de expansores A&amp;H compatibles con Dante, incluidos los compactos y port\u00e1tiles DT22, DT02 y DT20, el DT164-W de montaje en pared y el stagebox DT168.<\/p>\n<ul>\n<li style=\"line-height: 1.42857 !important\">32&#215;32 canales de audio y control sobre una red<\/li>\n<li style=\"line-height: 1.42857 !important\">Funcionamiento a 96 kHz o 48 kHz<\/li>\n<li style=\"line-height: 1.42857 !important\">Grabaci\u00f3n \/ reproducci\u00f3n multicanal utilizando Dante Virtual Soundcard (se vende por separado)<\/li>\n<li style=\"line-height: 1.42857 !important\">Dos puertos con modos redundante y conmutado<\/li>\n<li style=\"line-height: 1.42857 !important\">Internal Control Network Bridge<\/li>\n<li style=\"line-height: 1.42857 !important\">Conectores Ethercon con bloqueo<\/li>\n<li style=\"line-height: 1.42857 !important\">Preparado para Dante Domain Manager<\/li>\n<li>AES67 compatible<\/li>\n<\/ul>\n","protected":false},"excerpt":{"rendered":"<h3>Tarjeta Dante\u00ae 32&#215;32 para mezcladores de la serie SQ y matrices AHM<\/h3>\n<ul class=\"summary\">\n<li>M\u00f3dulo Dante para mezcladores SQ y procesadores AHM<\/li>\n<li>32&#215;32 canales<\/li>\n<li>Funcionamiento seleccionable entre 96 kHz y 48 kHz<\/li>\n<li>Grabaci\u00f3n \/ reproducci\u00f3n multicanal utilizando Dante Virtual Soundcard<\/li>\n<\/ul>\n<p>&nbsp;<\/p>\n","protected":false},"featured_media":33386,"template":"","meta":{"_acf_changed":false},"product_brand":[],"product_cat":[1493,1494,2183,1490,2184,1514],"product_tag":[],"class_list":{"0":"post-38134","1":"product","2":"type-product","3":"status-publish","4":"has-post-thumbnail","6":"product_cat-mesas-de-mezclas-allen-heath","7":"product_cat-mesas-de-mezclas-para-directo-mesas-de-mezclas-allen-heath","8":"product_cat-matrices-instalacion","9":"product_cat-por-series-allen-heath","10":"product_cat-serie-ahm","11":"product_cat-serie-sq","12":"product_series-serie-ahm","13":"product_series-serie-sq","15":"first","16":"instock","17":"shipping-taxable","18":"product-type-simple"},"acf":[],"yoast_head":"<!-- This site is optimized with the Yoast SEO plugin v27.1.1 - https:\/\/yoast.com\/product\/yoast-seo-wordpress\/ -->\n<title>SQ Dante 32x32 - Audio-Technica Iberia<\/title>\n<meta name=\"robots\" content=\"index, follow, max-snippet:-1, max-image-preview:large, max-video-preview:-1\" \/>\n<link rel=\"canonical\" href=\"https:\/\/distribution.audio-technica.eu\/es-es\/productos\/sq-dante-32x32\/\" \/>\n<meta property=\"og:locale\" content=\"es_ES\" \/>\n<meta property=\"og:type\" content=\"article\" \/>\n<meta property=\"og:title\" content=\"SQ Dante 32x32 - Audio-Technica Iberia\" \/>\n<meta property=\"og:description\" content=\"Tarjeta Dante\u00ae 32x32 para mezcladores de la serie SQ y matrices AHM   M\u00f3dulo Dante para mezcladores SQ y procesadores AHM  32x32 canales  Funcionamiento seleccionable entre 96 kHz y 48 kHz  Grabaci\u00f3n \/ reproducci\u00f3n multicanal utilizando Dante Virtual Soundcard  &nbsp;\" \/>\n<meta property=\"og:url\" content=\"https:\/\/distribution.audio-technica.eu\/es-es\/productos\/sq-dante-32x32\/\" \/>\n<meta property=\"og:site_name\" content=\"Audio-Technica Iberia\" \/>\n<meta property=\"article:modified_time\" content=\"2024-07-09T16:00:02+00:00\" \/>\n<meta property=\"og:image\" content=\"https:\/\/distribution.audio-technica.eu\/app\/uploads\/sites\/2\/AH-SQ-Dante-32x32-front.jpg\" \/>\n\t<meta property=\"og:image:width\" content=\"2000\" \/>\n\t<meta property=\"og:image:height\" content=\"2000\" \/>\n\t<meta property=\"og:image:type\" content=\"image\/jpeg\" \/>\n<meta name=\"twitter:card\" content=\"summary_large_image\" \/>\n<meta name=\"twitter:label1\" content=\"Tiempo de lectura\" \/>\n\t<meta name=\"twitter:data1\" content=\"2 minutos\" \/>\n<script type=\"application\/ld+json\" class=\"yoast-schema-graph\">{\"@context\":\"https:\/\/schema.org\",\"@graph\":[{\"@type\":\"WebPage\",\"@id\":\"https:\/\/distribution.audio-technica.eu\/es-es\/productos\/sq-dante-32x32\/\",\"url\":\"https:\/\/distribution.audio-technica.eu\/es-es\/productos\/sq-dante-32x32\/\",\"name\":\"SQ Dante 32x32 - Audio-Technica Iberia\",\"isPartOf\":{\"@id\":\"https:\/\/distribution.audio-technica.eu\/es-es\/#website\"},\"primaryImageOfPage\":{\"@id\":\"https:\/\/distribution.audio-technica.eu\/es-es\/productos\/sq-dante-32x32\/#primaryimage\"},\"image\":{\"@id\":\"https:\/\/distribution.audio-technica.eu\/es-es\/productos\/sq-dante-32x32\/#primaryimage\"},\"thumbnailUrl\":\"\/app\/uploads\/sites\/2\/AH-SQ-Dante-32x32-front.jpg\",\"datePublished\":\"2024-07-09T14:56:24+00:00\",\"dateModified\":\"2024-07-09T16:00:02+00:00\",\"breadcrumb\":{\"@id\":\"https:\/\/distribution.audio-technica.eu\/es-es\/productos\/sq-dante-32x32\/#breadcrumb\"},\"inLanguage\":\"es\",\"potentialAction\":[{\"@type\":\"ReadAction\",\"target\":[\"https:\/\/distribution.audio-technica.eu\/es-es\/productos\/sq-dante-32x32\/\"]}]},{\"@type\":\"ImageObject\",\"inLanguage\":\"es\",\"@id\":\"https:\/\/distribution.audio-technica.eu\/es-es\/productos\/sq-dante-32x32\/#primaryimage\",\"url\":\"\/app\/uploads\/sites\/2\/AH-SQ-Dante-32x32-front.jpg\",\"contentUrl\":\"\/app\/uploads\/sites\/2\/AH-SQ-Dante-32x32-front.jpg\",\"width\":2000,\"height\":2000},{\"@type\":\"BreadcrumbList\",\"@id\":\"https:\/\/distribution.audio-technica.eu\/es-es\/productos\/sq-dante-32x32\/#breadcrumb\",\"itemListElement\":[{\"@type\":\"ListItem\",\"position\":1,\"name\":\"Products\",\"item\":\"https:\/\/distribution.audio-technica.eu\/es-es\/\"},{\"@type\":\"ListItem\",\"position\":2,\"name\":\"Productos\",\"item\":\"https:\/\/distribution.audio-technica.eu\/es-es\/productos\/\"},{\"@type\":\"ListItem\",\"position\":3,\"name\":\"SQ Dante 32&#215;32\"}]},{\"@type\":\"WebSite\",\"@id\":\"https:\/\/distribution.audio-technica.eu\/es-es\/#website\",\"url\":\"https:\/\/distribution.audio-technica.eu\/es-es\/\",\"name\":\"Audio-Technica Iberia\",\"description\":\"Distribuci\u00f3n\",\"potentialAction\":[{\"@type\":\"SearchAction\",\"target\":{\"@type\":\"EntryPoint\",\"urlTemplate\":\"https:\/\/distribution.audio-technica.eu\/es-es\/?s={search_term_string}\"},\"query-input\":{\"@type\":\"PropertyValueSpecification\",\"valueRequired\":true,\"valueName\":\"search_term_string\"}}],\"inLanguage\":\"es\"}]}<\/script>\n<!-- \/ Yoast SEO plugin. -->","yoast_head_json":{"title":"SQ Dante 32x32 - Audio-Technica Iberia","robots":{"index":"index","follow":"follow","max-snippet":"max-snippet:-1","max-image-preview":"max-image-preview:large","max-video-preview":"max-video-preview:-1"},"canonical":"https:\/\/distribution.audio-technica.eu\/es-es\/productos\/sq-dante-32x32\/","og_locale":"es_ES","og_type":"article","og_title":"SQ Dante 32x32 - Audio-Technica Iberia","og_description":"Tarjeta Dante\u00ae 32x32 para mezcladores de la serie SQ y matrices AHM   M\u00f3dulo Dante para mezcladores SQ y procesadores AHM  32x32 canales  Funcionamiento seleccionable entre 96 kHz y 48 kHz  Grabaci\u00f3n \/ reproducci\u00f3n multicanal utilizando Dante Virtual Soundcard  &nbsp;","og_url":"https:\/\/distribution.audio-technica.eu\/es-es\/productos\/sq-dante-32x32\/","og_site_name":"Audio-Technica Iberia","article_modified_time":"2024-07-09T16:00:02+00:00","og_image":[{"width":2000,"height":2000,"url":"https:\/\/distribution.audio-technica.eu\/app\/uploads\/sites\/2\/AH-SQ-Dante-32x32-front.jpg","type":"image\/jpeg"}],"twitter_card":"summary_large_image","twitter_misc":{"Tiempo de lectura":"2 minutos"},"schema":{"@context":"https:\/\/schema.org","@graph":[{"@type":"WebPage","@id":"https:\/\/distribution.audio-technica.eu\/es-es\/productos\/sq-dante-32x32\/","url":"https:\/\/distribution.audio-technica.eu\/es-es\/productos\/sq-dante-32x32\/","name":"SQ Dante 32x32 - Audio-Technica Iberia","isPartOf":{"@id":"https:\/\/distribution.audio-technica.eu\/es-es\/#website"},"primaryImageOfPage":{"@id":"https:\/\/distribution.audio-technica.eu\/es-es\/productos\/sq-dante-32x32\/#primaryimage"},"image":{"@id":"https:\/\/distribution.audio-technica.eu\/es-es\/productos\/sq-dante-32x32\/#primaryimage"},"thumbnailUrl":"\/app\/uploads\/sites\/2\/AH-SQ-Dante-32x32-front.jpg","datePublished":"2024-07-09T14:56:24+00:00","dateModified":"2024-07-09T16:00:02+00:00","breadcrumb":{"@id":"https:\/\/distribution.audio-technica.eu\/es-es\/productos\/sq-dante-32x32\/#breadcrumb"},"inLanguage":"es","potentialAction":[{"@type":"ReadAction","target":["https:\/\/distribution.audio-technica.eu\/es-es\/productos\/sq-dante-32x32\/"]}]},{"@type":"ImageObject","inLanguage":"es","@id":"https:\/\/distribution.audio-technica.eu\/es-es\/productos\/sq-dante-32x32\/#primaryimage","url":"\/app\/uploads\/sites\/2\/AH-SQ-Dante-32x32-front.jpg","contentUrl":"\/app\/uploads\/sites\/2\/AH-SQ-Dante-32x32-front.jpg","width":2000,"height":2000},{"@type":"BreadcrumbList","@id":"https:\/\/distribution.audio-technica.eu\/es-es\/productos\/sq-dante-32x32\/#breadcrumb","itemListElement":[{"@type":"ListItem","position":1,"name":"Products","item":"https:\/\/distribution.audio-technica.eu\/es-es\/"},{"@type":"ListItem","position":2,"name":"Productos","item":"https:\/\/distribution.audio-technica.eu\/es-es\/productos\/"},{"@type":"ListItem","position":3,"name":"SQ Dante 32&#215;32"}]},{"@type":"WebSite","@id":"https:\/\/distribution.audio-technica.eu\/es-es\/#website","url":"https:\/\/distribution.audio-technica.eu\/es-es\/","name":"Audio-Technica Iberia","description":"Distribuci\u00f3n","potentialAction":[{"@type":"SearchAction","target":{"@type":"EntryPoint","urlTemplate":"https:\/\/distribution.audio-technica.eu\/es-es\/?s={search_term_string}"},"query-input":{"@type":"PropertyValueSpecification","valueRequired":true,"valueName":"search_term_string"}}],"inLanguage":"es"}]}},"_links":{"self":[{"href":"https:\/\/distribution.audio-technica.eu\/es-es\/wp-json\/wp\/v2\/product\/38134","targetHints":{"allow":["GET"]}}],"collection":[{"href":"https:\/\/distribution.audio-technica.eu\/es-es\/wp-json\/wp\/v2\/product"}],"about":[{"href":"https:\/\/distribution.audio-technica.eu\/es-es\/wp-json\/wp\/v2\/types\/product"}],"wp:featuredmedia":[{"embeddable":true,"href":"https:\/\/distribution.audio-technica.eu\/es-es\/wp-json\/wp\/v2\/media\/33386"}],"wp:attachment":[{"href":"https:\/\/distribution.audio-technica.eu\/es-es\/wp-json\/wp\/v2\/media?parent=38134"}],"wp:term":[{"taxonomy":"product_brand","embeddable":true,"href":"https:\/\/distribution.audio-technica.eu\/es-es\/wp-json\/wp\/v2\/product_brand?post=38134"},{"taxonomy":"product_cat","embeddable":true,"href":"https:\/\/distribution.audio-technica.eu\/es-es\/wp-json\/wp\/v2\/product_cat?post=38134"},{"taxonomy":"product_tag","embeddable":true,"href":"https:\/\/distribution.audio-technica.eu\/es-es\/wp-json\/wp\/v2\/product_tag?post=38134"}],"curies":[{"name":"wp","href":"https:\/\/api.w.org\/{rel}","templated":true}]}}