{"id":38283,"date":"2024-07-19T12:16:14","date_gmt":"2024-07-19T10:16:14","guid":{"rendered":"https:\/\/distribution.audio-technica.eu\/es-es\/?post_type=product&#038;p=38283"},"modified":"2026-02-19T14:47:37","modified_gmt":"2026-02-19T13:47:37","slug":"ik41","status":"publish","type":"product","link":"https:\/\/distribution.audio-technica.eu\/es-es\/productos\/ik41\/","title":{"rendered":"IK41"},"content":{"rendered":"<h2>IK41<\/h2>\n<h3>Amplificador de potencia de 4 canales en clase D<\/h3>\n<p>El iKON iK41 es un avanzado amplificador de potencia de 4 canales, que combina una alta potencia con una excelente calidad de sonido, DSP de \u00faltima generaci\u00f3n y control a trav\u00e9s de red. Es un amplificador controlador espec\u00edfico para ser utilizado con los line arrays WPM de Martin Audio WPM, TORUS 8 y otros sistemas similares. iK41 tambi\u00e9n puede proporcionar amplificaci\u00f3n multicanal para altavoces de ciertas series de Martin Audio.<\/p>\n<p>Puede proporcionar una potencia de hasta 1500 W por canal sobre 4\u03a9, y su alta eficiencia reduce la cantidad de energ\u00eda que debe aportar la fuente de alimentaci\u00f3n, al tiempo que asegura la reserva de potencia suficiente necesaria para proporcionar un sonido espectacular incluso en las condiciones m\u00e1s adversas.<\/p>\n<p>Ethernet se utiliza para el control y monitoraje remoto del sistema a trav\u00e9s de la aplicaci\u00f3n de software VU-NET de Martin Audio, mientras que un interface del pnel frontal, muy f\u00e1cil de utilizar, permite un control local total de todas las funciones. Tambi\u00e9n dispone de entradas de red de audio digital Dante, para distribuci\u00f3n y control de audio digital.<\/p>\n<p>Dispone de un potente DSP, que est\u00e1 completamente integrado en el iK41, y que est\u00e1 destinado a proporcionar multitud de funciones que garantizan el m\u00e1ximo rendimiento de los sistemas de altavoces utilizados. Tambi\u00e9n proporciona hasta 1000 derivaciones de filtro FIR a 48 kHz en cada canal de salida, lo cual es esencial para implementar el proceso de optimizaci\u00f3n de ancho de banda amplio de DISPLAY en sistemas line array WPM.<\/p>\n<p>El iK41 utiliza amplias funciones de protecci\u00f3n integradas, que le permiten garantizar unas condiciones de funcionamiento seguras, tanto del amplificador como de los altavoces conectados, y que incluyen un sofisticado conjunto de limitadores de altavoces que incorpora limitaci\u00f3n de pico, RMS y excursi\u00f3n, as\u00ed como limitaci\u00f3n multibanda para sistemas pasivos de 2 v\u00edas<\/p>\n<p>&nbsp;<\/p>\n<p><strong>Caracter\u00edsticas Principales<\/strong><\/p>\n<ul>\n<li>Cuatro canales de eficiente amplificaci\u00f3n Clase D<\/li>\n<li>Gran cantidad de potencia en un compacto formato rack de 2 U<\/li>\n<li>Hasta 6.000 W de potencia total, dependiendo de la impedancia de carga<\/li>\n<li>DSP de alto rendimiento de 96 kHz en todas las entradas y salidas (48 kHz en las salidas al implementar filtros FIR)<\/li>\n<li>Fuente de alimentaci\u00f3n conmutada<\/li>\n<li>Auto detecci\u00f3n de alimentaci\u00f3n de red, entre 85V y 240V<\/li>\n<li>Interface de panel frontal intuitive y f\u00e1cil de utilizar<\/li>\n<li>Entradas anal\u00f3gicas, AES3 y red de audio digital Dante\u2122<\/li>\n<li>Red Ethernet para manejo, control y monitoraje del sistema a trav\u00e9s del software Martin Audio VU-NET\u2122<\/li>\n<li>Amplias funciones de protecci\u00f3n y monitoraje<\/li>\n<\/ul>\n<p>&nbsp;<\/p>\n<p><strong>Aplicaciones<\/strong><\/p>\n<ul>\n<li>Sistema de amplificaci\u00f3n y control espec\u00edfico para WPM, TORUS 8, y algunos otros altavoces de Martin Audio<\/li>\n<li>Vers\u00e1til amplificaci\u00f3n multicanal para sistemas de altavoces de Martin Audio<\/li>\n<\/ul>\n<p>&nbsp;<\/p>\n<p><strong>Compatibilidad con altavoces Martin Audio<\/strong><\/p>\n<table width=\"748\">\n<tbody>\n<tr>\n<td rowspan=\"2\" width=\"116\">&nbsp;<\/p>\n<p>&nbsp;<\/td>\n<td width=\"82\">16 \u03a9<\/td>\n<td width=\"85\">8 \u03a9<\/td>\n<td width=\"94\">4 \u03a9<\/td>\n<td width=\"76\">2 \u03a9<\/td>\n<td width=\"117\">8 \u03a9 Puente<\/td>\n<td width=\"125\">4 \u03a9 Puente<\/td>\n<\/tr>\n<tr>\n<td width=\"82\">325w<\/td>\n<td width=\"85\">750w<\/td>\n<td width=\"94\">1500w<\/td>\n<td width=\"76\">1500w<\/td>\n<td width=\"117\">1500w<\/td>\n<td width=\"125\">3000w<\/td>\n<\/tr>\n<tr>\n<td width=\"116\"><strong>CDD<\/strong><\/td>\n<td width=\"82\"><\/td>\n<td width=\"85\"><\/td>\n<td width=\"94\"><\/td>\n<td width=\"76\"><\/td>\n<td width=\"117\"><\/td>\n<td width=\"125\"><\/td>\n<\/tr>\n<tr>\n<td width=\"116\">CDD5<\/td>\n<td width=\"82\">N\/A<\/td>\n<td width=\"85\">\u2713<\/td>\n<td width=\"94\">\u2713<\/td>\n<td width=\"76\">\u2713<\/td>\n<td width=\"117\">N\/A<\/td>\n<td width=\"125\">N\/A<\/td>\n<\/tr>\n<tr>\n<td width=\"116\">CDD6<\/td>\n<td width=\"82\">N\/A<\/td>\n<td width=\"85\">\u2713<\/td>\n<td width=\"94\">\u2713<\/td>\n<td width=\"76\">\u2713<\/td>\n<td width=\"117\">N\/A<\/td>\n<td width=\"125\">N\/A<\/td>\n<\/tr>\n<tr>\n<td width=\"116\">CDD8<\/td>\n<td width=\"82\">N\/A<\/td>\n<td width=\"85\">\u2713<\/td>\n<td width=\"94\">\u2713<\/td>\n<td width=\"76\">\u2713<\/td>\n<td width=\"117\">N\/A<\/td>\n<td width=\"125\">N\/A<\/td>\n<\/tr>\n<tr>\n<td width=\"116\">CDD10<\/td>\n<td width=\"82\">N\/A<\/td>\n<td width=\"85\">\u2713<\/td>\n<td width=\"94\">\u2713<\/td>\n<td width=\"76\">\u2713<\/td>\n<td width=\"117\">N\/A<\/td>\n<td width=\"125\">N\/A<\/td>\n<\/tr>\n<tr>\n<td width=\"116\">CDD12<\/td>\n<td width=\"82\">N\/A<\/td>\n<td width=\"85\">\u2713<\/td>\n<td width=\"94\">\u2713<\/td>\n<td width=\"76\">-1.5dB<\/td>\n<td width=\"117\">N\/A<\/td>\n<td width=\"125\">N\/A<\/td>\n<\/tr>\n<tr>\n<td width=\"116\">CDD15<\/td>\n<td width=\"82\">N\/A<\/td>\n<td width=\"85\">-0.2dB<\/td>\n<td width=\"94\">-0.2dB<\/td>\n<td width=\"76\">\u2717<\/td>\n<td width=\"117\">N\/A<\/td>\n<td width=\"125\">N\/A<\/td>\n<\/tr>\n<tr>\n<td width=\"116\"><strong>FlexPoint<\/strong><\/td>\n<td width=\"82\"><\/td>\n<td width=\"85\"><\/td>\n<td width=\"94\"><\/td>\n<td width=\"76\"><\/td>\n<td width=\"117\"><\/td>\n<td width=\"125\"><\/td>\n<\/tr>\n<tr>\n<td width=\"116\">FP4<\/td>\n<td width=\"82\">\u2713<\/td>\n<td width=\"85\">\u2713<\/td>\n<td width=\"94\">\u2713<\/td>\n<td width=\"76\">\u2713<\/td>\n<td width=\"117\">N\/A<\/td>\n<td width=\"125\">N\/A<\/td>\n<\/tr>\n<tr>\n<td width=\"116\">FP6<\/td>\n<td width=\"82\">\u2713<\/td>\n<td width=\"85\">\u2713<\/td>\n<td width=\"94\">\u2713<\/td>\n<td width=\"76\">\u2713<\/td>\n<td width=\"117\">N\/A<\/td>\n<td width=\"125\">N\/A<\/td>\n<\/tr>\n<tr>\n<td width=\"116\">FP8<\/td>\n<td width=\"82\">N\/A<\/td>\n<td width=\"85\">\u2713<\/td>\n<td width=\"94\">\u2713<\/td>\n<td width=\"76\">\u2713<\/td>\n<td width=\"117\">N\/A<\/td>\n<td width=\"125\">N\/A<\/td>\n<\/tr>\n<tr>\n<td width=\"116\">FP12<\/td>\n<td width=\"82\">N\/A<\/td>\n<td width=\"85\">\u2713<\/td>\n<td width=\"94\">\u2713<\/td>\n<td width=\"76\">\u2717<\/td>\n<td width=\"117\">N\/A<\/td>\n<td width=\"125\">N\/A<\/td>\n<\/tr>\n<tr>\n<td width=\"116\">FP15<\/td>\n<td width=\"82\">N\/A<\/td>\n<td width=\"85\">-1.2dB<\/td>\n<td width=\"94\">-1.2dB<\/td>\n<td width=\"76\">\u2717<\/td>\n<td width=\"117\">N\/A<\/td>\n<td width=\"125\">N\/A<\/td>\n<\/tr>\n<tr>\n<td width=\"116\"><strong>Monitores LE<\/strong><\/td>\n<td width=\"82\"><\/td>\n<td width=\"85\"><\/td>\n<td width=\"94\"><\/td>\n<td width=\"76\"><\/td>\n<td width=\"117\"><\/td>\n<td width=\"125\"><\/td>\n<\/tr>\n<tr>\n<td width=\"116\">LE100<\/td>\n<td width=\"82\">N\/A<\/td>\n<td width=\"85\">\u2713<\/td>\n<td width=\"94\">\u2713<\/td>\n<td width=\"76\">\u2713<\/td>\n<td width=\"117\">N\/A<\/td>\n<td width=\"125\">N\/A<\/td>\n<\/tr>\n<tr>\n<td width=\"116\">LE200<\/td>\n<td width=\"82\">N\/A<\/td>\n<td width=\"85\">-0.2dB<\/td>\n<td width=\"94\">-0.2dB<\/td>\n<td width=\"76\">\u2717<\/td>\n<td width=\"117\">N\/A<\/td>\n<td width=\"125\">N\/A<\/td>\n<\/tr>\n<tr>\n<td width=\"116\"><strong>O-LINE<\/strong><\/td>\n<td width=\"82\"><\/td>\n<td width=\"85\"><\/td>\n<td width=\"94\"><\/td>\n<td width=\"76\"><\/td>\n<td width=\"117\"><\/td>\n<td width=\"125\"><\/td>\n<\/tr>\n<tr>\n<td width=\"116\">O-Line<\/td>\n<td width=\"82\">\u2713<\/td>\n<td width=\"85\">\u2713<\/td>\n<td width=\"94\">\u2713<\/td>\n<td width=\"76\">\u2713<\/td>\n<td width=\"117\">N\/A<\/td>\n<td width=\"125\">N\/A<\/td>\n<\/tr>\n<tr>\n<td width=\"116\"><strong>Subgraves SX<\/strong><\/td>\n<td width=\"82\"><\/td>\n<td width=\"85\"><\/td>\n<td width=\"94\"><\/td>\n<td width=\"76\"><\/td>\n<td width=\"117\"><\/td>\n<td width=\"125\"><\/td>\n<\/tr>\n<tr>\n<td width=\"116\">SX110<\/td>\n<td width=\"82\">N\/A<\/td>\n<td width=\"85\">\u2713<\/td>\n<td width=\"94\">\u2713<\/td>\n<td width=\"76\">\u2713<\/td>\n<td width=\"117\">\u2717<\/td>\n<td width=\"125\">\u2717<\/td>\n<\/tr>\n<tr>\n<td width=\"116\">SX210<\/td>\n<td width=\"82\">N\/A<\/td>\n<td width=\"85\">\u2713<\/td>\n<td width=\"94\">\u2713<\/td>\n<td width=\"76\">\u2713<\/td>\n<td width=\"117\">\u2717<\/td>\n<td width=\"125\">\u2717<\/td>\n<\/tr>\n<tr>\n<td width=\"116\">SX112<\/td>\n<td width=\"82\">N\/A<\/td>\n<td width=\"85\">\u2713<\/td>\n<td width=\"94\">\u2713<\/td>\n<td width=\"76\">\u2713<\/td>\n<td width=\"117\">\u2717<\/td>\n<td width=\"125\">\u2717<\/td>\n<\/tr>\n<tr>\n<td width=\"116\">SX212<\/td>\n<td width=\"82\">N\/A<\/td>\n<td width=\"85\">N\/A<\/td>\n<td width=\"94\">-0.3dB<\/td>\n<td width=\"76\">\u2717<\/td>\n<td width=\"117\">N\/A<\/td>\n<td width=\"125\">\u2717<\/td>\n<\/tr>\n<tr>\n<td width=\"116\">SX115<\/td>\n<td width=\"82\">N\/A<\/td>\n<td width=\"85\">\u2717<\/td>\n<td width=\"94\">\u2717<\/td>\n<td width=\"76\">\u2717<\/td>\n<td width=\"117\">\u2713<\/td>\n<td width=\"125\">-0.3dB<\/td>\n<\/tr>\n<tr>\n<td width=\"116\">SXC(F)115<\/td>\n<td width=\"82\">N\/A<\/td>\n<td width=\"85\">\u2717<\/td>\n<td width=\"94\">\u2717<\/td>\n<td width=\"76\">\u2717<\/td>\n<td width=\"117\">\u2713<\/td>\n<td width=\"125\">-1.2dB<\/td>\n<\/tr>\n<tr>\n<td width=\"116\">SX215<\/td>\n<td width=\"82\">N\/A<\/td>\n<td width=\"85\">N\/A<\/td>\n<td width=\"94\">\u2717<\/td>\n<td width=\"76\">\u2717<\/td>\n<td width=\"117\">N\/A<\/td>\n<td width=\"125\">-0.3dB<\/td>\n<\/tr>\n<tr>\n<td width=\"116\">SX118<\/td>\n<td width=\"82\">N\/A<\/td>\n<td width=\"85\">\u2717<\/td>\n<td width=\"94\">\u2717<\/td>\n<td width=\"76\">\u2717<\/td>\n<td width=\"117\">\u2713<\/td>\n<td width=\"125\">-1.2dB<\/td>\n<\/tr>\n<tr>\n<td width=\"116\">SXC(F)118<\/td>\n<td width=\"82\">N\/A<\/td>\n<td width=\"85\">\u2717<\/td>\n<td width=\"94\">\u2717<\/td>\n<td width=\"76\">\u2717<\/td>\n<td width=\"117\">\u2713<\/td>\n<td width=\"125\">-1.2dB<\/td>\n<\/tr>\n<tr>\n<td width=\"116\">SX218<\/td>\n<td width=\"82\">N\/A<\/td>\n<td width=\"85\">\u2717<\/td>\n<td width=\"94\">\u2717<\/td>\n<td width=\"76\">\u2717<\/td>\n<td width=\"117\">\u2713<\/td>\n<td width=\"125\">-1.2dB<\/td>\n<\/tr>\n<tr>\n<td width=\"116\">SXH(F)218<\/td>\n<td width=\"82\">N\/A<\/td>\n<td width=\"85\">\u2717<\/td>\n<td width=\"94\">\u2717<\/td>\n<td width=\"76\">\u2717<\/td>\n<td width=\"117\">N\/A<\/td>\n<td width=\"125\">\u2717<\/td>\n<\/tr>\n<tr>\n<td width=\"116\"><strong>TORUS<\/strong><\/td>\n<td width=\"82\"><\/td>\n<td width=\"85\"><\/td>\n<td width=\"94\"><\/td>\n<td width=\"76\"><\/td>\n<td width=\"117\"><\/td>\n<td width=\"125\"><\/td>\n<\/tr>\n<tr>\n<td width=\"116\">T8<\/td>\n<td width=\"82\">N\/A<\/td>\n<td width=\"85\">\u2713<\/td>\n<td width=\"94\">\u2713<\/td>\n<td width=\"76\">\u2713<\/td>\n<td width=\"117\">N\/A<\/td>\n<td width=\"125\">N\/A<\/td>\n<\/tr>\n<tr>\n<td width=\"116\">T12<\/td>\n<td width=\"82\">N\/A<\/td>\n<td width=\"85\">-0.2dB<\/td>\n<td width=\"94\">-0.2dB<\/td>\n<td width=\"76\">\u2717<\/td>\n<td width=\"117\">N\/A<\/td>\n<td width=\"125\">N\/A<\/td>\n<\/tr>\n<tr>\n<td width=\"116\"><strong>Wavefront Precision<\/strong><\/td>\n<td width=\"82\"><\/td>\n<td width=\"85\"><\/td>\n<td width=\"94\"><\/td>\n<td width=\"76\"><\/td>\n<td width=\"117\"><\/td>\n<td width=\"125\"><\/td>\n<\/tr>\n<tr>\n<td width=\"116\">WPM<\/td>\n<td width=\"82\">\u2713<\/td>\n<td width=\"85\">\u2713<\/td>\n<td width=\"94\">\u2713<\/td>\n<td width=\"76\">\u2713<\/td>\n<td width=\"117\">N\/A<\/td>\n<td width=\"125\">N\/A<\/td>\n<\/tr>\n<tr>\n<td width=\"116\">WPS<\/td>\n<td width=\"82\">N\/A<\/td>\n<td width=\"85\">\u2713<\/td>\n<td width=\"94\">\u2713<\/td>\n<td width=\"76\">\u2717<\/td>\n<td width=\"117\">N\/A<\/td>\n<td width=\"125\">N\/A<\/td>\n<\/tr>\n<tr>\n<td width=\"116\">WPC<\/td>\n<td width=\"82\">N\/A<\/td>\n<td width=\"85\">\u2717<\/td>\n<td width=\"94\">\u2717<\/td>\n<td width=\"76\">\u2717<\/td>\n<td width=\"117\">N\/A<\/td>\n<td width=\"125\">N\/A<\/td>\n<\/tr>\n<tr>\n<td width=\"116\">WPL<\/td>\n<td width=\"82\">N\/A<\/td>\n<td width=\"85\">\u2717<\/td>\n<td width=\"94\">\u2717<\/td>\n<td width=\"76\">\u2717<\/td>\n<td width=\"117\">N\/A<\/td>\n<td width=\"125\">N\/A<\/td>\n<\/tr>\n<tr>\n<td width=\"116\"><strong>Monitores XE<\/strong><\/td>\n<td width=\"82\"><\/td>\n<td width=\"85\"><\/td>\n<td width=\"94\"><\/td>\n<td width=\"76\"><\/td>\n<td width=\"117\"><\/td>\n<td width=\"125\"><\/td>\n<\/tr>\n<tr>\n<td width=\"116\">XE300<\/td>\n<td width=\"82\">N\/A<\/td>\n<td width=\"85\">\u2713<\/td>\n<td width=\"94\">\u2713<\/td>\n<td width=\"76\">\u2713<\/td>\n<td width=\"117\">N\/A<\/td>\n<td width=\"125\">N\/A<\/td>\n<\/tr>\n<tr>\n<td width=\"116\">XE500<\/td>\n<td width=\"82\">N\/A<\/td>\n<td width=\"85\">\u2717<\/td>\n<td width=\"94\">\u2717<\/td>\n<td width=\"76\">\u2717<\/td>\n<td width=\"117\">N\/A<\/td>\n<td width=\"125\">N\/A<\/td>\n<\/tr>\n<\/tbody>\n<\/table>\n","protected":false},"excerpt":{"rendered":"<h3>Amplificador de potencia de 4 canales en clase D<\/h3>\n<ul>\n<li>Cuatro canales de eficiente amplificaci\u00f3n Clase D<\/li>\n<li>Hasta 6.000 W de potencia total, dependiendo de la impedancia de carga<\/li>\n<li>DSP de alto rendimiento de 96 kHz en todas las entradas y salidas (48 kHz en las salidas al implementar filtros FIR)<\/li>\n<li>Entradas anal\u00f3gicas, AES3 y red de audio digital Dante\u2122<\/li>\n<li>Red Ethernet para manejo, control y monitoraje del sistema a trav\u00e9s del software Martin Audio VU-NET\u2122<\/li>\n<\/ul>\n<p>&nbsp;<\/p>\n<p>&nbsp;<\/p>\n","protected":false},"featured_media":38281,"template":"","meta":{"_acf_changed":false},"product_brand":[],"product_cat":[2083,2092,2084,2101,2085,2117],"product_tag":[],"class_list":{"0":"post-38283","1":"product","2":"type-product","3":"status-publish","4":"has-post-thumbnail","6":"product_cat-sistemas-sonido-directo","7":"product_cat-amplificadores-sistemas-sonido-directo","8":"product_cat-sistemas-instalacion","9":"product_cat-amplificadores-sistemas-instalacion","10":"product_cat-por-series-martin-audio","11":"product_cat-serie-ik","12":"product_series-serie-ik","14":"first","15":"instock","16":"featured","17":"shipping-taxable","18":"product-type-simple"},"acf":[],"yoast_head":"<!-- This site is optimized with the Yoast SEO plugin v27.1.1 - https:\/\/yoast.com\/product\/yoast-seo-wordpress\/ -->\n<title>IK41 - Audio-Technica Iberia<\/title>\n<meta name=\"robots\" content=\"index, follow, max-snippet:-1, max-image-preview:large, max-video-preview:-1\" \/>\n<link rel=\"canonical\" href=\"https:\/\/distribution.audio-technica.eu\/es-es\/productos\/ik41\/\" \/>\n<meta property=\"og:locale\" content=\"es_ES\" \/>\n<meta property=\"og:type\" content=\"article\" \/>\n<meta property=\"og:title\" content=\"IK41 - Audio-Technica Iberia\" \/>\n<meta property=\"og:description\" content=\"Amplificador de potencia de 4 canales en clase D   Cuatro canales de eficiente amplificaci\u00f3n Clase D  Hasta 6.000 W de potencia total, dependiendo de la impedancia de carga  DSP de alto rendimiento de 96 kHz en todas las entradas y salidas (48 kHz en las salidas al implementar filtros FIR)  Entradas anal\u00f3gicas, AES3 y red de audio digital Dante\u2122  Red Ethernet para manejo, control y monitoraje del sistema a trav\u00e9s del software Martin Audio VU-NET\u2122  &nbsp;  &nbsp;\" \/>\n<meta property=\"og:url\" content=\"https:\/\/distribution.audio-technica.eu\/es-es\/productos\/ik41\/\" \/>\n<meta property=\"og:site_name\" content=\"Audio-Technica Iberia\" \/>\n<meta property=\"article:modified_time\" content=\"2026-02-19T13:47:37+00:00\" \/>\n<meta property=\"og:image\" content=\"https:\/\/distribution.audio-technica.eu\/app\/uploads\/sites\/2\/iK41.jpg\" \/>\n\t<meta property=\"og:image:width\" content=\"2000\" \/>\n\t<meta property=\"og:image:height\" content=\"2000\" \/>\n\t<meta property=\"og:image:type\" content=\"image\/jpeg\" \/>\n<meta name=\"twitter:card\" content=\"summary_large_image\" \/>\n<meta name=\"twitter:label1\" content=\"Tiempo de lectura\" \/>\n\t<meta name=\"twitter:data1\" content=\"4 minutos\" \/>\n<script type=\"application\/ld+json\" class=\"yoast-schema-graph\">{\"@context\":\"https:\/\/schema.org\",\"@graph\":[{\"@type\":\"WebPage\",\"@id\":\"https:\/\/distribution.audio-technica.eu\/es-es\/productos\/ik41\/\",\"url\":\"https:\/\/distribution.audio-technica.eu\/es-es\/productos\/ik41\/\",\"name\":\"IK41 - Audio-Technica Iberia\",\"isPartOf\":{\"@id\":\"https:\/\/distribution.audio-technica.eu\/es-es\/#website\"},\"primaryImageOfPage\":{\"@id\":\"https:\/\/distribution.audio-technica.eu\/es-es\/productos\/ik41\/#primaryimage\"},\"image\":{\"@id\":\"https:\/\/distribution.audio-technica.eu\/es-es\/productos\/ik41\/#primaryimage\"},\"thumbnailUrl\":\"\/app\/uploads\/sites\/2\/iK41.jpg\",\"datePublished\":\"2024-07-19T10:16:14+00:00\",\"dateModified\":\"2026-02-19T13:47:37+00:00\",\"breadcrumb\":{\"@id\":\"https:\/\/distribution.audio-technica.eu\/es-es\/productos\/ik41\/#breadcrumb\"},\"inLanguage\":\"es\",\"potentialAction\":[{\"@type\":\"ReadAction\",\"target\":[\"https:\/\/distribution.audio-technica.eu\/es-es\/productos\/ik41\/\"]}]},{\"@type\":\"ImageObject\",\"inLanguage\":\"es\",\"@id\":\"https:\/\/distribution.audio-technica.eu\/es-es\/productos\/ik41\/#primaryimage\",\"url\":\"\/app\/uploads\/sites\/2\/iK41.jpg\",\"contentUrl\":\"\/app\/uploads\/sites\/2\/iK41.jpg\",\"width\":2000,\"height\":2000},{\"@type\":\"BreadcrumbList\",\"@id\":\"https:\/\/distribution.audio-technica.eu\/es-es\/productos\/ik41\/#breadcrumb\",\"itemListElement\":[{\"@type\":\"ListItem\",\"position\":1,\"name\":\"Products\",\"item\":\"https:\/\/distribution.audio-technica.eu\/es-es\/\"},{\"@type\":\"ListItem\",\"position\":2,\"name\":\"Productos\",\"item\":\"https:\/\/distribution.audio-technica.eu\/es-es\/productos\/\"},{\"@type\":\"ListItem\",\"position\":3,\"name\":\"IK41\"}]},{\"@type\":\"WebSite\",\"@id\":\"https:\/\/distribution.audio-technica.eu\/es-es\/#website\",\"url\":\"https:\/\/distribution.audio-technica.eu\/es-es\/\",\"name\":\"Audio-Technica Iberia\",\"description\":\"Distribuci\u00f3n\",\"potentialAction\":[{\"@type\":\"SearchAction\",\"target\":{\"@type\":\"EntryPoint\",\"urlTemplate\":\"https:\/\/distribution.audio-technica.eu\/es-es\/?s={search_term_string}\"},\"query-input\":{\"@type\":\"PropertyValueSpecification\",\"valueRequired\":true,\"valueName\":\"search_term_string\"}}],\"inLanguage\":\"es\"}]}<\/script>\n<!-- \/ Yoast SEO plugin. -->","yoast_head_json":{"title":"IK41 - Audio-Technica Iberia","robots":{"index":"index","follow":"follow","max-snippet":"max-snippet:-1","max-image-preview":"max-image-preview:large","max-video-preview":"max-video-preview:-1"},"canonical":"https:\/\/distribution.audio-technica.eu\/es-es\/productos\/ik41\/","og_locale":"es_ES","og_type":"article","og_title":"IK41 - Audio-Technica Iberia","og_description":"Amplificador de potencia de 4 canales en clase D   Cuatro canales de eficiente amplificaci\u00f3n Clase D  Hasta 6.000 W de potencia total, dependiendo de la impedancia de carga  DSP de alto rendimiento de 96 kHz en todas las entradas y salidas (48 kHz en las salidas al implementar filtros FIR)  Entradas anal\u00f3gicas, AES3 y red de audio digital Dante\u2122  Red Ethernet para manejo, control y monitoraje del sistema a trav\u00e9s del software Martin Audio VU-NET\u2122  &nbsp;  &nbsp;","og_url":"https:\/\/distribution.audio-technica.eu\/es-es\/productos\/ik41\/","og_site_name":"Audio-Technica Iberia","article_modified_time":"2026-02-19T13:47:37+00:00","og_image":[{"width":2000,"height":2000,"url":"https:\/\/distribution.audio-technica.eu\/app\/uploads\/sites\/2\/iK41.jpg","type":"image\/jpeg"}],"twitter_card":"summary_large_image","twitter_misc":{"Tiempo de lectura":"4 minutos"},"schema":{"@context":"https:\/\/schema.org","@graph":[{"@type":"WebPage","@id":"https:\/\/distribution.audio-technica.eu\/es-es\/productos\/ik41\/","url":"https:\/\/distribution.audio-technica.eu\/es-es\/productos\/ik41\/","name":"IK41 - Audio-Technica Iberia","isPartOf":{"@id":"https:\/\/distribution.audio-technica.eu\/es-es\/#website"},"primaryImageOfPage":{"@id":"https:\/\/distribution.audio-technica.eu\/es-es\/productos\/ik41\/#primaryimage"},"image":{"@id":"https:\/\/distribution.audio-technica.eu\/es-es\/productos\/ik41\/#primaryimage"},"thumbnailUrl":"\/app\/uploads\/sites\/2\/iK41.jpg","datePublished":"2024-07-19T10:16:14+00:00","dateModified":"2026-02-19T13:47:37+00:00","breadcrumb":{"@id":"https:\/\/distribution.audio-technica.eu\/es-es\/productos\/ik41\/#breadcrumb"},"inLanguage":"es","potentialAction":[{"@type":"ReadAction","target":["https:\/\/distribution.audio-technica.eu\/es-es\/productos\/ik41\/"]}]},{"@type":"ImageObject","inLanguage":"es","@id":"https:\/\/distribution.audio-technica.eu\/es-es\/productos\/ik41\/#primaryimage","url":"\/app\/uploads\/sites\/2\/iK41.jpg","contentUrl":"\/app\/uploads\/sites\/2\/iK41.jpg","width":2000,"height":2000},{"@type":"BreadcrumbList","@id":"https:\/\/distribution.audio-technica.eu\/es-es\/productos\/ik41\/#breadcrumb","itemListElement":[{"@type":"ListItem","position":1,"name":"Products","item":"https:\/\/distribution.audio-technica.eu\/es-es\/"},{"@type":"ListItem","position":2,"name":"Productos","item":"https:\/\/distribution.audio-technica.eu\/es-es\/productos\/"},{"@type":"ListItem","position":3,"name":"IK41"}]},{"@type":"WebSite","@id":"https:\/\/distribution.audio-technica.eu\/es-es\/#website","url":"https:\/\/distribution.audio-technica.eu\/es-es\/","name":"Audio-Technica Iberia","description":"Distribuci\u00f3n","potentialAction":[{"@type":"SearchAction","target":{"@type":"EntryPoint","urlTemplate":"https:\/\/distribution.audio-technica.eu\/es-es\/?s={search_term_string}"},"query-input":{"@type":"PropertyValueSpecification","valueRequired":true,"valueName":"search_term_string"}}],"inLanguage":"es"}]}},"_links":{"self":[{"href":"https:\/\/distribution.audio-technica.eu\/es-es\/wp-json\/wp\/v2\/product\/38283","targetHints":{"allow":["GET"]}}],"collection":[{"href":"https:\/\/distribution.audio-technica.eu\/es-es\/wp-json\/wp\/v2\/product"}],"about":[{"href":"https:\/\/distribution.audio-technica.eu\/es-es\/wp-json\/wp\/v2\/types\/product"}],"wp:featuredmedia":[{"embeddable":true,"href":"https:\/\/distribution.audio-technica.eu\/es-es\/wp-json\/wp\/v2\/media\/38281"}],"wp:attachment":[{"href":"https:\/\/distribution.audio-technica.eu\/es-es\/wp-json\/wp\/v2\/media?parent=38283"}],"wp:term":[{"taxonomy":"product_brand","embeddable":true,"href":"https:\/\/distribution.audio-technica.eu\/es-es\/wp-json\/wp\/v2\/product_brand?post=38283"},{"taxonomy":"product_cat","embeddable":true,"href":"https:\/\/distribution.audio-technica.eu\/es-es\/wp-json\/wp\/v2\/product_cat?post=38283"},{"taxonomy":"product_tag","embeddable":true,"href":"https:\/\/distribution.audio-technica.eu\/es-es\/wp-json\/wp\/v2\/product_tag?post=38283"}],"curies":[{"name":"wp","href":"https:\/\/api.w.org\/{rel}","templated":true}]}}