{"id":38291,"date":"2024-07-19T14:08:34","date_gmt":"2024-07-19T12:08:34","guid":{"rendered":"https:\/\/distribution.audio-technica.eu\/es-es\/?post_type=product&#038;p=38291"},"modified":"2024-07-19T14:28:59","modified_gmt":"2024-07-19T12:28:59","slug":"3440a","status":"publish","type":"product","link":"https:\/\/distribution.audio-technica.eu\/es-es\/productos\/3440a\/","title":{"rendered":"3440A"},"content":{"rendered":"<h2>3440A<\/h2>\n<h3>Subgrave autoamplificado Smart IP<\/h3>\n<p>El subgrave 3440A Smart IP se une a la gama Smart IP existente de modelos de altavoces de pared, techo y colgantes para proporcionar una soluci\u00f3n de audio de gama completa que combina una calidad de sonido excepcional y comodidad en red. La tecnolog\u00eda de fuente de alimentaci\u00f3n interna patentada del 3440A proporciona energ\u00eda para producir unos impresionantes 106 dB de SPL a corto plazo cuando sea necesario.<\/p>\n<p>Esta unidad de dise\u00f1o compacto est\u00e1 disponible en blanco y negro y se suministra con un soporte opcional para instalar el subgrave en paredes o techos. Con la incorporaci\u00f3n del 3440A, la familia Smart IP ahora representa una opci\u00f3n a\u00fan m\u00e1s completa, flexible y preparada para el futuro para integradores e instaladores de todo el mundo.<\/p>\n<p>El 3440A cuenta con un transductor de 165 mm (6,5 pulgadas) y una carcasa con puerto r\u00e9flex dual que proporciona unos graves limpios y controlados entre 35 y 120 Hz.<\/p>\n<p>La unidad incorpora una fuente de alimentaci\u00f3n, de dise\u00f1o patentado por Genelec, capaz de proporcionar la energ\u00eda suficiente para producir unos impresionantes 106 dB de SPL cuando sea necesario.<\/p>\n<p>La incorporaci\u00f3n de Audio sobre IP, su dise\u00f1o activo y la presencia de un eficiente amplificador interno Clase D capaz de proporcionar 70 W de potencia, proporcionan un rendimiento de sonido excepcional y eliminan la necesidad de contar con racks de amplificaci\u00f3n externos y su cableado asociado.<\/p>\n<p>El 3440A se puede colocar de forma independiente en posici\u00f3n vertical o lateral, moviendo las almohadillas de la base. El subwoofer se puede instalar en la pared o en el techo con un soporte adicional disponible como accesorio. Est\u00e1 disponible en blanco o negro.<\/p>\n<p>La incorporaci\u00f3n de audio sobre IP aporta:<\/p>\n<ul>\n<li>Conectividad de un solo cable usando PoE+ y PoE sin sacrificar el rendimiento.<\/li>\n<li>Se admiten los est\u00e1ndares de alimentaci\u00f3n a trav\u00e9s de Ethernet IEEE 802.3at (potencia m\u00e1xima 30 W) e IEEE 802.3af (potencia m\u00e1xima 15 W).<\/li>\n<li>Compatibilidad con est\u00e1ndares IP y de audio abiertos, y compatible con transmisiones Dante y AES67.<\/li>\n<li>Streaming de audio de baja latencia y sin comprimir directamente a cada altavoz.<\/li>\n<li>Sincronizaci\u00f3n de altavoces a un nivel inferior al microsegundo para obtener im\u00e1genes ac\u00fasticas s\u00f3lidas.<\/li>\n<li>Conjunto completo de herramientas de alineaci\u00f3n y compensaci\u00f3n de sala ac\u00fastica integradas en cada altavoz.<\/li>\n<li>Acceso al software Smart IP Manager de Genelec, que permite la configuraci\u00f3n de un n\u00famero casi ilimitado de salas, zonas y altavoces. El software incluye organizaci\u00f3n del sistema, monitoraje de estado y un conjunto de herramientas vers\u00e1tiles de ecualizaci\u00f3n de sala, incluido el ajuste de la frecuencia de cruce y la gesti\u00f3n de graves del 3440A.<\/li>\n<li>Conjunto de comandos de API p\u00fablica para una f\u00e1cil integraci\u00f3n con sistemas de automatizaci\u00f3n de terceros.<\/li>\n<\/ul>\n<p>El subgrave activo 3440A ha sido dise\u00f1ado y fabricado en Finlandia por Genelec, siguiendo los rigurosos est\u00e1ndares de calidad y fiabilidad que, junto a su soporte t\u00e9cnico inigualable, han proporcionado a Genelec su bien ganada reputaci\u00f3n.<\/p>\n","protected":false},"excerpt":{"rendered":"<h3>Subgrave autoamplificado Smart IP<\/h3>\n<ul class=\"summary\">\n<li>Subgrave activo Smart IP para instalaci\u00f3n<\/li>\n<li>Altavoz de 6,5\u201d<\/li>\n<li>SPL: 106 dB<\/li>\n<li>Respuesta en frecuencia: 35 Hz \u2013 120 Hz (-6 dB).<\/li>\n<li>Potencia amplificador: 70 W en Clase D.<\/li>\n<li>Admite los est\u00e1ndares de alimentaci\u00f3n a trav\u00e9s de Ethernet IEEE 802.3at (potencia m\u00e1xima 30 W) e IEEE 802.3af (potencia m\u00e1xima 15 W).<\/li>\n<\/ul>\n<p>&nbsp;<\/p>\n<p>&nbsp;<\/p>\n","protected":false},"featured_media":38300,"template":"","meta":{"_acf_changed":false},"product_brand":[],"product_cat":[1397,1395,2185],"product_tag":[2374,2375],"class_list":{"0":"post-38291","1":"product","2":"type-product","3":"status-publish","4":"has-post-thumbnail","6":"product_cat-recintos-autoamplificados-para-instalacion","7":"product_cat-por-series-genelec","8":"product_cat-serie-smartip","9":"product_tag-instalacion","10":"product_tag-smart-ip","11":"product_series-serie-smart-ip","13":"first","14":"instock","15":"featured","16":"shipping-taxable","17":"product-type-simple"},"acf":[],"yoast_head":"<!-- This site is optimized with the Yoast SEO plugin v27.1.1 - https:\/\/yoast.com\/product\/yoast-seo-wordpress\/ -->\n<title>3440A - Audio-Technica Iberia<\/title>\n<meta name=\"robots\" content=\"index, follow, max-snippet:-1, max-image-preview:large, max-video-preview:-1\" \/>\n<link rel=\"canonical\" href=\"https:\/\/distribution.audio-technica.eu\/es-es\/productos\/3440a\/\" \/>\n<meta property=\"og:locale\" content=\"es_ES\" \/>\n<meta property=\"og:type\" content=\"article\" \/>\n<meta property=\"og:title\" content=\"3440A - Audio-Technica Iberia\" \/>\n<meta property=\"og:description\" content=\"Subgrave autoamplificado Smart IP   Subgrave activo Smart IP para instalaci\u00f3n  Altavoz de 6,5\u201d  SPL: 106 dB  Respuesta en frecuencia: 35 Hz \u2013 120 Hz (-6 dB).  Potencia amplificador: 70 W en Clase D.  Admite los est\u00e1ndares de alimentaci\u00f3n a trav\u00e9s de Ethernet IEEE 802.3at (potencia m\u00e1xima 30 W) e IEEE 802.3af (potencia m\u00e1xima 15 W).  &nbsp;  &nbsp;\" \/>\n<meta property=\"og:url\" content=\"https:\/\/distribution.audio-technica.eu\/es-es\/productos\/3440a\/\" \/>\n<meta property=\"og:site_name\" content=\"Audio-Technica Iberia\" \/>\n<meta property=\"article:modified_time\" content=\"2024-07-19T12:28:59+00:00\" \/>\n<meta property=\"og:image\" content=\"https:\/\/distribution.audio-technica.eu\/app\/uploads\/sites\/2\/Genelec_3440A.jpg\" \/>\n\t<meta property=\"og:image:width\" content=\"2000\" \/>\n\t<meta property=\"og:image:height\" content=\"2000\" \/>\n\t<meta property=\"og:image:type\" content=\"image\/jpeg\" \/>\n<meta name=\"twitter:card\" content=\"summary_large_image\" \/>\n<meta name=\"twitter:label1\" content=\"Tiempo de lectura\" \/>\n\t<meta name=\"twitter:data1\" content=\"3 minutos\" \/>\n<script type=\"application\/ld+json\" class=\"yoast-schema-graph\">{\"@context\":\"https:\/\/schema.org\",\"@graph\":[{\"@type\":\"WebPage\",\"@id\":\"https:\/\/distribution.audio-technica.eu\/es-es\/productos\/3440a\/\",\"url\":\"https:\/\/distribution.audio-technica.eu\/es-es\/productos\/3440a\/\",\"name\":\"3440A - Audio-Technica Iberia\",\"isPartOf\":{\"@id\":\"https:\/\/distribution.audio-technica.eu\/es-es\/#website\"},\"primaryImageOfPage\":{\"@id\":\"https:\/\/distribution.audio-technica.eu\/es-es\/productos\/3440a\/#primaryimage\"},\"image\":{\"@id\":\"https:\/\/distribution.audio-technica.eu\/es-es\/productos\/3440a\/#primaryimage\"},\"thumbnailUrl\":\"\/app\/uploads\/sites\/2\/Genelec_3440A.jpg\",\"datePublished\":\"2024-07-19T12:08:34+00:00\",\"dateModified\":\"2024-07-19T12:28:59+00:00\",\"breadcrumb\":{\"@id\":\"https:\/\/distribution.audio-technica.eu\/es-es\/productos\/3440a\/#breadcrumb\"},\"inLanguage\":\"es\",\"potentialAction\":[{\"@type\":\"ReadAction\",\"target\":[\"https:\/\/distribution.audio-technica.eu\/es-es\/productos\/3440a\/\"]}]},{\"@type\":\"ImageObject\",\"inLanguage\":\"es\",\"@id\":\"https:\/\/distribution.audio-technica.eu\/es-es\/productos\/3440a\/#primaryimage\",\"url\":\"\/app\/uploads\/sites\/2\/Genelec_3440A.jpg\",\"contentUrl\":\"\/app\/uploads\/sites\/2\/Genelec_3440A.jpg\",\"width\":2000,\"height\":2000},{\"@type\":\"BreadcrumbList\",\"@id\":\"https:\/\/distribution.audio-technica.eu\/es-es\/productos\/3440a\/#breadcrumb\",\"itemListElement\":[{\"@type\":\"ListItem\",\"position\":1,\"name\":\"Products\",\"item\":\"https:\/\/distribution.audio-technica.eu\/es-es\/\"},{\"@type\":\"ListItem\",\"position\":2,\"name\":\"Productos\",\"item\":\"https:\/\/distribution.audio-technica.eu\/es-es\/productos\/\"},{\"@type\":\"ListItem\",\"position\":3,\"name\":\"3440A\"}]},{\"@type\":\"WebSite\",\"@id\":\"https:\/\/distribution.audio-technica.eu\/es-es\/#website\",\"url\":\"https:\/\/distribution.audio-technica.eu\/es-es\/\",\"name\":\"Audio-Technica Iberia\",\"description\":\"Distribuci\u00f3n\",\"potentialAction\":[{\"@type\":\"SearchAction\",\"target\":{\"@type\":\"EntryPoint\",\"urlTemplate\":\"https:\/\/distribution.audio-technica.eu\/es-es\/?s={search_term_string}\"},\"query-input\":{\"@type\":\"PropertyValueSpecification\",\"valueRequired\":true,\"valueName\":\"search_term_string\"}}],\"inLanguage\":\"es\"}]}<\/script>\n<!-- \/ Yoast SEO plugin. -->","yoast_head_json":{"title":"3440A - Audio-Technica Iberia","robots":{"index":"index","follow":"follow","max-snippet":"max-snippet:-1","max-image-preview":"max-image-preview:large","max-video-preview":"max-video-preview:-1"},"canonical":"https:\/\/distribution.audio-technica.eu\/es-es\/productos\/3440a\/","og_locale":"es_ES","og_type":"article","og_title":"3440A - Audio-Technica Iberia","og_description":"Subgrave autoamplificado Smart IP   Subgrave activo Smart IP para instalaci\u00f3n  Altavoz de 6,5\u201d  SPL: 106 dB  Respuesta en frecuencia: 35 Hz \u2013 120 Hz (-6 dB).  Potencia amplificador: 70 W en Clase D.  Admite los est\u00e1ndares de alimentaci\u00f3n a trav\u00e9s de Ethernet IEEE 802.3at (potencia m\u00e1xima 30 W) e IEEE 802.3af (potencia m\u00e1xima 15 W).  &nbsp;  &nbsp;","og_url":"https:\/\/distribution.audio-technica.eu\/es-es\/productos\/3440a\/","og_site_name":"Audio-Technica Iberia","article_modified_time":"2024-07-19T12:28:59+00:00","og_image":[{"width":2000,"height":2000,"url":"https:\/\/distribution.audio-technica.eu\/app\/uploads\/sites\/2\/Genelec_3440A.jpg","type":"image\/jpeg"}],"twitter_card":"summary_large_image","twitter_misc":{"Tiempo de lectura":"3 minutos"},"schema":{"@context":"https:\/\/schema.org","@graph":[{"@type":"WebPage","@id":"https:\/\/distribution.audio-technica.eu\/es-es\/productos\/3440a\/","url":"https:\/\/distribution.audio-technica.eu\/es-es\/productos\/3440a\/","name":"3440A - Audio-Technica Iberia","isPartOf":{"@id":"https:\/\/distribution.audio-technica.eu\/es-es\/#website"},"primaryImageOfPage":{"@id":"https:\/\/distribution.audio-technica.eu\/es-es\/productos\/3440a\/#primaryimage"},"image":{"@id":"https:\/\/distribution.audio-technica.eu\/es-es\/productos\/3440a\/#primaryimage"},"thumbnailUrl":"\/app\/uploads\/sites\/2\/Genelec_3440A.jpg","datePublished":"2024-07-19T12:08:34+00:00","dateModified":"2024-07-19T12:28:59+00:00","breadcrumb":{"@id":"https:\/\/distribution.audio-technica.eu\/es-es\/productos\/3440a\/#breadcrumb"},"inLanguage":"es","potentialAction":[{"@type":"ReadAction","target":["https:\/\/distribution.audio-technica.eu\/es-es\/productos\/3440a\/"]}]},{"@type":"ImageObject","inLanguage":"es","@id":"https:\/\/distribution.audio-technica.eu\/es-es\/productos\/3440a\/#primaryimage","url":"\/app\/uploads\/sites\/2\/Genelec_3440A.jpg","contentUrl":"\/app\/uploads\/sites\/2\/Genelec_3440A.jpg","width":2000,"height":2000},{"@type":"BreadcrumbList","@id":"https:\/\/distribution.audio-technica.eu\/es-es\/productos\/3440a\/#breadcrumb","itemListElement":[{"@type":"ListItem","position":1,"name":"Products","item":"https:\/\/distribution.audio-technica.eu\/es-es\/"},{"@type":"ListItem","position":2,"name":"Productos","item":"https:\/\/distribution.audio-technica.eu\/es-es\/productos\/"},{"@type":"ListItem","position":3,"name":"3440A"}]},{"@type":"WebSite","@id":"https:\/\/distribution.audio-technica.eu\/es-es\/#website","url":"https:\/\/distribution.audio-technica.eu\/es-es\/","name":"Audio-Technica Iberia","description":"Distribuci\u00f3n","potentialAction":[{"@type":"SearchAction","target":{"@type":"EntryPoint","urlTemplate":"https:\/\/distribution.audio-technica.eu\/es-es\/?s={search_term_string}"},"query-input":{"@type":"PropertyValueSpecification","valueRequired":true,"valueName":"search_term_string"}}],"inLanguage":"es"}]}},"_links":{"self":[{"href":"https:\/\/distribution.audio-technica.eu\/es-es\/wp-json\/wp\/v2\/product\/38291","targetHints":{"allow":["GET"]}}],"collection":[{"href":"https:\/\/distribution.audio-technica.eu\/es-es\/wp-json\/wp\/v2\/product"}],"about":[{"href":"https:\/\/distribution.audio-technica.eu\/es-es\/wp-json\/wp\/v2\/types\/product"}],"wp:featuredmedia":[{"embeddable":true,"href":"https:\/\/distribution.audio-technica.eu\/es-es\/wp-json\/wp\/v2\/media\/38300"}],"wp:attachment":[{"href":"https:\/\/distribution.audio-technica.eu\/es-es\/wp-json\/wp\/v2\/media?parent=38291"}],"wp:term":[{"taxonomy":"product_brand","embeddable":true,"href":"https:\/\/distribution.audio-technica.eu\/es-es\/wp-json\/wp\/v2\/product_brand?post=38291"},{"taxonomy":"product_cat","embeddable":true,"href":"https:\/\/distribution.audio-technica.eu\/es-es\/wp-json\/wp\/v2\/product_cat?post=38291"},{"taxonomy":"product_tag","embeddable":true,"href":"https:\/\/distribution.audio-technica.eu\/es-es\/wp-json\/wp\/v2\/product_tag?post=38291"}],"curies":[{"name":"wp","href":"https:\/\/api.w.org\/{rel}","templated":true}]}}