{"id":38513,"date":"2024-08-02T09:30:31","date_gmt":"2024-08-02T07:30:31","guid":{"rendered":"https:\/\/distribution.audio-technica.eu\/es-es\/?post_type=product&#038;p=38513"},"modified":"2026-02-19T14:32:03","modified_gmt":"2026-02-19T13:32:03","slug":"amp-300","status":"publish","type":"product","link":"https:\/\/distribution.audio-technica.eu\/es-es\/productos\/amp-300\/","title":{"rendered":"Amp 300"},"content":{"rendered":"<h2>Amp 300<\/h2>\n<h3>Amplificador 2 x 1350W<\/h3>\n<p>Amp 300 es un amplificador de potencia de alto rendimiento dise\u00f1ado espec\u00edficamente para trabajar en combinaci\u00f3n con altavoces Cuboid y Sub, dentro del ecosistema Optimal Audio.<\/p>\n<p>Con un dise\u00f1o de 2 U, compacto y robusto, su panel frontal sigue el enfoque intuitivo de Optimal Audio, al tiempo que proporciona monitoraje del estado del panel frontal para cada canal del amplificador, a trav\u00e9s de indicadores LED.<\/p>\n<p>El Amp 300 dispone de conectores de entrada flexibles, con dos conectores de entrada de l\u00ednea tipo combi XLR \/ Jack de 1\/4&#8243; balanceados, y cuenta con SpeakON\u00ae o terminales atornillados de enlace para salidas. Amp 300 puede ser f\u00e1cilmente configurado para satisfacer las necesidades de una amplia variedad de aplicaciones de instalaci\u00f3n; puede trabajar en modo est\u00e9reo, puente o paralelo, seleccionable mediante un interruptor situado en el panel posterior de la unidad.<\/p>\n<p>Cuando se combina con un procesador Zone, Amp 300 alcanza su m\u00e1ximo potencial, al proporcionar un conjunto completo de presets de altavoces, limitadores y mucho m\u00e1s de Optimal Audio, f\u00e1cilmente configurables a trav\u00e9s de la aplicaci\u00f3n web integrada de Zone.<\/p>\n<p>&nbsp;<\/p>\n<p><strong>Caracter\u00edsticas Principales<\/strong><\/p>\n<ul>\n<li>Dise\u00f1o de alta potencia Clase A\/B, extremadamente fiable<\/li>\n<li>1350 W por canal sobre 4\u03a9<\/li>\n<li>Combina con el procesador Zone para obtener los mejores resultados<\/li>\n<li>Modos est\u00e9reo, puente y paralelo<\/li>\n<\/ul>\n<p>&nbsp;<\/p>\n<p><strong>Aplicaciones<\/strong><\/p>\n<p>Caf\u00e9s, bares\/restaurantes, comercios, salas para banquetes, hoteles, educaci\u00f3n, templos, oficinas corporativas, museos, gimnasios, residencial<\/p>\n","protected":false},"excerpt":{"rendered":"<h3>Amplificador 2 x 1350W<\/h3>\n<ul>\n<li>Dise\u00f1o de alta potencia Clase A\/B, extremadamente fiable<\/li>\n<li>1350 W por canal sobre 4\u03a9<\/li>\n<li>Combina con el procesador Zone para obtener los mejores resultados<\/li>\n<li>Modos est\u00e9reo, puente y paralelo<\/li>\n<\/ul>\n<p>&nbsp;<\/p>\n<p>&nbsp;<\/p>\n","protected":false},"featured_media":33403,"template":"","meta":{"_acf_changed":false},"product_brand":[],"product_cat":[2279,2281,2490],"product_tag":[],"class_list":{"0":"post-38513","1":"product","2":"type-product","3":"status-publish","4":"has-post-thumbnail","6":"product_cat-amplificadores-optimal-audio","7":"product_cat-por-series-optimal-audio","8":"product_cat-serie-amp","9":"product_series-serie-amp","11":"first","12":"instock","13":"shipping-taxable","14":"product-type-simple"},"acf":[],"yoast_head":"<!-- This site is optimized with the Yoast SEO plugin v27.1.1 - https:\/\/yoast.com\/product\/yoast-seo-wordpress\/ -->\n<title>Amp 300 - Audio-Technica Iberia<\/title>\n<meta name=\"robots\" content=\"index, follow, max-snippet:-1, max-image-preview:large, max-video-preview:-1\" \/>\n<link rel=\"canonical\" href=\"https:\/\/distribution.audio-technica.eu\/es-es\/productos\/amp-300\/\" \/>\n<meta property=\"og:locale\" content=\"es_ES\" \/>\n<meta property=\"og:type\" content=\"article\" \/>\n<meta property=\"og:title\" content=\"Amp 300 - Audio-Technica Iberia\" \/>\n<meta property=\"og:description\" content=\"Amplificador 2 x 1350W   Dise\u00f1o de alta potencia Clase A\/B, extremadamente fiable  1350 W por canal sobre 4\u03a9  Combina con el procesador Zone para obtener los mejores resultados  Modos est\u00e9reo, puente y paralelo  &nbsp;  &nbsp;\" \/>\n<meta property=\"og:url\" content=\"https:\/\/distribution.audio-technica.eu\/es-es\/productos\/amp-300\/\" \/>\n<meta property=\"og:site_name\" content=\"Audio-Technica Iberia\" \/>\n<meta property=\"article:modified_time\" content=\"2026-02-19T13:32:03+00:00\" \/>\n<meta property=\"og:image\" content=\"https:\/\/distribution.audio-technica.eu\/app\/uploads\/sites\/2\/OA-AMP-300-FRONT-ANGLE.jpg\" \/>\n\t<meta property=\"og:image:width\" content=\"2000\" \/>\n\t<meta property=\"og:image:height\" content=\"2000\" \/>\n\t<meta property=\"og:image:type\" content=\"image\/jpeg\" \/>\n<meta name=\"twitter:card\" content=\"summary_large_image\" \/>\n<meta name=\"twitter:label1\" content=\"Tiempo de lectura\" \/>\n\t<meta name=\"twitter:data1\" content=\"2 minutos\" \/>\n<script type=\"application\/ld+json\" class=\"yoast-schema-graph\">{\"@context\":\"https:\/\/schema.org\",\"@graph\":[{\"@type\":\"WebPage\",\"@id\":\"https:\/\/distribution.audio-technica.eu\/es-es\/productos\/amp-300\/\",\"url\":\"https:\/\/distribution.audio-technica.eu\/es-es\/productos\/amp-300\/\",\"name\":\"Amp 300 - Audio-Technica Iberia\",\"isPartOf\":{\"@id\":\"https:\/\/distribution.audio-technica.eu\/es-es\/#website\"},\"primaryImageOfPage\":{\"@id\":\"https:\/\/distribution.audio-technica.eu\/es-es\/productos\/amp-300\/#primaryimage\"},\"image\":{\"@id\":\"https:\/\/distribution.audio-technica.eu\/es-es\/productos\/amp-300\/#primaryimage\"},\"thumbnailUrl\":\"\/app\/uploads\/sites\/2\/OA-AMP-300-FRONT-ANGLE.jpg\",\"datePublished\":\"2024-08-02T07:30:31+00:00\",\"dateModified\":\"2026-02-19T13:32:03+00:00\",\"breadcrumb\":{\"@id\":\"https:\/\/distribution.audio-technica.eu\/es-es\/productos\/amp-300\/#breadcrumb\"},\"inLanguage\":\"es\",\"potentialAction\":[{\"@type\":\"ReadAction\",\"target\":[\"https:\/\/distribution.audio-technica.eu\/es-es\/productos\/amp-300\/\"]}]},{\"@type\":\"ImageObject\",\"inLanguage\":\"es\",\"@id\":\"https:\/\/distribution.audio-technica.eu\/es-es\/productos\/amp-300\/#primaryimage\",\"url\":\"\/app\/uploads\/sites\/2\/OA-AMP-300-FRONT-ANGLE.jpg\",\"contentUrl\":\"\/app\/uploads\/sites\/2\/OA-AMP-300-FRONT-ANGLE.jpg\",\"width\":2000,\"height\":2000},{\"@type\":\"BreadcrumbList\",\"@id\":\"https:\/\/distribution.audio-technica.eu\/es-es\/productos\/amp-300\/#breadcrumb\",\"itemListElement\":[{\"@type\":\"ListItem\",\"position\":1,\"name\":\"Products\",\"item\":\"https:\/\/distribution.audio-technica.eu\/es-es\/\"},{\"@type\":\"ListItem\",\"position\":2,\"name\":\"Productos\",\"item\":\"https:\/\/distribution.audio-technica.eu\/es-es\/productos\/\"},{\"@type\":\"ListItem\",\"position\":3,\"name\":\"Amp 300\"}]},{\"@type\":\"WebSite\",\"@id\":\"https:\/\/distribution.audio-technica.eu\/es-es\/#website\",\"url\":\"https:\/\/distribution.audio-technica.eu\/es-es\/\",\"name\":\"Audio-Technica Iberia\",\"description\":\"Distribuci\u00f3n\",\"potentialAction\":[{\"@type\":\"SearchAction\",\"target\":{\"@type\":\"EntryPoint\",\"urlTemplate\":\"https:\/\/distribution.audio-technica.eu\/es-es\/?s={search_term_string}\"},\"query-input\":{\"@type\":\"PropertyValueSpecification\",\"valueRequired\":true,\"valueName\":\"search_term_string\"}}],\"inLanguage\":\"es\"}]}<\/script>\n<!-- \/ Yoast SEO plugin. -->","yoast_head_json":{"title":"Amp 300 - Audio-Technica Iberia","robots":{"index":"index","follow":"follow","max-snippet":"max-snippet:-1","max-image-preview":"max-image-preview:large","max-video-preview":"max-video-preview:-1"},"canonical":"https:\/\/distribution.audio-technica.eu\/es-es\/productos\/amp-300\/","og_locale":"es_ES","og_type":"article","og_title":"Amp 300 - Audio-Technica Iberia","og_description":"Amplificador 2 x 1350W   Dise\u00f1o de alta potencia Clase A\/B, extremadamente fiable  1350 W por canal sobre 4\u03a9  Combina con el procesador Zone para obtener los mejores resultados  Modos est\u00e9reo, puente y paralelo  &nbsp;  &nbsp;","og_url":"https:\/\/distribution.audio-technica.eu\/es-es\/productos\/amp-300\/","og_site_name":"Audio-Technica Iberia","article_modified_time":"2026-02-19T13:32:03+00:00","og_image":[{"width":2000,"height":2000,"url":"https:\/\/distribution.audio-technica.eu\/app\/uploads\/sites\/2\/OA-AMP-300-FRONT-ANGLE.jpg","type":"image\/jpeg"}],"twitter_card":"summary_large_image","twitter_misc":{"Tiempo de lectura":"2 minutos"},"schema":{"@context":"https:\/\/schema.org","@graph":[{"@type":"WebPage","@id":"https:\/\/distribution.audio-technica.eu\/es-es\/productos\/amp-300\/","url":"https:\/\/distribution.audio-technica.eu\/es-es\/productos\/amp-300\/","name":"Amp 300 - Audio-Technica Iberia","isPartOf":{"@id":"https:\/\/distribution.audio-technica.eu\/es-es\/#website"},"primaryImageOfPage":{"@id":"https:\/\/distribution.audio-technica.eu\/es-es\/productos\/amp-300\/#primaryimage"},"image":{"@id":"https:\/\/distribution.audio-technica.eu\/es-es\/productos\/amp-300\/#primaryimage"},"thumbnailUrl":"\/app\/uploads\/sites\/2\/OA-AMP-300-FRONT-ANGLE.jpg","datePublished":"2024-08-02T07:30:31+00:00","dateModified":"2026-02-19T13:32:03+00:00","breadcrumb":{"@id":"https:\/\/distribution.audio-technica.eu\/es-es\/productos\/amp-300\/#breadcrumb"},"inLanguage":"es","potentialAction":[{"@type":"ReadAction","target":["https:\/\/distribution.audio-technica.eu\/es-es\/productos\/amp-300\/"]}]},{"@type":"ImageObject","inLanguage":"es","@id":"https:\/\/distribution.audio-technica.eu\/es-es\/productos\/amp-300\/#primaryimage","url":"\/app\/uploads\/sites\/2\/OA-AMP-300-FRONT-ANGLE.jpg","contentUrl":"\/app\/uploads\/sites\/2\/OA-AMP-300-FRONT-ANGLE.jpg","width":2000,"height":2000},{"@type":"BreadcrumbList","@id":"https:\/\/distribution.audio-technica.eu\/es-es\/productos\/amp-300\/#breadcrumb","itemListElement":[{"@type":"ListItem","position":1,"name":"Products","item":"https:\/\/distribution.audio-technica.eu\/es-es\/"},{"@type":"ListItem","position":2,"name":"Productos","item":"https:\/\/distribution.audio-technica.eu\/es-es\/productos\/"},{"@type":"ListItem","position":3,"name":"Amp 300"}]},{"@type":"WebSite","@id":"https:\/\/distribution.audio-technica.eu\/es-es\/#website","url":"https:\/\/distribution.audio-technica.eu\/es-es\/","name":"Audio-Technica Iberia","description":"Distribuci\u00f3n","potentialAction":[{"@type":"SearchAction","target":{"@type":"EntryPoint","urlTemplate":"https:\/\/distribution.audio-technica.eu\/es-es\/?s={search_term_string}"},"query-input":{"@type":"PropertyValueSpecification","valueRequired":true,"valueName":"search_term_string"}}],"inLanguage":"es"}]}},"_links":{"self":[{"href":"https:\/\/distribution.audio-technica.eu\/es-es\/wp-json\/wp\/v2\/product\/38513","targetHints":{"allow":["GET"]}}],"collection":[{"href":"https:\/\/distribution.audio-technica.eu\/es-es\/wp-json\/wp\/v2\/product"}],"about":[{"href":"https:\/\/distribution.audio-technica.eu\/es-es\/wp-json\/wp\/v2\/types\/product"}],"wp:featuredmedia":[{"embeddable":true,"href":"https:\/\/distribution.audio-technica.eu\/es-es\/wp-json\/wp\/v2\/media\/33403"}],"wp:attachment":[{"href":"https:\/\/distribution.audio-technica.eu\/es-es\/wp-json\/wp\/v2\/media?parent=38513"}],"wp:term":[{"taxonomy":"product_brand","embeddable":true,"href":"https:\/\/distribution.audio-technica.eu\/es-es\/wp-json\/wp\/v2\/product_brand?post=38513"},{"taxonomy":"product_cat","embeddable":true,"href":"https:\/\/distribution.audio-technica.eu\/es-es\/wp-json\/wp\/v2\/product_cat?post=38513"},{"taxonomy":"product_tag","embeddable":true,"href":"https:\/\/distribution.audio-technica.eu\/es-es\/wp-json\/wp\/v2\/product_tag?post=38513"}],"curies":[{"name":"wp","href":"https:\/\/api.w.org\/{rel}","templated":true}]}}