{"id":38517,"date":"2024-08-02T10:06:53","date_gmt":"2024-08-02T08:06:53","guid":{"rendered":"https:\/\/distribution.audio-technica.eu\/es-es\/?post_type=product&#038;p=38517"},"modified":"2026-02-19T14:53:03","modified_gmt":"2026-02-19T13:53:03","slug":"pendant-2","status":"publish","type":"product","link":"https:\/\/distribution.audio-technica.eu\/es-es\/productos\/pendant-2\/","title":{"rendered":"Pendant 2 (UPP2)"},"content":{"rendered":"<h2>Pendant 2 (UPP2)<\/h2>\n<h3>Accesorio colgante para Up 6<\/h3>\n<p>Pendant 2 ofrece un dise\u00f1o elegante, integr\u00e1ndose perfectamente con el altavoz de techo Up 6, para proporcionar m\u00fasica ambiental y de primer plano de alta calidad en lugares con arquitectura abierta y techos altos.<\/p>\n<p>La instalaci\u00f3n de Pendant 2 no supone ning\u00fan esfuerzo gracias a una filosof\u00eda de dise\u00f1o que garantiza una instalaci\u00f3n r\u00e1pida y sencilla. Disponible en blanco y negro, el Pendant 2 combinar\u00e1 con cualquier decoraci\u00f3n.<\/p>\n<p>&nbsp;<\/p>\n<p><strong>Caracter\u00edsticas Principales<\/strong><\/p>\n<ul>\n<li>Elegante dise\u00f1o sin bisel<\/li>\n<li>F\u00e1cil instalaci\u00f3n<\/li>\n<li>Disponible en negro y blanco<\/li>\n<li>Carcasa y rejilla incluidas<\/li>\n<\/ul>\n<p>&nbsp;<\/p>\n","protected":false},"excerpt":{"rendered":"<h3>Accesorio colgante para Up 6<\/h3>\n<ul>\n<li>Elegante dise\u00f1o sin bisel<\/li>\n<li>F\u00e1cil instalaci\u00f3n<\/li>\n<li>Disponible en negro y blanco<\/li>\n<li>Carcasa y rejilla incluidas<\/li>\n<\/ul>\n<p>&nbsp;<\/p>\n<p>&nbsp;<\/p>\n","protected":false},"featured_media":33396,"template":"","meta":{"_acf_changed":false},"product_brand":[],"product_cat":[2280,2281,2287],"product_tag":[],"class_list":{"0":"post-38517","1":"product","2":"type-product","3":"status-publish","4":"has-post-thumbnail","6":"product_cat-recintos-acusticos-optimal-audio","7":"product_cat-por-series-optimal-audio","8":"product_cat-serie-up","9":"product_series-serie-up","11":"first","12":"instock","13":"shipping-taxable","14":"product-type-simple"},"acf":[],"yoast_head":"<!-- This site is optimized with the Yoast SEO plugin v27.1.1 - https:\/\/yoast.com\/product\/yoast-seo-wordpress\/ -->\n<title>Pendant 2 (UPP2) - Audio-Technica Iberia<\/title>\n<meta name=\"robots\" content=\"index, follow, max-snippet:-1, max-image-preview:large, max-video-preview:-1\" \/>\n<link rel=\"canonical\" href=\"https:\/\/distribution.audio-technica.eu\/es-es\/productos\/pendant-2\/\" \/>\n<meta property=\"og:locale\" content=\"es_ES\" \/>\n<meta property=\"og:type\" content=\"article\" \/>\n<meta property=\"og:title\" content=\"Pendant 2 (UPP2) - Audio-Technica Iberia\" \/>\n<meta property=\"og:description\" content=\"Accesorio colgante para Up 6   Elegante dise\u00f1o sin bisel  F\u00e1cil instalaci\u00f3n  Disponible en negro y blanco  Carcasa y rejilla incluidas  &nbsp;  &nbsp;\" \/>\n<meta property=\"og:url\" content=\"https:\/\/distribution.audio-technica.eu\/es-es\/productos\/pendant-2\/\" \/>\n<meta property=\"og:site_name\" content=\"Audio-Technica Iberia\" \/>\n<meta property=\"article:modified_time\" content=\"2026-02-19T13:53:03+00:00\" \/>\n<meta property=\"og:image\" content=\"https:\/\/distribution.audio-technica.eu\/app\/uploads\/sites\/2\/OA-UP-ACCESSORIES-Pendant.jpg\" \/>\n\t<meta property=\"og:image:width\" content=\"2000\" \/>\n\t<meta property=\"og:image:height\" content=\"2000\" \/>\n\t<meta property=\"og:image:type\" content=\"image\/jpeg\" \/>\n<meta name=\"twitter:card\" content=\"summary_large_image\" \/>\n<meta name=\"twitter:label1\" content=\"Tiempo de lectura\" \/>\n\t<meta name=\"twitter:data1\" content=\"1 minuto\" \/>\n<script type=\"application\/ld+json\" class=\"yoast-schema-graph\">{\"@context\":\"https:\/\/schema.org\",\"@graph\":[{\"@type\":\"WebPage\",\"@id\":\"https:\/\/distribution.audio-technica.eu\/es-es\/productos\/pendant-2\/\",\"url\":\"https:\/\/distribution.audio-technica.eu\/es-es\/productos\/pendant-2\/\",\"name\":\"Pendant 2 (UPP2) - Audio-Technica Iberia\",\"isPartOf\":{\"@id\":\"https:\/\/distribution.audio-technica.eu\/es-es\/#website\"},\"primaryImageOfPage\":{\"@id\":\"https:\/\/distribution.audio-technica.eu\/es-es\/productos\/pendant-2\/#primaryimage\"},\"image\":{\"@id\":\"https:\/\/distribution.audio-technica.eu\/es-es\/productos\/pendant-2\/#primaryimage\"},\"thumbnailUrl\":\"\/app\/uploads\/sites\/2\/OA-UP-ACCESSORIES-Pendant.jpg\",\"datePublished\":\"2024-08-02T08:06:53+00:00\",\"dateModified\":\"2026-02-19T13:53:03+00:00\",\"breadcrumb\":{\"@id\":\"https:\/\/distribution.audio-technica.eu\/es-es\/productos\/pendant-2\/#breadcrumb\"},\"inLanguage\":\"es\",\"potentialAction\":[{\"@type\":\"ReadAction\",\"target\":[\"https:\/\/distribution.audio-technica.eu\/es-es\/productos\/pendant-2\/\"]}]},{\"@type\":\"ImageObject\",\"inLanguage\":\"es\",\"@id\":\"https:\/\/distribution.audio-technica.eu\/es-es\/productos\/pendant-2\/#primaryimage\",\"url\":\"\/app\/uploads\/sites\/2\/OA-UP-ACCESSORIES-Pendant.jpg\",\"contentUrl\":\"\/app\/uploads\/sites\/2\/OA-UP-ACCESSORIES-Pendant.jpg\",\"width\":2000,\"height\":2000},{\"@type\":\"BreadcrumbList\",\"@id\":\"https:\/\/distribution.audio-technica.eu\/es-es\/productos\/pendant-2\/#breadcrumb\",\"itemListElement\":[{\"@type\":\"ListItem\",\"position\":1,\"name\":\"Products\",\"item\":\"https:\/\/distribution.audio-technica.eu\/es-es\/\"},{\"@type\":\"ListItem\",\"position\":2,\"name\":\"Productos\",\"item\":\"https:\/\/distribution.audio-technica.eu\/es-es\/productos\/\"},{\"@type\":\"ListItem\",\"position\":3,\"name\":\"Pendant 2 (UPP2)\"}]},{\"@type\":\"WebSite\",\"@id\":\"https:\/\/distribution.audio-technica.eu\/es-es\/#website\",\"url\":\"https:\/\/distribution.audio-technica.eu\/es-es\/\",\"name\":\"Audio-Technica Iberia\",\"description\":\"Distribuci\u00f3n\",\"potentialAction\":[{\"@type\":\"SearchAction\",\"target\":{\"@type\":\"EntryPoint\",\"urlTemplate\":\"https:\/\/distribution.audio-technica.eu\/es-es\/?s={search_term_string}\"},\"query-input\":{\"@type\":\"PropertyValueSpecification\",\"valueRequired\":true,\"valueName\":\"search_term_string\"}}],\"inLanguage\":\"es\"}]}<\/script>\n<!-- \/ Yoast SEO plugin. -->","yoast_head_json":{"title":"Pendant 2 (UPP2) - Audio-Technica Iberia","robots":{"index":"index","follow":"follow","max-snippet":"max-snippet:-1","max-image-preview":"max-image-preview:large","max-video-preview":"max-video-preview:-1"},"canonical":"https:\/\/distribution.audio-technica.eu\/es-es\/productos\/pendant-2\/","og_locale":"es_ES","og_type":"article","og_title":"Pendant 2 (UPP2) - Audio-Technica Iberia","og_description":"Accesorio colgante para Up 6   Elegante dise\u00f1o sin bisel  F\u00e1cil instalaci\u00f3n  Disponible en negro y blanco  Carcasa y rejilla incluidas  &nbsp;  &nbsp;","og_url":"https:\/\/distribution.audio-technica.eu\/es-es\/productos\/pendant-2\/","og_site_name":"Audio-Technica Iberia","article_modified_time":"2026-02-19T13:53:03+00:00","og_image":[{"width":2000,"height":2000,"url":"https:\/\/distribution.audio-technica.eu\/app\/uploads\/sites\/2\/OA-UP-ACCESSORIES-Pendant.jpg","type":"image\/jpeg"}],"twitter_card":"summary_large_image","twitter_misc":{"Tiempo de lectura":"1 minuto"},"schema":{"@context":"https:\/\/schema.org","@graph":[{"@type":"WebPage","@id":"https:\/\/distribution.audio-technica.eu\/es-es\/productos\/pendant-2\/","url":"https:\/\/distribution.audio-technica.eu\/es-es\/productos\/pendant-2\/","name":"Pendant 2 (UPP2) - Audio-Technica Iberia","isPartOf":{"@id":"https:\/\/distribution.audio-technica.eu\/es-es\/#website"},"primaryImageOfPage":{"@id":"https:\/\/distribution.audio-technica.eu\/es-es\/productos\/pendant-2\/#primaryimage"},"image":{"@id":"https:\/\/distribution.audio-technica.eu\/es-es\/productos\/pendant-2\/#primaryimage"},"thumbnailUrl":"\/app\/uploads\/sites\/2\/OA-UP-ACCESSORIES-Pendant.jpg","datePublished":"2024-08-02T08:06:53+00:00","dateModified":"2026-02-19T13:53:03+00:00","breadcrumb":{"@id":"https:\/\/distribution.audio-technica.eu\/es-es\/productos\/pendant-2\/#breadcrumb"},"inLanguage":"es","potentialAction":[{"@type":"ReadAction","target":["https:\/\/distribution.audio-technica.eu\/es-es\/productos\/pendant-2\/"]}]},{"@type":"ImageObject","inLanguage":"es","@id":"https:\/\/distribution.audio-technica.eu\/es-es\/productos\/pendant-2\/#primaryimage","url":"\/app\/uploads\/sites\/2\/OA-UP-ACCESSORIES-Pendant.jpg","contentUrl":"\/app\/uploads\/sites\/2\/OA-UP-ACCESSORIES-Pendant.jpg","width":2000,"height":2000},{"@type":"BreadcrumbList","@id":"https:\/\/distribution.audio-technica.eu\/es-es\/productos\/pendant-2\/#breadcrumb","itemListElement":[{"@type":"ListItem","position":1,"name":"Products","item":"https:\/\/distribution.audio-technica.eu\/es-es\/"},{"@type":"ListItem","position":2,"name":"Productos","item":"https:\/\/distribution.audio-technica.eu\/es-es\/productos\/"},{"@type":"ListItem","position":3,"name":"Pendant 2 (UPP2)"}]},{"@type":"WebSite","@id":"https:\/\/distribution.audio-technica.eu\/es-es\/#website","url":"https:\/\/distribution.audio-technica.eu\/es-es\/","name":"Audio-Technica Iberia","description":"Distribuci\u00f3n","potentialAction":[{"@type":"SearchAction","target":{"@type":"EntryPoint","urlTemplate":"https:\/\/distribution.audio-technica.eu\/es-es\/?s={search_term_string}"},"query-input":{"@type":"PropertyValueSpecification","valueRequired":true,"valueName":"search_term_string"}}],"inLanguage":"es"}]}},"_links":{"self":[{"href":"https:\/\/distribution.audio-technica.eu\/es-es\/wp-json\/wp\/v2\/product\/38517","targetHints":{"allow":["GET"]}}],"collection":[{"href":"https:\/\/distribution.audio-technica.eu\/es-es\/wp-json\/wp\/v2\/product"}],"about":[{"href":"https:\/\/distribution.audio-technica.eu\/es-es\/wp-json\/wp\/v2\/types\/product"}],"wp:featuredmedia":[{"embeddable":true,"href":"https:\/\/distribution.audio-technica.eu\/es-es\/wp-json\/wp\/v2\/media\/33396"}],"wp:attachment":[{"href":"https:\/\/distribution.audio-technica.eu\/es-es\/wp-json\/wp\/v2\/media?parent=38517"}],"wp:term":[{"taxonomy":"product_brand","embeddable":true,"href":"https:\/\/distribution.audio-technica.eu\/es-es\/wp-json\/wp\/v2\/product_brand?post=38517"},{"taxonomy":"product_cat","embeddable":true,"href":"https:\/\/distribution.audio-technica.eu\/es-es\/wp-json\/wp\/v2\/product_cat?post=38517"},{"taxonomy":"product_tag","embeddable":true,"href":"https:\/\/distribution.audio-technica.eu\/es-es\/wp-json\/wp\/v2\/product_tag?post=38517"}],"curies":[{"name":"wp","href":"https:\/\/api.w.org\/{rel}","templated":true}]}}