{"id":38960,"date":"2024-10-03T15:31:35","date_gmt":"2024-10-03T13:31:35","guid":{"rendered":"https:\/\/distribution.audio-technica.eu\/es-es\/?post_type=product&#038;p=38960"},"modified":"2026-02-19T14:54:22","modified_gmt":"2026-02-19T13:54:22","slug":"sub-6","status":"publish","type":"product","link":"https:\/\/distribution.audio-technica.eu\/es-es\/productos\/sub-6\/","title":{"rendered":"Sub 6"},"content":{"rendered":"<h2>Sub 6<\/h2>\n<h3>Recinto subgrave ultra compacto de 6\u201d<\/h3>\n<p>Sub 6 es un subgrave pasivo ultra compacto de 6\u201d, dise\u00f1ado para aplicaciones que requieren un mayor impacto y presencia de graves con los peque\u00f1os altavoces de techo Cuboid y Up.<\/p>\n<p>Cuenta con un transductor de 6\u201d, de dise\u00f1o especial, equipado con una bobina m\u00f3vil de 2,5\u201d, combinado con un puerto de graves de tama\u00f1o generoso para mejorar la musicalidad. Con una potencia de 250 W (AES) y un nivel de presi\u00f3n sonora m\u00e1ximo de 118 dB, que alcanza los 37 Hz a -10 dB, este es un subgrave en miniatura realmente potente.<\/p>\n<p>Los puntos de fijaci\u00f3n M8 integrados, los canales para empotrar los cables y las diferencies opciones de colocaci\u00f3n de los pies de goma garantizan que el Sub 6 se adapte de manera f\u00e1cil, segura y elegante a cualquier aplicaci\u00f3n. El Sub 6 es lo suficientemente peque\u00f1o como para pasar a trav\u00e9s de una placa de techo est\u00e1ndar y se puede asegurar con el soporte Sub Bracket disponible para montaje en pared o techo.<\/p>\n<p>Una rejilla de acero perforada resistente a los impactos protege al transductor, y el recinto del Sub 6 est\u00e1 construido en MDF y acabado en pintura texturizada negra o blanca.<\/p>\n<p>SmartAmp proporcionar\u00e1 amplificaci\u00f3n, configuraciones de ecualizaci\u00f3n y limitadores para proteger al transductor cuando se reproduce sonido a niveles m\u00e1s altos.<\/p>\n<p>El Sub 6 puede ser controlado por un par de canales en configuraci\u00f3n puente en cualquier unidad Zone activa, mientras que la aplicaci\u00f3n web integrada garantiza que la configuraci\u00f3n del sistema y el control del usuario final sean sencillos.<\/p>\n<p>&nbsp;<\/p>\n<p><strong>Caracter\u00edsticas Principales<\/strong><\/p>\n<ul>\n<li>Tama\u00f1o ultra compacto<\/li>\n<li>Contundente ampliaci\u00f3n de los subgraves<\/li>\n<li>Flexibles opciones de montaje en paredes y techos<\/li>\n<li>Potencia: 250 W RMS<\/li>\n<li>Transductor de 6&#8243;<\/li>\n<li>SPL m\u00e1ximo de 112 dB (cont\u00ednuo)<\/li>\n<li>Respuesta en frecuencia: 41Hz &#8211; 200Hz<\/li>\n<\/ul>\n<p>&nbsp;<\/p>\n<p><strong>Aplicaciones<\/strong><\/p>\n<p>Caf\u00e9s, bares\/restaurantes, comercios, salas para banquetes, hoteles, educaci\u00f3n, templos, oficinas corporativas, museos, gimnasios, residencial<\/p>\n","protected":false},"excerpt":{"rendered":"<h3>Recinto subgrave ultra compacto de 6\u201d<\/h3>\n<ul>\n<li>Tama\u00f1o ultra compacto<\/li>\n<li>Contundente ampliaci\u00f3n de los subgraves<\/li>\n<li>Flexibles opciones de montaje en paredes y techos<\/li>\n<li>Canales para empotrar los cables y conseguir una instalaci\u00f3n discreta<\/li>\n<li>Varios puntos para ofrecer alternativas al posicionamiento de las patas de goma<\/li>\n<li>Disponible en color negro o blanco<\/li>\n<\/ul>\n<p>&nbsp;<\/p>\n<p>&nbsp;<\/p>\n","protected":false},"featured_media":38982,"template":"","meta":{"_acf_changed":false},"product_brand":[],"product_cat":[2280,2281,2288],"product_tag":[],"class_list":{"0":"post-38960","1":"product","2":"type-product","3":"status-publish","4":"has-post-thumbnail","6":"product_cat-recintos-acusticos-optimal-audio","7":"product_cat-por-series-optimal-audio","8":"product_cat-serie-sub","9":"product_series-serie-sub","11":"first","12":"instock","13":"shipping-taxable","14":"product-type-simple"},"acf":[],"yoast_head":"<!-- This site is optimized with the Yoast SEO plugin v27.1.1 - https:\/\/yoast.com\/product\/yoast-seo-wordpress\/ -->\n<title>Sub 6 - Audio-Technica Iberia<\/title>\n<meta name=\"robots\" content=\"index, follow, max-snippet:-1, max-image-preview:large, max-video-preview:-1\" \/>\n<link rel=\"canonical\" href=\"https:\/\/distribution.audio-technica.eu\/es-es\/productos\/sub-6\/\" \/>\n<meta property=\"og:locale\" content=\"es_ES\" \/>\n<meta property=\"og:type\" content=\"article\" \/>\n<meta property=\"og:title\" content=\"Sub 6 - Audio-Technica Iberia\" \/>\n<meta property=\"og:description\" content=\"Recinto subgrave ultra compacto de 6\u201d   Tama\u00f1o ultra compacto  Contundente ampliaci\u00f3n de los subgraves  Flexibles opciones de montaje en paredes y techos  Canales para empotrar los cables y conseguir una instalaci\u00f3n discreta  Varios puntos para ofrecer alternativas al posicionamiento de las patas de goma  Disponible en color negro o blanco  &nbsp;  &nbsp;\" \/>\n<meta property=\"og:url\" content=\"https:\/\/distribution.audio-technica.eu\/es-es\/productos\/sub-6\/\" \/>\n<meta property=\"og:site_name\" content=\"Audio-Technica Iberia\" \/>\n<meta property=\"article:modified_time\" content=\"2026-02-19T13:54:22+00:00\" \/>\n<meta property=\"og:image\" content=\"https:\/\/distribution.audio-technica.eu\/app\/uploads\/sites\/2\/OA-Sub-6-front-cutout.jpg\" \/>\n\t<meta property=\"og:image:width\" content=\"2000\" \/>\n\t<meta property=\"og:image:height\" content=\"2000\" \/>\n\t<meta property=\"og:image:type\" content=\"image\/jpeg\" \/>\n<meta name=\"twitter:card\" content=\"summary_large_image\" \/>\n<meta name=\"twitter:label1\" content=\"Tiempo de lectura\" \/>\n\t<meta name=\"twitter:data1\" content=\"2 minutos\" \/>\n<script type=\"application\/ld+json\" class=\"yoast-schema-graph\">{\"@context\":\"https:\/\/schema.org\",\"@graph\":[{\"@type\":\"WebPage\",\"@id\":\"https:\/\/distribution.audio-technica.eu\/es-es\/productos\/sub-6\/\",\"url\":\"https:\/\/distribution.audio-technica.eu\/es-es\/productos\/sub-6\/\",\"name\":\"Sub 6 - Audio-Technica Iberia\",\"isPartOf\":{\"@id\":\"https:\/\/distribution.audio-technica.eu\/es-es\/#website\"},\"primaryImageOfPage\":{\"@id\":\"https:\/\/distribution.audio-technica.eu\/es-es\/productos\/sub-6\/#primaryimage\"},\"image\":{\"@id\":\"https:\/\/distribution.audio-technica.eu\/es-es\/productos\/sub-6\/#primaryimage\"},\"thumbnailUrl\":\"\/app\/uploads\/sites\/2\/OA-Sub-6-front-cutout.jpg\",\"datePublished\":\"2024-10-03T13:31:35+00:00\",\"dateModified\":\"2026-02-19T13:54:22+00:00\",\"breadcrumb\":{\"@id\":\"https:\/\/distribution.audio-technica.eu\/es-es\/productos\/sub-6\/#breadcrumb\"},\"inLanguage\":\"es\",\"potentialAction\":[{\"@type\":\"ReadAction\",\"target\":[\"https:\/\/distribution.audio-technica.eu\/es-es\/productos\/sub-6\/\"]}]},{\"@type\":\"ImageObject\",\"inLanguage\":\"es\",\"@id\":\"https:\/\/distribution.audio-technica.eu\/es-es\/productos\/sub-6\/#primaryimage\",\"url\":\"\/app\/uploads\/sites\/2\/OA-Sub-6-front-cutout.jpg\",\"contentUrl\":\"\/app\/uploads\/sites\/2\/OA-Sub-6-front-cutout.jpg\",\"width\":2000,\"height\":2000},{\"@type\":\"BreadcrumbList\",\"@id\":\"https:\/\/distribution.audio-technica.eu\/es-es\/productos\/sub-6\/#breadcrumb\",\"itemListElement\":[{\"@type\":\"ListItem\",\"position\":1,\"name\":\"Products\",\"item\":\"https:\/\/distribution.audio-technica.eu\/es-es\/\"},{\"@type\":\"ListItem\",\"position\":2,\"name\":\"Productos\",\"item\":\"https:\/\/distribution.audio-technica.eu\/es-es\/productos\/\"},{\"@type\":\"ListItem\",\"position\":3,\"name\":\"Sub 6\"}]},{\"@type\":\"WebSite\",\"@id\":\"https:\/\/distribution.audio-technica.eu\/es-es\/#website\",\"url\":\"https:\/\/distribution.audio-technica.eu\/es-es\/\",\"name\":\"Audio-Technica Iberia\",\"description\":\"Distribuci\u00f3n\",\"potentialAction\":[{\"@type\":\"SearchAction\",\"target\":{\"@type\":\"EntryPoint\",\"urlTemplate\":\"https:\/\/distribution.audio-technica.eu\/es-es\/?s={search_term_string}\"},\"query-input\":{\"@type\":\"PropertyValueSpecification\",\"valueRequired\":true,\"valueName\":\"search_term_string\"}}],\"inLanguage\":\"es\"}]}<\/script>\n<!-- \/ Yoast SEO plugin. -->","yoast_head_json":{"title":"Sub 6 - Audio-Technica Iberia","robots":{"index":"index","follow":"follow","max-snippet":"max-snippet:-1","max-image-preview":"max-image-preview:large","max-video-preview":"max-video-preview:-1"},"canonical":"https:\/\/distribution.audio-technica.eu\/es-es\/productos\/sub-6\/","og_locale":"es_ES","og_type":"article","og_title":"Sub 6 - Audio-Technica Iberia","og_description":"Recinto subgrave ultra compacto de 6\u201d   Tama\u00f1o ultra compacto  Contundente ampliaci\u00f3n de los subgraves  Flexibles opciones de montaje en paredes y techos  Canales para empotrar los cables y conseguir una instalaci\u00f3n discreta  Varios puntos para ofrecer alternativas al posicionamiento de las patas de goma  Disponible en color negro o blanco  &nbsp;  &nbsp;","og_url":"https:\/\/distribution.audio-technica.eu\/es-es\/productos\/sub-6\/","og_site_name":"Audio-Technica Iberia","article_modified_time":"2026-02-19T13:54:22+00:00","og_image":[{"width":2000,"height":2000,"url":"https:\/\/distribution.audio-technica.eu\/app\/uploads\/sites\/2\/OA-Sub-6-front-cutout.jpg","type":"image\/jpeg"}],"twitter_card":"summary_large_image","twitter_misc":{"Tiempo de lectura":"2 minutos"},"schema":{"@context":"https:\/\/schema.org","@graph":[{"@type":"WebPage","@id":"https:\/\/distribution.audio-technica.eu\/es-es\/productos\/sub-6\/","url":"https:\/\/distribution.audio-technica.eu\/es-es\/productos\/sub-6\/","name":"Sub 6 - Audio-Technica Iberia","isPartOf":{"@id":"https:\/\/distribution.audio-technica.eu\/es-es\/#website"},"primaryImageOfPage":{"@id":"https:\/\/distribution.audio-technica.eu\/es-es\/productos\/sub-6\/#primaryimage"},"image":{"@id":"https:\/\/distribution.audio-technica.eu\/es-es\/productos\/sub-6\/#primaryimage"},"thumbnailUrl":"\/app\/uploads\/sites\/2\/OA-Sub-6-front-cutout.jpg","datePublished":"2024-10-03T13:31:35+00:00","dateModified":"2026-02-19T13:54:22+00:00","breadcrumb":{"@id":"https:\/\/distribution.audio-technica.eu\/es-es\/productos\/sub-6\/#breadcrumb"},"inLanguage":"es","potentialAction":[{"@type":"ReadAction","target":["https:\/\/distribution.audio-technica.eu\/es-es\/productos\/sub-6\/"]}]},{"@type":"ImageObject","inLanguage":"es","@id":"https:\/\/distribution.audio-technica.eu\/es-es\/productos\/sub-6\/#primaryimage","url":"\/app\/uploads\/sites\/2\/OA-Sub-6-front-cutout.jpg","contentUrl":"\/app\/uploads\/sites\/2\/OA-Sub-6-front-cutout.jpg","width":2000,"height":2000},{"@type":"BreadcrumbList","@id":"https:\/\/distribution.audio-technica.eu\/es-es\/productos\/sub-6\/#breadcrumb","itemListElement":[{"@type":"ListItem","position":1,"name":"Products","item":"https:\/\/distribution.audio-technica.eu\/es-es\/"},{"@type":"ListItem","position":2,"name":"Productos","item":"https:\/\/distribution.audio-technica.eu\/es-es\/productos\/"},{"@type":"ListItem","position":3,"name":"Sub 6"}]},{"@type":"WebSite","@id":"https:\/\/distribution.audio-technica.eu\/es-es\/#website","url":"https:\/\/distribution.audio-technica.eu\/es-es\/","name":"Audio-Technica Iberia","description":"Distribuci\u00f3n","potentialAction":[{"@type":"SearchAction","target":{"@type":"EntryPoint","urlTemplate":"https:\/\/distribution.audio-technica.eu\/es-es\/?s={search_term_string}"},"query-input":{"@type":"PropertyValueSpecification","valueRequired":true,"valueName":"search_term_string"}}],"inLanguage":"es"}]}},"_links":{"self":[{"href":"https:\/\/distribution.audio-technica.eu\/es-es\/wp-json\/wp\/v2\/product\/38960","targetHints":{"allow":["GET"]}}],"collection":[{"href":"https:\/\/distribution.audio-technica.eu\/es-es\/wp-json\/wp\/v2\/product"}],"about":[{"href":"https:\/\/distribution.audio-technica.eu\/es-es\/wp-json\/wp\/v2\/types\/product"}],"wp:featuredmedia":[{"embeddable":true,"href":"https:\/\/distribution.audio-technica.eu\/es-es\/wp-json\/wp\/v2\/media\/38982"}],"wp:attachment":[{"href":"https:\/\/distribution.audio-technica.eu\/es-es\/wp-json\/wp\/v2\/media?parent=38960"}],"wp:term":[{"taxonomy":"product_brand","embeddable":true,"href":"https:\/\/distribution.audio-technica.eu\/es-es\/wp-json\/wp\/v2\/product_brand?post=38960"},{"taxonomy":"product_cat","embeddable":true,"href":"https:\/\/distribution.audio-technica.eu\/es-es\/wp-json\/wp\/v2\/product_cat?post=38960"},{"taxonomy":"product_tag","embeddable":true,"href":"https:\/\/distribution.audio-technica.eu\/es-es\/wp-json\/wp\/v2\/product_tag?post=38960"}],"curies":[{"name":"wp","href":"https:\/\/api.w.org\/{rel}","templated":true}]}}