{"id":39014,"date":"2024-10-09T10:00:39","date_gmt":"2024-10-09T08:00:39","guid":{"rendered":"https:\/\/distribution.audio-technica.eu\/es-es\/?post_type=product&#038;p=39014"},"modified":"2024-10-08T20:55:36","modified_gmt":"2024-10-08T18:55:36","slug":"xone922","status":"publish","type":"product","link":"https:\/\/distribution.audio-technica.eu\/es-es\/productos\/xone922\/","title":{"rendered":"XONE:92 MK2"},"content":{"rendered":"<h2>XONE:92 MK2<\/h2>\n<h3>Mezclador profesional para discoteca\/DJ<\/h3>\n<p>El mezclador para DJ Xone:92 defini\u00f3 la m\u00fasica de club durante una generaci\u00f3n. Ahora, ha vuelto para establecer nuevos est\u00e1ndares. Calidez anal\u00f3gica, control de precisi\u00f3n y fiabilidad a prueba de balas: todo ello mejorado para la pr\u00f3xima generaci\u00f3n de innovadores underground y estrellas del Big Room.<\/p>\n<p>Durante dos d\u00e9cadas, el Xone:92 estableci\u00f3 el est\u00e1ndar sonoro para la m\u00fasica de baile, gracias a su configuraci\u00f3n de ruta de se\u00f1al completamente anal\u00f3gica.<\/p>\n<p>El nuevo Xone:92 ofrece el sonido ic\u00f3nico que los DJ y los asistentes a los clubs adoran, pero incluyendo en la ruta de audio los componentes anal\u00f3gicos m\u00e1s actuales y de la m\u00e1xima calidad.<\/p>\n<p>El nuevo modelo es capaz de ofrecer graves capaces de estremecer a las multitudes, agudos que se abren paso y una calidez que la tecnolog\u00eda digital no puede igualar. Esto hace posible que el artista sea capaz de conectar con su p\u00fablico a nivel f\u00edsico, ya sea en peque\u00f1os clubes como en festivales con asistencia masiva de p\u00fablico.<br \/>\nEl nuevo Xone:92 est\u00e1 dise\u00f1ado para soportar los rigores de clubes, festivales y giras gracias a su robusto chasis robusto, dise\u00f1ado para soportar las sesiones m\u00e1s duras e intensivas, noche tras noche.<\/p>\n<p>El crossfader se ha actualizado al mini innoFADER Pro\u00ae, aclamado por la industria y de eficacia m\u00e1s que `probada, ajustado para que coincida con la curva del fader 92 original y, al mismo tiempo, brinde una experiencia de mezcla m\u00e1s suave, precisa y duradera.<\/p>\n<p>El nuevo Xone:92 renueva la cl\u00e1sica combinaci\u00f3n de colores Storm Grey con una rotulaci\u00f3n impresa con tinta UV mejorada para proporcionar una mejor legibilidad con poca luz y m\u00e1s facilidad para localizar los controles clave, con interruptores de asignaci\u00f3n de filtro y XFade empotrados que mejoran a\u00fan m\u00e1s la ergonom\u00eda.<\/p>\n<p>Bas\u00e1ndose en el venerado legado del Xone:92 y presentando mejoras de hardware del aclamado Xone:92 Limited Edition, se ha a\u00f1adido conmutaci\u00f3n VCF silenciosa, un nuevo crossfader innoFADER\u00ae de dise\u00f1o especial y diversas actualizaciones de precisi\u00f3n que preservan el legendario ADN del Xone:92, al tiempo que mejoran sus capacidades.<\/p>\n<p>El inigualable ecualizador anal\u00f3gico del Xone:92 permite dar forma al sonido con precisi\u00f3n quir\u00fargica y ser creativo con las transiciones.<br \/>\nLos 6 canales est\u00e9reo cuentan con el reconocido ecualizador de 4 bandas de Allen &amp; Heath, que cuenta con eliminaci\u00f3n total de las bandas HF y LF con controles duales para las frecuencias medias, que permiten la m\u00e1xima capacidad para conseguir una escultura sonora extrema.<\/p>\n<p>El preamplificador fono que incorpora Xone:92 ha sido ajustado para sacar lo mejor de los vinilos, gracias al uso de una curva RIAA dise\u00f1ada espec\u00edficamente para techno y house, y un emparejamiento de fuente de l\u00ednea\/fono mejorado, que permite una integraci\u00f3n m\u00e1s f\u00e1cil y precisa de fuentes anal\u00f3gicas y digitales.<\/p>\n<ul>\n<li>4 canales Fono \/ L\u00ednea + 2 canales Micro \/ L\u00ednea<\/li>\n<li>Circuiter\u00eda y bus de suma de mezcla 100% anal\u00f3gicos<\/li>\n<li>Filtros anal\u00f3gicos duales con conmutaci\u00f3n silenciosa<\/li>\n<li>Control de precisi\u00f3n para ecualizaci\u00f3n de 4 bandas<\/li>\n<li>Mini innoFADER\u00ae Pro de dise\u00f1o especial para conseguir una mezcla m\u00e1s uniforme<\/li>\n<li>Color gris tormenta actualizado y rotulaci\u00f3n UV redise\u00f1ada<\/li>\n<li>Nuevo interruptor de 3 v\u00edas para la curva global de fader de canal<\/li>\n<li>Nivel de entrada de los canales 1 \u2013 4 y compatibilidad entre fuentes mejoradas<\/li>\n<li>VCF mejorados para permitir un mejor control<\/li>\n<li>Preamplificadores RIAA mejorados<\/li>\n<\/ul>\n<p>&nbsp;<\/p>\n","protected":false},"excerpt":{"rendered":"<h3>Mezclador profesional para discoteca\/DJ<\/h3>\n<ul class=\"summary\">\n<li>4 canales Fono \/ L\u00ednea + 2 canales Micro \/ L\u00ednea<\/li>\n<li>Circuiter\u00eda y bus de suma de mezcla 100% anal\u00f3gicos<\/li>\n<li>Filtros anal\u00f3gicos duales con conmutaci\u00f3n silenciosa<\/li>\n<li>Control de precisi\u00f3n para ecualizaci\u00f3n de 4 bandas<\/li>\n<li>Mini innoFADER\u00ae Pro de dise\u00f1o especial para conseguir una mezcla m\u00e1s uniforme<\/li>\n<li>Color gris tormenta actualizado y rotulaci\u00f3n UV redise\u00f1ada<\/li>\n<li>Nuevo interruptor de 3 v\u00edas para la curva global de fader de canal<\/li>\n<li>Nivel de entrada de los canales 1 \u2013 4 y compatibilidad entre fuentes mejoradas<\/li>\n<li>VCF mejorados para permitir un mejor control<\/li>\n<li>Preamplificadores RIAA mejorados<\/li>\n<\/ul>\n<p>&nbsp;<\/p>\n","protected":false},"featured_media":39018,"template":"","meta":{"_acf_changed":false},"product_brand":[],"product_cat":[1507,1509,1490,1508],"product_tag":[],"class_list":{"0":"post-39014","1":"product","2":"type-product","3":"status-publish","4":"has-post-thumbnail","6":"product_cat-mezcladores-dj-allen-heath","7":"product_cat-controladores-dj-allen-heath","8":"product_cat-por-series-allen-heath","9":"product_cat-serie-xone","11":"first","12":"instock","13":"featured","14":"shipping-taxable","15":"product-type-simple"},"acf":[],"yoast_head":"<!-- This site is optimized with the Yoast SEO plugin v27.1.1 - https:\/\/yoast.com\/product\/yoast-seo-wordpress\/ -->\n<title>XONE:92 MK2 - Audio-Technica Iberia<\/title>\n<meta name=\"robots\" content=\"index, follow, max-snippet:-1, max-image-preview:large, max-video-preview:-1\" \/>\n<link rel=\"canonical\" href=\"https:\/\/distribution.audio-technica.eu\/es-es\/productos\/xone922\/\" \/>\n<meta property=\"og:locale\" content=\"es_ES\" \/>\n<meta property=\"og:type\" content=\"article\" \/>\n<meta property=\"og:title\" content=\"XONE:92 MK2 - Audio-Technica Iberia\" \/>\n<meta property=\"og:description\" content=\"Mezclador profesional para discoteca\/DJ   4 canales Fono \/ L\u00ednea + 2 canales Micro \/ L\u00ednea  Circuiter\u00eda y bus de suma de mezcla 100% anal\u00f3gicos  Filtros anal\u00f3gicos duales con conmutaci\u00f3n silenciosa  Control de precisi\u00f3n para ecualizaci\u00f3n de 4 bandas  Mini innoFADER\u00ae Pro de dise\u00f1o especial para conseguir una mezcla m\u00e1s uniforme  Color gris tormenta actualizado y rotulaci\u00f3n UV redise\u00f1ada  Nuevo interruptor de 3 v\u00edas para la curva global de fader de canal  Nivel de entrada de los canales 1 \u2013 4 y compatibilidad entre fuentes mejoradas  VCF mejorados para permitir un mejor control  Preamplificadores RIAA mejorados  &nbsp;\" \/>\n<meta property=\"og:url\" content=\"https:\/\/distribution.audio-technica.eu\/es-es\/productos\/xone922\/\" \/>\n<meta property=\"og:site_name\" content=\"Audio-Technica Iberia\" \/>\n<meta property=\"og:image\" content=\"https:\/\/distribution.audio-technica.eu\/app\/uploads\/sites\/2\/AH-Xone92-Mk2-Top-Angle.jpg\" \/>\n\t<meta property=\"og:image:width\" content=\"2000\" \/>\n\t<meta property=\"og:image:height\" content=\"2000\" \/>\n\t<meta property=\"og:image:type\" content=\"image\/jpeg\" \/>\n<meta name=\"twitter:card\" content=\"summary_large_image\" \/>\n<meta name=\"twitter:label1\" content=\"Tiempo de lectura\" \/>\n\t<meta name=\"twitter:data1\" content=\"3 minutos\" \/>\n<script type=\"application\/ld+json\" class=\"yoast-schema-graph\">{\"@context\":\"https:\/\/schema.org\",\"@graph\":[{\"@type\":\"WebPage\",\"@id\":\"https:\/\/distribution.audio-technica.eu\/es-es\/productos\/xone922\/\",\"url\":\"https:\/\/distribution.audio-technica.eu\/es-es\/productos\/xone922\/\",\"name\":\"XONE:92 MK2 - Audio-Technica Iberia\",\"isPartOf\":{\"@id\":\"https:\/\/distribution.audio-technica.eu\/es-es\/#website\"},\"primaryImageOfPage\":{\"@id\":\"https:\/\/distribution.audio-technica.eu\/es-es\/productos\/xone922\/#primaryimage\"},\"image\":{\"@id\":\"https:\/\/distribution.audio-technica.eu\/es-es\/productos\/xone922\/#primaryimage\"},\"thumbnailUrl\":\"\/app\/uploads\/sites\/2\/AH-Xone92-Mk2-Top-Angle.jpg\",\"datePublished\":\"2024-10-09T08:00:39+00:00\",\"breadcrumb\":{\"@id\":\"https:\/\/distribution.audio-technica.eu\/es-es\/productos\/xone922\/#breadcrumb\"},\"inLanguage\":\"es\",\"potentialAction\":[{\"@type\":\"ReadAction\",\"target\":[\"https:\/\/distribution.audio-technica.eu\/es-es\/productos\/xone922\/\"]}]},{\"@type\":\"ImageObject\",\"inLanguage\":\"es\",\"@id\":\"https:\/\/distribution.audio-technica.eu\/es-es\/productos\/xone922\/#primaryimage\",\"url\":\"\/app\/uploads\/sites\/2\/AH-Xone92-Mk2-Top-Angle.jpg\",\"contentUrl\":\"\/app\/uploads\/sites\/2\/AH-Xone92-Mk2-Top-Angle.jpg\",\"width\":2000,\"height\":2000},{\"@type\":\"BreadcrumbList\",\"@id\":\"https:\/\/distribution.audio-technica.eu\/es-es\/productos\/xone922\/#breadcrumb\",\"itemListElement\":[{\"@type\":\"ListItem\",\"position\":1,\"name\":\"Products\",\"item\":\"https:\/\/distribution.audio-technica.eu\/es-es\/\"},{\"@type\":\"ListItem\",\"position\":2,\"name\":\"Productos\",\"item\":\"https:\/\/distribution.audio-technica.eu\/es-es\/productos\/\"},{\"@type\":\"ListItem\",\"position\":3,\"name\":\"XONE:92 MK2\"}]},{\"@type\":\"WebSite\",\"@id\":\"https:\/\/distribution.audio-technica.eu\/es-es\/#website\",\"url\":\"https:\/\/distribution.audio-technica.eu\/es-es\/\",\"name\":\"Audio-Technica Iberia\",\"description\":\"Distribuci\u00f3n\",\"potentialAction\":[{\"@type\":\"SearchAction\",\"target\":{\"@type\":\"EntryPoint\",\"urlTemplate\":\"https:\/\/distribution.audio-technica.eu\/es-es\/?s={search_term_string}\"},\"query-input\":{\"@type\":\"PropertyValueSpecification\",\"valueRequired\":true,\"valueName\":\"search_term_string\"}}],\"inLanguage\":\"es\"}]}<\/script>\n<!-- \/ Yoast SEO plugin. -->","yoast_head_json":{"title":"XONE:92 MK2 - Audio-Technica Iberia","robots":{"index":"index","follow":"follow","max-snippet":"max-snippet:-1","max-image-preview":"max-image-preview:large","max-video-preview":"max-video-preview:-1"},"canonical":"https:\/\/distribution.audio-technica.eu\/es-es\/productos\/xone922\/","og_locale":"es_ES","og_type":"article","og_title":"XONE:92 MK2 - Audio-Technica Iberia","og_description":"Mezclador profesional para discoteca\/DJ   4 canales Fono \/ L\u00ednea + 2 canales Micro \/ L\u00ednea  Circuiter\u00eda y bus de suma de mezcla 100% anal\u00f3gicos  Filtros anal\u00f3gicos duales con conmutaci\u00f3n silenciosa  Control de precisi\u00f3n para ecualizaci\u00f3n de 4 bandas  Mini innoFADER\u00ae Pro de dise\u00f1o especial para conseguir una mezcla m\u00e1s uniforme  Color gris tormenta actualizado y rotulaci\u00f3n UV redise\u00f1ada  Nuevo interruptor de 3 v\u00edas para la curva global de fader de canal  Nivel de entrada de los canales 1 \u2013 4 y compatibilidad entre fuentes mejoradas  VCF mejorados para permitir un mejor control  Preamplificadores RIAA mejorados  &nbsp;","og_url":"https:\/\/distribution.audio-technica.eu\/es-es\/productos\/xone922\/","og_site_name":"Audio-Technica Iberia","og_image":[{"width":2000,"height":2000,"url":"https:\/\/distribution.audio-technica.eu\/app\/uploads\/sites\/2\/AH-Xone92-Mk2-Top-Angle.jpg","type":"image\/jpeg"}],"twitter_card":"summary_large_image","twitter_misc":{"Tiempo de lectura":"3 minutos"},"schema":{"@context":"https:\/\/schema.org","@graph":[{"@type":"WebPage","@id":"https:\/\/distribution.audio-technica.eu\/es-es\/productos\/xone922\/","url":"https:\/\/distribution.audio-technica.eu\/es-es\/productos\/xone922\/","name":"XONE:92 MK2 - Audio-Technica Iberia","isPartOf":{"@id":"https:\/\/distribution.audio-technica.eu\/es-es\/#website"},"primaryImageOfPage":{"@id":"https:\/\/distribution.audio-technica.eu\/es-es\/productos\/xone922\/#primaryimage"},"image":{"@id":"https:\/\/distribution.audio-technica.eu\/es-es\/productos\/xone922\/#primaryimage"},"thumbnailUrl":"\/app\/uploads\/sites\/2\/AH-Xone92-Mk2-Top-Angle.jpg","datePublished":"2024-10-09T08:00:39+00:00","breadcrumb":{"@id":"https:\/\/distribution.audio-technica.eu\/es-es\/productos\/xone922\/#breadcrumb"},"inLanguage":"es","potentialAction":[{"@type":"ReadAction","target":["https:\/\/distribution.audio-technica.eu\/es-es\/productos\/xone922\/"]}]},{"@type":"ImageObject","inLanguage":"es","@id":"https:\/\/distribution.audio-technica.eu\/es-es\/productos\/xone922\/#primaryimage","url":"\/app\/uploads\/sites\/2\/AH-Xone92-Mk2-Top-Angle.jpg","contentUrl":"\/app\/uploads\/sites\/2\/AH-Xone92-Mk2-Top-Angle.jpg","width":2000,"height":2000},{"@type":"BreadcrumbList","@id":"https:\/\/distribution.audio-technica.eu\/es-es\/productos\/xone922\/#breadcrumb","itemListElement":[{"@type":"ListItem","position":1,"name":"Products","item":"https:\/\/distribution.audio-technica.eu\/es-es\/"},{"@type":"ListItem","position":2,"name":"Productos","item":"https:\/\/distribution.audio-technica.eu\/es-es\/productos\/"},{"@type":"ListItem","position":3,"name":"XONE:92 MK2"}]},{"@type":"WebSite","@id":"https:\/\/distribution.audio-technica.eu\/es-es\/#website","url":"https:\/\/distribution.audio-technica.eu\/es-es\/","name":"Audio-Technica Iberia","description":"Distribuci\u00f3n","potentialAction":[{"@type":"SearchAction","target":{"@type":"EntryPoint","urlTemplate":"https:\/\/distribution.audio-technica.eu\/es-es\/?s={search_term_string}"},"query-input":{"@type":"PropertyValueSpecification","valueRequired":true,"valueName":"search_term_string"}}],"inLanguage":"es"}]}},"_links":{"self":[{"href":"https:\/\/distribution.audio-technica.eu\/es-es\/wp-json\/wp\/v2\/product\/39014","targetHints":{"allow":["GET"]}}],"collection":[{"href":"https:\/\/distribution.audio-technica.eu\/es-es\/wp-json\/wp\/v2\/product"}],"about":[{"href":"https:\/\/distribution.audio-technica.eu\/es-es\/wp-json\/wp\/v2\/types\/product"}],"wp:featuredmedia":[{"embeddable":true,"href":"https:\/\/distribution.audio-technica.eu\/es-es\/wp-json\/wp\/v2\/media\/39018"}],"wp:attachment":[{"href":"https:\/\/distribution.audio-technica.eu\/es-es\/wp-json\/wp\/v2\/media?parent=39014"}],"wp:term":[{"taxonomy":"product_brand","embeddable":true,"href":"https:\/\/distribution.audio-technica.eu\/es-es\/wp-json\/wp\/v2\/product_brand?post=39014"},{"taxonomy":"product_cat","embeddable":true,"href":"https:\/\/distribution.audio-technica.eu\/es-es\/wp-json\/wp\/v2\/product_cat?post=39014"},{"taxonomy":"product_tag","embeddable":true,"href":"https:\/\/distribution.audio-technica.eu\/es-es\/wp-json\/wp\/v2\/product_tag?post=39014"}],"curies":[{"name":"wp","href":"https:\/\/api.w.org\/{rel}","templated":true}]}}