{"id":39792,"date":"2024-12-23T13:53:52","date_gmt":"2024-12-23T12:53:52","guid":{"rendered":"https:\/\/distribution.audio-technica.eu\/es-es\/?post_type=product&#038;p=39792"},"modified":"2024-12-23T14:02:10","modified_gmt":"2024-12-23T13:02:10","slug":"unio-prm","status":"publish","type":"product","link":"https:\/\/distribution.audio-technica.eu\/es-es\/productos\/unio-prm\/","title":{"rendered":"UNIO PRM"},"content":{"rendered":"<h2>UNIO PRM<\/h2>\n<h3>Monitorizaci\u00f3n personal de referencia<\/h3>\n<p>El concepto de Personal Reference Monitoring (PRM) combina el monitoraje en la sala y con auriculares permitiendo que el usuario realice una transici\u00f3n sin problemas entre un sistema de altavoces calibrado y un monitoraje con auriculares. Esto permite flujos de trabajo eficientes, productividad y fiabilidad en el trabajo de ingenier\u00eda de audio.<\/p>\n<p>PRM es una soluci\u00f3n de monitoraje de referencia activa que utiliza el controlador de referencia SAM\u2122\u00a09320A y los auriculares de referencia 8550A. Este sistema combinado permite al usuario acceder a todo el contenido de audio y lograr un monitoraje de la m\u00e1xima precisi\u00f3n.<\/p>\n<p>El principio de funcionamiento activo aprovecha la combinaci\u00f3n \u00fanica de la salida de auriculares del 9320A con un n\u00famero de serie espec\u00edfico de 8550A. El procesamiento de se\u00f1ales en el 9320A aplica la calibraci\u00f3n de f\u00e1brica exclusiva de Genelec. Este principio de funcionamiento activo permite una salida del sistema precisa y extremadamente lineal, eliminando las variaciones de unidad a unidad y dando como resultado una reproducci\u00f3n de alta precisi\u00f3n.<\/p>\n<p>PRM ofrece movilidad y un acceso m\u00e1s vers\u00e1til a la monitorizaci\u00f3n, sin comprometer la precisi\u00f3n, cubriendo la brecha que existe entre la monitorizaci\u00f3n calibrada en sala por medio de altavoces, y la monitorizaci\u00f3n personal a trav\u00e9s de auriculares.<\/p>\n<p>La ecualizaci\u00f3n ajustable por el usuario aumenta su enorme capacidad para personalizar el sonido del sistema para que se ajuste a las necesidades personales.<\/p>\n<p>El sistema ofrece cualidades \u00fanicas, como una resoluci\u00f3n sin precedentes apoyada en el dise\u00f1o cerrado de los auriculares 08850A y una excelente precisi\u00f3n con un sonido de car\u00e1cter neutro.<\/p>\n<p>Cada unidad 8550A es emparejada electr\u00f3nicamente y optimizada con cada amplificador de auriculares 9320A y se integra perfectamente con el software Genelec Loudspeaker Manager (GLM).<\/p>\n<p>La unidad 9320A ofrece conectividad directa a entrada de se\u00f1ales de audio anal\u00f3gicas y digitales est\u00e9reo o 2.1 mediante la funci\u00f3n de tarjeta de sonido USB, entrada de l\u00ednea anal\u00f3gica o entrada de audio digital AES. Admite la compensaci\u00f3n de la sensibilidad de salida del sistema de monitoraje, lo que permite una conmutaci\u00f3n suave entre todos los sistemas de monitorizaci\u00f3n conectados, as\u00ed como la conmutaci\u00f3n a los sistemas de monitorizaci\u00f3n Genelec SAM\u2122\u00a0controlados por 9320A.<\/p>\n<p>Presentado por primera vez en 2003, el ecosistema UNIO re\u00fane la potencia de los mundialmente conocidos Smart Active Monitors (SAM\u2122) de Genelec, el software de calibraci\u00f3n GLM y la tecnolog\u00eda de auriculares personales Aural ID, todo ello bajo el control t\u00e1ctil del controlador de referencia SAM 9320A. Esta combinaci\u00f3n ofrece a los usuarios de UNIO la capacidad de trabajar de forma eficaz en cualquier lugar, disfrutando de una experiencia de escucha de referencia personalizada (desde mono a inmersiva) que es fiel tanto a los monitores de la sala como a los auriculares. UNIO finalmente le permite crear el flujo de trabajo fluido e ininterrumpido que necesita para trabajar de forma fiable m\u00e1s all\u00e1 del estudio, de modo que pueda crear mezclas que se traduzcan con la m\u00e1xima consistencia, en cualquier lugar.<\/p>\n<p>Sistema formado por:<\/p>\n<ul>\n<li>Controlador de referencia SAM\u2122 9320A<\/li>\n<li>Micr\u00f3fono de referencia calibrado en f\u00e1brica para GLM y soporte de micr\u00f3fono<\/li>\n<li>Cable USB de tipo C a tipo C con adaptador de tipo A de 3 m<\/li>\n<li>Estuche de transporte r\u00edgido para 9320A<\/li>\n<li>Auriculares profesionales de referencia 8550A<\/li>\n<li>Cable de auriculares recto con superficie trenzada (3 m) y cable de auriculares extensible en espiral (5 m)<\/li>\n<li>Par de almohadillas alternativas con superficie textil.<\/li>\n<li>Parte inferior de la diadema alternativa con superficie textil.<\/li>\n<li>Bolsa de transporte r\u00edgida para el 8550A y bolsa de transporte alternativa blanda con cord\u00f3n.<\/li>\n<\/ul>\n","protected":false},"excerpt":{"rendered":"<h3>Monitorizaci\u00f3n personal de referencia<\/h3>\n<ul>\n<li>Combina la monitorizaci\u00f3n a trav\u00e9s de altavoces y auriculares<\/li>\n<li>Ofrece movilidad y un acceso m\u00e1s vers\u00e1til a la monitorizaci\u00f3n, sin comprometer la precisi\u00f3n<\/li>\n<li>Resoluci\u00f3n sin precedentes<\/li>\n<li>Cada controlador est\u00e1 emparejado electr\u00f3nicamente con unos auriculares<\/li>\n<li>Admite la compensaci\u00f3n de la sensibilidad de salida del sistema de monitoraje, lo que permite una conmutaci\u00f3n suave entre todos los sistemas de monitorizaci\u00f3n conectados<\/li>\n<\/ul>\n<p>&nbsp;<\/p>\n","protected":false},"featured_media":39793,"template":"","meta":{"_acf_changed":false},"product_brand":[],"product_cat":[1394,1395,1396],"product_tag":[],"class_list":{"0":"post-39792","1":"product","2":"type-product","3":"status-publish","4":"has-post-thumbnail","6":"product_cat-monitores-de-estudio","7":"product_cat-por-series-genelec","8":"product_cat-serie-sam","10":"first","11":"instock","12":"featured","13":"shipping-taxable","14":"product-type-simple"},"acf":[],"yoast_head":"<!-- This site is optimized with the Yoast SEO plugin v27.1.1 - https:\/\/yoast.com\/product\/yoast-seo-wordpress\/ -->\n<title>UNIO PRM - Audio-Technica Iberia<\/title>\n<meta name=\"robots\" content=\"index, follow, max-snippet:-1, max-image-preview:large, max-video-preview:-1\" \/>\n<link rel=\"canonical\" href=\"https:\/\/distribution.audio-technica.eu\/es-es\/productos\/unio-prm\/\" \/>\n<meta property=\"og:locale\" content=\"es_ES\" \/>\n<meta property=\"og:type\" content=\"article\" \/>\n<meta property=\"og:title\" content=\"UNIO PRM - Audio-Technica Iberia\" \/>\n<meta property=\"og:description\" content=\"Monitorizaci\u00f3n personal de referencia   Combina la monitorizaci\u00f3n a trav\u00e9s de altavoces y auriculares  Ofrece movilidad y un acceso m\u00e1s vers\u00e1til a la monitorizaci\u00f3n, sin comprometer la precisi\u00f3n  Resoluci\u00f3n sin precedentes  Cada controlador est\u00e1 emparejado electr\u00f3nicamente con unos auriculares  Admite la compensaci\u00f3n de la sensibilidad de salida del sistema de monitoraje, lo que permite una conmutaci\u00f3n suave entre todos los sistemas de monitorizaci\u00f3n conectados  &nbsp;\" \/>\n<meta property=\"og:url\" content=\"https:\/\/distribution.audio-technica.eu\/es-es\/productos\/unio-prm\/\" \/>\n<meta property=\"og:site_name\" content=\"Audio-Technica Iberia\" \/>\n<meta property=\"article:modified_time\" content=\"2024-12-23T13:02:10+00:00\" \/>\n<meta property=\"og:image\" content=\"https:\/\/distribution.audio-technica.eu\/app\/uploads\/sites\/2\/Genelec_UNIO_PRM-scaled.jpg\" \/>\n\t<meta property=\"og:image:width\" content=\"2560\" \/>\n\t<meta property=\"og:image:height\" content=\"2560\" \/>\n\t<meta property=\"og:image:type\" content=\"image\/jpeg\" \/>\n<meta name=\"twitter:card\" content=\"summary_large_image\" \/>\n<meta name=\"twitter:label1\" content=\"Tiempo de lectura\" \/>\n\t<meta name=\"twitter:data1\" content=\"3 minutos\" \/>\n<script type=\"application\/ld+json\" class=\"yoast-schema-graph\">{\"@context\":\"https:\/\/schema.org\",\"@graph\":[{\"@type\":\"WebPage\",\"@id\":\"https:\/\/distribution.audio-technica.eu\/es-es\/productos\/unio-prm\/\",\"url\":\"https:\/\/distribution.audio-technica.eu\/es-es\/productos\/unio-prm\/\",\"name\":\"UNIO PRM - Audio-Technica Iberia\",\"isPartOf\":{\"@id\":\"https:\/\/distribution.audio-technica.eu\/es-es\/#website\"},\"primaryImageOfPage\":{\"@id\":\"https:\/\/distribution.audio-technica.eu\/es-es\/productos\/unio-prm\/#primaryimage\"},\"image\":{\"@id\":\"https:\/\/distribution.audio-technica.eu\/es-es\/productos\/unio-prm\/#primaryimage\"},\"thumbnailUrl\":\"\/app\/uploads\/sites\/2\/Genelec_UNIO_PRM-scaled.jpg\",\"datePublished\":\"2024-12-23T12:53:52+00:00\",\"dateModified\":\"2024-12-23T13:02:10+00:00\",\"breadcrumb\":{\"@id\":\"https:\/\/distribution.audio-technica.eu\/es-es\/productos\/unio-prm\/#breadcrumb\"},\"inLanguage\":\"es\",\"potentialAction\":[{\"@type\":\"ReadAction\",\"target\":[\"https:\/\/distribution.audio-technica.eu\/es-es\/productos\/unio-prm\/\"]}]},{\"@type\":\"ImageObject\",\"inLanguage\":\"es\",\"@id\":\"https:\/\/distribution.audio-technica.eu\/es-es\/productos\/unio-prm\/#primaryimage\",\"url\":\"\/app\/uploads\/sites\/2\/Genelec_UNIO_PRM-scaled.jpg\",\"contentUrl\":\"\/app\/uploads\/sites\/2\/Genelec_UNIO_PRM-scaled.jpg\",\"width\":2560,\"height\":2560},{\"@type\":\"BreadcrumbList\",\"@id\":\"https:\/\/distribution.audio-technica.eu\/es-es\/productos\/unio-prm\/#breadcrumb\",\"itemListElement\":[{\"@type\":\"ListItem\",\"position\":1,\"name\":\"Products\",\"item\":\"https:\/\/distribution.audio-technica.eu\/es-es\/\"},{\"@type\":\"ListItem\",\"position\":2,\"name\":\"Productos\",\"item\":\"https:\/\/distribution.audio-technica.eu\/es-es\/productos\/\"},{\"@type\":\"ListItem\",\"position\":3,\"name\":\"UNIO PRM\"}]},{\"@type\":\"WebSite\",\"@id\":\"https:\/\/distribution.audio-technica.eu\/es-es\/#website\",\"url\":\"https:\/\/distribution.audio-technica.eu\/es-es\/\",\"name\":\"Audio-Technica Iberia\",\"description\":\"Distribuci\u00f3n\",\"potentialAction\":[{\"@type\":\"SearchAction\",\"target\":{\"@type\":\"EntryPoint\",\"urlTemplate\":\"https:\/\/distribution.audio-technica.eu\/es-es\/?s={search_term_string}\"},\"query-input\":{\"@type\":\"PropertyValueSpecification\",\"valueRequired\":true,\"valueName\":\"search_term_string\"}}],\"inLanguage\":\"es\"}]}<\/script>\n<!-- \/ Yoast SEO plugin. -->","yoast_head_json":{"title":"UNIO PRM - Audio-Technica Iberia","robots":{"index":"index","follow":"follow","max-snippet":"max-snippet:-1","max-image-preview":"max-image-preview:large","max-video-preview":"max-video-preview:-1"},"canonical":"https:\/\/distribution.audio-technica.eu\/es-es\/productos\/unio-prm\/","og_locale":"es_ES","og_type":"article","og_title":"UNIO PRM - Audio-Technica Iberia","og_description":"Monitorizaci\u00f3n personal de referencia   Combina la monitorizaci\u00f3n a trav\u00e9s de altavoces y auriculares  Ofrece movilidad y un acceso m\u00e1s vers\u00e1til a la monitorizaci\u00f3n, sin comprometer la precisi\u00f3n  Resoluci\u00f3n sin precedentes  Cada controlador est\u00e1 emparejado electr\u00f3nicamente con unos auriculares  Admite la compensaci\u00f3n de la sensibilidad de salida del sistema de monitoraje, lo que permite una conmutaci\u00f3n suave entre todos los sistemas de monitorizaci\u00f3n conectados  &nbsp;","og_url":"https:\/\/distribution.audio-technica.eu\/es-es\/productos\/unio-prm\/","og_site_name":"Audio-Technica Iberia","article_modified_time":"2024-12-23T13:02:10+00:00","og_image":[{"width":2560,"height":2560,"url":"https:\/\/distribution.audio-technica.eu\/app\/uploads\/sites\/2\/Genelec_UNIO_PRM-scaled.jpg","type":"image\/jpeg"}],"twitter_card":"summary_large_image","twitter_misc":{"Tiempo de lectura":"3 minutos"},"schema":{"@context":"https:\/\/schema.org","@graph":[{"@type":"WebPage","@id":"https:\/\/distribution.audio-technica.eu\/es-es\/productos\/unio-prm\/","url":"https:\/\/distribution.audio-technica.eu\/es-es\/productos\/unio-prm\/","name":"UNIO PRM - Audio-Technica Iberia","isPartOf":{"@id":"https:\/\/distribution.audio-technica.eu\/es-es\/#website"},"primaryImageOfPage":{"@id":"https:\/\/distribution.audio-technica.eu\/es-es\/productos\/unio-prm\/#primaryimage"},"image":{"@id":"https:\/\/distribution.audio-technica.eu\/es-es\/productos\/unio-prm\/#primaryimage"},"thumbnailUrl":"\/app\/uploads\/sites\/2\/Genelec_UNIO_PRM-scaled.jpg","datePublished":"2024-12-23T12:53:52+00:00","dateModified":"2024-12-23T13:02:10+00:00","breadcrumb":{"@id":"https:\/\/distribution.audio-technica.eu\/es-es\/productos\/unio-prm\/#breadcrumb"},"inLanguage":"es","potentialAction":[{"@type":"ReadAction","target":["https:\/\/distribution.audio-technica.eu\/es-es\/productos\/unio-prm\/"]}]},{"@type":"ImageObject","inLanguage":"es","@id":"https:\/\/distribution.audio-technica.eu\/es-es\/productos\/unio-prm\/#primaryimage","url":"\/app\/uploads\/sites\/2\/Genelec_UNIO_PRM-scaled.jpg","contentUrl":"\/app\/uploads\/sites\/2\/Genelec_UNIO_PRM-scaled.jpg","width":2560,"height":2560},{"@type":"BreadcrumbList","@id":"https:\/\/distribution.audio-technica.eu\/es-es\/productos\/unio-prm\/#breadcrumb","itemListElement":[{"@type":"ListItem","position":1,"name":"Products","item":"https:\/\/distribution.audio-technica.eu\/es-es\/"},{"@type":"ListItem","position":2,"name":"Productos","item":"https:\/\/distribution.audio-technica.eu\/es-es\/productos\/"},{"@type":"ListItem","position":3,"name":"UNIO PRM"}]},{"@type":"WebSite","@id":"https:\/\/distribution.audio-technica.eu\/es-es\/#website","url":"https:\/\/distribution.audio-technica.eu\/es-es\/","name":"Audio-Technica Iberia","description":"Distribuci\u00f3n","potentialAction":[{"@type":"SearchAction","target":{"@type":"EntryPoint","urlTemplate":"https:\/\/distribution.audio-technica.eu\/es-es\/?s={search_term_string}"},"query-input":{"@type":"PropertyValueSpecification","valueRequired":true,"valueName":"search_term_string"}}],"inLanguage":"es"}]}},"_links":{"self":[{"href":"https:\/\/distribution.audio-technica.eu\/es-es\/wp-json\/wp\/v2\/product\/39792","targetHints":{"allow":["GET"]}}],"collection":[{"href":"https:\/\/distribution.audio-technica.eu\/es-es\/wp-json\/wp\/v2\/product"}],"about":[{"href":"https:\/\/distribution.audio-technica.eu\/es-es\/wp-json\/wp\/v2\/types\/product"}],"wp:featuredmedia":[{"embeddable":true,"href":"https:\/\/distribution.audio-technica.eu\/es-es\/wp-json\/wp\/v2\/media\/39793"}],"wp:attachment":[{"href":"https:\/\/distribution.audio-technica.eu\/es-es\/wp-json\/wp\/v2\/media?parent=39792"}],"wp:term":[{"taxonomy":"product_brand","embeddable":true,"href":"https:\/\/distribution.audio-technica.eu\/es-es\/wp-json\/wp\/v2\/product_brand?post=39792"},{"taxonomy":"product_cat","embeddable":true,"href":"https:\/\/distribution.audio-technica.eu\/es-es\/wp-json\/wp\/v2\/product_cat?post=39792"},{"taxonomy":"product_tag","embeddable":true,"href":"https:\/\/distribution.audio-technica.eu\/es-es\/wp-json\/wp\/v2\/product_tag?post=39792"}],"curies":[{"name":"wp","href":"https:\/\/api.w.org\/{rel}","templated":true}]}}