{"id":40191,"date":"2025-02-11T13:19:05","date_gmt":"2025-02-11T12:19:05","guid":{"rendered":"https:\/\/distribution.audio-technica.eu\/es-es\/?post_type=product&#038;p=40191"},"modified":"2025-02-27T10:42:40","modified_gmt":"2025-02-27T09:42:40","slug":"sq-rack","status":"publish","type":"product","link":"https:\/\/distribution.audio-technica.eu\/es-es\/productos\/sq-rack\/","title":{"rendered":"SQ-Rack"},"content":{"rendered":"<h2>SQ-Rack<\/h2>\n<h3>Mezclador digital de 48 canales \/ 36 buses para montaje en rack<\/h3>\n<p>SQ-Rack es una innovadora incorporaci\u00f3n a la serie SQ que integra el n\u00facleo XCVI de 96 kHz de SQ en un formato de montaje en rack de 4U poco profundo con E\/S integradas, potente conectividad SLink, tarjetas opcionales y USB multicanal. Permite disfrutar de controles pr\u00e1cticos y pantallas personalizables, junto con acceso remoto a trav\u00e9s de aplicaciones SQ para un control total de su sonido. Ofrece 48 canales de entrada de calidad de audio impecable, con mezclas coherentes de fase y latencia ultrabaja.<\/p>\n<p>SQ-Rack es la herramienta definitiva para profesionales del audio, ya que ofrece el reconocido n\u00facleo SQ de 96 kHz de Allen &amp; Heath en un dise\u00f1o compacto que se puede montar en rack. Perfectamente dise\u00f1ado para satisfacer las demandas de los entornos de instalaci\u00f3n y sonido en vivo, combinando potencia, flexibilidad y control intuitivo en una soluci\u00f3n vers\u00e1til.<\/p>\n<p>Con una conectividad excepcional, SQ-Rack ofrece una capacidad de E\/S sin igual. Con preamplificadores locales junto con el puerto SLink inteligente, se integra perfectamente con el ecosistema Everything I\/O de Allen &amp; Heath. Ampl\u00ede sus opciones a\u00fan m\u00e1s con Dante, Waves, MADI o tarjetas opcionales SLink adicionales y disfrute de la conectividad USB multicanal mediante una computadora o directamente al controlador para una grabaci\u00f3n y reproducci\u00f3n sencillas.<\/p>\n<p>SQ-Rack tambi\u00e9n destaca en cuanto a control. Dise\u00f1ado con facilidad y velocidad de uso en mente, cuenta con un gran control pr\u00e1ctico, una pantalla de fader dedicada y una pantalla SQ-Control personalizable. Para mayor flexibilidad, el control remoto es muy sencillo con las aplicaciones SQ-MixPad, SQ-4You y SQ-Control, lo que te da un control completo dondequiera que est\u00e9s y sea cual sea tu nivel de conocimientos t\u00e9cnicos.<\/p>\n<p>Ya sea para formar parte del equipamiento de un recinto, de una banda de gira que busca la m\u00e1xima calidad y flexibilidad o para construir un sistema de monitoraje intraural profesional, el SQ-Rack est\u00e1 dise\u00f1ado para cualquier desaf\u00edo. Desde instalaciones en bares hasta cruceros, o integraci\u00f3n con sistemas m\u00e1s grandes para bandas en movimiento y giras profesionales\/IEM, SQ-Rack es la soluci\u00f3n perfecta para proporciona un sonido de primera calidad, en todo momento.<\/p>\n<ul>\n<li>N\u00facleo XCVI 96kHz<\/li>\n<li>48 canales de entrada con procesado<\/li>\n<li>Salida principal LR est\u00e9reo<\/li>\n<li>12 Mezclas (Grupo\/Auxiliar, Est\u00e9reo\/Mono)<\/li>\n<li>3 matrices est\u00e9reo<\/li>\n<li>17x conectores XLR entrada Mic\/L\u00ednea<\/li>\n<li>4x conectores TRS entrada l\u00ednea<\/li>\n<li>1x conector 3.5mm entrada est\u00e9reo<\/li>\n<li>12x conectores XLR salida<\/li>\n<li>2x conectores TRS salida<\/li>\n<li>1x salida digital est\u00e9reo AES3<\/li>\n<li>Puerto inteligente SLink 128&#215;128 para ampliaci\u00f3n Everything I\/O y conexiones de sistema<\/li>\n<li>Puerto E\/S 64&#215;64 para tarjetas opcionales<\/li>\n<li>Salida auriculares est\u00e9reo<\/li>\n<li>8x motores FX con retornos espec\u00edficos<\/li>\n<li>Pantalla t\u00e1ctil capacitiva de 7\u201d, y controles rotativos asociados<\/li>\n<li>8x SoftKeys<\/li>\n<li>4x controles rotativos por software y teclas asociadas<\/li>\n<li>SQ-Drive para grabaci\u00f3n \/ reproducci\u00f3n de audio est\u00e9reo o multicanal (16&#215;16@96kHz, 32&#215;32@48kHz) y transferencia de datos<\/li>\n<li>Interface de audio USB-B para grabaci\u00f3n \/ reproducci\u00f3n multicanal (32&#215;32)<\/li>\n<li>Conexi\u00f3n de pedal conmutador simple o doble configurable<\/li>\n<li>Puede montarse en rack de 19\u201d (incluye orejas de rack multi posici\u00f3n)<\/li>\n<li>Conexi\u00f3n IEC para red el\u00e9ctrica con fuente de alimentaci\u00f3n apta para todo el mundo<\/li>\n<li>Conexi\u00f3n RJ45 para red<\/li>\n<li>Control remote desde aplicaciones gratuitas para Windows \/ MacOS \/ iOS \/ Android<\/li>\n<\/ul>\n<p>&nbsp;<\/p>\n<p>&nbsp;<\/p>\n","protected":false},"excerpt":{"rendered":"<h3>Mezclador digital de 48 canales \/ 36 buses para montaje en rack<\/h3>\n<ul class=\"summary\">\n<li>N\u00facleo 96kHz XCVI<\/li>\n<li>48 canales de entrada con procesado<\/li>\n<li>Salida principal LR est\u00e9reo<\/li>\n<li>12 Mezclas (Grupo\/Auxiliar, Est\u00e9reo\/Mono)<\/li>\n<li>3 matrices est\u00e9reo<\/li>\n<li>17x conectores XLR entrada Mic\/L\u00ednea<\/li>\n<li>12x conectores XLR salida<\/li>\n<li>Interface de audio USB para grabaci\u00f3n \/ reproducci\u00f3n multicanal (32 x 32)<\/li>\n<\/ul>\n<p>&nbsp;<\/p>\n","protected":false},"featured_media":40192,"template":"","meta":{"_acf_changed":false},"product_brand":[],"product_cat":[1493,1494,1490,1514],"product_tag":[],"class_list":{"0":"post-40191","1":"product","2":"type-product","3":"status-publish","4":"has-post-thumbnail","6":"product_cat-mesas-de-mezclas-allen-heath","7":"product_cat-mesas-de-mezclas-para-directo-mesas-de-mezclas-allen-heath","8":"product_cat-por-series-allen-heath","9":"product_cat-serie-sq","11":"first","12":"instock","13":"featured","14":"shipping-taxable","15":"product-type-simple"},"acf":[],"yoast_head":"<!-- This site is optimized with the Yoast SEO plugin v27.1.1 - https:\/\/yoast.com\/product\/yoast-seo-wordpress\/ -->\n<title>SQ-Rack - Audio-Technica Iberia<\/title>\n<meta name=\"robots\" content=\"index, follow, max-snippet:-1, max-image-preview:large, max-video-preview:-1\" \/>\n<link rel=\"canonical\" href=\"https:\/\/distribution.audio-technica.eu\/es-es\/productos\/sq-rack\/\" \/>\n<meta property=\"og:locale\" content=\"es_ES\" \/>\n<meta property=\"og:type\" content=\"article\" \/>\n<meta property=\"og:title\" content=\"SQ-Rack - Audio-Technica Iberia\" \/>\n<meta property=\"og:description\" content=\"Mezclador digital de 48 canales \/ 36 buses para montaje en rack   N\u00facleo 96kHz XCVI  48 canales de entrada con procesado  Salida principal LR est\u00e9reo  12 Mezclas (Grupo\/Auxiliar, Est\u00e9reo\/Mono)  3 matrices est\u00e9reo  17x conectores XLR entrada Mic\/L\u00ednea  12x conectores XLR salida  Interface de audio USB para grabaci\u00f3n \/ reproducci\u00f3n multicanal (32 x 32)  &nbsp;\" \/>\n<meta property=\"og:url\" content=\"https:\/\/distribution.audio-technica.eu\/es-es\/productos\/sq-rack\/\" \/>\n<meta property=\"og:site_name\" content=\"Audio-Technica Iberia\" \/>\n<meta property=\"article:modified_time\" content=\"2025-02-27T09:42:40+00:00\" \/>\n<meta property=\"og:image\" content=\"https:\/\/distribution.audio-technica.eu\/app\/uploads\/sites\/2\/AH-SQ-Rack.jpg\" \/>\n\t<meta property=\"og:image:width\" content=\"2000\" \/>\n\t<meta property=\"og:image:height\" content=\"2000\" \/>\n\t<meta property=\"og:image:type\" content=\"image\/jpeg\" \/>\n<meta name=\"twitter:card\" content=\"summary_large_image\" \/>\n<meta name=\"twitter:label1\" content=\"Tiempo de lectura\" \/>\n\t<meta name=\"twitter:data1\" content=\"3 minutos\" \/>\n<script type=\"application\/ld+json\" class=\"yoast-schema-graph\">{\"@context\":\"https:\/\/schema.org\",\"@graph\":[{\"@type\":\"WebPage\",\"@id\":\"https:\/\/distribution.audio-technica.eu\/es-es\/productos\/sq-rack\/\",\"url\":\"https:\/\/distribution.audio-technica.eu\/es-es\/productos\/sq-rack\/\",\"name\":\"SQ-Rack - Audio-Technica Iberia\",\"isPartOf\":{\"@id\":\"https:\/\/distribution.audio-technica.eu\/es-es\/#website\"},\"primaryImageOfPage\":{\"@id\":\"https:\/\/distribution.audio-technica.eu\/es-es\/productos\/sq-rack\/#primaryimage\"},\"image\":{\"@id\":\"https:\/\/distribution.audio-technica.eu\/es-es\/productos\/sq-rack\/#primaryimage\"},\"thumbnailUrl\":\"\/app\/uploads\/sites\/2\/AH-SQ-Rack.jpg\",\"datePublished\":\"2025-02-11T12:19:05+00:00\",\"dateModified\":\"2025-02-27T09:42:40+00:00\",\"breadcrumb\":{\"@id\":\"https:\/\/distribution.audio-technica.eu\/es-es\/productos\/sq-rack\/#breadcrumb\"},\"inLanguage\":\"es\",\"potentialAction\":[{\"@type\":\"ReadAction\",\"target\":[\"https:\/\/distribution.audio-technica.eu\/es-es\/productos\/sq-rack\/\"]}]},{\"@type\":\"ImageObject\",\"inLanguage\":\"es\",\"@id\":\"https:\/\/distribution.audio-technica.eu\/es-es\/productos\/sq-rack\/#primaryimage\",\"url\":\"\/app\/uploads\/sites\/2\/AH-SQ-Rack.jpg\",\"contentUrl\":\"\/app\/uploads\/sites\/2\/AH-SQ-Rack.jpg\",\"width\":2000,\"height\":2000},{\"@type\":\"BreadcrumbList\",\"@id\":\"https:\/\/distribution.audio-technica.eu\/es-es\/productos\/sq-rack\/#breadcrumb\",\"itemListElement\":[{\"@type\":\"ListItem\",\"position\":1,\"name\":\"Products\",\"item\":\"https:\/\/distribution.audio-technica.eu\/es-es\/\"},{\"@type\":\"ListItem\",\"position\":2,\"name\":\"Productos\",\"item\":\"https:\/\/distribution.audio-technica.eu\/es-es\/productos\/\"},{\"@type\":\"ListItem\",\"position\":3,\"name\":\"SQ-Rack\"}]},{\"@type\":\"WebSite\",\"@id\":\"https:\/\/distribution.audio-technica.eu\/es-es\/#website\",\"url\":\"https:\/\/distribution.audio-technica.eu\/es-es\/\",\"name\":\"Audio-Technica Iberia\",\"description\":\"Distribuci\u00f3n\",\"potentialAction\":[{\"@type\":\"SearchAction\",\"target\":{\"@type\":\"EntryPoint\",\"urlTemplate\":\"https:\/\/distribution.audio-technica.eu\/es-es\/?s={search_term_string}\"},\"query-input\":{\"@type\":\"PropertyValueSpecification\",\"valueRequired\":true,\"valueName\":\"search_term_string\"}}],\"inLanguage\":\"es\"}]}<\/script>\n<!-- \/ Yoast SEO plugin. -->","yoast_head_json":{"title":"SQ-Rack - Audio-Technica Iberia","robots":{"index":"index","follow":"follow","max-snippet":"max-snippet:-1","max-image-preview":"max-image-preview:large","max-video-preview":"max-video-preview:-1"},"canonical":"https:\/\/distribution.audio-technica.eu\/es-es\/productos\/sq-rack\/","og_locale":"es_ES","og_type":"article","og_title":"SQ-Rack - Audio-Technica Iberia","og_description":"Mezclador digital de 48 canales \/ 36 buses para montaje en rack   N\u00facleo 96kHz XCVI  48 canales de entrada con procesado  Salida principal LR est\u00e9reo  12 Mezclas (Grupo\/Auxiliar, Est\u00e9reo\/Mono)  3 matrices est\u00e9reo  17x conectores XLR entrada Mic\/L\u00ednea  12x conectores XLR salida  Interface de audio USB para grabaci\u00f3n \/ reproducci\u00f3n multicanal (32 x 32)  &nbsp;","og_url":"https:\/\/distribution.audio-technica.eu\/es-es\/productos\/sq-rack\/","og_site_name":"Audio-Technica Iberia","article_modified_time":"2025-02-27T09:42:40+00:00","og_image":[{"width":2000,"height":2000,"url":"https:\/\/distribution.audio-technica.eu\/app\/uploads\/sites\/2\/AH-SQ-Rack.jpg","type":"image\/jpeg"}],"twitter_card":"summary_large_image","twitter_misc":{"Tiempo de lectura":"3 minutos"},"schema":{"@context":"https:\/\/schema.org","@graph":[{"@type":"WebPage","@id":"https:\/\/distribution.audio-technica.eu\/es-es\/productos\/sq-rack\/","url":"https:\/\/distribution.audio-technica.eu\/es-es\/productos\/sq-rack\/","name":"SQ-Rack - Audio-Technica Iberia","isPartOf":{"@id":"https:\/\/distribution.audio-technica.eu\/es-es\/#website"},"primaryImageOfPage":{"@id":"https:\/\/distribution.audio-technica.eu\/es-es\/productos\/sq-rack\/#primaryimage"},"image":{"@id":"https:\/\/distribution.audio-technica.eu\/es-es\/productos\/sq-rack\/#primaryimage"},"thumbnailUrl":"\/app\/uploads\/sites\/2\/AH-SQ-Rack.jpg","datePublished":"2025-02-11T12:19:05+00:00","dateModified":"2025-02-27T09:42:40+00:00","breadcrumb":{"@id":"https:\/\/distribution.audio-technica.eu\/es-es\/productos\/sq-rack\/#breadcrumb"},"inLanguage":"es","potentialAction":[{"@type":"ReadAction","target":["https:\/\/distribution.audio-technica.eu\/es-es\/productos\/sq-rack\/"]}]},{"@type":"ImageObject","inLanguage":"es","@id":"https:\/\/distribution.audio-technica.eu\/es-es\/productos\/sq-rack\/#primaryimage","url":"\/app\/uploads\/sites\/2\/AH-SQ-Rack.jpg","contentUrl":"\/app\/uploads\/sites\/2\/AH-SQ-Rack.jpg","width":2000,"height":2000},{"@type":"BreadcrumbList","@id":"https:\/\/distribution.audio-technica.eu\/es-es\/productos\/sq-rack\/#breadcrumb","itemListElement":[{"@type":"ListItem","position":1,"name":"Products","item":"https:\/\/distribution.audio-technica.eu\/es-es\/"},{"@type":"ListItem","position":2,"name":"Productos","item":"https:\/\/distribution.audio-technica.eu\/es-es\/productos\/"},{"@type":"ListItem","position":3,"name":"SQ-Rack"}]},{"@type":"WebSite","@id":"https:\/\/distribution.audio-technica.eu\/es-es\/#website","url":"https:\/\/distribution.audio-technica.eu\/es-es\/","name":"Audio-Technica Iberia","description":"Distribuci\u00f3n","potentialAction":[{"@type":"SearchAction","target":{"@type":"EntryPoint","urlTemplate":"https:\/\/distribution.audio-technica.eu\/es-es\/?s={search_term_string}"},"query-input":{"@type":"PropertyValueSpecification","valueRequired":true,"valueName":"search_term_string"}}],"inLanguage":"es"}]}},"_links":{"self":[{"href":"https:\/\/distribution.audio-technica.eu\/es-es\/wp-json\/wp\/v2\/product\/40191","targetHints":{"allow":["GET"]}}],"collection":[{"href":"https:\/\/distribution.audio-technica.eu\/es-es\/wp-json\/wp\/v2\/product"}],"about":[{"href":"https:\/\/distribution.audio-technica.eu\/es-es\/wp-json\/wp\/v2\/types\/product"}],"wp:featuredmedia":[{"embeddable":true,"href":"https:\/\/distribution.audio-technica.eu\/es-es\/wp-json\/wp\/v2\/media\/40192"}],"wp:attachment":[{"href":"https:\/\/distribution.audio-technica.eu\/es-es\/wp-json\/wp\/v2\/media?parent=40191"}],"wp:term":[{"taxonomy":"product_brand","embeddable":true,"href":"https:\/\/distribution.audio-technica.eu\/es-es\/wp-json\/wp\/v2\/product_brand?post=40191"},{"taxonomy":"product_cat","embeddable":true,"href":"https:\/\/distribution.audio-technica.eu\/es-es\/wp-json\/wp\/v2\/product_cat?post=40191"},{"taxonomy":"product_tag","embeddable":true,"href":"https:\/\/distribution.audio-technica.eu\/es-es\/wp-json\/wp\/v2\/product_tag?post=40191"}],"curies":[{"name":"wp","href":"https:\/\/api.w.org\/{rel}","templated":true}]}}