{"id":40209,"date":"2025-02-12T16:00:30","date_gmt":"2025-02-12T15:00:30","guid":{"rendered":"https:\/\/distribution.audio-technica.eu\/es-es\/?post_type=product&#038;p=40209"},"modified":"2025-02-11T14:47:16","modified_gmt":"2025-02-11T13:47:16","slug":"tx408","status":"publish","type":"product","link":"https:\/\/distribution.audio-technica.eu\/es-es\/productos\/tx408\/","title":{"rendered":"TX408"},"content":{"rendered":"<h2>TX408<\/h2>\n<h3>Recinto autoamplificado 2 v\u00edas de 8\u201d, 350W, con Bluetooth<\/h3>\n<p>Si bien es la unidad m\u00e1s compacta de la serie TX, no subestime el TX408: este altavoz PA es capaz de proporcionar un sonido claro y potente que supera con creces su precio. La soluci\u00f3n perfecta para todo uso para cualquier banda en vivo o DJ que busque el monitoraje de sonido en el escenario, el tama\u00f1o compacto y la calidad de audio del TX408, lo convierten en la opci\u00f3n ideal. Para aquellos que necesitan un sonido pr\u00edstino y potente en estudios caseros, gimnasios o lugares de m\u00fasica \u00edntimos, el amplificador de 350 W del TX408 proporciona suficiente fuerza sonora para destacarse y, al mismo tiempo, conservar los matices y detalles n\u00edtidos incluso al m\u00e1ximo volumen.<\/p>\n<p>Gracias a la conectividad Bluetooth\u2122, la serie TX de Alto Professional garantiza que el usuario pueda poner en funcionamiento su sistema PA sin necesidad de cables. Esta caracter\u00edstica es perfecta para cualquier aplicaci\u00f3n que requiera dos fuentes de audio simult\u00e1neas, como un micr\u00f3fono y m\u00fasica de fondo que se reproduzcan al mismo tiempo: un maestro de ceremonias de una boda que anuncia el primer baile de los novios mientras suena m\u00fasica, un instructor de fitness que imparte una clase de spinning mientras suenan melod\u00edas en\u00e9rgicas de fondo, un m\u00fasico callejero que toca con una pista de acompa\u00f1amiento, etc. Adem\u00e1s, la potente conectividad est\u00e9reo inal\u00e1mbrica verdadera (TWS) Bluetooth\u2122 de la serie TX permite a los usuarios utilizar dos unidades simult\u00e1neamente sin tener que comprar ning\u00fan equipo ni cable adicional.<\/p>\n<p>Gracias a una rejilla completamente met\u00e1lica y a una carcasa resistente, se asegura totalmente que estos altavoces puedan soportar cualquier situaci\u00f3n inesperada que pueda surgir. Como si eso no fuera suficiente, toda esta robustez se complementa con una gran portabilidad. Estas unidades no solo est\u00e1n equipadas con asas ergon\u00f3micas, sino que tambi\u00e9n son convenientemente livianas, lo que hace que la instalaci\u00f3n y el transporte sean m\u00e1s f\u00e1ciles que nunca.<\/p>\n<p>El TX408 ofrece un excelente rendimiento y fiabilidad en casi cualquier situaci\u00f3n. Ya sea que se monte en un poste o se use como una cu\u00f1a de escenario, este potente altavoz PA est\u00e1 optimizado para proporcionar un sonido rico y n\u00edtido en cualquier configuraci\u00f3n. Adem\u00e1s, el panel posterior del TX408 est\u00e1 equipado con controles simples y f\u00e1ciles de usar que proporcionan a los usuarios control sobre el ecualizador sin necesidad de utilizar un exceso de controles.<\/p>\n<ul>\n<li>Amplificadores ultra eficientes clase D, de 350W (250W LF + 100HF)<\/li>\n<li>Transductor LF 8\u201d (203 mm), bobina de 1,4\u201d (35,5 mm)<\/li>\n<li>Transductor HF de compresi\u00f3n de 1\u201d (25,4 mm), con diafragma de titanio<\/li>\n<li>Bocinas de amplia dispersi\u00f3n de 90\u00b0 x 60\u00b0, para proporcionar una cobertura \u00f3ptima<\/li>\n<li>Mezclador de 2 canales incorporado para entradas de micr\u00f3fono, nivel de l\u00ednea y Bluetooth\u2122<\/li>\n<li>Transmisi\u00f3n por Bluetooth\u2122 desde sus aplicaciones de m\u00fasica favoritas<\/li>\n<li>Conexi\u00f3n de altavoz est\u00e9reo inal\u00e1mbrico Bluetooth\u2122 TWS<\/li>\n<li>Salida de mezcla para vincular varios altavoces<\/li>\n<li>Contour EQ para aplicaciones de reproducci\u00f3n de m\u00fasica<\/li>\n<li>Rejilla completamente met\u00e1lica<\/li>\n<li>Dise\u00f1o ligero y compacto con asa de transporte superior<\/li>\n<li>Configuraci\u00f3n como monitor de escenario o con m\u00e1stil para altavoz<\/li>\n<\/ul>\n<p>&nbsp;<\/p>\n<p><strong>Aplicaciones<\/strong><\/p>\n<ul>\n<li>Locales de m\u00fasica \u00edntimos<\/li>\n<li>Monitorizaci\u00f3n de sonido en el escenario para bandas en directo o DJs<\/li>\n<li>Estudios dom\u00e9sticos<\/li>\n<li>Gimnasios<\/li>\n<\/ul>\n<p>&nbsp;<\/p>\n","protected":false},"excerpt":{"rendered":"<h3>Recinto autoamplificado 2 v\u00edas de 8\u201d, 350W, con Bluetooth<\/h3>\n<ul>\n<li>Amplificadores ultra eficientes de clase D de 350 W pico (175 W continuos)<\/li>\n<li>Altavoz de graves de 8\u201d y motor de agudos de 1\u201d con diafragma de titanio<\/li>\n<li>Dispersi\u00f3n de 90\u00b0 x 60\u00b0<\/li>\n<li>Mezclador de 2 canales para micro, l\u00ednea y entradas Bluetooth<\/li>\n<li>Enlace de altavoces y streaming v\u00eda Bluetooth<\/li>\n<\/ul>\n<p>&nbsp;<\/p>\n","protected":false},"featured_media":40210,"template":"","meta":{"_acf_changed":false},"product_brand":[],"product_cat":[1336,1343,1325,2498],"product_tag":[],"class_list":{"0":"post-40209","1":"product","2":"type-product","3":"status-publish","4":"has-post-thumbnail","6":"product_cat-recintos-acusticos","7":"product_cat-autoamplificados","8":"product_cat-por-series-alto-professional","9":"product_cat-serie-tx4","11":"first","12":"instock","13":"shipping-taxable","14":"product-type-simple"},"acf":[],"yoast_head":"<!-- This site is optimized with the Yoast SEO plugin v27.1.1 - https:\/\/yoast.com\/product\/yoast-seo-wordpress\/ -->\n<title>TX408 - Audio-Technica Iberia<\/title>\n<meta name=\"robots\" content=\"index, follow, max-snippet:-1, max-image-preview:large, max-video-preview:-1\" \/>\n<link rel=\"canonical\" href=\"https:\/\/distribution.audio-technica.eu\/es-es\/productos\/tx408\/\" \/>\n<meta property=\"og:locale\" content=\"es_ES\" \/>\n<meta property=\"og:type\" content=\"article\" \/>\n<meta property=\"og:title\" content=\"TX408 - Audio-Technica Iberia\" \/>\n<meta property=\"og:description\" content=\"Recinto autoamplificado 2 v\u00edas de 8\u201d, 350W, con Bluetooth   Amplificadores ultra eficientes de clase D de 350 W pico (175 W continuos)  Altavoz de graves de 8\u201d y motor de agudos de 1\u201d con diafragma de titanio  Dispersi\u00f3n de 90\u00b0 x 60\u00b0  Mezclador de 2 canales para micro, l\u00ednea y entradas Bluetooth  Enlace de altavoces y streaming v\u00eda Bluetooth  &nbsp;\" \/>\n<meta property=\"og:url\" content=\"https:\/\/distribution.audio-technica.eu\/es-es\/productos\/tx408\/\" \/>\n<meta property=\"og:site_name\" content=\"Audio-Technica Iberia\" \/>\n<meta property=\"og:image\" content=\"https:\/\/distribution.audio-technica.eu\/app\/uploads\/sites\/2\/Alto-TX408.jpg\" \/>\n\t<meta property=\"og:image:width\" content=\"2000\" \/>\n\t<meta property=\"og:image:height\" content=\"2000\" \/>\n\t<meta property=\"og:image:type\" content=\"image\/jpeg\" \/>\n<meta name=\"twitter:card\" content=\"summary_large_image\" \/>\n<meta name=\"twitter:label1\" content=\"Tiempo de lectura\" \/>\n\t<meta name=\"twitter:data1\" content=\"3 minutos\" \/>\n<script type=\"application\/ld+json\" class=\"yoast-schema-graph\">{\"@context\":\"https:\/\/schema.org\",\"@graph\":[{\"@type\":\"WebPage\",\"@id\":\"https:\/\/distribution.audio-technica.eu\/es-es\/productos\/tx408\/\",\"url\":\"https:\/\/distribution.audio-technica.eu\/es-es\/productos\/tx408\/\",\"name\":\"TX408 - Audio-Technica Iberia\",\"isPartOf\":{\"@id\":\"https:\/\/distribution.audio-technica.eu\/es-es\/#website\"},\"primaryImageOfPage\":{\"@id\":\"https:\/\/distribution.audio-technica.eu\/es-es\/productos\/tx408\/#primaryimage\"},\"image\":{\"@id\":\"https:\/\/distribution.audio-technica.eu\/es-es\/productos\/tx408\/#primaryimage\"},\"thumbnailUrl\":\"\/app\/uploads\/sites\/2\/Alto-TX408.jpg\",\"datePublished\":\"2025-02-12T15:00:30+00:00\",\"breadcrumb\":{\"@id\":\"https:\/\/distribution.audio-technica.eu\/es-es\/productos\/tx408\/#breadcrumb\"},\"inLanguage\":\"es\",\"potentialAction\":[{\"@type\":\"ReadAction\",\"target\":[\"https:\/\/distribution.audio-technica.eu\/es-es\/productos\/tx408\/\"]}]},{\"@type\":\"ImageObject\",\"inLanguage\":\"es\",\"@id\":\"https:\/\/distribution.audio-technica.eu\/es-es\/productos\/tx408\/#primaryimage\",\"url\":\"\/app\/uploads\/sites\/2\/Alto-TX408.jpg\",\"contentUrl\":\"\/app\/uploads\/sites\/2\/Alto-TX408.jpg\",\"width\":2000,\"height\":2000},{\"@type\":\"BreadcrumbList\",\"@id\":\"https:\/\/distribution.audio-technica.eu\/es-es\/productos\/tx408\/#breadcrumb\",\"itemListElement\":[{\"@type\":\"ListItem\",\"position\":1,\"name\":\"Products\",\"item\":\"https:\/\/distribution.audio-technica.eu\/es-es\/\"},{\"@type\":\"ListItem\",\"position\":2,\"name\":\"Productos\",\"item\":\"https:\/\/distribution.audio-technica.eu\/es-es\/productos\/\"},{\"@type\":\"ListItem\",\"position\":3,\"name\":\"TX408\"}]},{\"@type\":\"WebSite\",\"@id\":\"https:\/\/distribution.audio-technica.eu\/es-es\/#website\",\"url\":\"https:\/\/distribution.audio-technica.eu\/es-es\/\",\"name\":\"Audio-Technica Iberia\",\"description\":\"Distribuci\u00f3n\",\"potentialAction\":[{\"@type\":\"SearchAction\",\"target\":{\"@type\":\"EntryPoint\",\"urlTemplate\":\"https:\/\/distribution.audio-technica.eu\/es-es\/?s={search_term_string}\"},\"query-input\":{\"@type\":\"PropertyValueSpecification\",\"valueRequired\":true,\"valueName\":\"search_term_string\"}}],\"inLanguage\":\"es\"}]}<\/script>\n<!-- \/ Yoast SEO plugin. -->","yoast_head_json":{"title":"TX408 - Audio-Technica Iberia","robots":{"index":"index","follow":"follow","max-snippet":"max-snippet:-1","max-image-preview":"max-image-preview:large","max-video-preview":"max-video-preview:-1"},"canonical":"https:\/\/distribution.audio-technica.eu\/es-es\/productos\/tx408\/","og_locale":"es_ES","og_type":"article","og_title":"TX408 - Audio-Technica Iberia","og_description":"Recinto autoamplificado 2 v\u00edas de 8\u201d, 350W, con Bluetooth   Amplificadores ultra eficientes de clase D de 350 W pico (175 W continuos)  Altavoz de graves de 8\u201d y motor de agudos de 1\u201d con diafragma de titanio  Dispersi\u00f3n de 90\u00b0 x 60\u00b0  Mezclador de 2 canales para micro, l\u00ednea y entradas Bluetooth  Enlace de altavoces y streaming v\u00eda Bluetooth  &nbsp;","og_url":"https:\/\/distribution.audio-technica.eu\/es-es\/productos\/tx408\/","og_site_name":"Audio-Technica Iberia","og_image":[{"width":2000,"height":2000,"url":"https:\/\/distribution.audio-technica.eu\/app\/uploads\/sites\/2\/Alto-TX408.jpg","type":"image\/jpeg"}],"twitter_card":"summary_large_image","twitter_misc":{"Tiempo de lectura":"3 minutos"},"schema":{"@context":"https:\/\/schema.org","@graph":[{"@type":"WebPage","@id":"https:\/\/distribution.audio-technica.eu\/es-es\/productos\/tx408\/","url":"https:\/\/distribution.audio-technica.eu\/es-es\/productos\/tx408\/","name":"TX408 - Audio-Technica Iberia","isPartOf":{"@id":"https:\/\/distribution.audio-technica.eu\/es-es\/#website"},"primaryImageOfPage":{"@id":"https:\/\/distribution.audio-technica.eu\/es-es\/productos\/tx408\/#primaryimage"},"image":{"@id":"https:\/\/distribution.audio-technica.eu\/es-es\/productos\/tx408\/#primaryimage"},"thumbnailUrl":"\/app\/uploads\/sites\/2\/Alto-TX408.jpg","datePublished":"2025-02-12T15:00:30+00:00","breadcrumb":{"@id":"https:\/\/distribution.audio-technica.eu\/es-es\/productos\/tx408\/#breadcrumb"},"inLanguage":"es","potentialAction":[{"@type":"ReadAction","target":["https:\/\/distribution.audio-technica.eu\/es-es\/productos\/tx408\/"]}]},{"@type":"ImageObject","inLanguage":"es","@id":"https:\/\/distribution.audio-technica.eu\/es-es\/productos\/tx408\/#primaryimage","url":"\/app\/uploads\/sites\/2\/Alto-TX408.jpg","contentUrl":"\/app\/uploads\/sites\/2\/Alto-TX408.jpg","width":2000,"height":2000},{"@type":"BreadcrumbList","@id":"https:\/\/distribution.audio-technica.eu\/es-es\/productos\/tx408\/#breadcrumb","itemListElement":[{"@type":"ListItem","position":1,"name":"Products","item":"https:\/\/distribution.audio-technica.eu\/es-es\/"},{"@type":"ListItem","position":2,"name":"Productos","item":"https:\/\/distribution.audio-technica.eu\/es-es\/productos\/"},{"@type":"ListItem","position":3,"name":"TX408"}]},{"@type":"WebSite","@id":"https:\/\/distribution.audio-technica.eu\/es-es\/#website","url":"https:\/\/distribution.audio-technica.eu\/es-es\/","name":"Audio-Technica Iberia","description":"Distribuci\u00f3n","potentialAction":[{"@type":"SearchAction","target":{"@type":"EntryPoint","urlTemplate":"https:\/\/distribution.audio-technica.eu\/es-es\/?s={search_term_string}"},"query-input":{"@type":"PropertyValueSpecification","valueRequired":true,"valueName":"search_term_string"}}],"inLanguage":"es"}]}},"_links":{"self":[{"href":"https:\/\/distribution.audio-technica.eu\/es-es\/wp-json\/wp\/v2\/product\/40209","targetHints":{"allow":["GET"]}}],"collection":[{"href":"https:\/\/distribution.audio-technica.eu\/es-es\/wp-json\/wp\/v2\/product"}],"about":[{"href":"https:\/\/distribution.audio-technica.eu\/es-es\/wp-json\/wp\/v2\/types\/product"}],"wp:featuredmedia":[{"embeddable":true,"href":"https:\/\/distribution.audio-technica.eu\/es-es\/wp-json\/wp\/v2\/media\/40210"}],"wp:attachment":[{"href":"https:\/\/distribution.audio-technica.eu\/es-es\/wp-json\/wp\/v2\/media?parent=40209"}],"wp:term":[{"taxonomy":"product_brand","embeddable":true,"href":"https:\/\/distribution.audio-technica.eu\/es-es\/wp-json\/wp\/v2\/product_brand?post=40209"},{"taxonomy":"product_cat","embeddable":true,"href":"https:\/\/distribution.audio-technica.eu\/es-es\/wp-json\/wp\/v2\/product_cat?post=40209"},{"taxonomy":"product_tag","embeddable":true,"href":"https:\/\/distribution.audio-technica.eu\/es-es\/wp-json\/wp\/v2\/product_tag?post=40209"}],"curies":[{"name":"wp","href":"https:\/\/api.w.org\/{rel}","templated":true}]}}