{"id":40241,"date":"2025-02-12T16:00:54","date_gmt":"2025-02-12T15:00:54","guid":{"rendered":"https:\/\/distribution.audio-technica.eu\/es-es\/?post_type=product&#038;p=40241"},"modified":"2025-02-27T10:42:30","modified_gmt":"2025-02-27T09:42:30","slug":"tx415","status":"publish","type":"product","link":"https:\/\/distribution.audio-technica.eu\/es-es\/productos\/tx415\/","title":{"rendered":"TX415"},"content":{"rendered":"<h2>TX415<\/h2>\n<h3>Recinto autoamplificado 2 v\u00edas de 15\u201d, 700W, con Bluetooth<\/h3>\n<p>El TX415 es la unidad m\u00e1s potente de la serie TX y hay muy poco que este altavoz no pueda hacer. Naturalmente, facilita la proyecci\u00f3n de un sonido atractivo y pr\u00edstino en grandes recintos de todo tipo, as\u00ed como en espacios para eventos al aire libre y festivales. Sin embargo, este altavoz se centra tanto en la precisi\u00f3n y el detalle como en la pura fuerza del sonido.<\/p>\n<p>El TX415 ha sido ajustado y dise\u00f1ado en los Estados Unidos y est\u00e1 optimizado para ofrecer una respuesta en frecuencia excelente. Destinado a m\u00fasicos, DJ y artistas de todo tipo, garantiza que el sonido se reproducir\u00e1 con una claridad pr\u00edstina, ya sea a todo volumen o a vol\u00famenes m\u00e1s discretos. Este excelente altavoz es f\u00e1cil de configurar y sencillo de utilizar, y requiere poco o ning\u00fan conocimiento previo de equipos de sonido para ponerlo en funcionamiento.<\/p>\n<p>Gracias a la conectividad Bluetooth\u2122, la serie TX de Alto Professional garantiza que los usuarios puedan poner en funcionamiento su sistema PA sin necesidad de cables. Esta caracter\u00edstica es perfecta para cualquier aplicaci\u00f3n que requiera dos fuentes de audio simult\u00e1neas, como un micr\u00f3fono y m\u00fasica de fondo que se reproduzcan al mismo tiempo: un maestro de ceremonias de una boda que anuncia el primer baile de los novios mientras suena m\u00fasica, un instructor de fitness que imparte una clase de spinning mientras suenan melod\u00edas en\u00e9rgicas de fondo, un m\u00fasico callejero que toca un tema largo con una pista de acompa\u00f1amiento, etc. Adem\u00e1s, la potente conectividad est\u00e9reo inal\u00e1mbrica verdadera (TWS) Bluetooth\u2122 de la serie TX permite a los usuarios utilizar dos unidades simult\u00e1neamente sin tener que comprar ning\u00fan equipo ni cable adicional.<\/p>\n<p>Gracias a una rejilla completamente met\u00e1lica y una carcasa resistente, estos altavoces y subgraves pueden soportar cualquier situaci\u00f3n inesperada que pueda surgir. Adem\u00e1s, ofrecen, como ventaja adicional, una muy larga durabilidad y una gran facilidad de transporte. Estas unidades no solo est\u00e1n equipadas con asas ergon\u00f3micas, sino que tambi\u00e9n son muy ligeras, lo que hace que la instalaci\u00f3n y el transporte sean m\u00e1s f\u00e1ciles que nunca.<\/p>\n<p>El TX415 ofrece un gran rendimiento y una alta fiabilidad en cualquier situaci\u00f3n. Ya sea montado en un poste o usado como una monitor tipo cu\u00f1a para escenario, este potente altavoz PA est\u00e1 optimizado para proporcionar un sonido rico y n\u00edtido en cualquier configuraci\u00f3n. Adem\u00e1s, el panel posterior del TX415 est\u00e1 equipado con controles simples y f\u00e1ciles de usar que proporcionan a los usuarios control sobre el ecualizador sin necesidad de utilizar un exceso de controles.<\/p>\n<ul>\n<li>Amplificadores ultra eficientes clase D, de 700W (500WLF + 200HF)<\/li>\n<li>Transductor LF 15\u201d (381,8 mm), bobina de 2\u201d (51 mm)<\/li>\n<li>Transductor HF de compresi\u00f3n de 1\u201d (25,4 mm), con diafragma de titanio<\/li>\n<li>Bocinas de amplia dispersi\u00f3n de 90\u00b0 x 60\u00b0, para proporcionar una cobertura \u00f3ptima<\/li>\n<li>Mezclador de 2 canales incorporado para entradas de micr\u00f3fono, nivel de l\u00ednea y Bluetooth\u2122<\/li>\n<li>Transmisi\u00f3n por Bluetooth\u2122 desde sus aplicaciones de m\u00fasica favoritas<\/li>\n<li>Conexi\u00f3n de altavoz est\u00e9reo inal\u00e1mbrico Bluetooth\u2122 TWS<\/li>\n<li>Salida de mezcla para vincular varios altavoces<\/li>\n<li>Contour EQ para aplicaciones de reproducci\u00f3n de m\u00fasica<\/li>\n<li>Rejilla completamente met\u00e1lica<\/li>\n<li>Dise\u00f1o ligero y compacto<\/li>\n<li>Configuraci\u00f3n como monitor tipo cu\u00f1a para escenario o con m\u00e1stil para altavoz<\/li>\n<\/ul>\n<p>&nbsp;<\/p>\n<p><strong>Aplicaciones<\/strong><\/p>\n<ul>\n<li>Salas de actuaciones de tama\u00f1o medio a grande<\/li>\n<li>Salas de ensayo<\/li>\n<li>Monitorizaci\u00f3n de sonido en el escenario para bandas en directo o DJs<\/li>\n<li>Actuaciones al aire libre<\/li>\n<li>Bares o clubs nocturnos<\/li>\n<li>Templos<\/li>\n<li>Gimnasios<\/li>\n<\/ul>\n","protected":false},"excerpt":{"rendered":"<h3>Recinto autoamplificado 2 v\u00edas de 15\u201d, 700W, con Bluetooth<\/h3>\n<ul>\n<li>Amplificadores ultra eficientes clase D, de 700 W pico (350 W continuos)<\/li>\n<li>Altavoz de graves de 15\u201d y motor de agudos de 1\u201d con diafragma de titanio<\/li>\n<li>Dispersi\u00f3n 90\u00b0 x 60\u00b0<\/li>\n<li>Mezclador de 2 canales para micro, l\u00ednea y entradas Bluetooth<\/li>\n<li>Enlace de altavoces y streaming v\u00eda Bluetooth<\/li>\n<\/ul>\n<p>&nbsp;<\/p>\n","protected":false},"featured_media":40242,"template":"","meta":{"_acf_changed":false},"product_brand":[],"product_cat":[1336,1343,1325,2498],"product_tag":[],"class_list":{"0":"post-40241","1":"product","2":"type-product","3":"status-publish","4":"has-post-thumbnail","6":"product_cat-recintos-acusticos","7":"product_cat-autoamplificados","8":"product_cat-por-series-alto-professional","9":"product_cat-serie-tx4","11":"first","12":"instock","13":"featured","14":"shipping-taxable","15":"product-type-simple"},"acf":[],"yoast_head":"<!-- This site is optimized with the Yoast SEO plugin v27.1.1 - https:\/\/yoast.com\/product\/yoast-seo-wordpress\/ -->\n<title>TX415 - Audio-Technica Iberia<\/title>\n<meta name=\"robots\" content=\"index, follow, max-snippet:-1, max-image-preview:large, max-video-preview:-1\" \/>\n<link rel=\"canonical\" href=\"https:\/\/distribution.audio-technica.eu\/es-es\/productos\/tx415\/\" \/>\n<meta property=\"og:locale\" content=\"es_ES\" \/>\n<meta property=\"og:type\" content=\"article\" \/>\n<meta property=\"og:title\" content=\"TX415 - Audio-Technica Iberia\" \/>\n<meta property=\"og:description\" content=\"Recinto autoamplificado 2 v\u00edas de 15\u201d, 700W, con Bluetooth   Amplificadores ultra eficientes clase D, de 700 W pico (350 W continuos)  Altavoz de graves de 15\u201d y motor de agudos de 1\u201d con diafragma de titanio  Dispersi\u00f3n 90\u00b0 x 60\u00b0  Mezclador de 2 canales para micro, l\u00ednea y entradas Bluetooth  Enlace de altavoces y streaming v\u00eda Bluetooth  &nbsp;\" \/>\n<meta property=\"og:url\" content=\"https:\/\/distribution.audio-technica.eu\/es-es\/productos\/tx415\/\" \/>\n<meta property=\"og:site_name\" content=\"Audio-Technica Iberia\" \/>\n<meta property=\"article:modified_time\" content=\"2025-02-27T09:42:30+00:00\" \/>\n<meta property=\"og:image\" content=\"https:\/\/distribution.audio-technica.eu\/app\/uploads\/sites\/2\/Alto-TX415.jpg\" \/>\n\t<meta property=\"og:image:width\" content=\"2000\" \/>\n\t<meta property=\"og:image:height\" content=\"2000\" \/>\n\t<meta property=\"og:image:type\" content=\"image\/jpeg\" \/>\n<meta name=\"twitter:card\" content=\"summary_large_image\" \/>\n<meta name=\"twitter:label1\" content=\"Tiempo de lectura\" \/>\n\t<meta name=\"twitter:data1\" content=\"3 minutos\" \/>\n<script type=\"application\/ld+json\" class=\"yoast-schema-graph\">{\"@context\":\"https:\/\/schema.org\",\"@graph\":[{\"@type\":\"WebPage\",\"@id\":\"https:\/\/distribution.audio-technica.eu\/es-es\/productos\/tx415\/\",\"url\":\"https:\/\/distribution.audio-technica.eu\/es-es\/productos\/tx415\/\",\"name\":\"TX415 - Audio-Technica Iberia\",\"isPartOf\":{\"@id\":\"https:\/\/distribution.audio-technica.eu\/es-es\/#website\"},\"primaryImageOfPage\":{\"@id\":\"https:\/\/distribution.audio-technica.eu\/es-es\/productos\/tx415\/#primaryimage\"},\"image\":{\"@id\":\"https:\/\/distribution.audio-technica.eu\/es-es\/productos\/tx415\/#primaryimage\"},\"thumbnailUrl\":\"\/app\/uploads\/sites\/2\/Alto-TX415.jpg\",\"datePublished\":\"2025-02-12T15:00:54+00:00\",\"dateModified\":\"2025-02-27T09:42:30+00:00\",\"breadcrumb\":{\"@id\":\"https:\/\/distribution.audio-technica.eu\/es-es\/productos\/tx415\/#breadcrumb\"},\"inLanguage\":\"es\",\"potentialAction\":[{\"@type\":\"ReadAction\",\"target\":[\"https:\/\/distribution.audio-technica.eu\/es-es\/productos\/tx415\/\"]}]},{\"@type\":\"ImageObject\",\"inLanguage\":\"es\",\"@id\":\"https:\/\/distribution.audio-technica.eu\/es-es\/productos\/tx415\/#primaryimage\",\"url\":\"\/app\/uploads\/sites\/2\/Alto-TX415.jpg\",\"contentUrl\":\"\/app\/uploads\/sites\/2\/Alto-TX415.jpg\",\"width\":2000,\"height\":2000},{\"@type\":\"BreadcrumbList\",\"@id\":\"https:\/\/distribution.audio-technica.eu\/es-es\/productos\/tx415\/#breadcrumb\",\"itemListElement\":[{\"@type\":\"ListItem\",\"position\":1,\"name\":\"Products\",\"item\":\"https:\/\/distribution.audio-technica.eu\/es-es\/\"},{\"@type\":\"ListItem\",\"position\":2,\"name\":\"Productos\",\"item\":\"https:\/\/distribution.audio-technica.eu\/es-es\/productos\/\"},{\"@type\":\"ListItem\",\"position\":3,\"name\":\"TX415\"}]},{\"@type\":\"WebSite\",\"@id\":\"https:\/\/distribution.audio-technica.eu\/es-es\/#website\",\"url\":\"https:\/\/distribution.audio-technica.eu\/es-es\/\",\"name\":\"Audio-Technica Iberia\",\"description\":\"Distribuci\u00f3n\",\"potentialAction\":[{\"@type\":\"SearchAction\",\"target\":{\"@type\":\"EntryPoint\",\"urlTemplate\":\"https:\/\/distribution.audio-technica.eu\/es-es\/?s={search_term_string}\"},\"query-input\":{\"@type\":\"PropertyValueSpecification\",\"valueRequired\":true,\"valueName\":\"search_term_string\"}}],\"inLanguage\":\"es\"}]}<\/script>\n<!-- \/ Yoast SEO plugin. -->","yoast_head_json":{"title":"TX415 - Audio-Technica Iberia","robots":{"index":"index","follow":"follow","max-snippet":"max-snippet:-1","max-image-preview":"max-image-preview:large","max-video-preview":"max-video-preview:-1"},"canonical":"https:\/\/distribution.audio-technica.eu\/es-es\/productos\/tx415\/","og_locale":"es_ES","og_type":"article","og_title":"TX415 - Audio-Technica Iberia","og_description":"Recinto autoamplificado 2 v\u00edas de 15\u201d, 700W, con Bluetooth   Amplificadores ultra eficientes clase D, de 700 W pico (350 W continuos)  Altavoz de graves de 15\u201d y motor de agudos de 1\u201d con diafragma de titanio  Dispersi\u00f3n 90\u00b0 x 60\u00b0  Mezclador de 2 canales para micro, l\u00ednea y entradas Bluetooth  Enlace de altavoces y streaming v\u00eda Bluetooth  &nbsp;","og_url":"https:\/\/distribution.audio-technica.eu\/es-es\/productos\/tx415\/","og_site_name":"Audio-Technica Iberia","article_modified_time":"2025-02-27T09:42:30+00:00","og_image":[{"width":2000,"height":2000,"url":"https:\/\/distribution.audio-technica.eu\/app\/uploads\/sites\/2\/Alto-TX415.jpg","type":"image\/jpeg"}],"twitter_card":"summary_large_image","twitter_misc":{"Tiempo de lectura":"3 minutos"},"schema":{"@context":"https:\/\/schema.org","@graph":[{"@type":"WebPage","@id":"https:\/\/distribution.audio-technica.eu\/es-es\/productos\/tx415\/","url":"https:\/\/distribution.audio-technica.eu\/es-es\/productos\/tx415\/","name":"TX415 - Audio-Technica Iberia","isPartOf":{"@id":"https:\/\/distribution.audio-technica.eu\/es-es\/#website"},"primaryImageOfPage":{"@id":"https:\/\/distribution.audio-technica.eu\/es-es\/productos\/tx415\/#primaryimage"},"image":{"@id":"https:\/\/distribution.audio-technica.eu\/es-es\/productos\/tx415\/#primaryimage"},"thumbnailUrl":"\/app\/uploads\/sites\/2\/Alto-TX415.jpg","datePublished":"2025-02-12T15:00:54+00:00","dateModified":"2025-02-27T09:42:30+00:00","breadcrumb":{"@id":"https:\/\/distribution.audio-technica.eu\/es-es\/productos\/tx415\/#breadcrumb"},"inLanguage":"es","potentialAction":[{"@type":"ReadAction","target":["https:\/\/distribution.audio-technica.eu\/es-es\/productos\/tx415\/"]}]},{"@type":"ImageObject","inLanguage":"es","@id":"https:\/\/distribution.audio-technica.eu\/es-es\/productos\/tx415\/#primaryimage","url":"\/app\/uploads\/sites\/2\/Alto-TX415.jpg","contentUrl":"\/app\/uploads\/sites\/2\/Alto-TX415.jpg","width":2000,"height":2000},{"@type":"BreadcrumbList","@id":"https:\/\/distribution.audio-technica.eu\/es-es\/productos\/tx415\/#breadcrumb","itemListElement":[{"@type":"ListItem","position":1,"name":"Products","item":"https:\/\/distribution.audio-technica.eu\/es-es\/"},{"@type":"ListItem","position":2,"name":"Productos","item":"https:\/\/distribution.audio-technica.eu\/es-es\/productos\/"},{"@type":"ListItem","position":3,"name":"TX415"}]},{"@type":"WebSite","@id":"https:\/\/distribution.audio-technica.eu\/es-es\/#website","url":"https:\/\/distribution.audio-technica.eu\/es-es\/","name":"Audio-Technica Iberia","description":"Distribuci\u00f3n","potentialAction":[{"@type":"SearchAction","target":{"@type":"EntryPoint","urlTemplate":"https:\/\/distribution.audio-technica.eu\/es-es\/?s={search_term_string}"},"query-input":{"@type":"PropertyValueSpecification","valueRequired":true,"valueName":"search_term_string"}}],"inLanguage":"es"}]}},"_links":{"self":[{"href":"https:\/\/distribution.audio-technica.eu\/es-es\/wp-json\/wp\/v2\/product\/40241","targetHints":{"allow":["GET"]}}],"collection":[{"href":"https:\/\/distribution.audio-technica.eu\/es-es\/wp-json\/wp\/v2\/product"}],"about":[{"href":"https:\/\/distribution.audio-technica.eu\/es-es\/wp-json\/wp\/v2\/types\/product"}],"wp:featuredmedia":[{"embeddable":true,"href":"https:\/\/distribution.audio-technica.eu\/es-es\/wp-json\/wp\/v2\/media\/40242"}],"wp:attachment":[{"href":"https:\/\/distribution.audio-technica.eu\/es-es\/wp-json\/wp\/v2\/media?parent=40241"}],"wp:term":[{"taxonomy":"product_brand","embeddable":true,"href":"https:\/\/distribution.audio-technica.eu\/es-es\/wp-json\/wp\/v2\/product_brand?post=40241"},{"taxonomy":"product_cat","embeddable":true,"href":"https:\/\/distribution.audio-technica.eu\/es-es\/wp-json\/wp\/v2\/product_cat?post=40241"},{"taxonomy":"product_tag","embeddable":true,"href":"https:\/\/distribution.audio-technica.eu\/es-es\/wp-json\/wp\/v2\/product_tag?post=40241"}],"curies":[{"name":"wp","href":"https:\/\/api.w.org\/{rel}","templated":true}]}}